{"id":11241,"date":"2025-07-02T11:33:43","date_gmt":"2025-07-02T15:33:43","guid":{"rendered":"https:\/\/proyectum.com\/cl\/?page_id=11241"},"modified":"2025-07-02T12:35:22","modified_gmt":"2025-07-02T16:35:22","slug":"calendario-de-cursos","status":"publish","type":"page","link":"https:\/\/proyectum.com\/cl\/calendario-de-cursos\/","title":{"rendered":"Calendario de Cursos"},"content":{"rendered":"\t\t<div data-elementor-type=\"wp-page\" data-elementor-id=\"11241\" class=\"elementor elementor-11241\" data-elementor-post-type=\"page\">\n\t\t\t\t<div class=\"elementor-element elementor-element-9abc047 e-flex e-con-boxed e-con e-parent\" data-id=\"9abc047\" data-element_type=\"container\" data-e-type=\"container\" data-settings=\"{&quot;background_background&quot;:&quot;gradient&quot;}\">\n\t\t\t\t\t<div class=\"e-con-inner\">\n\t\t<div class=\"elementor-element elementor-element-c52657c e-con-full e-flex e-con e-child\" data-id=\"c52657c\" data-element_type=\"container\" data-e-type=\"container\">\n\t\t\t\t<div class=\"elementor-element elementor-element-8fdef4e elementor-widget elementor-widget-heading\" data-id=\"8fdef4e\" data-element_type=\"widget\" data-e-type=\"widget\" data-widget_type=\"heading.default\">\n\t\t\t\t<div class=\"elementor-widget-container\">\n\t\t\t\t\t<h2 class=\"elementor-heading-title elementor-size-default\">Calendario <span style=\"color: #FAAC47;font-weight: 700\">cursos<\/span> Proyectum<\/h2>\t\t\t\t<\/div>\n\t\t\t\t<\/div>\n\t\t\t\t<div class=\"elementor-element elementor-element-e21df36 elementor-hidden-tablet elementor-hidden-mobile elementor-widget elementor-widget-text-editor\" data-id=\"e21df36\" data-element_type=\"widget\" data-e-type=\"widget\" data-widget_type=\"text-editor.default\">\n\t\t\t\t<div class=\"elementor-widget-container\">\n\t\t\t\t\t\t\t\t\t<p>Impulsa la Innovaci\u00f3n y el Crecimiento de tu Empresa con Soluciones de Capacitaci\u00f3n a la Medida<\/p>\t\t\t\t\t\t\t\t<\/div>\n\t\t\t\t<\/div>\n\t\t\t\t<\/div>\n\t\t\t\t\t<\/div>\n\t\t\t\t<\/div>\n\t\t<div class=\"elementor-element elementor-element-dfecfc5 e-flex e-con-boxed e-con e-parent\" data-id=\"dfecfc5\" data-element_type=\"container\" data-e-type=\"container\">\n\t\t\t\t\t<div class=\"e-con-inner\">\n\t\t\t\t<div class=\"elementor-element elementor-element-4d17ea2 elementor-widget elementor-widget-shortcode\" data-id=\"4d17ea2\" data-element_type=\"widget\" data-e-type=\"widget\" data-widget_type=\"shortcode.default\">\n\t\t\t\t<div class=\"elementor-widget-container\">\n\t\t\t\t\t\t\t<div class=\"elementor-shortcode\">   <style>\n            .cursos-lista {\n                list-style-type: none;\n                padding: 0;\n                margin: 0;\n                display: grid;\n                grid-template-columns: 1fr;\n                gap: 20px;\n            }\n            \n            @media (min-width: 768px) {\n                .cursos-lista {\n                    grid-template-columns: 1fr 1fr;\n                }\n            }\n            \n            .curso {\n                padding: 20px;\n                border: 1px solid #ddd;\n                background-color: #f9f9f9;\n                border-radius: 20px;\n            }\n            \n            .curso-titulo {\n                color: #1a4572;\n                margin-top: 0;\n                font-size: 20px;\n            }\n        <\/style><ul class=\"cursos-lista\"><li class=\"curso\"><h3 class=\"curso-titulo\">TALLER DE PREPARACI\u00d3N PARA LA CERTIFICACI\u00d3N PMP\u00ae<\/h3><div class=\"curso-descripcion\"><p><\/p>\n<p>Conoce las pr\u00f3ximas fechas del <strong>Taller de Preparaci\u00f3n para la Certificaci\u00f3n PMP\u00ae\u00a0 Versi\u00f3n ECO 2026<\/strong><\/p>\n<p>Este es el momento de certificarte como PMP\u00ae con un programa dise\u00f1ado para profesionales que buscan resultados r\u00e1pidos y efectivos.<\/p>\n<p><strong>Formato online. Horario GMT-6. Consulta el <a href=\"https:\/\/www.timeanddate.com\/worldclock\/personal.html?cities=51,124,45,232,41,225,99,230,190,228,980,94,245,155,143,192,21,131,226,25,163,58&amp;wch=2\" target=\"_blank\" rel=\"noopener noreferrer\">horario de tu pa\u00eds aqu\u00ed<\/a>.<\/strong><\/p>\n<p><strong>G-PMP#1037<\/strong>. Nueva Versi\u00f3n 2026\u00a0 Martes 21 de abril 2026. Todos los Martes de 5:00 a 8:00 P.M. 1 vez por semana.<\/p>\n<p>&nbsp;<\/p><\/div><\/li><li class=\"curso\"><h3 class=\"curso-titulo\">TALLER DE PREPARACI\u00d3N PARA LA CERTIFICACI\u00d3N -CAPM\u00ae<\/h3><div class=\"curso-descripcion\"><p><br \/>\nConoce las pr\u00f3ximas fechas del <strong>TALLER DE PREPARACI\u00d3N PARA LA CERTIFICACI\u00d3N -CAPM\u00ae<\/strong><\/p>\n<p style=\"text-align: justify;\">Esta certificaci\u00f3n est\u00e1 espec\u00edficamente dise\u00f1ada para estudiantes y graduados de todas las carreras, que desean aprender y certificarse en los conceptos de Administraci\u00f3n de Proyectos del PMI\u00ae, pero que no tienen o poseen muy poca experiencia en proyectos.<\/p>\n<ul>\n<li><strong>Duraci\u00f3n:<\/strong> 40 horas de capacitaci\u00f3n: 10 sesiones + 1 sesi\u00f3n de simulaci\u00f3n total final de examen real con 25 preguntas oficiales del PMI + 1 sesi\u00f3n de revisi\u00f3n de la simulaci\u00f3n<\/li>\n<\/ul>\n<p>Pr\u00f3ximo Curso: Jueves 9 de abril de 2026 de 5:30 a 8:30 pm UTC-6<\/p><\/div><\/li><li class=\"curso\"><h3 class=\"curso-titulo\">Certif\u00edcate - PM4R Professional<\/h3><div class=\"curso-descripcion\"><p><\/p>\n<p>Conoce las pr\u00f3ximas fechas del <b>Taller de preparaci\u00f3n para la certificaci\u00f3n PM4R P<\/b><\/p>\n<p><strong>Este programa es en formato online. Horario GMT-6. Consulta el <a href=\"https:\/\/www.timeanddate.com\/worldclock\/personal.html?cities=51,124,45,232,41,225,99,230,190,228,980,94,245,155,143,192,21,131,226,25,163,58&amp;wch=2\" target=\"_blank\" rel=\"noopener noreferrer\">horario de tu pa\u00eds aqu\u00ed<\/a>.<\/strong><\/p>\n<p>El curso de Certificaci\u00f3n PM4R Professional ha sido dise\u00f1ado y organizado por el Banco Interamericano de Desarrollo (BID) como parte de la iniciativa de Direcci\u00f3n de Proyectos para Resultados (PM4R)<\/p>\n<p>Est\u00e1 orientado a mejorar las competencias en gesti\u00f3n de proyectos de los profesionales en cualquier organizaci\u00f3n. Desarrollado con base en t\u00e9cnicas y herramientas de est\u00e1ndares internacionales como PRINCE2 y\u00a0 PMI\u00ae<\/p>\n<p>El curso tiene una duraci\u00f3n total de\u00a0 8 semanas virtuales, de las cuales\u00a0 7 semanas son integrados por 5 m\u00f3dulos de aprendizaje y la semana 8 consiste en la presentaci\u00f3n final del proyecto de cada equipo de trabajo.<\/p>\n<div class=\"gmail_default\"><strong>Pr\u00f3ximas fechas de inicio:\u00a0<\/strong><\/div><\/li><li class=\"curso\"><h3 class=\"curso-titulo\">CURSO DE PREPARACI\u00d3N PARA OBTENER LA CERTIFICACI\u00d3N PMI-RMP\u00ae<\/h3><div class=\"curso-descripcion\"><p>Aprueba el examen y consigue la certificaci\u00f3n Risk Management Professional (PMI-RMP)\u00ae.<\/p>\n<p><strong>Este curso es en formato online y consta de 40 horas de capacitaci\u00f3n en 15 sesiones. Horario GMT-6. Consulta el <a href=\"https:\/\/www.timeanddate.com\/worldclock\/personal.html?cities=51,124,45,232,41,225,99,230,190,228,980,94,245,155,143,192,21,131,226,25,163,58&amp;wch=2\" target=\"_blank\" rel=\"noopener noreferrer\">horario de tu pa\u00eds aqu\u00ed<\/a>.<\/strong><\/p>\n<p><strong>Fecha de inicio: 9 de abril de 2026. Los d\u00edas jueves de 5:00 a 8:00 pm<\/strong><\/p><\/div><\/li><li class=\"curso\"><h3 class=\"curso-titulo\">DIRECCI\u00d3N DE PROYECTOS CON ENFOQUE H\u00cdBRIDO<\/h3><div class=\"curso-descripcion\"><p>En un mundo impulsado por el <strong>cambio<\/strong>, las empresas no pueden aplicar un solo enfoque a todos sus proyectos. Las organizaciones se est\u00e1n dando cuenta y de forma constante <strong>est\u00e1n buscando Directores de Proyectos capaces de dominar enfoques h\u00edbridos<\/strong>.<\/p>\n<p><strong>Este curso es en formato online y consta de 24 horas en 8 sesiones. Horario GMT-6. Consulta el <a href=\"https:\/\/www.timeanddate.com\/worldclock\/personal.html?cities=51,124,45,232,41,225,99,230,190,228,980,94,245,155,143,192,21,131,226,25,163,58&amp;wch=2\" target=\"_blank\" rel=\"noopener noreferrer\">horario de tu pa\u00eds aqu\u00ed<\/a>.<\/strong><\/p>\n<p><strong>Fecha de inicio:<\/strong> <strong>Martes 5 de mayo. Todos los Martes\u00a0 y mi\u00e9rcoles. Dos sesiones por semana de 17:00 a 20:00 hrs.\u00a0<\/strong><\/p><\/div><\/li><li class=\"curso\"><h3 class=\"curso-titulo\">PREPARACI\u00d3N PARA CERTIFICACI\u00d3N AGILE CERTIFIED PRACTITIONER (PMI-ACP)\u00ae<\/h3><div class=\"curso-descripcion\"><p>Incursionar en metodolog\u00edas \u00e1giles. Te permitir\u00e1 simplificar procesos y agregar valor, lo cual beneficiar\u00e1 tus proyectos. Al finalizar este curso, ser\u00e1s capaz de presentar el examen para certificarte como PMI-ACP\u00ae.<\/p>\n<p><strong>Este curso es en formato online y consta de 12 sesiones de 3 horas c\/u. Horario GMT-6. Consulta el <a href=\"https:\/\/www.timeanddate.com\/worldclock\/personal.html?cities=51,124,45,232,41,225,99,230,190,228,980,94,245,155,143,192,21,131,226,25,163,58&amp;wch=2\" target=\"_blank\" rel=\"noopener noreferrer\">horario de tu pa\u00eds aqu\u00ed<\/a>.<\/strong><\/p>\n<p><strong>Fecha de inicio:<\/strong> Lunes 13 de abril 2026. Todos los Lunes y Jueves de 17:00 a 20:00 hrs. (Horario Centroam\u00e9rica)<\/p><\/div><\/li><li class=\"curso\"><h3 class=\"curso-titulo\">LABORATORIO RISKFLOW<\/h3><div class=\"curso-descripcion\"><p><\/p>\n<p><strong>Gesti\u00f3n de Riesgos Habilitada por Inteligencia Artificial<\/strong><\/p>\n<p>La convergencia de la Inteligencia Artificial con la gesti\u00f3n profesional de riesgos abre nuevas posibilidades para anticipar, analizar y responder a la incertidumbre de manera m\u00e1s efectiva y estrat\u00e9gica.<\/p>\n<p>Laboratorio RiskFlow representa la evoluci\u00f3n natural de la gesti\u00f3n de riesgos tradicional hacia un enfoque potenciado por IA.<\/p>\n<p><strong>Este programa es en formato online. Horario GMT-6. Consulta el <a href=\"https:\/\/www.timeanddate.com\/worldclock\/personal.html?cities=51,124,45,232,41,225,99,230,190,228,980,94,245,155,143,192,21,131,226,25,163,58&amp;wch=2\" target=\"_blank\" rel=\"noopener noreferrer\">horario de tu pa\u00eds aqu\u00ed<\/a>.<\/strong><\/p>\n<p><b>Pr\u00f3xima Fecha: 7 de abril de 2026<\/b><\/p>\n<p>Martes y Jueves de 5:00 a 8:00 hrs. Durante 7 sesiones<\/p><\/div><\/li><li class=\"curso\"><h3 class=\"curso-titulo\">Curso de Preparaci\u00f3n para la Certificaci\u00f3n PMO-CP de PMI\u00ae<\/h3><div class=\"curso-descripcion\"><p><\/p>\n<p><strong><span class=\"TextRun SCXW126761112 BCX0\" lang=\"ES-MX\" xml:lang=\"ES-MX\" data-contrast=\"none\"><span class=\"NormalTextRun SCXW126761112 BCX0\" data-ccp-charstyle=\"Ninguno\" data-ccp-charstyle-defn=\"{&quot;ObjectId&quot;:&quot;3037d9b5-59d9-5ade-8dc1-fff1933c97a5|1&quot;,&quot;ClassId&quot;:1073872969,&quot;Properties&quot;:&#091;469775450,&quot;Ninguno&quot;,201340122,&quot;1&quot;,134233614,&quot;true&quot;,469778129,&quot;Ninguno&quot;,335572020,&quot;1&quot;,335551547,&quot;1033&quot;,469777841,&quot;Times New Roman&quot;,469777842,&quot;Times New Roman&quot;,469777843,&quot;Arial Unicode MS&quot;,469777844,&quot;Times New Roman&quot;,469769226,&quot;Times New Roman,Arial Unicode MS&quot;&#093;}\">Curso de Preparaci\u00f3n para la Certificaci\u00f3n PMO-CP de PMI\u00ae<\/span><\/span><span class=\"EOP SCXW126761112 BCX0\" data-ccp-props=\"{&quot;134245418&quot;:true,&quot;134245529&quot;:true,&quot;335551550&quot;:2,&quot;335551620&quot;:2,&quot;335559738&quot;:240}\">\u00a0<\/span><\/strong><\/p>\n<p>&nbsp;<\/p>\n<p>La<span class=\"TextRun SCXW96593680 BCX0\" lang=\"ES-ES\" xml:lang=\"ES-ES\" data-contrast=\"none\"><span class=\"NormalTextRun SCXW96593680 BCX0\">\u00a0certificaci\u00f3n de PMI<\/span><\/span><span class=\"TextRun SCXW96593680 BCX0\" lang=\"ES-ES\" xml:lang=\"ES-ES\" data-contrast=\"none\"><span class=\"NormalTextRun Superscript SCXW96593680 BCX0\" data-fontsize=\"11\">\u00ae<\/span><\/span><span class=\"TextRun SCXW96593680 BCX0\" lang=\"ES-ES\" xml:lang=\"ES-ES\" data-contrast=\"none\"><span class=\"NormalTextRun SCXW96593680 BCX0\"> PMO \u2013 <\/span><span class=\"NormalTextRun SCXW96593680 BCX0\">CP, <\/span><span class=\"NormalTextRun SCXW96593680 BCX0\">valida<\/span> <span class=\"NormalTextRun SCXW96593680 BCX0\">la<\/span><span class=\"NormalTextRun SCXW96593680 BCX0\"> experiencia en la direcci\u00f3n y el desarrollo de Oficinas de Gesti\u00f3n de Proyectos (PMO<\/span><span class=\"NormalTextRun SCXW96593680 BCX0\">)<\/span><span class=\"NormalTextRun SCXW96593680 BCX0\">, <\/span><span class=\"NormalTextRun SCXW96593680 BCX0\">demostrando<\/span> <span class=\"NormalTextRun SCXW96593680 BCX0\">la capacidad del participante<\/span><span class=\"NormalTextRun SCXW96593680 BCX0\"> para generar valor estrat\u00e9gico<\/span><span class=\"NormalTextRun SCXW96593680 BCX0\"> por medio de la adecuada gesti\u00f3n de una PMO<\/span><span class=\"NormalTextRun SCXW96593680 BCX0\">. <\/span><span class=\"NormalTextRun SCXW96593680 BCX0\">E<\/span><span class=\"NormalTextRun SCXW96593680 BCX0\">sta certificaci\u00f3n <\/span><span class=\"NormalTextRun SCXW96593680 BCX0\">d<\/span><span class=\"NormalTextRun SCXW96593680 BCX0\">emuestra <\/span><span class=\"NormalTextRun SCXW96593680 BCX0\">la<\/span><span class=\"NormalTextRun SCXW96593680 BCX0\"> comprensi\u00f3n<\/span><span class=\"NormalTextRun SCXW96593680 BCX0\"> del participante<\/span><span class=\"NormalTextRun SCXW96593680 BCX0\"> de las necesidades, los desaf\u00edos y la cultura \u00fanicos de cada organizaci\u00f3n para crear una estructura de PMO \u00f3ptima.<\/span><\/span><span class=\"EOP SCXW96593680 BCX0\" data-ccp-props=\"{&quot;335551550&quot;:6,&quot;335551620&quot;:6}\">\u00a0<\/span><\/p>\n<p>21 horas de capacitaci\u00f3n<\/p>\n<p>Incluye:<\/p>\n<p>Material del curso en idioma INGLES<\/p>\n<p>21 PDUs<\/p>\n<p><strong>Este programa es en formato online. Horario GMT-6. Consulta el <a href=\"https:\/\/www.timeanddate.com\/worldclock\/personal.html?cities=51,124,45,232,41,225,99,230,190,228,980,94,245,155,143,192,21,131,226,25,163,58&amp;wch=2\" target=\"_blank\" rel=\"noopener noreferrer\">horario de tu pa\u00eds aqu\u00ed<\/a>.<\/strong><\/p>\n<p><b>Pr\u00f3xima Fecha: Martes 19 de mayo de 2026. Martes y jueves de 5:00 a 8:00 hrs. 7 sesiones<\/b><\/p><\/div><\/li><li class=\"curso\"><h3 class=\"curso-titulo\">AI Certs<\/h3><div class=\"curso-descripcion\"><p><\/p>\n<p><strong>AI+ Project Management Practitioner<\/strong><\/p>\n<p>La certificaci\u00f3n en Direcci\u00f3n de proyectos con IA dise\u00f1ada para profesionales de negocios en ejercicio. Sin prerequisitos t\u00e9cnicos. En espa\u00f1ol. Reconocida en m\u00e1s de 40 pa\u00edses<\/p>\n<p>Proyectum, con 24 a\u00f1os formando l\u00edderes organizacionales en Am\u00e9rica Latina, se ali\u00f3 con AI CERTs para traerte la certificaci\u00f3n en Direcci\u00f3n de proyectos con IA dise\u00f1ada espec\u00edficamente para profesionales de negocios en ejercicio.<\/p>\n<p>Conoce m\u00e1s de nuestro programa<\/p><\/div><\/li><\/ul><\/div>\n\t\t\t\t\t\t<\/div>\n\t\t\t\t<\/div>\n\t\t\t\t\t<\/div>\n\t\t\t\t<\/div>\n\t\t<div class=\"elementor-element elementor-element-ab8ade1 e-flex e-con-boxed e-con e-parent\" data-id=\"ab8ade1\" data-element_type=\"container\" data-e-type=\"container\">\n\t\t\t\t\t<div class=\"e-con-inner\">\n\t\t\t\t<div class=\"elementor-element elementor-element-f630386 elementor-align-center elementor-mobile-align-justify elementor-widget elementor-widget-button\" data-id=\"f630386\" data-element_type=\"widget\" data-e-type=\"widget\" data-widget_type=\"button.default\">\n\t\t\t\t<div class=\"elementor-widget-container\">\n\t\t\t\t\t\t\t\t\t<div class=\"elementor-button-wrapper\">\n\t\t\t\t\t<a class=\"elementor-button elementor-button-link elementor-size-sm\" href=\"https:\/\/api.whatsapp.com\/send\/?phone=56974362085&#038;text&#038;type=phone_number&#038;app_absent=0\" target=\"_blank\" rel=\"nofollow\">\n\t\t\t\t\t\t<span class=\"elementor-button-content-wrapper\">\n\t\t\t\t\t\t\t\t\t<span class=\"elementor-button-text\">Consultar fechas<\/span>\n\t\t\t\t\t<\/span>\n\t\t\t\t\t<\/a>\n\t\t\t\t<\/div>\n\t\t\t\t\t\t\t\t<\/div>\n\t\t\t\t<\/div>\n\t\t\t\t\t<\/div>\n\t\t\t\t<\/div>\n\t\t\t\t<\/div>\n\t\t","protected":false},"excerpt":{"rendered":"<p>Calendario cursos Proyectum Impulsa la Innovaci\u00f3n y el Crecimiento de tu Empresa con Soluciones de Capacitaci\u00f3n a la Medida Consultar fechas<\/p>\n","protected":false},"author":26,"featured_media":0,"parent":0,"menu_order":0,"comment_status":"closed","ping_status":"closed","template":"elementor_header_footer","meta":{"_acf_changed":false,"footnotes":""},"class_list":["post-11241","page","type-page","status-publish","hentry"],"acf":[],"yoast_head":"<!-- This site is optimized with the Yoast SEO plugin v24.4 - https:\/\/yoast.com\/wordpress\/plugins\/seo\/ -->\n<title>Calendario de Cursos - Proyectum Chile<\/title>\n<meta name=\"robots\" content=\"index, follow, max-snippet:-1, max-image-preview:large, max-video-preview:-1\" \/>\n<link rel=\"canonical\" href=\"https:\/\/proyectum.com\/cl\/calendario-de-cursos\/\" \/>\n<meta property=\"og:locale\" content=\"es_ES\" \/>\n<meta property=\"og:type\" content=\"article\" \/>\n<meta property=\"og:title\" content=\"Calendario de Cursos - Proyectum Chile\" \/>\n<meta property=\"og:description\" content=\"Calendario cursos Proyectum Impulsa la Innovaci\u00f3n y el Crecimiento de tu Empresa con Soluciones de Capacitaci\u00f3n a la Medida Consultar fechas\" \/>\n<meta property=\"og:url\" content=\"https:\/\/proyectum.com\/cl\/calendario-de-cursos\/\" \/>\n<meta property=\"og:site_name\" content=\"Proyectum Chile\" \/>\n<meta property=\"article:publisher\" content=\"https:\/\/www.facebook.com\/proyectumchile\/\" \/>\n<meta property=\"article:modified_time\" content=\"2025-07-02T16:35:22+00:00\" \/>\n<meta name=\"twitter:card\" content=\"summary_large_image\" \/>\n<meta name=\"twitter:label1\" content=\"Tiempo de lectura\" \/>\n\t<meta name=\"twitter:data1\" content=\"1 minuto\" \/>\n<script type=\"application\/ld+json\" class=\"yoast-schema-graph\">{\"@context\":\"https:\/\/schema.org\",\"@graph\":[{\"@type\":\"WebPage\",\"@id\":\"https:\/\/proyectum.com\/cl\/calendario-de-cursos\/\",\"url\":\"https:\/\/proyectum.com\/cl\/calendario-de-cursos\/\",\"name\":\"Calendario de Cursos - Proyectum Chile\",\"isPartOf\":{\"@id\":\"https:\/\/proyectum.com\/cl\/#website\"},\"datePublished\":\"2025-07-02T15:33:43+00:00\",\"dateModified\":\"2025-07-02T16:35:22+00:00\",\"breadcrumb\":{\"@id\":\"https:\/\/proyectum.com\/cl\/calendario-de-cursos\/#breadcrumb\"},\"inLanguage\":\"es\",\"potentialAction\":[{\"@type\":\"ReadAction\",\"target\":[\"https:\/\/proyectum.com\/cl\/calendario-de-cursos\/\"]}]},{\"@type\":\"BreadcrumbList\",\"@id\":\"https:\/\/proyectum.com\/cl\/calendario-de-cursos\/#breadcrumb\",\"itemListElement\":[{\"@type\":\"ListItem\",\"position\":1,\"name\":\"Home\",\"item\":\"https:\/\/proyectum.com\/cl\/\"},{\"@type\":\"ListItem\",\"position\":2,\"name\":\"Calendario de Cursos\"}]},{\"@type\":\"WebSite\",\"@id\":\"https:\/\/proyectum.com\/cl\/#website\",\"url\":\"https:\/\/proyectum.com\/cl\/\",\"name\":\"Proyectum Chile\",\"description\":\"Direcci\u00f3n de Proyectos y Metodolog\u00edas \u00c1giles\",\"publisher\":{\"@id\":\"https:\/\/proyectum.com\/cl\/#organization\"},\"potentialAction\":[{\"@type\":\"SearchAction\",\"target\":{\"@type\":\"EntryPoint\",\"urlTemplate\":\"https:\/\/proyectum.com\/cl\/?s={search_term_string}\"},\"query-input\":{\"@type\":\"PropertyValueSpecification\",\"valueRequired\":true,\"valueName\":\"search_term_string\"}}],\"inLanguage\":\"es\"},{\"@type\":\"Organization\",\"@id\":\"https:\/\/proyectum.com\/cl\/#organization\",\"name\":\"Proyectum Chile\",\"url\":\"https:\/\/proyectum.com\/cl\/\",\"logo\":{\"@type\":\"ImageObject\",\"inLanguage\":\"es\",\"@id\":\"https:\/\/proyectum.com\/cl\/#\/schema\/logo\/image\/\",\"url\":\"https:\/\/proyectum.com\/cl\/wp-content\/uploads\/2020\/04\/proyectum-logo-snippet.png\",\"contentUrl\":\"https:\/\/proyectum.com\/cl\/wp-content\/uploads\/2020\/04\/proyectum-logo-snippet.png\",\"width\":600,\"height\":315,\"caption\":\"Proyectum Chile\"},\"image\":{\"@id\":\"https:\/\/proyectum.com\/cl\/#\/schema\/logo\/image\/\"},\"sameAs\":[\"https:\/\/www.facebook.com\/proyectumchile\/\",\"https:\/\/www.linkedin.com\/company\/proyectum-cl\/\",\"https:\/\/www.instagram.com\/proyectumchile\/\",\"https:\/\/www.youtube.com\/@proyectum2283\/videos\"]}]}<\/script>\n<!-- \/ Yoast SEO plugin. -->","yoast_head_json":{"title":"Calendario de Cursos - Proyectum Chile","robots":{"index":"index","follow":"follow","max-snippet":"max-snippet:-1","max-image-preview":"max-image-preview:large","max-video-preview":"max-video-preview:-1"},"canonical":"https:\/\/proyectum.com\/cl\/calendario-de-cursos\/","og_locale":"es_ES","og_type":"article","og_title":"Calendario de Cursos - Proyectum Chile","og_description":"Calendario cursos Proyectum Impulsa la Innovaci\u00f3n y el Crecimiento de tu Empresa con Soluciones de Capacitaci\u00f3n a la Medida Consultar fechas","og_url":"https:\/\/proyectum.com\/cl\/calendario-de-cursos\/","og_site_name":"Proyectum Chile","article_publisher":"https:\/\/www.facebook.com\/proyectumchile\/","article_modified_time":"2025-07-02T16:35:22+00:00","twitter_card":"summary_large_image","twitter_misc":{"Tiempo de lectura":"1 minuto"},"schema":{"@context":"https:\/\/schema.org","@graph":[{"@type":"WebPage","@id":"https:\/\/proyectum.com\/cl\/calendario-de-cursos\/","url":"https:\/\/proyectum.com\/cl\/calendario-de-cursos\/","name":"Calendario de Cursos - Proyectum Chile","isPartOf":{"@id":"https:\/\/proyectum.com\/cl\/#website"},"datePublished":"2025-07-02T15:33:43+00:00","dateModified":"2025-07-02T16:35:22+00:00","breadcrumb":{"@id":"https:\/\/proyectum.com\/cl\/calendario-de-cursos\/#breadcrumb"},"inLanguage":"es","potentialAction":[{"@type":"ReadAction","target":["https:\/\/proyectum.com\/cl\/calendario-de-cursos\/"]}]},{"@type":"BreadcrumbList","@id":"https:\/\/proyectum.com\/cl\/calendario-de-cursos\/#breadcrumb","itemListElement":[{"@type":"ListItem","position":1,"name":"Home","item":"https:\/\/proyectum.com\/cl\/"},{"@type":"ListItem","position":2,"name":"Calendario de Cursos"}]},{"@type":"WebSite","@id":"https:\/\/proyectum.com\/cl\/#website","url":"https:\/\/proyectum.com\/cl\/","name":"Proyectum Chile","description":"Direcci\u00f3n de Proyectos y Metodolog\u00edas \u00c1giles","publisher":{"@id":"https:\/\/proyectum.com\/cl\/#organization"},"potentialAction":[{"@type":"SearchAction","target":{"@type":"EntryPoint","urlTemplate":"https:\/\/proyectum.com\/cl\/?s={search_term_string}"},"query-input":{"@type":"PropertyValueSpecification","valueRequired":true,"valueName":"search_term_string"}}],"inLanguage":"es"},{"@type":"Organization","@id":"https:\/\/proyectum.com\/cl\/#organization","name":"Proyectum Chile","url":"https:\/\/proyectum.com\/cl\/","logo":{"@type":"ImageObject","inLanguage":"es","@id":"https:\/\/proyectum.com\/cl\/#\/schema\/logo\/image\/","url":"https:\/\/proyectum.com\/cl\/wp-content\/uploads\/2020\/04\/proyectum-logo-snippet.png","contentUrl":"https:\/\/proyectum.com\/cl\/wp-content\/uploads\/2020\/04\/proyectum-logo-snippet.png","width":600,"height":315,"caption":"Proyectum Chile"},"image":{"@id":"https:\/\/proyectum.com\/cl\/#\/schema\/logo\/image\/"},"sameAs":["https:\/\/www.facebook.com\/proyectumchile\/","https:\/\/www.linkedin.com\/company\/proyectum-cl\/","https:\/\/www.instagram.com\/proyectumchile\/","https:\/\/www.youtube.com\/@proyectum2283\/videos"]}]}},"_links":{"self":[{"href":"https:\/\/proyectum.com\/cl\/wp-json\/wp\/v2\/pages\/11241","targetHints":{"allow":["GET"]}}],"collection":[{"href":"https:\/\/proyectum.com\/cl\/wp-json\/wp\/v2\/pages"}],"about":[{"href":"https:\/\/proyectum.com\/cl\/wp-json\/wp\/v2\/types\/page"}],"author":[{"embeddable":true,"href":"https:\/\/proyectum.com\/cl\/wp-json\/wp\/v2\/users\/26"}],"replies":[{"embeddable":true,"href":"https:\/\/proyectum.com\/cl\/wp-json\/wp\/v2\/comments?post=11241"}],"version-history":[{"count":0,"href":"https:\/\/proyectum.com\/cl\/wp-json\/wp\/v2\/pages\/11241\/revisions"}],"wp:attachment":[{"href":"https:\/\/proyectum.com\/cl\/wp-json\/wp\/v2\/media?parent=11241"}],"curies":[{"name":"wp","href":"https:\/\/api.w.org\/{rel}","templated":true}]}}