{"id":9131,"date":"2024-04-18T12:34:41","date_gmt":"2024-04-18T16:34:41","guid":{"rendered":"https:\/\/proyectum.com\/cl\/?page_id=9131"},"modified":"2024-08-27T14:32:51","modified_gmt":"2024-08-27T18:32:51","slug":"denuncias-ley-20293","status":"publish","type":"page","link":"https:\/\/proyectum.com\/cl\/denuncias-ley-20293\/","title":{"rendered":"Denuncias ley 20293"},"content":{"rendered":"\t\t<div data-elementor-type=\"wp-page\" data-elementor-id=\"9131\" class=\"elementor elementor-9131\" data-elementor-post-type=\"page\">\n\t\t\t\t<div class=\"elementor-element elementor-element-c20dd13 e-flex e-con-boxed e-con e-parent\" data-id=\"c20dd13\" data-element_type=\"container\" data-e-type=\"container\" data-settings=\"{&quot;background_background&quot;:&quot;classic&quot;}\">\n\t\t\t\t\t<div class=\"e-con-inner\">\n\t\t<div class=\"elementor-element elementor-element-e2b3ce8 e-flex e-con-boxed e-con e-child\" data-id=\"e2b3ce8\" data-element_type=\"container\" data-e-type=\"container\">\n\t\t\t\t\t<div class=\"e-con-inner\">\n\t\t\t\t<div class=\"elementor-element elementor-element-8e0203e elementor-widget elementor-widget-heading\" data-id=\"8e0203e\" data-element_type=\"widget\" data-e-type=\"widget\" data-widget_type=\"heading.default\">\n\t\t\t\t<div class=\"elementor-widget-container\">\n\t\t\t\t\t<h1 class=\"elementor-heading-title elementor-size-default\">Canal de Denuncias Ley 20.393<\/h1>\t\t\t\t<\/div>\n\t\t\t\t<\/div>\n\t\t\t\t\t<\/div>\n\t\t\t\t<\/div>\n\t\t\t\t\t<\/div>\n\t\t\t\t<\/div>\n\t\t<div class=\"elementor-element elementor-element-e92e1ba e-flex e-con-boxed e-con e-parent\" data-id=\"e92e1ba\" data-element_type=\"container\" data-e-type=\"container\">\n\t\t\t\t\t<div class=\"e-con-inner\">\n\t\t\t\t<div class=\"elementor-element elementor-element-9e5456e elementor-widget elementor-widget-text-editor\" data-id=\"9e5456e\" data-element_type=\"widget\" data-e-type=\"widget\" data-widget_type=\"text-editor.default\">\n\t\t\t\t<div class=\"elementor-widget-container\">\n\t\t\t\t\t\t\t\t\tMediante este medio podr\u00e1s realizar las denuncias de la Ley N\u00b0 20.393 sobre Responsabilidad Penal de las Personas Jur\u00eddicas.\nEl objetivo de este canal es permitir la denuncia de situaciones que podr\u00edan involucrar a Proyectum en la comisi\u00f3n de alguno de estos delitos, ya sea de manera an\u00f3nima o entregando datos de contacto para seguimiento.\t\t\t\t\t\t\t\t<\/div>\n\t\t\t\t<\/div>\n\t\t\t\t\t<\/div>\n\t\t\t\t<\/div>\n\t\t<div class=\"elementor-element elementor-element-6758683 e-flex e-con-boxed e-con e-parent\" data-id=\"6758683\" data-element_type=\"container\" data-e-type=\"container\">\n\t\t\t\t\t<div class=\"e-con-inner\">\n\t\t<div class=\"elementor-element elementor-element-5721211 e-flex e-con-boxed e-con e-child\" data-id=\"5721211\" data-element_type=\"container\" data-e-type=\"container\" data-settings=\"{&quot;background_background&quot;:&quot;classic&quot;}\">\n\t\t\t\t\t<div class=\"e-con-inner\">\n\t\t\t\t<div class=\"elementor-element elementor-element-3831f65 elementor-widget elementor-widget-elementskit-contact-form7\" data-id=\"3831f65\" data-element_type=\"widget\" data-e-type=\"widget\" data-widget_type=\"elementskit-contact-form7.default\">\n\t\t\t\t<div class=\"elementor-widget-container\">\n\t\t\t\t\t<div class=\"ekit-wid-con\" ><div class=\"ekit-form\">\n<div class=\"wpcf7 no-js\" id=\"wpcf7-f7797-p9131-o1\" lang=\"es-ES\" dir=\"ltr\" data-wpcf7-id=\"7797\">\n<div class=\"screen-reader-response\"><p role=\"status\" aria-live=\"polite\" aria-atomic=\"true\"><\/p> <ul><\/ul><\/div>\n<form action=\"\/cl\/denuncias-ley-20293\/#wpcf7-f7797-p9131-o1\" method=\"post\" class=\"wpcf7-form init\" aria-label=\"Formulario de contacto\" novalidate=\"novalidate\" data-status=\"init\">\n<div style=\"display: none;\">\n<input type=\"hidden\" name=\"_wpcf7\" value=\"7797\" \/>\n<input type=\"hidden\" name=\"_wpcf7_version\" value=\"6.0.3\" \/>\n<input type=\"hidden\" name=\"_wpcf7_locale\" value=\"es_ES\" \/>\n<input type=\"hidden\" name=\"_wpcf7_unit_tag\" value=\"wpcf7-f7797-p9131-o1\" \/>\n<input type=\"hidden\" name=\"_wpcf7_container_post\" value=\"9131\" \/>\n<input type=\"hidden\" name=\"_wpcf7_posted_data_hash\" value=\"\" \/>\n<input type=\"hidden\" name=\"redirect_nonce\" value=\"ff375789b5\" \/>\n<input type=\"hidden\" name=\"wpcf7cfpdf_hidden_name\" value=\"document-pdf\" \/>\n<input type=\"hidden\" name=\"wpcf7cfpdf_hidden_reference\" value=\"f854fba8\" \/>\n<input type=\"hidden\" name=\"wpcf7cfpdf_hidden_date\" value=\"04132026\" \/>\n<input type=\"hidden\" name=\"_wpcf7_recaptcha_response\" value=\"\" \/>\n<\/div>\n<style>\n .denuncia-container {\n display: flex;\n flex-direction: column;\n width: 100%;\n margin-bottom: 10px;\n }\n\n .denuncia-title {\n font-weight: bold;\n font-size: 0.9rem;\n color: #FFF;\n padding-right: 10px;\n margin-bottom: 13px;\n }\n\n .denuncia-checkboxes {\n display: flex;\n flex-wrap: wrap;\n }\n\n .denuncia-checkboxes span.wpcf7-list-item {\n display: block;\n margin-right: 10px;\n }\n\n .input-filled {\n margin-bottom: 10px;\n }\n\n @media (max-width: 990px) {\n .denuncia-checkboxes {\n flex-direction: column;\n }\n }\n<\/style>\n<div>\n\t<div style=\"font-size: 1.5rem; font-weight: bold; color: #FFF;\">\n\t\t<p>Datos relacionados con la denuncia\n\t\t<\/p>\n\t<\/div>\n\t<div class=\"denuncia-container\">\n\t\t<div class=\"denuncia-title\">\n\t\t\t<p>Actividad relacionada a la denuncia\n\t\t\t<\/p>\n\t\t<\/div>\n\t\t<div class=\"denuncia-checkboxes\">\n\t\t\t<p><span class=\"wpcf7-form-control-wrap\" data-name=\"pjCF_field_470\"><span class=\"wpcf7-form-control wpcf7-checkbox wpcf7-validates-as-required\" id=\"pjCF_checkbox_1\"><span class=\"wpcf7-list-item first\"><input type=\"checkbox\" name=\"pjCF_field_470[]\" value=\"Lavado de activos\" \/><span class=\"wpcf7-list-item-label\">Lavado de activos<\/span><\/span><span class=\"wpcf7-list-item\"><input type=\"checkbox\" name=\"pjCF_field_470[]\" value=\"Financiamiento del Terrorismo\" \/><span class=\"wpcf7-list-item-label\">Financiamiento del Terrorismo<\/span><\/span><span class=\"wpcf7-list-item\"><input type=\"checkbox\" name=\"pjCF_field_470[]\" value=\"Cohecho a\n      funcionario p\u00fablico nacional o extranjero\" \/><span class=\"wpcf7-list-item-label\">Cohecho a\n      funcionario p\u00fablico nacional o extranjero<\/span><\/span><span class=\"wpcf7-list-item\"><input type=\"checkbox\" name=\"pjCF_field_470[]\" value=\"Receptaci\u00f3n de especies\" \/><span class=\"wpcf7-list-item-label\">Receptaci\u00f3n de especies<\/span><\/span><span class=\"wpcf7-list-item\"><input type=\"checkbox\" name=\"pjCF_field_470[]\" value=\"Negociaci\u00f3n Incompatible\" \/><span class=\"wpcf7-list-item-label\">Negociaci\u00f3n Incompatible<\/span><\/span><span class=\"wpcf7-list-item\"><input type=\"checkbox\" name=\"pjCF_field_470[]\" value=\"Corrupci\u00f3n entre\n      particulares\" \/><span class=\"wpcf7-list-item-label\">Corrupci\u00f3n entre\n      particulares<\/span><\/span><span class=\"wpcf7-list-item\"><input type=\"checkbox\" name=\"pjCF_field_470[]\" value=\"Apropiaci\u00f3n indebida\" \/><span class=\"wpcf7-list-item-label\">Apropiaci\u00f3n indebida<\/span><\/span><span class=\"wpcf7-list-item\"><input type=\"checkbox\" name=\"pjCF_field_470[]\" value=\"Administraci\u00f3n Desleal\" \/><span class=\"wpcf7-list-item-label\">Administraci\u00f3n Desleal<\/span><\/span><span class=\"wpcf7-list-item last\"><input type=\"checkbox\" name=\"pjCF_field_470[]\" value=\"Art\u00edculo 318 ter del C\u00f3digo Sanitario\" \/><span class=\"wpcf7-list-item-label\">Art\u00edculo 318 ter del C\u00f3digo Sanitario<\/span><\/span><\/span><\/span>\n\t\t\t<\/p>\n\t\t<\/div>\n\t<\/div>\n\t<div class=\"denuncia-container\">\n\t\t<div class=\"denuncia-title\">\n\t\t\t<p>Delitos Inform\u00e1ticos\n\t\t\t<\/p>\n\t\t<\/div>\n\t\t<div class=\"denuncia-checkboxes\">\n\t\t\t<p><span class=\"wpcf7-form-control-wrap\" data-name=\"pjCF_field_676\"><span class=\"wpcf7-form-control wpcf7-checkbox wpcf7-validates-as-required\" id=\"pjCF_checkbox_2\"><span class=\"wpcf7-list-item first\"><input type=\"checkbox\" name=\"pjCF_field_676[]\" value=\"Ataque a la integridad de un sistema inform\u00e1tico\" \/><span class=\"wpcf7-list-item-label\">Ataque a la integridad de un sistema inform\u00e1tico<\/span><\/span><span class=\"wpcf7-list-item\"><input type=\"checkbox\" name=\"pjCF_field_676[]\" value=\"Acceso il\u00edcito\" \/><span class=\"wpcf7-list-item-label\">Acceso il\u00edcito<\/span><\/span><span class=\"wpcf7-list-item\"><input type=\"checkbox\" name=\"pjCF_field_676[]\" value=\"Interceptaci\u00f3n il\u00edcita\" \/><span class=\"wpcf7-list-item-label\">Interceptaci\u00f3n il\u00edcita<\/span><\/span><span class=\"wpcf7-list-item\"><input type=\"checkbox\" name=\"pjCF_field_676[]\" value=\"Ataque a la integridad de los datos inform\u00e1ticos\" \/><span class=\"wpcf7-list-item-label\">Ataque a la integridad de los datos inform\u00e1ticos<\/span><\/span><span class=\"wpcf7-list-item\"><input type=\"checkbox\" name=\"pjCF_field_676[]\" value=\"Falsificaci\u00f3n inform\u00e1tica\" \/><span class=\"wpcf7-list-item-label\">Falsificaci\u00f3n inform\u00e1tica<\/span><\/span><span class=\"wpcf7-list-item\"><input type=\"checkbox\" name=\"pjCF_field_676[]\" value=\"Receptaci\u00f3n de datos inform\u00e1tico\" \/><span class=\"wpcf7-list-item-label\">Receptaci\u00f3n de datos inform\u00e1tico<\/span><\/span><span class=\"wpcf7-list-item last\"><input type=\"checkbox\" name=\"pjCF_field_676[]\" value=\"Fraude Inform\u00e1tico\" \/><span class=\"wpcf7-list-item-label\">Fraude Inform\u00e1tico<\/span><\/span><\/span><\/span>\n\t\t\t<\/p>\n\t\t<\/div>\n\t<\/div>\n\t<div class=\"denuncia-container\">\n\t\t<div class=\"denuncia-title\">\n\t\t\t<p>Otros delitos que generan responsabilidad jur\u00eddica\n\t\t\t<\/p>\n\t\t<\/div>\n\t\t<div class=\"denuncia-checkboxes\">\n\t\t\t<p><span class=\"wpcf7-form-control-wrap\" data-name=\"pjCF_field_677\"><span class=\"wpcf7-form-control wpcf7-checkbox wpcf7-validates-as-required\" id=\"pjCF_checkbox_3\"><span class=\"wpcf7-list-item first\"><input type=\"checkbox\" name=\"pjCF_field_677[]\" value=\"Delitos contenidos en la Ley de Pesca\" \/><span class=\"wpcf7-list-item-label\">Delitos contenidos en la Ley de Pesca<\/span><\/span><span class=\"wpcf7-list-item\"><input type=\"checkbox\" name=\"pjCF_field_677[]\" value=\"Delitos de la Ley de Armas\" \/><span class=\"wpcf7-list-item-label\">Delitos de la Ley de Armas<\/span><\/span><span class=\"wpcf7-list-item\"><input type=\"checkbox\" name=\"pjCF_field_677[]\" value=\"Tr\u00e1fico de personas\" \/><span class=\"wpcf7-list-item-label\">Tr\u00e1fico de personas<\/span><\/span><span class=\"wpcf7-list-item last\"><input type=\"checkbox\" name=\"pjCF_field_677[]\" value=\"Sustracci\u00f3n de Madera\" \/><span class=\"wpcf7-list-item-label\">Sustracci\u00f3n de Madera<\/span><\/span><\/span><\/span>\n\t\t\t<\/p>\n\t\t<\/div>\n\t<\/div>\n\t<div style=\"font-size: 1.5rem; font-weight: bold; color: #FFF; margin-bottom: 13px;\">\n\t\t<p>Involucrado en los hechos<br \/>\ndenunciados\n\t\t<\/p>\n\t<\/div>\n\t<div class=\"row\">\n\t\t<div class=\"input-filled col-lg-6 col-md-6\" id=\"contact-name\">\n\t\t\t<p><span class=\"wpcf7-form-control-wrap\" data-name=\"NombreInvolucrado\"><input size=\"40\" maxlength=\"400\" class=\"wpcf7-form-control wpcf7-text wpcf7-validates-as-required custom-class\" aria-required=\"true\" aria-invalid=\"false\" placeholder=\"Nombre*\" value=\"\" type=\"text\" name=\"NombreInvolucrado\" \/><\/span>\n\t\t\t<\/p>\n\t\t<\/div>\n\t\t<div class=\"input-filled col-lg-6 col-md-6\" id=\"contact-name\">\n\t\t\t<p><span class=\"wpcf7-form-control-wrap\" data-name=\"Cargo\"><input size=\"40\" maxlength=\"400\" class=\"wpcf7-form-control wpcf7-text wpcf7-validates-as-required custom-class\" aria-required=\"true\" aria-invalid=\"false\" placeholder=\"Cargo*\" value=\"\" type=\"text\" name=\"Cargo\" \/><\/span>\n\t\t\t<\/p>\n\t\t<\/div>\n\t<\/div>\n\t<div style=\"font-size: 1.5rem; font-weight: bold; color: #FFF; margin-bottom: 13px;\">\n\t\t<p>Tiempo que estima que esta<br \/>\nsituaci\u00f3n existe\n\t\t<\/p>\n\t<\/div>\n\t<div class=\"row\">\n\t\t<div class=\"input-filled col-lg-6 col-md-6\" id=\"contact-name\">\n\t\t\t<p><span class=\"wpcf7-form-control-wrap\" data-name=\"dias\"><input size=\"40\" maxlength=\"400\" class=\"wpcf7-form-control wpcf7-text wpcf7-validates-as-required custom-class\" aria-required=\"true\" aria-invalid=\"false\" placeholder=\"D\u00edas(requerido)*\" value=\"\" type=\"text\" name=\"dias\" \/><\/span>\n\t\t\t<\/p>\n\t\t<\/div>\n\t<\/div>\n\t<div style=\"font-size: 1.5rem; font-weight: bold; color: #FFF; margin-bottom: 13px;\">\n\t\t<p>Datos generales\n\t\t<\/p>\n\t<\/div>\n\t<div class=\"row\">\n\t\t<div class=\"input-filled col-lg-24 col-md-24\" id=\"contact-message\">\n\t\t\t<p><span class=\"wpcf7-form-control-wrap\" data-name=\"Mensaje1\"><textarea cols=\"40\" rows=\"10\" maxlength=\"2000\" class=\"wpcf7-form-control wpcf7-textarea wpcf7-validates-as-required custom-class\" aria-required=\"true\" aria-invalid=\"false\" placeholder=\"Forma en que tom\u00f3 conocimiento de los hechos (requerido)*\" name=\"Mensaje1\"><\/textarea><\/span>\n\t\t\t<\/p>\n\t\t<\/div>\n\t<\/div>\n\t<div class=\"row\">\n\t\t<div class=\"input-filled col-lg-24 col-md-24\" id=\"contact-message\">\n\t\t\t<p><span class=\"wpcf7-form-control-wrap\" data-name=\"Mensaje\"><textarea cols=\"40\" rows=\"10\" maxlength=\"2000\" class=\"wpcf7-form-control wpcf7-textarea wpcf7-validates-as-required custom-class\" aria-required=\"true\" aria-invalid=\"false\" placeholder=\"Descripci\u00f3n detallada de los hechos y los involucrados (requerido)*\" name=\"Mensaje\"><\/textarea><\/span>\n\t\t\t<\/p>\n\t\t<\/div>\n\t<\/div>\n\t<div>\n\t\t<div style=\"font-size: 1.5rem; font-weight: bold; color: #FFF;\">\n\t\t\t<p>\u00bfDesea mantener el anonimato?\n\t\t\t<\/p>\n\t\t<\/div>\n\t\t<p><label style=\"color: #FFF;\">Puedes identificarte o bien hacer la denuncia an\u00f3nima haciendo click <button\n        id=\"toggle-anonimato\" type=\"button\" style=\"background-color: transparent; color: #FAAC47; border: none\"\n        onclick=\"toggleAnonimato()\">Aqu\u00ed<\/button><\/label>\n\t\t<\/p>\n\t\t<div id=\"anon-form\">\n\t\t\t<div class=\"row\">\n\t\t\t\t<div class=\"input-field col-lg-6 col-md-6\" id=\"contact-name\">\n\t\t\t\t\t<p><input type=\"text\" name=\"Nombres\"\n            class=\"custom-class\" placeholder=\"Nombre\" required \/>\n\t\t\t\t\t<\/p>\n\t\t\t\t<\/div>\n\t\t\t\t<div class=\"input-field col-lg-6 col-md-6\" id=\"contact-email\">\n\t\t\t\t\t<p><input type=\"email\" name=\"Email\"\n            class=\"custom-class\" placeholder=\"Correo electr\u00f3nico\" required \/>\n\t\t\t\t\t<\/p>\n\t\t\t\t<\/div>\n\t\t\t\t<div class=\"input-field col-lg-6 col-md-6\" id=\"contact-tel\">\n\t\t\t\t\t<p><input type=\"tel\" name=\"Telefono\"\n            class=\"custom-class\" placeholder=\"Tel\u00e9fono\" required \/>\n\t\t\t\t\t<\/p>\n\t\t\t\t<\/div>\n\t\t\t<\/div>\n\t\t<\/div>\n\t<\/div>\n\t<div class=\"contacbtn\">\n\t\t<p><button type=\"submit\" class=\"wpcf7-submit btn custom-button\"><br \/>\n<svg height=\"24\" width=\"24\" viewBox=\"0 0 24 24\" xmlns=\"http:\/\/www.w3.org\/2000\/svg\">\n        <path d=\"M0 0h24v24H0z\" fill=\"none\"><\/path>\n        <path\n          d=\"M1.946 9.315c-.522-.174-.527-.455.01-.634l19.087-6.362c.529-.176.832.12.684.638l-5.454 19.086c-.15.529-.455.547-.679.045L12 14l6-8-8 6-8.054-2.685z\"\n          fill=\"currentColor\"><\/path>\n      <\/svg><br \/>\n<span>Enviar denuncia<\/span><br \/>\n<\/button>\n\t\t<\/p>\n\t<\/div>\n<\/div><div class=\"wpcf7-response-output\" aria-hidden=\"true\"><\/div>\n<\/form>\n<\/div>\n<\/div><\/div>\t\t\t\t<\/div>\n\t\t\t\t<\/div>\n\t\t\t\t\t<\/div>\n\t\t\t\t<\/div>\n\t\t\t\t\t<\/div>\n\t\t\t\t<\/div>\n\t\t\t\t<\/div>\n\t\t","protected":false},"excerpt":{"rendered":"<p>Canal de Denuncias Ley 20.393 Mediante este medio podr\u00e1s realizar las denuncias de la Ley N\u00b0 20.393 sobre Responsabilidad Penal de las Personas Jur\u00eddicas. El objetivo de este canal es permitir la denuncia de situaciones que podr\u00edan involucrar a Proyectum en la comisi\u00f3n de alguno de estos delitos, ya sea de manera an\u00f3nima o entregando [&hellip;]<\/p>\n","protected":false},"author":26,"featured_media":0,"parent":0,"menu_order":0,"comment_status":"closed","ping_status":"closed","template":"elementor_header_footer","meta":{"_acf_changed":false,"footnotes":""},"class_list":["post-9131","page","type-page","status-publish","hentry"],"acf":[],"yoast_head":"<!-- This site is optimized with the Yoast SEO plugin v24.4 - https:\/\/yoast.com\/wordpress\/plugins\/seo\/ -->\n<title>Denuncias ley 20293 - Proyectum Chile<\/title>\n<meta name=\"robots\" content=\"index, follow, max-snippet:-1, max-image-preview:large, max-video-preview:-1\" \/>\n<link rel=\"canonical\" href=\"https:\/\/proyectum.com\/cl\/denuncias-ley-20293\/\" \/>\n<meta property=\"og:locale\" content=\"es_ES\" \/>\n<meta property=\"og:type\" content=\"article\" \/>\n<meta property=\"og:title\" content=\"Denuncias ley 20293 - Proyectum Chile\" \/>\n<meta property=\"og:description\" content=\"Canal de Denuncias Ley 20.393 Mediante este medio podr\u00e1s realizar las denuncias de la Ley N\u00b0 20.393 sobre Responsabilidad Penal de las Personas Jur\u00eddicas. El objetivo de este canal es permitir la denuncia de situaciones que podr\u00edan involucrar a Proyectum en la comisi\u00f3n de alguno de estos delitos, ya sea de manera an\u00f3nima o entregando [&hellip;]\" \/>\n<meta property=\"og:url\" content=\"https:\/\/proyectum.com\/cl\/denuncias-ley-20293\/\" \/>\n<meta property=\"og:site_name\" content=\"Proyectum Chile\" \/>\n<meta property=\"article:publisher\" content=\"https:\/\/www.facebook.com\/proyectumchile\/\" \/>\n<meta property=\"article:modified_time\" content=\"2024-08-27T18:32:51+00:00\" \/>\n<meta name=\"twitter:card\" content=\"summary_large_image\" \/>\n<meta name=\"twitter:label1\" content=\"Tiempo de lectura\" \/>\n\t<meta name=\"twitter:data1\" content=\"1 minuto\" \/>\n<script type=\"application\/ld+json\" class=\"yoast-schema-graph\">{\"@context\":\"https:\/\/schema.org\",\"@graph\":[{\"@type\":\"WebPage\",\"@id\":\"https:\/\/proyectum.com\/cl\/denuncias-ley-20293\/\",\"url\":\"https:\/\/proyectum.com\/cl\/denuncias-ley-20293\/\",\"name\":\"Denuncias ley 20293 - Proyectum Chile\",\"isPartOf\":{\"@id\":\"https:\/\/proyectum.com\/cl\/#website\"},\"datePublished\":\"2024-04-18T16:34:41+00:00\",\"dateModified\":\"2024-08-27T18:32:51+00:00\",\"breadcrumb\":{\"@id\":\"https:\/\/proyectum.com\/cl\/denuncias-ley-20293\/#breadcrumb\"},\"inLanguage\":\"es\",\"potentialAction\":[{\"@type\":\"ReadAction\",\"target\":[\"https:\/\/proyectum.com\/cl\/denuncias-ley-20293\/\"]}]},{\"@type\":\"BreadcrumbList\",\"@id\":\"https:\/\/proyectum.com\/cl\/denuncias-ley-20293\/#breadcrumb\",\"itemListElement\":[{\"@type\":\"ListItem\",\"position\":1,\"name\":\"Home\",\"item\":\"https:\/\/proyectum.com\/cl\/\"},{\"@type\":\"ListItem\",\"position\":2,\"name\":\"Denuncias ley 20293\"}]},{\"@type\":\"WebSite\",\"@id\":\"https:\/\/proyectum.com\/cl\/#website\",\"url\":\"https:\/\/proyectum.com\/cl\/\",\"name\":\"Proyectum Chile\",\"description\":\"Direcci\u00f3n de Proyectos y Metodolog\u00edas \u00c1giles\",\"publisher\":{\"@id\":\"https:\/\/proyectum.com\/cl\/#organization\"},\"potentialAction\":[{\"@type\":\"SearchAction\",\"target\":{\"@type\":\"EntryPoint\",\"urlTemplate\":\"https:\/\/proyectum.com\/cl\/?s={search_term_string}\"},\"query-input\":{\"@type\":\"PropertyValueSpecification\",\"valueRequired\":true,\"valueName\":\"search_term_string\"}}],\"inLanguage\":\"es\"},{\"@type\":\"Organization\",\"@id\":\"https:\/\/proyectum.com\/cl\/#organization\",\"name\":\"Proyectum Chile\",\"url\":\"https:\/\/proyectum.com\/cl\/\",\"logo\":{\"@type\":\"ImageObject\",\"inLanguage\":\"es\",\"@id\":\"https:\/\/proyectum.com\/cl\/#\/schema\/logo\/image\/\",\"url\":\"https:\/\/proyectum.com\/cl\/wp-content\/uploads\/2020\/04\/proyectum-logo-snippet.png\",\"contentUrl\":\"https:\/\/proyectum.com\/cl\/wp-content\/uploads\/2020\/04\/proyectum-logo-snippet.png\",\"width\":600,\"height\":315,\"caption\":\"Proyectum Chile\"},\"image\":{\"@id\":\"https:\/\/proyectum.com\/cl\/#\/schema\/logo\/image\/\"},\"sameAs\":[\"https:\/\/www.facebook.com\/proyectumchile\/\",\"https:\/\/www.linkedin.com\/company\/proyectum-cl\/\",\"https:\/\/www.instagram.com\/proyectumchile\/\",\"https:\/\/www.youtube.com\/@proyectum2283\/videos\"]}]}<\/script>\n<!-- \/ Yoast SEO plugin. -->","yoast_head_json":{"title":"Denuncias ley 20293 - Proyectum Chile","robots":{"index":"index","follow":"follow","max-snippet":"max-snippet:-1","max-image-preview":"max-image-preview:large","max-video-preview":"max-video-preview:-1"},"canonical":"https:\/\/proyectum.com\/cl\/denuncias-ley-20293\/","og_locale":"es_ES","og_type":"article","og_title":"Denuncias ley 20293 - Proyectum Chile","og_description":"Canal de Denuncias Ley 20.393 Mediante este medio podr\u00e1s realizar las denuncias de la Ley N\u00b0 20.393 sobre Responsabilidad Penal de las Personas Jur\u00eddicas. El objetivo de este canal es permitir la denuncia de situaciones que podr\u00edan involucrar a Proyectum en la comisi\u00f3n de alguno de estos delitos, ya sea de manera an\u00f3nima o entregando [&hellip;]","og_url":"https:\/\/proyectum.com\/cl\/denuncias-ley-20293\/","og_site_name":"Proyectum Chile","article_publisher":"https:\/\/www.facebook.com\/proyectumchile\/","article_modified_time":"2024-08-27T18:32:51+00:00","twitter_card":"summary_large_image","twitter_misc":{"Tiempo de lectura":"1 minuto"},"schema":{"@context":"https:\/\/schema.org","@graph":[{"@type":"WebPage","@id":"https:\/\/proyectum.com\/cl\/denuncias-ley-20293\/","url":"https:\/\/proyectum.com\/cl\/denuncias-ley-20293\/","name":"Denuncias ley 20293 - Proyectum Chile","isPartOf":{"@id":"https:\/\/proyectum.com\/cl\/#website"},"datePublished":"2024-04-18T16:34:41+00:00","dateModified":"2024-08-27T18:32:51+00:00","breadcrumb":{"@id":"https:\/\/proyectum.com\/cl\/denuncias-ley-20293\/#breadcrumb"},"inLanguage":"es","potentialAction":[{"@type":"ReadAction","target":["https:\/\/proyectum.com\/cl\/denuncias-ley-20293\/"]}]},{"@type":"BreadcrumbList","@id":"https:\/\/proyectum.com\/cl\/denuncias-ley-20293\/#breadcrumb","itemListElement":[{"@type":"ListItem","position":1,"name":"Home","item":"https:\/\/proyectum.com\/cl\/"},{"@type":"ListItem","position":2,"name":"Denuncias ley 20293"}]},{"@type":"WebSite","@id":"https:\/\/proyectum.com\/cl\/#website","url":"https:\/\/proyectum.com\/cl\/","name":"Proyectum Chile","description":"Direcci\u00f3n de Proyectos y Metodolog\u00edas \u00c1giles","publisher":{"@id":"https:\/\/proyectum.com\/cl\/#organization"},"potentialAction":[{"@type":"SearchAction","target":{"@type":"EntryPoint","urlTemplate":"https:\/\/proyectum.com\/cl\/?s={search_term_string}"},"query-input":{"@type":"PropertyValueSpecification","valueRequired":true,"valueName":"search_term_string"}}],"inLanguage":"es"},{"@type":"Organization","@id":"https:\/\/proyectum.com\/cl\/#organization","name":"Proyectum Chile","url":"https:\/\/proyectum.com\/cl\/","logo":{"@type":"ImageObject","inLanguage":"es","@id":"https:\/\/proyectum.com\/cl\/#\/schema\/logo\/image\/","url":"https:\/\/proyectum.com\/cl\/wp-content\/uploads\/2020\/04\/proyectum-logo-snippet.png","contentUrl":"https:\/\/proyectum.com\/cl\/wp-content\/uploads\/2020\/04\/proyectum-logo-snippet.png","width":600,"height":315,"caption":"Proyectum Chile"},"image":{"@id":"https:\/\/proyectum.com\/cl\/#\/schema\/logo\/image\/"},"sameAs":["https:\/\/www.facebook.com\/proyectumchile\/","https:\/\/www.linkedin.com\/company\/proyectum-cl\/","https:\/\/www.instagram.com\/proyectumchile\/","https:\/\/www.youtube.com\/@proyectum2283\/videos"]}]}},"_links":{"self":[{"href":"https:\/\/proyectum.com\/cl\/wp-json\/wp\/v2\/pages\/9131","targetHints":{"allow":["GET"]}}],"collection":[{"href":"https:\/\/proyectum.com\/cl\/wp-json\/wp\/v2\/pages"}],"about":[{"href":"https:\/\/proyectum.com\/cl\/wp-json\/wp\/v2\/types\/page"}],"author":[{"embeddable":true,"href":"https:\/\/proyectum.com\/cl\/wp-json\/wp\/v2\/users\/26"}],"replies":[{"embeddable":true,"href":"https:\/\/proyectum.com\/cl\/wp-json\/wp\/v2\/comments?post=9131"}],"version-history":[{"count":0,"href":"https:\/\/proyectum.com\/cl\/wp-json\/wp\/v2\/pages\/9131\/revisions"}],"wp:attachment":[{"href":"https:\/\/proyectum.com\/cl\/wp-json\/wp\/v2\/media?parent=9131"}],"curies":[{"name":"wp","href":"https:\/\/api.w.org\/{rel}","templated":true}]}}