{"id":7703,"date":"2025-05-11T11:05:29","date_gmt":"2025-05-11T15:05:29","guid":{"rendered":"https:\/\/proyectum.com\/cl\/?post_type=product&#038;p=7703"},"modified":"2026-04-22T17:12:52","modified_gmt":"2026-04-22T21:12:52","slug":"taller-de-simulacion-de-proyectos","status":"publish","type":"product","link":"https:\/\/proyectum.com\/cl\/product\/taller-de-simulacion-de-proyectos\/","title":{"rendered":"Direcci\u00f3n de Proyectos con enfoque h\u00edbrido"},"content":{"rendered":"<p class=\"p1\">Explora los principios, dominios de desempe\u00f1o y enfoques de la direcci\u00f3n de proyectos, desde predictivos hasta adaptativos. Aprende a iniciar, desarrollar y entregar soluciones, adaptando tu enfoque de gesti\u00f3n al contexto de cada proyecto.<\/p>\n","protected":false},"excerpt":{"rendered":"<p>Explora los principios, dominios de desempe\u00f1o y enfoques de la direcci\u00f3n de proyectos, desde predictivos hasta adaptativos. Aprende a iniciar, desarrollar y entregar soluciones, adaptando tu enfoque de gesti\u00f3n al contexto de cada proyecto.<\/p>\n","protected":false},"featured_media":7704,"comment_status":"closed","ping_status":"closed","template":"","meta":{"_acf_changed":false},"product_brand":[],"product_cat":[184],"product_tag":[],"class_list":{"0":"post-7703","1":"product","2":"type-product","3":"status-publish","4":"has-post-thumbnail","6":"product_cat-direccion-de-proyectos","8":"first","9":"instock","10":"featured","11":"virtual","12":"purchasable","13":"product-type-simple"},"acf":[],"yoast_head":"<!-- This site is optimized with the Yoast SEO plugin v24.4 - https:\/\/yoast.com\/wordpress\/plugins\/seo\/ -->\n<title>Direcci\u00f3n de Proyectos con enfoque h\u00edbrido - Proyectum Chile<\/title>\n<meta name=\"robots\" content=\"index, follow, max-snippet:-1, max-image-preview:large, max-video-preview:-1\" \/>\n<link rel=\"canonical\" href=\"https:\/\/proyectum.com\/cl\/product\/taller-de-simulacion-de-proyectos\/\" \/>\n<meta property=\"og:locale\" content=\"es_ES\" \/>\n<meta property=\"og:type\" content=\"article\" \/>\n<meta property=\"og:title\" content=\"Direcci\u00f3n de Proyectos con enfoque h\u00edbrido - Proyectum Chile\" \/>\n<meta property=\"og:description\" content=\"Explora los principios, dominios de desempe\u00f1o y enfoques de la direcci\u00f3n de proyectos, desde predictivos hasta adaptativos. Aprende a iniciar, desarrollar y entregar soluciones, adaptando tu enfoque de gesti\u00f3n al contexto de cada proyecto.\" \/>\n<meta property=\"og:url\" content=\"https:\/\/proyectum.com\/cl\/product\/taller-de-simulacion-de-proyectos\/\" \/>\n<meta property=\"og:site_name\" content=\"Proyectum Chile\" \/>\n<meta property=\"article:publisher\" content=\"https:\/\/www.facebook.com\/proyectumchile\/\" \/>\n<meta property=\"article:modified_time\" content=\"2026-04-22T21:12:52+00:00\" \/>\n<meta property=\"og:image\" content=\"https:\/\/proyectum.com\/cl\/wp-content\/uploads\/2021\/08\/simulacion-proyectos.jpeg\" \/>\n\t<meta property=\"og:image:width\" content=\"1280\" \/>\n\t<meta property=\"og:image:height\" content=\"853\" \/>\n\t<meta property=\"og:image:type\" content=\"image\/jpeg\" \/>\n<meta name=\"twitter:card\" content=\"summary_large_image\" \/>\n<meta name=\"twitter:label1\" content=\"Tiempo de lectura\" \/>\n\t<meta name=\"twitter:data1\" content=\"1 minuto\" \/>\n<script type=\"application\/ld+json\" class=\"yoast-schema-graph\">{\"@context\":\"https:\/\/schema.org\",\"@graph\":[{\"@type\":\"WebPage\",\"@id\":\"https:\/\/proyectum.com\/cl\/product\/taller-de-simulacion-de-proyectos\/\",\"url\":\"https:\/\/proyectum.com\/cl\/product\/taller-de-simulacion-de-proyectos\/\",\"name\":\"Direcci\u00f3n de Proyectos con enfoque h\u00edbrido - Proyectum Chile\",\"isPartOf\":{\"@id\":\"https:\/\/proyectum.com\/cl\/#website\"},\"primaryImageOfPage\":{\"@id\":\"https:\/\/proyectum.com\/cl\/product\/taller-de-simulacion-de-proyectos\/#primaryimage\"},\"image\":{\"@id\":\"https:\/\/proyectum.com\/cl\/product\/taller-de-simulacion-de-proyectos\/#primaryimage\"},\"thumbnailUrl\":\"https:\/\/proyectum.com\/cl\/wp-content\/uploads\/2021\/08\/simulacion-proyectos.jpeg\",\"datePublished\":\"2025-05-11T15:05:29+00:00\",\"dateModified\":\"2026-04-22T21:12:52+00:00\",\"breadcrumb\":{\"@id\":\"https:\/\/proyectum.com\/cl\/product\/taller-de-simulacion-de-proyectos\/#breadcrumb\"},\"inLanguage\":\"es\",\"potentialAction\":[{\"@type\":\"ReadAction\",\"target\":[\"https:\/\/proyectum.com\/cl\/product\/taller-de-simulacion-de-proyectos\/\"]}]},{\"@type\":\"ImageObject\",\"inLanguage\":\"es\",\"@id\":\"https:\/\/proyectum.com\/cl\/product\/taller-de-simulacion-de-proyectos\/#primaryimage\",\"url\":\"https:\/\/proyectum.com\/cl\/wp-content\/uploads\/2021\/08\/simulacion-proyectos.jpeg\",\"contentUrl\":\"https:\/\/proyectum.com\/cl\/wp-content\/uploads\/2021\/08\/simulacion-proyectos.jpeg\",\"width\":1280,\"height\":853},{\"@type\":\"BreadcrumbList\",\"@id\":\"https:\/\/proyectum.com\/cl\/product\/taller-de-simulacion-de-proyectos\/#breadcrumb\",\"itemListElement\":[{\"@type\":\"ListItem\",\"position\":1,\"name\":\"Home\",\"item\":\"https:\/\/proyectum.com\/cl\/\"},{\"@type\":\"ListItem\",\"position\":2,\"name\":\"Nuestros Cursos\",\"item\":\"https:\/\/proyectum.com\/cl\/nuestros-cursos\/\"},{\"@type\":\"ListItem\",\"position\":3,\"name\":\"Direcci\u00f3n de Proyectos con enfoque h\u00edbrido\"}]},{\"@type\":\"WebSite\",\"@id\":\"https:\/\/proyectum.com\/cl\/#website\",\"url\":\"https:\/\/proyectum.com\/cl\/\",\"name\":\"Proyectum Chile\",\"description\":\"Direcci\u00f3n de Proyectos y Metodolog\u00edas \u00c1giles\",\"publisher\":{\"@id\":\"https:\/\/proyectum.com\/cl\/#organization\"},\"potentialAction\":[{\"@type\":\"SearchAction\",\"target\":{\"@type\":\"EntryPoint\",\"urlTemplate\":\"https:\/\/proyectum.com\/cl\/?s={search_term_string}\"},\"query-input\":{\"@type\":\"PropertyValueSpecification\",\"valueRequired\":true,\"valueName\":\"search_term_string\"}}],\"inLanguage\":\"es\"},{\"@type\":\"Organization\",\"@id\":\"https:\/\/proyectum.com\/cl\/#organization\",\"name\":\"Proyectum Chile\",\"url\":\"https:\/\/proyectum.com\/cl\/\",\"logo\":{\"@type\":\"ImageObject\",\"inLanguage\":\"es\",\"@id\":\"https:\/\/proyectum.com\/cl\/#\/schema\/logo\/image\/\",\"url\":\"https:\/\/proyectum.com\/cl\/wp-content\/uploads\/2020\/04\/proyectum-logo-snippet.png\",\"contentUrl\":\"https:\/\/proyectum.com\/cl\/wp-content\/uploads\/2020\/04\/proyectum-logo-snippet.png\",\"width\":600,\"height\":315,\"caption\":\"Proyectum Chile\"},\"image\":{\"@id\":\"https:\/\/proyectum.com\/cl\/#\/schema\/logo\/image\/\"},\"sameAs\":[\"https:\/\/www.facebook.com\/proyectumchile\/\",\"https:\/\/www.linkedin.com\/company\/proyectum-cl\/\",\"https:\/\/www.instagram.com\/proyectumchile\/\",\"https:\/\/www.youtube.com\/@proyectum2283\/videos\"]}]}<\/script>\n<!-- \/ Yoast SEO plugin. -->","yoast_head_json":{"title":"Direcci\u00f3n de Proyectos con enfoque h\u00edbrido - Proyectum Chile","robots":{"index":"index","follow":"follow","max-snippet":"max-snippet:-1","max-image-preview":"max-image-preview:large","max-video-preview":"max-video-preview:-1"},"canonical":"https:\/\/proyectum.com\/cl\/product\/taller-de-simulacion-de-proyectos\/","og_locale":"es_ES","og_type":"article","og_title":"Direcci\u00f3n de Proyectos con enfoque h\u00edbrido - Proyectum Chile","og_description":"Explora los principios, dominios de desempe\u00f1o y enfoques de la direcci\u00f3n de proyectos, desde predictivos hasta adaptativos. Aprende a iniciar, desarrollar y entregar soluciones, adaptando tu enfoque de gesti\u00f3n al contexto de cada proyecto.","og_url":"https:\/\/proyectum.com\/cl\/product\/taller-de-simulacion-de-proyectos\/","og_site_name":"Proyectum Chile","article_publisher":"https:\/\/www.facebook.com\/proyectumchile\/","article_modified_time":"2026-04-22T21:12:52+00:00","og_image":[{"width":1280,"height":853,"url":"https:\/\/proyectum.com\/cl\/wp-content\/uploads\/2021\/08\/simulacion-proyectos.jpeg","type":"image\/jpeg"}],"twitter_card":"summary_large_image","twitter_misc":{"Tiempo de lectura":"1 minuto"},"schema":{"@context":"https:\/\/schema.org","@graph":[{"@type":"WebPage","@id":"https:\/\/proyectum.com\/cl\/product\/taller-de-simulacion-de-proyectos\/","url":"https:\/\/proyectum.com\/cl\/product\/taller-de-simulacion-de-proyectos\/","name":"Direcci\u00f3n de Proyectos con enfoque h\u00edbrido - Proyectum Chile","isPartOf":{"@id":"https:\/\/proyectum.com\/cl\/#website"},"primaryImageOfPage":{"@id":"https:\/\/proyectum.com\/cl\/product\/taller-de-simulacion-de-proyectos\/#primaryimage"},"image":{"@id":"https:\/\/proyectum.com\/cl\/product\/taller-de-simulacion-de-proyectos\/#primaryimage"},"thumbnailUrl":"https:\/\/proyectum.com\/cl\/wp-content\/uploads\/2021\/08\/simulacion-proyectos.jpeg","datePublished":"2025-05-11T15:05:29+00:00","dateModified":"2026-04-22T21:12:52+00:00","breadcrumb":{"@id":"https:\/\/proyectum.com\/cl\/product\/taller-de-simulacion-de-proyectos\/#breadcrumb"},"inLanguage":"es","potentialAction":[{"@type":"ReadAction","target":["https:\/\/proyectum.com\/cl\/product\/taller-de-simulacion-de-proyectos\/"]}]},{"@type":"ImageObject","inLanguage":"es","@id":"https:\/\/proyectum.com\/cl\/product\/taller-de-simulacion-de-proyectos\/#primaryimage","url":"https:\/\/proyectum.com\/cl\/wp-content\/uploads\/2021\/08\/simulacion-proyectos.jpeg","contentUrl":"https:\/\/proyectum.com\/cl\/wp-content\/uploads\/2021\/08\/simulacion-proyectos.jpeg","width":1280,"height":853},{"@type":"BreadcrumbList","@id":"https:\/\/proyectum.com\/cl\/product\/taller-de-simulacion-de-proyectos\/#breadcrumb","itemListElement":[{"@type":"ListItem","position":1,"name":"Home","item":"https:\/\/proyectum.com\/cl\/"},{"@type":"ListItem","position":2,"name":"Nuestros Cursos","item":"https:\/\/proyectum.com\/cl\/nuestros-cursos\/"},{"@type":"ListItem","position":3,"name":"Direcci\u00f3n de Proyectos con enfoque h\u00edbrido"}]},{"@type":"WebSite","@id":"https:\/\/proyectum.com\/cl\/#website","url":"https:\/\/proyectum.com\/cl\/","name":"Proyectum Chile","description":"Direcci\u00f3n de Proyectos y Metodolog\u00edas \u00c1giles","publisher":{"@id":"https:\/\/proyectum.com\/cl\/#organization"},"potentialAction":[{"@type":"SearchAction","target":{"@type":"EntryPoint","urlTemplate":"https:\/\/proyectum.com\/cl\/?s={search_term_string}"},"query-input":{"@type":"PropertyValueSpecification","valueRequired":true,"valueName":"search_term_string"}}],"inLanguage":"es"},{"@type":"Organization","@id":"https:\/\/proyectum.com\/cl\/#organization","name":"Proyectum Chile","url":"https:\/\/proyectum.com\/cl\/","logo":{"@type":"ImageObject","inLanguage":"es","@id":"https:\/\/proyectum.com\/cl\/#\/schema\/logo\/image\/","url":"https:\/\/proyectum.com\/cl\/wp-content\/uploads\/2020\/04\/proyectum-logo-snippet.png","contentUrl":"https:\/\/proyectum.com\/cl\/wp-content\/uploads\/2020\/04\/proyectum-logo-snippet.png","width":600,"height":315,"caption":"Proyectum Chile"},"image":{"@id":"https:\/\/proyectum.com\/cl\/#\/schema\/logo\/image\/"},"sameAs":["https:\/\/www.facebook.com\/proyectumchile\/","https:\/\/www.linkedin.com\/company\/proyectum-cl\/","https:\/\/www.instagram.com\/proyectumchile\/","https:\/\/www.youtube.com\/@proyectum2283\/videos"]}]}},"_links":{"self":[{"href":"https:\/\/proyectum.com\/cl\/wp-json\/wp\/v2\/product\/7703","targetHints":{"allow":["GET"]}}],"collection":[{"href":"https:\/\/proyectum.com\/cl\/wp-json\/wp\/v2\/product"}],"about":[{"href":"https:\/\/proyectum.com\/cl\/wp-json\/wp\/v2\/types\/product"}],"replies":[{"embeddable":true,"href":"https:\/\/proyectum.com\/cl\/wp-json\/wp\/v2\/comments?post=7703"}],"version-history":[{"count":0,"href":"https:\/\/proyectum.com\/cl\/wp-json\/wp\/v2\/product\/7703\/revisions"}],"wp:featuredmedia":[{"embeddable":true,"href":"https:\/\/proyectum.com\/cl\/wp-json\/wp\/v2\/media\/7704"}],"wp:attachment":[{"href":"https:\/\/proyectum.com\/cl\/wp-json\/wp\/v2\/media?parent=7703"}],"wp:term":[{"taxonomy":"product_brand","embeddable":true,"href":"https:\/\/proyectum.com\/cl\/wp-json\/wp\/v2\/product_brand?post=7703"},{"taxonomy":"product_cat","embeddable":true,"href":"https:\/\/proyectum.com\/cl\/wp-json\/wp\/v2\/product_cat?post=7703"},{"taxonomy":"product_tag","embeddable":true,"href":"https:\/\/proyectum.com\/cl\/wp-json\/wp\/v2\/product_tag?post=7703"}],"curies":[{"name":"wp","href":"https:\/\/api.w.org\/{rel}","templated":true}]}}