{"id":7713,"date":"2025-05-11T11:10:54","date_gmt":"2025-05-11T15:10:54","guid":{"rendered":"https:\/\/proyectum.com\/cl\/?post_type=product&#038;p=7713"},"modified":"2026-01-06T13:35:52","modified_gmt":"2026-01-06T16:35:52","slug":"curso-de-preparacion-a-la-certificacion-capm","status":"publish","type":"product","link":"https:\/\/proyectum.com\/cl\/product\/curso-de-preparacion-a-la-certificacion-capm\/","title":{"rendered":"Preparaci\u00f3n para la certificaci\u00f3n CAPM \u00ae"},"content":{"rendered":"<p class=\"p1\">Profundiza en los procesos, ciclos de vida y metodolog\u00edas de gesti\u00f3n de proyectos, tanto predictivas como adaptativas. Aprende a planificar, ejecutar y controlar proyectos, dominando las herramientas y t\u00e9cnicas del PMI\u00ae. Prep\u00e1rate para integrarte en proyectos de gran envergadura y alcanzar el \u00e9xito profesional.<\/p>\n","protected":false},"excerpt":{"rendered":"<p>Profundiza en los procesos, ciclos de vida y metodolog\u00edas de gesti\u00f3n de proyectos, tanto predictivas como adaptativas. Aprende a planificar, ejecutar y controlar proyectos, dominando las herramientas y t\u00e9cnicas del PMI\u00ae. Prep\u00e1rate para integrarte en proyectos de gran envergadura y alcanzar el \u00e9xito profesional.<\/p>\n","protected":false},"featured_media":11339,"comment_status":"closed","ping_status":"closed","template":"","meta":{"_acf_changed":false},"product_brand":[],"product_cat":[184],"product_tag":[],"class_list":{"0":"post-7713","1":"product","2":"type-product","3":"status-publish","4":"has-post-thumbnail","6":"product_cat-direccion-de-proyectos","8":"first","9":"instock","10":"featured","11":"virtual","12":"purchasable","13":"product-type-simple"},"acf":[],"yoast_head":"<!-- This site is optimized with the Yoast SEO plugin v24.4 - https:\/\/yoast.com\/wordpress\/plugins\/seo\/ -->\n<title>Preparaci\u00f3n para la certificaci\u00f3n CAPM \u00ae - Proyectum Chile<\/title>\n<meta name=\"robots\" content=\"index, follow, max-snippet:-1, max-image-preview:large, max-video-preview:-1\" \/>\n<link rel=\"canonical\" href=\"https:\/\/proyectum.com\/cl\/product\/curso-de-preparacion-a-la-certificacion-capm\/\" \/>\n<meta property=\"og:locale\" content=\"es_ES\" \/>\n<meta property=\"og:type\" content=\"article\" \/>\n<meta property=\"og:title\" content=\"Preparaci\u00f3n para la certificaci\u00f3n CAPM \u00ae - Proyectum Chile\" \/>\n<meta property=\"og:description\" content=\"Profundiza en los procesos, ciclos de vida y metodolog\u00edas de gesti\u00f3n de proyectos, tanto predictivas como adaptativas. Aprende a planificar, ejecutar y controlar proyectos, dominando las herramientas y t\u00e9cnicas del PMI\u00ae. Prep\u00e1rate para integrarte en proyectos de gran envergadura y alcanzar el \u00e9xito profesional.\" \/>\n<meta property=\"og:url\" content=\"https:\/\/proyectum.com\/cl\/product\/curso-de-preparacion-a-la-certificacion-capm\/\" \/>\n<meta property=\"og:site_name\" content=\"Proyectum Chile\" \/>\n<meta property=\"article:publisher\" content=\"https:\/\/www.facebook.com\/proyectumchile\/\" \/>\n<meta property=\"article:modified_time\" content=\"2026-01-06T16:35:52+00:00\" \/>\n<meta property=\"og:image\" content=\"https:\/\/proyectum.com\/cl\/wp-content\/uploads\/2025\/05\/admin-ajax.jpg\" \/>\n\t<meta property=\"og:image:width\" content=\"600\" \/>\n\t<meta property=\"og:image:height\" content=\"600\" \/>\n\t<meta property=\"og:image:type\" content=\"image\/jpeg\" \/>\n<meta name=\"twitter:card\" content=\"summary_large_image\" \/>\n<meta name=\"twitter:label1\" content=\"Tiempo de lectura\" \/>\n\t<meta name=\"twitter:data1\" content=\"1 minuto\" \/>\n<script type=\"application\/ld+json\" class=\"yoast-schema-graph\">{\"@context\":\"https:\/\/schema.org\",\"@graph\":[{\"@type\":\"WebPage\",\"@id\":\"https:\/\/proyectum.com\/cl\/product\/curso-de-preparacion-a-la-certificacion-capm\/\",\"url\":\"https:\/\/proyectum.com\/cl\/product\/curso-de-preparacion-a-la-certificacion-capm\/\",\"name\":\"Preparaci\u00f3n para la certificaci\u00f3n CAPM \u00ae - Proyectum Chile\",\"isPartOf\":{\"@id\":\"https:\/\/proyectum.com\/cl\/#website\"},\"primaryImageOfPage\":{\"@id\":\"https:\/\/proyectum.com\/cl\/product\/curso-de-preparacion-a-la-certificacion-capm\/#primaryimage\"},\"image\":{\"@id\":\"https:\/\/proyectum.com\/cl\/product\/curso-de-preparacion-a-la-certificacion-capm\/#primaryimage\"},\"thumbnailUrl\":\"https:\/\/proyectum.com\/cl\/wp-content\/uploads\/2025\/05\/admin-ajax.jpg\",\"datePublished\":\"2025-05-11T15:10:54+00:00\",\"dateModified\":\"2026-01-06T16:35:52+00:00\",\"breadcrumb\":{\"@id\":\"https:\/\/proyectum.com\/cl\/product\/curso-de-preparacion-a-la-certificacion-capm\/#breadcrumb\"},\"inLanguage\":\"es\",\"potentialAction\":[{\"@type\":\"ReadAction\",\"target\":[\"https:\/\/proyectum.com\/cl\/product\/curso-de-preparacion-a-la-certificacion-capm\/\"]}]},{\"@type\":\"ImageObject\",\"inLanguage\":\"es\",\"@id\":\"https:\/\/proyectum.com\/cl\/product\/curso-de-preparacion-a-la-certificacion-capm\/#primaryimage\",\"url\":\"https:\/\/proyectum.com\/cl\/wp-content\/uploads\/2025\/05\/admin-ajax.jpg\",\"contentUrl\":\"https:\/\/proyectum.com\/cl\/wp-content\/uploads\/2025\/05\/admin-ajax.jpg\",\"width\":600,\"height\":600},{\"@type\":\"BreadcrumbList\",\"@id\":\"https:\/\/proyectum.com\/cl\/product\/curso-de-preparacion-a-la-certificacion-capm\/#breadcrumb\",\"itemListElement\":[{\"@type\":\"ListItem\",\"position\":1,\"name\":\"Home\",\"item\":\"https:\/\/proyectum.com\/cl\/\"},{\"@type\":\"ListItem\",\"position\":2,\"name\":\"Nuestros Cursos\",\"item\":\"https:\/\/proyectum.com\/cl\/nuestros-cursos\/\"},{\"@type\":\"ListItem\",\"position\":3,\"name\":\"Preparaci\u00f3n para la certificaci\u00f3n CAPM \u00ae\"}]},{\"@type\":\"WebSite\",\"@id\":\"https:\/\/proyectum.com\/cl\/#website\",\"url\":\"https:\/\/proyectum.com\/cl\/\",\"name\":\"Proyectum Chile\",\"description\":\"Direcci\u00f3n de Proyectos y Metodolog\u00edas \u00c1giles\",\"publisher\":{\"@id\":\"https:\/\/proyectum.com\/cl\/#organization\"},\"potentialAction\":[{\"@type\":\"SearchAction\",\"target\":{\"@type\":\"EntryPoint\",\"urlTemplate\":\"https:\/\/proyectum.com\/cl\/?s={search_term_string}\"},\"query-input\":{\"@type\":\"PropertyValueSpecification\",\"valueRequired\":true,\"valueName\":\"search_term_string\"}}],\"inLanguage\":\"es\"},{\"@type\":\"Organization\",\"@id\":\"https:\/\/proyectum.com\/cl\/#organization\",\"name\":\"Proyectum Chile\",\"url\":\"https:\/\/proyectum.com\/cl\/\",\"logo\":{\"@type\":\"ImageObject\",\"inLanguage\":\"es\",\"@id\":\"https:\/\/proyectum.com\/cl\/#\/schema\/logo\/image\/\",\"url\":\"https:\/\/proyectum.com\/cl\/wp-content\/uploads\/2020\/04\/proyectum-logo-snippet.png\",\"contentUrl\":\"https:\/\/proyectum.com\/cl\/wp-content\/uploads\/2020\/04\/proyectum-logo-snippet.png\",\"width\":600,\"height\":315,\"caption\":\"Proyectum Chile\"},\"image\":{\"@id\":\"https:\/\/proyectum.com\/cl\/#\/schema\/logo\/image\/\"},\"sameAs\":[\"https:\/\/www.facebook.com\/proyectumchile\/\",\"https:\/\/www.linkedin.com\/company\/proyectum-cl\/\",\"https:\/\/www.instagram.com\/proyectumchile\/\",\"https:\/\/www.youtube.com\/@proyectum2283\/videos\"]}]}<\/script>\n<!-- \/ Yoast SEO plugin. -->","yoast_head_json":{"title":"Preparaci\u00f3n para la certificaci\u00f3n CAPM \u00ae - Proyectum Chile","robots":{"index":"index","follow":"follow","max-snippet":"max-snippet:-1","max-image-preview":"max-image-preview:large","max-video-preview":"max-video-preview:-1"},"canonical":"https:\/\/proyectum.com\/cl\/product\/curso-de-preparacion-a-la-certificacion-capm\/","og_locale":"es_ES","og_type":"article","og_title":"Preparaci\u00f3n para la certificaci\u00f3n CAPM \u00ae - Proyectum Chile","og_description":"Profundiza en los procesos, ciclos de vida y metodolog\u00edas de gesti\u00f3n de proyectos, tanto predictivas como adaptativas. Aprende a planificar, ejecutar y controlar proyectos, dominando las herramientas y t\u00e9cnicas del PMI\u00ae. Prep\u00e1rate para integrarte en proyectos de gran envergadura y alcanzar el \u00e9xito profesional.","og_url":"https:\/\/proyectum.com\/cl\/product\/curso-de-preparacion-a-la-certificacion-capm\/","og_site_name":"Proyectum Chile","article_publisher":"https:\/\/www.facebook.com\/proyectumchile\/","article_modified_time":"2026-01-06T16:35:52+00:00","og_image":[{"width":600,"height":600,"url":"https:\/\/proyectum.com\/cl\/wp-content\/uploads\/2025\/05\/admin-ajax.jpg","type":"image\/jpeg"}],"twitter_card":"summary_large_image","twitter_misc":{"Tiempo de lectura":"1 minuto"},"schema":{"@context":"https:\/\/schema.org","@graph":[{"@type":"WebPage","@id":"https:\/\/proyectum.com\/cl\/product\/curso-de-preparacion-a-la-certificacion-capm\/","url":"https:\/\/proyectum.com\/cl\/product\/curso-de-preparacion-a-la-certificacion-capm\/","name":"Preparaci\u00f3n para la certificaci\u00f3n CAPM \u00ae - Proyectum Chile","isPartOf":{"@id":"https:\/\/proyectum.com\/cl\/#website"},"primaryImageOfPage":{"@id":"https:\/\/proyectum.com\/cl\/product\/curso-de-preparacion-a-la-certificacion-capm\/#primaryimage"},"image":{"@id":"https:\/\/proyectum.com\/cl\/product\/curso-de-preparacion-a-la-certificacion-capm\/#primaryimage"},"thumbnailUrl":"https:\/\/proyectum.com\/cl\/wp-content\/uploads\/2025\/05\/admin-ajax.jpg","datePublished":"2025-05-11T15:10:54+00:00","dateModified":"2026-01-06T16:35:52+00:00","breadcrumb":{"@id":"https:\/\/proyectum.com\/cl\/product\/curso-de-preparacion-a-la-certificacion-capm\/#breadcrumb"},"inLanguage":"es","potentialAction":[{"@type":"ReadAction","target":["https:\/\/proyectum.com\/cl\/product\/curso-de-preparacion-a-la-certificacion-capm\/"]}]},{"@type":"ImageObject","inLanguage":"es","@id":"https:\/\/proyectum.com\/cl\/product\/curso-de-preparacion-a-la-certificacion-capm\/#primaryimage","url":"https:\/\/proyectum.com\/cl\/wp-content\/uploads\/2025\/05\/admin-ajax.jpg","contentUrl":"https:\/\/proyectum.com\/cl\/wp-content\/uploads\/2025\/05\/admin-ajax.jpg","width":600,"height":600},{"@type":"BreadcrumbList","@id":"https:\/\/proyectum.com\/cl\/product\/curso-de-preparacion-a-la-certificacion-capm\/#breadcrumb","itemListElement":[{"@type":"ListItem","position":1,"name":"Home","item":"https:\/\/proyectum.com\/cl\/"},{"@type":"ListItem","position":2,"name":"Nuestros Cursos","item":"https:\/\/proyectum.com\/cl\/nuestros-cursos\/"},{"@type":"ListItem","position":3,"name":"Preparaci\u00f3n para la certificaci\u00f3n CAPM \u00ae"}]},{"@type":"WebSite","@id":"https:\/\/proyectum.com\/cl\/#website","url":"https:\/\/proyectum.com\/cl\/","name":"Proyectum Chile","description":"Direcci\u00f3n de Proyectos y Metodolog\u00edas \u00c1giles","publisher":{"@id":"https:\/\/proyectum.com\/cl\/#organization"},"potentialAction":[{"@type":"SearchAction","target":{"@type":"EntryPoint","urlTemplate":"https:\/\/proyectum.com\/cl\/?s={search_term_string}"},"query-input":{"@type":"PropertyValueSpecification","valueRequired":true,"valueName":"search_term_string"}}],"inLanguage":"es"},{"@type":"Organization","@id":"https:\/\/proyectum.com\/cl\/#organization","name":"Proyectum Chile","url":"https:\/\/proyectum.com\/cl\/","logo":{"@type":"ImageObject","inLanguage":"es","@id":"https:\/\/proyectum.com\/cl\/#\/schema\/logo\/image\/","url":"https:\/\/proyectum.com\/cl\/wp-content\/uploads\/2020\/04\/proyectum-logo-snippet.png","contentUrl":"https:\/\/proyectum.com\/cl\/wp-content\/uploads\/2020\/04\/proyectum-logo-snippet.png","width":600,"height":315,"caption":"Proyectum Chile"},"image":{"@id":"https:\/\/proyectum.com\/cl\/#\/schema\/logo\/image\/"},"sameAs":["https:\/\/www.facebook.com\/proyectumchile\/","https:\/\/www.linkedin.com\/company\/proyectum-cl\/","https:\/\/www.instagram.com\/proyectumchile\/","https:\/\/www.youtube.com\/@proyectum2283\/videos"]}]}},"_links":{"self":[{"href":"https:\/\/proyectum.com\/cl\/wp-json\/wp\/v2\/product\/7713","targetHints":{"allow":["GET"]}}],"collection":[{"href":"https:\/\/proyectum.com\/cl\/wp-json\/wp\/v2\/product"}],"about":[{"href":"https:\/\/proyectum.com\/cl\/wp-json\/wp\/v2\/types\/product"}],"replies":[{"embeddable":true,"href":"https:\/\/proyectum.com\/cl\/wp-json\/wp\/v2\/comments?post=7713"}],"version-history":[{"count":0,"href":"https:\/\/proyectum.com\/cl\/wp-json\/wp\/v2\/product\/7713\/revisions"}],"wp:featuredmedia":[{"embeddable":true,"href":"https:\/\/proyectum.com\/cl\/wp-json\/wp\/v2\/media\/11339"}],"wp:attachment":[{"href":"https:\/\/proyectum.com\/cl\/wp-json\/wp\/v2\/media?parent=7713"}],"wp:term":[{"taxonomy":"product_brand","embeddable":true,"href":"https:\/\/proyectum.com\/cl\/wp-json\/wp\/v2\/product_brand?post=7713"},{"taxonomy":"product_cat","embeddable":true,"href":"https:\/\/proyectum.com\/cl\/wp-json\/wp\/v2\/product_cat?post=7713"},{"taxonomy":"product_tag","embeddable":true,"href":"https:\/\/proyectum.com\/cl\/wp-json\/wp\/v2\/product_tag?post=7713"}],"curies":[{"name":"wp","href":"https:\/\/api.w.org\/{rel}","templated":true}]}}