{"id":7714,"date":"2021-08-23T11:39:00","date_gmt":"2021-08-23T15:39:00","guid":{"rendered":"https:\/\/proyectum.com\/cl\/?post_type=product&#038;p=7714"},"modified":"2025-04-22T17:22:52","modified_gmt":"2025-04-22T21:22:52","slug":"curso-de-preparacion-a-istqb-foundation-level-certified-tested","status":"publish","type":"product","link":"https:\/\/proyectum.com\/cl\/product\/curso-de-preparacion-a-istqb-foundation-level-certified-tested\/","title":{"rendered":"Curso de Preparaci\u00f3n a ISTQB\u00ae"},"content":{"rendered":"<p class=\"p1\">Descubre los fundamentos, t\u00e9cnicas y administraci\u00f3n del testing, y prep\u00e1rate para el examen de certificaci\u00f3n ISTQB\u00ae. Descubre c\u00f3mo aplicar el testing en cualquier ciclo de vida del software y ampl\u00eda tus conocimientos en el mundo del aseguramiento de la calidad.<\/p>\n","protected":false},"excerpt":{"rendered":"<p>Descubre los fundamentos, t\u00e9cnicas y administraci\u00f3n del testing, y prep\u00e1rate para el examen de certificaci\u00f3n ISTQB\u00ae. Descubre c\u00f3mo aplicar el testing en cualquier ciclo de vida del software y ampl\u00eda tus conocimientos en el mundo del aseguramiento de la calidad.<\/p>\n","protected":false},"featured_media":9012,"comment_status":"closed","ping_status":"closed","template":"","meta":{"_acf_changed":false},"product_brand":[],"product_cat":[203],"product_tag":[],"class_list":{"0":"post-7714","1":"product","2":"type-product","3":"status-publish","4":"has-post-thumbnail","6":"product_cat-servicios-ti","8":"first","9":"instock","10":"virtual","11":"product-type-simple"},"acf":[],"yoast_head":"<!-- This site is optimized with the Yoast SEO plugin v24.4 - https:\/\/yoast.com\/wordpress\/plugins\/seo\/ -->\n<title>Curso de Preparaci\u00f3n a ISTQB\u00ae - Proyectum Chile<\/title>\n<meta name=\"robots\" content=\"index, follow, max-snippet:-1, max-image-preview:large, max-video-preview:-1\" \/>\n<link rel=\"canonical\" href=\"https:\/\/proyectum.com\/cl\/product\/curso-de-preparacion-a-istqb-foundation-level-certified-tested\/\" \/>\n<meta property=\"og:locale\" content=\"es_ES\" \/>\n<meta property=\"og:type\" content=\"article\" \/>\n<meta property=\"og:title\" content=\"Curso de Preparaci\u00f3n a ISTQB\u00ae - Proyectum Chile\" \/>\n<meta property=\"og:description\" content=\"Descubre los fundamentos, t\u00e9cnicas y administraci\u00f3n del testing, y prep\u00e1rate para el examen de certificaci\u00f3n ISTQB\u00ae. Descubre c\u00f3mo aplicar el testing en cualquier ciclo de vida del software y ampl\u00eda tus conocimientos en el mundo del aseguramiento de la calidad.\" \/>\n<meta property=\"og:url\" content=\"https:\/\/proyectum.com\/cl\/product\/curso-de-preparacion-a-istqb-foundation-level-certified-tested\/\" \/>\n<meta property=\"og:site_name\" content=\"Proyectum Chile\" \/>\n<meta property=\"article:publisher\" content=\"https:\/\/www.facebook.com\/proyectumchile\/\" \/>\n<meta property=\"article:modified_time\" content=\"2025-04-22T21:22:52+00:00\" \/>\n<meta property=\"og:image\" content=\"https:\/\/proyectum.com\/cl\/wp-content\/uploads\/2021\/08\/11.-28.03-Programa-Curso-ISTQB.webp\" \/>\n\t<meta property=\"og:image:width\" content=\"500\" \/>\n\t<meta property=\"og:image:height\" content=\"707\" \/>\n\t<meta property=\"og:image:type\" content=\"image\/webp\" \/>\n<meta name=\"twitter:card\" content=\"summary_large_image\" \/>\n<meta name=\"twitter:label1\" content=\"Tiempo de lectura\" \/>\n\t<meta name=\"twitter:data1\" content=\"1 minuto\" \/>\n<script type=\"application\/ld+json\" class=\"yoast-schema-graph\">{\"@context\":\"https:\/\/schema.org\",\"@graph\":[{\"@type\":\"WebPage\",\"@id\":\"https:\/\/proyectum.com\/cl\/product\/curso-de-preparacion-a-istqb-foundation-level-certified-tested\/\",\"url\":\"https:\/\/proyectum.com\/cl\/product\/curso-de-preparacion-a-istqb-foundation-level-certified-tested\/\",\"name\":\"Curso de Preparaci\u00f3n a ISTQB\u00ae - Proyectum Chile\",\"isPartOf\":{\"@id\":\"https:\/\/proyectum.com\/cl\/#website\"},\"primaryImageOfPage\":{\"@id\":\"https:\/\/proyectum.com\/cl\/product\/curso-de-preparacion-a-istqb-foundation-level-certified-tested\/#primaryimage\"},\"image\":{\"@id\":\"https:\/\/proyectum.com\/cl\/product\/curso-de-preparacion-a-istqb-foundation-level-certified-tested\/#primaryimage\"},\"thumbnailUrl\":\"https:\/\/proyectum.com\/cl\/wp-content\/uploads\/2021\/08\/11.-28.03-Programa-Curso-ISTQB.webp\",\"datePublished\":\"2021-08-23T15:39:00+00:00\",\"dateModified\":\"2025-04-22T21:22:52+00:00\",\"breadcrumb\":{\"@id\":\"https:\/\/proyectum.com\/cl\/product\/curso-de-preparacion-a-istqb-foundation-level-certified-tested\/#breadcrumb\"},\"inLanguage\":\"es\",\"potentialAction\":[{\"@type\":\"ReadAction\",\"target\":[\"https:\/\/proyectum.com\/cl\/product\/curso-de-preparacion-a-istqb-foundation-level-certified-tested\/\"]}]},{\"@type\":\"ImageObject\",\"inLanguage\":\"es\",\"@id\":\"https:\/\/proyectum.com\/cl\/product\/curso-de-preparacion-a-istqb-foundation-level-certified-tested\/#primaryimage\",\"url\":\"https:\/\/proyectum.com\/cl\/wp-content\/uploads\/2021\/08\/11.-28.03-Programa-Curso-ISTQB.webp\",\"contentUrl\":\"https:\/\/proyectum.com\/cl\/wp-content\/uploads\/2021\/08\/11.-28.03-Programa-Curso-ISTQB.webp\",\"width\":500,\"height\":707,\"caption\":\"Proyectum chile\"},{\"@type\":\"BreadcrumbList\",\"@id\":\"https:\/\/proyectum.com\/cl\/product\/curso-de-preparacion-a-istqb-foundation-level-certified-tested\/#breadcrumb\",\"itemListElement\":[{\"@type\":\"ListItem\",\"position\":1,\"name\":\"Home\",\"item\":\"https:\/\/proyectum.com\/cl\/\"},{\"@type\":\"ListItem\",\"position\":2,\"name\":\"Nuestros Cursos\",\"item\":\"https:\/\/proyectum.com\/cl\/nuestros-cursos\/\"},{\"@type\":\"ListItem\",\"position\":3,\"name\":\"Curso de Preparaci\u00f3n a ISTQB\u00ae\"}]},{\"@type\":\"WebSite\",\"@id\":\"https:\/\/proyectum.com\/cl\/#website\",\"url\":\"https:\/\/proyectum.com\/cl\/\",\"name\":\"Proyectum Chile\",\"description\":\"Direcci\u00f3n de Proyectos y Metodolog\u00edas \u00c1giles\",\"publisher\":{\"@id\":\"https:\/\/proyectum.com\/cl\/#organization\"},\"potentialAction\":[{\"@type\":\"SearchAction\",\"target\":{\"@type\":\"EntryPoint\",\"urlTemplate\":\"https:\/\/proyectum.com\/cl\/?s={search_term_string}\"},\"query-input\":{\"@type\":\"PropertyValueSpecification\",\"valueRequired\":true,\"valueName\":\"search_term_string\"}}],\"inLanguage\":\"es\"},{\"@type\":\"Organization\",\"@id\":\"https:\/\/proyectum.com\/cl\/#organization\",\"name\":\"Proyectum Chile\",\"url\":\"https:\/\/proyectum.com\/cl\/\",\"logo\":{\"@type\":\"ImageObject\",\"inLanguage\":\"es\",\"@id\":\"https:\/\/proyectum.com\/cl\/#\/schema\/logo\/image\/\",\"url\":\"https:\/\/proyectum.com\/cl\/wp-content\/uploads\/2020\/04\/proyectum-logo-snippet.png\",\"contentUrl\":\"https:\/\/proyectum.com\/cl\/wp-content\/uploads\/2020\/04\/proyectum-logo-snippet.png\",\"width\":600,\"height\":315,\"caption\":\"Proyectum Chile\"},\"image\":{\"@id\":\"https:\/\/proyectum.com\/cl\/#\/schema\/logo\/image\/\"},\"sameAs\":[\"https:\/\/www.facebook.com\/proyectumchile\/\",\"https:\/\/www.linkedin.com\/company\/proyectum-cl\/\",\"https:\/\/www.instagram.com\/proyectumchile\/\",\"https:\/\/www.youtube.com\/@proyectum2283\/videos\"]}]}<\/script>\n<!-- \/ Yoast SEO plugin. -->","yoast_head_json":{"title":"Curso de Preparaci\u00f3n a ISTQB\u00ae - Proyectum Chile","robots":{"index":"index","follow":"follow","max-snippet":"max-snippet:-1","max-image-preview":"max-image-preview:large","max-video-preview":"max-video-preview:-1"},"canonical":"https:\/\/proyectum.com\/cl\/product\/curso-de-preparacion-a-istqb-foundation-level-certified-tested\/","og_locale":"es_ES","og_type":"article","og_title":"Curso de Preparaci\u00f3n a ISTQB\u00ae - Proyectum Chile","og_description":"Descubre los fundamentos, t\u00e9cnicas y administraci\u00f3n del testing, y prep\u00e1rate para el examen de certificaci\u00f3n ISTQB\u00ae. Descubre c\u00f3mo aplicar el testing en cualquier ciclo de vida del software y ampl\u00eda tus conocimientos en el mundo del aseguramiento de la calidad.","og_url":"https:\/\/proyectum.com\/cl\/product\/curso-de-preparacion-a-istqb-foundation-level-certified-tested\/","og_site_name":"Proyectum Chile","article_publisher":"https:\/\/www.facebook.com\/proyectumchile\/","article_modified_time":"2025-04-22T21:22:52+00:00","og_image":[{"width":500,"height":707,"url":"https:\/\/proyectum.com\/cl\/wp-content\/uploads\/2021\/08\/11.-28.03-Programa-Curso-ISTQB.webp","type":"image\/webp"}],"twitter_card":"summary_large_image","twitter_misc":{"Tiempo de lectura":"1 minuto"},"schema":{"@context":"https:\/\/schema.org","@graph":[{"@type":"WebPage","@id":"https:\/\/proyectum.com\/cl\/product\/curso-de-preparacion-a-istqb-foundation-level-certified-tested\/","url":"https:\/\/proyectum.com\/cl\/product\/curso-de-preparacion-a-istqb-foundation-level-certified-tested\/","name":"Curso de Preparaci\u00f3n a ISTQB\u00ae - Proyectum Chile","isPartOf":{"@id":"https:\/\/proyectum.com\/cl\/#website"},"primaryImageOfPage":{"@id":"https:\/\/proyectum.com\/cl\/product\/curso-de-preparacion-a-istqb-foundation-level-certified-tested\/#primaryimage"},"image":{"@id":"https:\/\/proyectum.com\/cl\/product\/curso-de-preparacion-a-istqb-foundation-level-certified-tested\/#primaryimage"},"thumbnailUrl":"https:\/\/proyectum.com\/cl\/wp-content\/uploads\/2021\/08\/11.-28.03-Programa-Curso-ISTQB.webp","datePublished":"2021-08-23T15:39:00+00:00","dateModified":"2025-04-22T21:22:52+00:00","breadcrumb":{"@id":"https:\/\/proyectum.com\/cl\/product\/curso-de-preparacion-a-istqb-foundation-level-certified-tested\/#breadcrumb"},"inLanguage":"es","potentialAction":[{"@type":"ReadAction","target":["https:\/\/proyectum.com\/cl\/product\/curso-de-preparacion-a-istqb-foundation-level-certified-tested\/"]}]},{"@type":"ImageObject","inLanguage":"es","@id":"https:\/\/proyectum.com\/cl\/product\/curso-de-preparacion-a-istqb-foundation-level-certified-tested\/#primaryimage","url":"https:\/\/proyectum.com\/cl\/wp-content\/uploads\/2021\/08\/11.-28.03-Programa-Curso-ISTQB.webp","contentUrl":"https:\/\/proyectum.com\/cl\/wp-content\/uploads\/2021\/08\/11.-28.03-Programa-Curso-ISTQB.webp","width":500,"height":707,"caption":"Proyectum chile"},{"@type":"BreadcrumbList","@id":"https:\/\/proyectum.com\/cl\/product\/curso-de-preparacion-a-istqb-foundation-level-certified-tested\/#breadcrumb","itemListElement":[{"@type":"ListItem","position":1,"name":"Home","item":"https:\/\/proyectum.com\/cl\/"},{"@type":"ListItem","position":2,"name":"Nuestros Cursos","item":"https:\/\/proyectum.com\/cl\/nuestros-cursos\/"},{"@type":"ListItem","position":3,"name":"Curso de Preparaci\u00f3n a ISTQB\u00ae"}]},{"@type":"WebSite","@id":"https:\/\/proyectum.com\/cl\/#website","url":"https:\/\/proyectum.com\/cl\/","name":"Proyectum Chile","description":"Direcci\u00f3n de Proyectos y Metodolog\u00edas \u00c1giles","publisher":{"@id":"https:\/\/proyectum.com\/cl\/#organization"},"potentialAction":[{"@type":"SearchAction","target":{"@type":"EntryPoint","urlTemplate":"https:\/\/proyectum.com\/cl\/?s={search_term_string}"},"query-input":{"@type":"PropertyValueSpecification","valueRequired":true,"valueName":"search_term_string"}}],"inLanguage":"es"},{"@type":"Organization","@id":"https:\/\/proyectum.com\/cl\/#organization","name":"Proyectum Chile","url":"https:\/\/proyectum.com\/cl\/","logo":{"@type":"ImageObject","inLanguage":"es","@id":"https:\/\/proyectum.com\/cl\/#\/schema\/logo\/image\/","url":"https:\/\/proyectum.com\/cl\/wp-content\/uploads\/2020\/04\/proyectum-logo-snippet.png","contentUrl":"https:\/\/proyectum.com\/cl\/wp-content\/uploads\/2020\/04\/proyectum-logo-snippet.png","width":600,"height":315,"caption":"Proyectum Chile"},"image":{"@id":"https:\/\/proyectum.com\/cl\/#\/schema\/logo\/image\/"},"sameAs":["https:\/\/www.facebook.com\/proyectumchile\/","https:\/\/www.linkedin.com\/company\/proyectum-cl\/","https:\/\/www.instagram.com\/proyectumchile\/","https:\/\/www.youtube.com\/@proyectum2283\/videos"]}]}},"_links":{"self":[{"href":"https:\/\/proyectum.com\/cl\/wp-json\/wp\/v2\/product\/7714","targetHints":{"allow":["GET"]}}],"collection":[{"href":"https:\/\/proyectum.com\/cl\/wp-json\/wp\/v2\/product"}],"about":[{"href":"https:\/\/proyectum.com\/cl\/wp-json\/wp\/v2\/types\/product"}],"replies":[{"embeddable":true,"href":"https:\/\/proyectum.com\/cl\/wp-json\/wp\/v2\/comments?post=7714"}],"version-history":[{"count":0,"href":"https:\/\/proyectum.com\/cl\/wp-json\/wp\/v2\/product\/7714\/revisions"}],"wp:featuredmedia":[{"embeddable":true,"href":"https:\/\/proyectum.com\/cl\/wp-json\/wp\/v2\/media\/9012"}],"wp:attachment":[{"href":"https:\/\/proyectum.com\/cl\/wp-json\/wp\/v2\/media?parent=7714"}],"wp:term":[{"taxonomy":"product_brand","embeddable":true,"href":"https:\/\/proyectum.com\/cl\/wp-json\/wp\/v2\/product_brand?post=7714"},{"taxonomy":"product_cat","embeddable":true,"href":"https:\/\/proyectum.com\/cl\/wp-json\/wp\/v2\/product_cat?post=7714"},{"taxonomy":"product_tag","embeddable":true,"href":"https:\/\/proyectum.com\/cl\/wp-json\/wp\/v2\/product_tag?post=7714"}],"curies":[{"name":"wp","href":"https:\/\/api.w.org\/{rel}","templated":true}]}}