{"id":10141,"date":"2021-01-12T12:13:59","date_gmt":"2021-01-12T18:13:59","guid":{"rendered":"https:\/\/proyectum.com\/co\/?page_id=10141"},"modified":"2025-10-02T16:08:47","modified_gmt":"2025-10-02T21:08:47","slug":"pmi-agile-certified-practioner-pmi-acp","status":"publish","type":"page","link":"https:\/\/proyectum.com\/co\/capacitacion\/pmi-agile-certified-practioner-pmi-acp\/","title":{"rendered":"PMI Agile Certified Practitioner (PMI-ACP\u00ae)"},"content":{"rendered":"<div class=\"wpb-content-wrapper\"><p>[vc_row full_width=\u00bbstretch_row\u00bb css=\u00bb.vc_custom_1580509873226{padding-top: 58px !important;padding-bottom: 58px !important;background-image: url(https:\/\/proyectum.com\/co\/wp-content\/uploads\/2018\/09\/curso-tipo.png?id=6990) !important;background-position: center !important;background-repeat: no-repeat !important;background-size: cover !important;}\u00bb][vc_column width=\u00bb1\/2&#8243;][vc_custom_heading text=\u00bbCurso de preparaci\u00f3n para la certificaci\u00f3n Agile Certified Practitioner (PMI-ACP)\u00ae\u00bb font_container=\u00bbtag:h1|font_size:40|text_align:center|color:%23ffffff\u00bb use_theme_fonts=\u00bbyes\u00bb css=\u00bb.vc_custom_1610474417230{margin-bottom: 0px !important;padding-top: 25px !important;}\u00bb][\/vc_column][vc_column width=\u00bb1\/2&#8243;][vc_single_image image=\u00bb9634&#8243; img_size=\u00bb200&#215;170&#8243; css=\u00bb.vc_custom_1602870213844{padding-left: 250px !important;}\u00bb][\/vc_column][\/vc_row][vc_row css=\u00bb.vc_custom_1488777218947{padding-top: 25px !important;padding-bottom: 60px !important;}\u00bb][vc_column width=\u00bb2\/3&#8243; css=\u00bb.vc_custom_1579695241240{padding-right: 40px !important;}\u00bb][vc_column_text css=\u00bb\u00bb]<\/p>\n<div style=\"width: 100%; text-align: center; margin-bottom: 7px;\"><\/div>\n<div>\n<p><span style=\"color: #000000;\">Si busca ser verdaderamente reconocido como un profesional que conoce el mundo de la agilidad, entonces usted apreciar\u00e1 las ventajas derivadas de obtener la certificaci\u00f3n como Agile Certified Professional (PMI-ACP\u00ae), la certificaci\u00f3n \u00e1gil con mayor reconocimiento y m\u00e1s respetada en el mundo. La designaci\u00f3n PMI-ACP\u00ae al final de su certificaci\u00f3n, le dice a la empresa para la que trabaja y a empleadores potenciales, que usted ha demostrado contar con bases s\u00f3lidas de conocimiento, habilidades y experiencia, que pueden ser usadas competentemente en proyectos \u00e1giles.<\/span><\/p>\n<p><span style=\"color: #000000;\">El paso final para convertirse en PMI-ACP\u00ae es pasar el riguroso examen de opci\u00f3n m\u00faltiple, dise\u00f1ado para evaluar y medir objetivamente sus habilidades para aplicar sus conocimientos en sus 7 dominios.<\/span><\/p>\n<div style=\"width: 100%; margin-top: 10px; margin-bottom: 10px;\"><\/div>\n<p><span style=\"color: #000000;\">Este examen, realizado en computadora, es administrado globalmente con ayuda traducida en 10 lenguajes, incluido el espa\u00f1ol.<\/span><\/p>\n<p>&nbsp;<\/p>\n<\/div>\n<div>\n<ul>\n<li><span style=\"color: #000000;\"><strong>Duraci\u00f3n:<\/strong>\u00a024 horas\u00a0<\/span><\/li>\n<li><span style=\"color: #000000;\"><strong>Modalidad:<\/strong>\u00a0Online, con instructor en vivo.<\/span><\/li>\n<li><span style=\"color: #000000;\"><strong>Requisitos:\u00a0<\/strong>Los estudiantes que se est\u00e1n preparando para rendir el examen de la Certificaci\u00f3n PMI-ACP\u00ae, deben cumplir requisitos de elegibilidad del PMI\u00ae<\/span><\/li>\n<li><span style=\"color: #000000;\"><strong>Acreditaci\u00f3n:\u00a0<\/strong>24\u00a0PDUs<\/span><\/li>\n<li><span style=\"color: #000000;\"><strong>Inversi\u00f3n del taller: <\/strong>$3.816.384 pesos colombianos IVAi<\/span><\/li>\n<\/ul>\n<p><em>Si ya tomaste un curso con nosotros, tienes un\u00a0<strong>10% de descuento<\/strong>\u00a0en\u00a0<strong>todos<\/strong>\u00a0nuestros cursos.\u00a0<\/em><\/p>\n<\/div>\n<p>[\/vc_column_text][vc_btn title=\u00bbDescargue aqu\u00ed el volante\u00bb i_type=\u00bbpixelicons\u00bb i_icon_pixelicons=\u00bbvc_pixel_icon vc_pixel_icon-document_pdf\u00bb add_icon=\u00bbtrue\u00bb link=\u00bburl:https%3A%2F%2Fproyectum.com%2Fco%2Fwp-content%2Fuploads%2F2021%2F06%2FPMI-ACP.pdf|||\u00bb][vc_tta_tabs active_section=\u00bb1&#8243; css=\u00bb.vc_custom_1538062059766{margin-top: 20px !important;}\u00bb][vc_tta_section title=\u00bbPerfil\u00bb tab_id=\u00bb1541444757751-389b2c58-e32c\u00bb][vc_column_text]<span style=\"color: #000000;\"><strong>En este taller podr\u00e1n participar:<\/strong><\/span><\/p>\n<p><span style=\"color: #000000;\">Las personas que tengan experiencia trabajando en equipos de proyectos \u00e1giles pueden solicitar esta certificaci\u00f3n. No es necesario ser un director de proyecto o ser titular de la certificaci\u00f3n que le acredita como Profesional en Direcci\u00f3n de Proyectos (PMP\u00ae).<\/span><\/p>\n<p><span style=\"color: #000000;\">Es apropiada si usted busca:<\/span><\/p>\n<ul>\n<li><span style=\"color: #000000;\">Demostrar a sus superiores su nivel de profesionalismo en pr\u00e1cticas \u00e1giles en direcci\u00f3n de proyectos.<\/span><\/li>\n<li><span style=\"color: #000000;\">Aumentar su versatilidad profesional tanto con t\u00e9cnicas de cascada como t\u00e9cnicas \u00e1giles.<\/span><\/li>\n<li><span style=\"color: #000000;\">Contar con una certificaci\u00f3n que sea m\u00e1s cre\u00edble y respetada que aquellas existentes de nivel introductorio, o que se basan solamente en capacitaci\u00f3n o en un examen.<\/span><\/li>\n<\/ul>\n<p>[\/vc_column_text][\/vc_tta_section][vc_tta_section title=\u00bbContenido\u00bb tab_id=\u00bb1604413527249-2550d20b-ccab\u00bb][vc_column_text]<strong><span style=\"color: #000000;\">Durante este curso usted aprender\u00e1 de:\u00a0<\/span><\/strong><\/p>\n<ul>\n<li><span style=\"color: #000000;\">Revisi\u00f3n del programa PMI-ACP\u00ae.<\/span><\/li>\n<li><span style=\"color: #000000;\">Introducci\u00f3n al agilismo.<\/span><\/li>\n<li><span style=\"color: #000000;\">Valores y principios \u00c1giles.<\/span><\/li>\n<li><span style=\"color: #000000;\">Revisi\u00f3n del proceso \u00c1gil.<\/span><\/li>\n<li><span style=\"color: #000000;\">La planificaci\u00f3n de un proyecto \u00c1gil.<\/span><\/li>\n<li><span style=\"color: #000000;\">Presupuestando un proyecto \u00c1gil.<\/span><\/li>\n<li><span style=\"color: #000000;\">Seguimiento y Control.<\/span><\/li>\n<li><span style=\"color: #000000;\">T\u00e9cnicas \u00c1giles.<\/span><\/li>\n<\/ul>\n<p>[\/vc_column_text][\/vc_tta_section][vc_tta_section title=\u00bbObjetivos\u00bb tab_id=\u00bb1541455357238-d8636f7d-26cc\u00bb][vc_column_text]<strong><span style=\"color: #000000;\">Al final de la clase, los participantes ser\u00e1n capaces de:<\/span><\/strong><\/p>\n<ul>\n<li><span style=\"color: #000000;\">Entender los beneficios de la Direcci\u00f3n de Proyecto \u00c1gil.<\/span><\/li>\n<li><span style=\"color: #000000;\">Distinguir entre \u00c1gil y los m\u00e9todos tradicionales.<\/span><\/li>\n<li><span style=\"color: #000000;\">Entender y aplicar flujos de trabajo \u00c1giles, roles y artefactos.<\/span><\/li>\n<li><span style=\"color: #000000;\">Entender y aplicar varias t\u00e9cnicas y herramientas \u00c1giles.<\/span><\/li>\n<li><span style=\"color: #000000;\">Ser\u00e1n capaces de presentar el examen para certificarse como PMI-ACP\u00ae.<\/span><\/li>\n<\/ul>\n<p>[\/vc_column_text][\/vc_tta_section][vc_tta_section title=\u00bbIncluye\u00bb tab_id=\u00bb1541455369971-f2c4148a-d49e\u00bb][vc_column_text]<span style=\"color: #000000;\"><strong>Al matricular este curso usted contar\u00e1 con:<\/strong><\/span><\/p>\n<ul>\n<li><span style=\"color: #000000;\">Instructor con m\u00e1s de 13 a\u00f1os de experiencia<\/span><span style=\"color: #000000;\">.<\/span><\/li>\n<li><span style=\"color: #000000;\">Un diploma por las horas indicadas, con el respaldo de Proyectum como ATP\u00ae de PMI\u00ae, v\u00e1lido para el registro de horas en la aplicaci\u00f3n a las certificaciones PMI-ACP\u00ae.<\/span><\/li>\n<li><span style=\"color: #000000;\">Material del estudiante con los slides y ejercicios.<\/span><\/li>\n<li><span style=\"color: #000000;\">Incluye acceso a 1 examen simulaci\u00f3n por internet<\/span><\/li>\n<\/ul>\n<p>[\/vc_column_text][\/vc_tta_section][\/vc_tta_tabs][\/vc_column][vc_column width=\u00bb1\/3&#8243;][vc_images_carousel images=\u00bb7267&#8243; img_size=\u00bb150X75&#8243; onclick=\u00bbcustom_link\u00bb custom_links_target=\u00bb_blank\u00bb speed=\u00bb2500&#8243; autoplay=\u00bbyes\u00bb hide_pagination_control=\u00bbyes\u00bb hide_prev_next_buttons=\u00bbyes\u00bb wrap=\u00bbyes\u00bb css=\u00bb.vc_custom_1632708441370{padding-right: 50px !important;padding-left: 100px !important;}\u00bb]<div class=\"porto-u-heading  wpb_custom_95aa9a11c17ad45cfabaf210d84ee7cc porto-u-2789\"><div class=\"porto-u-main-heading\"><h2  >CAPACITACI\u00d3N<\/h2><\/div><style>.porto-u-2789.porto-u-heading{text-align:center}<\/style><\/div>[vc_tta_accordion][vc_tta_section title=\u00bbAGILIDAD\u00bb tab_id=\u00bb1606150210176-0e54d970-0237&#8243;][vc_wp_custommenu nav_menu=\u00bb73&#8243;][\/vc_tta_section][vc_tta_section title=\u00bbCERTIFICACIONES\u00bb tab_id=\u00bb1606150210177-6ab51a86-638f\u00bb][vc_wp_custommenu nav_menu=\u00bb75&#8243;][\/vc_tta_section][vc_tta_section title=\u00bbM\u00c1S PROGRAMAS&#8230;\u00bb tab_id=\u00bb1606150238724-ea74ccde-ea4f\u00bb][vc_wp_custommenu nav_menu=\u00bb74&#8243;][\/vc_tta_section][\/vc_tta_accordion][\/vc_column][\/vc_row][vc_row][vc_column][vc_raw_html]JTNDaWZyYW1lJTIwc3R5bGUlM0QlMjJib3JkZXIlM0ElMjAwcHglMjFpbXBvcnRhbnQlM0IlMjIlMjBzcmMlM0QlMjJodHRwcyUzQSUyRiUyRnd3dy5wcm95ZWN0dW0uY29tJTJGc2lzdGVtYSUyRmZvcm11bGFyaW8tamV0cGFjayUyRiUyMiUyMHdpZHRoJTNEJTIyMTAwMHB4JTIyJTIwaGVpZ2h0JTNEJTIyMTAwMHB4JTIyJTNFJTNDJTJGaWZyYW1lJTNF[\/vc_raw_html][\/vc_column][\/vc_row][vc_row][vc_column][\/vc_column][\/vc_row]<\/p>\n<\/div>","protected":false},"excerpt":{"rendered":"<p>[vc_row full_width=\u00bbstretch_row\u00bb css=\u00bb.vc_custom_1580509873226{padding-top: 58px !important;padding-bottom: 58px !important;background-image: url(https:\/\/proyectum.com\/co\/wp-content\/uploads\/2018\/09\/curso-tipo.png?id=6990) !important;background-position: center !important;background-repeat: no-repeat !important;background-size: cover !important;}\u00bb][vc_column width=\u00bb1\/2&#8243;][vc_custom_heading text=\u00bbCurso de preparaci\u00f3n para la certificaci\u00f3n Agile Certified Practitioner (PMI-ACP)\u00ae\u00bb font_container=\u00bbtag:h1|font_size:40|text_align:center|color:%23ffffff\u00bb use_theme_fonts=\u00bbyes\u00bb css=\u00bb.vc_custom_1610474417230{margin-bottom: 0px !important;padding-top: 25px !important;}\u00bb][\/vc_column][vc_column width=\u00bb1\/2&#8243;][vc_single_image image=\u00bb9634&#8243; img_size=\u00bb200&#215;170&#8243; css=\u00bb.vc_custom_1602870213844{padding-left: 250px !important;}\u00bb][\/vc_column][\/vc_row][vc_row css=\u00bb.vc_custom_1488777218947{padding-top: 25px !important;padding-bottom: 60px !important;}\u00bb][vc_column width=\u00bb2\/3&#8243; css=\u00bb.vc_custom_1579695241240{padding-right: 40px !important;}\u00bb][vc_column_text css=\u00bb\u00bb] Si busca ser verdaderamente reconocido como [&hellip;]<\/p>\n","protected":false},"author":15,"featured_media":0,"parent":7466,"menu_order":0,"comment_status":"closed","ping_status":"closed","template":"","meta":{"_acf_changed":false,"footnotes":""},"acf":[],"yoast_head":"<!-- This site is optimized with the Yoast SEO plugin v24.5 - https:\/\/yoast.com\/wordpress\/plugins\/seo\/ -->\n<title>PMI Agile Certified Practitioner (PMI-ACP\u00ae) - Proyectum Colombia<\/title>\n<meta name=\"robots\" content=\"index, follow, max-snippet:-1, max-image-preview:large, max-video-preview:-1\" \/>\n<link rel=\"canonical\" href=\"https:\/\/proyectum.com\/co\/capacitacion\/pmi-agile-certified-practioner-pmi-acp\/\" \/>\n<meta property=\"og:locale\" content=\"es_ES\" \/>\n<meta property=\"og:type\" content=\"article\" \/>\n<meta property=\"og:title\" content=\"PMI Agile Certified Practitioner (PMI-ACP\u00ae) - Proyectum Colombia\" \/>\n<meta property=\"og:description\" content=\"[vc_row full_width=\u00bbstretch_row\u00bb css=\u00bb.vc_custom_1580509873226{padding-top: 58px !important;padding-bottom: 58px !important;background-image: url(https:\/\/proyectum.com\/co\/wp-content\/uploads\/2018\/09\/curso-tipo.png?id=6990) !important;background-position: center !important;background-repeat: no-repeat !important;background-size: cover !important;}\u00bb][vc_column width=\u00bb1\/2&#8243;][vc_custom_heading text=\u00bbCurso de preparaci\u00f3n para la certificaci\u00f3n Agile Certified Practitioner (PMI-ACP)\u00ae\u00bb font_container=\u00bbtag:h1|font_size:40|text_align:center|color:%23ffffff\u00bb use_theme_fonts=\u00bbyes\u00bb css=\u00bb.vc_custom_1610474417230{margin-bottom: 0px !important;padding-top: 25px !important;}\u00bb][\/vc_column][vc_column width=\u00bb1\/2&#8243;][vc_single_image image=\u00bb9634&#8243; img_size=\u00bb200&#215;170&#8243; css=\u00bb.vc_custom_1602870213844{padding-left: 250px !important;}\u00bb][\/vc_column][\/vc_row][vc_row css=\u00bb.vc_custom_1488777218947{padding-top: 25px !important;padding-bottom: 60px !important;}\u00bb][vc_column width=\u00bb2\/3&#8243; css=\u00bb.vc_custom_1579695241240{padding-right: 40px !important;}\u00bb][vc_column_text css=\u00bb\u00bb] Si busca ser verdaderamente reconocido como [&hellip;]\" \/>\n<meta property=\"og:url\" content=\"https:\/\/proyectum.com\/co\/capacitacion\/pmi-agile-certified-practioner-pmi-acp\/\" \/>\n<meta property=\"og:site_name\" content=\"Proyectum Colombia\" \/>\n<meta property=\"article:publisher\" content=\"https:\/\/www.facebook.com\/proyectumcr\/\" \/>\n<meta property=\"article:modified_time\" content=\"2025-10-02T21:08:47+00:00\" \/>\n<meta name=\"twitter:card\" content=\"summary_large_image\" \/>\n<meta name=\"twitter:label1\" content=\"Tiempo de lectura\" \/>\n\t<meta name=\"twitter:data1\" content=\"3 minutos\" \/>\n<script type=\"application\/ld+json\" class=\"yoast-schema-graph\">{\"@context\":\"https:\/\/schema.org\",\"@graph\":[{\"@type\":\"WebPage\",\"@id\":\"https:\/\/proyectum.com\/co\/capacitacion\/pmi-agile-certified-practioner-pmi-acp\/\",\"url\":\"https:\/\/proyectum.com\/co\/capacitacion\/pmi-agile-certified-practioner-pmi-acp\/\",\"name\":\"PMI Agile Certified Practitioner (PMI-ACP\u00ae) - Proyectum Colombia\",\"isPartOf\":{\"@id\":\"https:\/\/proyectum.com\/co\/#website\"},\"datePublished\":\"2021-01-12T18:13:59+00:00\",\"dateModified\":\"2025-10-02T21:08:47+00:00\",\"breadcrumb\":{\"@id\":\"https:\/\/proyectum.com\/co\/capacitacion\/pmi-agile-certified-practioner-pmi-acp\/#breadcrumb\"},\"inLanguage\":\"es\",\"potentialAction\":[{\"@type\":\"ReadAction\",\"target\":[\"https:\/\/proyectum.com\/co\/capacitacion\/pmi-agile-certified-practioner-pmi-acp\/\"]}]},{\"@type\":\"BreadcrumbList\",\"@id\":\"https:\/\/proyectum.com\/co\/capacitacion\/pmi-agile-certified-practioner-pmi-acp\/#breadcrumb\",\"itemListElement\":[{\"@type\":\"ListItem\",\"position\":1,\"name\":\"Home\",\"item\":\"https:\/\/proyectum.com\/co\/\"},{\"@type\":\"ListItem\",\"position\":2,\"name\":\"Capacitaciones\",\"item\":\"https:\/\/proyectum.com\/co\/capacitacion\/\"},{\"@type\":\"ListItem\",\"position\":3,\"name\":\"PMI Agile Certified Practitioner (PMI-ACP\u00ae)\"}]},{\"@type\":\"WebSite\",\"@id\":\"https:\/\/proyectum.com\/co\/#website\",\"url\":\"https:\/\/proyectum.com\/co\/\",\"name\":\"Proyectum Costa Rica\",\"description\":\"Centro Autorizado de Capacitaci\u00f3n del Project Management Institute - ATP del PMI\",\"publisher\":{\"@id\":\"https:\/\/proyectum.com\/co\/#organization\"},\"potentialAction\":[{\"@type\":\"SearchAction\",\"target\":{\"@type\":\"EntryPoint\",\"urlTemplate\":\"https:\/\/proyectum.com\/co\/?s={search_term_string}\"},\"query-input\":{\"@type\":\"PropertyValueSpecification\",\"valueRequired\":true,\"valueName\":\"search_term_string\"}}],\"inLanguage\":\"es\"},{\"@type\":\"Organization\",\"@id\":\"https:\/\/proyectum.com\/co\/#organization\",\"name\":\"Proyectum Costa Rica\",\"url\":\"https:\/\/proyectum.com\/co\/\",\"logo\":{\"@type\":\"ImageObject\",\"inLanguage\":\"es\",\"@id\":\"https:\/\/proyectum.com\/co\/#\/schema\/logo\/image\/\",\"url\":\"https:\/\/i0.wp.com\/proyectum.com\/co\/wp-content\/uploads\/proyectum-logo-snippet.png?fit=600%2C315&ssl=1\",\"contentUrl\":\"https:\/\/i0.wp.com\/proyectum.com\/co\/wp-content\/uploads\/proyectum-logo-snippet.png?fit=600%2C315&ssl=1\",\"width\":600,\"height\":315,\"caption\":\"Proyectum Costa Rica\"},\"image\":{\"@id\":\"https:\/\/proyectum.com\/co\/#\/schema\/logo\/image\/\"},\"sameAs\":[\"https:\/\/www.facebook.com\/proyectumcr\/\",\"https:\/\/www.instagram.com\/proyectumcostarica\/\",\"https:\/\/www.linkedin.com\/company\/proyectum-costarica\/\",\"https:\/\/www.youtube.com\/channel\/UCljouWimyhK_cNcC2jniUgw\"]}]}<\/script>\n<!-- \/ Yoast SEO plugin. -->","yoast_head_json":{"title":"PMI Agile Certified Practitioner (PMI-ACP\u00ae) - Proyectum Colombia","robots":{"index":"index","follow":"follow","max-snippet":"max-snippet:-1","max-image-preview":"max-image-preview:large","max-video-preview":"max-video-preview:-1"},"canonical":"https:\/\/proyectum.com\/co\/capacitacion\/pmi-agile-certified-practioner-pmi-acp\/","og_locale":"es_ES","og_type":"article","og_title":"PMI Agile Certified Practitioner (PMI-ACP\u00ae) - Proyectum Colombia","og_description":"[vc_row full_width=\u00bbstretch_row\u00bb css=\u00bb.vc_custom_1580509873226{padding-top: 58px !important;padding-bottom: 58px !important;background-image: url(https:\/\/proyectum.com\/co\/wp-content\/uploads\/2018\/09\/curso-tipo.png?id=6990) !important;background-position: center !important;background-repeat: no-repeat !important;background-size: cover !important;}\u00bb][vc_column width=\u00bb1\/2&#8243;][vc_custom_heading text=\u00bbCurso de preparaci\u00f3n para la certificaci\u00f3n Agile Certified Practitioner (PMI-ACP)\u00ae\u00bb font_container=\u00bbtag:h1|font_size:40|text_align:center|color:%23ffffff\u00bb use_theme_fonts=\u00bbyes\u00bb css=\u00bb.vc_custom_1610474417230{margin-bottom: 0px !important;padding-top: 25px !important;}\u00bb][\/vc_column][vc_column width=\u00bb1\/2&#8243;][vc_single_image image=\u00bb9634&#8243; img_size=\u00bb200&#215;170&#8243; css=\u00bb.vc_custom_1602870213844{padding-left: 250px !important;}\u00bb][\/vc_column][\/vc_row][vc_row css=\u00bb.vc_custom_1488777218947{padding-top: 25px !important;padding-bottom: 60px !important;}\u00bb][vc_column width=\u00bb2\/3&#8243; css=\u00bb.vc_custom_1579695241240{padding-right: 40px !important;}\u00bb][vc_column_text css=\u00bb\u00bb] Si busca ser verdaderamente reconocido como [&hellip;]","og_url":"https:\/\/proyectum.com\/co\/capacitacion\/pmi-agile-certified-practioner-pmi-acp\/","og_site_name":"Proyectum Colombia","article_publisher":"https:\/\/www.facebook.com\/proyectumcr\/","article_modified_time":"2025-10-02T21:08:47+00:00","twitter_card":"summary_large_image","twitter_misc":{"Tiempo de lectura":"3 minutos"},"schema":{"@context":"https:\/\/schema.org","@graph":[{"@type":"WebPage","@id":"https:\/\/proyectum.com\/co\/capacitacion\/pmi-agile-certified-practioner-pmi-acp\/","url":"https:\/\/proyectum.com\/co\/capacitacion\/pmi-agile-certified-practioner-pmi-acp\/","name":"PMI Agile Certified Practitioner (PMI-ACP\u00ae) - Proyectum Colombia","isPartOf":{"@id":"https:\/\/proyectum.com\/co\/#website"},"datePublished":"2021-01-12T18:13:59+00:00","dateModified":"2025-10-02T21:08:47+00:00","breadcrumb":{"@id":"https:\/\/proyectum.com\/co\/capacitacion\/pmi-agile-certified-practioner-pmi-acp\/#breadcrumb"},"inLanguage":"es","potentialAction":[{"@type":"ReadAction","target":["https:\/\/proyectum.com\/co\/capacitacion\/pmi-agile-certified-practioner-pmi-acp\/"]}]},{"@type":"BreadcrumbList","@id":"https:\/\/proyectum.com\/co\/capacitacion\/pmi-agile-certified-practioner-pmi-acp\/#breadcrumb","itemListElement":[{"@type":"ListItem","position":1,"name":"Home","item":"https:\/\/proyectum.com\/co\/"},{"@type":"ListItem","position":2,"name":"Capacitaciones","item":"https:\/\/proyectum.com\/co\/capacitacion\/"},{"@type":"ListItem","position":3,"name":"PMI Agile Certified Practitioner (PMI-ACP\u00ae)"}]},{"@type":"WebSite","@id":"https:\/\/proyectum.com\/co\/#website","url":"https:\/\/proyectum.com\/co\/","name":"Proyectum Costa Rica","description":"Centro Autorizado de Capacitaci\u00f3n del Project Management Institute - ATP del PMI","publisher":{"@id":"https:\/\/proyectum.com\/co\/#organization"},"potentialAction":[{"@type":"SearchAction","target":{"@type":"EntryPoint","urlTemplate":"https:\/\/proyectum.com\/co\/?s={search_term_string}"},"query-input":{"@type":"PropertyValueSpecification","valueRequired":true,"valueName":"search_term_string"}}],"inLanguage":"es"},{"@type":"Organization","@id":"https:\/\/proyectum.com\/co\/#organization","name":"Proyectum Costa Rica","url":"https:\/\/proyectum.com\/co\/","logo":{"@type":"ImageObject","inLanguage":"es","@id":"https:\/\/proyectum.com\/co\/#\/schema\/logo\/image\/","url":"https:\/\/i0.wp.com\/proyectum.com\/co\/wp-content\/uploads\/proyectum-logo-snippet.png?fit=600%2C315&ssl=1","contentUrl":"https:\/\/i0.wp.com\/proyectum.com\/co\/wp-content\/uploads\/proyectum-logo-snippet.png?fit=600%2C315&ssl=1","width":600,"height":315,"caption":"Proyectum Costa Rica"},"image":{"@id":"https:\/\/proyectum.com\/co\/#\/schema\/logo\/image\/"},"sameAs":["https:\/\/www.facebook.com\/proyectumcr\/","https:\/\/www.instagram.com\/proyectumcostarica\/","https:\/\/www.linkedin.com\/company\/proyectum-costarica\/","https:\/\/www.youtube.com\/channel\/UCljouWimyhK_cNcC2jniUgw"]}]}},"jetpack_sharing_enabled":true,"_links":{"self":[{"href":"https:\/\/proyectum.com\/co\/wp-json\/wp\/v2\/pages\/10141"}],"collection":[{"href":"https:\/\/proyectum.com\/co\/wp-json\/wp\/v2\/pages"}],"about":[{"href":"https:\/\/proyectum.com\/co\/wp-json\/wp\/v2\/types\/page"}],"author":[{"embeddable":true,"href":"https:\/\/proyectum.com\/co\/wp-json\/wp\/v2\/users\/15"}],"replies":[{"embeddable":true,"href":"https:\/\/proyectum.com\/co\/wp-json\/wp\/v2\/comments?post=10141"}],"version-history":[{"count":49,"href":"https:\/\/proyectum.com\/co\/wp-json\/wp\/v2\/pages\/10141\/revisions"}],"predecessor-version":[{"id":12507,"href":"https:\/\/proyectum.com\/co\/wp-json\/wp\/v2\/pages\/10141\/revisions\/12507"}],"up":[{"embeddable":true,"href":"https:\/\/proyectum.com\/co\/wp-json\/wp\/v2\/pages\/7466"}],"wp:attachment":[{"href":"https:\/\/proyectum.com\/co\/wp-json\/wp\/v2\/media?parent=10141"}],"curies":[{"name":"wp","href":"https:\/\/api.w.org\/{rel}","templated":true}]}}