{"id":3839,"date":"2015-01-16T20:52:01","date_gmt":"2015-01-16T20:52:01","guid":{"rendered":"http:\/\/tenstep.mundobox.cl\/?page_id=3839"},"modified":"2025-09-29T18:49:36","modified_gmt":"2025-09-29T23:49:36","slug":"taller-de-preparacion-para-la-certificacion-pmp-material-del-project-management-institute","status":"publish","type":"page","link":"https:\/\/proyectum.com\/co\/capacitacion\/taller-de-preparacion-para-la-certificacion-pmp-material-del-project-management-institute\/","title":{"rendered":"Taller de Preparaci\u00f3n para la certificaci\u00f3n PMP\u00ae (Material del Project Management Institute)"},"content":{"rendered":"<div class=\"wpb-content-wrapper\"><p>[vc_row full_width=\u00bbstretch_row_content_no_spaces\u00bb equal_height=\u00bbyes\u00bb][vc_column width=\u00bb2\/3&#8243;][vc_custom_heading text=\u00bbTaller de Preparaci\u00f3n para la certificaci\u00f3n PMP\u00ae (Material del Project Management Institute)\u00bb font_container=\u00bbtag:h1|font_size:40|text_align:center\u00bb use_theme_fonts=\u00bbyes\u00bb css=\u00bb\u00bb][vc_column_text css=\u00bb\u00bb]<\/p>\n<div class=\"vc_tta-container\" data-vc-action=\"collapse\">\n<p>&nbsp;<\/p>\n<div class=\"vc_general vc_tta vc_tta-tabs vc_tta-color-grey vc_tta-style-classic vc_tta-shape-rounded vc_tta-spacing-1 vc_tta-tabs-position-top vc_tta-controls-align-left\">\n<div class=\"vc_tta-tabs-container\">\n<ul>\n<li style=\"list-style-type: none;\">\n<ul class=\"vc_tta-tabs-list\">\n<li class=\"vc_tta-tab vc_active\" data-vc-tab=\"\">\n<p style=\"text-align: left;\"><span style=\"color: #000000;\">TALLER<b> DE PREPARACI\u00d3N PARA LA CERTIFICACI\u00d3N PMP<\/b><b>\u00ae<\/b><\/span><span style=\"color: #000000;\"><b>\u2013 Live Instructor \u2013<\/b><\/span><span style=\"color: #000000;\">La certificaci\u00f3n <strong><em>\u00abProject Management Professional\u00bb (PMP\u00ae)<\/em><\/strong>, es la segunda de las ocho certificaciones de la asociaci\u00f3n de directores de proyectos m\u00e1s grande del mundo, el \u00abProject Management Institute\u00bb (PMI\u00ae), y es la credencial m\u00e1s importante de la industria en direcci\u00f3n de proyectos de todo el mundo.\u00a0 Esta demuestra que el profesional certificado tiene la experiencia, la educaci\u00f3n y las competencias necesarias para liderar y dirigir proyectos, tanto a nivel social, civil, en ingenier\u00eda, computaci\u00f3n, o cualquier otra rama en que se requiera desarrollar proyectos exitosamente.<\/span><\/p>\n<ul style=\"text-align: left;\">\n<li><span style=\"color: #000000;\"><strong>Duraci\u00f3n:<\/strong> 60 horas de capacitaci\u00f3n + 4 horas de examen de simulaci\u00f3n<\/span><\/li>\n<li><span style=\"color: #000000;\"><strong>Modalidad:<\/strong> Online con instructor en vivo certificado por el PMI.<\/span><\/li>\n<li><span style=\"color: #000000;\"><strong>Requisitos del PMI: <\/strong>Contar con t\u00edtulo universitario y tres a\u00f1os de experiencia dirigiendo proyectos.<\/span><\/li>\n<li><span style=\"color: #000000;\"><em><strong>Si ya tomaste un curso con nosotros, tienes un 10% de descuento en TODOS nuestros cursos. Solic\u00edtalo! (Aplican restricciones)<\/strong><\/em><\/span><\/li>\n<\/ul>\n<ul style=\"text-align: left;\">\n<li><\/li>\n<\/ul>\n<p style=\"text-align: left;\"><span style=\"color: #000000;\"><strong>NOTA: <\/strong>Este es un curso con material provisto por el PMI, e impartido por instructores certificados por el PMI, as\u00ed como brindados bajo los est\u00e1ndares de calidad exigidos a todos los ATP (Autorized Training Partner) del PMI.<\/span><\/p>\n<p><span style=\"color: #000000;\"><strong>COMPROMISO PROYECTUM<\/strong><\/span><\/p>\n<p><span style=\"color: #000000;\">En caso de no aprobar el examen del PMI el participante podr\u00e1 repetir el cupo del curso y taller de certificaci\u00f3n PMP hasta 2 veces sin costo adicional, siempre que cumpla con todos los siguientes requisitos (sin excepci\u00f3n alguno):<\/span><\/p>\n<ul style=\"text-align: left;\">\n<li><span style=\"color: #000000;\">Debe haber cumplido con los requisitos definidos por el PMI para ser candidato para tomar el examen de certificaci\u00f3n <strong>PMP\u00ae<\/strong>.<\/span><\/li>\n<li><span style=\"color: #000000;\">Debe haber hecho el examen ante el PMI m\u00e1ximo 60 d\u00edas despu\u00e9s de finalizar el programa.<\/span><\/li>\n<li><span style=\"color: #000000;\">Debe haber asistido a todas las sesiones del taller, cumpliendo el horario definido.<\/span><\/li>\n<li><span style=\"color: #000000;\">Debe haber realizado todas las pr\u00e1cticas y actividades en las sesiones del taller.<\/span><\/li>\n<li><span style=\"color: #000000;\">Debe aprobar el examen de simulaci\u00f3n oficial del PMI\u00ae de 180 preguntas del taller con una nota m\u00ednima de 85% antes del examen de certificaci\u00f3n.<\/span><\/li>\n<li><span style=\"color: #000000;\">Debe volver a realizar el intento en el periodo de seis meses despu\u00e9s de realizar la elegibilidad.<\/span><\/li>\n<\/ul>\n<p style=\"text-align: left;\"><span style=\"color: #000000;\"><b>LUGAR\u00a0<\/b><\/span><\/p>\n<ul style=\"text-align: left;\">\n<li><span style=\"color: #000000;\">Entrega virtual con Instructores en vivo<\/span><\/li>\n<\/ul>\n<p style=\"text-align: left;\"><span style=\"color: #000000;\"><b>CONDICIONES<\/b><\/span><\/p>\n<ul style=\"text-align: left;\">\n<li><span style=\"color: #000000;\">El costo del curso debe estar cubierto antes de iniciar.<\/span><\/li>\n<\/ul>\n<p style=\"text-align: left;\"><span style=\"color: #000000;\"><b>PRE-REQUISITOS<\/b><\/span><\/p>\n<ul style=\"text-align: left;\">\n<li><span style=\"color: #000000;\"><strong>Es necesario adquirir el PMBOK\u00ae y la Gu\u00eda \u00c1gil, pues se ocupar\u00e1n a lo largo de todo el taller.<\/strong><\/span><\/li>\n<li><span style=\"color: #000000;\">Se recomienda que las personas que tomen este curso tengan programado postular para la certificaci\u00f3n en un periodo no mayor a 90 d\u00edas.<\/span><\/li>\n<li><span style=\"color: #000000;\">Con t\u00edtulo universitario y tres a\u00f1os de experiencia dirigiendo proyectos.<\/span><\/li>\n<li><span style=\"color: #000000;\">Cumplir con los requisitos de educaci\u00f3n y experiencia en Direcci\u00f3n de Proyectos establecidos por el PMI\u00ae y estar de acuerdo con regirse por su c\u00f3digo de \u00e9tica y conducta profesional.<\/span><\/li>\n<li><span style=\"color: #000000;\">Enfatizamos la necesidad de ser miembro activo del PMI. Siendo miembro, el examen tiene un costo menor; tienes acceso al PMBOK\u00ae digital, seminarios en l\u00ednea y mucho m\u00e1s material.<\/span><\/li>\n<\/ul>\n<p style=\"text-align: left;\"><span style=\"color: #000000;\"><b>CONTENIDO<\/b><\/span><\/p>\n<p><span style=\"color: #000000;\">La certificaci\u00f3n Project Management Professional PMP\u00ae, es la m\u00e1s importante de la industria de Direcci\u00f3n de Proyectos. Demuestra que el profesional certificado tiene la experiencia, la educaci\u00f3n y las competencias necesarias para liderar y dirigir proyectos, tanto a nivel social, civil, en ingenier\u00eda, computaci\u00f3n, o cualquier otra rama en que se requiera desarrollar proyectos exitosamente.<\/span><\/p>\n<p><span style=\"color: #000000;\"><b>Objetivos de aprendizaje<\/b><\/span><\/p>\n<p><span style=\"color: #000000;\">Al final del programa, los participantes ser\u00e1n capaces de:<\/span><\/p>\n<ul style=\"text-align: left;\">\n<li><span style=\"color: #000000;\">Conocer, comprender y dominar las mejores pr\u00e1cticas de Direcci\u00f3n de Proyectos del Project Management Institute PMI.<\/span><\/li>\n<li><span style=\"color: #000000;\">Contar con los conocimientos y los recursos necesarios para realizar el examen de Certificaci\u00f3n PMP\u00ae del PMI \u00ae.<\/span><\/li>\n<li><span style=\"color: #000000;\">Aplicar estos conocimientos en su trabajo diario en Direcci\u00f3n de Proyectos.<\/span><\/li>\n<li><span style=\"color: #000000;\">Influenciar a sus organizaciones para que estas pr\u00e1cticas mejoren la direcci\u00f3n de sus proyectos y as\u00ed, los resultados estrat\u00e9gicos de la empresa.<\/span><\/li>\n<li><span style=\"color: #000000;\">Reconocer, aplicar y adecuar el uso de las metodolog\u00edas \u00e1giles en la direcci\u00f3n de proyectos.<\/span><\/li>\n<\/ul>\n<p style=\"text-align: left;\"><span style=\"color: #000000;\"><b>Quienes deben Participar<\/b><\/span><\/p>\n<ul style=\"text-align: left;\">\n<li><span style=\"color: #000000;\">Directores de proyectos y miembros de equipos de proyectos.<\/span><\/li>\n<li><span style=\"color: #000000;\">Personal que dirija o participe en proyectos.<\/span><\/li>\n<li><span style=\"color: #000000;\">Directivos a cargo del seguimiento de los proyectos de la organizaci\u00f3n.<\/span><\/li>\n<li><span style=\"color: #000000;\">Todos los profesionales en carreras de Ingenier\u00eda, Construcci\u00f3n, Computaci\u00f3n y cualquier otra profesi\u00f3n que deseen realizar proyectos, tanto personales como empresariales de manera exitosa.<\/span><\/li>\n<li><span style=\"color: #000000;\">Profesionales que deseen complementar sus carreras con excelentes conocimientos en direcci\u00f3n de proyectos y que quieran tener un certificado reconocido en todo el mundo, como lo es el PMP\u00ae.<\/span><\/li>\n<\/ul>\n<p style=\"text-align: left;\"><span style=\"color: #000000;\"><b>Contenido del Curso de Preparaci\u00f3n PMP\u00ae<\/b><\/span><\/p>\n<ul style=\"text-align: left;\">\n<li><span style=\"color: #000000;\"><strong>LECCI\u00d3N 1: ENTORNO EMPRESARIAL <\/strong><\/span><span style=\"color: #000000;\">Esta lecci\u00f3n aborda los conceptos y \u00e1reas de conocimiento que usted debe de comprender antes de comenzar un proyecto, y apoya el aprendizaje relacionado con el dominio \u201cEntorno Empresarial, en el contenido del examen (ECO) y el lado \u201cHabilidades y Visi\u00f3n empresarial\u201d del tri\u00e1ngulo del talento del PMI.<\/span><\/li>\n<li><span style=\"color: #000000;\"><strong>LECCI\u00d3N 2: INICIO DEL PROYECTO <\/strong><\/span><span style=\"color: #000000;\">Conoceremos temas de los dominios \u201cPersonas\u201d y \u201cProceso\u201d del ECO, englobando conocimientos relacionados con los tres lados del Tri\u00e1ngulo del talento (Exploraci\u00f3n de roles del equipo de proyecto, y de los Interesados, adaptaci\u00f3n de enfoques de desarrollo del proyecto para entregar valor).<\/span><\/li>\n<li><span style=\"color: #000000;\"><strong>LECCI\u00d3N 3: PLANIFICACI\u00d3N DEL PROYECTO <\/strong><\/span><span style=\"color: #000000;\">Planificar consiste en anticipar todos los aspectos del proyecto, como alcance, cronograma, presupuesto, calidad y riesgos y juntar todo al final.<\/span><\/li>\n<li><span style=\"color: #000000;\"><strong>LECCI\u00d3N 4: LIDERAZGO DEL EQUIPO DEL PROYECTO <\/strong><\/span><span style=\"color: #000000;\">Los profesionales de proyectos deben de ser astutos para aplicar los diferentes estilos de liderazgo, por lo que conocer\u00e1n como adaptar el liderazgo a las necesidades del equipo y del proyecto.<\/span><\/li>\n<li><span style=\"color: #000000;\"><strong>LECCI\u00d3N 5: APOYO AL DESEMPE\u00d1O DEL EQUIPO DEL PROYECTO <\/strong><\/span><span style=\"color: #000000;\">Exploramos conceptos y tareas que ayudan a garantizar que el equipo est\u00e1 haciendo el mejor trabajo posible.<\/span><\/li>\n<li><span style=\"color: #000000;\"><strong>LECCI\u00d3N 6: CIERRE DEL PROYECTO\/FASE <\/strong><\/span><span style=\"color: #000000;\">Conocer las actividades que deben realizarse para dar por terminado el trabajo.<\/span><\/li>\n<\/ul>\n<p style=\"text-align: left;\"><span style=\"color: #000000;\"><b>Instructores<\/b><\/span><\/p>\n<p><span style=\"color: #000000;\"><b>Acerca de Proyectum<\/b><\/span><\/p>\n<p><span style=\"color: #000000;\">Somos una organizaci\u00f3n multinacional de consultor\u00eda, capacitaci\u00f3n y formaci\u00f3n continua con presencia en 12 pa\u00edses.<\/span><\/p>\n<p><span style=\"color: #000000;\">Apoyamos a nuestros clientes a implementar su estrategia,\u00a0mejorar sus resultados, procesos y pr\u00e1cticas de negocio, utilizando como base la direcci\u00f3n profesional de proyectos.<\/span><\/p>\n<p><span style=\"color: #000000;\">Creemos en la entrega de valor continuo al cliente, en el trabajo en equipo, la colaboraci\u00f3n, en la agilidad de negocios, en entender las necesidades de nuestro entorno y ponemos todos nuestro esfuerzos y conocimientos en la implementaci\u00f3n de soluciones pr\u00e1cticas para nuestros clientes.<\/span><\/p>\n<p><span style=\"color: #000000;\">Contamos con la denominaci\u00f3n <strong>Premier Authorized Training Partner\u00a0<\/strong>por parte del PMI\u00ae.<\/span><\/li>\n<\/ul>\n<\/li>\n<\/ul>\n<\/div>\n<\/div>\n<\/div>\n<p>[\/vc_column_text][\/vc_column][vc_column width=\u00bb1\/3&#8243;][vc_single_image image=\u00bb8779&#8243; img_size=\u00bbmedium\u00bb alignment=\u00bbcenter\u00bb][vc_tta_accordion][vc_tta_section title=\u00bbCERTIFICACIONES\u00bb tab_id=\u00bb1537992268425-9e4a4cbc-6b0c\u00bb][vc_wp_custommenu nav_menu=\u00bb75&#8243;][\/vc_tta_section][vc_tta_section title=\u00bbAGILIDAD\u00bb tab_id=\u00bb1606145147487-27d919a8-4db9&#8243;][vc_wp_custommenu nav_menu=\u00bb73&#8243;][\/vc_tta_section][vc_tta_section title=\u00bbM\u00c1S PROGRAMAS&#8230;\u00bb tab_id=\u00bb1606145263455-7e984127-09fa\u00bb][vc_wp_custommenu nav_menu=\u00bb74&#8243;][\/vc_tta_section][\/vc_tta_accordion][\/vc_column][\/vc_row][vc_column width=\u00bb1\/3&#8243;][\/vc_column][vc_column el_class=\u00bbbackground-color-primary\u00bb css=\u00bb.vc_custom_1528971916644{padding-top: 60px !important;padding-bottom: 55px !important;padding-left: 15px !important;}\u00bb][\/vc_column]<div class=\"porto-container container\">[vc_custom_heading text=\u00bb\u00bfQuieres m\u00e1s informaci\u00f3n sobre el taller de Project Management Professional (PMP\u00ae)?\u00bb font_container=\u00bbtag:h2|text_align:left|color:%23ffffff\u00bb use_theme_fonts=\u00bbyes\u00bb css=\u00bb.vc_custom_1581083048686{margin-bottom: 0px !important;}\u00bb text_transform=\u00bbtext-uppercase\u00bb]<\/div>[vc_column][\/vc_column][vc_raw_html]JTNDaWZyYW1lJTIwc3R5bGUlM0QlMjJib3JkZXIlM0ElMjAwcHglMjFpbXBvcnRhbnQlM0IlMjIlMjBzcmMlM0QlMjJodHRwcyUzQSUyRiUyRnd3dy5wcm95ZWN0dW0uY29tJTJGc2lzdGVtYSUyRmZvcm11bGFyaW8tamV0cGFjay1wbXAlMkYlMjIlMjB3aWR0aCUzRCUyMjEwMDBweCUyMiUyMGhlaWdodCUzRCUyMjcwMHB4JTIyJTNFJTNDJTJGaWZyYW1lJTNF[\/vc_raw_html][vc_row][vc_column][vc_column_text]Soy un bloque de texto[\/vc_column_text][\/vc_column][\/vc_row][vc_row][vc_column][\/vc_column][\/vc_row][vc_row][vc_column][\/vc_column][\/vc_row]<\/p>\n<\/div>","protected":false},"excerpt":{"rendered":"<p>[vc_row full_width=\u00bbstretch_row_content_no_spaces\u00bb equal_height=\u00bbyes\u00bb][vc_column width=\u00bb2\/3&#8243;][vc_custom_heading text=\u00bbTaller de Preparaci\u00f3n para la certificaci\u00f3n PMP\u00ae (Material del Project Management Institute)\u00bb font_container=\u00bbtag:h1|font_size:40|text_align:center\u00bb use_theme_fonts=\u00bbyes\u00bb css=\u00bb\u00bb][vc_column_text css=\u00bb\u00bb] &nbsp; TALLER DE PREPARACI\u00d3N PARA LA CERTIFICACI\u00d3N PMP\u00ae\u2013 Live Instructor \u2013La certificaci\u00f3n \u00abProject Management Professional\u00bb (PMP\u00ae), es la segunda de las ocho certificaciones de la asociaci\u00f3n de directores de proyectos m\u00e1s grande del mundo, el [&hellip;]<\/p>\n","protected":false},"author":2,"featured_media":0,"parent":7466,"menu_order":1,"comment_status":"closed","ping_status":"closed","template":"","meta":{"_acf_changed":false,"footnotes":""},"acf":[],"yoast_head":"<!-- This site is optimized with the Yoast SEO plugin v24.5 - https:\/\/yoast.com\/wordpress\/plugins\/seo\/ -->\n<title>Taller de Preparaci\u00f3n para la certificaci\u00f3n PMP\u00ae (Material del Project Management Institute) - Proyectum Colombia<\/title>\n<meta name=\"robots\" content=\"index, follow, max-snippet:-1, max-image-preview:large, max-video-preview:-1\" \/>\n<link rel=\"canonical\" href=\"https:\/\/proyectum.com\/co\/capacitacion\/taller-de-preparacion-para-la-certificacion-pmp-material-del-project-management-institute\/\" \/>\n<meta property=\"og:locale\" content=\"es_ES\" \/>\n<meta property=\"og:type\" content=\"article\" \/>\n<meta property=\"og:title\" content=\"Taller de Preparaci\u00f3n para la certificaci\u00f3n PMP\u00ae (Material del Project Management Institute) - Proyectum Colombia\" \/>\n<meta property=\"og:description\" content=\"[vc_row full_width=\u00bbstretch_row_content_no_spaces\u00bb equal_height=\u00bbyes\u00bb][vc_column width=\u00bb2\/3&#8243;][vc_custom_heading text=\u00bbTaller de Preparaci\u00f3n para la certificaci\u00f3n PMP\u00ae (Material del Project Management Institute)\u00bb font_container=\u00bbtag:h1|font_size:40|text_align:center\u00bb use_theme_fonts=\u00bbyes\u00bb css=\u00bb\u00bb][vc_column_text css=\u00bb\u00bb] &nbsp; TALLER DE PREPARACI\u00d3N PARA LA CERTIFICACI\u00d3N PMP\u00ae\u2013 Live Instructor \u2013La certificaci\u00f3n \u00abProject Management Professional\u00bb (PMP\u00ae), es la segunda de las ocho certificaciones de la asociaci\u00f3n de directores de proyectos m\u00e1s grande del mundo, el [&hellip;]\" \/>\n<meta property=\"og:url\" content=\"https:\/\/proyectum.com\/co\/capacitacion\/taller-de-preparacion-para-la-certificacion-pmp-material-del-project-management-institute\/\" \/>\n<meta property=\"og:site_name\" content=\"Proyectum Colombia\" \/>\n<meta property=\"article:publisher\" content=\"https:\/\/www.facebook.com\/proyectumcr\/\" \/>\n<meta property=\"article:modified_time\" content=\"2025-09-29T23:49:36+00:00\" \/>\n<meta name=\"twitter:card\" content=\"summary_large_image\" \/>\n<meta name=\"twitter:label1\" content=\"Tiempo de lectura\" \/>\n\t<meta name=\"twitter:data1\" content=\"6 minutos\" \/>\n<script type=\"application\/ld+json\" class=\"yoast-schema-graph\">{\"@context\":\"https:\/\/schema.org\",\"@graph\":[{\"@type\":\"WebPage\",\"@id\":\"https:\/\/proyectum.com\/co\/capacitacion\/taller-de-preparacion-para-la-certificacion-pmp-material-del-project-management-institute\/\",\"url\":\"https:\/\/proyectum.com\/co\/capacitacion\/taller-de-preparacion-para-la-certificacion-pmp-material-del-project-management-institute\/\",\"name\":\"Taller de Preparaci\u00f3n para la certificaci\u00f3n PMP\u00ae (Material del Project Management Institute) - Proyectum Colombia\",\"isPartOf\":{\"@id\":\"https:\/\/proyectum.com\/co\/#website\"},\"datePublished\":\"2015-01-16T20:52:01+00:00\",\"dateModified\":\"2025-09-29T23:49:36+00:00\",\"breadcrumb\":{\"@id\":\"https:\/\/proyectum.com\/co\/capacitacion\/taller-de-preparacion-para-la-certificacion-pmp-material-del-project-management-institute\/#breadcrumb\"},\"inLanguage\":\"es\",\"potentialAction\":[{\"@type\":\"ReadAction\",\"target\":[\"https:\/\/proyectum.com\/co\/capacitacion\/taller-de-preparacion-para-la-certificacion-pmp-material-del-project-management-institute\/\"]}]},{\"@type\":\"BreadcrumbList\",\"@id\":\"https:\/\/proyectum.com\/co\/capacitacion\/taller-de-preparacion-para-la-certificacion-pmp-material-del-project-management-institute\/#breadcrumb\",\"itemListElement\":[{\"@type\":\"ListItem\",\"position\":1,\"name\":\"Home\",\"item\":\"https:\/\/proyectum.com\/co\/\"},{\"@type\":\"ListItem\",\"position\":2,\"name\":\"Capacitaciones\",\"item\":\"https:\/\/proyectum.com\/co\/capacitacion\/\"},{\"@type\":\"ListItem\",\"position\":3,\"name\":\"Taller de Preparaci\u00f3n para la certificaci\u00f3n PMP\u00ae (Material del Project Management Institute)\"}]},{\"@type\":\"WebSite\",\"@id\":\"https:\/\/proyectum.com\/co\/#website\",\"url\":\"https:\/\/proyectum.com\/co\/\",\"name\":\"Proyectum Costa Rica\",\"description\":\"Centro Autorizado de Capacitaci\u00f3n del Project Management Institute - ATP del PMI\",\"publisher\":{\"@id\":\"https:\/\/proyectum.com\/co\/#organization\"},\"potentialAction\":[{\"@type\":\"SearchAction\",\"target\":{\"@type\":\"EntryPoint\",\"urlTemplate\":\"https:\/\/proyectum.com\/co\/?s={search_term_string}\"},\"query-input\":{\"@type\":\"PropertyValueSpecification\",\"valueRequired\":true,\"valueName\":\"search_term_string\"}}],\"inLanguage\":\"es\"},{\"@type\":\"Organization\",\"@id\":\"https:\/\/proyectum.com\/co\/#organization\",\"name\":\"Proyectum Costa Rica\",\"url\":\"https:\/\/proyectum.com\/co\/\",\"logo\":{\"@type\":\"ImageObject\",\"inLanguage\":\"es\",\"@id\":\"https:\/\/proyectum.com\/co\/#\/schema\/logo\/image\/\",\"url\":\"https:\/\/i0.wp.com\/proyectum.com\/co\/wp-content\/uploads\/proyectum-logo-snippet.png?fit=600%2C315&ssl=1\",\"contentUrl\":\"https:\/\/i0.wp.com\/proyectum.com\/co\/wp-content\/uploads\/proyectum-logo-snippet.png?fit=600%2C315&ssl=1\",\"width\":600,\"height\":315,\"caption\":\"Proyectum Costa Rica\"},\"image\":{\"@id\":\"https:\/\/proyectum.com\/co\/#\/schema\/logo\/image\/\"},\"sameAs\":[\"https:\/\/www.facebook.com\/proyectumcr\/\",\"https:\/\/www.instagram.com\/proyectumcostarica\/\",\"https:\/\/www.linkedin.com\/company\/proyectum-costarica\/\",\"https:\/\/www.youtube.com\/channel\/UCljouWimyhK_cNcC2jniUgw\"]}]}<\/script>\n<!-- \/ Yoast SEO plugin. -->","yoast_head_json":{"title":"Taller de Preparaci\u00f3n para la certificaci\u00f3n PMP\u00ae (Material del Project Management Institute) - Proyectum Colombia","robots":{"index":"index","follow":"follow","max-snippet":"max-snippet:-1","max-image-preview":"max-image-preview:large","max-video-preview":"max-video-preview:-1"},"canonical":"https:\/\/proyectum.com\/co\/capacitacion\/taller-de-preparacion-para-la-certificacion-pmp-material-del-project-management-institute\/","og_locale":"es_ES","og_type":"article","og_title":"Taller de Preparaci\u00f3n para la certificaci\u00f3n PMP\u00ae (Material del Project Management Institute) - Proyectum Colombia","og_description":"[vc_row full_width=\u00bbstretch_row_content_no_spaces\u00bb equal_height=\u00bbyes\u00bb][vc_column width=\u00bb2\/3&#8243;][vc_custom_heading text=\u00bbTaller de Preparaci\u00f3n para la certificaci\u00f3n PMP\u00ae (Material del Project Management Institute)\u00bb font_container=\u00bbtag:h1|font_size:40|text_align:center\u00bb use_theme_fonts=\u00bbyes\u00bb css=\u00bb\u00bb][vc_column_text css=\u00bb\u00bb] &nbsp; TALLER DE PREPARACI\u00d3N PARA LA CERTIFICACI\u00d3N PMP\u00ae\u2013 Live Instructor \u2013La certificaci\u00f3n \u00abProject Management Professional\u00bb (PMP\u00ae), es la segunda de las ocho certificaciones de la asociaci\u00f3n de directores de proyectos m\u00e1s grande del mundo, el [&hellip;]","og_url":"https:\/\/proyectum.com\/co\/capacitacion\/taller-de-preparacion-para-la-certificacion-pmp-material-del-project-management-institute\/","og_site_name":"Proyectum Colombia","article_publisher":"https:\/\/www.facebook.com\/proyectumcr\/","article_modified_time":"2025-09-29T23:49:36+00:00","twitter_card":"summary_large_image","twitter_misc":{"Tiempo de lectura":"6 minutos"},"schema":{"@context":"https:\/\/schema.org","@graph":[{"@type":"WebPage","@id":"https:\/\/proyectum.com\/co\/capacitacion\/taller-de-preparacion-para-la-certificacion-pmp-material-del-project-management-institute\/","url":"https:\/\/proyectum.com\/co\/capacitacion\/taller-de-preparacion-para-la-certificacion-pmp-material-del-project-management-institute\/","name":"Taller de Preparaci\u00f3n para la certificaci\u00f3n PMP\u00ae (Material del Project Management Institute) - Proyectum Colombia","isPartOf":{"@id":"https:\/\/proyectum.com\/co\/#website"},"datePublished":"2015-01-16T20:52:01+00:00","dateModified":"2025-09-29T23:49:36+00:00","breadcrumb":{"@id":"https:\/\/proyectum.com\/co\/capacitacion\/taller-de-preparacion-para-la-certificacion-pmp-material-del-project-management-institute\/#breadcrumb"},"inLanguage":"es","potentialAction":[{"@type":"ReadAction","target":["https:\/\/proyectum.com\/co\/capacitacion\/taller-de-preparacion-para-la-certificacion-pmp-material-del-project-management-institute\/"]}]},{"@type":"BreadcrumbList","@id":"https:\/\/proyectum.com\/co\/capacitacion\/taller-de-preparacion-para-la-certificacion-pmp-material-del-project-management-institute\/#breadcrumb","itemListElement":[{"@type":"ListItem","position":1,"name":"Home","item":"https:\/\/proyectum.com\/co\/"},{"@type":"ListItem","position":2,"name":"Capacitaciones","item":"https:\/\/proyectum.com\/co\/capacitacion\/"},{"@type":"ListItem","position":3,"name":"Taller de Preparaci\u00f3n para la certificaci\u00f3n PMP\u00ae (Material del Project Management Institute)"}]},{"@type":"WebSite","@id":"https:\/\/proyectum.com\/co\/#website","url":"https:\/\/proyectum.com\/co\/","name":"Proyectum Costa Rica","description":"Centro Autorizado de Capacitaci\u00f3n del Project Management Institute - ATP del PMI","publisher":{"@id":"https:\/\/proyectum.com\/co\/#organization"},"potentialAction":[{"@type":"SearchAction","target":{"@type":"EntryPoint","urlTemplate":"https:\/\/proyectum.com\/co\/?s={search_term_string}"},"query-input":{"@type":"PropertyValueSpecification","valueRequired":true,"valueName":"search_term_string"}}],"inLanguage":"es"},{"@type":"Organization","@id":"https:\/\/proyectum.com\/co\/#organization","name":"Proyectum Costa Rica","url":"https:\/\/proyectum.com\/co\/","logo":{"@type":"ImageObject","inLanguage":"es","@id":"https:\/\/proyectum.com\/co\/#\/schema\/logo\/image\/","url":"https:\/\/i0.wp.com\/proyectum.com\/co\/wp-content\/uploads\/proyectum-logo-snippet.png?fit=600%2C315&ssl=1","contentUrl":"https:\/\/i0.wp.com\/proyectum.com\/co\/wp-content\/uploads\/proyectum-logo-snippet.png?fit=600%2C315&ssl=1","width":600,"height":315,"caption":"Proyectum Costa Rica"},"image":{"@id":"https:\/\/proyectum.com\/co\/#\/schema\/logo\/image\/"},"sameAs":["https:\/\/www.facebook.com\/proyectumcr\/","https:\/\/www.instagram.com\/proyectumcostarica\/","https:\/\/www.linkedin.com\/company\/proyectum-costarica\/","https:\/\/www.youtube.com\/channel\/UCljouWimyhK_cNcC2jniUgw"]}]}},"jetpack_sharing_enabled":true,"_links":{"self":[{"href":"https:\/\/proyectum.com\/co\/wp-json\/wp\/v2\/pages\/3839"}],"collection":[{"href":"https:\/\/proyectum.com\/co\/wp-json\/wp\/v2\/pages"}],"about":[{"href":"https:\/\/proyectum.com\/co\/wp-json\/wp\/v2\/types\/page"}],"author":[{"embeddable":true,"href":"https:\/\/proyectum.com\/co\/wp-json\/wp\/v2\/users\/2"}],"replies":[{"embeddable":true,"href":"https:\/\/proyectum.com\/co\/wp-json\/wp\/v2\/comments?post=3839"}],"version-history":[{"count":297,"href":"https:\/\/proyectum.com\/co\/wp-json\/wp\/v2\/pages\/3839\/revisions"}],"predecessor-version":[{"id":12486,"href":"https:\/\/proyectum.com\/co\/wp-json\/wp\/v2\/pages\/3839\/revisions\/12486"}],"up":[{"embeddable":true,"href":"https:\/\/proyectum.com\/co\/wp-json\/wp\/v2\/pages\/7466"}],"wp:attachment":[{"href":"https:\/\/proyectum.com\/co\/wp-json\/wp\/v2\/media?parent=3839"}],"curies":[{"name":"wp","href":"https:\/\/api.w.org\/{rel}","templated":true}]}}