{"id":10385,"date":"2021-05-30T18:32:16","date_gmt":"2021-05-30T23:32:16","guid":{"rendered":"https:\/\/proyectum.com\/co\/?post_type=product&#038;p=10385"},"modified":"2022-11-02T16:33:33","modified_gmt":"2022-11-02T21:33:33","slug":"pensamiento-estrategico-lean-13-de-julio","status":"publish","type":"product","link":"https:\/\/proyectum.com\/co\/product\/pensamiento-estrategico-lean-13-de-julio\/","title":{"rendered":"Pensamiento estrat\u00e9gico LEAN"},"content":{"rendered":"<div class=\"wpb-content-wrapper\"><p class=\"vc_custom_heading align-left\"><strong style=\"font-size: 16px;\">Lean le ayudar\u00e1 a centrarse en el flujo de valor para el cliente de forma r\u00e1pida, sostenible, confiable y con alta calidad.<\/strong><span style=\"font-size: 16px;\">\u00a0Lean no es una soluci\u00f3n empaquetada; m\u00e1s bien es una gu\u00eda para la transformaci\u00f3n de una organizaci\u00f3n hacia la agilidad empresarial. El pensamiento Lean examina todo el sistema y todos los flujos de valor. Para lograr esto, Lean emplea conceptos como eliminaci\u00f3n de desperdicio, costo de demora, calidad, retroalimentaci\u00f3n y respuesta r\u00e1pida y el rol de la gerencia.<\/span><\/p>\n<div class=\"wpb_text_column wpb_content_element \">\n<div class=\"wpb_wrapper\">\n<p><strong>Este taller le ense\u00f1ar\u00e1 c\u00f3mo crear un entorno que promueva lograr la agilidad dentro de su equipo<\/strong>\u00a0mientras trabaja hacia la realizaci\u00f3n r\u00e1pida de valor utilizando el pensamiento Lean. Se utilizan juegos, simulaciones y discusiones grupales para reforzar las pr\u00e1cticas aprendidas durante este taller.<\/p>\n<\/div>\n<\/div>\n<h2 class=\"vc_custom_heading align-left\"><span style=\"font-size: 16px;\">Contenidos<\/span><\/h2>\n<h3 class=\"vc_custom_heading align-left\">Para tener \u00e9xito, necesitas una mentalidad Lean y \u00c1gil, combinada con habilidades de liderazgo y de Gesti\u00f3n del Equipo que promueva una mejora continua en toda la organizaci\u00f3n centrada en el cliente.<\/h3>\n<div class=\"wpb_text_column wpb_content_element \">\n<div class=\"wpb_wrapper\">\n<p>Los contenidos del curso\u00a0<strong>Pensamiento Estrat\u00e9gico Lean<\/strong>\u00a0son:<\/p>\n<\/div>\n<\/div>\n<div class=\"wpb_text_column wpb_content_element box-contenido\">\n<div class=\"wpb_wrapper\">\n<ul>\n<li>Qu\u00e9 es Lean y qu\u00e9 no es Lean<\/li>\n<li>Valor: comprender el valor de los productos y servicios que ofrecemos<\/li>\n<li>El flujo de valor: comprender c\u00f3mo proporcionamos este valor<\/li>\n<li>Flujo: comprender c\u00f3mo hacer nuestro trabajo m\u00e1s eficazmente<\/li>\n<li>Pull: entender una forma diferente de gestionar el trabajo<\/li>\n<li>Perfecci\u00f3n: buscamos la perfecci\u00f3n, no tanto por lograrla sino por mejorar continuamente<\/li>\n<\/ul>\n<\/div>\n<div class=\"vc_row wpb_row vc_inner row\">\n<div class=\"vc_column_container col-md-12\">\n<div class=\"wpb_wrapper vc_column-inner\">\n<h2 class=\"vc_custom_heading align-left\"><span style=\"font-size: 16px;\">Incluye:<\/span><\/h2>\n<div class=\"wpb_text_column wpb_content_element \">\n<div class=\"wpb_wrapper\">\n<ul>\n<li>Instructor con m\u00e1s de 20 a\u00f1os de experiencia.<\/li>\n<li>Material usado por el instructor y ejercicios.<\/li>\n<li>Se otorga un diploma por las horas indicadas, con el respaldo de Proyectum como ATP\u00ae de PMI\u00ae y DA, v\u00e1lido para el registro de horas para las certificaciones PMP\u00ae y CAPM\u00ae y para mantener las certificaciones de PMI\u00ae.<\/li>\n<li>Este curso es recomendable si no tienes conocimientos en Lean y quieres tomar nuestro curso\u00a0<a href=\"https:\/\/www.proyectum.com\/sistema\/disciplined-agile-scrum-master-dasm\/\" target=\"_blank\" rel=\"noopener noreferrer\">Disciplined Agile Scrum Master.<\/a><\/li>\n<\/ul>\n<\/div>\n<\/div>\n<\/div>\n<\/div>\n<\/div>\n<div class=\"vc_row wpb_row vc_inner row\">\n<div class=\"vc_column_container col-md-12\">\n<div class=\"wpb_wrapper vc_column-inner\">\n<h2 class=\"vc_custom_heading align-left\">\u00bfQui\u00e9nes deben participar?<\/h2>\n<div class=\"wpb_text_column wpb_content_element \">\n<div class=\"wpb_wrapper\">\n<ul>\n<li>Ejecutivos, L\u00edderes o Gerentes de \u00e1rea.<\/li>\n<li>Gerentes de Desarrollo, QA e Infraestructura.<\/li>\n<li>Directores de Proyecto y de Programa.<\/li>\n<li>Gerentes de Producto.<\/li>\n<li>Gerentes de Portafolio, L\u00edderes de PMO y de Proceso.<\/li>\n<li>Arquitectos empresariales, de sistemas y de soluci\u00f3n.<\/li>\n<\/ul>\n<\/div>\n<\/div>\n<\/div>\n<\/div>\n<\/div>\n<div class=\"vc_row wpb_row vc_inner row\">\n<div class=\"vc_column_container col-md-12\">\n<div class=\"wpb_wrapper vc_column-inner\">\n<h2 class=\"vc_custom_heading align-left\">Objetivos:<\/h2>\n<div class=\"wpb_text_column wpb_content_element \">\n<div class=\"wpb_wrapper\">\n<p>Al finalizar este taller, los participantes:<\/p>\n<ul>\n<li>Conocer\u00e1n los fundamentos de Lean: la atenci\u00f3n a la estructura, el tiempo y la educaci\u00f3n<\/li>\n<li>Conocer\u00e1n los principios de Lean<\/li>\n<li>Conocer\u00e1n el aspecto del tiempo de Lean<\/li>\n<li>Conducir\u00e1n el ejercicio de mapa de flujo de valor<\/li>\n<li>Conocer\u00e1n c\u00f3mo es un flujo de valor eficaz en una organizaci\u00f3n<\/li>\n<li>Discutir\u00e1n el papel de la administraci\u00f3n y su efecto en la cultura.<\/li>\n<li>Describir\u00e1n c\u00f3mo utilizar el planificar-hacer-estudiar-actuar (PDSA) para la mejora continua<\/li>\n<\/ul>\n<\/div>\n<\/div>\n<\/div>\n<\/div>\n<\/div>\n<\/div>\n<\/div>","protected":false},"excerpt":{"rendered":"<p>Lean le ayudar\u00e1 a centrarse en el flujo de valor para el cliente de forma r\u00e1pida, sostenible, confiable y con alta calidad.\u00a0Lean no es una soluci\u00f3n empaquetada; m\u00e1s bien es una gu\u00eda para la transformaci\u00f3n de una organizaci\u00f3n hacia la agilidad empresarial. El pensamiento Lean examina todo el sistema y todos los flujos de valor. [&hellip;]<\/p>\n","protected":false},"featured_media":10830,"template":"","meta":{"_acf_changed":false},"product_cat":[83],"product_tag":[],"acf":[],"yoast_head":"<!-- This site is optimized with the Yoast SEO plugin v24.5 - https:\/\/yoast.com\/wordpress\/plugins\/seo\/ -->\n<title>Pensamiento estrat\u00e9gico LEAN - Proyectum Colombia<\/title>\n<meta name=\"robots\" content=\"index, follow, max-snippet:-1, max-image-preview:large, max-video-preview:-1\" \/>\n<link rel=\"canonical\" href=\"https:\/\/proyectum.com\/co\/product\/pensamiento-estrategico-lean-13-de-julio\/\" \/>\n<meta property=\"og:locale\" content=\"es_ES\" \/>\n<meta property=\"og:type\" content=\"article\" \/>\n<meta property=\"og:title\" content=\"Pensamiento estrat\u00e9gico LEAN - Proyectum Colombia\" \/>\n<meta property=\"og:description\" content=\"Lean le ayudar\u00e1 a centrarse en el flujo de valor para el cliente de forma r\u00e1pida, sostenible, confiable y con alta calidad.\u00a0Lean no es una soluci\u00f3n empaquetada; m\u00e1s bien es una gu\u00eda para la transformaci\u00f3n de una organizaci\u00f3n hacia la agilidad empresarial. El pensamiento Lean examina todo el sistema y todos los flujos de valor. [&hellip;]\" \/>\n<meta property=\"og:url\" content=\"https:\/\/proyectum.com\/co\/product\/pensamiento-estrategico-lean-13-de-julio\/\" \/>\n<meta property=\"og:site_name\" content=\"Proyectum Colombia\" \/>\n<meta property=\"article:publisher\" content=\"https:\/\/www.facebook.com\/proyectumcr\/\" \/>\n<meta property=\"article:modified_time\" content=\"2022-11-02T21:33:33+00:00\" \/>\n<meta property=\"og:image\" content=\"https:\/\/i0.wp.com\/proyectum.com\/co\/wp-content\/uploads\/2021\/05\/La_que_sigue_1.jpg?fit=1030%2C686&ssl=1\" \/>\n\t<meta property=\"og:image:width\" content=\"1030\" \/>\n\t<meta property=\"og:image:height\" content=\"686\" \/>\n\t<meta property=\"og:image:type\" content=\"image\/jpeg\" \/>\n<meta name=\"twitter:card\" content=\"summary_large_image\" \/>\n<meta name=\"twitter:label1\" content=\"Tiempo de lectura\" \/>\n\t<meta name=\"twitter:data1\" content=\"2 minutos\" \/>\n<script type=\"application\/ld+json\" class=\"yoast-schema-graph\">{\"@context\":\"https:\/\/schema.org\",\"@graph\":[{\"@type\":\"WebPage\",\"@id\":\"https:\/\/proyectum.com\/co\/product\/pensamiento-estrategico-lean-13-de-julio\/\",\"url\":\"https:\/\/proyectum.com\/co\/product\/pensamiento-estrategico-lean-13-de-julio\/\",\"name\":\"Pensamiento estrat\u00e9gico LEAN - Proyectum Colombia\",\"isPartOf\":{\"@id\":\"https:\/\/proyectum.com\/co\/#website\"},\"primaryImageOfPage\":{\"@id\":\"https:\/\/proyectum.com\/co\/product\/pensamiento-estrategico-lean-13-de-julio\/#primaryimage\"},\"image\":{\"@id\":\"https:\/\/proyectum.com\/co\/product\/pensamiento-estrategico-lean-13-de-julio\/#primaryimage\"},\"thumbnailUrl\":\"https:\/\/i0.wp.com\/proyectum.com\/co\/wp-content\/uploads\/2021\/05\/La_que_sigue_1.jpg?fit=1030%2C686&ssl=1\",\"datePublished\":\"2021-05-30T23:32:16+00:00\",\"dateModified\":\"2022-11-02T21:33:33+00:00\",\"breadcrumb\":{\"@id\":\"https:\/\/proyectum.com\/co\/product\/pensamiento-estrategico-lean-13-de-julio\/#breadcrumb\"},\"inLanguage\":\"es\",\"potentialAction\":[{\"@type\":\"ReadAction\",\"target\":[\"https:\/\/proyectum.com\/co\/product\/pensamiento-estrategico-lean-13-de-julio\/\"]}]},{\"@type\":\"ImageObject\",\"inLanguage\":\"es\",\"@id\":\"https:\/\/proyectum.com\/co\/product\/pensamiento-estrategico-lean-13-de-julio\/#primaryimage\",\"url\":\"https:\/\/i0.wp.com\/proyectum.com\/co\/wp-content\/uploads\/2021\/05\/La_que_sigue_1.jpg?fit=1030%2C686&ssl=1\",\"contentUrl\":\"https:\/\/i0.wp.com\/proyectum.com\/co\/wp-content\/uploads\/2021\/05\/La_que_sigue_1.jpg?fit=1030%2C686&ssl=1\",\"width\":1030,\"height\":686},{\"@type\":\"BreadcrumbList\",\"@id\":\"https:\/\/proyectum.com\/co\/product\/pensamiento-estrategico-lean-13-de-julio\/#breadcrumb\",\"itemListElement\":[{\"@type\":\"ListItem\",\"position\":1,\"name\":\"Home\",\"item\":\"https:\/\/proyectum.com\/co\/\"},{\"@type\":\"ListItem\",\"position\":2,\"name\":\"Tienda\",\"item\":\"https:\/\/proyectum.com\/co\/tienda\/\"},{\"@type\":\"ListItem\",\"position\":3,\"name\":\"Pensamiento estrat\u00e9gico LEAN\"}]},{\"@type\":\"WebSite\",\"@id\":\"https:\/\/proyectum.com\/co\/#website\",\"url\":\"https:\/\/proyectum.com\/co\/\",\"name\":\"Proyectum Costa Rica\",\"description\":\"Centro Autorizado de Capacitaci\u00f3n del Project Management Institute - ATP del PMI\",\"publisher\":{\"@id\":\"https:\/\/proyectum.com\/co\/#organization\"},\"potentialAction\":[{\"@type\":\"SearchAction\",\"target\":{\"@type\":\"EntryPoint\",\"urlTemplate\":\"https:\/\/proyectum.com\/co\/?s={search_term_string}\"},\"query-input\":{\"@type\":\"PropertyValueSpecification\",\"valueRequired\":true,\"valueName\":\"search_term_string\"}}],\"inLanguage\":\"es\"},{\"@type\":\"Organization\",\"@id\":\"https:\/\/proyectum.com\/co\/#organization\",\"name\":\"Proyectum Costa Rica\",\"url\":\"https:\/\/proyectum.com\/co\/\",\"logo\":{\"@type\":\"ImageObject\",\"inLanguage\":\"es\",\"@id\":\"https:\/\/proyectum.com\/co\/#\/schema\/logo\/image\/\",\"url\":\"https:\/\/i0.wp.com\/proyectum.com\/co\/wp-content\/uploads\/proyectum-logo-snippet.png?fit=600%2C315&ssl=1\",\"contentUrl\":\"https:\/\/i0.wp.com\/proyectum.com\/co\/wp-content\/uploads\/proyectum-logo-snippet.png?fit=600%2C315&ssl=1\",\"width\":600,\"height\":315,\"caption\":\"Proyectum Costa Rica\"},\"image\":{\"@id\":\"https:\/\/proyectum.com\/co\/#\/schema\/logo\/image\/\"},\"sameAs\":[\"https:\/\/www.facebook.com\/proyectumcr\/\",\"https:\/\/www.instagram.com\/proyectumcostarica\/\",\"https:\/\/www.linkedin.com\/company\/proyectum-costarica\/\",\"https:\/\/www.youtube.com\/channel\/UCljouWimyhK_cNcC2jniUgw\"]}]}<\/script>\n<!-- \/ Yoast SEO plugin. -->","yoast_head_json":{"title":"Pensamiento estrat\u00e9gico LEAN - Proyectum Colombia","robots":{"index":"index","follow":"follow","max-snippet":"max-snippet:-1","max-image-preview":"max-image-preview:large","max-video-preview":"max-video-preview:-1"},"canonical":"https:\/\/proyectum.com\/co\/product\/pensamiento-estrategico-lean-13-de-julio\/","og_locale":"es_ES","og_type":"article","og_title":"Pensamiento estrat\u00e9gico LEAN - Proyectum Colombia","og_description":"Lean le ayudar\u00e1 a centrarse en el flujo de valor para el cliente de forma r\u00e1pida, sostenible, confiable y con alta calidad.\u00a0Lean no es una soluci\u00f3n empaquetada; m\u00e1s bien es una gu\u00eda para la transformaci\u00f3n de una organizaci\u00f3n hacia la agilidad empresarial. El pensamiento Lean examina todo el sistema y todos los flujos de valor. [&hellip;]","og_url":"https:\/\/proyectum.com\/co\/product\/pensamiento-estrategico-lean-13-de-julio\/","og_site_name":"Proyectum Colombia","article_publisher":"https:\/\/www.facebook.com\/proyectumcr\/","article_modified_time":"2022-11-02T21:33:33+00:00","og_image":[{"width":1030,"height":686,"url":"https:\/\/i0.wp.com\/proyectum.com\/co\/wp-content\/uploads\/2021\/05\/La_que_sigue_1.jpg?fit=1030%2C686&ssl=1","type":"image\/jpeg"}],"twitter_card":"summary_large_image","twitter_misc":{"Tiempo de lectura":"2 minutos"},"schema":{"@context":"https:\/\/schema.org","@graph":[{"@type":"WebPage","@id":"https:\/\/proyectum.com\/co\/product\/pensamiento-estrategico-lean-13-de-julio\/","url":"https:\/\/proyectum.com\/co\/product\/pensamiento-estrategico-lean-13-de-julio\/","name":"Pensamiento estrat\u00e9gico LEAN - Proyectum Colombia","isPartOf":{"@id":"https:\/\/proyectum.com\/co\/#website"},"primaryImageOfPage":{"@id":"https:\/\/proyectum.com\/co\/product\/pensamiento-estrategico-lean-13-de-julio\/#primaryimage"},"image":{"@id":"https:\/\/proyectum.com\/co\/product\/pensamiento-estrategico-lean-13-de-julio\/#primaryimage"},"thumbnailUrl":"https:\/\/i0.wp.com\/proyectum.com\/co\/wp-content\/uploads\/2021\/05\/La_que_sigue_1.jpg?fit=1030%2C686&ssl=1","datePublished":"2021-05-30T23:32:16+00:00","dateModified":"2022-11-02T21:33:33+00:00","breadcrumb":{"@id":"https:\/\/proyectum.com\/co\/product\/pensamiento-estrategico-lean-13-de-julio\/#breadcrumb"},"inLanguage":"es","potentialAction":[{"@type":"ReadAction","target":["https:\/\/proyectum.com\/co\/product\/pensamiento-estrategico-lean-13-de-julio\/"]}]},{"@type":"ImageObject","inLanguage":"es","@id":"https:\/\/proyectum.com\/co\/product\/pensamiento-estrategico-lean-13-de-julio\/#primaryimage","url":"https:\/\/i0.wp.com\/proyectum.com\/co\/wp-content\/uploads\/2021\/05\/La_que_sigue_1.jpg?fit=1030%2C686&ssl=1","contentUrl":"https:\/\/i0.wp.com\/proyectum.com\/co\/wp-content\/uploads\/2021\/05\/La_que_sigue_1.jpg?fit=1030%2C686&ssl=1","width":1030,"height":686},{"@type":"BreadcrumbList","@id":"https:\/\/proyectum.com\/co\/product\/pensamiento-estrategico-lean-13-de-julio\/#breadcrumb","itemListElement":[{"@type":"ListItem","position":1,"name":"Home","item":"https:\/\/proyectum.com\/co\/"},{"@type":"ListItem","position":2,"name":"Tienda","item":"https:\/\/proyectum.com\/co\/tienda\/"},{"@type":"ListItem","position":3,"name":"Pensamiento estrat\u00e9gico LEAN"}]},{"@type":"WebSite","@id":"https:\/\/proyectum.com\/co\/#website","url":"https:\/\/proyectum.com\/co\/","name":"Proyectum Costa Rica","description":"Centro Autorizado de Capacitaci\u00f3n del Project Management Institute - ATP del PMI","publisher":{"@id":"https:\/\/proyectum.com\/co\/#organization"},"potentialAction":[{"@type":"SearchAction","target":{"@type":"EntryPoint","urlTemplate":"https:\/\/proyectum.com\/co\/?s={search_term_string}"},"query-input":{"@type":"PropertyValueSpecification","valueRequired":true,"valueName":"search_term_string"}}],"inLanguage":"es"},{"@type":"Organization","@id":"https:\/\/proyectum.com\/co\/#organization","name":"Proyectum Costa Rica","url":"https:\/\/proyectum.com\/co\/","logo":{"@type":"ImageObject","inLanguage":"es","@id":"https:\/\/proyectum.com\/co\/#\/schema\/logo\/image\/","url":"https:\/\/i0.wp.com\/proyectum.com\/co\/wp-content\/uploads\/proyectum-logo-snippet.png?fit=600%2C315&ssl=1","contentUrl":"https:\/\/i0.wp.com\/proyectum.com\/co\/wp-content\/uploads\/proyectum-logo-snippet.png?fit=600%2C315&ssl=1","width":600,"height":315,"caption":"Proyectum Costa Rica"},"image":{"@id":"https:\/\/proyectum.com\/co\/#\/schema\/logo\/image\/"},"sameAs":["https:\/\/www.facebook.com\/proyectumcr\/","https:\/\/www.instagram.com\/proyectumcostarica\/","https:\/\/www.linkedin.com\/company\/proyectum-costarica\/","https:\/\/www.youtube.com\/channel\/UCljouWimyhK_cNcC2jniUgw"]}]}},"jetpack_sharing_enabled":true,"_links":{"self":[{"href":"https:\/\/proyectum.com\/co\/wp-json\/wp\/v2\/product\/10385"}],"collection":[{"href":"https:\/\/proyectum.com\/co\/wp-json\/wp\/v2\/product"}],"about":[{"href":"https:\/\/proyectum.com\/co\/wp-json\/wp\/v2\/types\/product"}],"wp:featuredmedia":[{"embeddable":true,"href":"https:\/\/proyectum.com\/co\/wp-json\/wp\/v2\/media\/10830"}],"wp:attachment":[{"href":"https:\/\/proyectum.com\/co\/wp-json\/wp\/v2\/media?parent=10385"}],"wp:term":[{"taxonomy":"product_cat","embeddable":true,"href":"https:\/\/proyectum.com\/co\/wp-json\/wp\/v2\/product_cat?post=10385"},{"taxonomy":"product_tag","embeddable":true,"href":"https:\/\/proyectum.com\/co\/wp-json\/wp\/v2\/product_tag?post=10385"}],"curies":[{"name":"wp","href":"https:\/\/api.w.org\/{rel}","templated":true}]}}