{"id":10803,"date":"2021-08-18T12:12:38","date_gmt":"2021-08-18T17:12:38","guid":{"rendered":"https:\/\/proyectum.com\/co\/?post_type=product&#038;p=10803"},"modified":"2021-10-12T08:57:19","modified_gmt":"2021-10-12T13:57:19","slug":"taller-pmbok-7","status":"publish","type":"product","link":"https:\/\/proyectum.com\/co\/product\/taller-pmbok-7\/","title":{"rendered":"Taller de actualizaci\u00f3n al PMBOK edici\u00f3n 7."},"content":{"rendered":"<p><span style=\"color: #000000;\"><strong>TALLER<\/strong><b> DE ACTUALIZACI\u00d3N AL PMBOK EDICI\u00d3N<\/b><b><span class=\"Apple-converted-space\"> 7.<\/span><\/b><\/span><\/p>\n<p><span style=\"color: #000000;\">Este taller de 1 sesi\u00f3n de 3 horas te orientar\u00e1 a lo nuevo que trajo el PMI con la nueva edici\u00f3n del PMBOK. \u00a1No te quedes atr\u00e1s! \u00a1Aprende con nosotros!<\/span><\/p>\n<p><span style=\"color: #000000;\"><strong>DURACI\u00d3N:<\/strong> 1 \u00fanica sesi\u00f3n de 3 horas.<\/span><\/p>\n<p><span style=\"color: #000000;\"><strong>INCLUYE:<\/strong><\/span><\/p>\n<ul>\n<li><span style=\"color: #000000;\">Diapositivas digitales<\/span><\/li>\n<li><span style=\"color: #000000;\">T\u00edtulo de participaci\u00f3n<\/span><\/li>\n<li><span style=\"color: #000000;\">3 PDUs<\/span><\/li>\n<\/ul>\n<p><span style=\"color: #000000;\"><b>Acerca de Proyectum<\/b><\/span><\/p>\n<p><span style=\"color: #000000;\">Somos una organizaci\u00f3n multinacional de consultor\u00eda, capacitaci\u00f3n y formaci\u00f3n continua con presencia en 7 pa\u00edses.<\/span><\/p>\n<p><span style=\"color: #000000;\">Apoyamos a nuestros clientes a implementar su estrategia,\u00a0mejorar sus resultados, procesos y pr\u00e1cticas de negocio, utilizando como base la direcci\u00f3n profesional de proyectos.<\/span><\/p>\n<p><span style=\"color: #000000;\">Creemos en la entrega de valor continuo al cliente, en el trabajo en equipo, la colaboraci\u00f3n, en la agilidad de negocios, en entender las necesidades de nuestro entorno y ponemos todos nuestro esfuerzos y conocimientos en la implementaci\u00f3n de soluciones pr\u00e1cticas para nuestros clientes.<\/span><\/p>\n<p><span style=\"color: #000000;\">Contamos con la denominaci\u00f3n <strong>Premier Authorized Training Partner\u00a0<\/strong>por parte del PMI\u00ae.<\/span><\/p>\n","protected":false},"excerpt":{"rendered":"<p>TALLER DE ACTUALIZACI\u00d3N AL PMBOK EDICI\u00d3N 7. Este taller de 1 sesi\u00f3n de 3 horas te orientar\u00e1 a lo nuevo que trajo el PMI con la nueva edici\u00f3n del PMBOK. \u00a1No te quedes atr\u00e1s! \u00a1Aprende con nosotros! DURACI\u00d3N: 1 \u00fanica sesi\u00f3n de 3 horas. INCLUYE: Diapositivas digitales T\u00edtulo de participaci\u00f3n 3 PDUs Acerca de Proyectum [&hellip;]<\/p>\n","protected":false},"featured_media":10813,"template":"","meta":{"_acf_changed":false},"product_cat":[78],"product_tag":[],"acf":[],"yoast_head":"<!-- This site is optimized with the Yoast SEO plugin v24.5 - https:\/\/yoast.com\/wordpress\/plugins\/seo\/ -->\n<title>Taller de actualizaci\u00f3n al PMBOK edici\u00f3n 7. - Proyectum Colombia<\/title>\n<meta name=\"description\" content=\"El taller de actualizaci\u00f3n al PMBOK edici\u00f3n 7 te orientar\u00e1 a lo nuevo que trajo el PMI con esta nueva edici\u00f3n. \u00a1No te quedes atr\u00e1s! \u00a1Aprende con nosotros!\" \/>\n<meta name=\"robots\" content=\"index, follow, max-snippet:-1, max-image-preview:large, max-video-preview:-1\" \/>\n<link rel=\"canonical\" href=\"https:\/\/proyectum.com\/co\/product\/taller-pmbok-7\/\" \/>\n<meta property=\"og:locale\" content=\"es_ES\" \/>\n<meta property=\"og:type\" content=\"article\" \/>\n<meta property=\"og:title\" content=\"Taller de actualizaci\u00f3n al PMBOK edici\u00f3n 7. - Proyectum Colombia\" \/>\n<meta property=\"og:description\" content=\"El taller de actualizaci\u00f3n al PMBOK edici\u00f3n 7 te orientar\u00e1 a lo nuevo que trajo el PMI con esta nueva edici\u00f3n. \u00a1No te quedes atr\u00e1s! \u00a1Aprende con nosotros!\" \/>\n<meta property=\"og:url\" content=\"https:\/\/proyectum.com\/co\/product\/taller-pmbok-7\/\" \/>\n<meta property=\"og:site_name\" content=\"Proyectum Colombia\" \/>\n<meta property=\"article:publisher\" content=\"https:\/\/www.facebook.com\/proyectumcr\/\" \/>\n<meta property=\"article:modified_time\" content=\"2021-10-12T13:57:19+00:00\" \/>\n<meta property=\"og:image\" content=\"https:\/\/i0.wp.com\/proyectum.com\/co\/wp-content\/uploads\/2021\/08\/Taller-actualizacion-del-PMBOK-Vf-e1629320972332.jpeg?fit=512%2C512&ssl=1\" \/>\n\t<meta property=\"og:image:width\" content=\"512\" \/>\n\t<meta property=\"og:image:height\" content=\"512\" \/>\n\t<meta property=\"og:image:type\" content=\"image\/jpeg\" \/>\n<meta name=\"twitter:card\" content=\"summary_large_image\" \/>\n<meta name=\"twitter:label1\" content=\"Tiempo de lectura\" \/>\n\t<meta name=\"twitter:data1\" content=\"1 minuto\" \/>\n<script type=\"application\/ld+json\" class=\"yoast-schema-graph\">{\"@context\":\"https:\/\/schema.org\",\"@graph\":[{\"@type\":\"WebPage\",\"@id\":\"https:\/\/proyectum.com\/co\/product\/taller-pmbok-7\/\",\"url\":\"https:\/\/proyectum.com\/co\/product\/taller-pmbok-7\/\",\"name\":\"Taller de actualizaci\u00f3n al PMBOK edici\u00f3n 7. - Proyectum Colombia\",\"isPartOf\":{\"@id\":\"https:\/\/proyectum.com\/co\/#website\"},\"primaryImageOfPage\":{\"@id\":\"https:\/\/proyectum.com\/co\/product\/taller-pmbok-7\/#primaryimage\"},\"image\":{\"@id\":\"https:\/\/proyectum.com\/co\/product\/taller-pmbok-7\/#primaryimage\"},\"thumbnailUrl\":\"https:\/\/i0.wp.com\/proyectum.com\/co\/wp-content\/uploads\/2021\/08\/Taller-actualizacion-del-PMBOK-Vf-e1629320972332.jpeg?fit=512%2C512&ssl=1\",\"datePublished\":\"2021-08-18T17:12:38+00:00\",\"dateModified\":\"2021-10-12T13:57:19+00:00\",\"description\":\"El taller de actualizaci\u00f3n al PMBOK edici\u00f3n 7 te orientar\u00e1 a lo nuevo que trajo el PMI con esta nueva edici\u00f3n. \u00a1No te quedes atr\u00e1s! \u00a1Aprende con nosotros!\",\"breadcrumb\":{\"@id\":\"https:\/\/proyectum.com\/co\/product\/taller-pmbok-7\/#breadcrumb\"},\"inLanguage\":\"es\",\"potentialAction\":[{\"@type\":\"ReadAction\",\"target\":[\"https:\/\/proyectum.com\/co\/product\/taller-pmbok-7\/\"]}]},{\"@type\":\"ImageObject\",\"inLanguage\":\"es\",\"@id\":\"https:\/\/proyectum.com\/co\/product\/taller-pmbok-7\/#primaryimage\",\"url\":\"https:\/\/i0.wp.com\/proyectum.com\/co\/wp-content\/uploads\/2021\/08\/Taller-actualizacion-del-PMBOK-Vf-e1629320972332.jpeg?fit=512%2C512&ssl=1\",\"contentUrl\":\"https:\/\/i0.wp.com\/proyectum.com\/co\/wp-content\/uploads\/2021\/08\/Taller-actualizacion-del-PMBOK-Vf-e1629320972332.jpeg?fit=512%2C512&ssl=1\",\"width\":512,\"height\":512},{\"@type\":\"BreadcrumbList\",\"@id\":\"https:\/\/proyectum.com\/co\/product\/taller-pmbok-7\/#breadcrumb\",\"itemListElement\":[{\"@type\":\"ListItem\",\"position\":1,\"name\":\"Home\",\"item\":\"https:\/\/proyectum.com\/co\/\"},{\"@type\":\"ListItem\",\"position\":2,\"name\":\"Tienda\",\"item\":\"https:\/\/proyectum.com\/co\/tienda\/\"},{\"@type\":\"ListItem\",\"position\":3,\"name\":\"Taller de actualizaci\u00f3n al PMBOK edici\u00f3n 7.\"}]},{\"@type\":\"WebSite\",\"@id\":\"https:\/\/proyectum.com\/co\/#website\",\"url\":\"https:\/\/proyectum.com\/co\/\",\"name\":\"Proyectum Costa Rica\",\"description\":\"Centro Autorizado de Capacitaci\u00f3n del Project Management Institute - ATP del PMI\",\"publisher\":{\"@id\":\"https:\/\/proyectum.com\/co\/#organization\"},\"potentialAction\":[{\"@type\":\"SearchAction\",\"target\":{\"@type\":\"EntryPoint\",\"urlTemplate\":\"https:\/\/proyectum.com\/co\/?s={search_term_string}\"},\"query-input\":{\"@type\":\"PropertyValueSpecification\",\"valueRequired\":true,\"valueName\":\"search_term_string\"}}],\"inLanguage\":\"es\"},{\"@type\":\"Organization\",\"@id\":\"https:\/\/proyectum.com\/co\/#organization\",\"name\":\"Proyectum Costa Rica\",\"url\":\"https:\/\/proyectum.com\/co\/\",\"logo\":{\"@type\":\"ImageObject\",\"inLanguage\":\"es\",\"@id\":\"https:\/\/proyectum.com\/co\/#\/schema\/logo\/image\/\",\"url\":\"https:\/\/i0.wp.com\/proyectum.com\/co\/wp-content\/uploads\/proyectum-logo-snippet.png?fit=600%2C315&ssl=1\",\"contentUrl\":\"https:\/\/i0.wp.com\/proyectum.com\/co\/wp-content\/uploads\/proyectum-logo-snippet.png?fit=600%2C315&ssl=1\",\"width\":600,\"height\":315,\"caption\":\"Proyectum Costa Rica\"},\"image\":{\"@id\":\"https:\/\/proyectum.com\/co\/#\/schema\/logo\/image\/\"},\"sameAs\":[\"https:\/\/www.facebook.com\/proyectumcr\/\",\"https:\/\/www.instagram.com\/proyectumcostarica\/\",\"https:\/\/www.linkedin.com\/company\/proyectum-costarica\/\",\"https:\/\/www.youtube.com\/channel\/UCljouWimyhK_cNcC2jniUgw\"]}]}<\/script>\n<!-- \/ Yoast SEO plugin. -->","yoast_head_json":{"title":"Taller de actualizaci\u00f3n al PMBOK edici\u00f3n 7. - Proyectum Colombia","description":"El taller de actualizaci\u00f3n al PMBOK edici\u00f3n 7 te orientar\u00e1 a lo nuevo que trajo el PMI con esta nueva edici\u00f3n. \u00a1No te quedes atr\u00e1s! \u00a1Aprende con nosotros!","robots":{"index":"index","follow":"follow","max-snippet":"max-snippet:-1","max-image-preview":"max-image-preview:large","max-video-preview":"max-video-preview:-1"},"canonical":"https:\/\/proyectum.com\/co\/product\/taller-pmbok-7\/","og_locale":"es_ES","og_type":"article","og_title":"Taller de actualizaci\u00f3n al PMBOK edici\u00f3n 7. - Proyectum Colombia","og_description":"El taller de actualizaci\u00f3n al PMBOK edici\u00f3n 7 te orientar\u00e1 a lo nuevo que trajo el PMI con esta nueva edici\u00f3n. \u00a1No te quedes atr\u00e1s! \u00a1Aprende con nosotros!","og_url":"https:\/\/proyectum.com\/co\/product\/taller-pmbok-7\/","og_site_name":"Proyectum Colombia","article_publisher":"https:\/\/www.facebook.com\/proyectumcr\/","article_modified_time":"2021-10-12T13:57:19+00:00","og_image":[{"width":512,"height":512,"url":"https:\/\/i0.wp.com\/proyectum.com\/co\/wp-content\/uploads\/2021\/08\/Taller-actualizacion-del-PMBOK-Vf-e1629320972332.jpeg?fit=512%2C512&ssl=1","type":"image\/jpeg"}],"twitter_card":"summary_large_image","twitter_misc":{"Tiempo de lectura":"1 minuto"},"schema":{"@context":"https:\/\/schema.org","@graph":[{"@type":"WebPage","@id":"https:\/\/proyectum.com\/co\/product\/taller-pmbok-7\/","url":"https:\/\/proyectum.com\/co\/product\/taller-pmbok-7\/","name":"Taller de actualizaci\u00f3n al PMBOK edici\u00f3n 7. - Proyectum Colombia","isPartOf":{"@id":"https:\/\/proyectum.com\/co\/#website"},"primaryImageOfPage":{"@id":"https:\/\/proyectum.com\/co\/product\/taller-pmbok-7\/#primaryimage"},"image":{"@id":"https:\/\/proyectum.com\/co\/product\/taller-pmbok-7\/#primaryimage"},"thumbnailUrl":"https:\/\/i0.wp.com\/proyectum.com\/co\/wp-content\/uploads\/2021\/08\/Taller-actualizacion-del-PMBOK-Vf-e1629320972332.jpeg?fit=512%2C512&ssl=1","datePublished":"2021-08-18T17:12:38+00:00","dateModified":"2021-10-12T13:57:19+00:00","description":"El taller de actualizaci\u00f3n al PMBOK edici\u00f3n 7 te orientar\u00e1 a lo nuevo que trajo el PMI con esta nueva edici\u00f3n. \u00a1No te quedes atr\u00e1s! \u00a1Aprende con nosotros!","breadcrumb":{"@id":"https:\/\/proyectum.com\/co\/product\/taller-pmbok-7\/#breadcrumb"},"inLanguage":"es","potentialAction":[{"@type":"ReadAction","target":["https:\/\/proyectum.com\/co\/product\/taller-pmbok-7\/"]}]},{"@type":"ImageObject","inLanguage":"es","@id":"https:\/\/proyectum.com\/co\/product\/taller-pmbok-7\/#primaryimage","url":"https:\/\/i0.wp.com\/proyectum.com\/co\/wp-content\/uploads\/2021\/08\/Taller-actualizacion-del-PMBOK-Vf-e1629320972332.jpeg?fit=512%2C512&ssl=1","contentUrl":"https:\/\/i0.wp.com\/proyectum.com\/co\/wp-content\/uploads\/2021\/08\/Taller-actualizacion-del-PMBOK-Vf-e1629320972332.jpeg?fit=512%2C512&ssl=1","width":512,"height":512},{"@type":"BreadcrumbList","@id":"https:\/\/proyectum.com\/co\/product\/taller-pmbok-7\/#breadcrumb","itemListElement":[{"@type":"ListItem","position":1,"name":"Home","item":"https:\/\/proyectum.com\/co\/"},{"@type":"ListItem","position":2,"name":"Tienda","item":"https:\/\/proyectum.com\/co\/tienda\/"},{"@type":"ListItem","position":3,"name":"Taller de actualizaci\u00f3n al PMBOK edici\u00f3n 7."}]},{"@type":"WebSite","@id":"https:\/\/proyectum.com\/co\/#website","url":"https:\/\/proyectum.com\/co\/","name":"Proyectum Costa Rica","description":"Centro Autorizado de Capacitaci\u00f3n del Project Management Institute - ATP del PMI","publisher":{"@id":"https:\/\/proyectum.com\/co\/#organization"},"potentialAction":[{"@type":"SearchAction","target":{"@type":"EntryPoint","urlTemplate":"https:\/\/proyectum.com\/co\/?s={search_term_string}"},"query-input":{"@type":"PropertyValueSpecification","valueRequired":true,"valueName":"search_term_string"}}],"inLanguage":"es"},{"@type":"Organization","@id":"https:\/\/proyectum.com\/co\/#organization","name":"Proyectum Costa Rica","url":"https:\/\/proyectum.com\/co\/","logo":{"@type":"ImageObject","inLanguage":"es","@id":"https:\/\/proyectum.com\/co\/#\/schema\/logo\/image\/","url":"https:\/\/i0.wp.com\/proyectum.com\/co\/wp-content\/uploads\/proyectum-logo-snippet.png?fit=600%2C315&ssl=1","contentUrl":"https:\/\/i0.wp.com\/proyectum.com\/co\/wp-content\/uploads\/proyectum-logo-snippet.png?fit=600%2C315&ssl=1","width":600,"height":315,"caption":"Proyectum Costa Rica"},"image":{"@id":"https:\/\/proyectum.com\/co\/#\/schema\/logo\/image\/"},"sameAs":["https:\/\/www.facebook.com\/proyectumcr\/","https:\/\/www.instagram.com\/proyectumcostarica\/","https:\/\/www.linkedin.com\/company\/proyectum-costarica\/","https:\/\/www.youtube.com\/channel\/UCljouWimyhK_cNcC2jniUgw"]}]}},"jetpack_sharing_enabled":true,"_links":{"self":[{"href":"https:\/\/proyectum.com\/co\/wp-json\/wp\/v2\/product\/10803"}],"collection":[{"href":"https:\/\/proyectum.com\/co\/wp-json\/wp\/v2\/product"}],"about":[{"href":"https:\/\/proyectum.com\/co\/wp-json\/wp\/v2\/types\/product"}],"wp:featuredmedia":[{"embeddable":true,"href":"https:\/\/proyectum.com\/co\/wp-json\/wp\/v2\/media\/10813"}],"wp:attachment":[{"href":"https:\/\/proyectum.com\/co\/wp-json\/wp\/v2\/media?parent=10803"}],"wp:term":[{"taxonomy":"product_cat","embeddable":true,"href":"https:\/\/proyectum.com\/co\/wp-json\/wp\/v2\/product_cat?post=10803"},{"taxonomy":"product_tag","embeddable":true,"href":"https:\/\/proyectum.com\/co\/wp-json\/wp\/v2\/product_tag?post=10803"}],"curies":[{"name":"wp","href":"https:\/\/api.w.org\/{rel}","templated":true}]}}