{"id":10826,"date":"2021-08-21T16:08:39","date_gmt":"2021-08-21T21:08:39","guid":{"rendered":"https:\/\/proyectum.com\/co\/?post_type=product&#038;p=10826"},"modified":"2022-11-02T16:31:26","modified_gmt":"2022-11-02T21:31:26","slug":"introduccion-agil-de-proyectos","status":"publish","type":"product","link":"https:\/\/proyectum.com\/co\/product\/introduccion-agil-de-proyectos\/","title":{"rendered":"Introducci\u00f3n a Proyectos \u00c1giles"},"content":{"rendered":"<div class=\"wpb-content-wrapper\"><p class=\"vc_custom_heading align-left\"><span style=\"color: #000000;\">Este curso tiene por finalidad comprender los fundamentos de los m\u00e9todos \u00e1giles, habilit\u00e1ndolo para participar en el proceso de adopci\u00f3n del agilismo sin perder de vista que lo esencial son los principios y valores y que las metodolog\u00edas especificas son un medio. \u00bfAlguna vez te has preguntado c\u00f3mo es trabajar en un equipo \u00e1gil? Claro, en la superficie, Agile parece simple y directo. En la pr\u00e1ctica, sin embargo, cuando empezamos a adoptar una forma \u00e1gil de trabajar, la realidad r\u00e1pidamente demuestra ser mucho m\u00e1s compleja de lo esperado. Este m\u00f3dulo le ense\u00f1a las bases para iniciar con \u00e9xito una forma de trabajo \u00e1gil (WoW \u2013 Way of Work) dentro de tu equipo.<\/span><\/p>\n<div class=\"wpb_text_column wpb_content_element \">\n<div class=\"wpb_wrapper\">\n<p><span style=\"color: #000000;\"><strong>Duraci\u00f3n:<\/strong>\u00a08 horas en 2 sesiones de 4 horas cada una<\/span><\/p>\n<p><span style=\"color: #000000;\"><strong>Modalidad:<\/strong>\u00a0Online<\/span><\/p>\n<p><span style=\"color: #000000;\"><strong>Requisitos:<\/strong>\u00a0No tiene requisitos<\/span><\/p>\n<p><span style=\"color: #000000;\"><strong>Acreditaci\u00f3n:<\/strong>\u00a08 PDUs (4 liderazgo y 4 de estrategia)<\/span><\/p>\n<p><span style=\"color: #000000;\"><strong>Pr\u00f3ximo taller<\/strong>: Disponible \u00fanicamente para grupos empresariales<\/span><\/p>\n<\/div>\n<\/div>\n<div class=\"wpb_text_column wpb_content_element \">\n<div class=\"wpb_wrapper\"><span style=\"color: #000000;\"><strong>NOTA: <\/strong>Este es un curso con material provisto por el PMI e impartido por instructores certificados por el PMI, as\u00ed como brindados bajo los est\u00e1ndares de calidad exigidos a todos los ATP (Autorized Training Partner) del PMI.<\/span><\/div>\n<\/div>\n<div class=\"wpb_text_column wpb_content_element box-contenido\">\n<div class=\"wpb_wrapper\">\n<p><span style=\"color: #000000;\"><strong>En este taller podr\u00e1n participar:\u00a0<\/strong><\/span><\/p>\n<ul>\n<li><span style=\"color: #000000;\">Ejecutivos, L\u00edderes o Gerentes de \u00e1rea.<\/span><\/li>\n<li><span style=\"color: #000000;\">Gerentes de Desarrollo, QA e Infraestructura.<\/span><\/li>\n<li><span style=\"color: #000000;\">Directores de Proyecto y de Programa.<\/span><\/li>\n<li><span style=\"color: #000000;\">Gerentes de Producto.<\/span><\/li>\n<li><span style=\"color: #000000;\">Gerentes de Portafolio, L\u00edderes de PMO y de Proceso.<\/span><\/li>\n<li><span style=\"color: #000000;\">Arquitectos empresariales, de sistema y de soluci\u00f3n.<\/span><\/li>\n<\/ul>\n<\/div>\n<div class=\"vc_row wpb_row vc_inner row\">\n<div class=\"vc_column_container col-md-12\">\n<div class=\"wpb_wrapper vc_column-inner\">\n<p><span style=\"color: #000000;\"><strong>Durante el taller usted podr\u00e1 aprender acerca de:<\/strong><\/span><\/p>\n<ol>\n<li><span style=\"color: #000000;\">El panorama general de \u00e1gil<\/span><\/li>\n<li><span style=\"color: #000000;\">Ciclo de vida \u00e1gil<\/span><\/li>\n<li><span style=\"color: #000000;\">Roles de un equipo \u00e1gil<\/span><\/li>\n<li><span style=\"color: #000000;\">Radiadores de informaci\u00f3n<\/span><\/li>\n<li><span style=\"color: #000000;\">Ceremonias \u00e1giles<\/span><\/li>\n<li><span style=\"color: #000000;\">Backlog del Producto<\/span><\/li>\n<li><span style=\"color: #000000;\">Historias de usuarios<\/span><\/li>\n<li><span style=\"color: #000000;\">Estimaci\u00f3n<\/span><\/li>\n<li><span style=\"color: #000000;\">Calidad Primero<\/span><\/li>\n<li><span style=\"color: #000000;\">Gestionando el cambio<\/span><\/li>\n<li><span style=\"color: #000000;\">Retrospectiva<\/span><\/li>\n<\/ol>\n<h2 class=\"vc_custom_heading align-left\"><span style=\"font-size: 16px; color: #000000;\">Incluye:<\/span><\/h2>\n<p><span style=\"color: #000000;\"><strong>Al matricular este taller usted contar\u00e1 con:<\/strong><\/span><\/p>\n<div class=\"vc_column_container col-md-8 vc_custom_1579692826470\">\n<div class=\"wpb_wrapper vc_column-inner\">\n<div class=\"vc_tta-container\" data-vc-action=\"collapse\">\n<div class=\"vc_general vc_tta vc_tta-tabs vc_tta-color-grey vc_tta-style-classic vc_tta-shape-rounded vc_tta-spacing-1 vc_tta-o-no-fill vc_tta-tabs-position-top vc_tta-controls-align-left vc_custom_1580419605683\">\n<div class=\"vc_tta-panels-container\">\n<div class=\"vc_tta-panels\">\n<div id=\"1541455369971-f2c4148a-d49e\" class=\"vc_tta-panel vc_active\" data-vc-content=\".vc_tta-panel-body\">\n<div class=\"vc_tta-panel-body\">\n<div class=\"wpb_text_column wpb_content_element \">\n<div class=\"wpb_wrapper\">\n<ul>\n<li><span style=\"color: #000000;\">Instructores con m\u00e1s de 20 a\u00f1os de experiencia.<\/span><\/li>\n<li><span style=\"color: #000000;\">Manual usado por el Instructor, como apoyo.<\/span><\/li>\n<li><span style=\"color: #000000;\">Clase con un profesor certificado DA-PMI<\/span><\/li>\n<li><span style=\"color: #000000;\">Ejercicios pr\u00e1cticos durante el taller.<\/span><\/li>\n<li><span style=\"color: #000000;\">T\u00edtulo de participaci\u00f3n.<\/span><\/li>\n<li><span style=\"color: #000000;\">8 PDUs t\u00e9cnicos.<\/span><\/li>\n<\/ul>\n<\/div>\n<\/div>\n<\/div>\n<\/div>\n<\/div>\n<\/div>\n<\/div>\n<\/div>\n<\/div>\n<\/div>\n<h2 class=\"vc_custom_heading align-left\"><span style=\"color: #000000;\"><strong style=\"font-size: 16px;\">Objetivos:<\/strong><\/span><\/h2>\n<\/div>\n<\/div>\n<\/div>\n<div class=\"vc_row wpb_row vc_inner row\">\n<div class=\"vc_column_container col-md-12\">\n<div class=\"wpb_wrapper vc_column-inner\">\n<p><span style=\"color: #000000;\"><strong>Al finalizar este taller usted ser\u00e1 capaz de:<\/strong><\/span><\/p>\n<ul>\n<li><span style=\"color: #000000;\">Aplicar una forma iterativa de trabajar dentro de tu equipo.<\/span><\/li>\n<li><span style=\"color: #000000;\">Describir los artefactos, roles y ceremonias de una forma iterativa de trabajo.<\/span><\/li>\n<li><span style=\"color: #000000;\">Utilizar un tablero de trabajo y un radiador de informaci\u00f3n.<\/span><\/li>\n<li><span style=\"color: #000000;\">Escribir historias de usuarios y estimarlas.<\/span><\/li>\n<li><span style=\"color: #000000;\">Reunir los requisitos de forma colaborativa.<\/span><\/li>\n<\/ul>\n<p><span style=\"color: #000000;\"><b>Acerca de Proyectum<\/b><\/span><\/p>\n<p><span style=\"color: #000000;\">Somos una organizaci\u00f3n multinacional de consultor\u00eda, capacitaci\u00f3n y formaci\u00f3n continua con presencia en 7 pa\u00edses.<\/span><\/p>\n<p><span style=\"color: #000000;\">Apoyamos a nuestros clientes a implementar su estrategia,\u00a0mejorar sus resultados, procesos y pr\u00e1cticas de negocio, utilizando como base la direcci\u00f3n profesional de proyectos.<\/span><\/p>\n<p><span style=\"color: #000000;\">Creemos en la entrega de valor continuo al cliente, en el trabajo en equipo, la colaboraci\u00f3n, en la agilidad de negocios, en entender las necesidades de nuestro entorno y ponemos todos nuestro esfuerzos y conocimientos en la implementaci\u00f3n de soluciones pr\u00e1cticas para nuestros clientes.<\/span><\/p>\n<p><span style=\"color: #000000;\">Contamos con la denominaci\u00f3n\u00a0<strong>Premier Authorized Training Partner\u00a0<\/strong>por parte del PMI\u00ae.<\/span><\/p>\n<\/div>\n<\/div>\n<\/div>\n<div class=\"vc_row wpb_row vc_inner row\">\n<div class=\"vc_column_container col-md-12\">\n<div class=\"wpb_wrapper vc_column-inner\">\n<div class=\"wpb_text_column wpb_content_element \">\n<div class=\"wpb_wrapper\"><\/div>\n<\/div>\n<\/div>\n<\/div>\n<\/div>\n<\/div>\n<\/div>","protected":false},"excerpt":{"rendered":"<p>Este curso tiene por finalidad comprender los fundamentos de los m\u00e9todos \u00e1giles, habilit\u00e1ndolo para participar en el proceso de adopci\u00f3n del agilismo sin perder de vista que lo esencial son los principios y valores y que las metodolog\u00edas especificas son un medio. \u00bfAlguna vez te has preguntado c\u00f3mo es trabajar en un equipo \u00e1gil? Claro, [&hellip;]<\/p>\n","protected":false},"featured_media":10955,"template":"","meta":{"_acf_changed":false},"product_cat":[83],"product_tag":[],"acf":[],"yoast_head":"<!-- This site is optimized with the Yoast SEO plugin v24.5 - https:\/\/yoast.com\/wordpress\/plugins\/seo\/ -->\n<title>Introducci\u00f3n a Proyectos \u00c1giles - Proyectum Colombia<\/title>\n<meta name=\"description\" content=\"Este curso tiene por finalidad comprender los fundamentos de los m\u00e9todos \u00e1giles, habilit\u00e1ndolo para participar en el proceso de adopci\u00f3n del agilismo sin perder de vista que lo esencial son los principios y valores y que las metodolog\u00edas especificas son un medio. \u00bfAlguna vez te has preguntado c\u00f3mo es trabajar en un equipo \u00e1gil? Claro, en la superficie, Agile parece simple y directo. En la pr\u00e1ctica, sin embargo, cuando empezamos a adoptar una forma \u00e1gil de trabajar, la realidad r\u00e1pidamente demuestra ser mucho m\u00e1s compleja de lo esperado. Este m\u00f3dulo le ense\u00f1a las bases para iniciar con \u00e9xito una forma de trabajo \u00e1gil (WoW \u2013 Way of Work) dentro de tu equipo.\" \/>\n<meta name=\"robots\" content=\"index, follow, max-snippet:-1, max-image-preview:large, max-video-preview:-1\" \/>\n<link rel=\"canonical\" href=\"https:\/\/proyectum.com\/co\/product\/introduccion-agil-de-proyectos\/\" \/>\n<meta property=\"og:locale\" content=\"es_ES\" \/>\n<meta property=\"og:type\" content=\"article\" \/>\n<meta property=\"og:title\" content=\"Introducci\u00f3n a Proyectos \u00c1giles - Proyectum Colombia\" \/>\n<meta property=\"og:description\" content=\"Este curso tiene por finalidad comprender los fundamentos de los m\u00e9todos \u00e1giles, habilit\u00e1ndolo para participar en el proceso de adopci\u00f3n del agilismo sin perder de vista que lo esencial son los principios y valores y que las metodolog\u00edas especificas son un medio. \u00bfAlguna vez te has preguntado c\u00f3mo es trabajar en un equipo \u00e1gil? Claro, en la superficie, Agile parece simple y directo. En la pr\u00e1ctica, sin embargo, cuando empezamos a adoptar una forma \u00e1gil de trabajar, la realidad r\u00e1pidamente demuestra ser mucho m\u00e1s compleja de lo esperado. Este m\u00f3dulo le ense\u00f1a las bases para iniciar con \u00e9xito una forma de trabajo \u00e1gil (WoW \u2013 Way of Work) dentro de tu equipo.\" \/>\n<meta property=\"og:url\" content=\"https:\/\/proyectum.com\/co\/product\/introduccion-agil-de-proyectos\/\" \/>\n<meta property=\"og:site_name\" content=\"Proyectum Colombia\" \/>\n<meta property=\"article:publisher\" content=\"https:\/\/www.facebook.com\/proyectumcr\/\" \/>\n<meta property=\"article:modified_time\" content=\"2022-11-02T21:31:26+00:00\" \/>\n<meta property=\"og:image\" content=\"https:\/\/i0.wp.com\/proyectum.com\/co\/wp-content\/uploads\/2021\/08\/Agil-JPG.jpg?fit=448%2C355&ssl=1\" \/>\n\t<meta property=\"og:image:width\" content=\"448\" \/>\n\t<meta property=\"og:image:height\" content=\"355\" \/>\n\t<meta property=\"og:image:type\" content=\"image\/jpeg\" \/>\n<meta name=\"twitter:card\" content=\"summary_large_image\" \/>\n<meta name=\"twitter:label1\" content=\"Tiempo de lectura\" \/>\n\t<meta name=\"twitter:data1\" content=\"2 minutos\" \/>\n<script type=\"application\/ld+json\" class=\"yoast-schema-graph\">{\"@context\":\"https:\/\/schema.org\",\"@graph\":[{\"@type\":\"WebPage\",\"@id\":\"https:\/\/proyectum.com\/co\/product\/introduccion-agil-de-proyectos\/\",\"url\":\"https:\/\/proyectum.com\/co\/product\/introduccion-agil-de-proyectos\/\",\"name\":\"Introducci\u00f3n a Proyectos \u00c1giles - Proyectum Colombia\",\"isPartOf\":{\"@id\":\"https:\/\/proyectum.com\/co\/#website\"},\"primaryImageOfPage\":{\"@id\":\"https:\/\/proyectum.com\/co\/product\/introduccion-agil-de-proyectos\/#primaryimage\"},\"image\":{\"@id\":\"https:\/\/proyectum.com\/co\/product\/introduccion-agil-de-proyectos\/#primaryimage\"},\"thumbnailUrl\":\"https:\/\/i0.wp.com\/proyectum.com\/co\/wp-content\/uploads\/2021\/08\/Agil-JPG.jpg?fit=448%2C355&ssl=1\",\"datePublished\":\"2021-08-21T21:08:39+00:00\",\"dateModified\":\"2022-11-02T21:31:26+00:00\",\"description\":\"Este curso tiene por finalidad comprender los fundamentos de los m\u00e9todos \u00e1giles, habilit\u00e1ndolo para participar en el proceso de adopci\u00f3n del agilismo sin perder de vista que lo esencial son los principios y valores y que las metodolog\u00edas especificas son un medio. \u00bfAlguna vez te has preguntado c\u00f3mo es trabajar en un equipo \u00e1gil? Claro, en la superficie, Agile parece simple y directo. En la pr\u00e1ctica, sin embargo, cuando empezamos a adoptar una forma \u00e1gil de trabajar, la realidad r\u00e1pidamente demuestra ser mucho m\u00e1s compleja de lo esperado. Este m\u00f3dulo le ense\u00f1a las bases para iniciar con \u00e9xito una forma de trabajo \u00e1gil (WoW \u2013 Way of Work) dentro de tu equipo.\",\"breadcrumb\":{\"@id\":\"https:\/\/proyectum.com\/co\/product\/introduccion-agil-de-proyectos\/#breadcrumb\"},\"inLanguage\":\"es\",\"potentialAction\":[{\"@type\":\"ReadAction\",\"target\":[\"https:\/\/proyectum.com\/co\/product\/introduccion-agil-de-proyectos\/\"]}]},{\"@type\":\"ImageObject\",\"inLanguage\":\"es\",\"@id\":\"https:\/\/proyectum.com\/co\/product\/introduccion-agil-de-proyectos\/#primaryimage\",\"url\":\"https:\/\/i0.wp.com\/proyectum.com\/co\/wp-content\/uploads\/2021\/08\/Agil-JPG.jpg?fit=448%2C355&ssl=1\",\"contentUrl\":\"https:\/\/i0.wp.com\/proyectum.com\/co\/wp-content\/uploads\/2021\/08\/Agil-JPG.jpg?fit=448%2C355&ssl=1\",\"width\":448,\"height\":355},{\"@type\":\"BreadcrumbList\",\"@id\":\"https:\/\/proyectum.com\/co\/product\/introduccion-agil-de-proyectos\/#breadcrumb\",\"itemListElement\":[{\"@type\":\"ListItem\",\"position\":1,\"name\":\"Home\",\"item\":\"https:\/\/proyectum.com\/co\/\"},{\"@type\":\"ListItem\",\"position\":2,\"name\":\"Tienda\",\"item\":\"https:\/\/proyectum.com\/co\/tienda\/\"},{\"@type\":\"ListItem\",\"position\":3,\"name\":\"Introducci\u00f3n a Proyectos \u00c1giles\"}]},{\"@type\":\"WebSite\",\"@id\":\"https:\/\/proyectum.com\/co\/#website\",\"url\":\"https:\/\/proyectum.com\/co\/\",\"name\":\"Proyectum Costa Rica\",\"description\":\"Centro Autorizado de Capacitaci\u00f3n del Project Management Institute - ATP del PMI\",\"publisher\":{\"@id\":\"https:\/\/proyectum.com\/co\/#organization\"},\"potentialAction\":[{\"@type\":\"SearchAction\",\"target\":{\"@type\":\"EntryPoint\",\"urlTemplate\":\"https:\/\/proyectum.com\/co\/?s={search_term_string}\"},\"query-input\":{\"@type\":\"PropertyValueSpecification\",\"valueRequired\":true,\"valueName\":\"search_term_string\"}}],\"inLanguage\":\"es\"},{\"@type\":\"Organization\",\"@id\":\"https:\/\/proyectum.com\/co\/#organization\",\"name\":\"Proyectum Costa Rica\",\"url\":\"https:\/\/proyectum.com\/co\/\",\"logo\":{\"@type\":\"ImageObject\",\"inLanguage\":\"es\",\"@id\":\"https:\/\/proyectum.com\/co\/#\/schema\/logo\/image\/\",\"url\":\"https:\/\/i0.wp.com\/proyectum.com\/co\/wp-content\/uploads\/proyectum-logo-snippet.png?fit=600%2C315&ssl=1\",\"contentUrl\":\"https:\/\/i0.wp.com\/proyectum.com\/co\/wp-content\/uploads\/proyectum-logo-snippet.png?fit=600%2C315&ssl=1\",\"width\":600,\"height\":315,\"caption\":\"Proyectum Costa Rica\"},\"image\":{\"@id\":\"https:\/\/proyectum.com\/co\/#\/schema\/logo\/image\/\"},\"sameAs\":[\"https:\/\/www.facebook.com\/proyectumcr\/\",\"https:\/\/www.instagram.com\/proyectumcostarica\/\",\"https:\/\/www.linkedin.com\/company\/proyectum-costarica\/\",\"https:\/\/www.youtube.com\/channel\/UCljouWimyhK_cNcC2jniUgw\"]}]}<\/script>\n<!-- \/ Yoast SEO plugin. -->","yoast_head_json":{"title":"Introducci\u00f3n a Proyectos \u00c1giles - Proyectum Colombia","description":"Este curso tiene por finalidad comprender los fundamentos de los m\u00e9todos \u00e1giles, habilit\u00e1ndolo para participar en el proceso de adopci\u00f3n del agilismo sin perder de vista que lo esencial son los principios y valores y que las metodolog\u00edas especificas son un medio. \u00bfAlguna vez te has preguntado c\u00f3mo es trabajar en un equipo \u00e1gil? Claro, en la superficie, Agile parece simple y directo. En la pr\u00e1ctica, sin embargo, cuando empezamos a adoptar una forma \u00e1gil de trabajar, la realidad r\u00e1pidamente demuestra ser mucho m\u00e1s compleja de lo esperado. Este m\u00f3dulo le ense\u00f1a las bases para iniciar con \u00e9xito una forma de trabajo \u00e1gil (WoW \u2013 Way of Work) dentro de tu equipo.","robots":{"index":"index","follow":"follow","max-snippet":"max-snippet:-1","max-image-preview":"max-image-preview:large","max-video-preview":"max-video-preview:-1"},"canonical":"https:\/\/proyectum.com\/co\/product\/introduccion-agil-de-proyectos\/","og_locale":"es_ES","og_type":"article","og_title":"Introducci\u00f3n a Proyectos \u00c1giles - Proyectum Colombia","og_description":"Este curso tiene por finalidad comprender los fundamentos de los m\u00e9todos \u00e1giles, habilit\u00e1ndolo para participar en el proceso de adopci\u00f3n del agilismo sin perder de vista que lo esencial son los principios y valores y que las metodolog\u00edas especificas son un medio. \u00bfAlguna vez te has preguntado c\u00f3mo es trabajar en un equipo \u00e1gil? Claro, en la superficie, Agile parece simple y directo. En la pr\u00e1ctica, sin embargo, cuando empezamos a adoptar una forma \u00e1gil de trabajar, la realidad r\u00e1pidamente demuestra ser mucho m\u00e1s compleja de lo esperado. Este m\u00f3dulo le ense\u00f1a las bases para iniciar con \u00e9xito una forma de trabajo \u00e1gil (WoW \u2013 Way of Work) dentro de tu equipo.","og_url":"https:\/\/proyectum.com\/co\/product\/introduccion-agil-de-proyectos\/","og_site_name":"Proyectum Colombia","article_publisher":"https:\/\/www.facebook.com\/proyectumcr\/","article_modified_time":"2022-11-02T21:31:26+00:00","og_image":[{"width":448,"height":355,"url":"https:\/\/i0.wp.com\/proyectum.com\/co\/wp-content\/uploads\/2021\/08\/Agil-JPG.jpg?fit=448%2C355&ssl=1","type":"image\/jpeg"}],"twitter_card":"summary_large_image","twitter_misc":{"Tiempo de lectura":"2 minutos"},"schema":{"@context":"https:\/\/schema.org","@graph":[{"@type":"WebPage","@id":"https:\/\/proyectum.com\/co\/product\/introduccion-agil-de-proyectos\/","url":"https:\/\/proyectum.com\/co\/product\/introduccion-agil-de-proyectos\/","name":"Introducci\u00f3n a Proyectos \u00c1giles - Proyectum Colombia","isPartOf":{"@id":"https:\/\/proyectum.com\/co\/#website"},"primaryImageOfPage":{"@id":"https:\/\/proyectum.com\/co\/product\/introduccion-agil-de-proyectos\/#primaryimage"},"image":{"@id":"https:\/\/proyectum.com\/co\/product\/introduccion-agil-de-proyectos\/#primaryimage"},"thumbnailUrl":"https:\/\/i0.wp.com\/proyectum.com\/co\/wp-content\/uploads\/2021\/08\/Agil-JPG.jpg?fit=448%2C355&ssl=1","datePublished":"2021-08-21T21:08:39+00:00","dateModified":"2022-11-02T21:31:26+00:00","description":"Este curso tiene por finalidad comprender los fundamentos de los m\u00e9todos \u00e1giles, habilit\u00e1ndolo para participar en el proceso de adopci\u00f3n del agilismo sin perder de vista que lo esencial son los principios y valores y que las metodolog\u00edas especificas son un medio. \u00bfAlguna vez te has preguntado c\u00f3mo es trabajar en un equipo \u00e1gil? Claro, en la superficie, Agile parece simple y directo. En la pr\u00e1ctica, sin embargo, cuando empezamos a adoptar una forma \u00e1gil de trabajar, la realidad r\u00e1pidamente demuestra ser mucho m\u00e1s compleja de lo esperado. Este m\u00f3dulo le ense\u00f1a las bases para iniciar con \u00e9xito una forma de trabajo \u00e1gil (WoW \u2013 Way of Work) dentro de tu equipo.","breadcrumb":{"@id":"https:\/\/proyectum.com\/co\/product\/introduccion-agil-de-proyectos\/#breadcrumb"},"inLanguage":"es","potentialAction":[{"@type":"ReadAction","target":["https:\/\/proyectum.com\/co\/product\/introduccion-agil-de-proyectos\/"]}]},{"@type":"ImageObject","inLanguage":"es","@id":"https:\/\/proyectum.com\/co\/product\/introduccion-agil-de-proyectos\/#primaryimage","url":"https:\/\/i0.wp.com\/proyectum.com\/co\/wp-content\/uploads\/2021\/08\/Agil-JPG.jpg?fit=448%2C355&ssl=1","contentUrl":"https:\/\/i0.wp.com\/proyectum.com\/co\/wp-content\/uploads\/2021\/08\/Agil-JPG.jpg?fit=448%2C355&ssl=1","width":448,"height":355},{"@type":"BreadcrumbList","@id":"https:\/\/proyectum.com\/co\/product\/introduccion-agil-de-proyectos\/#breadcrumb","itemListElement":[{"@type":"ListItem","position":1,"name":"Home","item":"https:\/\/proyectum.com\/co\/"},{"@type":"ListItem","position":2,"name":"Tienda","item":"https:\/\/proyectum.com\/co\/tienda\/"},{"@type":"ListItem","position":3,"name":"Introducci\u00f3n a Proyectos \u00c1giles"}]},{"@type":"WebSite","@id":"https:\/\/proyectum.com\/co\/#website","url":"https:\/\/proyectum.com\/co\/","name":"Proyectum Costa Rica","description":"Centro Autorizado de Capacitaci\u00f3n del Project Management Institute - ATP del PMI","publisher":{"@id":"https:\/\/proyectum.com\/co\/#organization"},"potentialAction":[{"@type":"SearchAction","target":{"@type":"EntryPoint","urlTemplate":"https:\/\/proyectum.com\/co\/?s={search_term_string}"},"query-input":{"@type":"PropertyValueSpecification","valueRequired":true,"valueName":"search_term_string"}}],"inLanguage":"es"},{"@type":"Organization","@id":"https:\/\/proyectum.com\/co\/#organization","name":"Proyectum Costa Rica","url":"https:\/\/proyectum.com\/co\/","logo":{"@type":"ImageObject","inLanguage":"es","@id":"https:\/\/proyectum.com\/co\/#\/schema\/logo\/image\/","url":"https:\/\/i0.wp.com\/proyectum.com\/co\/wp-content\/uploads\/proyectum-logo-snippet.png?fit=600%2C315&ssl=1","contentUrl":"https:\/\/i0.wp.com\/proyectum.com\/co\/wp-content\/uploads\/proyectum-logo-snippet.png?fit=600%2C315&ssl=1","width":600,"height":315,"caption":"Proyectum Costa Rica"},"image":{"@id":"https:\/\/proyectum.com\/co\/#\/schema\/logo\/image\/"},"sameAs":["https:\/\/www.facebook.com\/proyectumcr\/","https:\/\/www.instagram.com\/proyectumcostarica\/","https:\/\/www.linkedin.com\/company\/proyectum-costarica\/","https:\/\/www.youtube.com\/channel\/UCljouWimyhK_cNcC2jniUgw"]}]}},"jetpack_sharing_enabled":true,"_links":{"self":[{"href":"https:\/\/proyectum.com\/co\/wp-json\/wp\/v2\/product\/10826"}],"collection":[{"href":"https:\/\/proyectum.com\/co\/wp-json\/wp\/v2\/product"}],"about":[{"href":"https:\/\/proyectum.com\/co\/wp-json\/wp\/v2\/types\/product"}],"wp:featuredmedia":[{"embeddable":true,"href":"https:\/\/proyectum.com\/co\/wp-json\/wp\/v2\/media\/10955"}],"wp:attachment":[{"href":"https:\/\/proyectum.com\/co\/wp-json\/wp\/v2\/media?parent=10826"}],"wp:term":[{"taxonomy":"product_cat","embeddable":true,"href":"https:\/\/proyectum.com\/co\/wp-json\/wp\/v2\/product_cat?post=10826"},{"taxonomy":"product_tag","embeddable":true,"href":"https:\/\/proyectum.com\/co\/wp-json\/wp\/v2\/product_tag?post=10826"}],"curies":[{"name":"wp","href":"https:\/\/api.w.org\/{rel}","templated":true}]}}