{"id":10828,"date":"2021-08-21T16:44:54","date_gmt":"2021-08-21T21:44:54","guid":{"rendered":"https:\/\/proyectum.com\/co\/?post_type=product&#038;p=10828"},"modified":"2022-11-02T16:32:34","modified_gmt":"2022-11-02T21:32:34","slug":"management-thinking-for-executives","status":"publish","type":"product","link":"https:\/\/proyectum.com\/co\/product\/management-thinking-for-executives\/","title":{"rendered":"Management Thinking for Executives"},"content":{"rendered":"<div class=\"wpb-content-wrapper\"><p><span style=\"color: #000000;\">Lean le ayudar\u00e1 a centrarse en el flujo de valor para el cliente de forma r\u00e1pida, sostenible, confiable y con alta calidad. No es una soluci\u00f3n empaquetada; m\u00e1s bien utilizamos el pensamiento lean para guiar la transformaci\u00f3n de una organizaci\u00f3n hacia la agilidad empresarial. El pensamiento Lean examina todo el sistema y todos los flujos de valor. \u00a0Para lograr esto, Lean emplea conceptos como eliminaci\u00f3n de desperdicio, costo de demora, calidad, retroalimentaci\u00f3n y respuesta r\u00e1pidas y el rol de la gerencia.<\/span><\/p>\n<p><span style=\"color: #000000;\">Este taller le ense\u00f1ar\u00e1 c\u00f3mo crear un entorno que promueva lograr la agilidad dentro de su equipo mientras trabaja hacia la realizaci\u00f3n r\u00e1pida de valor utilizando el pensamiento Lean. \u00a0Se utilizan juegos, simulaciones y discusiones grupales para reforzar las pr\u00e1cticas aprendidas durante este taller.<\/span><\/p>\n<p><span style=\"color: #000000;\"><strong>Duraci\u00f3n:<\/strong>\u00a08 horas en 2 sesiones de 4 horas cada una<\/span><\/p>\n<p><span style=\"color: #000000;\"><strong>Modalidad:<\/strong>\u00a0Online<\/span><\/p>\n<p><span style=\"color: #000000;\"><strong>Requisitos:<\/strong>\u00a0No tiene requisitos<\/span><\/p>\n<p><span style=\"color: #000000;\"><strong>Acreditaci\u00f3n:\u00a0<\/strong>8 PDUs T\u00e9cnicos<\/span><\/p>\n<p><span style=\"color: #000000;\"><strong>Pr\u00f3ximo taller<\/strong>: Disponible \u00fanicamente para grupos empresariales<\/span><\/p>\n<div class=\"wpb_text_column wpb_content_element box-contenido\">\n<div class=\"wpb_wrapper\">\n<p><span style=\"color: #000000;\"><strong>En este taller podr\u00e1n participar:\u00a0<\/strong><\/span><\/p>\n<ul>\n<li><span style=\"color: #000000;\">Ejecutivos, L\u00edderes o Gerentes de \u00e1rea.<\/span><\/li>\n<li><span style=\"color: #000000;\">Gerentes de Desarrollo, QA e Infraestructura.<\/span><\/li>\n<li><span style=\"color: #000000;\">Directores de Proyecto y de Programa.<\/span><\/li>\n<li><span style=\"color: #000000;\">Gerentes de Producto.<\/span><\/li>\n<li><span style=\"color: #000000;\">Gerentes de Portafolio, L\u00edderes de PMO y de Proceso.<\/span><\/li>\n<li><span style=\"color: #000000;\">Arquitectos empresariales, de sistema y de soluci\u00f3n.<\/span><\/li>\n<\/ul>\n<\/div>\n<div class=\"vc_row wpb_row vc_inner row\">\n<div class=\"vc_column_container col-md-12\">\n<div class=\"wpb_wrapper vc_column-inner\">\n<p><span style=\"color: #000000;\"><strong>Durante el taller usted podr\u00e1 aprender acerca de:<\/strong><\/span><\/p>\n<ol>\n<li><span style=\"color: #000000;\">Qu\u00e9 es Lean y que no es Lean<\/span><\/li>\n<li><span style=\"color: #000000;\">Valor: comprender el valor de los productos y servicios que ofrecemos<\/span><\/li>\n<li><span style=\"color: #000000;\">El flujo de valor: comprender c\u00f3mo proporcionamos este valor<\/span><\/li>\n<li><span style=\"color: #000000;\">Flujo: comprender c\u00f3mo hacer nuestro trabajo m\u00e1s eficazmente<\/span><\/li>\n<li><span style=\"color: #000000;\">Pull: entender una forma diferente de gestionar el trabajo<\/span><\/li>\n<li><span style=\"color: #000000;\">Perfecci\u00f3n: buscamos la perfecci\u00f3n, no tanto por lograrla sino por mejorar continuamente<\/span><\/li>\n<\/ol>\n<h2 class=\"vc_custom_heading align-left\"><strong><span style=\"font-size: 16px; color: #000000;\">Incluye:<\/span><\/strong><\/h2>\n<p><span style=\"color: #000000;\"><strong>Al matricular este taller usted contar\u00e1 con:<\/strong><\/span><\/p>\n<div class=\"vc_column_container col-md-8 vc_custom_1579692826470\">\n<div class=\"wpb_wrapper vc_column-inner\">\n<div class=\"vc_tta-container\" data-vc-action=\"collapse\">\n<div class=\"vc_general vc_tta vc_tta-tabs vc_tta-color-grey vc_tta-style-classic vc_tta-shape-rounded vc_tta-spacing-1 vc_tta-o-no-fill vc_tta-tabs-position-top vc_tta-controls-align-left vc_custom_1580419605683\">\n<div class=\"vc_tta-panels-container\">\n<div class=\"vc_tta-panels\">\n<div id=\"1541455369971-f2c4148a-d49e\" class=\"vc_tta-panel vc_active\" data-vc-content=\".vc_tta-panel-body\">\n<div class=\"vc_tta-panel-body\">\n<div class=\"wpb_text_column wpb_content_element \">\n<div class=\"wpb_wrapper\">\n<ul>\n<li><span style=\"color: #000000;\">Manual del Estudiante, como apoyo.<\/span><\/li>\n<li><span style=\"color: #000000;\">Presentaci\u00f3n del taller con materiales oficiales del PMI.\u00a0<\/span><\/li>\n<li><span style=\"color: #000000;\">Clase con un profesor certificado DA-PMI.<\/span><\/li>\n<li><span style=\"color: #000000;\">Titulo de participaci\u00f3n.<\/span><\/li>\n<li><span style=\"color: #000000;\">8 PDUs t\u00e9cnicos.<\/span><\/li>\n<\/ul>\n<\/div>\n<\/div>\n<\/div>\n<\/div>\n<\/div>\n<\/div>\n<\/div>\n<\/div>\n<\/div>\n<\/div>\n<h2 class=\"vc_custom_heading align-left\"><span style=\"color: #000000;\"><strong style=\"font-size: 16px;\">Objetivos:<\/strong><\/span><\/h2>\n<\/div>\n<\/div>\n<\/div>\n<div class=\"vc_row wpb_row vc_inner row\">\n<div class=\"vc_column_container col-md-12\">\n<div class=\"wpb_wrapper vc_column-inner\">\n<p><span style=\"color: #000000;\"><strong>Al finalizar este taller usted ser\u00e1 capaz de:<\/strong><\/span><\/p>\n<ul>\n<li><span style=\"color: #000000;\">Conocer\u00e1n los fundamentos de Lean: la atenci\u00f3n a la estructura, el tiempo y la educaci\u00f3n<\/span><\/li>\n<li><span style=\"color: #000000;\">Conocer\u00e1n los principios de Lean<\/span><\/li>\n<li><span style=\"color: #000000;\">Conocer\u00e1n el aspecto del tiempo de Lean<\/span><\/li>\n<li><span style=\"color: #000000;\">Conducir el ejercicio de mapa de flujo de valor<\/span><\/li>\n<li><span style=\"color: #000000;\">Conocer\u00e1n c\u00f3mo es un flujo de valor eficaz en una organizaci\u00f3n<\/span><\/li>\n<li><span style=\"color: #000000;\">Discutir el papel de la administraci\u00f3n y su efecto en la cultura.<\/span><\/li>\n<li><span style=\"color: #000000;\">Describir c\u00f3mo utilizar el planificar-hacer-estudiar-actuar (PDSA) para la mejora continua<\/span><\/li>\n<\/ul>\n<p><span style=\"color: #000000;\"><b>Acerca de Proyectum<\/b><\/span><\/p>\n<p><span style=\"color: #000000;\">Somos una organizaci\u00f3n multinacional de consultor\u00eda, capacitaci\u00f3n y formaci\u00f3n continua con presencia en 7 pa\u00edses.<\/span><\/p>\n<p><span style=\"color: #000000;\">Apoyamos a nuestros clientes a implementar su estrategia,\u00a0mejorar sus resultados, procesos y pr\u00e1cticas de negocio, utilizando como base la direcci\u00f3n profesional de proyectos.<\/span><\/p>\n<p><span style=\"color: #000000;\">Creemos en la entrega de valor continuo al cliente, en el trabajo en equipo, la colaboraci\u00f3n, en la agilidad de negocios, en entender las necesidades de nuestro entorno y ponemos todos nuestro esfuerzos y conocimientos en la implementaci\u00f3n de soluciones pr\u00e1cticas para nuestros clientes.<\/span><\/p>\n<p><span style=\"color: #000000;\">Contamos con la denominaci\u00f3n\u00a0<strong>Premier Authorized Training Partner\u00a0<\/strong>por parte del PMI\u00ae.<\/span><\/p>\n<\/div>\n<\/div>\n<\/div>\n<div class=\"vc_row wpb_row vc_inner row\">\n<div class=\"vc_column_container col-md-12\">\n<div class=\"wpb_wrapper vc_column-inner\">\n<div class=\"wpb_text_column wpb_content_element \">\n<div class=\"wpb_wrapper\"><\/div>\n<\/div>\n<\/div>\n<\/div>\n<\/div>\n<\/div>\n<\/div>","protected":false},"excerpt":{"rendered":"<p>Lean le ayudar\u00e1 a centrarse en el flujo de valor para el cliente de forma r\u00e1pida, sostenible, confiable y con alta calidad. No es una soluci\u00f3n empaquetada; m\u00e1s bien utilizamos el pensamiento lean para guiar la transformaci\u00f3n de una organizaci\u00f3n hacia la agilidad empresarial. El pensamiento Lean examina todo el sistema y todos los flujos [&hellip;]<\/p>\n","protected":false},"featured_media":10990,"template":"","meta":{"_acf_changed":false},"product_cat":[83],"product_tag":[],"acf":[],"yoast_head":"<!-- This site is optimized with the Yoast SEO plugin v24.5 - https:\/\/yoast.com\/wordpress\/plugins\/seo\/ -->\n<title>Management Thinking for Executives - Proyectum Colombia<\/title>\n<meta name=\"description\" content=\"Lean le ayudar\u00e1 a centrarse en el flujo de valor para el cliente de forma r\u00e1pida, sostenible, confiable y con alta calidad. Lean no es una soluci\u00f3n empaquetada; m\u00e1s bien utilizamos el pensamiento lean para guiar la transformaci\u00f3n de una organizaci\u00f3n hacia la agilidad empresarial. El pensamiento Lean examina todo el sistema y todos los flujos de valor. Para lograr esto, Lean emplea conceptos como eliminaci\u00f3n de desperdicio, costo de demora, calidad, retroalimentaci\u00f3n y respuesta r\u00e1pidas y el rol de la gerencia.\" \/>\n<meta name=\"robots\" content=\"index, follow, max-snippet:-1, max-image-preview:large, max-video-preview:-1\" \/>\n<link rel=\"canonical\" href=\"https:\/\/proyectum.com\/co\/product\/management-thinking-for-executives\/\" \/>\n<meta property=\"og:locale\" content=\"es_ES\" \/>\n<meta property=\"og:type\" content=\"article\" \/>\n<meta property=\"og:title\" content=\"Management Thinking for Executives - Proyectum Colombia\" \/>\n<meta property=\"og:description\" content=\"Lean le ayudar\u00e1 a centrarse en el flujo de valor para el cliente de forma r\u00e1pida, sostenible, confiable y con alta calidad. Lean no es una soluci\u00f3n empaquetada; m\u00e1s bien utilizamos el pensamiento lean para guiar la transformaci\u00f3n de una organizaci\u00f3n hacia la agilidad empresarial. El pensamiento Lean examina todo el sistema y todos los flujos de valor. Para lograr esto, Lean emplea conceptos como eliminaci\u00f3n de desperdicio, costo de demora, calidad, retroalimentaci\u00f3n y respuesta r\u00e1pidas y el rol de la gerencia.\" \/>\n<meta property=\"og:url\" content=\"https:\/\/proyectum.com\/co\/product\/management-thinking-for-executives\/\" \/>\n<meta property=\"og:site_name\" content=\"Proyectum Colombia\" \/>\n<meta property=\"article:publisher\" content=\"https:\/\/www.facebook.com\/proyectumcr\/\" \/>\n<meta property=\"article:modified_time\" content=\"2022-11-02T21:32:34+00:00\" \/>\n<meta property=\"og:image\" content=\"https:\/\/i0.wp.com\/proyectum.com\/co\/wp-content\/uploads\/2021\/08\/Management-thinkihg-JPG.jpg?fit=540%2C540&ssl=1\" \/>\n\t<meta property=\"og:image:width\" content=\"540\" \/>\n\t<meta property=\"og:image:height\" content=\"540\" \/>\n\t<meta property=\"og:image:type\" content=\"image\/jpeg\" \/>\n<meta name=\"twitter:card\" content=\"summary_large_image\" \/>\n<meta name=\"twitter:label1\" content=\"Tiempo de lectura\" \/>\n\t<meta name=\"twitter:data1\" content=\"3 minutos\" \/>\n<script type=\"application\/ld+json\" class=\"yoast-schema-graph\">{\"@context\":\"https:\/\/schema.org\",\"@graph\":[{\"@type\":\"WebPage\",\"@id\":\"https:\/\/proyectum.com\/co\/product\/management-thinking-for-executives\/\",\"url\":\"https:\/\/proyectum.com\/co\/product\/management-thinking-for-executives\/\",\"name\":\"Management Thinking for Executives - Proyectum Colombia\",\"isPartOf\":{\"@id\":\"https:\/\/proyectum.com\/co\/#website\"},\"primaryImageOfPage\":{\"@id\":\"https:\/\/proyectum.com\/co\/product\/management-thinking-for-executives\/#primaryimage\"},\"image\":{\"@id\":\"https:\/\/proyectum.com\/co\/product\/management-thinking-for-executives\/#primaryimage\"},\"thumbnailUrl\":\"https:\/\/i0.wp.com\/proyectum.com\/co\/wp-content\/uploads\/2021\/08\/Management-thinkihg-JPG.jpg?fit=540%2C540&ssl=1\",\"datePublished\":\"2021-08-21T21:44:54+00:00\",\"dateModified\":\"2022-11-02T21:32:34+00:00\",\"description\":\"Lean le ayudar\u00e1 a centrarse en el flujo de valor para el cliente de forma r\u00e1pida, sostenible, confiable y con alta calidad. Lean no es una soluci\u00f3n empaquetada; m\u00e1s bien utilizamos el pensamiento lean para guiar la transformaci\u00f3n de una organizaci\u00f3n hacia la agilidad empresarial. El pensamiento Lean examina todo el sistema y todos los flujos de valor. Para lograr esto, Lean emplea conceptos como eliminaci\u00f3n de desperdicio, costo de demora, calidad, retroalimentaci\u00f3n y respuesta r\u00e1pidas y el rol de la gerencia.\",\"breadcrumb\":{\"@id\":\"https:\/\/proyectum.com\/co\/product\/management-thinking-for-executives\/#breadcrumb\"},\"inLanguage\":\"es\",\"potentialAction\":[{\"@type\":\"ReadAction\",\"target\":[\"https:\/\/proyectum.com\/co\/product\/management-thinking-for-executives\/\"]}]},{\"@type\":\"ImageObject\",\"inLanguage\":\"es\",\"@id\":\"https:\/\/proyectum.com\/co\/product\/management-thinking-for-executives\/#primaryimage\",\"url\":\"https:\/\/i0.wp.com\/proyectum.com\/co\/wp-content\/uploads\/2021\/08\/Management-thinkihg-JPG.jpg?fit=540%2C540&ssl=1\",\"contentUrl\":\"https:\/\/i0.wp.com\/proyectum.com\/co\/wp-content\/uploads\/2021\/08\/Management-thinkihg-JPG.jpg?fit=540%2C540&ssl=1\",\"width\":540,\"height\":540},{\"@type\":\"BreadcrumbList\",\"@id\":\"https:\/\/proyectum.com\/co\/product\/management-thinking-for-executives\/#breadcrumb\",\"itemListElement\":[{\"@type\":\"ListItem\",\"position\":1,\"name\":\"Home\",\"item\":\"https:\/\/proyectum.com\/co\/\"},{\"@type\":\"ListItem\",\"position\":2,\"name\":\"Tienda\",\"item\":\"https:\/\/proyectum.com\/co\/tienda\/\"},{\"@type\":\"ListItem\",\"position\":3,\"name\":\"Management Thinking for Executives\"}]},{\"@type\":\"WebSite\",\"@id\":\"https:\/\/proyectum.com\/co\/#website\",\"url\":\"https:\/\/proyectum.com\/co\/\",\"name\":\"Proyectum Costa Rica\",\"description\":\"Centro Autorizado de Capacitaci\u00f3n del Project Management Institute - ATP del PMI\",\"publisher\":{\"@id\":\"https:\/\/proyectum.com\/co\/#organization\"},\"potentialAction\":[{\"@type\":\"SearchAction\",\"target\":{\"@type\":\"EntryPoint\",\"urlTemplate\":\"https:\/\/proyectum.com\/co\/?s={search_term_string}\"},\"query-input\":{\"@type\":\"PropertyValueSpecification\",\"valueRequired\":true,\"valueName\":\"search_term_string\"}}],\"inLanguage\":\"es\"},{\"@type\":\"Organization\",\"@id\":\"https:\/\/proyectum.com\/co\/#organization\",\"name\":\"Proyectum Costa Rica\",\"url\":\"https:\/\/proyectum.com\/co\/\",\"logo\":{\"@type\":\"ImageObject\",\"inLanguage\":\"es\",\"@id\":\"https:\/\/proyectum.com\/co\/#\/schema\/logo\/image\/\",\"url\":\"https:\/\/i0.wp.com\/proyectum.com\/co\/wp-content\/uploads\/proyectum-logo-snippet.png?fit=600%2C315&ssl=1\",\"contentUrl\":\"https:\/\/i0.wp.com\/proyectum.com\/co\/wp-content\/uploads\/proyectum-logo-snippet.png?fit=600%2C315&ssl=1\",\"width\":600,\"height\":315,\"caption\":\"Proyectum Costa Rica\"},\"image\":{\"@id\":\"https:\/\/proyectum.com\/co\/#\/schema\/logo\/image\/\"},\"sameAs\":[\"https:\/\/www.facebook.com\/proyectumcr\/\",\"https:\/\/www.instagram.com\/proyectumcostarica\/\",\"https:\/\/www.linkedin.com\/company\/proyectum-costarica\/\",\"https:\/\/www.youtube.com\/channel\/UCljouWimyhK_cNcC2jniUgw\"]}]}<\/script>\n<!-- \/ Yoast SEO plugin. -->","yoast_head_json":{"title":"Management Thinking for Executives - Proyectum Colombia","description":"Lean le ayudar\u00e1 a centrarse en el flujo de valor para el cliente de forma r\u00e1pida, sostenible, confiable y con alta calidad. Lean no es una soluci\u00f3n empaquetada; m\u00e1s bien utilizamos el pensamiento lean para guiar la transformaci\u00f3n de una organizaci\u00f3n hacia la agilidad empresarial. El pensamiento Lean examina todo el sistema y todos los flujos de valor. Para lograr esto, Lean emplea conceptos como eliminaci\u00f3n de desperdicio, costo de demora, calidad, retroalimentaci\u00f3n y respuesta r\u00e1pidas y el rol de la gerencia.","robots":{"index":"index","follow":"follow","max-snippet":"max-snippet:-1","max-image-preview":"max-image-preview:large","max-video-preview":"max-video-preview:-1"},"canonical":"https:\/\/proyectum.com\/co\/product\/management-thinking-for-executives\/","og_locale":"es_ES","og_type":"article","og_title":"Management Thinking for Executives - Proyectum Colombia","og_description":"Lean le ayudar\u00e1 a centrarse en el flujo de valor para el cliente de forma r\u00e1pida, sostenible, confiable y con alta calidad. Lean no es una soluci\u00f3n empaquetada; m\u00e1s bien utilizamos el pensamiento lean para guiar la transformaci\u00f3n de una organizaci\u00f3n hacia la agilidad empresarial. El pensamiento Lean examina todo el sistema y todos los flujos de valor. Para lograr esto, Lean emplea conceptos como eliminaci\u00f3n de desperdicio, costo de demora, calidad, retroalimentaci\u00f3n y respuesta r\u00e1pidas y el rol de la gerencia.","og_url":"https:\/\/proyectum.com\/co\/product\/management-thinking-for-executives\/","og_site_name":"Proyectum Colombia","article_publisher":"https:\/\/www.facebook.com\/proyectumcr\/","article_modified_time":"2022-11-02T21:32:34+00:00","og_image":[{"width":540,"height":540,"url":"https:\/\/i0.wp.com\/proyectum.com\/co\/wp-content\/uploads\/2021\/08\/Management-thinkihg-JPG.jpg?fit=540%2C540&ssl=1","type":"image\/jpeg"}],"twitter_card":"summary_large_image","twitter_misc":{"Tiempo de lectura":"3 minutos"},"schema":{"@context":"https:\/\/schema.org","@graph":[{"@type":"WebPage","@id":"https:\/\/proyectum.com\/co\/product\/management-thinking-for-executives\/","url":"https:\/\/proyectum.com\/co\/product\/management-thinking-for-executives\/","name":"Management Thinking for Executives - Proyectum Colombia","isPartOf":{"@id":"https:\/\/proyectum.com\/co\/#website"},"primaryImageOfPage":{"@id":"https:\/\/proyectum.com\/co\/product\/management-thinking-for-executives\/#primaryimage"},"image":{"@id":"https:\/\/proyectum.com\/co\/product\/management-thinking-for-executives\/#primaryimage"},"thumbnailUrl":"https:\/\/i0.wp.com\/proyectum.com\/co\/wp-content\/uploads\/2021\/08\/Management-thinkihg-JPG.jpg?fit=540%2C540&ssl=1","datePublished":"2021-08-21T21:44:54+00:00","dateModified":"2022-11-02T21:32:34+00:00","description":"Lean le ayudar\u00e1 a centrarse en el flujo de valor para el cliente de forma r\u00e1pida, sostenible, confiable y con alta calidad. Lean no es una soluci\u00f3n empaquetada; m\u00e1s bien utilizamos el pensamiento lean para guiar la transformaci\u00f3n de una organizaci\u00f3n hacia la agilidad empresarial. El pensamiento Lean examina todo el sistema y todos los flujos de valor. Para lograr esto, Lean emplea conceptos como eliminaci\u00f3n de desperdicio, costo de demora, calidad, retroalimentaci\u00f3n y respuesta r\u00e1pidas y el rol de la gerencia.","breadcrumb":{"@id":"https:\/\/proyectum.com\/co\/product\/management-thinking-for-executives\/#breadcrumb"},"inLanguage":"es","potentialAction":[{"@type":"ReadAction","target":["https:\/\/proyectum.com\/co\/product\/management-thinking-for-executives\/"]}]},{"@type":"ImageObject","inLanguage":"es","@id":"https:\/\/proyectum.com\/co\/product\/management-thinking-for-executives\/#primaryimage","url":"https:\/\/i0.wp.com\/proyectum.com\/co\/wp-content\/uploads\/2021\/08\/Management-thinkihg-JPG.jpg?fit=540%2C540&ssl=1","contentUrl":"https:\/\/i0.wp.com\/proyectum.com\/co\/wp-content\/uploads\/2021\/08\/Management-thinkihg-JPG.jpg?fit=540%2C540&ssl=1","width":540,"height":540},{"@type":"BreadcrumbList","@id":"https:\/\/proyectum.com\/co\/product\/management-thinking-for-executives\/#breadcrumb","itemListElement":[{"@type":"ListItem","position":1,"name":"Home","item":"https:\/\/proyectum.com\/co\/"},{"@type":"ListItem","position":2,"name":"Tienda","item":"https:\/\/proyectum.com\/co\/tienda\/"},{"@type":"ListItem","position":3,"name":"Management Thinking for Executives"}]},{"@type":"WebSite","@id":"https:\/\/proyectum.com\/co\/#website","url":"https:\/\/proyectum.com\/co\/","name":"Proyectum Costa Rica","description":"Centro Autorizado de Capacitaci\u00f3n del Project Management Institute - ATP del PMI","publisher":{"@id":"https:\/\/proyectum.com\/co\/#organization"},"potentialAction":[{"@type":"SearchAction","target":{"@type":"EntryPoint","urlTemplate":"https:\/\/proyectum.com\/co\/?s={search_term_string}"},"query-input":{"@type":"PropertyValueSpecification","valueRequired":true,"valueName":"search_term_string"}}],"inLanguage":"es"},{"@type":"Organization","@id":"https:\/\/proyectum.com\/co\/#organization","name":"Proyectum Costa Rica","url":"https:\/\/proyectum.com\/co\/","logo":{"@type":"ImageObject","inLanguage":"es","@id":"https:\/\/proyectum.com\/co\/#\/schema\/logo\/image\/","url":"https:\/\/i0.wp.com\/proyectum.com\/co\/wp-content\/uploads\/proyectum-logo-snippet.png?fit=600%2C315&ssl=1","contentUrl":"https:\/\/i0.wp.com\/proyectum.com\/co\/wp-content\/uploads\/proyectum-logo-snippet.png?fit=600%2C315&ssl=1","width":600,"height":315,"caption":"Proyectum Costa Rica"},"image":{"@id":"https:\/\/proyectum.com\/co\/#\/schema\/logo\/image\/"},"sameAs":["https:\/\/www.facebook.com\/proyectumcr\/","https:\/\/www.instagram.com\/proyectumcostarica\/","https:\/\/www.linkedin.com\/company\/proyectum-costarica\/","https:\/\/www.youtube.com\/channel\/UCljouWimyhK_cNcC2jniUgw"]}]}},"jetpack_sharing_enabled":true,"_links":{"self":[{"href":"https:\/\/proyectum.com\/co\/wp-json\/wp\/v2\/product\/10828"}],"collection":[{"href":"https:\/\/proyectum.com\/co\/wp-json\/wp\/v2\/product"}],"about":[{"href":"https:\/\/proyectum.com\/co\/wp-json\/wp\/v2\/types\/product"}],"wp:featuredmedia":[{"embeddable":true,"href":"https:\/\/proyectum.com\/co\/wp-json\/wp\/v2\/media\/10990"}],"wp:attachment":[{"href":"https:\/\/proyectum.com\/co\/wp-json\/wp\/v2\/media?parent=10828"}],"wp:term":[{"taxonomy":"product_cat","embeddable":true,"href":"https:\/\/proyectum.com\/co\/wp-json\/wp\/v2\/product_cat?post=10828"},{"taxonomy":"product_tag","embeddable":true,"href":"https:\/\/proyectum.com\/co\/wp-json\/wp\/v2\/product_tag?post=10828"}],"curies":[{"name":"wp","href":"https:\/\/api.w.org\/{rel}","templated":true}]}}