{"id":10831,"date":"2021-08-21T17:11:37","date_gmt":"2021-08-21T22:11:37","guid":{"rendered":"https:\/\/proyectum.com\/co\/?post_type=product&#038;p=10831"},"modified":"2022-11-02T16:43:18","modified_gmt":"2022-11-02T21:43:18","slug":"fundamentos_de_direccion_de_proyectos","status":"publish","type":"product","link":"https:\/\/proyectum.com\/co\/product\/fundamentos_de_direccion_de_proyectos\/","title":{"rendered":"Taller de Fundamentos de Direcci\u00f3n de Proyectos"},"content":{"rendered":"<div class=\"wpb-content-wrapper\"><p><span style=\"color: #000000;\">Crear un proyecto permite utilizar un conjunto formal de procesos y t\u00e9cnicas de gesti\u00f3n de proyectos para definir el esfuerzo y luego subsecuentemente dirigir y controlar el trabajo.<\/span><\/p>\n<p><span style=\"color: #000000;\">El utilizar procesos de direcci\u00f3n de proyectos le permite a un l\u00edder de proyecto pro activamente gestionar el alcance, incidencias, riesgos, la calidad y la comunicaci\u00f3n. Entendiendo y utilizando los conceptos que se ense\u00f1an en este curso incrementa las posibilidades de \u00e9xito en un proyecto.<\/span><\/p>\n<p><span style=\"color: #000000;\"><strong>Duraci\u00f3n:<\/strong> 16 horas en 4 sesiones de 4 horas cada una<\/span><\/p>\n<p><span style=\"color: #000000;\"><strong>Modalidad:<\/strong>\u00a0Online<\/span><\/p>\n<p><span style=\"color: #000000;\"><strong>Requisitos:<\/strong>\u00a0No tiene requisitos<\/span><\/p>\n<p><span style=\"color: #000000;\"><strong>Acreditaci\u00f3n:\u00a0<\/strong>16 PDUs T\u00e9cnicos<\/span><\/p>\n<p><span style=\"color: #000000;\"><strong>Pr\u00f3ximo taller<\/strong>: Por confirmar<\/span><\/p>\n<div class=\"wpb_text_column wpb_content_element box-contenido\">\n<div class=\"wpb_wrapper\">\n<p><span style=\"color: #000000;\"><strong>En este taller podr\u00e1n participar:\u00a0<\/strong><\/span><\/p>\n<ul>\n<li><span style=\"color: #000000;\">Todos los estudiantes universitarios y profesionales en carreras de Ingenier\u00eda, Construcci\u00f3n, Computaci\u00f3n y cualquier otra profesi\u00f3n, que deseen realizar proyectos, tanto personales como empresariales, de manera exitosa.<\/span><\/li>\n<li><span style=\"color: #000000;\">Profesionales que deseen complementar sus carreras con excelentes conocimientos en administraci\u00f3n de proyectos.<\/span><\/li>\n<\/ul>\n<\/div>\n<div class=\"vc_row wpb_row vc_inner row\">\n<div class=\"vc_column_container col-md-12\">\n<div class=\"wpb_wrapper vc_column-inner\">\n<p>&nbsp;<\/p>\n<p><span style=\"color: #000000;\"><strong>Durante el taller usted podr\u00e1 aprender acerca de:<\/strong><\/span><\/p>\n<ol>\n<li><span style=\"color: #000000;\">Panorama general<\/span><\/li>\n<li><span style=\"color: #000000;\">Definiendo un proyecto<\/span><\/li>\n<li><span style=\"color: #000000;\">Construyendo el plan de trabajo<\/span><\/li>\n<li><span style=\"color: #000000;\">Gesti\u00f3n del plan de trabajo<\/span><\/li>\n<li><span style=\"color: #000000;\">Gesti\u00f3n de incidencias<\/span><\/li>\n<li><span style=\"color: #000000;\">Gesti\u00f3n de alcance<\/span><\/li>\n<li><span style=\"color: #000000;\">Gesti\u00f3n de la comunicaci\u00f3n<\/span><\/li>\n<li><span style=\"color: #000000;\">Gesti\u00f3n del riesgo<\/span><\/li>\n<li><span style=\"color: #000000;\">Gesti\u00f3n de la documentaci\u00f3n del proyecto<\/span><\/li>\n<li><span style=\"color: #000000;\">Gesti\u00f3n de la calidad<\/span><\/li>\n<li><span style=\"color: #000000;\">Gesti\u00f3n de m\u00e9tricas<\/span><\/li>\n<\/ol>\n<h2 class=\"vc_custom_heading align-left\"><span style=\"color: #000000;\"><strong><span style=\"font-size: 16px;\">Incluye:<\/span><\/strong><\/span><\/h2>\n<p><span style=\"color: #000000;\"><strong>Al matricular este taller usted contar\u00e1 con:<\/strong><\/span><\/p>\n<div class=\"vc_column_container col-md-8 vc_custom_1579692826470\">\n<div class=\"wpb_wrapper vc_column-inner\">\n<div class=\"vc_tta-container\" data-vc-action=\"collapse\">\n<div class=\"vc_general vc_tta vc_tta-tabs vc_tta-color-grey vc_tta-style-classic vc_tta-shape-rounded vc_tta-spacing-1 vc_tta-o-no-fill vc_tta-tabs-position-top vc_tta-controls-align-left vc_custom_1580419605683\">\n<div class=\"vc_tta-panels-container\">\n<div class=\"vc_tta-panels\">\n<div id=\"1541455369971-f2c4148a-d49e\" class=\"vc_tta-panel vc_active\" data-vc-content=\".vc_tta-panel-body\">\n<div class=\"vc_tta-panel-body\">\n<div class=\"wpb_text_column wpb_content_element \">\n<div class=\"wpb_wrapper\">\n<ul>\n<li><span style=\"color: #000000;\">Manual del Estudiante, como apoyo.<\/span><\/li>\n<li><span style=\"color: #000000;\">Presentaci\u00f3n del taller con materiales oficiales del PMI.\u00a0<\/span><\/li>\n<li><span style=\"color: #000000;\">Clase con un profesor certificado DA-PMI.<\/span><\/li>\n<li><span style=\"color: #000000;\">Titulo de participaci\u00f3n.<\/span><\/li>\n<li><span style=\"color: #000000;\">8 PDUs t\u00e9cnicos.<\/span><\/li>\n<\/ul>\n<\/div>\n<\/div>\n<\/div>\n<\/div>\n<\/div>\n<\/div>\n<\/div>\n<\/div>\n<\/div>\n<\/div>\n<h2><\/h2>\n<h2 class=\"vc_custom_heading align-left\"><span style=\"color: #000000;\"><strong style=\"font-size: 16px;\">Objetivos:<\/strong><\/span><\/h2>\n<\/div>\n<\/div>\n<\/div>\n<div class=\"vc_row wpb_row vc_inner row\">\n<div class=\"vc_column_container col-md-12\">\n<div class=\"wpb_wrapper vc_column-inner\">\n<p><span style=\"color: #000000;\"><strong>Al finalizar este taller usted ser\u00e1 capaz de:<\/strong><\/span><\/p>\n<ul class=\"list_check-b list_outside\">\n<li><span style=\"color: #000000;\">Entender por qu\u00e9 el trabajo debe ser organizado y dirigido con la estructura de un proyecto.<\/span><\/li>\n<li><span style=\"color: #000000;\">Identificar los diferentes roles y responsabilidades asociados con proyectos.<\/span><\/li>\n<li><span style=\"color: #000000;\">Definir los diferentes aspectos de un proyecto.<\/span><\/li>\n<li><span style=\"color: #000000;\">Construir y mantener un plan de trabajo apropiado.<\/span><\/li>\n<li><span style=\"color: #000000;\">Identificar pro activamente y gestionar el alcance, incidencias y aspectos de comunicaci\u00f3n.<\/span><\/li>\n<li><span style=\"color: #000000;\">Identificar y gestionar riesgos del proyecto.<\/span><\/li>\n<li><span style=\"color: #000000;\">Determinar los m\u00e9todos apropiados para gestionar la documentaci\u00f3n de proyectos.<\/span><\/li>\n<li><span style=\"color: #000000;\">Identificar el nivel apropiado de calidad requerida y gestionar para alcanzar ese nivel.<\/span><\/li>\n<li><span style=\"color: #000000;\">Identificar un conjunto de m\u00e9tricas para validar niveles de calidad y determinar el \u00e9xito de un proyecto.<\/span><\/li>\n<\/ul>\n<p><span style=\"color: #000000;\"><b>Acerca de Proyectum<\/b><\/span><\/p>\n<p><span style=\"color: #000000;\">Somos una organizaci\u00f3n multinacional de consultor\u00eda, capacitaci\u00f3n y formaci\u00f3n continua con presencia en 7 pa\u00edses.<\/span><\/p>\n<p><span style=\"color: #000000;\">Apoyamos a nuestros clientes a implementar su estrategia,\u00a0mejorar sus resultados, procesos y pr\u00e1cticas de negocio, utilizando como base la direcci\u00f3n profesional de proyectos.<\/span><\/p>\n<p><span style=\"color: #000000;\">Creemos en la entrega de valor continuo al cliente, en el trabajo en equipo, la colaboraci\u00f3n, en la agilidad de negocios, en entender las necesidades de nuestro entorno y ponemos todos nuestro esfuerzos y conocimientos en la implementaci\u00f3n de soluciones pr\u00e1cticas para nuestros clientes.<\/span><\/p>\n<p><span style=\"color: #000000;\">Contamos con la denominaci\u00f3n\u00a0<strong>Premier Authorized Training Partner\u00a0<\/strong>por parte del PMI\u00ae.<\/span><\/p>\n<\/div>\n<\/div>\n<\/div>\n<div class=\"vc_row wpb_row vc_inner row\">\n<div class=\"vc_column_container col-md-12\">\n<div class=\"wpb_wrapper vc_column-inner\">\n<div class=\"wpb_text_column wpb_content_element \">\n<div class=\"wpb_wrapper\"><\/div>\n<\/div>\n<\/div>\n<\/div>\n<\/div>\n<\/div>\n<\/div>","protected":false},"excerpt":{"rendered":"<p>Crear un proyecto permite utilizar un conjunto formal de procesos y t\u00e9cnicas de gesti\u00f3n de proyectos para definir el esfuerzo y luego subsecuentemente dirigir y controlar el trabajo. El utilizar procesos de direcci\u00f3n de proyectos le permite a un l\u00edder de proyecto pro activamente gestionar el alcance, incidencias, riesgos, la calidad y la comunicaci\u00f3n. Entendiendo [&hellip;]<\/p>\n","protected":false},"featured_media":10986,"template":"","meta":{"_acf_changed":false},"product_cat":[83],"product_tag":[],"acf":[],"yoast_head":"<!-- This site is optimized with the Yoast SEO plugin v24.5 - https:\/\/yoast.com\/wordpress\/plugins\/seo\/ -->\n<title>Taller de Fundamentos de Direcci\u00f3n de Proyectos - Proyectum Colombia<\/title>\n<meta name=\"description\" content=\"Crear un proyecto permite utilizar un conjunto formal de procesos y t\u00e9cnicas de gesti\u00f3n de proyectos para definir el esfuerzo y luego subsecuentemente dirigir y controlar el trabajo. El utilizar procesos de direcci\u00f3n de proyectos le permite a un l\u00edder de proyecto pro activamente gestionar el alcance, incidencias, riesgos, la calidad y la comunicaci\u00f3n. Entendiendo y utilizando los conceptos que se ense\u00f1an en este curso incrementa las posibilidades de \u00e9xito en un proyecto.\" \/>\n<meta name=\"robots\" content=\"index, follow, max-snippet:-1, max-image-preview:large, max-video-preview:-1\" \/>\n<link rel=\"canonical\" href=\"https:\/\/proyectum.com\/co\/product\/fundamentos_de_direccion_de_proyectos\/\" \/>\n<meta property=\"og:locale\" content=\"es_ES\" \/>\n<meta property=\"og:type\" content=\"article\" \/>\n<meta property=\"og:title\" content=\"Taller de Fundamentos de Direcci\u00f3n de Proyectos - Proyectum Colombia\" \/>\n<meta property=\"og:description\" content=\"Crear un proyecto permite utilizar un conjunto formal de procesos y t\u00e9cnicas de gesti\u00f3n de proyectos para definir el esfuerzo y luego subsecuentemente dirigir y controlar el trabajo. El utilizar procesos de direcci\u00f3n de proyectos le permite a un l\u00edder de proyecto pro activamente gestionar el alcance, incidencias, riesgos, la calidad y la comunicaci\u00f3n. Entendiendo y utilizando los conceptos que se ense\u00f1an en este curso incrementa las posibilidades de \u00e9xito en un proyecto.\" \/>\n<meta property=\"og:url\" content=\"https:\/\/proyectum.com\/co\/product\/fundamentos_de_direccion_de_proyectos\/\" \/>\n<meta property=\"og:site_name\" content=\"Proyectum Colombia\" \/>\n<meta property=\"article:publisher\" content=\"https:\/\/www.facebook.com\/proyectumcr\/\" \/>\n<meta property=\"article:modified_time\" content=\"2022-11-02T21:43:18+00:00\" \/>\n<meta property=\"og:image\" content=\"https:\/\/i0.wp.com\/proyectum.com\/co\/wp-content\/uploads\/2021\/08\/Fundamentos-Proyectos.jpg?fit=540%2C540&ssl=1\" \/>\n\t<meta property=\"og:image:width\" content=\"540\" \/>\n\t<meta property=\"og:image:height\" content=\"540\" \/>\n\t<meta property=\"og:image:type\" content=\"image\/jpeg\" \/>\n<meta name=\"twitter:card\" content=\"summary_large_image\" \/>\n<meta name=\"twitter:label1\" content=\"Tiempo de lectura\" \/>\n\t<meta name=\"twitter:data1\" content=\"2 minutos\" \/>\n<script type=\"application\/ld+json\" class=\"yoast-schema-graph\">{\"@context\":\"https:\/\/schema.org\",\"@graph\":[{\"@type\":\"WebPage\",\"@id\":\"https:\/\/proyectum.com\/co\/product\/fundamentos_de_direccion_de_proyectos\/\",\"url\":\"https:\/\/proyectum.com\/co\/product\/fundamentos_de_direccion_de_proyectos\/\",\"name\":\"Taller de Fundamentos de Direcci\u00f3n de Proyectos - Proyectum Colombia\",\"isPartOf\":{\"@id\":\"https:\/\/proyectum.com\/co\/#website\"},\"primaryImageOfPage\":{\"@id\":\"https:\/\/proyectum.com\/co\/product\/fundamentos_de_direccion_de_proyectos\/#primaryimage\"},\"image\":{\"@id\":\"https:\/\/proyectum.com\/co\/product\/fundamentos_de_direccion_de_proyectos\/#primaryimage\"},\"thumbnailUrl\":\"https:\/\/i0.wp.com\/proyectum.com\/co\/wp-content\/uploads\/2021\/08\/Fundamentos-Proyectos.jpg?fit=540%2C540&ssl=1\",\"datePublished\":\"2021-08-21T22:11:37+00:00\",\"dateModified\":\"2022-11-02T21:43:18+00:00\",\"description\":\"Crear un proyecto permite utilizar un conjunto formal de procesos y t\u00e9cnicas de gesti\u00f3n de proyectos para definir el esfuerzo y luego subsecuentemente dirigir y controlar el trabajo. El utilizar procesos de direcci\u00f3n de proyectos le permite a un l\u00edder de proyecto pro activamente gestionar el alcance, incidencias, riesgos, la calidad y la comunicaci\u00f3n. Entendiendo y utilizando los conceptos que se ense\u00f1an en este curso incrementa las posibilidades de \u00e9xito en un proyecto.\",\"breadcrumb\":{\"@id\":\"https:\/\/proyectum.com\/co\/product\/fundamentos_de_direccion_de_proyectos\/#breadcrumb\"},\"inLanguage\":\"es\",\"potentialAction\":[{\"@type\":\"ReadAction\",\"target\":[\"https:\/\/proyectum.com\/co\/product\/fundamentos_de_direccion_de_proyectos\/\"]}]},{\"@type\":\"ImageObject\",\"inLanguage\":\"es\",\"@id\":\"https:\/\/proyectum.com\/co\/product\/fundamentos_de_direccion_de_proyectos\/#primaryimage\",\"url\":\"https:\/\/i0.wp.com\/proyectum.com\/co\/wp-content\/uploads\/2021\/08\/Fundamentos-Proyectos.jpg?fit=540%2C540&ssl=1\",\"contentUrl\":\"https:\/\/i0.wp.com\/proyectum.com\/co\/wp-content\/uploads\/2021\/08\/Fundamentos-Proyectos.jpg?fit=540%2C540&ssl=1\",\"width\":540,\"height\":540},{\"@type\":\"BreadcrumbList\",\"@id\":\"https:\/\/proyectum.com\/co\/product\/fundamentos_de_direccion_de_proyectos\/#breadcrumb\",\"itemListElement\":[{\"@type\":\"ListItem\",\"position\":1,\"name\":\"Home\",\"item\":\"https:\/\/proyectum.com\/co\/\"},{\"@type\":\"ListItem\",\"position\":2,\"name\":\"Tienda\",\"item\":\"https:\/\/proyectum.com\/co\/tienda\/\"},{\"@type\":\"ListItem\",\"position\":3,\"name\":\"Taller de Fundamentos de Direcci\u00f3n de Proyectos\"}]},{\"@type\":\"WebSite\",\"@id\":\"https:\/\/proyectum.com\/co\/#website\",\"url\":\"https:\/\/proyectum.com\/co\/\",\"name\":\"Proyectum Costa Rica\",\"description\":\"Centro Autorizado de Capacitaci\u00f3n del Project Management Institute - ATP del PMI\",\"publisher\":{\"@id\":\"https:\/\/proyectum.com\/co\/#organization\"},\"potentialAction\":[{\"@type\":\"SearchAction\",\"target\":{\"@type\":\"EntryPoint\",\"urlTemplate\":\"https:\/\/proyectum.com\/co\/?s={search_term_string}\"},\"query-input\":{\"@type\":\"PropertyValueSpecification\",\"valueRequired\":true,\"valueName\":\"search_term_string\"}}],\"inLanguage\":\"es\"},{\"@type\":\"Organization\",\"@id\":\"https:\/\/proyectum.com\/co\/#organization\",\"name\":\"Proyectum Costa Rica\",\"url\":\"https:\/\/proyectum.com\/co\/\",\"logo\":{\"@type\":\"ImageObject\",\"inLanguage\":\"es\",\"@id\":\"https:\/\/proyectum.com\/co\/#\/schema\/logo\/image\/\",\"url\":\"https:\/\/i0.wp.com\/proyectum.com\/co\/wp-content\/uploads\/proyectum-logo-snippet.png?fit=600%2C315&ssl=1\",\"contentUrl\":\"https:\/\/i0.wp.com\/proyectum.com\/co\/wp-content\/uploads\/proyectum-logo-snippet.png?fit=600%2C315&ssl=1\",\"width\":600,\"height\":315,\"caption\":\"Proyectum Costa Rica\"},\"image\":{\"@id\":\"https:\/\/proyectum.com\/co\/#\/schema\/logo\/image\/\"},\"sameAs\":[\"https:\/\/www.facebook.com\/proyectumcr\/\",\"https:\/\/www.instagram.com\/proyectumcostarica\/\",\"https:\/\/www.linkedin.com\/company\/proyectum-costarica\/\",\"https:\/\/www.youtube.com\/channel\/UCljouWimyhK_cNcC2jniUgw\"]}]}<\/script>\n<!-- \/ Yoast SEO plugin. -->","yoast_head_json":{"title":"Taller de Fundamentos de Direcci\u00f3n de Proyectos - Proyectum Colombia","description":"Crear un proyecto permite utilizar un conjunto formal de procesos y t\u00e9cnicas de gesti\u00f3n de proyectos para definir el esfuerzo y luego subsecuentemente dirigir y controlar el trabajo. El utilizar procesos de direcci\u00f3n de proyectos le permite a un l\u00edder de proyecto pro activamente gestionar el alcance, incidencias, riesgos, la calidad y la comunicaci\u00f3n. Entendiendo y utilizando los conceptos que se ense\u00f1an en este curso incrementa las posibilidades de \u00e9xito en un proyecto.","robots":{"index":"index","follow":"follow","max-snippet":"max-snippet:-1","max-image-preview":"max-image-preview:large","max-video-preview":"max-video-preview:-1"},"canonical":"https:\/\/proyectum.com\/co\/product\/fundamentos_de_direccion_de_proyectos\/","og_locale":"es_ES","og_type":"article","og_title":"Taller de Fundamentos de Direcci\u00f3n de Proyectos - Proyectum Colombia","og_description":"Crear un proyecto permite utilizar un conjunto formal de procesos y t\u00e9cnicas de gesti\u00f3n de proyectos para definir el esfuerzo y luego subsecuentemente dirigir y controlar el trabajo. El utilizar procesos de direcci\u00f3n de proyectos le permite a un l\u00edder de proyecto pro activamente gestionar el alcance, incidencias, riesgos, la calidad y la comunicaci\u00f3n. Entendiendo y utilizando los conceptos que se ense\u00f1an en este curso incrementa las posibilidades de \u00e9xito en un proyecto.","og_url":"https:\/\/proyectum.com\/co\/product\/fundamentos_de_direccion_de_proyectos\/","og_site_name":"Proyectum Colombia","article_publisher":"https:\/\/www.facebook.com\/proyectumcr\/","article_modified_time":"2022-11-02T21:43:18+00:00","og_image":[{"width":540,"height":540,"url":"https:\/\/i0.wp.com\/proyectum.com\/co\/wp-content\/uploads\/2021\/08\/Fundamentos-Proyectos.jpg?fit=540%2C540&ssl=1","type":"image\/jpeg"}],"twitter_card":"summary_large_image","twitter_misc":{"Tiempo de lectura":"2 minutos"},"schema":{"@context":"https:\/\/schema.org","@graph":[{"@type":"WebPage","@id":"https:\/\/proyectum.com\/co\/product\/fundamentos_de_direccion_de_proyectos\/","url":"https:\/\/proyectum.com\/co\/product\/fundamentos_de_direccion_de_proyectos\/","name":"Taller de Fundamentos de Direcci\u00f3n de Proyectos - Proyectum Colombia","isPartOf":{"@id":"https:\/\/proyectum.com\/co\/#website"},"primaryImageOfPage":{"@id":"https:\/\/proyectum.com\/co\/product\/fundamentos_de_direccion_de_proyectos\/#primaryimage"},"image":{"@id":"https:\/\/proyectum.com\/co\/product\/fundamentos_de_direccion_de_proyectos\/#primaryimage"},"thumbnailUrl":"https:\/\/i0.wp.com\/proyectum.com\/co\/wp-content\/uploads\/2021\/08\/Fundamentos-Proyectos.jpg?fit=540%2C540&ssl=1","datePublished":"2021-08-21T22:11:37+00:00","dateModified":"2022-11-02T21:43:18+00:00","description":"Crear un proyecto permite utilizar un conjunto formal de procesos y t\u00e9cnicas de gesti\u00f3n de proyectos para definir el esfuerzo y luego subsecuentemente dirigir y controlar el trabajo. El utilizar procesos de direcci\u00f3n de proyectos le permite a un l\u00edder de proyecto pro activamente gestionar el alcance, incidencias, riesgos, la calidad y la comunicaci\u00f3n. Entendiendo y utilizando los conceptos que se ense\u00f1an en este curso incrementa las posibilidades de \u00e9xito en un proyecto.","breadcrumb":{"@id":"https:\/\/proyectum.com\/co\/product\/fundamentos_de_direccion_de_proyectos\/#breadcrumb"},"inLanguage":"es","potentialAction":[{"@type":"ReadAction","target":["https:\/\/proyectum.com\/co\/product\/fundamentos_de_direccion_de_proyectos\/"]}]},{"@type":"ImageObject","inLanguage":"es","@id":"https:\/\/proyectum.com\/co\/product\/fundamentos_de_direccion_de_proyectos\/#primaryimage","url":"https:\/\/i0.wp.com\/proyectum.com\/co\/wp-content\/uploads\/2021\/08\/Fundamentos-Proyectos.jpg?fit=540%2C540&ssl=1","contentUrl":"https:\/\/i0.wp.com\/proyectum.com\/co\/wp-content\/uploads\/2021\/08\/Fundamentos-Proyectos.jpg?fit=540%2C540&ssl=1","width":540,"height":540},{"@type":"BreadcrumbList","@id":"https:\/\/proyectum.com\/co\/product\/fundamentos_de_direccion_de_proyectos\/#breadcrumb","itemListElement":[{"@type":"ListItem","position":1,"name":"Home","item":"https:\/\/proyectum.com\/co\/"},{"@type":"ListItem","position":2,"name":"Tienda","item":"https:\/\/proyectum.com\/co\/tienda\/"},{"@type":"ListItem","position":3,"name":"Taller de Fundamentos de Direcci\u00f3n de Proyectos"}]},{"@type":"WebSite","@id":"https:\/\/proyectum.com\/co\/#website","url":"https:\/\/proyectum.com\/co\/","name":"Proyectum Costa Rica","description":"Centro Autorizado de Capacitaci\u00f3n del Project Management Institute - ATP del PMI","publisher":{"@id":"https:\/\/proyectum.com\/co\/#organization"},"potentialAction":[{"@type":"SearchAction","target":{"@type":"EntryPoint","urlTemplate":"https:\/\/proyectum.com\/co\/?s={search_term_string}"},"query-input":{"@type":"PropertyValueSpecification","valueRequired":true,"valueName":"search_term_string"}}],"inLanguage":"es"},{"@type":"Organization","@id":"https:\/\/proyectum.com\/co\/#organization","name":"Proyectum Costa Rica","url":"https:\/\/proyectum.com\/co\/","logo":{"@type":"ImageObject","inLanguage":"es","@id":"https:\/\/proyectum.com\/co\/#\/schema\/logo\/image\/","url":"https:\/\/i0.wp.com\/proyectum.com\/co\/wp-content\/uploads\/proyectum-logo-snippet.png?fit=600%2C315&ssl=1","contentUrl":"https:\/\/i0.wp.com\/proyectum.com\/co\/wp-content\/uploads\/proyectum-logo-snippet.png?fit=600%2C315&ssl=1","width":600,"height":315,"caption":"Proyectum Costa Rica"},"image":{"@id":"https:\/\/proyectum.com\/co\/#\/schema\/logo\/image\/"},"sameAs":["https:\/\/www.facebook.com\/proyectumcr\/","https:\/\/www.instagram.com\/proyectumcostarica\/","https:\/\/www.linkedin.com\/company\/proyectum-costarica\/","https:\/\/www.youtube.com\/channel\/UCljouWimyhK_cNcC2jniUgw"]}]}},"jetpack_sharing_enabled":true,"_links":{"self":[{"href":"https:\/\/proyectum.com\/co\/wp-json\/wp\/v2\/product\/10831"}],"collection":[{"href":"https:\/\/proyectum.com\/co\/wp-json\/wp\/v2\/product"}],"about":[{"href":"https:\/\/proyectum.com\/co\/wp-json\/wp\/v2\/types\/product"}],"wp:featuredmedia":[{"embeddable":true,"href":"https:\/\/proyectum.com\/co\/wp-json\/wp\/v2\/media\/10986"}],"wp:attachment":[{"href":"https:\/\/proyectum.com\/co\/wp-json\/wp\/v2\/media?parent=10831"}],"wp:term":[{"taxonomy":"product_cat","embeddable":true,"href":"https:\/\/proyectum.com\/co\/wp-json\/wp\/v2\/product_cat?post=10831"},{"taxonomy":"product_tag","embeddable":true,"href":"https:\/\/proyectum.com\/co\/wp-json\/wp\/v2\/product_tag?post=10831"}],"curies":[{"name":"wp","href":"https:\/\/api.w.org\/{rel}","templated":true}]}}