{"id":11012,"date":"2021-09-26T21:18:21","date_gmt":"2021-09-27T02:18:21","guid":{"rendered":"https:\/\/proyectum.com\/co\/?post_type=product&#038;p=11012"},"modified":"2023-07-06T15:43:42","modified_gmt":"2023-07-06T20:43:42","slug":"preparacion-para-certificacion-capm-virtual-en-vivo","status":"publish","type":"product","link":"https:\/\/proyectum.com\/co\/product\/preparacion-para-certificacion-capm-virtual-en-vivo\/","title":{"rendered":"Taller de preparaci\u00f3n para la certificaci\u00f3n CAPM\u00ae Virtual en vivo"},"content":{"rendered":"<p>La certificaci\u00f3n\u00a0<strong><em>\u00abCertified Associate in Project Management\u00bb (CAPM\u00ae)<\/em><\/strong>, es la primera de las ocho certificaciones de la asociaci\u00f3n de administradores de proyectos m\u00e1s grande del mundo, el \u00abProject Management Institute\u00bb (PMI\u00ae). Esta certificaci\u00f3n est\u00e1 espec\u00edficamente dise\u00f1ada para estudiantes y graduados de todas las carreras, que desean aprender y certificarse en los conceptos de Administraci\u00f3n de Proyectos del PMI\u00ae, pero que no tienen o poseen muy poca experiencia en proyectos.\u00a0\u00a0El certificarse CAPM\u00ae, es la forma ideal de ingresar al mundo de la Administraci\u00f3n de Proyectos, porque permite adquirir un excelente conocimiento en este campo que le ayudar\u00e1 a escalar posiciones en el \u00e1rea profesional.<\/p>\n<p><span style=\"color: #000000;\">Contamos con la denominaci\u00f3n <strong>Premier Authorized Training Partner\u00a0<\/strong>por parte del PMI\u00ae.<\/span><\/p>\n","protected":false},"excerpt":{"rendered":"<p>La certificaci\u00f3n\u00a0\u00abCertified Associate in Project Management\u00bb (CAPM\u00ae), es la primera de las ocho certificaciones de la asociaci\u00f3n de administradores de proyectos m\u00e1s grande del mundo, el \u00abProject Management Institute\u00bb (PMI\u00ae). Esta certificaci\u00f3n est\u00e1 espec\u00edficamente dise\u00f1ada para estudiantes y graduados de todas las carreras, que desean aprender y certificarse en los conceptos de Administraci\u00f3n de Proyectos [&hellip;]<\/p>\n","protected":false},"featured_media":11013,"template":"","meta":{"_acf_changed":false},"product_cat":[78],"product_tag":[],"acf":[],"yoast_head":"<!-- This site is optimized with the Yoast SEO plugin v24.5 - https:\/\/yoast.com\/wordpress\/plugins\/seo\/ -->\n<title>Taller de preparaci\u00f3n para la certificaci\u00f3n CAPM\u00ae Virtual en vivo - Proyectum Colombia<\/title>\n<meta name=\"description\" content=\"La Certificaci\u00f3n \u00c1gil (PMI-ACP\u00ae) acredita a las personas en su conocimiento del modelo de desarrollo \u00c1gil. Esta certificaci\u00f3n es una forma de diferenciar a los profesionales serios que conocen estas metodolog\u00edas y no compite contra los m\u00e9todos tradicionales de Direcci\u00f3n de Proyectos, ya que se pueden utilizar incluso de manera combinada para diferentes necesidades en los Proyectos.\" \/>\n<meta name=\"robots\" content=\"index, follow, max-snippet:-1, max-image-preview:large, max-video-preview:-1\" \/>\n<link rel=\"canonical\" href=\"https:\/\/proyectum.com\/co\/product\/preparacion-para-certificacion-capm-virtual-en-vivo\/\" \/>\n<meta property=\"og:locale\" content=\"es_ES\" \/>\n<meta property=\"og:type\" content=\"article\" \/>\n<meta property=\"og:title\" content=\"Taller de preparaci\u00f3n para la certificaci\u00f3n CAPM\u00ae Virtual en vivo - Proyectum Colombia\" \/>\n<meta property=\"og:description\" content=\"La Certificaci\u00f3n \u00c1gil (PMI-ACP\u00ae) acredita a las personas en su conocimiento del modelo de desarrollo \u00c1gil. Esta certificaci\u00f3n es una forma de diferenciar a los profesionales serios que conocen estas metodolog\u00edas y no compite contra los m\u00e9todos tradicionales de Direcci\u00f3n de Proyectos, ya que se pueden utilizar incluso de manera combinada para diferentes necesidades en los Proyectos.\" \/>\n<meta property=\"og:url\" content=\"https:\/\/proyectum.com\/co\/product\/preparacion-para-certificacion-capm-virtual-en-vivo\/\" \/>\n<meta property=\"og:site_name\" content=\"Proyectum Colombia\" \/>\n<meta property=\"article:publisher\" content=\"https:\/\/www.facebook.com\/proyectumcr\/\" \/>\n<meta property=\"article:modified_time\" content=\"2023-07-06T20:43:42+00:00\" \/>\n<meta property=\"og:image\" content=\"https:\/\/i0.wp.com\/proyectum.com\/co\/wp-content\/uploads\/2021\/09\/CAPM.jpg?fit=540%2C540&ssl=1\" \/>\n\t<meta property=\"og:image:width\" content=\"540\" \/>\n\t<meta property=\"og:image:height\" content=\"540\" \/>\n\t<meta property=\"og:image:type\" content=\"image\/jpeg\" \/>\n<meta name=\"twitter:card\" content=\"summary_large_image\" \/>\n<meta name=\"twitter:label1\" content=\"Tiempo de lectura\" \/>\n\t<meta name=\"twitter:data1\" content=\"1 minuto\" \/>\n<script type=\"application\/ld+json\" class=\"yoast-schema-graph\">{\"@context\":\"https:\/\/schema.org\",\"@graph\":[{\"@type\":\"WebPage\",\"@id\":\"https:\/\/proyectum.com\/co\/product\/preparacion-para-certificacion-capm-virtual-en-vivo\/\",\"url\":\"https:\/\/proyectum.com\/co\/product\/preparacion-para-certificacion-capm-virtual-en-vivo\/\",\"name\":\"Taller de preparaci\u00f3n para la certificaci\u00f3n CAPM\u00ae Virtual en vivo - Proyectum Colombia\",\"isPartOf\":{\"@id\":\"https:\/\/proyectum.com\/co\/#website\"},\"primaryImageOfPage\":{\"@id\":\"https:\/\/proyectum.com\/co\/product\/preparacion-para-certificacion-capm-virtual-en-vivo\/#primaryimage\"},\"image\":{\"@id\":\"https:\/\/proyectum.com\/co\/product\/preparacion-para-certificacion-capm-virtual-en-vivo\/#primaryimage\"},\"thumbnailUrl\":\"https:\/\/i0.wp.com\/proyectum.com\/co\/wp-content\/uploads\/2021\/09\/CAPM.jpg?fit=540%2C540&ssl=1\",\"datePublished\":\"2021-09-27T02:18:21+00:00\",\"dateModified\":\"2023-07-06T20:43:42+00:00\",\"description\":\"La Certificaci\u00f3n \u00c1gil (PMI-ACP\u00ae) acredita a las personas en su conocimiento del modelo de desarrollo \u00c1gil. Esta certificaci\u00f3n es una forma de diferenciar a los profesionales serios que conocen estas metodolog\u00edas y no compite contra los m\u00e9todos tradicionales de Direcci\u00f3n de Proyectos, ya que se pueden utilizar incluso de manera combinada para diferentes necesidades en los Proyectos.\",\"breadcrumb\":{\"@id\":\"https:\/\/proyectum.com\/co\/product\/preparacion-para-certificacion-capm-virtual-en-vivo\/#breadcrumb\"},\"inLanguage\":\"es\",\"potentialAction\":[{\"@type\":\"ReadAction\",\"target\":[\"https:\/\/proyectum.com\/co\/product\/preparacion-para-certificacion-capm-virtual-en-vivo\/\"]}]},{\"@type\":\"ImageObject\",\"inLanguage\":\"es\",\"@id\":\"https:\/\/proyectum.com\/co\/product\/preparacion-para-certificacion-capm-virtual-en-vivo\/#primaryimage\",\"url\":\"https:\/\/i0.wp.com\/proyectum.com\/co\/wp-content\/uploads\/2021\/09\/CAPM.jpg?fit=540%2C540&ssl=1\",\"contentUrl\":\"https:\/\/i0.wp.com\/proyectum.com\/co\/wp-content\/uploads\/2021\/09\/CAPM.jpg?fit=540%2C540&ssl=1\",\"width\":540,\"height\":540},{\"@type\":\"BreadcrumbList\",\"@id\":\"https:\/\/proyectum.com\/co\/product\/preparacion-para-certificacion-capm-virtual-en-vivo\/#breadcrumb\",\"itemListElement\":[{\"@type\":\"ListItem\",\"position\":1,\"name\":\"Home\",\"item\":\"https:\/\/proyectum.com\/co\/\"},{\"@type\":\"ListItem\",\"position\":2,\"name\":\"Tienda\",\"item\":\"https:\/\/proyectum.com\/co\/tienda\/\"},{\"@type\":\"ListItem\",\"position\":3,\"name\":\"Taller de preparaci\u00f3n para la certificaci\u00f3n CAPM\u00ae Virtual en vivo\"}]},{\"@type\":\"WebSite\",\"@id\":\"https:\/\/proyectum.com\/co\/#website\",\"url\":\"https:\/\/proyectum.com\/co\/\",\"name\":\"Proyectum Costa Rica\",\"description\":\"Centro Autorizado de Capacitaci\u00f3n del Project Management Institute - ATP del PMI\",\"publisher\":{\"@id\":\"https:\/\/proyectum.com\/co\/#organization\"},\"potentialAction\":[{\"@type\":\"SearchAction\",\"target\":{\"@type\":\"EntryPoint\",\"urlTemplate\":\"https:\/\/proyectum.com\/co\/?s={search_term_string}\"},\"query-input\":{\"@type\":\"PropertyValueSpecification\",\"valueRequired\":true,\"valueName\":\"search_term_string\"}}],\"inLanguage\":\"es\"},{\"@type\":\"Organization\",\"@id\":\"https:\/\/proyectum.com\/co\/#organization\",\"name\":\"Proyectum Costa Rica\",\"url\":\"https:\/\/proyectum.com\/co\/\",\"logo\":{\"@type\":\"ImageObject\",\"inLanguage\":\"es\",\"@id\":\"https:\/\/proyectum.com\/co\/#\/schema\/logo\/image\/\",\"url\":\"https:\/\/i0.wp.com\/proyectum.com\/co\/wp-content\/uploads\/proyectum-logo-snippet.png?fit=600%2C315&ssl=1\",\"contentUrl\":\"https:\/\/i0.wp.com\/proyectum.com\/co\/wp-content\/uploads\/proyectum-logo-snippet.png?fit=600%2C315&ssl=1\",\"width\":600,\"height\":315,\"caption\":\"Proyectum Costa Rica\"},\"image\":{\"@id\":\"https:\/\/proyectum.com\/co\/#\/schema\/logo\/image\/\"},\"sameAs\":[\"https:\/\/www.facebook.com\/proyectumcr\/\",\"https:\/\/www.instagram.com\/proyectumcostarica\/\",\"https:\/\/www.linkedin.com\/company\/proyectum-costarica\/\",\"https:\/\/www.youtube.com\/channel\/UCljouWimyhK_cNcC2jniUgw\"]}]}<\/script>\n<!-- \/ Yoast SEO plugin. -->","yoast_head_json":{"title":"Taller de preparaci\u00f3n para la certificaci\u00f3n CAPM\u00ae Virtual en vivo - Proyectum Colombia","description":"La Certificaci\u00f3n \u00c1gil (PMI-ACP\u00ae) acredita a las personas en su conocimiento del modelo de desarrollo \u00c1gil. Esta certificaci\u00f3n es una forma de diferenciar a los profesionales serios que conocen estas metodolog\u00edas y no compite contra los m\u00e9todos tradicionales de Direcci\u00f3n de Proyectos, ya que se pueden utilizar incluso de manera combinada para diferentes necesidades en los Proyectos.","robots":{"index":"index","follow":"follow","max-snippet":"max-snippet:-1","max-image-preview":"max-image-preview:large","max-video-preview":"max-video-preview:-1"},"canonical":"https:\/\/proyectum.com\/co\/product\/preparacion-para-certificacion-capm-virtual-en-vivo\/","og_locale":"es_ES","og_type":"article","og_title":"Taller de preparaci\u00f3n para la certificaci\u00f3n CAPM\u00ae Virtual en vivo - Proyectum Colombia","og_description":"La Certificaci\u00f3n \u00c1gil (PMI-ACP\u00ae) acredita a las personas en su conocimiento del modelo de desarrollo \u00c1gil. Esta certificaci\u00f3n es una forma de diferenciar a los profesionales serios que conocen estas metodolog\u00edas y no compite contra los m\u00e9todos tradicionales de Direcci\u00f3n de Proyectos, ya que se pueden utilizar incluso de manera combinada para diferentes necesidades en los Proyectos.","og_url":"https:\/\/proyectum.com\/co\/product\/preparacion-para-certificacion-capm-virtual-en-vivo\/","og_site_name":"Proyectum Colombia","article_publisher":"https:\/\/www.facebook.com\/proyectumcr\/","article_modified_time":"2023-07-06T20:43:42+00:00","og_image":[{"width":540,"height":540,"url":"https:\/\/i0.wp.com\/proyectum.com\/co\/wp-content\/uploads\/2021\/09\/CAPM.jpg?fit=540%2C540&ssl=1","type":"image\/jpeg"}],"twitter_card":"summary_large_image","twitter_misc":{"Tiempo de lectura":"1 minuto"},"schema":{"@context":"https:\/\/schema.org","@graph":[{"@type":"WebPage","@id":"https:\/\/proyectum.com\/co\/product\/preparacion-para-certificacion-capm-virtual-en-vivo\/","url":"https:\/\/proyectum.com\/co\/product\/preparacion-para-certificacion-capm-virtual-en-vivo\/","name":"Taller de preparaci\u00f3n para la certificaci\u00f3n CAPM\u00ae Virtual en vivo - Proyectum Colombia","isPartOf":{"@id":"https:\/\/proyectum.com\/co\/#website"},"primaryImageOfPage":{"@id":"https:\/\/proyectum.com\/co\/product\/preparacion-para-certificacion-capm-virtual-en-vivo\/#primaryimage"},"image":{"@id":"https:\/\/proyectum.com\/co\/product\/preparacion-para-certificacion-capm-virtual-en-vivo\/#primaryimage"},"thumbnailUrl":"https:\/\/i0.wp.com\/proyectum.com\/co\/wp-content\/uploads\/2021\/09\/CAPM.jpg?fit=540%2C540&ssl=1","datePublished":"2021-09-27T02:18:21+00:00","dateModified":"2023-07-06T20:43:42+00:00","description":"La Certificaci\u00f3n \u00c1gil (PMI-ACP\u00ae) acredita a las personas en su conocimiento del modelo de desarrollo \u00c1gil. Esta certificaci\u00f3n es una forma de diferenciar a los profesionales serios que conocen estas metodolog\u00edas y no compite contra los m\u00e9todos tradicionales de Direcci\u00f3n de Proyectos, ya que se pueden utilizar incluso de manera combinada para diferentes necesidades en los Proyectos.","breadcrumb":{"@id":"https:\/\/proyectum.com\/co\/product\/preparacion-para-certificacion-capm-virtual-en-vivo\/#breadcrumb"},"inLanguage":"es","potentialAction":[{"@type":"ReadAction","target":["https:\/\/proyectum.com\/co\/product\/preparacion-para-certificacion-capm-virtual-en-vivo\/"]}]},{"@type":"ImageObject","inLanguage":"es","@id":"https:\/\/proyectum.com\/co\/product\/preparacion-para-certificacion-capm-virtual-en-vivo\/#primaryimage","url":"https:\/\/i0.wp.com\/proyectum.com\/co\/wp-content\/uploads\/2021\/09\/CAPM.jpg?fit=540%2C540&ssl=1","contentUrl":"https:\/\/i0.wp.com\/proyectum.com\/co\/wp-content\/uploads\/2021\/09\/CAPM.jpg?fit=540%2C540&ssl=1","width":540,"height":540},{"@type":"BreadcrumbList","@id":"https:\/\/proyectum.com\/co\/product\/preparacion-para-certificacion-capm-virtual-en-vivo\/#breadcrumb","itemListElement":[{"@type":"ListItem","position":1,"name":"Home","item":"https:\/\/proyectum.com\/co\/"},{"@type":"ListItem","position":2,"name":"Tienda","item":"https:\/\/proyectum.com\/co\/tienda\/"},{"@type":"ListItem","position":3,"name":"Taller de preparaci\u00f3n para la certificaci\u00f3n CAPM\u00ae Virtual en vivo"}]},{"@type":"WebSite","@id":"https:\/\/proyectum.com\/co\/#website","url":"https:\/\/proyectum.com\/co\/","name":"Proyectum Costa Rica","description":"Centro Autorizado de Capacitaci\u00f3n del Project Management Institute - ATP del PMI","publisher":{"@id":"https:\/\/proyectum.com\/co\/#organization"},"potentialAction":[{"@type":"SearchAction","target":{"@type":"EntryPoint","urlTemplate":"https:\/\/proyectum.com\/co\/?s={search_term_string}"},"query-input":{"@type":"PropertyValueSpecification","valueRequired":true,"valueName":"search_term_string"}}],"inLanguage":"es"},{"@type":"Organization","@id":"https:\/\/proyectum.com\/co\/#organization","name":"Proyectum Costa Rica","url":"https:\/\/proyectum.com\/co\/","logo":{"@type":"ImageObject","inLanguage":"es","@id":"https:\/\/proyectum.com\/co\/#\/schema\/logo\/image\/","url":"https:\/\/i0.wp.com\/proyectum.com\/co\/wp-content\/uploads\/proyectum-logo-snippet.png?fit=600%2C315&ssl=1","contentUrl":"https:\/\/i0.wp.com\/proyectum.com\/co\/wp-content\/uploads\/proyectum-logo-snippet.png?fit=600%2C315&ssl=1","width":600,"height":315,"caption":"Proyectum Costa Rica"},"image":{"@id":"https:\/\/proyectum.com\/co\/#\/schema\/logo\/image\/"},"sameAs":["https:\/\/www.facebook.com\/proyectumcr\/","https:\/\/www.instagram.com\/proyectumcostarica\/","https:\/\/www.linkedin.com\/company\/proyectum-costarica\/","https:\/\/www.youtube.com\/channel\/UCljouWimyhK_cNcC2jniUgw"]}]}},"jetpack_sharing_enabled":true,"_links":{"self":[{"href":"https:\/\/proyectum.com\/co\/wp-json\/wp\/v2\/product\/11012"}],"collection":[{"href":"https:\/\/proyectum.com\/co\/wp-json\/wp\/v2\/product"}],"about":[{"href":"https:\/\/proyectum.com\/co\/wp-json\/wp\/v2\/types\/product"}],"wp:featuredmedia":[{"embeddable":true,"href":"https:\/\/proyectum.com\/co\/wp-json\/wp\/v2\/media\/11013"}],"wp:attachment":[{"href":"https:\/\/proyectum.com\/co\/wp-json\/wp\/v2\/media?parent=11012"}],"wp:term":[{"taxonomy":"product_cat","embeddable":true,"href":"https:\/\/proyectum.com\/co\/wp-json\/wp\/v2\/product_cat?post=11012"},{"taxonomy":"product_tag","embeddable":true,"href":"https:\/\/proyectum.com\/co\/wp-json\/wp\/v2\/product_tag?post=11012"}],"curies":[{"name":"wp","href":"https:\/\/api.w.org\/{rel}","templated":true}]}}