{"id":11407,"date":"2022-09-19T11:08:38","date_gmt":"2022-09-19T16:08:38","guid":{"rendered":"https:\/\/proyectum.com\/co\/?post_type=product&#038;p=11407"},"modified":"2022-11-02T16:24:05","modified_gmt":"2022-11-02T21:24:05","slug":"scrum-master-certificado-smc-bajo-demanda_taller_examen","status":"publish","type":"product","link":"https:\/\/proyectum.com\/co\/product\/scrum-master-certificado-smc-bajo-demanda_taller_examen\/","title":{"rendered":"Scrum Master Certificado SMC\u2122 Taller + Certificaci\u00f3n"},"content":{"rendered":"<h2><span style=\"color: #000000;\">Visi\u00f3n general<\/span><\/h2>\n<p><span style=\"color: #000000;\">Certificado en Scrum M\u00e1ster \u201cScrum Master Certified (SMC\u2122)\u201d son facilitadores profesionales que aseguran que el Equipo Scrum tiene un entorno que contribuye a que se termine el proyecto exitosamente. \u00a0 \u00a0El Scrum Master gu\u00eda, facilita y ense\u00f1a buenas pr\u00e1cticas Scrum a todos los involucrados en el proyecto, elimina barreras para el equipo, asegura que se siguen los procesos de Scrum. <strong>\u00a0Incluye la certificaci\u00f3n Scrum Fundamentals Certified.<\/strong><\/span><\/p>\n<p><strong><span style=\"color: #000000;\">El examen para la Certificaci\u00f3n Scrum Master Certified SMC\u2122 tiene un costo adicional de $817.000 Pesos colombianos.<\/span><\/strong><\/p>\n<p><span style=\"color: #000000;\">Los candidatos exitosos recibir\u00e1n la certificaci\u00f3n\u00a0Scrum Master Certified (SMC\u2122) otorgada por SCRUMstudy luego de pasar el examen. \u00a0 <\/span><span style=\"color: #000000;\">Perfil de la Audiencia<\/span><\/p>\n<p><span style=\"color: #000000;\">Esta certificaci\u00f3n es la apropiada para todos los interesados en trabajar como Scrum Master.<\/span><\/p>\n<h2><span style=\"color: #000000;\">Prerequisitos<\/span><\/h2>\n<p><span style=\"color: #000000;\">Esta certificaci\u00f3n no tiene un prerrequisito formal. \u00a0Sin embargo es preferible obtener la certificaci\u00f3n\u00a0Scrum Developer Certified (SDC\u2122) antes de aplicar a la certificaci\u00f3n\u00a0Scrum Master Certified\u00a0SMC\u2122. Los candidatos deben tomar el curso Online para tomar el examen.<\/span><\/p>\n<h2><span style=\"color: #000000;\">Plan de estudios<\/span><\/h2>\n<p><span style=\"color: #000000;\"><strong>1.Descripci\u00f3n de Agile<\/strong><\/span><\/p>\n<p><span style=\"color: #000000;\">\u2022 \u00a0 El surgimiento de Agile<\/span><\/p>\n<p><span style=\"color: #000000;\">\u2022 \u00a0 El manifiesto de Agile<\/span><\/p>\n<p><span style=\"color: #000000;\">\u2022 \u00a0 Principios del manifiesto de\u00a0<\/span><span style=\"color: #000000;\">Agile<\/span><\/p>\n<p><span style=\"color: #000000;\">\u2022 \u00a0 Declaraci\u00f3n de\u00a0<\/span><span style=\"color: #000000;\">interdependencia<\/span><\/p>\n<p><span style=\"color: #000000;\">\u2022 \u00a0 M\u00e9todos de Agile<\/span><\/p>\n<p><span style=\"color: #000000;\">\u2022 \u00a0 Agile vs. Administraci\u00f3n\u00a0<\/span><span style=\"color: #000000;\">tradicional de proyectos<\/span><\/p>\n<p><span style=\"color: #000000;\"><strong>2.\u00a0 Descripci\u00f3n de Scrum<\/strong><\/span><\/p>\n<p><span style=\"color: #000000;\">\u2022 \u00a0 Principios de Scrum<\/span><\/p>\n<p><span style=\"color: #000000;\">\u2022 \u00a0 Aspectos de Scrum<\/span><\/p>\n<p><span style=\"color: #000000;\">\u2022 \u00a0 Procesos de Scrum<\/span><\/p>\n<p><span style=\"color: #000000;\">\u2022 \u00a0 Ventajas de Scrum<\/span><\/p>\n<p><span style=\"color: #000000;\"><strong>3. \u00a0Roles en Scrum<\/strong><\/span><\/p>\n<p><span style=\"color: #000000;\">\u2022 \u00a0 Funciones de Scrum<\/span><\/p>\n<p><span style=\"color: #000000;\">i.\u00a0 Propietario del producto<\/span><\/p>\n<p><span style=\"color: #000000;\">ii. Scrum Master<\/span><\/p>\n<p><span style=\"color: #000000;\">iii.Equipo de Scrum<\/span><\/p>\n<p><span style=\"color: #000000;\">\u2022 \u00a0 Funciones no centrales<\/span><\/p>\n<p><span style=\"color: #000000;\"><strong>4.\u00a0 Fases de Scrum<\/strong><\/span><\/p>\n<p><span style=\"color: #000000;\">\u2022 \u00a0 Inicio<\/span><\/p>\n<p><span style=\"color: #000000;\">\u2022 \u00a0 Plan y estimaci\u00f3n<\/span><\/p>\n<p><span style=\"color: #000000;\">\u2022 \u00a0 Implementaci\u00f3n<\/span><\/p>\n<p><span style=\"color: #000000;\">\u2022 \u00a0 Revisi\u00f3n y retrospectiva<\/span><\/p>\n<p><span style=\"color: #000000;\">\u2022 \u00a0 Lanzamiento<\/span><\/p>\n<p><span style=\"color: #000000;\"><strong>5.\u00a0 Escalando Scrum<\/strong><\/span><\/p>\n<p><span style=\"color: #000000;\">\u2022 \u00a0 Escalabilidad de Scrum<\/span><\/p>\n<p><span style=\"color: #000000;\">\u2022 \u00a0 Scrum in programas y\u00a0<\/span><span style=\"color: #000000;\">portafolios<\/span><\/p>\n<p><span style=\"color: #000000;\">\u2022 \u00a0 Reuniones de Scrum de\u00a0<\/span><span style=\"color: #000000;\">Scrums (SoS)<\/span><\/p>\n<p><span style=\"color: #000000;\">\u2022 \u00a0 Transici\u00f3n a Scrum<\/span><\/p>\n<p><span style=\"color: #000000;\">\u2022 \u00a0 Trazo de las funciones\u00a0<\/span><span style=\"color: #000000;\">tradicionales de Scrum<\/span><\/p>\n<p><span style=\"color: #000000;\">\u2022 \u00a0 Mantener involucrados a los\u00a0<\/span><span style=\"color: #000000;\">socios<\/span><\/p>\n<p><span style=\"color: #000000;\">\u2022 \u00a0 Importancia del apoyo\u00a0<\/span><span style=\"color: #000000;\">ejecutivo<\/span><\/p>\n<h2><span style=\"color: #000000;\">Formato del examen<\/span><\/h2>\n<ul>\n<li><span style=\"color: #000000;\">Preguntas de opci\u00f3n m\u00faltiple<\/span><\/li>\n<li><span style=\"color: #000000;\">100 preguntas por examen<\/span><\/li>\n<li><span style=\"color: #000000;\">Un punto por cada respuesta correcta<\/span><\/li>\n<li><span style=\"color: #000000;\">No se quitan puntos por respuestas equivocadas<\/span><\/li>\n<li><span style=\"color: #000000;\">Sesi\u00f3n de 120 minutos<\/span><\/li>\n<li><span style=\"color: #000000;\">Examen Online vigilado<\/span><\/li>\n<\/ul>\n","protected":false},"excerpt":{"rendered":"<p>Visi\u00f3n general Certificado en Scrum M\u00e1ster \u201cScrum Master Certified (SMC\u2122)\u201d son facilitadores profesionales que aseguran que el Equipo Scrum tiene un entorno que contribuye a que se termine el proyecto exitosamente. \u00a0 \u00a0El Scrum Master gu\u00eda, facilita y ense\u00f1a buenas pr\u00e1cticas Scrum a todos los involucrados en el proyecto, elimina barreras para el equipo, asegura [&hellip;]<\/p>\n","protected":false},"featured_media":0,"template":"","meta":{"_acf_changed":false},"product_cat":[79],"product_tag":[],"acf":[],"yoast_head":"<!-- This site is optimized with the Yoast SEO plugin v24.5 - https:\/\/yoast.com\/wordpress\/plugins\/seo\/ -->\n<title>Scrum Master Certificado SMC\u2122 Taller + Certificaci\u00f3n - Proyectum Colombia<\/title>\n<meta name=\"description\" content=\"Certificado en Scrum M\u00e1ster \u201cScrum Master Certified (SMC\u2122)\u201d son facilitadores profesionales que aseguran que el Equipo Scrum tiene un entorno que contribuye a que se termine el proyecto exitosamente. El Scrum Master gu\u00eda, facilita y ense\u00f1a buenas pr\u00e1cticas Scrum a todos los involucrados en el proyecto, elimina barreras para el equipo, asegura que se siguen los procesos de Scrum. Los candidatos exitosos recibir\u00e1n la certificaci\u00f3n Scrum Master Certified (SMC\u2122) otorgada por SCRUMstudy luego de pasar el examen.\" \/>\n<meta name=\"robots\" content=\"index, follow, max-snippet:-1, max-image-preview:large, max-video-preview:-1\" \/>\n<link rel=\"canonical\" href=\"https:\/\/proyectum.com\/co\/product\/scrum-master-certificado-smc-bajo-demanda_taller_examen\/\" \/>\n<meta property=\"og:locale\" content=\"es_ES\" \/>\n<meta property=\"og:type\" content=\"article\" \/>\n<meta property=\"og:title\" content=\"Scrum Master Certificado SMC\u2122 Taller + Certificaci\u00f3n - Proyectum Colombia\" \/>\n<meta property=\"og:description\" content=\"Certificado en Scrum M\u00e1ster \u201cScrum Master Certified (SMC\u2122)\u201d son facilitadores profesionales que aseguran que el Equipo Scrum tiene un entorno que contribuye a que se termine el proyecto exitosamente. El Scrum Master gu\u00eda, facilita y ense\u00f1a buenas pr\u00e1cticas Scrum a todos los involucrados en el proyecto, elimina barreras para el equipo, asegura que se siguen los procesos de Scrum. Los candidatos exitosos recibir\u00e1n la certificaci\u00f3n Scrum Master Certified (SMC\u2122) otorgada por SCRUMstudy luego de pasar el examen.\" \/>\n<meta property=\"og:url\" content=\"https:\/\/proyectum.com\/co\/product\/scrum-master-certificado-smc-bajo-demanda_taller_examen\/\" \/>\n<meta property=\"og:site_name\" content=\"Proyectum Colombia\" \/>\n<meta property=\"article:publisher\" content=\"https:\/\/www.facebook.com\/proyectumcr\/\" \/>\n<meta property=\"article:modified_time\" content=\"2022-11-02T21:24:05+00:00\" \/>\n<meta name=\"twitter:card\" content=\"summary_large_image\" \/>\n<meta name=\"twitter:label1\" content=\"Tiempo de lectura\" \/>\n\t<meta name=\"twitter:data1\" content=\"2 minutos\" \/>\n<script type=\"application\/ld+json\" class=\"yoast-schema-graph\">{\"@context\":\"https:\/\/schema.org\",\"@graph\":[{\"@type\":\"WebPage\",\"@id\":\"https:\/\/proyectum.com\/co\/product\/scrum-master-certificado-smc-bajo-demanda_taller_examen\/\",\"url\":\"https:\/\/proyectum.com\/co\/product\/scrum-master-certificado-smc-bajo-demanda_taller_examen\/\",\"name\":\"Scrum Master Certificado SMC\u2122 Taller + Certificaci\u00f3n - Proyectum Colombia\",\"isPartOf\":{\"@id\":\"https:\/\/proyectum.com\/co\/#website\"},\"datePublished\":\"2022-09-19T16:08:38+00:00\",\"dateModified\":\"2022-11-02T21:24:05+00:00\",\"description\":\"Certificado en Scrum M\u00e1ster \u201cScrum Master Certified (SMC\u2122)\u201d son facilitadores profesionales que aseguran que el Equipo Scrum tiene un entorno que contribuye a que se termine el proyecto exitosamente. El Scrum Master gu\u00eda, facilita y ense\u00f1a buenas pr\u00e1cticas Scrum a todos los involucrados en el proyecto, elimina barreras para el equipo, asegura que se siguen los procesos de Scrum. Los candidatos exitosos recibir\u00e1n la certificaci\u00f3n Scrum Master Certified (SMC\u2122) otorgada por SCRUMstudy luego de pasar el examen.\",\"breadcrumb\":{\"@id\":\"https:\/\/proyectum.com\/co\/product\/scrum-master-certificado-smc-bajo-demanda_taller_examen\/#breadcrumb\"},\"inLanguage\":\"es\",\"potentialAction\":[{\"@type\":\"ReadAction\",\"target\":[\"https:\/\/proyectum.com\/co\/product\/scrum-master-certificado-smc-bajo-demanda_taller_examen\/\"]}]},{\"@type\":\"BreadcrumbList\",\"@id\":\"https:\/\/proyectum.com\/co\/product\/scrum-master-certificado-smc-bajo-demanda_taller_examen\/#breadcrumb\",\"itemListElement\":[{\"@type\":\"ListItem\",\"position\":1,\"name\":\"Home\",\"item\":\"https:\/\/proyectum.com\/co\/\"},{\"@type\":\"ListItem\",\"position\":2,\"name\":\"Tienda\",\"item\":\"https:\/\/proyectum.com\/co\/tienda\/\"},{\"@type\":\"ListItem\",\"position\":3,\"name\":\"Scrum Master Certificado SMC\u2122 Taller + Certificaci\u00f3n\"}]},{\"@type\":\"WebSite\",\"@id\":\"https:\/\/proyectum.com\/co\/#website\",\"url\":\"https:\/\/proyectum.com\/co\/\",\"name\":\"Proyectum Costa Rica\",\"description\":\"Centro Autorizado de Capacitaci\u00f3n del Project Management Institute - ATP del PMI\",\"publisher\":{\"@id\":\"https:\/\/proyectum.com\/co\/#organization\"},\"potentialAction\":[{\"@type\":\"SearchAction\",\"target\":{\"@type\":\"EntryPoint\",\"urlTemplate\":\"https:\/\/proyectum.com\/co\/?s={search_term_string}\"},\"query-input\":{\"@type\":\"PropertyValueSpecification\",\"valueRequired\":true,\"valueName\":\"search_term_string\"}}],\"inLanguage\":\"es\"},{\"@type\":\"Organization\",\"@id\":\"https:\/\/proyectum.com\/co\/#organization\",\"name\":\"Proyectum Costa Rica\",\"url\":\"https:\/\/proyectum.com\/co\/\",\"logo\":{\"@type\":\"ImageObject\",\"inLanguage\":\"es\",\"@id\":\"https:\/\/proyectum.com\/co\/#\/schema\/logo\/image\/\",\"url\":\"https:\/\/i0.wp.com\/proyectum.com\/co\/wp-content\/uploads\/proyectum-logo-snippet.png?fit=600%2C315&ssl=1\",\"contentUrl\":\"https:\/\/i0.wp.com\/proyectum.com\/co\/wp-content\/uploads\/proyectum-logo-snippet.png?fit=600%2C315&ssl=1\",\"width\":600,\"height\":315,\"caption\":\"Proyectum Costa Rica\"},\"image\":{\"@id\":\"https:\/\/proyectum.com\/co\/#\/schema\/logo\/image\/\"},\"sameAs\":[\"https:\/\/www.facebook.com\/proyectumcr\/\",\"https:\/\/www.instagram.com\/proyectumcostarica\/\",\"https:\/\/www.linkedin.com\/company\/proyectum-costarica\/\",\"https:\/\/www.youtube.com\/channel\/UCljouWimyhK_cNcC2jniUgw\"]}]}<\/script>\n<!-- \/ Yoast SEO plugin. -->","yoast_head_json":{"title":"Scrum Master Certificado SMC\u2122 Taller + Certificaci\u00f3n - Proyectum Colombia","description":"Certificado en Scrum M\u00e1ster \u201cScrum Master Certified (SMC\u2122)\u201d son facilitadores profesionales que aseguran que el Equipo Scrum tiene un entorno que contribuye a que se termine el proyecto exitosamente. El Scrum Master gu\u00eda, facilita y ense\u00f1a buenas pr\u00e1cticas Scrum a todos los involucrados en el proyecto, elimina barreras para el equipo, asegura que se siguen los procesos de Scrum. Los candidatos exitosos recibir\u00e1n la certificaci\u00f3n Scrum Master Certified (SMC\u2122) otorgada por SCRUMstudy luego de pasar el examen.","robots":{"index":"index","follow":"follow","max-snippet":"max-snippet:-1","max-image-preview":"max-image-preview:large","max-video-preview":"max-video-preview:-1"},"canonical":"https:\/\/proyectum.com\/co\/product\/scrum-master-certificado-smc-bajo-demanda_taller_examen\/","og_locale":"es_ES","og_type":"article","og_title":"Scrum Master Certificado SMC\u2122 Taller + Certificaci\u00f3n - Proyectum Colombia","og_description":"Certificado en Scrum M\u00e1ster \u201cScrum Master Certified (SMC\u2122)\u201d son facilitadores profesionales que aseguran que el Equipo Scrum tiene un entorno que contribuye a que se termine el proyecto exitosamente. El Scrum Master gu\u00eda, facilita y ense\u00f1a buenas pr\u00e1cticas Scrum a todos los involucrados en el proyecto, elimina barreras para el equipo, asegura que se siguen los procesos de Scrum. Los candidatos exitosos recibir\u00e1n la certificaci\u00f3n Scrum Master Certified (SMC\u2122) otorgada por SCRUMstudy luego de pasar el examen.","og_url":"https:\/\/proyectum.com\/co\/product\/scrum-master-certificado-smc-bajo-demanda_taller_examen\/","og_site_name":"Proyectum Colombia","article_publisher":"https:\/\/www.facebook.com\/proyectumcr\/","article_modified_time":"2022-11-02T21:24:05+00:00","twitter_card":"summary_large_image","twitter_misc":{"Tiempo de lectura":"2 minutos"},"schema":{"@context":"https:\/\/schema.org","@graph":[{"@type":"WebPage","@id":"https:\/\/proyectum.com\/co\/product\/scrum-master-certificado-smc-bajo-demanda_taller_examen\/","url":"https:\/\/proyectum.com\/co\/product\/scrum-master-certificado-smc-bajo-demanda_taller_examen\/","name":"Scrum Master Certificado SMC\u2122 Taller + Certificaci\u00f3n - Proyectum Colombia","isPartOf":{"@id":"https:\/\/proyectum.com\/co\/#website"},"datePublished":"2022-09-19T16:08:38+00:00","dateModified":"2022-11-02T21:24:05+00:00","description":"Certificado en Scrum M\u00e1ster \u201cScrum Master Certified (SMC\u2122)\u201d son facilitadores profesionales que aseguran que el Equipo Scrum tiene un entorno que contribuye a que se termine el proyecto exitosamente. El Scrum Master gu\u00eda, facilita y ense\u00f1a buenas pr\u00e1cticas Scrum a todos los involucrados en el proyecto, elimina barreras para el equipo, asegura que se siguen los procesos de Scrum. Los candidatos exitosos recibir\u00e1n la certificaci\u00f3n Scrum Master Certified (SMC\u2122) otorgada por SCRUMstudy luego de pasar el examen.","breadcrumb":{"@id":"https:\/\/proyectum.com\/co\/product\/scrum-master-certificado-smc-bajo-demanda_taller_examen\/#breadcrumb"},"inLanguage":"es","potentialAction":[{"@type":"ReadAction","target":["https:\/\/proyectum.com\/co\/product\/scrum-master-certificado-smc-bajo-demanda_taller_examen\/"]}]},{"@type":"BreadcrumbList","@id":"https:\/\/proyectum.com\/co\/product\/scrum-master-certificado-smc-bajo-demanda_taller_examen\/#breadcrumb","itemListElement":[{"@type":"ListItem","position":1,"name":"Home","item":"https:\/\/proyectum.com\/co\/"},{"@type":"ListItem","position":2,"name":"Tienda","item":"https:\/\/proyectum.com\/co\/tienda\/"},{"@type":"ListItem","position":3,"name":"Scrum Master Certificado SMC\u2122 Taller + Certificaci\u00f3n"}]},{"@type":"WebSite","@id":"https:\/\/proyectum.com\/co\/#website","url":"https:\/\/proyectum.com\/co\/","name":"Proyectum Costa Rica","description":"Centro Autorizado de Capacitaci\u00f3n del Project Management Institute - ATP del PMI","publisher":{"@id":"https:\/\/proyectum.com\/co\/#organization"},"potentialAction":[{"@type":"SearchAction","target":{"@type":"EntryPoint","urlTemplate":"https:\/\/proyectum.com\/co\/?s={search_term_string}"},"query-input":{"@type":"PropertyValueSpecification","valueRequired":true,"valueName":"search_term_string"}}],"inLanguage":"es"},{"@type":"Organization","@id":"https:\/\/proyectum.com\/co\/#organization","name":"Proyectum Costa Rica","url":"https:\/\/proyectum.com\/co\/","logo":{"@type":"ImageObject","inLanguage":"es","@id":"https:\/\/proyectum.com\/co\/#\/schema\/logo\/image\/","url":"https:\/\/i0.wp.com\/proyectum.com\/co\/wp-content\/uploads\/proyectum-logo-snippet.png?fit=600%2C315&ssl=1","contentUrl":"https:\/\/i0.wp.com\/proyectum.com\/co\/wp-content\/uploads\/proyectum-logo-snippet.png?fit=600%2C315&ssl=1","width":600,"height":315,"caption":"Proyectum Costa Rica"},"image":{"@id":"https:\/\/proyectum.com\/co\/#\/schema\/logo\/image\/"},"sameAs":["https:\/\/www.facebook.com\/proyectumcr\/","https:\/\/www.instagram.com\/proyectumcostarica\/","https:\/\/www.linkedin.com\/company\/proyectum-costarica\/","https:\/\/www.youtube.com\/channel\/UCljouWimyhK_cNcC2jniUgw"]}]}},"jetpack_sharing_enabled":true,"_links":{"self":[{"href":"https:\/\/proyectum.com\/co\/wp-json\/wp\/v2\/product\/11407"}],"collection":[{"href":"https:\/\/proyectum.com\/co\/wp-json\/wp\/v2\/product"}],"about":[{"href":"https:\/\/proyectum.com\/co\/wp-json\/wp\/v2\/types\/product"}],"wp:attachment":[{"href":"https:\/\/proyectum.com\/co\/wp-json\/wp\/v2\/media?parent=11407"}],"wp:term":[{"taxonomy":"product_cat","embeddable":true,"href":"https:\/\/proyectum.com\/co\/wp-json\/wp\/v2\/product_cat?post=11407"},{"taxonomy":"product_tag","embeddable":true,"href":"https:\/\/proyectum.com\/co\/wp-json\/wp\/v2\/product_tag?post=11407"}],"curies":[{"name":"wp","href":"https:\/\/api.w.org\/{rel}","templated":true}]}}