{"id":11459,"date":"2022-09-22T11:28:05","date_gmt":"2022-09-22T16:28:05","guid":{"rendered":"https:\/\/proyectum.com\/co\/?post_type=product&#038;p=11459"},"modified":"2022-09-22T11:33:20","modified_gmt":"2022-09-22T16:33:20","slug":"scrum_fundamentals_taller","status":"publish","type":"product","link":"https:\/\/proyectum.com\/co\/product\/scrum_fundamentals_taller\/","title":{"rendered":"Taller online en vivo Scrum Fundamentals- Certificaci\u00f3n internacional"},"content":{"rendered":"<p><strong>TALLER SCRUM FUNDAMENTALS ONLINE EN VIVO<\/strong><\/p>\n<ul>\n<li>6 horas de capacitaci\u00f3n con instructor certificado y con amplia experiencia en gesti\u00f3n de Proyectos.<\/li>\n<li>Plataforma con videos<\/li>\n<li>Examen certificaci\u00f3n Scrum Fundamentals, gratuito.<\/li>\n<\/ul>\n<p>&nbsp;<\/p>\n","protected":false},"excerpt":{"rendered":"<p>TALLER SCRUM FUNDAMENTALS ONLINE EN VIVO 6 horas de capacitaci\u00f3n con instructor certificado y con amplia experiencia en gesti\u00f3n de Proyectos. Plataforma con videos Examen certificaci\u00f3n Scrum Fundamentals, gratuito. &nbsp;<\/p>\n","protected":false},"featured_media":0,"template":"","meta":{"_acf_changed":false},"product_cat":[79],"product_tag":[],"acf":[],"yoast_head":"<!-- This site is optimized with the Yoast SEO plugin v24.5 - https:\/\/yoast.com\/wordpress\/plugins\/seo\/ -->\n<title>Taller online en vivo Scrum Fundamentals- Certificaci\u00f3n internacional - Proyectum Colombia<\/title>\n<meta name=\"description\" content=\"Certificado en Scrum M\u00e1ster \u201cScrum Master Certified (SMC\u2122)\u201d son facilitadores profesionales que aseguran que el Equipo Scrum tiene un entorno que contribuye a que se termine el proyecto exitosamente. El Scrum Master gu\u00eda, facilita y ense\u00f1a buenas pr\u00e1cticas Scrum a todos los involucrados en el proyecto, elimina barreras para el equipo, asegura que se siguen los procesos de Scrum. Los candidatos exitosos recibir\u00e1n la certificaci\u00f3n Scrum Master Certified (SMC\u2122) otorgada por SCRUMstudy luego de pasar el examen.\" \/>\n<meta name=\"robots\" content=\"index, follow, max-snippet:-1, max-image-preview:large, max-video-preview:-1\" \/>\n<link rel=\"canonical\" href=\"https:\/\/proyectum.com\/co\/product\/scrum_fundamentals_taller\/\" \/>\n<meta property=\"og:locale\" content=\"es_ES\" \/>\n<meta property=\"og:type\" content=\"article\" \/>\n<meta property=\"og:title\" content=\"Taller online en vivo Scrum Fundamentals- Certificaci\u00f3n internacional - Proyectum Colombia\" \/>\n<meta property=\"og:description\" content=\"Certificado en Scrum M\u00e1ster \u201cScrum Master Certified (SMC\u2122)\u201d son facilitadores profesionales que aseguran que el Equipo Scrum tiene un entorno que contribuye a que se termine el proyecto exitosamente. El Scrum Master gu\u00eda, facilita y ense\u00f1a buenas pr\u00e1cticas Scrum a todos los involucrados en el proyecto, elimina barreras para el equipo, asegura que se siguen los procesos de Scrum. Los candidatos exitosos recibir\u00e1n la certificaci\u00f3n Scrum Master Certified (SMC\u2122) otorgada por SCRUMstudy luego de pasar el examen.\" \/>\n<meta property=\"og:url\" content=\"https:\/\/proyectum.com\/co\/product\/scrum_fundamentals_taller\/\" \/>\n<meta property=\"og:site_name\" content=\"Proyectum Colombia\" \/>\n<meta property=\"article:publisher\" content=\"https:\/\/www.facebook.com\/proyectumcr\/\" \/>\n<meta property=\"article:modified_time\" content=\"2022-09-22T16:33:20+00:00\" \/>\n<meta name=\"twitter:card\" content=\"summary_large_image\" \/>\n<meta name=\"twitter:label1\" content=\"Tiempo de lectura\" \/>\n\t<meta name=\"twitter:data1\" content=\"1 minuto\" \/>\n<script type=\"application\/ld+json\" class=\"yoast-schema-graph\">{\"@context\":\"https:\/\/schema.org\",\"@graph\":[{\"@type\":\"WebPage\",\"@id\":\"https:\/\/proyectum.com\/co\/product\/scrum_fundamentals_taller\/\",\"url\":\"https:\/\/proyectum.com\/co\/product\/scrum_fundamentals_taller\/\",\"name\":\"Taller online en vivo Scrum Fundamentals- Certificaci\u00f3n internacional - Proyectum Colombia\",\"isPartOf\":{\"@id\":\"https:\/\/proyectum.com\/co\/#website\"},\"datePublished\":\"2022-09-22T16:28:05+00:00\",\"dateModified\":\"2022-09-22T16:33:20+00:00\",\"description\":\"Certificado en Scrum M\u00e1ster \u201cScrum Master Certified (SMC\u2122)\u201d son facilitadores profesionales que aseguran que el Equipo Scrum tiene un entorno que contribuye a que se termine el proyecto exitosamente. El Scrum Master gu\u00eda, facilita y ense\u00f1a buenas pr\u00e1cticas Scrum a todos los involucrados en el proyecto, elimina barreras para el equipo, asegura que se siguen los procesos de Scrum. Los candidatos exitosos recibir\u00e1n la certificaci\u00f3n Scrum Master Certified (SMC\u2122) otorgada por SCRUMstudy luego de pasar el examen.\",\"breadcrumb\":{\"@id\":\"https:\/\/proyectum.com\/co\/product\/scrum_fundamentals_taller\/#breadcrumb\"},\"inLanguage\":\"es\",\"potentialAction\":[{\"@type\":\"ReadAction\",\"target\":[\"https:\/\/proyectum.com\/co\/product\/scrum_fundamentals_taller\/\"]}]},{\"@type\":\"BreadcrumbList\",\"@id\":\"https:\/\/proyectum.com\/co\/product\/scrum_fundamentals_taller\/#breadcrumb\",\"itemListElement\":[{\"@type\":\"ListItem\",\"position\":1,\"name\":\"Home\",\"item\":\"https:\/\/proyectum.com\/co\/\"},{\"@type\":\"ListItem\",\"position\":2,\"name\":\"Tienda\",\"item\":\"https:\/\/proyectum.com\/co\/tienda\/\"},{\"@type\":\"ListItem\",\"position\":3,\"name\":\"Taller online en vivo Scrum Fundamentals- Certificaci\u00f3n internacional\"}]},{\"@type\":\"WebSite\",\"@id\":\"https:\/\/proyectum.com\/co\/#website\",\"url\":\"https:\/\/proyectum.com\/co\/\",\"name\":\"Proyectum Costa Rica\",\"description\":\"Centro Autorizado de Capacitaci\u00f3n del Project Management Institute - ATP del PMI\",\"publisher\":{\"@id\":\"https:\/\/proyectum.com\/co\/#organization\"},\"potentialAction\":[{\"@type\":\"SearchAction\",\"target\":{\"@type\":\"EntryPoint\",\"urlTemplate\":\"https:\/\/proyectum.com\/co\/?s={search_term_string}\"},\"query-input\":{\"@type\":\"PropertyValueSpecification\",\"valueRequired\":true,\"valueName\":\"search_term_string\"}}],\"inLanguage\":\"es\"},{\"@type\":\"Organization\",\"@id\":\"https:\/\/proyectum.com\/co\/#organization\",\"name\":\"Proyectum Costa Rica\",\"url\":\"https:\/\/proyectum.com\/co\/\",\"logo\":{\"@type\":\"ImageObject\",\"inLanguage\":\"es\",\"@id\":\"https:\/\/proyectum.com\/co\/#\/schema\/logo\/image\/\",\"url\":\"https:\/\/i0.wp.com\/proyectum.com\/co\/wp-content\/uploads\/proyectum-logo-snippet.png?fit=600%2C315&ssl=1\",\"contentUrl\":\"https:\/\/i0.wp.com\/proyectum.com\/co\/wp-content\/uploads\/proyectum-logo-snippet.png?fit=600%2C315&ssl=1\",\"width\":600,\"height\":315,\"caption\":\"Proyectum Costa Rica\"},\"image\":{\"@id\":\"https:\/\/proyectum.com\/co\/#\/schema\/logo\/image\/\"},\"sameAs\":[\"https:\/\/www.facebook.com\/proyectumcr\/\",\"https:\/\/www.instagram.com\/proyectumcostarica\/\",\"https:\/\/www.linkedin.com\/company\/proyectum-costarica\/\",\"https:\/\/www.youtube.com\/channel\/UCljouWimyhK_cNcC2jniUgw\"]}]}<\/script>\n<!-- \/ Yoast SEO plugin. -->","yoast_head_json":{"title":"Taller online en vivo Scrum Fundamentals- Certificaci\u00f3n internacional - Proyectum Colombia","description":"Certificado en Scrum M\u00e1ster \u201cScrum Master Certified (SMC\u2122)\u201d son facilitadores profesionales que aseguran que el Equipo Scrum tiene un entorno que contribuye a que se termine el proyecto exitosamente. El Scrum Master gu\u00eda, facilita y ense\u00f1a buenas pr\u00e1cticas Scrum a todos los involucrados en el proyecto, elimina barreras para el equipo, asegura que se siguen los procesos de Scrum. Los candidatos exitosos recibir\u00e1n la certificaci\u00f3n Scrum Master Certified (SMC\u2122) otorgada por SCRUMstudy luego de pasar el examen.","robots":{"index":"index","follow":"follow","max-snippet":"max-snippet:-1","max-image-preview":"max-image-preview:large","max-video-preview":"max-video-preview:-1"},"canonical":"https:\/\/proyectum.com\/co\/product\/scrum_fundamentals_taller\/","og_locale":"es_ES","og_type":"article","og_title":"Taller online en vivo Scrum Fundamentals- Certificaci\u00f3n internacional - Proyectum Colombia","og_description":"Certificado en Scrum M\u00e1ster \u201cScrum Master Certified (SMC\u2122)\u201d son facilitadores profesionales que aseguran que el Equipo Scrum tiene un entorno que contribuye a que se termine el proyecto exitosamente. El Scrum Master gu\u00eda, facilita y ense\u00f1a buenas pr\u00e1cticas Scrum a todos los involucrados en el proyecto, elimina barreras para el equipo, asegura que se siguen los procesos de Scrum. Los candidatos exitosos recibir\u00e1n la certificaci\u00f3n Scrum Master Certified (SMC\u2122) otorgada por SCRUMstudy luego de pasar el examen.","og_url":"https:\/\/proyectum.com\/co\/product\/scrum_fundamentals_taller\/","og_site_name":"Proyectum Colombia","article_publisher":"https:\/\/www.facebook.com\/proyectumcr\/","article_modified_time":"2022-09-22T16:33:20+00:00","twitter_card":"summary_large_image","twitter_misc":{"Tiempo de lectura":"1 minuto"},"schema":{"@context":"https:\/\/schema.org","@graph":[{"@type":"WebPage","@id":"https:\/\/proyectum.com\/co\/product\/scrum_fundamentals_taller\/","url":"https:\/\/proyectum.com\/co\/product\/scrum_fundamentals_taller\/","name":"Taller online en vivo Scrum Fundamentals- Certificaci\u00f3n internacional - Proyectum Colombia","isPartOf":{"@id":"https:\/\/proyectum.com\/co\/#website"},"datePublished":"2022-09-22T16:28:05+00:00","dateModified":"2022-09-22T16:33:20+00:00","description":"Certificado en Scrum M\u00e1ster \u201cScrum Master Certified (SMC\u2122)\u201d son facilitadores profesionales que aseguran que el Equipo Scrum tiene un entorno que contribuye a que se termine el proyecto exitosamente. El Scrum Master gu\u00eda, facilita y ense\u00f1a buenas pr\u00e1cticas Scrum a todos los involucrados en el proyecto, elimina barreras para el equipo, asegura que se siguen los procesos de Scrum. Los candidatos exitosos recibir\u00e1n la certificaci\u00f3n Scrum Master Certified (SMC\u2122) otorgada por SCRUMstudy luego de pasar el examen.","breadcrumb":{"@id":"https:\/\/proyectum.com\/co\/product\/scrum_fundamentals_taller\/#breadcrumb"},"inLanguage":"es","potentialAction":[{"@type":"ReadAction","target":["https:\/\/proyectum.com\/co\/product\/scrum_fundamentals_taller\/"]}]},{"@type":"BreadcrumbList","@id":"https:\/\/proyectum.com\/co\/product\/scrum_fundamentals_taller\/#breadcrumb","itemListElement":[{"@type":"ListItem","position":1,"name":"Home","item":"https:\/\/proyectum.com\/co\/"},{"@type":"ListItem","position":2,"name":"Tienda","item":"https:\/\/proyectum.com\/co\/tienda\/"},{"@type":"ListItem","position":3,"name":"Taller online en vivo Scrum Fundamentals- Certificaci\u00f3n internacional"}]},{"@type":"WebSite","@id":"https:\/\/proyectum.com\/co\/#website","url":"https:\/\/proyectum.com\/co\/","name":"Proyectum Costa Rica","description":"Centro Autorizado de Capacitaci\u00f3n del Project Management Institute - ATP del PMI","publisher":{"@id":"https:\/\/proyectum.com\/co\/#organization"},"potentialAction":[{"@type":"SearchAction","target":{"@type":"EntryPoint","urlTemplate":"https:\/\/proyectum.com\/co\/?s={search_term_string}"},"query-input":{"@type":"PropertyValueSpecification","valueRequired":true,"valueName":"search_term_string"}}],"inLanguage":"es"},{"@type":"Organization","@id":"https:\/\/proyectum.com\/co\/#organization","name":"Proyectum Costa Rica","url":"https:\/\/proyectum.com\/co\/","logo":{"@type":"ImageObject","inLanguage":"es","@id":"https:\/\/proyectum.com\/co\/#\/schema\/logo\/image\/","url":"https:\/\/i0.wp.com\/proyectum.com\/co\/wp-content\/uploads\/proyectum-logo-snippet.png?fit=600%2C315&ssl=1","contentUrl":"https:\/\/i0.wp.com\/proyectum.com\/co\/wp-content\/uploads\/proyectum-logo-snippet.png?fit=600%2C315&ssl=1","width":600,"height":315,"caption":"Proyectum Costa Rica"},"image":{"@id":"https:\/\/proyectum.com\/co\/#\/schema\/logo\/image\/"},"sameAs":["https:\/\/www.facebook.com\/proyectumcr\/","https:\/\/www.instagram.com\/proyectumcostarica\/","https:\/\/www.linkedin.com\/company\/proyectum-costarica\/","https:\/\/www.youtube.com\/channel\/UCljouWimyhK_cNcC2jniUgw"]}]}},"jetpack_sharing_enabled":true,"_links":{"self":[{"href":"https:\/\/proyectum.com\/co\/wp-json\/wp\/v2\/product\/11459"}],"collection":[{"href":"https:\/\/proyectum.com\/co\/wp-json\/wp\/v2\/product"}],"about":[{"href":"https:\/\/proyectum.com\/co\/wp-json\/wp\/v2\/types\/product"}],"wp:attachment":[{"href":"https:\/\/proyectum.com\/co\/wp-json\/wp\/v2\/media?parent=11459"}],"wp:term":[{"taxonomy":"product_cat","embeddable":true,"href":"https:\/\/proyectum.com\/co\/wp-json\/wp\/v2\/product_cat?post=11459"},{"taxonomy":"product_tag","embeddable":true,"href":"https:\/\/proyectum.com\/co\/wp-json\/wp\/v2\/product_tag?post=11459"}],"curies":[{"name":"wp","href":"https:\/\/api.w.org\/{rel}","templated":true}]}}