{"id":11488,"date":"2022-09-27T16:44:53","date_gmt":"2022-09-27T21:44:53","guid":{"rendered":"https:\/\/proyectum.com\/co\/?post_type=product&#038;p=11488"},"modified":"2022-11-02T16:48:24","modified_gmt":"2022-11-02T21:48:24","slug":"proyectos_hibridos","status":"publish","type":"product","link":"https:\/\/proyectum.com\/co\/product\/proyectos_hibridos\/","title":{"rendered":"Taller de Direcci\u00f3n de Proyectos H\u00edbridos"},"content":{"rendered":"<p><span style=\"color: #000000;\">En los \u00faltimos a\u00f1os has sido testigo de c\u00f3mo las organizaciones evolucionaron r\u00e1pidamente. Tambi\u00e9n, la cantidad de proyectos aument\u00f3 exponencialmente. A pesar de esto, pareciera que la Direcci\u00f3n de Proyectos de alguna manera qued\u00f3 atrapada en el pasado, y junto con ella, muchos directores de proyectos.\u00a0<\/span><\/p>\n<p><span style=\"color: #000000;\">Es verdad, tambi\u00e9n en los \u00faltimos a\u00f1os, el enfoque \u00e1gil se ha vuelto popular. Pero\u2026 \u00bfRealmente lo has podido implementar en tus proyectos? Tal vez s\u00ed, pero lo que seguramente te ha tocado ver con mayor frecuencia son proyectos donde se combinan los enfoques tradicionales y los \u00e1giles.\u00a0<\/span><\/p>\n<p><span style=\"color: #000000;\">Este enfoque h\u00edbrido es el que m\u00e1s vemos en la pr\u00e1ctica y es que en un mundo impulsado por el cambio, las empresas no pueden aplicar un solo enfoque a todos sus proyectos, debemos ocupar lo mejor de cada uno.<\/span><\/p>\n<p><span style=\"color: #000000;\">Presentar de manera formal el enfoque h\u00edbrido para que puedas utilizarlo en los proyectos de tu organizaci\u00f3n. Comprender\u00e1s la importancia de determinar el contexto en el que se ejecuta tu proyecto para elegir el enfoque de direcci\u00f3n de proyectos adecuado para conseguir el valor esperado.\u00a0<\/span><\/p>\n<ul>\n<li style=\"list-style-type: none;\">\n<ul>\n<li style=\"list-style-type: none;\">\n<ul>\n<li><span style=\"color: #000000;\"><strong>Duraci\u00f3n:\u00a0<\/strong>24 horas de capacitaci\u00f3n efectiva<\/span><\/li>\n<li><span style=\"color: #000000;\"><strong>Sesiones:\u00a0<\/strong>8 sesiones totales de 3 horas cada sesi\u00f3n<\/span><\/li>\n<li><span style=\"color: #000000;\"><strong>Modalidad:<\/strong>\u00a0Online con instructor en vivo<\/span><\/li>\n<li><span style=\"color: #000000;\"><strong>Requisitos:\u00a0<\/strong>No requiere requisitos previos<\/span><\/li>\n<li><span style=\"color: #000000;\"><strong>Acreditaci\u00f3n:\u00a0<\/strong>24 PDUs<\/span><\/li>\n<\/ul>\n<\/li>\n<\/ul>\n<\/li>\n<\/ul>\n<p><span style=\"color: #000000;\"><b>Acerca de Proyectum<\/b><\/span><\/p>\n<p><span style=\"color: #000000;\">Somos una organizaci\u00f3n multinacional de consultor\u00eda, capacitaci\u00f3n y formaci\u00f3n continua con presencia en 7 pa\u00edses.<\/span><\/p>\n<p><span style=\"color: #000000;\">Apoyamos a nuestros clientes a implementar su estrategia,\u00a0mejorar sus resultados, procesos y pr\u00e1cticas de negocio, utilizando como base la direcci\u00f3n profesional de proyectos.<\/span><\/p>\n<p><span style=\"color: #000000;\">Creemos en la entrega de valor continuo al cliente, en el trabajo en equipo, la colaboraci\u00f3n, en la agilidad de negocios, en entender las necesidades de nuestro entorno y ponemos todos nuestro esfuerzos y conocimientos en la implementaci\u00f3n de soluciones pr\u00e1cticas para nuestros clientes.<\/span><\/p>\n<p><span style=\"color: #000000;\">Contamos con la denominaci\u00f3n <strong>Premier Authorized Training Partner\u00a0<\/strong>por parte del PMI\u00ae.<\/span><\/p>\n","protected":false},"excerpt":{"rendered":"<p>En los \u00faltimos a\u00f1os has sido testigo de c\u00f3mo las organizaciones evolucionaron r\u00e1pidamente. Tambi\u00e9n, la cantidad de proyectos aument\u00f3 exponencialmente. A pesar de esto, pareciera que la Direcci\u00f3n de Proyectos de alguna manera qued\u00f3 atrapada en el pasado, y junto con ella, muchos directores de proyectos.\u00a0 Es verdad, tambi\u00e9n en los \u00faltimos a\u00f1os, el enfoque [&hellip;]<\/p>\n","protected":false},"featured_media":11490,"template":"","meta":{"_acf_changed":false},"product_cat":[83],"product_tag":[],"acf":[],"yoast_head":"<!-- This site is optimized with the Yoast SEO plugin v24.5 - https:\/\/yoast.com\/wordpress\/plugins\/seo\/ -->\n<title>Taller de Direcci\u00f3n de Proyectos H\u00edbridos - Proyectum Colombia<\/title>\n<meta name=\"description\" content=\"Unete a nuestro taller de Lean Change Management.\" \/>\n<meta name=\"robots\" content=\"index, follow, max-snippet:-1, max-image-preview:large, max-video-preview:-1\" \/>\n<link rel=\"canonical\" href=\"https:\/\/proyectum.com\/co\/product\/proyectos_hibridos\/\" \/>\n<meta property=\"og:locale\" content=\"es_ES\" \/>\n<meta property=\"og:type\" content=\"article\" \/>\n<meta property=\"og:title\" content=\"Taller de Direcci\u00f3n de Proyectos H\u00edbridos - Proyectum Colombia\" \/>\n<meta property=\"og:description\" content=\"Unete a nuestro taller de Lean Change Management.\" \/>\n<meta property=\"og:url\" content=\"https:\/\/proyectum.com\/co\/product\/proyectos_hibridos\/\" \/>\n<meta property=\"og:site_name\" content=\"Proyectum Colombia\" \/>\n<meta property=\"article:publisher\" content=\"https:\/\/www.facebook.com\/proyectumcr\/\" \/>\n<meta property=\"article:modified_time\" content=\"2022-11-02T21:48:24+00:00\" \/>\n<meta property=\"og:image\" content=\"https:\/\/i0.wp.com\/proyectum.com\/co\/wp-content\/uploads\/2022\/09\/international-remote-working-vorteile.jpg?fit=870%2C489&ssl=1\" \/>\n\t<meta property=\"og:image:width\" content=\"870\" \/>\n\t<meta property=\"og:image:height\" content=\"489\" \/>\n\t<meta property=\"og:image:type\" content=\"image\/jpeg\" \/>\n<meta name=\"twitter:card\" content=\"summary_large_image\" \/>\n<meta name=\"twitter:label1\" content=\"Tiempo de lectura\" \/>\n\t<meta name=\"twitter:data1\" content=\"2 minutos\" \/>\n<script type=\"application\/ld+json\" class=\"yoast-schema-graph\">{\"@context\":\"https:\/\/schema.org\",\"@graph\":[{\"@type\":\"WebPage\",\"@id\":\"https:\/\/proyectum.com\/co\/product\/proyectos_hibridos\/\",\"url\":\"https:\/\/proyectum.com\/co\/product\/proyectos_hibridos\/\",\"name\":\"Taller de Direcci\u00f3n de Proyectos H\u00edbridos - Proyectum Colombia\",\"isPartOf\":{\"@id\":\"https:\/\/proyectum.com\/co\/#website\"},\"primaryImageOfPage\":{\"@id\":\"https:\/\/proyectum.com\/co\/product\/proyectos_hibridos\/#primaryimage\"},\"image\":{\"@id\":\"https:\/\/proyectum.com\/co\/product\/proyectos_hibridos\/#primaryimage\"},\"thumbnailUrl\":\"https:\/\/i0.wp.com\/proyectum.com\/co\/wp-content\/uploads\/2022\/09\/international-remote-working-vorteile.jpg?fit=870%2C489&ssl=1\",\"datePublished\":\"2022-09-27T21:44:53+00:00\",\"dateModified\":\"2022-11-02T21:48:24+00:00\",\"description\":\"Unete a nuestro taller de Lean Change Management.\",\"breadcrumb\":{\"@id\":\"https:\/\/proyectum.com\/co\/product\/proyectos_hibridos\/#breadcrumb\"},\"inLanguage\":\"es\",\"potentialAction\":[{\"@type\":\"ReadAction\",\"target\":[\"https:\/\/proyectum.com\/co\/product\/proyectos_hibridos\/\"]}]},{\"@type\":\"ImageObject\",\"inLanguage\":\"es\",\"@id\":\"https:\/\/proyectum.com\/co\/product\/proyectos_hibridos\/#primaryimage\",\"url\":\"https:\/\/i0.wp.com\/proyectum.com\/co\/wp-content\/uploads\/2022\/09\/international-remote-working-vorteile.jpg?fit=870%2C489&ssl=1\",\"contentUrl\":\"https:\/\/i0.wp.com\/proyectum.com\/co\/wp-content\/uploads\/2022\/09\/international-remote-working-vorteile.jpg?fit=870%2C489&ssl=1\",\"width\":870,\"height\":489},{\"@type\":\"BreadcrumbList\",\"@id\":\"https:\/\/proyectum.com\/co\/product\/proyectos_hibridos\/#breadcrumb\",\"itemListElement\":[{\"@type\":\"ListItem\",\"position\":1,\"name\":\"Home\",\"item\":\"https:\/\/proyectum.com\/co\/\"},{\"@type\":\"ListItem\",\"position\":2,\"name\":\"Tienda\",\"item\":\"https:\/\/proyectum.com\/co\/tienda\/\"},{\"@type\":\"ListItem\",\"position\":3,\"name\":\"Taller de Direcci\u00f3n de Proyectos H\u00edbridos\"}]},{\"@type\":\"WebSite\",\"@id\":\"https:\/\/proyectum.com\/co\/#website\",\"url\":\"https:\/\/proyectum.com\/co\/\",\"name\":\"Proyectum Costa Rica\",\"description\":\"Centro Autorizado de Capacitaci\u00f3n del Project Management Institute - ATP del PMI\",\"publisher\":{\"@id\":\"https:\/\/proyectum.com\/co\/#organization\"},\"potentialAction\":[{\"@type\":\"SearchAction\",\"target\":{\"@type\":\"EntryPoint\",\"urlTemplate\":\"https:\/\/proyectum.com\/co\/?s={search_term_string}\"},\"query-input\":{\"@type\":\"PropertyValueSpecification\",\"valueRequired\":true,\"valueName\":\"search_term_string\"}}],\"inLanguage\":\"es\"},{\"@type\":\"Organization\",\"@id\":\"https:\/\/proyectum.com\/co\/#organization\",\"name\":\"Proyectum Costa Rica\",\"url\":\"https:\/\/proyectum.com\/co\/\",\"logo\":{\"@type\":\"ImageObject\",\"inLanguage\":\"es\",\"@id\":\"https:\/\/proyectum.com\/co\/#\/schema\/logo\/image\/\",\"url\":\"https:\/\/i0.wp.com\/proyectum.com\/co\/wp-content\/uploads\/proyectum-logo-snippet.png?fit=600%2C315&ssl=1\",\"contentUrl\":\"https:\/\/i0.wp.com\/proyectum.com\/co\/wp-content\/uploads\/proyectum-logo-snippet.png?fit=600%2C315&ssl=1\",\"width\":600,\"height\":315,\"caption\":\"Proyectum Costa Rica\"},\"image\":{\"@id\":\"https:\/\/proyectum.com\/co\/#\/schema\/logo\/image\/\"},\"sameAs\":[\"https:\/\/www.facebook.com\/proyectumcr\/\",\"https:\/\/www.instagram.com\/proyectumcostarica\/\",\"https:\/\/www.linkedin.com\/company\/proyectum-costarica\/\",\"https:\/\/www.youtube.com\/channel\/UCljouWimyhK_cNcC2jniUgw\"]}]}<\/script>\n<!-- \/ Yoast SEO plugin. -->","yoast_head_json":{"title":"Taller de Direcci\u00f3n de Proyectos H\u00edbridos - Proyectum Colombia","description":"Unete a nuestro taller de Lean Change Management.","robots":{"index":"index","follow":"follow","max-snippet":"max-snippet:-1","max-image-preview":"max-image-preview:large","max-video-preview":"max-video-preview:-1"},"canonical":"https:\/\/proyectum.com\/co\/product\/proyectos_hibridos\/","og_locale":"es_ES","og_type":"article","og_title":"Taller de Direcci\u00f3n de Proyectos H\u00edbridos - Proyectum Colombia","og_description":"Unete a nuestro taller de Lean Change Management.","og_url":"https:\/\/proyectum.com\/co\/product\/proyectos_hibridos\/","og_site_name":"Proyectum Colombia","article_publisher":"https:\/\/www.facebook.com\/proyectumcr\/","article_modified_time":"2022-11-02T21:48:24+00:00","og_image":[{"width":870,"height":489,"url":"https:\/\/i0.wp.com\/proyectum.com\/co\/wp-content\/uploads\/2022\/09\/international-remote-working-vorteile.jpg?fit=870%2C489&ssl=1","type":"image\/jpeg"}],"twitter_card":"summary_large_image","twitter_misc":{"Tiempo de lectura":"2 minutos"},"schema":{"@context":"https:\/\/schema.org","@graph":[{"@type":"WebPage","@id":"https:\/\/proyectum.com\/co\/product\/proyectos_hibridos\/","url":"https:\/\/proyectum.com\/co\/product\/proyectos_hibridos\/","name":"Taller de Direcci\u00f3n de Proyectos H\u00edbridos - Proyectum Colombia","isPartOf":{"@id":"https:\/\/proyectum.com\/co\/#website"},"primaryImageOfPage":{"@id":"https:\/\/proyectum.com\/co\/product\/proyectos_hibridos\/#primaryimage"},"image":{"@id":"https:\/\/proyectum.com\/co\/product\/proyectos_hibridos\/#primaryimage"},"thumbnailUrl":"https:\/\/i0.wp.com\/proyectum.com\/co\/wp-content\/uploads\/2022\/09\/international-remote-working-vorteile.jpg?fit=870%2C489&ssl=1","datePublished":"2022-09-27T21:44:53+00:00","dateModified":"2022-11-02T21:48:24+00:00","description":"Unete a nuestro taller de Lean Change Management.","breadcrumb":{"@id":"https:\/\/proyectum.com\/co\/product\/proyectos_hibridos\/#breadcrumb"},"inLanguage":"es","potentialAction":[{"@type":"ReadAction","target":["https:\/\/proyectum.com\/co\/product\/proyectos_hibridos\/"]}]},{"@type":"ImageObject","inLanguage":"es","@id":"https:\/\/proyectum.com\/co\/product\/proyectos_hibridos\/#primaryimage","url":"https:\/\/i0.wp.com\/proyectum.com\/co\/wp-content\/uploads\/2022\/09\/international-remote-working-vorteile.jpg?fit=870%2C489&ssl=1","contentUrl":"https:\/\/i0.wp.com\/proyectum.com\/co\/wp-content\/uploads\/2022\/09\/international-remote-working-vorteile.jpg?fit=870%2C489&ssl=1","width":870,"height":489},{"@type":"BreadcrumbList","@id":"https:\/\/proyectum.com\/co\/product\/proyectos_hibridos\/#breadcrumb","itemListElement":[{"@type":"ListItem","position":1,"name":"Home","item":"https:\/\/proyectum.com\/co\/"},{"@type":"ListItem","position":2,"name":"Tienda","item":"https:\/\/proyectum.com\/co\/tienda\/"},{"@type":"ListItem","position":3,"name":"Taller de Direcci\u00f3n de Proyectos H\u00edbridos"}]},{"@type":"WebSite","@id":"https:\/\/proyectum.com\/co\/#website","url":"https:\/\/proyectum.com\/co\/","name":"Proyectum Costa Rica","description":"Centro Autorizado de Capacitaci\u00f3n del Project Management Institute - ATP del PMI","publisher":{"@id":"https:\/\/proyectum.com\/co\/#organization"},"potentialAction":[{"@type":"SearchAction","target":{"@type":"EntryPoint","urlTemplate":"https:\/\/proyectum.com\/co\/?s={search_term_string}"},"query-input":{"@type":"PropertyValueSpecification","valueRequired":true,"valueName":"search_term_string"}}],"inLanguage":"es"},{"@type":"Organization","@id":"https:\/\/proyectum.com\/co\/#organization","name":"Proyectum Costa Rica","url":"https:\/\/proyectum.com\/co\/","logo":{"@type":"ImageObject","inLanguage":"es","@id":"https:\/\/proyectum.com\/co\/#\/schema\/logo\/image\/","url":"https:\/\/i0.wp.com\/proyectum.com\/co\/wp-content\/uploads\/proyectum-logo-snippet.png?fit=600%2C315&ssl=1","contentUrl":"https:\/\/i0.wp.com\/proyectum.com\/co\/wp-content\/uploads\/proyectum-logo-snippet.png?fit=600%2C315&ssl=1","width":600,"height":315,"caption":"Proyectum Costa Rica"},"image":{"@id":"https:\/\/proyectum.com\/co\/#\/schema\/logo\/image\/"},"sameAs":["https:\/\/www.facebook.com\/proyectumcr\/","https:\/\/www.instagram.com\/proyectumcostarica\/","https:\/\/www.linkedin.com\/company\/proyectum-costarica\/","https:\/\/www.youtube.com\/channel\/UCljouWimyhK_cNcC2jniUgw"]}]}},"jetpack_sharing_enabled":true,"_links":{"self":[{"href":"https:\/\/proyectum.com\/co\/wp-json\/wp\/v2\/product\/11488"}],"collection":[{"href":"https:\/\/proyectum.com\/co\/wp-json\/wp\/v2\/product"}],"about":[{"href":"https:\/\/proyectum.com\/co\/wp-json\/wp\/v2\/types\/product"}],"wp:featuredmedia":[{"embeddable":true,"href":"https:\/\/proyectum.com\/co\/wp-json\/wp\/v2\/media\/11490"}],"wp:attachment":[{"href":"https:\/\/proyectum.com\/co\/wp-json\/wp\/v2\/media?parent=11488"}],"wp:term":[{"taxonomy":"product_cat","embeddable":true,"href":"https:\/\/proyectum.com\/co\/wp-json\/wp\/v2\/product_cat?post=11488"},{"taxonomy":"product_tag","embeddable":true,"href":"https:\/\/proyectum.com\/co\/wp-json\/wp\/v2\/product_tag?post=11488"}],"curies":[{"name":"wp","href":"https:\/\/api.w.org\/{rel}","templated":true}]}}