{"id":11512,"date":"2022-09-28T17:09:11","date_gmt":"2022-09-28T22:09:11","guid":{"rendered":"https:\/\/proyectum.com\/co\/?post_type=product&#038;p=11512"},"modified":"2022-09-28T17:09:11","modified_gmt":"2022-09-28T22:09:11","slug":"fep","status":"publish","type":"product","link":"https:\/\/proyectum.com\/co\/product\/fep\/","title":{"rendered":"Curso Formulaci\u00f3n y Evaluaci\u00f3n de Proyectos"},"content":{"rendered":"<div class=\"wpb-content-wrapper\"><div class=\"wpb_text_column wpb_content_element box-contenido\">\n<div class=\"vc_row wpb_row vc_inner row\">\n<div class=\"vc_column_container col-md-12\">\n<div class=\"wpb_wrapper vc_column-inner\">\n<p><span style=\"color: #000000;\">Este taller pretende fundamentar los conceptos de la formulaci\u00f3n y evaluaci\u00f3n de proyectos, para que los profesionales puedan gestionarlos a lo interno de sus organizaciones o como profesionales independientes.<\/span><\/p>\n<p><span style=\"color: #000000;\">Para comprender los conceptos involucrados, se debe conocer y aplicar los est\u00e1ndares internacionales del Sistema del Marco L\u00f3gico o Gesti\u00f3n por Resultados para aplicarlos a los proyectos, como la Matriz de involucrados, el \u00e1rbol de Problemas, el \u00e1rbol de Objetivos, la Matriz de Alternativas, la Matriz del Marco L\u00f3gico y los estudios correspondientes.<\/span><\/p>\n<p><span style=\"color: #000000;\">Este taller, permite conocer las bases para generar los m\u00e9todos y t\u00e9cnicas de la formulaci\u00f3n de proyectos, donde el tutor explicar\u00e1 de manera magistral por medio de videos y posteriormente se aplicar\u00e1n los conceptos con los ejercicios de pr\u00e1ctica.<\/span><\/p>\n<p><span style=\"color: #000000;\">Durante el taller, el estudiante desarrollar\u00e1 una formulaci\u00f3n y evaluaci\u00f3n de un proyecto de su inter\u00e9s con las herramientas m\u00e1s importantes.<\/span><\/p>\n<ul>\n<li><span style=\"color: #000000;\"><strong>Duraci\u00f3n:\u00a0<\/strong>20 horas de capacitaci\u00f3n efectiva<\/span><\/li>\n<li><span style=\"color: #000000;\"><strong>Sesiones:\u00a0<\/strong>5 sesiones totales de 4 horas cada sesi\u00f3n<\/span><\/li>\n<li><span style=\"color: #000000;\"><strong>Modalidad:<\/strong>\u00a0Online con instructor en vivo<\/span><\/li>\n<li><span style=\"color: #000000;\"><strong>Requisitos:\u00a0<\/strong>No requiere requisitos previos<\/span><\/li>\n<li><span style=\"color: #000000;\"><strong>Acreditaci\u00f3n:\u00a0<\/strong>20 PDUs<\/span><\/li>\n<\/ul>\n<p><span style=\"color: #000000;\"><b>Acerca de Proyectum<\/b><\/span><\/p>\n<p><span style=\"color: #000000;\">Somos una organizaci\u00f3n multinacional de consultor\u00eda, capacitaci\u00f3n y formaci\u00f3n continua con presencia en 7 pa\u00edses.<\/span><\/p>\n<p><span style=\"color: #000000;\">Apoyamos a nuestros clientes a implementar su estrategia,\u00a0mejorar sus resultados, procesos y pr\u00e1cticas de negocio, utilizando como base la direcci\u00f3n profesional de proyectos.<\/span><\/p>\n<p><span style=\"color: #000000;\">Creemos en la entrega de valor continuo al cliente, en el trabajo en equipo, la colaboraci\u00f3n, en la agilidad de negocios, en entender las necesidades de nuestro entorno y ponemos todos nuestro esfuerzos y conocimientos en la implementaci\u00f3n de soluciones pr\u00e1cticas para nuestros clientes.<\/span><\/p>\n<p><span style=\"color: #000000;\">Contamos con la denominaci\u00f3n\u00a0<strong>Premier Authorized Training Partner\u00a0<\/strong>por parte del PMI\u00ae.<\/span><\/p>\n<\/div>\n<\/div>\n<\/div>\n<div class=\"vc_row wpb_row vc_inner row\">\n<div class=\"vc_column_container col-md-12\">\n<div class=\"wpb_wrapper vc_column-inner\">\n<div class=\"wpb_text_column wpb_content_element \">\n<div class=\"wpb_wrapper\"><\/div>\n<\/div>\n<\/div>\n<\/div>\n<\/div>\n<\/div>\n<\/div>","protected":false},"excerpt":{"rendered":"<p>Este taller pretende fundamentar los conceptos de la formulaci\u00f3n y evaluaci\u00f3n de proyectos, para que los profesionales puedan gestionarlos a lo interno de sus organizaciones o como profesionales independientes. Para comprender los conceptos involucrados, se debe conocer y aplicar los est\u00e1ndares internacionales del Sistema del Marco L\u00f3gico o Gesti\u00f3n por Resultados para aplicarlos a los [&hellip;]<\/p>\n","protected":false},"featured_media":11513,"template":"","meta":{"_acf_changed":false},"product_cat":[83],"product_tag":[],"acf":[],"yoast_head":"<!-- This site is optimized with the Yoast SEO plugin v24.5 - https:\/\/yoast.com\/wordpress\/plugins\/seo\/ -->\n<title>Curso Formulaci\u00f3n y Evaluaci\u00f3n de Proyectos - Proyectum Colombia<\/title>\n<meta name=\"description\" content=\"Este taller pretende fundamentar los conceptos de la formulaci\u00f3n y evaluaci\u00f3n de proyectos, para que los profesionales puedan gestionarlos a lo interno de sus organizaciones o como profesionales independientes.Para comprender los conceptos involucrados, se debe conocer y aplicar los est\u00e1ndares internacionales del Sistema del Marco L\u00f3gico o Gesti\u00f3n por Resultados para aplicarlos a los proyectos, como la Matriz de involucrados, el \u00e1rbol de Problemas, el \u00e1rbol de Objetivos, la Matriz de Alternativas, la Matriz del Marco L\u00f3gico y los estudios correspondientes.Este taller, permite conocer las bases para generar los m\u00e9todos y t\u00e9cnicas de la formulaci\u00f3n de proyectos, donde el tutor explicar\u00e1 de manera magistral por medio de videos y posteriormente se aplicar\u00e1n los conceptos con los ejercicios de pr\u00e1ctica.Durante el taller, el estudiante desarrollar\u00e1 una formulaci\u00f3n y evaluaci\u00f3n de un proyecto de su inter\u00e9s con las herramientas m\u00e1s importantes.\" \/>\n<meta name=\"robots\" content=\"index, follow, max-snippet:-1, max-image-preview:large, max-video-preview:-1\" \/>\n<link rel=\"canonical\" href=\"https:\/\/proyectum.com\/co\/product\/fep\/\" \/>\n<meta property=\"og:locale\" content=\"es_ES\" \/>\n<meta property=\"og:type\" content=\"article\" \/>\n<meta property=\"og:title\" content=\"Curso Formulaci\u00f3n y Evaluaci\u00f3n de Proyectos - Proyectum Colombia\" \/>\n<meta property=\"og:description\" content=\"Este taller pretende fundamentar los conceptos de la formulaci\u00f3n y evaluaci\u00f3n de proyectos, para que los profesionales puedan gestionarlos a lo interno de sus organizaciones o como profesionales independientes.Para comprender los conceptos involucrados, se debe conocer y aplicar los est\u00e1ndares internacionales del Sistema del Marco L\u00f3gico o Gesti\u00f3n por Resultados para aplicarlos a los proyectos, como la Matriz de involucrados, el \u00e1rbol de Problemas, el \u00e1rbol de Objetivos, la Matriz de Alternativas, la Matriz del Marco L\u00f3gico y los estudios correspondientes.Este taller, permite conocer las bases para generar los m\u00e9todos y t\u00e9cnicas de la formulaci\u00f3n de proyectos, donde el tutor explicar\u00e1 de manera magistral por medio de videos y posteriormente se aplicar\u00e1n los conceptos con los ejercicios de pr\u00e1ctica.Durante el taller, el estudiante desarrollar\u00e1 una formulaci\u00f3n y evaluaci\u00f3n de un proyecto de su inter\u00e9s con las herramientas m\u00e1s importantes.\" \/>\n<meta property=\"og:url\" content=\"https:\/\/proyectum.com\/co\/product\/fep\/\" \/>\n<meta property=\"og:site_name\" content=\"Proyectum Colombia\" \/>\n<meta property=\"article:publisher\" content=\"https:\/\/www.facebook.com\/proyectumcr\/\" \/>\n<meta property=\"og:image\" content=\"https:\/\/i0.wp.com\/proyectum.com\/co\/wp-content\/uploads\/2022\/09\/FOTOS-PARA-UTLIZAR-2.png?fit=1080%2C1080&ssl=1\" \/>\n\t<meta property=\"og:image:width\" content=\"1080\" \/>\n\t<meta property=\"og:image:height\" content=\"1080\" \/>\n\t<meta property=\"og:image:type\" content=\"image\/png\" \/>\n<meta name=\"twitter:card\" content=\"summary_large_image\" \/>\n<meta name=\"twitter:label1\" content=\"Tiempo de lectura\" \/>\n\t<meta name=\"twitter:data1\" content=\"2 minutos\" \/>\n<script type=\"application\/ld+json\" class=\"yoast-schema-graph\">{\"@context\":\"https:\/\/schema.org\",\"@graph\":[{\"@type\":\"WebPage\",\"@id\":\"https:\/\/proyectum.com\/co\/product\/fep\/\",\"url\":\"https:\/\/proyectum.com\/co\/product\/fep\/\",\"name\":\"Curso Formulaci\u00f3n y Evaluaci\u00f3n de Proyectos - Proyectum Colombia\",\"isPartOf\":{\"@id\":\"https:\/\/proyectum.com\/co\/#website\"},\"primaryImageOfPage\":{\"@id\":\"https:\/\/proyectum.com\/co\/product\/fep\/#primaryimage\"},\"image\":{\"@id\":\"https:\/\/proyectum.com\/co\/product\/fep\/#primaryimage\"},\"thumbnailUrl\":\"https:\/\/i0.wp.com\/proyectum.com\/co\/wp-content\/uploads\/2022\/09\/FOTOS-PARA-UTLIZAR-2.png?fit=1080%2C1080&ssl=1\",\"datePublished\":\"2022-09-28T22:09:11+00:00\",\"description\":\"Este taller pretende fundamentar los conceptos de la formulaci\u00f3n y evaluaci\u00f3n de proyectos, para que los profesionales puedan gestionarlos a lo interno de sus organizaciones o como profesionales independientes.Para comprender los conceptos involucrados, se debe conocer y aplicar los est\u00e1ndares internacionales del Sistema del Marco L\u00f3gico o Gesti\u00f3n por Resultados para aplicarlos a los proyectos, como la Matriz de involucrados, el \u00e1rbol de Problemas, el \u00e1rbol de Objetivos, la Matriz de Alternativas, la Matriz del Marco L\u00f3gico y los estudios correspondientes.Este taller, permite conocer las bases para generar los m\u00e9todos y t\u00e9cnicas de la formulaci\u00f3n de proyectos, donde el tutor explicar\u00e1 de manera magistral por medio de videos y posteriormente se aplicar\u00e1n los conceptos con los ejercicios de pr\u00e1ctica.Durante el taller, el estudiante desarrollar\u00e1 una formulaci\u00f3n y evaluaci\u00f3n de un proyecto de su inter\u00e9s con las herramientas m\u00e1s importantes.\",\"breadcrumb\":{\"@id\":\"https:\/\/proyectum.com\/co\/product\/fep\/#breadcrumb\"},\"inLanguage\":\"es\",\"potentialAction\":[{\"@type\":\"ReadAction\",\"target\":[\"https:\/\/proyectum.com\/co\/product\/fep\/\"]}]},{\"@type\":\"ImageObject\",\"inLanguage\":\"es\",\"@id\":\"https:\/\/proyectum.com\/co\/product\/fep\/#primaryimage\",\"url\":\"https:\/\/i0.wp.com\/proyectum.com\/co\/wp-content\/uploads\/2022\/09\/FOTOS-PARA-UTLIZAR-2.png?fit=1080%2C1080&ssl=1\",\"contentUrl\":\"https:\/\/i0.wp.com\/proyectum.com\/co\/wp-content\/uploads\/2022\/09\/FOTOS-PARA-UTLIZAR-2.png?fit=1080%2C1080&ssl=1\",\"width\":1080,\"height\":1080},{\"@type\":\"BreadcrumbList\",\"@id\":\"https:\/\/proyectum.com\/co\/product\/fep\/#breadcrumb\",\"itemListElement\":[{\"@type\":\"ListItem\",\"position\":1,\"name\":\"Home\",\"item\":\"https:\/\/proyectum.com\/co\/\"},{\"@type\":\"ListItem\",\"position\":2,\"name\":\"Tienda\",\"item\":\"https:\/\/proyectum.com\/co\/tienda\/\"},{\"@type\":\"ListItem\",\"position\":3,\"name\":\"Curso Formulaci\u00f3n y Evaluaci\u00f3n de Proyectos\"}]},{\"@type\":\"WebSite\",\"@id\":\"https:\/\/proyectum.com\/co\/#website\",\"url\":\"https:\/\/proyectum.com\/co\/\",\"name\":\"Proyectum Costa Rica\",\"description\":\"Centro Autorizado de Capacitaci\u00f3n del Project Management Institute - ATP del PMI\",\"publisher\":{\"@id\":\"https:\/\/proyectum.com\/co\/#organization\"},\"potentialAction\":[{\"@type\":\"SearchAction\",\"target\":{\"@type\":\"EntryPoint\",\"urlTemplate\":\"https:\/\/proyectum.com\/co\/?s={search_term_string}\"},\"query-input\":{\"@type\":\"PropertyValueSpecification\",\"valueRequired\":true,\"valueName\":\"search_term_string\"}}],\"inLanguage\":\"es\"},{\"@type\":\"Organization\",\"@id\":\"https:\/\/proyectum.com\/co\/#organization\",\"name\":\"Proyectum Costa Rica\",\"url\":\"https:\/\/proyectum.com\/co\/\",\"logo\":{\"@type\":\"ImageObject\",\"inLanguage\":\"es\",\"@id\":\"https:\/\/proyectum.com\/co\/#\/schema\/logo\/image\/\",\"url\":\"https:\/\/i0.wp.com\/proyectum.com\/co\/wp-content\/uploads\/proyectum-logo-snippet.png?fit=600%2C315&ssl=1\",\"contentUrl\":\"https:\/\/i0.wp.com\/proyectum.com\/co\/wp-content\/uploads\/proyectum-logo-snippet.png?fit=600%2C315&ssl=1\",\"width\":600,\"height\":315,\"caption\":\"Proyectum Costa Rica\"},\"image\":{\"@id\":\"https:\/\/proyectum.com\/co\/#\/schema\/logo\/image\/\"},\"sameAs\":[\"https:\/\/www.facebook.com\/proyectumcr\/\",\"https:\/\/www.instagram.com\/proyectumcostarica\/\",\"https:\/\/www.linkedin.com\/company\/proyectum-costarica\/\",\"https:\/\/www.youtube.com\/channel\/UCljouWimyhK_cNcC2jniUgw\"]}]}<\/script>\n<!-- \/ Yoast SEO plugin. -->","yoast_head_json":{"title":"Curso Formulaci\u00f3n y Evaluaci\u00f3n de Proyectos - Proyectum Colombia","description":"Este taller pretende fundamentar los conceptos de la formulaci\u00f3n y evaluaci\u00f3n de proyectos, para que los profesionales puedan gestionarlos a lo interno de sus organizaciones o como profesionales independientes.Para comprender los conceptos involucrados, se debe conocer y aplicar los est\u00e1ndares internacionales del Sistema del Marco L\u00f3gico o Gesti\u00f3n por Resultados para aplicarlos a los proyectos, como la Matriz de involucrados, el \u00e1rbol de Problemas, el \u00e1rbol de Objetivos, la Matriz de Alternativas, la Matriz del Marco L\u00f3gico y los estudios correspondientes.Este taller, permite conocer las bases para generar los m\u00e9todos y t\u00e9cnicas de la formulaci\u00f3n de proyectos, donde el tutor explicar\u00e1 de manera magistral por medio de videos y posteriormente se aplicar\u00e1n los conceptos con los ejercicios de pr\u00e1ctica.Durante el taller, el estudiante desarrollar\u00e1 una formulaci\u00f3n y evaluaci\u00f3n de un proyecto de su inter\u00e9s con las herramientas m\u00e1s importantes.","robots":{"index":"index","follow":"follow","max-snippet":"max-snippet:-1","max-image-preview":"max-image-preview:large","max-video-preview":"max-video-preview:-1"},"canonical":"https:\/\/proyectum.com\/co\/product\/fep\/","og_locale":"es_ES","og_type":"article","og_title":"Curso Formulaci\u00f3n y Evaluaci\u00f3n de Proyectos - Proyectum Colombia","og_description":"Este taller pretende fundamentar los conceptos de la formulaci\u00f3n y evaluaci\u00f3n de proyectos, para que los profesionales puedan gestionarlos a lo interno de sus organizaciones o como profesionales independientes.Para comprender los conceptos involucrados, se debe conocer y aplicar los est\u00e1ndares internacionales del Sistema del Marco L\u00f3gico o Gesti\u00f3n por Resultados para aplicarlos a los proyectos, como la Matriz de involucrados, el \u00e1rbol de Problemas, el \u00e1rbol de Objetivos, la Matriz de Alternativas, la Matriz del Marco L\u00f3gico y los estudios correspondientes.Este taller, permite conocer las bases para generar los m\u00e9todos y t\u00e9cnicas de la formulaci\u00f3n de proyectos, donde el tutor explicar\u00e1 de manera magistral por medio de videos y posteriormente se aplicar\u00e1n los conceptos con los ejercicios de pr\u00e1ctica.Durante el taller, el estudiante desarrollar\u00e1 una formulaci\u00f3n y evaluaci\u00f3n de un proyecto de su inter\u00e9s con las herramientas m\u00e1s importantes.","og_url":"https:\/\/proyectum.com\/co\/product\/fep\/","og_site_name":"Proyectum Colombia","article_publisher":"https:\/\/www.facebook.com\/proyectumcr\/","og_image":[{"width":1080,"height":1080,"url":"https:\/\/i0.wp.com\/proyectum.com\/co\/wp-content\/uploads\/2022\/09\/FOTOS-PARA-UTLIZAR-2.png?fit=1080%2C1080&ssl=1","type":"image\/png"}],"twitter_card":"summary_large_image","twitter_misc":{"Tiempo de lectura":"2 minutos"},"schema":{"@context":"https:\/\/schema.org","@graph":[{"@type":"WebPage","@id":"https:\/\/proyectum.com\/co\/product\/fep\/","url":"https:\/\/proyectum.com\/co\/product\/fep\/","name":"Curso Formulaci\u00f3n y Evaluaci\u00f3n de Proyectos - Proyectum Colombia","isPartOf":{"@id":"https:\/\/proyectum.com\/co\/#website"},"primaryImageOfPage":{"@id":"https:\/\/proyectum.com\/co\/product\/fep\/#primaryimage"},"image":{"@id":"https:\/\/proyectum.com\/co\/product\/fep\/#primaryimage"},"thumbnailUrl":"https:\/\/i0.wp.com\/proyectum.com\/co\/wp-content\/uploads\/2022\/09\/FOTOS-PARA-UTLIZAR-2.png?fit=1080%2C1080&ssl=1","datePublished":"2022-09-28T22:09:11+00:00","description":"Este taller pretende fundamentar los conceptos de la formulaci\u00f3n y evaluaci\u00f3n de proyectos, para que los profesionales puedan gestionarlos a lo interno de sus organizaciones o como profesionales independientes.Para comprender los conceptos involucrados, se debe conocer y aplicar los est\u00e1ndares internacionales del Sistema del Marco L\u00f3gico o Gesti\u00f3n por Resultados para aplicarlos a los proyectos, como la Matriz de involucrados, el \u00e1rbol de Problemas, el \u00e1rbol de Objetivos, la Matriz de Alternativas, la Matriz del Marco L\u00f3gico y los estudios correspondientes.Este taller, permite conocer las bases para generar los m\u00e9todos y t\u00e9cnicas de la formulaci\u00f3n de proyectos, donde el tutor explicar\u00e1 de manera magistral por medio de videos y posteriormente se aplicar\u00e1n los conceptos con los ejercicios de pr\u00e1ctica.Durante el taller, el estudiante desarrollar\u00e1 una formulaci\u00f3n y evaluaci\u00f3n de un proyecto de su inter\u00e9s con las herramientas m\u00e1s importantes.","breadcrumb":{"@id":"https:\/\/proyectum.com\/co\/product\/fep\/#breadcrumb"},"inLanguage":"es","potentialAction":[{"@type":"ReadAction","target":["https:\/\/proyectum.com\/co\/product\/fep\/"]}]},{"@type":"ImageObject","inLanguage":"es","@id":"https:\/\/proyectum.com\/co\/product\/fep\/#primaryimage","url":"https:\/\/i0.wp.com\/proyectum.com\/co\/wp-content\/uploads\/2022\/09\/FOTOS-PARA-UTLIZAR-2.png?fit=1080%2C1080&ssl=1","contentUrl":"https:\/\/i0.wp.com\/proyectum.com\/co\/wp-content\/uploads\/2022\/09\/FOTOS-PARA-UTLIZAR-2.png?fit=1080%2C1080&ssl=1","width":1080,"height":1080},{"@type":"BreadcrumbList","@id":"https:\/\/proyectum.com\/co\/product\/fep\/#breadcrumb","itemListElement":[{"@type":"ListItem","position":1,"name":"Home","item":"https:\/\/proyectum.com\/co\/"},{"@type":"ListItem","position":2,"name":"Tienda","item":"https:\/\/proyectum.com\/co\/tienda\/"},{"@type":"ListItem","position":3,"name":"Curso Formulaci\u00f3n y Evaluaci\u00f3n de Proyectos"}]},{"@type":"WebSite","@id":"https:\/\/proyectum.com\/co\/#website","url":"https:\/\/proyectum.com\/co\/","name":"Proyectum Costa Rica","description":"Centro Autorizado de Capacitaci\u00f3n del Project Management Institute - ATP del PMI","publisher":{"@id":"https:\/\/proyectum.com\/co\/#organization"},"potentialAction":[{"@type":"SearchAction","target":{"@type":"EntryPoint","urlTemplate":"https:\/\/proyectum.com\/co\/?s={search_term_string}"},"query-input":{"@type":"PropertyValueSpecification","valueRequired":true,"valueName":"search_term_string"}}],"inLanguage":"es"},{"@type":"Organization","@id":"https:\/\/proyectum.com\/co\/#organization","name":"Proyectum Costa Rica","url":"https:\/\/proyectum.com\/co\/","logo":{"@type":"ImageObject","inLanguage":"es","@id":"https:\/\/proyectum.com\/co\/#\/schema\/logo\/image\/","url":"https:\/\/i0.wp.com\/proyectum.com\/co\/wp-content\/uploads\/proyectum-logo-snippet.png?fit=600%2C315&ssl=1","contentUrl":"https:\/\/i0.wp.com\/proyectum.com\/co\/wp-content\/uploads\/proyectum-logo-snippet.png?fit=600%2C315&ssl=1","width":600,"height":315,"caption":"Proyectum Costa Rica"},"image":{"@id":"https:\/\/proyectum.com\/co\/#\/schema\/logo\/image\/"},"sameAs":["https:\/\/www.facebook.com\/proyectumcr\/","https:\/\/www.instagram.com\/proyectumcostarica\/","https:\/\/www.linkedin.com\/company\/proyectum-costarica\/","https:\/\/www.youtube.com\/channel\/UCljouWimyhK_cNcC2jniUgw"]}]}},"jetpack_sharing_enabled":true,"_links":{"self":[{"href":"https:\/\/proyectum.com\/co\/wp-json\/wp\/v2\/product\/11512"}],"collection":[{"href":"https:\/\/proyectum.com\/co\/wp-json\/wp\/v2\/product"}],"about":[{"href":"https:\/\/proyectum.com\/co\/wp-json\/wp\/v2\/types\/product"}],"wp:featuredmedia":[{"embeddable":true,"href":"https:\/\/proyectum.com\/co\/wp-json\/wp\/v2\/media\/11513"}],"wp:attachment":[{"href":"https:\/\/proyectum.com\/co\/wp-json\/wp\/v2\/media?parent=11512"}],"wp:term":[{"taxonomy":"product_cat","embeddable":true,"href":"https:\/\/proyectum.com\/co\/wp-json\/wp\/v2\/product_cat?post=11512"},{"taxonomy":"product_tag","embeddable":true,"href":"https:\/\/proyectum.com\/co\/wp-json\/wp\/v2\/product_tag?post=11512"}],"curies":[{"name":"wp","href":"https:\/\/api.w.org\/{rel}","templated":true}]}}