{"id":11597,"date":"2022-11-02T16:49:25","date_gmt":"2022-11-02T21:49:25","guid":{"rendered":"https:\/\/proyectum.com\/co\/?post_type=product&#038;p=11597"},"modified":"2022-11-02T16:50:40","modified_gmt":"2022-11-02T21:50:40","slug":"gestion-de-portafolios-de-proyectos","status":"publish","type":"product","link":"https:\/\/proyectum.com\/co\/product\/gestion-de-portafolios-de-proyectos\/","title":{"rendered":"Gesti\u00f3n de Portafolios de Proyectos"},"content":{"rendered":"<p>Este curso busca apoyar a las organizaciones a incrementar su eficiencia estrat\u00e9gica a trav\u00e9s de la incorporaci\u00f3n de pr\u00e1cticas efectivas para la selecci\u00f3n de los proyectos correctos para inversi\u00f3n y su priorizaci\u00f3n en un ambiente de constante competencia por recursos<\/p>\n<p>Con este curso los participante conocer\u00e1n t\u00e9cnicas y herramientas para el manejo de los portafolios de proyecto aline\u00e1ndolos con las metas de la organizaci\u00f3n.<\/p>\n<ul>\n<li><strong>Duraci\u00f3n:<\/strong>\u00a016 horas (4 horas por sesi\u00f3n)<\/li>\n<li><strong>Modalidad:<\/strong>\u00a0Online<\/li>\n<li><strong>Requisitos:<\/strong>\u00a0No tiene requisitos<\/li>\n<li><strong>Acreditaci\u00f3n:<\/strong>\u00a016 PDUs t\u00e9cnicos<\/li>\n<\/ul>\n","protected":false},"excerpt":{"rendered":"<p>Este curso busca apoyar a las organizaciones a incrementar su eficiencia estrat\u00e9gica a trav\u00e9s de la incorporaci\u00f3n de pr\u00e1cticas efectivas para la selecci\u00f3n de los proyectos correctos para inversi\u00f3n y su priorizaci\u00f3n en un ambiente de constante competencia por recursos Con este curso los participante conocer\u00e1n t\u00e9cnicas y herramientas para el manejo de los portafolios [&hellip;]<\/p>\n","protected":false},"featured_media":11016,"template":"","meta":{"_acf_changed":false},"product_cat":[77],"product_tag":[],"acf":[],"yoast_head":"<!-- This site is optimized with the Yoast SEO plugin v24.5 - https:\/\/yoast.com\/wordpress\/plugins\/seo\/ -->\n<title>Gesti\u00f3n de Portafolios de Proyectos - Proyectum Colombia<\/title>\n<meta name=\"description\" content=\"Curso Proyectum oficial del PMI\u00ae de preparaci\u00f3n y certificaci\u00f3n Disciplined Agile Scrum Master, DASM, DA Scrum Master, aprenda a escoger su Way of Working WoW, Choose your WoW\" \/>\n<meta name=\"robots\" content=\"index, follow, max-snippet:-1, max-image-preview:large, max-video-preview:-1\" \/>\n<link rel=\"canonical\" href=\"https:\/\/proyectum.com\/co\/product\/gestion-de-portafolios-de-proyectos\/\" \/>\n<meta property=\"og:locale\" content=\"es_ES\" \/>\n<meta property=\"og:type\" content=\"article\" \/>\n<meta property=\"og:title\" content=\"Gesti\u00f3n de Portafolios de Proyectos - Proyectum Colombia\" \/>\n<meta property=\"og:description\" content=\"Curso Proyectum oficial del PMI\u00ae de preparaci\u00f3n y certificaci\u00f3n Disciplined Agile Scrum Master, DASM, DA Scrum Master, aprenda a escoger su Way of Working WoW, Choose your WoW\" \/>\n<meta property=\"og:url\" content=\"https:\/\/proyectum.com\/co\/product\/gestion-de-portafolios-de-proyectos\/\" \/>\n<meta property=\"og:site_name\" content=\"Proyectum Colombia\" \/>\n<meta property=\"article:publisher\" content=\"https:\/\/www.facebook.com\/proyectumcr\/\" \/>\n<meta property=\"article:modified_time\" content=\"2022-11-02T21:50:40+00:00\" \/>\n<meta property=\"og:image\" content=\"https:\/\/i0.wp.com\/proyectum.com\/co\/wp-content\/uploads\/2021\/05\/DASM-1.jpg?fit=540%2C540&ssl=1\" \/>\n\t<meta property=\"og:image:width\" content=\"540\" \/>\n\t<meta property=\"og:image:height\" content=\"540\" \/>\n\t<meta property=\"og:image:type\" content=\"image\/jpeg\" \/>\n<meta name=\"twitter:card\" content=\"summary_large_image\" \/>\n<meta name=\"twitter:label1\" content=\"Tiempo de lectura\" \/>\n\t<meta name=\"twitter:data1\" content=\"1 minuto\" \/>\n<script type=\"application\/ld+json\" class=\"yoast-schema-graph\">{\"@context\":\"https:\/\/schema.org\",\"@graph\":[{\"@type\":\"WebPage\",\"@id\":\"https:\/\/proyectum.com\/co\/product\/gestion-de-portafolios-de-proyectos\/\",\"url\":\"https:\/\/proyectum.com\/co\/product\/gestion-de-portafolios-de-proyectos\/\",\"name\":\"Gesti\u00f3n de Portafolios de Proyectos - Proyectum Colombia\",\"isPartOf\":{\"@id\":\"https:\/\/proyectum.com\/co\/#website\"},\"primaryImageOfPage\":{\"@id\":\"https:\/\/proyectum.com\/co\/product\/gestion-de-portafolios-de-proyectos\/#primaryimage\"},\"image\":{\"@id\":\"https:\/\/proyectum.com\/co\/product\/gestion-de-portafolios-de-proyectos\/#primaryimage\"},\"thumbnailUrl\":\"https:\/\/i0.wp.com\/proyectum.com\/co\/wp-content\/uploads\/2021\/05\/DASM-1.jpg?fit=540%2C540&ssl=1\",\"datePublished\":\"2022-11-02T21:49:25+00:00\",\"dateModified\":\"2022-11-02T21:50:40+00:00\",\"description\":\"Curso Proyectum oficial del PMI\u00ae de preparaci\u00f3n y certificaci\u00f3n Disciplined Agile Scrum Master, DASM, DA Scrum Master, aprenda a escoger su Way of Working WoW, Choose your WoW\",\"breadcrumb\":{\"@id\":\"https:\/\/proyectum.com\/co\/product\/gestion-de-portafolios-de-proyectos\/#breadcrumb\"},\"inLanguage\":\"es\",\"potentialAction\":[{\"@type\":\"ReadAction\",\"target\":[\"https:\/\/proyectum.com\/co\/product\/gestion-de-portafolios-de-proyectos\/\"]}]},{\"@type\":\"ImageObject\",\"inLanguage\":\"es\",\"@id\":\"https:\/\/proyectum.com\/co\/product\/gestion-de-portafolios-de-proyectos\/#primaryimage\",\"url\":\"https:\/\/i0.wp.com\/proyectum.com\/co\/wp-content\/uploads\/2021\/05\/DASM-1.jpg?fit=540%2C540&ssl=1\",\"contentUrl\":\"https:\/\/i0.wp.com\/proyectum.com\/co\/wp-content\/uploads\/2021\/05\/DASM-1.jpg?fit=540%2C540&ssl=1\",\"width\":540,\"height\":540},{\"@type\":\"BreadcrumbList\",\"@id\":\"https:\/\/proyectum.com\/co\/product\/gestion-de-portafolios-de-proyectos\/#breadcrumb\",\"itemListElement\":[{\"@type\":\"ListItem\",\"position\":1,\"name\":\"Home\",\"item\":\"https:\/\/proyectum.com\/co\/\"},{\"@type\":\"ListItem\",\"position\":2,\"name\":\"Tienda\",\"item\":\"https:\/\/proyectum.com\/co\/tienda\/\"},{\"@type\":\"ListItem\",\"position\":3,\"name\":\"Gesti\u00f3n de Portafolios de Proyectos\"}]},{\"@type\":\"WebSite\",\"@id\":\"https:\/\/proyectum.com\/co\/#website\",\"url\":\"https:\/\/proyectum.com\/co\/\",\"name\":\"Proyectum Costa Rica\",\"description\":\"Centro Autorizado de Capacitaci\u00f3n del Project Management Institute - ATP del PMI\",\"publisher\":{\"@id\":\"https:\/\/proyectum.com\/co\/#organization\"},\"potentialAction\":[{\"@type\":\"SearchAction\",\"target\":{\"@type\":\"EntryPoint\",\"urlTemplate\":\"https:\/\/proyectum.com\/co\/?s={search_term_string}\"},\"query-input\":{\"@type\":\"PropertyValueSpecification\",\"valueRequired\":true,\"valueName\":\"search_term_string\"}}],\"inLanguage\":\"es\"},{\"@type\":\"Organization\",\"@id\":\"https:\/\/proyectum.com\/co\/#organization\",\"name\":\"Proyectum Costa Rica\",\"url\":\"https:\/\/proyectum.com\/co\/\",\"logo\":{\"@type\":\"ImageObject\",\"inLanguage\":\"es\",\"@id\":\"https:\/\/proyectum.com\/co\/#\/schema\/logo\/image\/\",\"url\":\"https:\/\/i0.wp.com\/proyectum.com\/co\/wp-content\/uploads\/proyectum-logo-snippet.png?fit=600%2C315&ssl=1\",\"contentUrl\":\"https:\/\/i0.wp.com\/proyectum.com\/co\/wp-content\/uploads\/proyectum-logo-snippet.png?fit=600%2C315&ssl=1\",\"width\":600,\"height\":315,\"caption\":\"Proyectum Costa Rica\"},\"image\":{\"@id\":\"https:\/\/proyectum.com\/co\/#\/schema\/logo\/image\/\"},\"sameAs\":[\"https:\/\/www.facebook.com\/proyectumcr\/\",\"https:\/\/www.instagram.com\/proyectumcostarica\/\",\"https:\/\/www.linkedin.com\/company\/proyectum-costarica\/\",\"https:\/\/www.youtube.com\/channel\/UCljouWimyhK_cNcC2jniUgw\"]}]}<\/script>\n<!-- \/ Yoast SEO plugin. -->","yoast_head_json":{"title":"Gesti\u00f3n de Portafolios de Proyectos - Proyectum Colombia","description":"Curso Proyectum oficial del PMI\u00ae de preparaci\u00f3n y certificaci\u00f3n Disciplined Agile Scrum Master, DASM, DA Scrum Master, aprenda a escoger su Way of Working WoW, Choose your WoW","robots":{"index":"index","follow":"follow","max-snippet":"max-snippet:-1","max-image-preview":"max-image-preview:large","max-video-preview":"max-video-preview:-1"},"canonical":"https:\/\/proyectum.com\/co\/product\/gestion-de-portafolios-de-proyectos\/","og_locale":"es_ES","og_type":"article","og_title":"Gesti\u00f3n de Portafolios de Proyectos - Proyectum Colombia","og_description":"Curso Proyectum oficial del PMI\u00ae de preparaci\u00f3n y certificaci\u00f3n Disciplined Agile Scrum Master, DASM, DA Scrum Master, aprenda a escoger su Way of Working WoW, Choose your WoW","og_url":"https:\/\/proyectum.com\/co\/product\/gestion-de-portafolios-de-proyectos\/","og_site_name":"Proyectum Colombia","article_publisher":"https:\/\/www.facebook.com\/proyectumcr\/","article_modified_time":"2022-11-02T21:50:40+00:00","og_image":[{"width":540,"height":540,"url":"https:\/\/i0.wp.com\/proyectum.com\/co\/wp-content\/uploads\/2021\/05\/DASM-1.jpg?fit=540%2C540&ssl=1","type":"image\/jpeg"}],"twitter_card":"summary_large_image","twitter_misc":{"Tiempo de lectura":"1 minuto"},"schema":{"@context":"https:\/\/schema.org","@graph":[{"@type":"WebPage","@id":"https:\/\/proyectum.com\/co\/product\/gestion-de-portafolios-de-proyectos\/","url":"https:\/\/proyectum.com\/co\/product\/gestion-de-portafolios-de-proyectos\/","name":"Gesti\u00f3n de Portafolios de Proyectos - Proyectum Colombia","isPartOf":{"@id":"https:\/\/proyectum.com\/co\/#website"},"primaryImageOfPage":{"@id":"https:\/\/proyectum.com\/co\/product\/gestion-de-portafolios-de-proyectos\/#primaryimage"},"image":{"@id":"https:\/\/proyectum.com\/co\/product\/gestion-de-portafolios-de-proyectos\/#primaryimage"},"thumbnailUrl":"https:\/\/i0.wp.com\/proyectum.com\/co\/wp-content\/uploads\/2021\/05\/DASM-1.jpg?fit=540%2C540&ssl=1","datePublished":"2022-11-02T21:49:25+00:00","dateModified":"2022-11-02T21:50:40+00:00","description":"Curso Proyectum oficial del PMI\u00ae de preparaci\u00f3n y certificaci\u00f3n Disciplined Agile Scrum Master, DASM, DA Scrum Master, aprenda a escoger su Way of Working WoW, Choose your WoW","breadcrumb":{"@id":"https:\/\/proyectum.com\/co\/product\/gestion-de-portafolios-de-proyectos\/#breadcrumb"},"inLanguage":"es","potentialAction":[{"@type":"ReadAction","target":["https:\/\/proyectum.com\/co\/product\/gestion-de-portafolios-de-proyectos\/"]}]},{"@type":"ImageObject","inLanguage":"es","@id":"https:\/\/proyectum.com\/co\/product\/gestion-de-portafolios-de-proyectos\/#primaryimage","url":"https:\/\/i0.wp.com\/proyectum.com\/co\/wp-content\/uploads\/2021\/05\/DASM-1.jpg?fit=540%2C540&ssl=1","contentUrl":"https:\/\/i0.wp.com\/proyectum.com\/co\/wp-content\/uploads\/2021\/05\/DASM-1.jpg?fit=540%2C540&ssl=1","width":540,"height":540},{"@type":"BreadcrumbList","@id":"https:\/\/proyectum.com\/co\/product\/gestion-de-portafolios-de-proyectos\/#breadcrumb","itemListElement":[{"@type":"ListItem","position":1,"name":"Home","item":"https:\/\/proyectum.com\/co\/"},{"@type":"ListItem","position":2,"name":"Tienda","item":"https:\/\/proyectum.com\/co\/tienda\/"},{"@type":"ListItem","position":3,"name":"Gesti\u00f3n de Portafolios de Proyectos"}]},{"@type":"WebSite","@id":"https:\/\/proyectum.com\/co\/#website","url":"https:\/\/proyectum.com\/co\/","name":"Proyectum Costa Rica","description":"Centro Autorizado de Capacitaci\u00f3n del Project Management Institute - ATP del PMI","publisher":{"@id":"https:\/\/proyectum.com\/co\/#organization"},"potentialAction":[{"@type":"SearchAction","target":{"@type":"EntryPoint","urlTemplate":"https:\/\/proyectum.com\/co\/?s={search_term_string}"},"query-input":{"@type":"PropertyValueSpecification","valueRequired":true,"valueName":"search_term_string"}}],"inLanguage":"es"},{"@type":"Organization","@id":"https:\/\/proyectum.com\/co\/#organization","name":"Proyectum Costa Rica","url":"https:\/\/proyectum.com\/co\/","logo":{"@type":"ImageObject","inLanguage":"es","@id":"https:\/\/proyectum.com\/co\/#\/schema\/logo\/image\/","url":"https:\/\/i0.wp.com\/proyectum.com\/co\/wp-content\/uploads\/proyectum-logo-snippet.png?fit=600%2C315&ssl=1","contentUrl":"https:\/\/i0.wp.com\/proyectum.com\/co\/wp-content\/uploads\/proyectum-logo-snippet.png?fit=600%2C315&ssl=1","width":600,"height":315,"caption":"Proyectum Costa Rica"},"image":{"@id":"https:\/\/proyectum.com\/co\/#\/schema\/logo\/image\/"},"sameAs":["https:\/\/www.facebook.com\/proyectumcr\/","https:\/\/www.instagram.com\/proyectumcostarica\/","https:\/\/www.linkedin.com\/company\/proyectum-costarica\/","https:\/\/www.youtube.com\/channel\/UCljouWimyhK_cNcC2jniUgw"]}]}},"jetpack_sharing_enabled":true,"_links":{"self":[{"href":"https:\/\/proyectum.com\/co\/wp-json\/wp\/v2\/product\/11597"}],"collection":[{"href":"https:\/\/proyectum.com\/co\/wp-json\/wp\/v2\/product"}],"about":[{"href":"https:\/\/proyectum.com\/co\/wp-json\/wp\/v2\/types\/product"}],"wp:featuredmedia":[{"embeddable":true,"href":"https:\/\/proyectum.com\/co\/wp-json\/wp\/v2\/media\/11016"}],"wp:attachment":[{"href":"https:\/\/proyectum.com\/co\/wp-json\/wp\/v2\/media?parent=11597"}],"wp:term":[{"taxonomy":"product_cat","embeddable":true,"href":"https:\/\/proyectum.com\/co\/wp-json\/wp\/v2\/product_cat?post=11597"},{"taxonomy":"product_tag","embeddable":true,"href":"https:\/\/proyectum.com\/co\/wp-json\/wp\/v2\/product_tag?post=11597"}],"curies":[{"name":"wp","href":"https:\/\/api.w.org\/{rel}","templated":true}]}}