{"id":11650,"date":"2022-12-01T16:49:17","date_gmt":"2022-12-01T21:49:17","guid":{"rendered":"https:\/\/proyectum.com\/co\/?post_type=product&#038;p=11650"},"modified":"2023-02-01T16:36:01","modified_gmt":"2023-02-01T21:36:01","slug":"foroagilidadmodalidadvirtual","status":"publish","type":"product","link":"https:\/\/proyectum.com\/co\/product\/foroagilidadmodalidadvirtual\/","title":{"rendered":"ll FORO AGILIDAD EMPRESARIAL- MODALIDAD VIRTUAL"},"content":{"rendered":"<p>2 ma\u00f1anas con 6 charlas con expositores internacionales.<\/p>\n<p>&nbsp;<\/p>\n<p>&nbsp;<\/p>\n","protected":false},"excerpt":{"rendered":"<p>2 ma\u00f1anas con 6 charlas con expositores internacionales. &nbsp; &nbsp;<\/p>\n","protected":false},"featured_media":11262,"template":"","meta":{"_acf_changed":false},"product_cat":[79],"product_tag":[],"acf":[],"yoast_head":"<!-- This site is optimized with the Yoast SEO plugin v24.5 - https:\/\/yoast.com\/wordpress\/plugins\/seo\/ -->\n<title>ll FORO AGILIDAD EMPRESARIAL- MODALIDAD VIRTUAL - Proyectum Colombia<\/title>\n<meta name=\"description\" content=\"Certificado en Scrum M\u00e1ster \u201cScrum Master Certified (SMC\u2122)\u201d son facilitadores profesionales que aseguran que el Equipo Scrum tiene un entorno que contribuye a que se termine el proyecto exitosamente. El Scrum Master gu\u00eda, facilita y ense\u00f1a buenas pr\u00e1cticas Scrum a todos los involucrados en el proyecto, elimina barreras para el equipo, asegura que se siguen los procesos de Scrum. Los candidatos exitosos recibir\u00e1n la certificaci\u00f3n Scrum Master Certified (SMC\u2122) otorgada por SCRUMstudy luego de pasar el examen.\" \/>\n<meta name=\"robots\" content=\"index, follow, max-snippet:-1, max-image-preview:large, max-video-preview:-1\" \/>\n<link rel=\"canonical\" href=\"https:\/\/proyectum.com\/co\/product\/foroagilidadmodalidadvirtual\/\" \/>\n<meta property=\"og:locale\" content=\"es_ES\" \/>\n<meta property=\"og:type\" content=\"article\" \/>\n<meta property=\"og:title\" content=\"ll FORO AGILIDAD EMPRESARIAL- MODALIDAD VIRTUAL - Proyectum Colombia\" \/>\n<meta property=\"og:description\" content=\"Certificado en Scrum M\u00e1ster \u201cScrum Master Certified (SMC\u2122)\u201d son facilitadores profesionales que aseguran que el Equipo Scrum tiene un entorno que contribuye a que se termine el proyecto exitosamente. El Scrum Master gu\u00eda, facilita y ense\u00f1a buenas pr\u00e1cticas Scrum a todos los involucrados en el proyecto, elimina barreras para el equipo, asegura que se siguen los procesos de Scrum. Los candidatos exitosos recibir\u00e1n la certificaci\u00f3n Scrum Master Certified (SMC\u2122) otorgada por SCRUMstudy luego de pasar el examen.\" \/>\n<meta property=\"og:url\" content=\"https:\/\/proyectum.com\/co\/product\/foroagilidadmodalidadvirtual\/\" \/>\n<meta property=\"og:site_name\" content=\"Proyectum Colombia\" \/>\n<meta property=\"article:publisher\" content=\"https:\/\/www.facebook.com\/proyectumcr\/\" \/>\n<meta property=\"article:modified_time\" content=\"2023-02-01T21:36:01+00:00\" \/>\n<meta property=\"og:image\" content=\"https:\/\/i0.wp.com\/proyectum.com\/co\/wp-content\/uploads\/2022\/05\/EAE.jpeg?fit=1080%2C1080&ssl=1\" \/>\n\t<meta property=\"og:image:width\" content=\"1080\" \/>\n\t<meta property=\"og:image:height\" content=\"1080\" \/>\n\t<meta property=\"og:image:type\" content=\"image\/jpeg\" \/>\n<meta name=\"twitter:card\" content=\"summary_large_image\" \/>\n<meta name=\"twitter:label1\" content=\"Tiempo de lectura\" \/>\n\t<meta name=\"twitter:data1\" content=\"1 minuto\" \/>\n<script type=\"application\/ld+json\" class=\"yoast-schema-graph\">{\"@context\":\"https:\/\/schema.org\",\"@graph\":[{\"@type\":\"WebPage\",\"@id\":\"https:\/\/proyectum.com\/co\/product\/foroagilidadmodalidadvirtual\/\",\"url\":\"https:\/\/proyectum.com\/co\/product\/foroagilidadmodalidadvirtual\/\",\"name\":\"ll FORO AGILIDAD EMPRESARIAL- MODALIDAD VIRTUAL - Proyectum Colombia\",\"isPartOf\":{\"@id\":\"https:\/\/proyectum.com\/co\/#website\"},\"primaryImageOfPage\":{\"@id\":\"https:\/\/proyectum.com\/co\/product\/foroagilidadmodalidadvirtual\/#primaryimage\"},\"image\":{\"@id\":\"https:\/\/proyectum.com\/co\/product\/foroagilidadmodalidadvirtual\/#primaryimage\"},\"thumbnailUrl\":\"https:\/\/i0.wp.com\/proyectum.com\/co\/wp-content\/uploads\/2022\/05\/EAE.jpeg?fit=1080%2C1080&ssl=1\",\"datePublished\":\"2022-12-01T21:49:17+00:00\",\"dateModified\":\"2023-02-01T21:36:01+00:00\",\"description\":\"Certificado en Scrum M\u00e1ster \u201cScrum Master Certified (SMC\u2122)\u201d son facilitadores profesionales que aseguran que el Equipo Scrum tiene un entorno que contribuye a que se termine el proyecto exitosamente. El Scrum Master gu\u00eda, facilita y ense\u00f1a buenas pr\u00e1cticas Scrum a todos los involucrados en el proyecto, elimina barreras para el equipo, asegura que se siguen los procesos de Scrum. Los candidatos exitosos recibir\u00e1n la certificaci\u00f3n Scrum Master Certified (SMC\u2122) otorgada por SCRUMstudy luego de pasar el examen.\",\"breadcrumb\":{\"@id\":\"https:\/\/proyectum.com\/co\/product\/foroagilidadmodalidadvirtual\/#breadcrumb\"},\"inLanguage\":\"es\",\"potentialAction\":[{\"@type\":\"ReadAction\",\"target\":[\"https:\/\/proyectum.com\/co\/product\/foroagilidadmodalidadvirtual\/\"]}]},{\"@type\":\"ImageObject\",\"inLanguage\":\"es\",\"@id\":\"https:\/\/proyectum.com\/co\/product\/foroagilidadmodalidadvirtual\/#primaryimage\",\"url\":\"https:\/\/i0.wp.com\/proyectum.com\/co\/wp-content\/uploads\/2022\/05\/EAE.jpeg?fit=1080%2C1080&ssl=1\",\"contentUrl\":\"https:\/\/i0.wp.com\/proyectum.com\/co\/wp-content\/uploads\/2022\/05\/EAE.jpeg?fit=1080%2C1080&ssl=1\",\"width\":1080,\"height\":1080},{\"@type\":\"BreadcrumbList\",\"@id\":\"https:\/\/proyectum.com\/co\/product\/foroagilidadmodalidadvirtual\/#breadcrumb\",\"itemListElement\":[{\"@type\":\"ListItem\",\"position\":1,\"name\":\"Home\",\"item\":\"https:\/\/proyectum.com\/co\/\"},{\"@type\":\"ListItem\",\"position\":2,\"name\":\"Tienda\",\"item\":\"https:\/\/proyectum.com\/co\/tienda\/\"},{\"@type\":\"ListItem\",\"position\":3,\"name\":\"ll FORO AGILIDAD EMPRESARIAL- MODALIDAD VIRTUAL\"}]},{\"@type\":\"WebSite\",\"@id\":\"https:\/\/proyectum.com\/co\/#website\",\"url\":\"https:\/\/proyectum.com\/co\/\",\"name\":\"Proyectum Costa Rica\",\"description\":\"Centro Autorizado de Capacitaci\u00f3n del Project Management Institute - ATP del PMI\",\"publisher\":{\"@id\":\"https:\/\/proyectum.com\/co\/#organization\"},\"potentialAction\":[{\"@type\":\"SearchAction\",\"target\":{\"@type\":\"EntryPoint\",\"urlTemplate\":\"https:\/\/proyectum.com\/co\/?s={search_term_string}\"},\"query-input\":{\"@type\":\"PropertyValueSpecification\",\"valueRequired\":true,\"valueName\":\"search_term_string\"}}],\"inLanguage\":\"es\"},{\"@type\":\"Organization\",\"@id\":\"https:\/\/proyectum.com\/co\/#organization\",\"name\":\"Proyectum Costa Rica\",\"url\":\"https:\/\/proyectum.com\/co\/\",\"logo\":{\"@type\":\"ImageObject\",\"inLanguage\":\"es\",\"@id\":\"https:\/\/proyectum.com\/co\/#\/schema\/logo\/image\/\",\"url\":\"https:\/\/i0.wp.com\/proyectum.com\/co\/wp-content\/uploads\/proyectum-logo-snippet.png?fit=600%2C315&ssl=1\",\"contentUrl\":\"https:\/\/i0.wp.com\/proyectum.com\/co\/wp-content\/uploads\/proyectum-logo-snippet.png?fit=600%2C315&ssl=1\",\"width\":600,\"height\":315,\"caption\":\"Proyectum Costa Rica\"},\"image\":{\"@id\":\"https:\/\/proyectum.com\/co\/#\/schema\/logo\/image\/\"},\"sameAs\":[\"https:\/\/www.facebook.com\/proyectumcr\/\",\"https:\/\/www.instagram.com\/proyectumcostarica\/\",\"https:\/\/www.linkedin.com\/company\/proyectum-costarica\/\",\"https:\/\/www.youtube.com\/channel\/UCljouWimyhK_cNcC2jniUgw\"]}]}<\/script>\n<!-- \/ Yoast SEO plugin. -->","yoast_head_json":{"title":"ll FORO AGILIDAD EMPRESARIAL- MODALIDAD VIRTUAL - Proyectum Colombia","description":"Certificado en Scrum M\u00e1ster \u201cScrum Master Certified (SMC\u2122)\u201d son facilitadores profesionales que aseguran que el Equipo Scrum tiene un entorno que contribuye a que se termine el proyecto exitosamente. El Scrum Master gu\u00eda, facilita y ense\u00f1a buenas pr\u00e1cticas Scrum a todos los involucrados en el proyecto, elimina barreras para el equipo, asegura que se siguen los procesos de Scrum. Los candidatos exitosos recibir\u00e1n la certificaci\u00f3n Scrum Master Certified (SMC\u2122) otorgada por SCRUMstudy luego de pasar el examen.","robots":{"index":"index","follow":"follow","max-snippet":"max-snippet:-1","max-image-preview":"max-image-preview:large","max-video-preview":"max-video-preview:-1"},"canonical":"https:\/\/proyectum.com\/co\/product\/foroagilidadmodalidadvirtual\/","og_locale":"es_ES","og_type":"article","og_title":"ll FORO AGILIDAD EMPRESARIAL- MODALIDAD VIRTUAL - Proyectum Colombia","og_description":"Certificado en Scrum M\u00e1ster \u201cScrum Master Certified (SMC\u2122)\u201d son facilitadores profesionales que aseguran que el Equipo Scrum tiene un entorno que contribuye a que se termine el proyecto exitosamente. El Scrum Master gu\u00eda, facilita y ense\u00f1a buenas pr\u00e1cticas Scrum a todos los involucrados en el proyecto, elimina barreras para el equipo, asegura que se siguen los procesos de Scrum. Los candidatos exitosos recibir\u00e1n la certificaci\u00f3n Scrum Master Certified (SMC\u2122) otorgada por SCRUMstudy luego de pasar el examen.","og_url":"https:\/\/proyectum.com\/co\/product\/foroagilidadmodalidadvirtual\/","og_site_name":"Proyectum Colombia","article_publisher":"https:\/\/www.facebook.com\/proyectumcr\/","article_modified_time":"2023-02-01T21:36:01+00:00","og_image":[{"width":1080,"height":1080,"url":"https:\/\/i0.wp.com\/proyectum.com\/co\/wp-content\/uploads\/2022\/05\/EAE.jpeg?fit=1080%2C1080&ssl=1","type":"image\/jpeg"}],"twitter_card":"summary_large_image","twitter_misc":{"Tiempo de lectura":"1 minuto"},"schema":{"@context":"https:\/\/schema.org","@graph":[{"@type":"WebPage","@id":"https:\/\/proyectum.com\/co\/product\/foroagilidadmodalidadvirtual\/","url":"https:\/\/proyectum.com\/co\/product\/foroagilidadmodalidadvirtual\/","name":"ll FORO AGILIDAD EMPRESARIAL- MODALIDAD VIRTUAL - Proyectum Colombia","isPartOf":{"@id":"https:\/\/proyectum.com\/co\/#website"},"primaryImageOfPage":{"@id":"https:\/\/proyectum.com\/co\/product\/foroagilidadmodalidadvirtual\/#primaryimage"},"image":{"@id":"https:\/\/proyectum.com\/co\/product\/foroagilidadmodalidadvirtual\/#primaryimage"},"thumbnailUrl":"https:\/\/i0.wp.com\/proyectum.com\/co\/wp-content\/uploads\/2022\/05\/EAE.jpeg?fit=1080%2C1080&ssl=1","datePublished":"2022-12-01T21:49:17+00:00","dateModified":"2023-02-01T21:36:01+00:00","description":"Certificado en Scrum M\u00e1ster \u201cScrum Master Certified (SMC\u2122)\u201d son facilitadores profesionales que aseguran que el Equipo Scrum tiene un entorno que contribuye a que se termine el proyecto exitosamente. El Scrum Master gu\u00eda, facilita y ense\u00f1a buenas pr\u00e1cticas Scrum a todos los involucrados en el proyecto, elimina barreras para el equipo, asegura que se siguen los procesos de Scrum. Los candidatos exitosos recibir\u00e1n la certificaci\u00f3n Scrum Master Certified (SMC\u2122) otorgada por SCRUMstudy luego de pasar el examen.","breadcrumb":{"@id":"https:\/\/proyectum.com\/co\/product\/foroagilidadmodalidadvirtual\/#breadcrumb"},"inLanguage":"es","potentialAction":[{"@type":"ReadAction","target":["https:\/\/proyectum.com\/co\/product\/foroagilidadmodalidadvirtual\/"]}]},{"@type":"ImageObject","inLanguage":"es","@id":"https:\/\/proyectum.com\/co\/product\/foroagilidadmodalidadvirtual\/#primaryimage","url":"https:\/\/i0.wp.com\/proyectum.com\/co\/wp-content\/uploads\/2022\/05\/EAE.jpeg?fit=1080%2C1080&ssl=1","contentUrl":"https:\/\/i0.wp.com\/proyectum.com\/co\/wp-content\/uploads\/2022\/05\/EAE.jpeg?fit=1080%2C1080&ssl=1","width":1080,"height":1080},{"@type":"BreadcrumbList","@id":"https:\/\/proyectum.com\/co\/product\/foroagilidadmodalidadvirtual\/#breadcrumb","itemListElement":[{"@type":"ListItem","position":1,"name":"Home","item":"https:\/\/proyectum.com\/co\/"},{"@type":"ListItem","position":2,"name":"Tienda","item":"https:\/\/proyectum.com\/co\/tienda\/"},{"@type":"ListItem","position":3,"name":"ll FORO AGILIDAD EMPRESARIAL- MODALIDAD VIRTUAL"}]},{"@type":"WebSite","@id":"https:\/\/proyectum.com\/co\/#website","url":"https:\/\/proyectum.com\/co\/","name":"Proyectum Costa Rica","description":"Centro Autorizado de Capacitaci\u00f3n del Project Management Institute - ATP del PMI","publisher":{"@id":"https:\/\/proyectum.com\/co\/#organization"},"potentialAction":[{"@type":"SearchAction","target":{"@type":"EntryPoint","urlTemplate":"https:\/\/proyectum.com\/co\/?s={search_term_string}"},"query-input":{"@type":"PropertyValueSpecification","valueRequired":true,"valueName":"search_term_string"}}],"inLanguage":"es"},{"@type":"Organization","@id":"https:\/\/proyectum.com\/co\/#organization","name":"Proyectum Costa Rica","url":"https:\/\/proyectum.com\/co\/","logo":{"@type":"ImageObject","inLanguage":"es","@id":"https:\/\/proyectum.com\/co\/#\/schema\/logo\/image\/","url":"https:\/\/i0.wp.com\/proyectum.com\/co\/wp-content\/uploads\/proyectum-logo-snippet.png?fit=600%2C315&ssl=1","contentUrl":"https:\/\/i0.wp.com\/proyectum.com\/co\/wp-content\/uploads\/proyectum-logo-snippet.png?fit=600%2C315&ssl=1","width":600,"height":315,"caption":"Proyectum Costa Rica"},"image":{"@id":"https:\/\/proyectum.com\/co\/#\/schema\/logo\/image\/"},"sameAs":["https:\/\/www.facebook.com\/proyectumcr\/","https:\/\/www.instagram.com\/proyectumcostarica\/","https:\/\/www.linkedin.com\/company\/proyectum-costarica\/","https:\/\/www.youtube.com\/channel\/UCljouWimyhK_cNcC2jniUgw"]}]}},"jetpack_sharing_enabled":true,"_links":{"self":[{"href":"https:\/\/proyectum.com\/co\/wp-json\/wp\/v2\/product\/11650"}],"collection":[{"href":"https:\/\/proyectum.com\/co\/wp-json\/wp\/v2\/product"}],"about":[{"href":"https:\/\/proyectum.com\/co\/wp-json\/wp\/v2\/types\/product"}],"wp:featuredmedia":[{"embeddable":true,"href":"https:\/\/proyectum.com\/co\/wp-json\/wp\/v2\/media\/11262"}],"wp:attachment":[{"href":"https:\/\/proyectum.com\/co\/wp-json\/wp\/v2\/media?parent=11650"}],"wp:term":[{"taxonomy":"product_cat","embeddable":true,"href":"https:\/\/proyectum.com\/co\/wp-json\/wp\/v2\/product_cat?post=11650"},{"taxonomy":"product_tag","embeddable":true,"href":"https:\/\/proyectum.com\/co\/wp-json\/wp\/v2\/product_tag?post=11650"}],"curies":[{"name":"wp","href":"https:\/\/api.w.org\/{rel}","templated":true}]}}