{"id":11838,"date":"2023-05-16T16:11:07","date_gmt":"2023-05-16T21:11:07","guid":{"rendered":"https:\/\/proyectum.com\/co\/?post_type=product&#038;p=11838"},"modified":"2023-05-16T16:11:49","modified_gmt":"2023-05-16T21:11:49","slug":"preparacion-para-la-certificacion-disciplined-agile-scrum-master-virtual-en-vivo2023","status":"publish","type":"product","link":"https:\/\/proyectum.com\/co\/product\/preparacion-para-la-certificacion-disciplined-agile-scrum-master-virtual-en-vivo2023\/","title":{"rendered":"Preparaci\u00f3n para la Certificaci\u00f3n Disciplined Agile Scrum Master Virtual en Vivo  CAP PMI"},"content":{"rendered":"<p><span style=\"color: #000000;\"><b>OBJETIVO <\/b><\/span><\/p>\n<p><span style=\"color: #000000;\">Disciplined Agile Scrum Master es un curso de nueve lecciones dirigido por un instructor que te muestra c\u00f3mo usar Disciplined Agile (DA) para mejorar la Forma de Trabajar \u201cWoW\u201d de tu equipo. Con este curso, te familiarizar\u00e1s con las pr\u00e1cticas \u00c1giles y Lean fundamentales que apoyan DA, practicar\u00e1s el uso del ToolKit para resolver problemas y aprender\u00e1s a crear equipos de alto rendimiento.<\/span><\/p>\n<p><span style=\"color: #000000;\">Lleno de actividades, animaciones, lectura complementaria y m\u00e1s, este curso te preparar\u00e1 para tomar el examen Disciplined Agile Scrum Master (DASM) e, igualmente importante, comenzar a usar Disciplined Agile inmediatamente.<\/span><\/p>\n<p><span style=\"color: #000000;\">Lib\u00e9rate de las viejas costumbres eligiendo una forma de trabajo que se adapte al contexto de tu equipo. Encuentra estrategias para mejorar tus procesos y fortalecer tu equipo con el ToolKit Disciplined Agile.<\/span><\/p>\n","protected":false},"excerpt":{"rendered":"<p>OBJETIVO Disciplined Agile Scrum Master es un curso de nueve lecciones dirigido por un instructor que te muestra c\u00f3mo usar Disciplined Agile (DA) para mejorar la Forma de Trabajar \u201cWoW\u201d de tu equipo. Con este curso, te familiarizar\u00e1s con las pr\u00e1cticas \u00c1giles y Lean fundamentales que apoyan DA, practicar\u00e1s el uso del ToolKit para resolver [&hellip;]<\/p>\n","protected":false},"featured_media":11016,"template":"","meta":{"_acf_changed":false},"product_cat":[77],"product_tag":[],"acf":[],"yoast_head":"<!-- This site is optimized with the Yoast SEO plugin v24.5 - https:\/\/yoast.com\/wordpress\/plugins\/seo\/ -->\n<title>Preparaci\u00f3n para la Certificaci\u00f3n Disciplined Agile Scrum Master Virtual en Vivo CAP PMI - Proyectum Colombia<\/title>\n<meta name=\"description\" content=\"Curso Proyectum oficial del PMI\u00ae de preparaci\u00f3n y certificaci\u00f3n Disciplined Agile Scrum Master, DASM, DA Scrum Master, aprenda a escoger su Way of Working WoW, Choose your WoW\" \/>\n<meta name=\"robots\" content=\"index, follow, max-snippet:-1, max-image-preview:large, max-video-preview:-1\" \/>\n<link rel=\"canonical\" href=\"https:\/\/proyectum.com\/co\/product\/preparacion-para-la-certificacion-disciplined-agile-scrum-master-virtual-en-vivo2023\/\" \/>\n<meta property=\"og:locale\" content=\"es_ES\" \/>\n<meta property=\"og:type\" content=\"article\" \/>\n<meta property=\"og:title\" content=\"Preparaci\u00f3n para la Certificaci\u00f3n Disciplined Agile Scrum Master Virtual en Vivo CAP PMI - Proyectum Colombia\" \/>\n<meta property=\"og:description\" content=\"Curso Proyectum oficial del PMI\u00ae de preparaci\u00f3n y certificaci\u00f3n Disciplined Agile Scrum Master, DASM, DA Scrum Master, aprenda a escoger su Way of Working WoW, Choose your WoW\" \/>\n<meta property=\"og:url\" content=\"https:\/\/proyectum.com\/co\/product\/preparacion-para-la-certificacion-disciplined-agile-scrum-master-virtual-en-vivo2023\/\" \/>\n<meta property=\"og:site_name\" content=\"Proyectum Colombia\" \/>\n<meta property=\"article:publisher\" content=\"https:\/\/www.facebook.com\/proyectumcr\/\" \/>\n<meta property=\"article:modified_time\" content=\"2023-05-16T21:11:49+00:00\" \/>\n<meta property=\"og:image\" content=\"https:\/\/i0.wp.com\/proyectum.com\/co\/wp-content\/uploads\/2021\/05\/DASM-1.jpg?fit=540%2C540&ssl=1\" \/>\n\t<meta property=\"og:image:width\" content=\"540\" \/>\n\t<meta property=\"og:image:height\" content=\"540\" \/>\n\t<meta property=\"og:image:type\" content=\"image\/jpeg\" \/>\n<meta name=\"twitter:card\" content=\"summary_large_image\" \/>\n<meta name=\"twitter:label1\" content=\"Tiempo de lectura\" \/>\n\t<meta name=\"twitter:data1\" content=\"1 minuto\" \/>\n<script type=\"application\/ld+json\" class=\"yoast-schema-graph\">{\"@context\":\"https:\/\/schema.org\",\"@graph\":[{\"@type\":\"WebPage\",\"@id\":\"https:\/\/proyectum.com\/co\/product\/preparacion-para-la-certificacion-disciplined-agile-scrum-master-virtual-en-vivo2023\/\",\"url\":\"https:\/\/proyectum.com\/co\/product\/preparacion-para-la-certificacion-disciplined-agile-scrum-master-virtual-en-vivo2023\/\",\"name\":\"Preparaci\u00f3n para la Certificaci\u00f3n Disciplined Agile Scrum Master Virtual en Vivo CAP PMI - Proyectum Colombia\",\"isPartOf\":{\"@id\":\"https:\/\/proyectum.com\/co\/#website\"},\"primaryImageOfPage\":{\"@id\":\"https:\/\/proyectum.com\/co\/product\/preparacion-para-la-certificacion-disciplined-agile-scrum-master-virtual-en-vivo2023\/#primaryimage\"},\"image\":{\"@id\":\"https:\/\/proyectum.com\/co\/product\/preparacion-para-la-certificacion-disciplined-agile-scrum-master-virtual-en-vivo2023\/#primaryimage\"},\"thumbnailUrl\":\"https:\/\/i0.wp.com\/proyectum.com\/co\/wp-content\/uploads\/2021\/05\/DASM-1.jpg?fit=540%2C540&ssl=1\",\"datePublished\":\"2023-05-16T21:11:07+00:00\",\"dateModified\":\"2023-05-16T21:11:49+00:00\",\"description\":\"Curso Proyectum oficial del PMI\u00ae de preparaci\u00f3n y certificaci\u00f3n Disciplined Agile Scrum Master, DASM, DA Scrum Master, aprenda a escoger su Way of Working WoW, Choose your WoW\",\"breadcrumb\":{\"@id\":\"https:\/\/proyectum.com\/co\/product\/preparacion-para-la-certificacion-disciplined-agile-scrum-master-virtual-en-vivo2023\/#breadcrumb\"},\"inLanguage\":\"es\",\"potentialAction\":[{\"@type\":\"ReadAction\",\"target\":[\"https:\/\/proyectum.com\/co\/product\/preparacion-para-la-certificacion-disciplined-agile-scrum-master-virtual-en-vivo2023\/\"]}]},{\"@type\":\"ImageObject\",\"inLanguage\":\"es\",\"@id\":\"https:\/\/proyectum.com\/co\/product\/preparacion-para-la-certificacion-disciplined-agile-scrum-master-virtual-en-vivo2023\/#primaryimage\",\"url\":\"https:\/\/i0.wp.com\/proyectum.com\/co\/wp-content\/uploads\/2021\/05\/DASM-1.jpg?fit=540%2C540&ssl=1\",\"contentUrl\":\"https:\/\/i0.wp.com\/proyectum.com\/co\/wp-content\/uploads\/2021\/05\/DASM-1.jpg?fit=540%2C540&ssl=1\",\"width\":540,\"height\":540},{\"@type\":\"BreadcrumbList\",\"@id\":\"https:\/\/proyectum.com\/co\/product\/preparacion-para-la-certificacion-disciplined-agile-scrum-master-virtual-en-vivo2023\/#breadcrumb\",\"itemListElement\":[{\"@type\":\"ListItem\",\"position\":1,\"name\":\"Home\",\"item\":\"https:\/\/proyectum.com\/co\/\"},{\"@type\":\"ListItem\",\"position\":2,\"name\":\"Tienda\",\"item\":\"https:\/\/proyectum.com\/co\/tienda\/\"},{\"@type\":\"ListItem\",\"position\":3,\"name\":\"Preparaci\u00f3n para la Certificaci\u00f3n Disciplined Agile Scrum Master Virtual en Vivo CAP PMI\"}]},{\"@type\":\"WebSite\",\"@id\":\"https:\/\/proyectum.com\/co\/#website\",\"url\":\"https:\/\/proyectum.com\/co\/\",\"name\":\"Proyectum Costa Rica\",\"description\":\"Centro Autorizado de Capacitaci\u00f3n del Project Management Institute - ATP del PMI\",\"publisher\":{\"@id\":\"https:\/\/proyectum.com\/co\/#organization\"},\"potentialAction\":[{\"@type\":\"SearchAction\",\"target\":{\"@type\":\"EntryPoint\",\"urlTemplate\":\"https:\/\/proyectum.com\/co\/?s={search_term_string}\"},\"query-input\":{\"@type\":\"PropertyValueSpecification\",\"valueRequired\":true,\"valueName\":\"search_term_string\"}}],\"inLanguage\":\"es\"},{\"@type\":\"Organization\",\"@id\":\"https:\/\/proyectum.com\/co\/#organization\",\"name\":\"Proyectum Costa Rica\",\"url\":\"https:\/\/proyectum.com\/co\/\",\"logo\":{\"@type\":\"ImageObject\",\"inLanguage\":\"es\",\"@id\":\"https:\/\/proyectum.com\/co\/#\/schema\/logo\/image\/\",\"url\":\"https:\/\/i0.wp.com\/proyectum.com\/co\/wp-content\/uploads\/proyectum-logo-snippet.png?fit=600%2C315&ssl=1\",\"contentUrl\":\"https:\/\/i0.wp.com\/proyectum.com\/co\/wp-content\/uploads\/proyectum-logo-snippet.png?fit=600%2C315&ssl=1\",\"width\":600,\"height\":315,\"caption\":\"Proyectum Costa Rica\"},\"image\":{\"@id\":\"https:\/\/proyectum.com\/co\/#\/schema\/logo\/image\/\"},\"sameAs\":[\"https:\/\/www.facebook.com\/proyectumcr\/\",\"https:\/\/www.instagram.com\/proyectumcostarica\/\",\"https:\/\/www.linkedin.com\/company\/proyectum-costarica\/\",\"https:\/\/www.youtube.com\/channel\/UCljouWimyhK_cNcC2jniUgw\"]}]}<\/script>\n<!-- \/ Yoast SEO plugin. -->","yoast_head_json":{"title":"Preparaci\u00f3n para la Certificaci\u00f3n Disciplined Agile Scrum Master Virtual en Vivo CAP PMI - Proyectum Colombia","description":"Curso Proyectum oficial del PMI\u00ae de preparaci\u00f3n y certificaci\u00f3n Disciplined Agile Scrum Master, DASM, DA Scrum Master, aprenda a escoger su Way of Working WoW, Choose your WoW","robots":{"index":"index","follow":"follow","max-snippet":"max-snippet:-1","max-image-preview":"max-image-preview:large","max-video-preview":"max-video-preview:-1"},"canonical":"https:\/\/proyectum.com\/co\/product\/preparacion-para-la-certificacion-disciplined-agile-scrum-master-virtual-en-vivo2023\/","og_locale":"es_ES","og_type":"article","og_title":"Preparaci\u00f3n para la Certificaci\u00f3n Disciplined Agile Scrum Master Virtual en Vivo CAP PMI - Proyectum Colombia","og_description":"Curso Proyectum oficial del PMI\u00ae de preparaci\u00f3n y certificaci\u00f3n Disciplined Agile Scrum Master, DASM, DA Scrum Master, aprenda a escoger su Way of Working WoW, Choose your WoW","og_url":"https:\/\/proyectum.com\/co\/product\/preparacion-para-la-certificacion-disciplined-agile-scrum-master-virtual-en-vivo2023\/","og_site_name":"Proyectum Colombia","article_publisher":"https:\/\/www.facebook.com\/proyectumcr\/","article_modified_time":"2023-05-16T21:11:49+00:00","og_image":[{"width":540,"height":540,"url":"https:\/\/i0.wp.com\/proyectum.com\/co\/wp-content\/uploads\/2021\/05\/DASM-1.jpg?fit=540%2C540&ssl=1","type":"image\/jpeg"}],"twitter_card":"summary_large_image","twitter_misc":{"Tiempo de lectura":"1 minuto"},"schema":{"@context":"https:\/\/schema.org","@graph":[{"@type":"WebPage","@id":"https:\/\/proyectum.com\/co\/product\/preparacion-para-la-certificacion-disciplined-agile-scrum-master-virtual-en-vivo2023\/","url":"https:\/\/proyectum.com\/co\/product\/preparacion-para-la-certificacion-disciplined-agile-scrum-master-virtual-en-vivo2023\/","name":"Preparaci\u00f3n para la Certificaci\u00f3n Disciplined Agile Scrum Master Virtual en Vivo CAP PMI - Proyectum Colombia","isPartOf":{"@id":"https:\/\/proyectum.com\/co\/#website"},"primaryImageOfPage":{"@id":"https:\/\/proyectum.com\/co\/product\/preparacion-para-la-certificacion-disciplined-agile-scrum-master-virtual-en-vivo2023\/#primaryimage"},"image":{"@id":"https:\/\/proyectum.com\/co\/product\/preparacion-para-la-certificacion-disciplined-agile-scrum-master-virtual-en-vivo2023\/#primaryimage"},"thumbnailUrl":"https:\/\/i0.wp.com\/proyectum.com\/co\/wp-content\/uploads\/2021\/05\/DASM-1.jpg?fit=540%2C540&ssl=1","datePublished":"2023-05-16T21:11:07+00:00","dateModified":"2023-05-16T21:11:49+00:00","description":"Curso Proyectum oficial del PMI\u00ae de preparaci\u00f3n y certificaci\u00f3n Disciplined Agile Scrum Master, DASM, DA Scrum Master, aprenda a escoger su Way of Working WoW, Choose your WoW","breadcrumb":{"@id":"https:\/\/proyectum.com\/co\/product\/preparacion-para-la-certificacion-disciplined-agile-scrum-master-virtual-en-vivo2023\/#breadcrumb"},"inLanguage":"es","potentialAction":[{"@type":"ReadAction","target":["https:\/\/proyectum.com\/co\/product\/preparacion-para-la-certificacion-disciplined-agile-scrum-master-virtual-en-vivo2023\/"]}]},{"@type":"ImageObject","inLanguage":"es","@id":"https:\/\/proyectum.com\/co\/product\/preparacion-para-la-certificacion-disciplined-agile-scrum-master-virtual-en-vivo2023\/#primaryimage","url":"https:\/\/i0.wp.com\/proyectum.com\/co\/wp-content\/uploads\/2021\/05\/DASM-1.jpg?fit=540%2C540&ssl=1","contentUrl":"https:\/\/i0.wp.com\/proyectum.com\/co\/wp-content\/uploads\/2021\/05\/DASM-1.jpg?fit=540%2C540&ssl=1","width":540,"height":540},{"@type":"BreadcrumbList","@id":"https:\/\/proyectum.com\/co\/product\/preparacion-para-la-certificacion-disciplined-agile-scrum-master-virtual-en-vivo2023\/#breadcrumb","itemListElement":[{"@type":"ListItem","position":1,"name":"Home","item":"https:\/\/proyectum.com\/co\/"},{"@type":"ListItem","position":2,"name":"Tienda","item":"https:\/\/proyectum.com\/co\/tienda\/"},{"@type":"ListItem","position":3,"name":"Preparaci\u00f3n para la Certificaci\u00f3n Disciplined Agile Scrum Master Virtual en Vivo CAP PMI"}]},{"@type":"WebSite","@id":"https:\/\/proyectum.com\/co\/#website","url":"https:\/\/proyectum.com\/co\/","name":"Proyectum Costa Rica","description":"Centro Autorizado de Capacitaci\u00f3n del Project Management Institute - ATP del PMI","publisher":{"@id":"https:\/\/proyectum.com\/co\/#organization"},"potentialAction":[{"@type":"SearchAction","target":{"@type":"EntryPoint","urlTemplate":"https:\/\/proyectum.com\/co\/?s={search_term_string}"},"query-input":{"@type":"PropertyValueSpecification","valueRequired":true,"valueName":"search_term_string"}}],"inLanguage":"es"},{"@type":"Organization","@id":"https:\/\/proyectum.com\/co\/#organization","name":"Proyectum Costa Rica","url":"https:\/\/proyectum.com\/co\/","logo":{"@type":"ImageObject","inLanguage":"es","@id":"https:\/\/proyectum.com\/co\/#\/schema\/logo\/image\/","url":"https:\/\/i0.wp.com\/proyectum.com\/co\/wp-content\/uploads\/proyectum-logo-snippet.png?fit=600%2C315&ssl=1","contentUrl":"https:\/\/i0.wp.com\/proyectum.com\/co\/wp-content\/uploads\/proyectum-logo-snippet.png?fit=600%2C315&ssl=1","width":600,"height":315,"caption":"Proyectum Costa Rica"},"image":{"@id":"https:\/\/proyectum.com\/co\/#\/schema\/logo\/image\/"},"sameAs":["https:\/\/www.facebook.com\/proyectumcr\/","https:\/\/www.instagram.com\/proyectumcostarica\/","https:\/\/www.linkedin.com\/company\/proyectum-costarica\/","https:\/\/www.youtube.com\/channel\/UCljouWimyhK_cNcC2jniUgw"]}]}},"jetpack_sharing_enabled":true,"_links":{"self":[{"href":"https:\/\/proyectum.com\/co\/wp-json\/wp\/v2\/product\/11838"}],"collection":[{"href":"https:\/\/proyectum.com\/co\/wp-json\/wp\/v2\/product"}],"about":[{"href":"https:\/\/proyectum.com\/co\/wp-json\/wp\/v2\/types\/product"}],"wp:featuredmedia":[{"embeddable":true,"href":"https:\/\/proyectum.com\/co\/wp-json\/wp\/v2\/media\/11016"}],"wp:attachment":[{"href":"https:\/\/proyectum.com\/co\/wp-json\/wp\/v2\/media?parent=11838"}],"wp:term":[{"taxonomy":"product_cat","embeddable":true,"href":"https:\/\/proyectum.com\/co\/wp-json\/wp\/v2\/product_cat?post=11838"},{"taxonomy":"product_tag","embeddable":true,"href":"https:\/\/proyectum.com\/co\/wp-json\/wp\/v2\/product_tag?post=11838"}],"curies":[{"name":"wp","href":"https:\/\/api.w.org\/{rel}","templated":true}]}}