{"id":12540,"date":"2026-04-30T09:04:11","date_gmt":"2026-04-30T14:04:11","guid":{"rendered":"https:\/\/proyectum.com\/co\/?post_type=product&#038;p=12540"},"modified":"2026-04-30T09:05:55","modified_gmt":"2026-04-30T14:05:55","slug":"curso-de-preparacion-para-la-certificacion-pmo-cp-de-pmi","status":"publish","type":"product","link":"https:\/\/proyectum.com\/co\/product\/curso-de-preparacion-para-la-certificacion-pmo-cp-de-pmi\/","title":{"rendered":"Curso de Preparaci\u00f3n para la Certificaci\u00f3n PMO-CP de PMI\u00ae"},"content":{"rendered":"<p class=\"vc_custom_heading vc_do_custom_heading wpb_custom_aa365bd5046e8294520b4e73732b9d15 align-left\">La certificaci\u00f3n PMI-PMOCP enfatiza el valor estrat\u00e9gico de las PMO, centr\u00e1ndose en la flexibilidad y los enfoques personalizados en lugar de un modelo universal.<\/p>\n","protected":false},"excerpt":{"rendered":"<p>La certificaci\u00f3n PMI-PMOCP enfatiza el valor estrat\u00e9gico de las PMO, centr\u00e1ndose en la flexibilidad y los enfoques personalizados en lugar de un modelo universal.<\/p>\n","protected":false},"featured_media":12559,"template":"","meta":{"_acf_changed":false},"product_cat":[99],"product_tag":[],"acf":[],"yoast_head":"<!-- This site is optimized with the Yoast SEO plugin v24.5 - https:\/\/yoast.com\/wordpress\/plugins\/seo\/ -->\n<title>Curso de Preparaci\u00f3n para la Certificaci\u00f3n PMO-CP de PMI\u00ae - Proyectum Colombia<\/title>\n<meta name=\"robots\" content=\"index, follow, max-snippet:-1, max-image-preview:large, max-video-preview:-1\" \/>\n<link rel=\"canonical\" href=\"https:\/\/proyectum.com\/co\/product\/curso-de-preparacion-para-la-certificacion-pmo-cp-de-pmi\/\" \/>\n<meta property=\"og:locale\" content=\"es_ES\" \/>\n<meta property=\"og:type\" content=\"article\" \/>\n<meta property=\"og:title\" content=\"Curso de Preparaci\u00f3n para la Certificaci\u00f3n PMO-CP de PMI\u00ae - Proyectum Colombia\" \/>\n<meta property=\"og:description\" content=\"La certificaci\u00f3n PMI-PMOCP enfatiza el valor estrat\u00e9gico de las PMO, centr\u00e1ndose en la flexibilidad y los enfoques personalizados en lugar de un modelo universal.\" \/>\n<meta property=\"og:url\" content=\"https:\/\/proyectum.com\/co\/product\/curso-de-preparacion-para-la-certificacion-pmo-cp-de-pmi\/\" \/>\n<meta property=\"og:site_name\" content=\"Proyectum Colombia\" \/>\n<meta property=\"article:publisher\" content=\"https:\/\/www.facebook.com\/proyectumcr\/\" \/>\n<meta property=\"article:modified_time\" content=\"2026-04-30T14:05:55+00:00\" \/>\n<meta property=\"og:image\" content=\"https:\/\/proyectum.com\/co\/wp-content\/uploads\/2026\/04\/female-young-manager-discussing-adhesive-note-with-coworkers-office-meeting-scaled-1.jpg\" \/>\n\t<meta property=\"og:image:width\" content=\"2560\" \/>\n\t<meta property=\"og:image:height\" content=\"1707\" \/>\n\t<meta property=\"og:image:type\" content=\"image\/jpeg\" \/>\n<meta name=\"twitter:card\" content=\"summary_large_image\" \/>\n<meta name=\"twitter:label1\" content=\"Tiempo de lectura\" \/>\n\t<meta name=\"twitter:data1\" content=\"1 minuto\" \/>\n<script type=\"application\/ld+json\" class=\"yoast-schema-graph\">{\"@context\":\"https:\/\/schema.org\",\"@graph\":[{\"@type\":\"WebPage\",\"@id\":\"https:\/\/proyectum.com\/co\/product\/curso-de-preparacion-para-la-certificacion-pmo-cp-de-pmi\/\",\"url\":\"https:\/\/proyectum.com\/co\/product\/curso-de-preparacion-para-la-certificacion-pmo-cp-de-pmi\/\",\"name\":\"Curso de Preparaci\u00f3n para la Certificaci\u00f3n PMO-CP de PMI\u00ae - Proyectum Colombia\",\"isPartOf\":{\"@id\":\"https:\/\/proyectum.com\/co\/#website\"},\"primaryImageOfPage\":{\"@id\":\"https:\/\/proyectum.com\/co\/product\/curso-de-preparacion-para-la-certificacion-pmo-cp-de-pmi\/#primaryimage\"},\"image\":{\"@id\":\"https:\/\/proyectum.com\/co\/product\/curso-de-preparacion-para-la-certificacion-pmo-cp-de-pmi\/#primaryimage\"},\"thumbnailUrl\":\"https:\/\/i0.wp.com\/proyectum.com\/co\/wp-content\/uploads\/2026\/04\/female-young-manager-discussing-adhesive-note-with-coworkers-office-meeting-scaled-1.jpg?fit=2560%2C1707&ssl=1\",\"datePublished\":\"2026-04-30T14:04:11+00:00\",\"dateModified\":\"2026-04-30T14:05:55+00:00\",\"breadcrumb\":{\"@id\":\"https:\/\/proyectum.com\/co\/product\/curso-de-preparacion-para-la-certificacion-pmo-cp-de-pmi\/#breadcrumb\"},\"inLanguage\":\"es\",\"potentialAction\":[{\"@type\":\"ReadAction\",\"target\":[\"https:\/\/proyectum.com\/co\/product\/curso-de-preparacion-para-la-certificacion-pmo-cp-de-pmi\/\"]}]},{\"@type\":\"ImageObject\",\"inLanguage\":\"es\",\"@id\":\"https:\/\/proyectum.com\/co\/product\/curso-de-preparacion-para-la-certificacion-pmo-cp-de-pmi\/#primaryimage\",\"url\":\"https:\/\/i0.wp.com\/proyectum.com\/co\/wp-content\/uploads\/2026\/04\/female-young-manager-discussing-adhesive-note-with-coworkers-office-meeting-scaled-1.jpg?fit=2560%2C1707&ssl=1\",\"contentUrl\":\"https:\/\/i0.wp.com\/proyectum.com\/co\/wp-content\/uploads\/2026\/04\/female-young-manager-discussing-adhesive-note-with-coworkers-office-meeting-scaled-1.jpg?fit=2560%2C1707&ssl=1\",\"width\":2560,\"height\":1707},{\"@type\":\"BreadcrumbList\",\"@id\":\"https:\/\/proyectum.com\/co\/product\/curso-de-preparacion-para-la-certificacion-pmo-cp-de-pmi\/#breadcrumb\",\"itemListElement\":[{\"@type\":\"ListItem\",\"position\":1,\"name\":\"Home\",\"item\":\"https:\/\/proyectum.com\/co\/\"},{\"@type\":\"ListItem\",\"position\":2,\"name\":\"Tienda\",\"item\":\"https:\/\/proyectum.com\/co\/tienda\/\"},{\"@type\":\"ListItem\",\"position\":3,\"name\":\"Curso de Preparaci\u00f3n para la Certificaci\u00f3n PMO-CP de PMI\u00ae\"}]},{\"@type\":\"WebSite\",\"@id\":\"https:\/\/proyectum.com\/co\/#website\",\"url\":\"https:\/\/proyectum.com\/co\/\",\"name\":\"Proyectum Costa Rica\",\"description\":\"Centro Autorizado de Capacitaci\u00f3n del Project Management Institute - ATP del PMI\",\"publisher\":{\"@id\":\"https:\/\/proyectum.com\/co\/#organization\"},\"potentialAction\":[{\"@type\":\"SearchAction\",\"target\":{\"@type\":\"EntryPoint\",\"urlTemplate\":\"https:\/\/proyectum.com\/co\/?s={search_term_string}\"},\"query-input\":{\"@type\":\"PropertyValueSpecification\",\"valueRequired\":true,\"valueName\":\"search_term_string\"}}],\"inLanguage\":\"es\"},{\"@type\":\"Organization\",\"@id\":\"https:\/\/proyectum.com\/co\/#organization\",\"name\":\"Proyectum Costa Rica\",\"url\":\"https:\/\/proyectum.com\/co\/\",\"logo\":{\"@type\":\"ImageObject\",\"inLanguage\":\"es\",\"@id\":\"https:\/\/proyectum.com\/co\/#\/schema\/logo\/image\/\",\"url\":\"https:\/\/i0.wp.com\/proyectum.com\/co\/wp-content\/uploads\/proyectum-logo-snippet.png?fit=600%2C315&ssl=1\",\"contentUrl\":\"https:\/\/i0.wp.com\/proyectum.com\/co\/wp-content\/uploads\/proyectum-logo-snippet.png?fit=600%2C315&ssl=1\",\"width\":600,\"height\":315,\"caption\":\"Proyectum Costa Rica\"},\"image\":{\"@id\":\"https:\/\/proyectum.com\/co\/#\/schema\/logo\/image\/\"},\"sameAs\":[\"https:\/\/www.facebook.com\/proyectumcr\/\",\"https:\/\/www.instagram.com\/proyectumcostarica\/\",\"https:\/\/www.linkedin.com\/company\/proyectum-costarica\/\",\"https:\/\/www.youtube.com\/channel\/UCljouWimyhK_cNcC2jniUgw\"]}]}<\/script>\n<!-- \/ Yoast SEO plugin. -->","yoast_head_json":{"title":"Curso de Preparaci\u00f3n para la Certificaci\u00f3n PMO-CP de PMI\u00ae - Proyectum Colombia","robots":{"index":"index","follow":"follow","max-snippet":"max-snippet:-1","max-image-preview":"max-image-preview:large","max-video-preview":"max-video-preview:-1"},"canonical":"https:\/\/proyectum.com\/co\/product\/curso-de-preparacion-para-la-certificacion-pmo-cp-de-pmi\/","og_locale":"es_ES","og_type":"article","og_title":"Curso de Preparaci\u00f3n para la Certificaci\u00f3n PMO-CP de PMI\u00ae - Proyectum Colombia","og_description":"La certificaci\u00f3n PMI-PMOCP enfatiza el valor estrat\u00e9gico de las PMO, centr\u00e1ndose en la flexibilidad y los enfoques personalizados en lugar de un modelo universal.","og_url":"https:\/\/proyectum.com\/co\/product\/curso-de-preparacion-para-la-certificacion-pmo-cp-de-pmi\/","og_site_name":"Proyectum Colombia","article_publisher":"https:\/\/www.facebook.com\/proyectumcr\/","article_modified_time":"2026-04-30T14:05:55+00:00","og_image":[{"width":2560,"height":1707,"url":"https:\/\/proyectum.com\/co\/wp-content\/uploads\/2026\/04\/female-young-manager-discussing-adhesive-note-with-coworkers-office-meeting-scaled-1.jpg","type":"image\/jpeg"}],"twitter_card":"summary_large_image","twitter_misc":{"Tiempo de lectura":"1 minuto"},"schema":{"@context":"https:\/\/schema.org","@graph":[{"@type":"WebPage","@id":"https:\/\/proyectum.com\/co\/product\/curso-de-preparacion-para-la-certificacion-pmo-cp-de-pmi\/","url":"https:\/\/proyectum.com\/co\/product\/curso-de-preparacion-para-la-certificacion-pmo-cp-de-pmi\/","name":"Curso de Preparaci\u00f3n para la Certificaci\u00f3n PMO-CP de PMI\u00ae - Proyectum Colombia","isPartOf":{"@id":"https:\/\/proyectum.com\/co\/#website"},"primaryImageOfPage":{"@id":"https:\/\/proyectum.com\/co\/product\/curso-de-preparacion-para-la-certificacion-pmo-cp-de-pmi\/#primaryimage"},"image":{"@id":"https:\/\/proyectum.com\/co\/product\/curso-de-preparacion-para-la-certificacion-pmo-cp-de-pmi\/#primaryimage"},"thumbnailUrl":"https:\/\/i0.wp.com\/proyectum.com\/co\/wp-content\/uploads\/2026\/04\/female-young-manager-discussing-adhesive-note-with-coworkers-office-meeting-scaled-1.jpg?fit=2560%2C1707&ssl=1","datePublished":"2026-04-30T14:04:11+00:00","dateModified":"2026-04-30T14:05:55+00:00","breadcrumb":{"@id":"https:\/\/proyectum.com\/co\/product\/curso-de-preparacion-para-la-certificacion-pmo-cp-de-pmi\/#breadcrumb"},"inLanguage":"es","potentialAction":[{"@type":"ReadAction","target":["https:\/\/proyectum.com\/co\/product\/curso-de-preparacion-para-la-certificacion-pmo-cp-de-pmi\/"]}]},{"@type":"ImageObject","inLanguage":"es","@id":"https:\/\/proyectum.com\/co\/product\/curso-de-preparacion-para-la-certificacion-pmo-cp-de-pmi\/#primaryimage","url":"https:\/\/i0.wp.com\/proyectum.com\/co\/wp-content\/uploads\/2026\/04\/female-young-manager-discussing-adhesive-note-with-coworkers-office-meeting-scaled-1.jpg?fit=2560%2C1707&ssl=1","contentUrl":"https:\/\/i0.wp.com\/proyectum.com\/co\/wp-content\/uploads\/2026\/04\/female-young-manager-discussing-adhesive-note-with-coworkers-office-meeting-scaled-1.jpg?fit=2560%2C1707&ssl=1","width":2560,"height":1707},{"@type":"BreadcrumbList","@id":"https:\/\/proyectum.com\/co\/product\/curso-de-preparacion-para-la-certificacion-pmo-cp-de-pmi\/#breadcrumb","itemListElement":[{"@type":"ListItem","position":1,"name":"Home","item":"https:\/\/proyectum.com\/co\/"},{"@type":"ListItem","position":2,"name":"Tienda","item":"https:\/\/proyectum.com\/co\/tienda\/"},{"@type":"ListItem","position":3,"name":"Curso de Preparaci\u00f3n para la Certificaci\u00f3n PMO-CP de PMI\u00ae"}]},{"@type":"WebSite","@id":"https:\/\/proyectum.com\/co\/#website","url":"https:\/\/proyectum.com\/co\/","name":"Proyectum Costa Rica","description":"Centro Autorizado de Capacitaci\u00f3n del Project Management Institute - ATP del PMI","publisher":{"@id":"https:\/\/proyectum.com\/co\/#organization"},"potentialAction":[{"@type":"SearchAction","target":{"@type":"EntryPoint","urlTemplate":"https:\/\/proyectum.com\/co\/?s={search_term_string}"},"query-input":{"@type":"PropertyValueSpecification","valueRequired":true,"valueName":"search_term_string"}}],"inLanguage":"es"},{"@type":"Organization","@id":"https:\/\/proyectum.com\/co\/#organization","name":"Proyectum Costa Rica","url":"https:\/\/proyectum.com\/co\/","logo":{"@type":"ImageObject","inLanguage":"es","@id":"https:\/\/proyectum.com\/co\/#\/schema\/logo\/image\/","url":"https:\/\/i0.wp.com\/proyectum.com\/co\/wp-content\/uploads\/proyectum-logo-snippet.png?fit=600%2C315&ssl=1","contentUrl":"https:\/\/i0.wp.com\/proyectum.com\/co\/wp-content\/uploads\/proyectum-logo-snippet.png?fit=600%2C315&ssl=1","width":600,"height":315,"caption":"Proyectum Costa Rica"},"image":{"@id":"https:\/\/proyectum.com\/co\/#\/schema\/logo\/image\/"},"sameAs":["https:\/\/www.facebook.com\/proyectumcr\/","https:\/\/www.instagram.com\/proyectumcostarica\/","https:\/\/www.linkedin.com\/company\/proyectum-costarica\/","https:\/\/www.youtube.com\/channel\/UCljouWimyhK_cNcC2jniUgw"]}]}},"jetpack_sharing_enabled":true,"_links":{"self":[{"href":"https:\/\/proyectum.com\/co\/wp-json\/wp\/v2\/product\/12540"}],"collection":[{"href":"https:\/\/proyectum.com\/co\/wp-json\/wp\/v2\/product"}],"about":[{"href":"https:\/\/proyectum.com\/co\/wp-json\/wp\/v2\/types\/product"}],"wp:featuredmedia":[{"embeddable":true,"href":"https:\/\/proyectum.com\/co\/wp-json\/wp\/v2\/media\/12559"}],"wp:attachment":[{"href":"https:\/\/proyectum.com\/co\/wp-json\/wp\/v2\/media?parent=12540"}],"wp:term":[{"taxonomy":"product_cat","embeddable":true,"href":"https:\/\/proyectum.com\/co\/wp-json\/wp\/v2\/product_cat?post=12540"},{"taxonomy":"product_tag","embeddable":true,"href":"https:\/\/proyectum.com\/co\/wp-json\/wp\/v2\/product_tag?post=12540"}],"curies":[{"name":"wp","href":"https:\/\/api.w.org\/{rel}","templated":true}]}}