{"id":12560,"date":"2026-04-30T09:36:32","date_gmt":"2026-04-30T14:36:32","guid":{"rendered":"https:\/\/proyectum.com\/co\/?post_type=product&#038;p=12560"},"modified":"2026-04-30T09:43:38","modified_gmt":"2026-04-30T14:43:38","slug":"curso-de-preparacion-a-istqb","status":"publish","type":"product","link":"https:\/\/proyectum.com\/co\/product\/curso-de-preparacion-a-istqb\/","title":{"rendered":"Curso de Preparaci\u00f3n a ISTQB\u00ae"},"content":{"rendered":"<p class=\"vc_custom_heading vc_do_custom_heading wpb_custom_aa365bd5046e8294520b4e73732b9d15 align-left\">Descubre los fundamentos, t\u00e9cnicas y administraci\u00f3n del testing, y prep\u00e1rate para el examen de certificaci\u00f3n ISTQB\u00ae. Descubre c\u00f3mo aplicar el testing en cualquier ciclo de vida del software y ampl\u00eda tus conocimientos en el mundo del aseguramiento de la calidad.<\/p>\n","protected":false},"excerpt":{"rendered":"<p>Este Curso de Preparaci\u00f3n a ISTQB\u00ae Foundation Level Certified Tester te capacita en las mejores pr\u00e1cticas de testing de software, cubriendo fundamentos, t\u00e9cnicas y gesti\u00f3n de pruebas. A trav\u00e9s de m\u00f3dulos detallados y material de apoyo, te preparamos para acreditar el examen ISTQB\u00ae, elevando tu perfil profesional en el \u00e1mbito de la calidad del software.<\/p>\n","protected":false},"featured_media":12559,"template":"","meta":{"_acf_changed":false},"product_cat":[101],"product_tag":[],"acf":[],"yoast_head":"<!-- This site is optimized with the Yoast SEO plugin v24.5 - https:\/\/yoast.com\/wordpress\/plugins\/seo\/ -->\n<title>Curso de Preparaci\u00f3n a ISTQB\u00ae - Proyectum Colombia<\/title>\n<meta name=\"robots\" content=\"index, follow, max-snippet:-1, max-image-preview:large, max-video-preview:-1\" \/>\n<link rel=\"canonical\" href=\"https:\/\/proyectum.com\/co\/product\/curso-de-preparacion-a-istqb\/\" \/>\n<meta property=\"og:locale\" content=\"es_ES\" \/>\n<meta property=\"og:type\" content=\"article\" \/>\n<meta property=\"og:title\" content=\"Curso de Preparaci\u00f3n a ISTQB\u00ae - Proyectum Colombia\" \/>\n<meta property=\"og:description\" content=\"Este Curso de Preparaci\u00f3n a ISTQB\u00ae Foundation Level Certified Tester te capacita en las mejores pr\u00e1cticas de testing de software, cubriendo fundamentos, t\u00e9cnicas y gesti\u00f3n de pruebas. A trav\u00e9s de m\u00f3dulos detallados y material de apoyo, te preparamos para acreditar el examen ISTQB\u00ae, elevando tu perfil profesional en el \u00e1mbito de la calidad del software.\" \/>\n<meta property=\"og:url\" content=\"https:\/\/proyectum.com\/co\/product\/curso-de-preparacion-a-istqb\/\" \/>\n<meta property=\"og:site_name\" content=\"Proyectum Colombia\" \/>\n<meta property=\"article:publisher\" content=\"https:\/\/www.facebook.com\/proyectumcr\/\" \/>\n<meta property=\"article:modified_time\" content=\"2026-04-30T14:43:38+00:00\" \/>\n<meta property=\"og:image\" content=\"https:\/\/proyectum.com\/co\/wp-content\/uploads\/2026\/04\/female-young-manager-discussing-adhesive-note-with-coworkers-office-meeting-scaled-1.jpg\" \/>\n\t<meta property=\"og:image:width\" content=\"2560\" \/>\n\t<meta property=\"og:image:height\" content=\"1707\" \/>\n\t<meta property=\"og:image:type\" content=\"image\/jpeg\" \/>\n<meta name=\"twitter:card\" content=\"summary_large_image\" \/>\n<meta name=\"twitter:label1\" content=\"Tiempo de lectura\" \/>\n\t<meta name=\"twitter:data1\" content=\"1 minuto\" \/>\n<script type=\"application\/ld+json\" class=\"yoast-schema-graph\">{\"@context\":\"https:\/\/schema.org\",\"@graph\":[{\"@type\":\"WebPage\",\"@id\":\"https:\/\/proyectum.com\/co\/product\/curso-de-preparacion-a-istqb\/\",\"url\":\"https:\/\/proyectum.com\/co\/product\/curso-de-preparacion-a-istqb\/\",\"name\":\"Curso de Preparaci\u00f3n a ISTQB\u00ae - Proyectum Colombia\",\"isPartOf\":{\"@id\":\"https:\/\/proyectum.com\/co\/#website\"},\"primaryImageOfPage\":{\"@id\":\"https:\/\/proyectum.com\/co\/product\/curso-de-preparacion-a-istqb\/#primaryimage\"},\"image\":{\"@id\":\"https:\/\/proyectum.com\/co\/product\/curso-de-preparacion-a-istqb\/#primaryimage\"},\"thumbnailUrl\":\"https:\/\/i0.wp.com\/proyectum.com\/co\/wp-content\/uploads\/2026\/04\/female-young-manager-discussing-adhesive-note-with-coworkers-office-meeting-scaled-1.jpg?fit=2560%2C1707&ssl=1\",\"datePublished\":\"2026-04-30T14:36:32+00:00\",\"dateModified\":\"2026-04-30T14:43:38+00:00\",\"breadcrumb\":{\"@id\":\"https:\/\/proyectum.com\/co\/product\/curso-de-preparacion-a-istqb\/#breadcrumb\"},\"inLanguage\":\"es\",\"potentialAction\":[{\"@type\":\"ReadAction\",\"target\":[\"https:\/\/proyectum.com\/co\/product\/curso-de-preparacion-a-istqb\/\"]}]},{\"@type\":\"ImageObject\",\"inLanguage\":\"es\",\"@id\":\"https:\/\/proyectum.com\/co\/product\/curso-de-preparacion-a-istqb\/#primaryimage\",\"url\":\"https:\/\/i0.wp.com\/proyectum.com\/co\/wp-content\/uploads\/2026\/04\/female-young-manager-discussing-adhesive-note-with-coworkers-office-meeting-scaled-1.jpg?fit=2560%2C1707&ssl=1\",\"contentUrl\":\"https:\/\/i0.wp.com\/proyectum.com\/co\/wp-content\/uploads\/2026\/04\/female-young-manager-discussing-adhesive-note-with-coworkers-office-meeting-scaled-1.jpg?fit=2560%2C1707&ssl=1\",\"width\":2560,\"height\":1707},{\"@type\":\"BreadcrumbList\",\"@id\":\"https:\/\/proyectum.com\/co\/product\/curso-de-preparacion-a-istqb\/#breadcrumb\",\"itemListElement\":[{\"@type\":\"ListItem\",\"position\":1,\"name\":\"Home\",\"item\":\"https:\/\/proyectum.com\/co\/\"},{\"@type\":\"ListItem\",\"position\":2,\"name\":\"Tienda\",\"item\":\"https:\/\/proyectum.com\/co\/tienda\/\"},{\"@type\":\"ListItem\",\"position\":3,\"name\":\"Curso de Preparaci\u00f3n a ISTQB\u00ae\"}]},{\"@type\":\"WebSite\",\"@id\":\"https:\/\/proyectum.com\/co\/#website\",\"url\":\"https:\/\/proyectum.com\/co\/\",\"name\":\"Proyectum Costa Rica\",\"description\":\"Centro Autorizado de Capacitaci\u00f3n del Project Management Institute - ATP del PMI\",\"publisher\":{\"@id\":\"https:\/\/proyectum.com\/co\/#organization\"},\"potentialAction\":[{\"@type\":\"SearchAction\",\"target\":{\"@type\":\"EntryPoint\",\"urlTemplate\":\"https:\/\/proyectum.com\/co\/?s={search_term_string}\"},\"query-input\":{\"@type\":\"PropertyValueSpecification\",\"valueRequired\":true,\"valueName\":\"search_term_string\"}}],\"inLanguage\":\"es\"},{\"@type\":\"Organization\",\"@id\":\"https:\/\/proyectum.com\/co\/#organization\",\"name\":\"Proyectum Costa Rica\",\"url\":\"https:\/\/proyectum.com\/co\/\",\"logo\":{\"@type\":\"ImageObject\",\"inLanguage\":\"es\",\"@id\":\"https:\/\/proyectum.com\/co\/#\/schema\/logo\/image\/\",\"url\":\"https:\/\/i0.wp.com\/proyectum.com\/co\/wp-content\/uploads\/proyectum-logo-snippet.png?fit=600%2C315&ssl=1\",\"contentUrl\":\"https:\/\/i0.wp.com\/proyectum.com\/co\/wp-content\/uploads\/proyectum-logo-snippet.png?fit=600%2C315&ssl=1\",\"width\":600,\"height\":315,\"caption\":\"Proyectum Costa Rica\"},\"image\":{\"@id\":\"https:\/\/proyectum.com\/co\/#\/schema\/logo\/image\/\"},\"sameAs\":[\"https:\/\/www.facebook.com\/proyectumcr\/\",\"https:\/\/www.instagram.com\/proyectumcostarica\/\",\"https:\/\/www.linkedin.com\/company\/proyectum-costarica\/\",\"https:\/\/www.youtube.com\/channel\/UCljouWimyhK_cNcC2jniUgw\"]}]}<\/script>\n<!-- \/ Yoast SEO plugin. -->","yoast_head_json":{"title":"Curso de Preparaci\u00f3n a ISTQB\u00ae - Proyectum Colombia","robots":{"index":"index","follow":"follow","max-snippet":"max-snippet:-1","max-image-preview":"max-image-preview:large","max-video-preview":"max-video-preview:-1"},"canonical":"https:\/\/proyectum.com\/co\/product\/curso-de-preparacion-a-istqb\/","og_locale":"es_ES","og_type":"article","og_title":"Curso de Preparaci\u00f3n a ISTQB\u00ae - Proyectum Colombia","og_description":"Este Curso de Preparaci\u00f3n a ISTQB\u00ae Foundation Level Certified Tester te capacita en las mejores pr\u00e1cticas de testing de software, cubriendo fundamentos, t\u00e9cnicas y gesti\u00f3n de pruebas. A trav\u00e9s de m\u00f3dulos detallados y material de apoyo, te preparamos para acreditar el examen ISTQB\u00ae, elevando tu perfil profesional en el \u00e1mbito de la calidad del software.","og_url":"https:\/\/proyectum.com\/co\/product\/curso-de-preparacion-a-istqb\/","og_site_name":"Proyectum Colombia","article_publisher":"https:\/\/www.facebook.com\/proyectumcr\/","article_modified_time":"2026-04-30T14:43:38+00:00","og_image":[{"width":2560,"height":1707,"url":"https:\/\/proyectum.com\/co\/wp-content\/uploads\/2026\/04\/female-young-manager-discussing-adhesive-note-with-coworkers-office-meeting-scaled-1.jpg","type":"image\/jpeg"}],"twitter_card":"summary_large_image","twitter_misc":{"Tiempo de lectura":"1 minuto"},"schema":{"@context":"https:\/\/schema.org","@graph":[{"@type":"WebPage","@id":"https:\/\/proyectum.com\/co\/product\/curso-de-preparacion-a-istqb\/","url":"https:\/\/proyectum.com\/co\/product\/curso-de-preparacion-a-istqb\/","name":"Curso de Preparaci\u00f3n a ISTQB\u00ae - Proyectum Colombia","isPartOf":{"@id":"https:\/\/proyectum.com\/co\/#website"},"primaryImageOfPage":{"@id":"https:\/\/proyectum.com\/co\/product\/curso-de-preparacion-a-istqb\/#primaryimage"},"image":{"@id":"https:\/\/proyectum.com\/co\/product\/curso-de-preparacion-a-istqb\/#primaryimage"},"thumbnailUrl":"https:\/\/i0.wp.com\/proyectum.com\/co\/wp-content\/uploads\/2026\/04\/female-young-manager-discussing-adhesive-note-with-coworkers-office-meeting-scaled-1.jpg?fit=2560%2C1707&ssl=1","datePublished":"2026-04-30T14:36:32+00:00","dateModified":"2026-04-30T14:43:38+00:00","breadcrumb":{"@id":"https:\/\/proyectum.com\/co\/product\/curso-de-preparacion-a-istqb\/#breadcrumb"},"inLanguage":"es","potentialAction":[{"@type":"ReadAction","target":["https:\/\/proyectum.com\/co\/product\/curso-de-preparacion-a-istqb\/"]}]},{"@type":"ImageObject","inLanguage":"es","@id":"https:\/\/proyectum.com\/co\/product\/curso-de-preparacion-a-istqb\/#primaryimage","url":"https:\/\/i0.wp.com\/proyectum.com\/co\/wp-content\/uploads\/2026\/04\/female-young-manager-discussing-adhesive-note-with-coworkers-office-meeting-scaled-1.jpg?fit=2560%2C1707&ssl=1","contentUrl":"https:\/\/i0.wp.com\/proyectum.com\/co\/wp-content\/uploads\/2026\/04\/female-young-manager-discussing-adhesive-note-with-coworkers-office-meeting-scaled-1.jpg?fit=2560%2C1707&ssl=1","width":2560,"height":1707},{"@type":"BreadcrumbList","@id":"https:\/\/proyectum.com\/co\/product\/curso-de-preparacion-a-istqb\/#breadcrumb","itemListElement":[{"@type":"ListItem","position":1,"name":"Home","item":"https:\/\/proyectum.com\/co\/"},{"@type":"ListItem","position":2,"name":"Tienda","item":"https:\/\/proyectum.com\/co\/tienda\/"},{"@type":"ListItem","position":3,"name":"Curso de Preparaci\u00f3n a ISTQB\u00ae"}]},{"@type":"WebSite","@id":"https:\/\/proyectum.com\/co\/#website","url":"https:\/\/proyectum.com\/co\/","name":"Proyectum Costa Rica","description":"Centro Autorizado de Capacitaci\u00f3n del Project Management Institute - ATP del PMI","publisher":{"@id":"https:\/\/proyectum.com\/co\/#organization"},"potentialAction":[{"@type":"SearchAction","target":{"@type":"EntryPoint","urlTemplate":"https:\/\/proyectum.com\/co\/?s={search_term_string}"},"query-input":{"@type":"PropertyValueSpecification","valueRequired":true,"valueName":"search_term_string"}}],"inLanguage":"es"},{"@type":"Organization","@id":"https:\/\/proyectum.com\/co\/#organization","name":"Proyectum Costa Rica","url":"https:\/\/proyectum.com\/co\/","logo":{"@type":"ImageObject","inLanguage":"es","@id":"https:\/\/proyectum.com\/co\/#\/schema\/logo\/image\/","url":"https:\/\/i0.wp.com\/proyectum.com\/co\/wp-content\/uploads\/proyectum-logo-snippet.png?fit=600%2C315&ssl=1","contentUrl":"https:\/\/i0.wp.com\/proyectum.com\/co\/wp-content\/uploads\/proyectum-logo-snippet.png?fit=600%2C315&ssl=1","width":600,"height":315,"caption":"Proyectum Costa Rica"},"image":{"@id":"https:\/\/proyectum.com\/co\/#\/schema\/logo\/image\/"},"sameAs":["https:\/\/www.facebook.com\/proyectumcr\/","https:\/\/www.instagram.com\/proyectumcostarica\/","https:\/\/www.linkedin.com\/company\/proyectum-costarica\/","https:\/\/www.youtube.com\/channel\/UCljouWimyhK_cNcC2jniUgw"]}]}},"jetpack_sharing_enabled":true,"_links":{"self":[{"href":"https:\/\/proyectum.com\/co\/wp-json\/wp\/v2\/product\/12560"}],"collection":[{"href":"https:\/\/proyectum.com\/co\/wp-json\/wp\/v2\/product"}],"about":[{"href":"https:\/\/proyectum.com\/co\/wp-json\/wp\/v2\/types\/product"}],"wp:featuredmedia":[{"embeddable":true,"href":"https:\/\/proyectum.com\/co\/wp-json\/wp\/v2\/media\/12559"}],"wp:attachment":[{"href":"https:\/\/proyectum.com\/co\/wp-json\/wp\/v2\/media?parent=12560"}],"wp:term":[{"taxonomy":"product_cat","embeddable":true,"href":"https:\/\/proyectum.com\/co\/wp-json\/wp\/v2\/product_cat?post=12560"},{"taxonomy":"product_tag","embeddable":true,"href":"https:\/\/proyectum.com\/co\/wp-json\/wp\/v2\/product_tag?post=12560"}],"curies":[{"name":"wp","href":"https:\/\/api.w.org\/{rel}","templated":true}]}}