{"id":12561,"date":"2026-04-30T09:46:59","date_gmt":"2026-04-30T14:46:59","guid":{"rendered":"https:\/\/proyectum.com\/co\/?post_type=product&#038;p=12561"},"modified":"2026-04-30T09:46:59","modified_gmt":"2026-04-30T14:46:59","slug":"lider-safe-con-certificacion-sa-safe-agilist","status":"publish","type":"product","link":"https:\/\/proyectum.com\/co\/product\/lider-safe-con-certificacion-sa-safe-agilist\/","title":{"rendered":"Leading SaFe con certificaci\u00f3n SA (Safe\u00ae Agilist)"},"content":{"rendered":"<p>Adquiere los conocimientos para aplicar SAFe\u00ae para escalar desarrollos Lean y Agile, coordinar grandes cadenas de valor y gestionar portafolios Lean-Agile. Domina la configuraci\u00f3n del framework, libera la motivaci\u00f3n de tu equipo y lidera una transformaci\u00f3n Lean-Agile exitosa.<\/p>\n","protected":false},"excerpt":{"rendered":"<p>Este curso te prepara para ser un L\u00edder SAFe\u00ae Agilist, ense\u00f1\u00e1ndote a aplicar Lean-Agile y el Scaled Agile Framework\u00ae en entornos corporativos. Aprender\u00e1s a liderar equipos \u00e1giles, gestionar programas y portafolios, y coordinar grandes cadenas de valor, todo para impulsar una transformaci\u00f3n \u00e1gil efectiva. Obt\u00e9n las habilidades necesarias para aplicar SAFe en una gran organizaci\u00f3n y liderar el cambio hacia pr\u00e1cticas Lean-Agile.<\/p>\n","protected":false},"featured_media":11875,"template":"","meta":{"_acf_changed":false},"product_cat":[100],"product_tag":[],"acf":[],"yoast_head":"<!-- This site is optimized with the Yoast SEO plugin v24.5 - https:\/\/yoast.com\/wordpress\/plugins\/seo\/ -->\n<title>Leading SaFe con certificaci\u00f3n SA (Safe\u00ae Agilist) - Proyectum Colombia<\/title>\n<meta name=\"robots\" content=\"index, follow, max-snippet:-1, max-image-preview:large, max-video-preview:-1\" \/>\n<link rel=\"canonical\" href=\"https:\/\/proyectum.com\/co\/product\/lider-safe-con-certificacion-sa-safe-agilist\/\" \/>\n<meta property=\"og:locale\" content=\"es_ES\" \/>\n<meta property=\"og:type\" content=\"article\" \/>\n<meta property=\"og:title\" content=\"Leading SaFe con certificaci\u00f3n SA (Safe\u00ae Agilist) - Proyectum Colombia\" \/>\n<meta property=\"og:description\" content=\"Este curso te prepara para ser un L\u00edder SAFe\u00ae Agilist, ense\u00f1\u00e1ndote a aplicar Lean-Agile y el Scaled Agile Framework\u00ae en entornos corporativos. Aprender\u00e1s a liderar equipos \u00e1giles, gestionar programas y portafolios, y coordinar grandes cadenas de valor, todo para impulsar una transformaci\u00f3n \u00e1gil efectiva. Obt\u00e9n las habilidades necesarias para aplicar SAFe en una gran organizaci\u00f3n y liderar el cambio hacia pr\u00e1cticas Lean-Agile.\" \/>\n<meta property=\"og:url\" content=\"https:\/\/proyectum.com\/co\/product\/lider-safe-con-certificacion-sa-safe-agilist\/\" \/>\n<meta property=\"og:site_name\" content=\"Proyectum Colombia\" \/>\n<meta property=\"article:publisher\" content=\"https:\/\/www.facebook.com\/proyectumcr\/\" \/>\n<meta property=\"og:image\" content=\"https:\/\/proyectum.com\/co\/wp-content\/uploads\/2021\/07\/agile-team.jpg\" \/>\n\t<meta property=\"og:image:width\" content=\"1200\" \/>\n\t<meta property=\"og:image:height\" content=\"801\" \/>\n\t<meta property=\"og:image:type\" content=\"image\/jpeg\" \/>\n<meta name=\"twitter:card\" content=\"summary_large_image\" \/>\n<meta name=\"twitter:label1\" content=\"Tiempo de lectura\" \/>\n\t<meta name=\"twitter:data1\" content=\"1 minuto\" \/>\n<script type=\"application\/ld+json\" class=\"yoast-schema-graph\">{\"@context\":\"https:\/\/schema.org\",\"@graph\":[{\"@type\":\"WebPage\",\"@id\":\"https:\/\/proyectum.com\/co\/product\/lider-safe-con-certificacion-sa-safe-agilist\/\",\"url\":\"https:\/\/proyectum.com\/co\/product\/lider-safe-con-certificacion-sa-safe-agilist\/\",\"name\":\"Leading SaFe con certificaci\u00f3n SA (Safe\u00ae Agilist) - Proyectum Colombia\",\"isPartOf\":{\"@id\":\"https:\/\/proyectum.com\/co\/#website\"},\"primaryImageOfPage\":{\"@id\":\"https:\/\/proyectum.com\/co\/product\/lider-safe-con-certificacion-sa-safe-agilist\/#primaryimage\"},\"image\":{\"@id\":\"https:\/\/proyectum.com\/co\/product\/lider-safe-con-certificacion-sa-safe-agilist\/#primaryimage\"},\"thumbnailUrl\":\"https:\/\/i0.wp.com\/proyectum.com\/co\/wp-content\/uploads\/2021\/07\/agile-team.jpg?fit=1200%2C801&ssl=1\",\"datePublished\":\"2026-04-30T14:46:59+00:00\",\"breadcrumb\":{\"@id\":\"https:\/\/proyectum.com\/co\/product\/lider-safe-con-certificacion-sa-safe-agilist\/#breadcrumb\"},\"inLanguage\":\"es\",\"potentialAction\":[{\"@type\":\"ReadAction\",\"target\":[\"https:\/\/proyectum.com\/co\/product\/lider-safe-con-certificacion-sa-safe-agilist\/\"]}]},{\"@type\":\"ImageObject\",\"inLanguage\":\"es\",\"@id\":\"https:\/\/proyectum.com\/co\/product\/lider-safe-con-certificacion-sa-safe-agilist\/#primaryimage\",\"url\":\"https:\/\/i0.wp.com\/proyectum.com\/co\/wp-content\/uploads\/2021\/07\/agile-team.jpg?fit=1200%2C801&ssl=1\",\"contentUrl\":\"https:\/\/i0.wp.com\/proyectum.com\/co\/wp-content\/uploads\/2021\/07\/agile-team.jpg?fit=1200%2C801&ssl=1\",\"width\":1200,\"height\":801,\"caption\":\"Business meeting at a creative office working together and checking sales statistics\"},{\"@type\":\"BreadcrumbList\",\"@id\":\"https:\/\/proyectum.com\/co\/product\/lider-safe-con-certificacion-sa-safe-agilist\/#breadcrumb\",\"itemListElement\":[{\"@type\":\"ListItem\",\"position\":1,\"name\":\"Home\",\"item\":\"https:\/\/proyectum.com\/co\/\"},{\"@type\":\"ListItem\",\"position\":2,\"name\":\"Tienda\",\"item\":\"https:\/\/proyectum.com\/co\/tienda\/\"},{\"@type\":\"ListItem\",\"position\":3,\"name\":\"Leading SaFe con certificaci\u00f3n SA (Safe\u00ae Agilist)\"}]},{\"@type\":\"WebSite\",\"@id\":\"https:\/\/proyectum.com\/co\/#website\",\"url\":\"https:\/\/proyectum.com\/co\/\",\"name\":\"Proyectum Costa Rica\",\"description\":\"Centro Autorizado de Capacitaci\u00f3n del Project Management Institute - ATP del PMI\",\"publisher\":{\"@id\":\"https:\/\/proyectum.com\/co\/#organization\"},\"potentialAction\":[{\"@type\":\"SearchAction\",\"target\":{\"@type\":\"EntryPoint\",\"urlTemplate\":\"https:\/\/proyectum.com\/co\/?s={search_term_string}\"},\"query-input\":{\"@type\":\"PropertyValueSpecification\",\"valueRequired\":true,\"valueName\":\"search_term_string\"}}],\"inLanguage\":\"es\"},{\"@type\":\"Organization\",\"@id\":\"https:\/\/proyectum.com\/co\/#organization\",\"name\":\"Proyectum Costa Rica\",\"url\":\"https:\/\/proyectum.com\/co\/\",\"logo\":{\"@type\":\"ImageObject\",\"inLanguage\":\"es\",\"@id\":\"https:\/\/proyectum.com\/co\/#\/schema\/logo\/image\/\",\"url\":\"https:\/\/i0.wp.com\/proyectum.com\/co\/wp-content\/uploads\/proyectum-logo-snippet.png?fit=600%2C315&ssl=1\",\"contentUrl\":\"https:\/\/i0.wp.com\/proyectum.com\/co\/wp-content\/uploads\/proyectum-logo-snippet.png?fit=600%2C315&ssl=1\",\"width\":600,\"height\":315,\"caption\":\"Proyectum Costa Rica\"},\"image\":{\"@id\":\"https:\/\/proyectum.com\/co\/#\/schema\/logo\/image\/\"},\"sameAs\":[\"https:\/\/www.facebook.com\/proyectumcr\/\",\"https:\/\/www.instagram.com\/proyectumcostarica\/\",\"https:\/\/www.linkedin.com\/company\/proyectum-costarica\/\",\"https:\/\/www.youtube.com\/channel\/UCljouWimyhK_cNcC2jniUgw\"]}]}<\/script>\n<!-- \/ Yoast SEO plugin. -->","yoast_head_json":{"title":"Leading SaFe con certificaci\u00f3n SA (Safe\u00ae Agilist) - Proyectum Colombia","robots":{"index":"index","follow":"follow","max-snippet":"max-snippet:-1","max-image-preview":"max-image-preview:large","max-video-preview":"max-video-preview:-1"},"canonical":"https:\/\/proyectum.com\/co\/product\/lider-safe-con-certificacion-sa-safe-agilist\/","og_locale":"es_ES","og_type":"article","og_title":"Leading SaFe con certificaci\u00f3n SA (Safe\u00ae Agilist) - Proyectum Colombia","og_description":"Este curso te prepara para ser un L\u00edder SAFe\u00ae Agilist, ense\u00f1\u00e1ndote a aplicar Lean-Agile y el Scaled Agile Framework\u00ae en entornos corporativos. Aprender\u00e1s a liderar equipos \u00e1giles, gestionar programas y portafolios, y coordinar grandes cadenas de valor, todo para impulsar una transformaci\u00f3n \u00e1gil efectiva. Obt\u00e9n las habilidades necesarias para aplicar SAFe en una gran organizaci\u00f3n y liderar el cambio hacia pr\u00e1cticas Lean-Agile.","og_url":"https:\/\/proyectum.com\/co\/product\/lider-safe-con-certificacion-sa-safe-agilist\/","og_site_name":"Proyectum Colombia","article_publisher":"https:\/\/www.facebook.com\/proyectumcr\/","og_image":[{"width":1200,"height":801,"url":"https:\/\/proyectum.com\/co\/wp-content\/uploads\/2021\/07\/agile-team.jpg","type":"image\/jpeg"}],"twitter_card":"summary_large_image","twitter_misc":{"Tiempo de lectura":"1 minuto"},"schema":{"@context":"https:\/\/schema.org","@graph":[{"@type":"WebPage","@id":"https:\/\/proyectum.com\/co\/product\/lider-safe-con-certificacion-sa-safe-agilist\/","url":"https:\/\/proyectum.com\/co\/product\/lider-safe-con-certificacion-sa-safe-agilist\/","name":"Leading SaFe con certificaci\u00f3n SA (Safe\u00ae Agilist) - Proyectum Colombia","isPartOf":{"@id":"https:\/\/proyectum.com\/co\/#website"},"primaryImageOfPage":{"@id":"https:\/\/proyectum.com\/co\/product\/lider-safe-con-certificacion-sa-safe-agilist\/#primaryimage"},"image":{"@id":"https:\/\/proyectum.com\/co\/product\/lider-safe-con-certificacion-sa-safe-agilist\/#primaryimage"},"thumbnailUrl":"https:\/\/i0.wp.com\/proyectum.com\/co\/wp-content\/uploads\/2021\/07\/agile-team.jpg?fit=1200%2C801&ssl=1","datePublished":"2026-04-30T14:46:59+00:00","breadcrumb":{"@id":"https:\/\/proyectum.com\/co\/product\/lider-safe-con-certificacion-sa-safe-agilist\/#breadcrumb"},"inLanguage":"es","potentialAction":[{"@type":"ReadAction","target":["https:\/\/proyectum.com\/co\/product\/lider-safe-con-certificacion-sa-safe-agilist\/"]}]},{"@type":"ImageObject","inLanguage":"es","@id":"https:\/\/proyectum.com\/co\/product\/lider-safe-con-certificacion-sa-safe-agilist\/#primaryimage","url":"https:\/\/i0.wp.com\/proyectum.com\/co\/wp-content\/uploads\/2021\/07\/agile-team.jpg?fit=1200%2C801&ssl=1","contentUrl":"https:\/\/i0.wp.com\/proyectum.com\/co\/wp-content\/uploads\/2021\/07\/agile-team.jpg?fit=1200%2C801&ssl=1","width":1200,"height":801,"caption":"Business meeting at a creative office working together and checking sales statistics"},{"@type":"BreadcrumbList","@id":"https:\/\/proyectum.com\/co\/product\/lider-safe-con-certificacion-sa-safe-agilist\/#breadcrumb","itemListElement":[{"@type":"ListItem","position":1,"name":"Home","item":"https:\/\/proyectum.com\/co\/"},{"@type":"ListItem","position":2,"name":"Tienda","item":"https:\/\/proyectum.com\/co\/tienda\/"},{"@type":"ListItem","position":3,"name":"Leading SaFe con certificaci\u00f3n SA (Safe\u00ae Agilist)"}]},{"@type":"WebSite","@id":"https:\/\/proyectum.com\/co\/#website","url":"https:\/\/proyectum.com\/co\/","name":"Proyectum Costa Rica","description":"Centro Autorizado de Capacitaci\u00f3n del Project Management Institute - ATP del PMI","publisher":{"@id":"https:\/\/proyectum.com\/co\/#organization"},"potentialAction":[{"@type":"SearchAction","target":{"@type":"EntryPoint","urlTemplate":"https:\/\/proyectum.com\/co\/?s={search_term_string}"},"query-input":{"@type":"PropertyValueSpecification","valueRequired":true,"valueName":"search_term_string"}}],"inLanguage":"es"},{"@type":"Organization","@id":"https:\/\/proyectum.com\/co\/#organization","name":"Proyectum Costa Rica","url":"https:\/\/proyectum.com\/co\/","logo":{"@type":"ImageObject","inLanguage":"es","@id":"https:\/\/proyectum.com\/co\/#\/schema\/logo\/image\/","url":"https:\/\/i0.wp.com\/proyectum.com\/co\/wp-content\/uploads\/proyectum-logo-snippet.png?fit=600%2C315&ssl=1","contentUrl":"https:\/\/i0.wp.com\/proyectum.com\/co\/wp-content\/uploads\/proyectum-logo-snippet.png?fit=600%2C315&ssl=1","width":600,"height":315,"caption":"Proyectum Costa Rica"},"image":{"@id":"https:\/\/proyectum.com\/co\/#\/schema\/logo\/image\/"},"sameAs":["https:\/\/www.facebook.com\/proyectumcr\/","https:\/\/www.instagram.com\/proyectumcostarica\/","https:\/\/www.linkedin.com\/company\/proyectum-costarica\/","https:\/\/www.youtube.com\/channel\/UCljouWimyhK_cNcC2jniUgw"]}]}},"jetpack_sharing_enabled":true,"_links":{"self":[{"href":"https:\/\/proyectum.com\/co\/wp-json\/wp\/v2\/product\/12561"}],"collection":[{"href":"https:\/\/proyectum.com\/co\/wp-json\/wp\/v2\/product"}],"about":[{"href":"https:\/\/proyectum.com\/co\/wp-json\/wp\/v2\/types\/product"}],"wp:featuredmedia":[{"embeddable":true,"href":"https:\/\/proyectum.com\/co\/wp-json\/wp\/v2\/media\/11875"}],"wp:attachment":[{"href":"https:\/\/proyectum.com\/co\/wp-json\/wp\/v2\/media?parent=12561"}],"wp:term":[{"taxonomy":"product_cat","embeddable":true,"href":"https:\/\/proyectum.com\/co\/wp-json\/wp\/v2\/product_cat?post=12561"},{"taxonomy":"product_tag","embeddable":true,"href":"https:\/\/proyectum.com\/co\/wp-json\/wp\/v2\/product_tag?post=12561"}],"curies":[{"name":"wp","href":"https:\/\/api.w.org\/{rel}","templated":true}]}}