{"id":10553,"date":"2021-03-11T11:05:51","date_gmt":"2021-03-11T17:05:51","guid":{"rendered":"https:\/\/www.proyectum.com\/cr\/?page_id=10553"},"modified":"2025-07-13T20:44:20","modified_gmt":"2025-07-14T02:44:20","slug":"microsoft_project_avanzado","status":"publish","type":"page","link":"https:\/\/proyectum.com\/cr\/capacitacion\/microsoft_project_avanzado\/","title":{"rendered":"Capacitaci\u00f3n Microsoft Project Professional para Administradores de Proyectos &#8211; Avanzado"},"content":{"rendered":"<div class=\"wpb-content-wrapper\"><p>[vc_row full_width=\u00bbstretch_row_content\u00bb css=\u00bb.vc_custom_1581028741803{padding-top: 58px !important;padding-bottom: 58px !important;background-image: url(https:\/\/www.proyectum.com\/cr\/wp-content\/uploads\/2018\/09\/curso-tipo.png?id=6990) !important;background-position: center !important;background-repeat: no-repeat !important;background-size: cover !important;}\u00bb][vc_column width=\u00bb1\/2&#8243;][vc_custom_heading text=\u00bbCapacitaci\u00f3n Microsoft Project Professional para Administradores de Proyectos &#8211; Avanzado\u00bb font_container=\u00bbtag:h1|font_size:40|text_align:center|color:%23ffffff\u00bb use_theme_fonts=\u00bbyes\u00bb css=\u00bb.vc_custom_1615482164442{margin-bottom: 0px !important;padding-top: 25px !important;padding-left: 35px !important;}\u00bb][\/vc_column][vc_column width=\u00bb1\/2&#8243;][vc_single_image image=\u00bb9634&#8243; img_size=\u00bb200&#215;170&#8243; css=\u00bb.vc_custom_1602877772706{padding-left: 250px !important;}\u00bb][\/vc_column][\/vc_row][vc_row][vc_column width=\u00bb2\/3&#8243;][vc_column_text css=\u00bb\u00bb]<span style=\"color: #000000;\">Esta capacitaci\u00f3n est\u00e1 dise\u00f1ada para usuarios avanzados o usuarios con mucha experiencia, este workshop, ense\u00f1a t\u00e9cnicas para el uso de Microsoft Project. Es un workshop que cubre los temas necesarios para la administraci\u00f3n de proyectos complejos en ambientes maduros de administraci\u00f3n de proyectos. En este workshop, hay un \u00e9nfasis especial sobre \u201cexplicar los misterios\u201d que frecuentemente se encuentran con el software y adicionalmente, darles profundidad y dominio a sus habilidades con el software.<\/span><\/p>\n<ul>\n<li><span style=\"color: #000000;\"><strong>Duraci\u00f3n:<\/strong> 16 horas en 4 sesiones de 4 horas cada una.<\/span><\/li>\n<li><span style=\"color: #000000;\"><strong>Modalidad<\/strong>: Online<\/span><\/li>\n<li><span style=\"color: #000000;\"><strong>Requisitos:<\/strong>\u00a0<\/span>\n<ul>\n<li style=\"list-style-type: none;\">\n<ul>\n<li><span style=\"color: #000000;\">Haber llevado el curso B\u00e1sico\/intermedio de Microsoft Project<\/span><\/li>\n<li><span style=\"color: #000000;\">Contar con una computadora con acceso a Internet<\/span><\/li>\n<li><span style=\"color: #000000;\">Apertura del curso sujeta a matr\u00edcula y cupo m\u00ednimo<\/span><\/li>\n<li><span style=\"color: #000000;\"><span style=\"color: #000000;\">El estudiante debe contar con el software que requiere cada curso<\/span><\/span><\/li>\n<\/ul>\n<\/li>\n<\/ul>\n<\/li>\n<li><strong><span style=\"color: #000000;\">Precio:\u00a0<\/span><\/strong><span style=\"color: #000000;\">$520 (+2% <span style=\"font-size: 13px;\">IVA<\/span>)<br \/>\n<\/span><\/li>\n<li><span style=\"color: #000000;\"><span style=\"color: #000000;\"><b>Pr\u00f3xima\u00a0fecha: <\/b><\/span><\/span><span style=\"color: #000000;\">Disponible \u00fanicamente para grupos empresariales<\/span><\/li>\n<\/ul>\n<p><em><span style=\"color: #000000;\">S\u00ed ya tomaste un curso con nosotros, tienes un <strong>10% de descuento<\/strong> en <strong>TODOS<\/strong> nuestros cursos. <\/span><\/em><em><span style=\"color: #000000;\">\u00a1<strong>Solic\u00edtalo!<\/strong> (Aplican restricciones)<\/span><\/em>[\/vc_column_text][vc_btn title=\u00bbDescargue el volante aqu\u00ed\u00bb i_icon_fontawesome=\u00bbfa fa-file-pdf-o\u00bb add_icon=\u00bbtrue\u00bb link=\u00bburl:https%3A%2F%2Fwww.proyectum.com%2Fcr%2Fwp-content%2Fuploads%2F2021%2F04%2FMSPA.pdf||target:%20_blank|\u00bb][vc_tta_tabs][vc_tta_section title=\u00bbPerfil\u00bb tab_id=\u00bb1606163879488-e0971b68-a2a6&#8243;][vc_column_text]<span style=\"color: #000000;\">Este curso es dirigido a usuarios experimentados de Microsoft Project quienes interact\u00faan directamente con proyectos complejos y trabajan en organizaciones que demandan madures en la administraci\u00f3n de sus proyectos avanzados.<\/span><\/p>\n<p><span style=\"color: #000000;\"><strong>En esta capacitaci\u00f3n podr\u00e1n participar:\u00a0<\/strong><\/span><\/p>\n<ul>\n<li><span style=\"color: #000000;\">Jefes y administradores de Proyectos<\/span><\/li>\n<li><span style=\"color: #000000;\">Equipo de desarrollo de software<\/span><\/li>\n<li><span style=\"color: #000000;\">L\u00edderes de proyectos<\/span><\/li>\n<li><span style=\"color: #000000;\">L\u00edderes de equipos \u00e1giles<\/span><\/li>\n<li><span style=\"color: #000000;\">Todos los interesados en mejorar su desempe\u00f1o y conocer herramientas innovadoras que permitan gestionar los cambios del entorno<\/span><\/li>\n<\/ul>\n<p>[\/vc_column_text][\/vc_tta_section][vc_tta_section title=\u00bbContenido\u00bb tab_id=\u00bb1606163879489-533e5792-cde7&#8243;][vc_column_text]<span style=\"color: #000000;\"><strong>Durante la capacitaci\u00f3n usted podr\u00e1 aprender acerca de:<\/strong><\/span><\/p>\n<ul class=\"list_check-b list_outside\">\n<li><span style=\"color: #000000;\">Trabajando con campos<\/span><\/li>\n<li><span style=\"color: #000000;\">Calendarios avanzados y scheduling<\/span><\/li>\n<li><span style=\"color: #000000;\">Programaci\u00f3n avanzada de recursos<\/span><\/li>\n<li><span style=\"color: #000000;\">Costeando el proyecto<\/span><\/li>\n<li><span style=\"color: #000000;\">An\u00e1lisis de ruta cr\u00edtica<\/span><\/li>\n<li><span style=\"color: #000000;\">Manejando los riesgos del proyecto<\/span><\/li>\n<li><span style=\"color: #000000;\">Importando y exportando datos del proyecto<\/span><\/li>\n<li><span style=\"color: #000000;\">Nivelando la sobreutilizaci\u00f3n de recursos<\/span><\/li>\n<li><span style=\"color: #000000;\">Utilizando proyectos maestros<\/span><\/li>\n<li><span style=\"color: #000000;\">Trabajando con macros<\/span><\/li>\n<\/ul>\n<p>[\/vc_column_text][\/vc_tta_section][vc_tta_section title=\u00bbIncluye\u00bb tab_id=\u00bb1615411741839-32d904ac-be5b\u00bb][vc_column_text]<strong><span style=\"color: #000000;\">Al matricular esta capacitaci\u00f3n usted contar\u00e1 con:<\/span><\/strong><\/p>\n<ul>\n<li><span style=\"color: #000000;\">Instructor con m\u00e1s de 13 a\u00f1os de experiencia y certificado en Microsoft Project<\/span><\/li>\n<li><span style=\"color: #000000;\">Material, ejercicios y pr\u00e1cticas<\/span><\/li>\n<li><span style=\"color: #000000;\">Un diploma por las horas indicadas, con el respaldo de Proyectum<\/span><\/li>\n<\/ul>\n<p>[\/vc_column_text][\/vc_tta_section][vc_tta_section title=\u00bbObjetivos\u00bb tab_id=\u00bb1606163941039-c230282b-6109&#8243;][vc_column_text]<span style=\"color: #000000;\"><strong>Al finalizar esta capacitaci\u00f3n usted ser\u00e1 capaz de:<\/strong><\/span><\/p>\n<ul class=\"list_check-b list_outside\">\n<li><span style=\"color: #000000;\">Usar campos est\u00e1ndar en vistas personalizadas, tablas, filtros y grupos<\/span><\/li>\n<li><span style=\"color: #000000;\">Definir y usar campos personalizados en vistas personalizadas, tablas, filtros y grupos<\/span><\/li>\n<li><span style=\"color: #000000;\">Comprender como los calendarios controlan la planificaci\u00f3n del proyecto<\/span><\/li>\n<li><span style=\"color: #000000;\">Comprender la diferencia entre la duraci\u00f3n de tarea y planificaci\u00f3n de la tarea<\/span><\/li>\n<li><span style=\"color: #000000;\">Utilizar los contornos de trabajo para controlar el calendario de asignaci\u00f3n de recursos<\/span><\/li>\n<li><span style=\"color: #000000;\">Utilizar un proyecto administrativo para capturar el tiempo no laborable<\/span><\/li>\n<li><span style=\"color: #000000;\">Recalendarizar un proyecto el cual ha cambiado su fecha de inicio<\/span><\/li>\n<li><span style=\"color: #000000;\">Comprender como este software calcula el costo de una tarea<\/span><\/li>\n<li><span style=\"color: #000000;\">Definir y utilizar los costos de los recursos<\/span><\/li>\n<li><span style=\"color: #000000;\">Utilizar el an\u00e1lisis de valor ganado<\/span><\/li>\n<li><span style=\"color: #000000;\">Determinar la ruta cr\u00edtica en un proyecto<\/span><\/li>\n<li><span style=\"color: #000000;\">Administrar el riesgo en un proyecto usando m\u00faltiples m\u00e9todos<\/span><\/li>\n<li><span style=\"color: #000000;\">Importar y exportar datos con otras aplicaciones<\/span><\/li>\n<li><span style=\"color: #000000;\">Exportar una imagen hacia otras aplicaciones Microsoft<\/span><\/li>\n<li><span style=\"color: #000000;\">Nivelar recursos sobre cargados<\/span><\/li>\n<li><span style=\"color: #000000;\">Crear y utilizar un Pool de Recursos compartidos con un proyecto maestro<\/span><\/li>\n<li><span style=\"color: #000000;\">Escribir macros en el lenguaje de programaci\u00f3n VBA<\/span><\/li>\n<\/ul>\n<p>[\/vc_column_text][\/vc_tta_section][vc_tta_section title=\u00bbPr\u00f3ximas fechas\u00bb tab_id=\u00bb1615481171662-11e895d6-7525&#8243;][vc_column_text]<\/p>\n<table style=\"height: 182px;\" width=\"367\">\n<tbody>\n<tr>\n<th style=\"text-align: center;\"><span style=\"color: #003366;\">C\u00f3digo<\/span><\/th>\n<th style=\"text-align: center;\"><span style=\"color: #003366;\">Fecha de inicio<\/span><\/th>\n<th style=\"text-align: center;\"><span style=\"color: #003366;\">Estado<\/span><\/th>\n<\/tr>\n<tr>\n<td style=\"text-align: center;\"><\/td>\n<td style=\"text-align: center;\"><\/td>\n<td style=\"text-align: center;\"><\/td>\n<\/tr>\n<\/tbody>\n<\/table>\n<p>[\/vc_column_text][\/vc_tta_section][\/vc_tta_tabs][\/vc_column][vc_column width=\u00bb1\/3&#8243;][vc_images_carousel images=\u00bb8779&#8243; img_size=\u00bbmedium\u00bb onclick=\u00bbcustom_link\u00bb custom_links_target=\u00bb_blank\u00bb speed=\u00bb2500&#8243; autoplay=\u00bbyes\u00bb hide_pagination_control=\u00bbyes\u00bb hide_prev_next_buttons=\u00bbyes\u00bb wrap=\u00bbyes\u00bb css=\u00bb.vc_custom_1603230802341{padding-top: 50px !important;padding-left: 50px !important;}\u00bb]<div class=\"porto-u-heading  wpb_custom_95aa9a11c17ad45cfabaf210d84ee7cc porto-u-1730\"><div class=\"porto-u-main-heading\"><h2  >CAPACITACI\u00d3N<\/h2><\/div><style>.porto-u-1730.porto-u-heading{text-align:center}<\/style><\/div>[vc_tta_accordion][vc_tta_section title=\u00bbAGILIDAD\u00bb tab_id=\u00bb1606150644419-a9254c0e-fd40&#8243;][vc_wp_custommenu nav_menu=\u00bb73&#8243;][\/vc_tta_section][vc_tta_section title=\u00bbCERTIFICACIONES\u00bb tab_id=\u00bb1606150644419-8401476d-b9d0&#8243;][vc_wp_custommenu nav_menu=\u00bb75&#8243;][\/vc_tta_section][vc_tta_section title=\u00bbM\u00c1S PROGRAMAS&#8230;\u00bb tab_id=\u00bb1606150703576-7d08b087-5275&#8243;][vc_wp_custommenu nav_menu=\u00bb74&#8243;][\/vc_tta_section][\/vc_tta_accordion][\/vc_column][\/vc_row][vc_row full_width=\u00bbstretch_row_content_no_spaces\u00bb equal_height=\u00bbyes\u00bb][vc_column el_class=\u00bbbackground-color-primary\u00bb css=\u00bb.vc_custom_1528971916644{padding-top: 60px !important;padding-bottom: 55px !important;padding-left: 15px !important;}\u00bb]<div class=\"col-half-section half-container col-fullwidth-md\">[vc_custom_heading text=\u00bbLlene el siguiente formulario, pronto un asesor experto en el curso se pondr\u00e1 en contacto con usted\u00bb font_container=\u00bbtag:h2|text_align:left|color:%23ffffff\u00bb use_theme_fonts=\u00bbyes\u00bb css=\u00bb.vc_custom_1752461048141{margin-bottom: 0px !important;}\u00bb text_transform=\u00bbtext-uppercase\u00bb][vc_raw_html css=\u00bb\u00bb]JTNDc2NyaXB0JTIwY2hhcnNldCUzRCUyMnV0Zi04JTIyJTIwdHlwZSUzRCUyMnRleHQlMkZqYXZhc2NyaXB0JTIyJTIwc3JjJTNEJTIyJTJGJTJGanMuaHNmb3Jtcy5uZXQlMkZmb3JtcyUyRmVtYmVkJTJGdjIuanMlMjIlM0UlM0MlMkZzY3JpcHQlM0UlMEElM0NzY3JpcHQlM0UlMEElMjAlMjBoYnNwdC5mb3Jtcy5jcmVhdGUlMjglN0IlMEElMjAlMjAlMjAlMjBwb3J0YWxJZCUzQSUyMCUyMjQ5NjQ1MTg5JTIyJTJDJTBBJTIwJTIwJTIwJTIwZm9ybUlkJTNBJTIwJTIyMTUxM2U0YTYtNmE4Ny00MjFmLTk0OWItM2EwYWNlNzFmZThkJTIyJTJDJTBBJTIwJTIwJTIwJTIwcmVnaW9uJTNBJTIwJTIybmExJTIyJTBBJTIwJTIwJTdEJTI5JTNCJTBBJTNDJTJGc2NyaXB0JTNF[\/vc_raw_html]<\/div>[\/vc_column][\/vc_row]<\/p>\n<\/div>","protected":false},"excerpt":{"rendered":"<p>[vc_row full_width=\u00bbstretch_row_content\u00bb css=\u00bb.vc_custom_1581028741803{padding-top: 58px !important;padding-bottom: 58px !important;background-image: url(https:\/\/www.proyectum.com\/cr\/wp-content\/uploads\/2018\/09\/curso-tipo.png?id=6990) !important;background-position: center !important;background-repeat: no-repeat !important;background-size: cover !important;}\u00bb][vc_column width=\u00bb1\/2&#8243;][vc_custom_heading text=\u00bbCapacitaci\u00f3n Microsoft Project Professional para Administradores de Proyectos &#8211; Avanzado\u00bb font_container=\u00bbtag:h1|font_size:40|text_align:center|color:%23ffffff\u00bb use_theme_fonts=\u00bbyes\u00bb css=\u00bb.vc_custom_1615482164442{margin-bottom: 0px !important;padding-top: 25px !important;padding-left: 35px !important;}\u00bb][\/vc_column][vc_column width=\u00bb1\/2&#8243;][vc_single_image image=\u00bb9634&#8243; img_size=\u00bb200&#215;170&#8243; css=\u00bb.vc_custom_1602877772706{padding-left: 250px !important;}\u00bb][\/vc_column][\/vc_row][vc_row][vc_column width=\u00bb2\/3&#8243;][vc_column_text css=\u00bb\u00bb]Esta capacitaci\u00f3n est\u00e1 dise\u00f1ada para usuarios avanzados o usuarios con mucha experiencia, este [&hellip;]<\/p>\n","protected":false},"author":10,"featured_media":0,"parent":7466,"menu_order":2,"comment_status":"closed","ping_status":"closed","template":"","meta":{"content-type":"","footnotes":""},"class_list":["post-10553","page","type-page","status-publish","hentry"],"acf":[],"yoast_head":"<!-- This site is optimized with the Yoast SEO plugin v27.6 - https:\/\/yoast.com\/product\/yoast-seo-wordpress\/ -->\n<title>Capacitaci\u00f3n Microsoft Project Professional para Administradores de Proyectos - Avanzado - Proyectum Costa Rica<\/title>\n<meta name=\"robots\" content=\"index, follow, max-snippet:-1, max-image-preview:large, max-video-preview:-1\" \/>\n<link rel=\"canonical\" href=\"https:\/\/proyectum.com\/cr\/capacitacion\/microsoft_project_avanzado\/\" \/>\n<meta property=\"og:locale\" content=\"es_ES\" \/>\n<meta property=\"og:type\" content=\"article\" \/>\n<meta property=\"og:title\" content=\"Capacitaci\u00f3n Microsoft Project Professional para Administradores de Proyectos - Avanzado - Proyectum Costa Rica\" \/>\n<meta property=\"og:description\" content=\"[vc_row full_width=\u00bbstretch_row_content\u00bb css=\u00bb.vc_custom_1581028741803{padding-top: 58px !important;padding-bottom: 58px !important;background-image: url(https:\/\/www.proyectum.com\/cr\/wp-content\/uploads\/2018\/09\/curso-tipo.png?id=6990) !important;background-position: center !important;background-repeat: no-repeat !important;background-size: cover !important;}\u00bb][vc_column width=\u00bb1\/2&#8243;][vc_custom_heading text=\u00bbCapacitaci\u00f3n Microsoft Project Professional para Administradores de Proyectos &#8211; Avanzado\u00bb font_container=\u00bbtag:h1|font_size:40|text_align:center|color:%23ffffff\u00bb use_theme_fonts=\u00bbyes\u00bb css=\u00bb.vc_custom_1615482164442{margin-bottom: 0px !important;padding-top: 25px !important;padding-left: 35px !important;}\u00bb][\/vc_column][vc_column width=\u00bb1\/2&#8243;][vc_single_image image=\u00bb9634&#8243; img_size=\u00bb200&#215;170&#8243; css=\u00bb.vc_custom_1602877772706{padding-left: 250px !important;}\u00bb][\/vc_column][\/vc_row][vc_row][vc_column width=\u00bb2\/3&#8243;][vc_column_text css=\u00bb\u00bb]Esta capacitaci\u00f3n est\u00e1 dise\u00f1ada para usuarios avanzados o usuarios con mucha experiencia, este [&hellip;]\" \/>\n<meta property=\"og:url\" content=\"https:\/\/proyectum.com\/cr\/capacitacion\/microsoft_project_avanzado\/\" \/>\n<meta property=\"og:site_name\" content=\"Proyectum Costa Rica\" \/>\n<meta property=\"article:publisher\" content=\"https:\/\/www.facebook.com\/proyectumcr\/\" \/>\n<meta property=\"article:modified_time\" content=\"2025-07-14T02:44:20+00:00\" \/>\n<meta name=\"twitter:card\" content=\"summary_large_image\" \/>\n<meta name=\"twitter:label1\" content=\"Tiempo de lectura\" \/>\n\t<meta name=\"twitter:data1\" content=\"3 minutos\" \/>\n<script type=\"application\/ld+json\" class=\"yoast-schema-graph\">{\"@context\":\"https:\\\/\\\/schema.org\",\"@graph\":[{\"@type\":\"WebPage\",\"@id\":\"https:\\\/\\\/proyectum.com\\\/cr\\\/capacitacion\\\/microsoft_project_avanzado\\\/\",\"url\":\"https:\\\/\\\/proyectum.com\\\/cr\\\/capacitacion\\\/microsoft_project_avanzado\\\/\",\"name\":\"Capacitaci\u00f3n Microsoft Project Professional para Administradores de Proyectos - Avanzado - Proyectum Costa Rica\",\"isPartOf\":{\"@id\":\"https:\\\/\\\/proyectum.com\\\/cr\\\/#website\"},\"datePublished\":\"2021-03-11T17:05:51+00:00\",\"dateModified\":\"2025-07-14T02:44:20+00:00\",\"breadcrumb\":{\"@id\":\"https:\\\/\\\/proyectum.com\\\/cr\\\/capacitacion\\\/microsoft_project_avanzado\\\/#breadcrumb\"},\"inLanguage\":\"es\",\"potentialAction\":[{\"@type\":\"ReadAction\",\"target\":[\"https:\\\/\\\/proyectum.com\\\/cr\\\/capacitacion\\\/microsoft_project_avanzado\\\/\"]}]},{\"@type\":\"BreadcrumbList\",\"@id\":\"https:\\\/\\\/proyectum.com\\\/cr\\\/capacitacion\\\/microsoft_project_avanzado\\\/#breadcrumb\",\"itemListElement\":[{\"@type\":\"ListItem\",\"position\":1,\"name\":\"Home\",\"item\":\"https:\\\/\\\/proyectum.com\\\/cr\\\/\"},{\"@type\":\"ListItem\",\"position\":2,\"name\":\"Capacitaciones\",\"item\":\"https:\\\/\\\/proyectum.com\\\/cr\\\/capacitacion\\\/\"},{\"@type\":\"ListItem\",\"position\":3,\"name\":\"Capacitaci\u00f3n Microsoft Project Professional para Administradores de Proyectos &#8211; Avanzado\"}]},{\"@type\":\"WebSite\",\"@id\":\"https:\\\/\\\/proyectum.com\\\/cr\\\/#website\",\"url\":\"https:\\\/\\\/proyectum.com\\\/cr\\\/\",\"name\":\"Proyectum Costa Rica\",\"description\":\"La Agilidad Empresarial es una obligaci\u00f3n\",\"publisher\":{\"@id\":\"https:\\\/\\\/proyectum.com\\\/cr\\\/#organization\"},\"potentialAction\":[{\"@type\":\"SearchAction\",\"target\":{\"@type\":\"EntryPoint\",\"urlTemplate\":\"https:\\\/\\\/proyectum.com\\\/cr\\\/?s={search_term_string}\"},\"query-input\":{\"@type\":\"PropertyValueSpecification\",\"valueRequired\":true,\"valueName\":\"search_term_string\"}}],\"inLanguage\":\"es\"},{\"@type\":\"Organization\",\"@id\":\"https:\\\/\\\/proyectum.com\\\/cr\\\/#organization\",\"name\":\"Proyectum Costa Rica\",\"url\":\"https:\\\/\\\/proyectum.com\\\/cr\\\/\",\"logo\":{\"@type\":\"ImageObject\",\"inLanguage\":\"es\",\"@id\":\"https:\\\/\\\/proyectum.com\\\/cr\\\/#\\\/schema\\\/logo\\\/image\\\/\",\"url\":\"https:\\\/\\\/i1.wp.com\\\/www.proyectum.com\\\/cr\\\/wp-content\\\/uploads\\\/proyectum-logo-snippet.png?fit=600%2C315&ssl=1\",\"contentUrl\":\"https:\\\/\\\/i1.wp.com\\\/www.proyectum.com\\\/cr\\\/wp-content\\\/uploads\\\/proyectum-logo-snippet.png?fit=600%2C315&ssl=1\",\"width\":600,\"height\":315,\"caption\":\"Proyectum Costa Rica\"},\"image\":{\"@id\":\"https:\\\/\\\/proyectum.com\\\/cr\\\/#\\\/schema\\\/logo\\\/image\\\/\"},\"sameAs\":[\"https:\\\/\\\/www.facebook.com\\\/proyectumcr\\\/\",\"https:\\\/\\\/www.instagram.com\\\/proyectumcostarica\\\/\",\"https:\\\/\\\/www.linkedin.com\\\/company\\\/proyectum-costarica\\\/\",\"https:\\\/\\\/www.youtube.com\\\/channel\\\/UCljouWimyhK_cNcC2jniUgw\"]}]}<\/script>\n<!-- \/ Yoast SEO plugin. -->","yoast_head_json":{"title":"Capacitaci\u00f3n Microsoft Project Professional para Administradores de Proyectos - Avanzado - Proyectum Costa Rica","robots":{"index":"index","follow":"follow","max-snippet":"max-snippet:-1","max-image-preview":"max-image-preview:large","max-video-preview":"max-video-preview:-1"},"canonical":"https:\/\/proyectum.com\/cr\/capacitacion\/microsoft_project_avanzado\/","og_locale":"es_ES","og_type":"article","og_title":"Capacitaci\u00f3n Microsoft Project Professional para Administradores de Proyectos - Avanzado - Proyectum Costa Rica","og_description":"[vc_row full_width=\u00bbstretch_row_content\u00bb css=\u00bb.vc_custom_1581028741803{padding-top: 58px !important;padding-bottom: 58px !important;background-image: url(https:\/\/www.proyectum.com\/cr\/wp-content\/uploads\/2018\/09\/curso-tipo.png?id=6990) !important;background-position: center !important;background-repeat: no-repeat !important;background-size: cover !important;}\u00bb][vc_column width=\u00bb1\/2&#8243;][vc_custom_heading text=\u00bbCapacitaci\u00f3n Microsoft Project Professional para Administradores de Proyectos &#8211; Avanzado\u00bb font_container=\u00bbtag:h1|font_size:40|text_align:center|color:%23ffffff\u00bb use_theme_fonts=\u00bbyes\u00bb css=\u00bb.vc_custom_1615482164442{margin-bottom: 0px !important;padding-top: 25px !important;padding-left: 35px !important;}\u00bb][\/vc_column][vc_column width=\u00bb1\/2&#8243;][vc_single_image image=\u00bb9634&#8243; img_size=\u00bb200&#215;170&#8243; css=\u00bb.vc_custom_1602877772706{padding-left: 250px !important;}\u00bb][\/vc_column][\/vc_row][vc_row][vc_column width=\u00bb2\/3&#8243;][vc_column_text css=\u00bb\u00bb]Esta capacitaci\u00f3n est\u00e1 dise\u00f1ada para usuarios avanzados o usuarios con mucha experiencia, este [&hellip;]","og_url":"https:\/\/proyectum.com\/cr\/capacitacion\/microsoft_project_avanzado\/","og_site_name":"Proyectum Costa Rica","article_publisher":"https:\/\/www.facebook.com\/proyectumcr\/","article_modified_time":"2025-07-14T02:44:20+00:00","twitter_card":"summary_large_image","twitter_misc":{"Tiempo de lectura":"3 minutos"},"schema":{"@context":"https:\/\/schema.org","@graph":[{"@type":"WebPage","@id":"https:\/\/proyectum.com\/cr\/capacitacion\/microsoft_project_avanzado\/","url":"https:\/\/proyectum.com\/cr\/capacitacion\/microsoft_project_avanzado\/","name":"Capacitaci\u00f3n Microsoft Project Professional para Administradores de Proyectos - Avanzado - Proyectum Costa Rica","isPartOf":{"@id":"https:\/\/proyectum.com\/cr\/#website"},"datePublished":"2021-03-11T17:05:51+00:00","dateModified":"2025-07-14T02:44:20+00:00","breadcrumb":{"@id":"https:\/\/proyectum.com\/cr\/capacitacion\/microsoft_project_avanzado\/#breadcrumb"},"inLanguage":"es","potentialAction":[{"@type":"ReadAction","target":["https:\/\/proyectum.com\/cr\/capacitacion\/microsoft_project_avanzado\/"]}]},{"@type":"BreadcrumbList","@id":"https:\/\/proyectum.com\/cr\/capacitacion\/microsoft_project_avanzado\/#breadcrumb","itemListElement":[{"@type":"ListItem","position":1,"name":"Home","item":"https:\/\/proyectum.com\/cr\/"},{"@type":"ListItem","position":2,"name":"Capacitaciones","item":"https:\/\/proyectum.com\/cr\/capacitacion\/"},{"@type":"ListItem","position":3,"name":"Capacitaci\u00f3n Microsoft Project Professional para Administradores de Proyectos &#8211; Avanzado"}]},{"@type":"WebSite","@id":"https:\/\/proyectum.com\/cr\/#website","url":"https:\/\/proyectum.com\/cr\/","name":"Proyectum Costa Rica","description":"La Agilidad Empresarial es una obligaci\u00f3n","publisher":{"@id":"https:\/\/proyectum.com\/cr\/#organization"},"potentialAction":[{"@type":"SearchAction","target":{"@type":"EntryPoint","urlTemplate":"https:\/\/proyectum.com\/cr\/?s={search_term_string}"},"query-input":{"@type":"PropertyValueSpecification","valueRequired":true,"valueName":"search_term_string"}}],"inLanguage":"es"},{"@type":"Organization","@id":"https:\/\/proyectum.com\/cr\/#organization","name":"Proyectum Costa Rica","url":"https:\/\/proyectum.com\/cr\/","logo":{"@type":"ImageObject","inLanguage":"es","@id":"https:\/\/proyectum.com\/cr\/#\/schema\/logo\/image\/","url":"https:\/\/i1.wp.com\/www.proyectum.com\/cr\/wp-content\/uploads\/proyectum-logo-snippet.png?fit=600%2C315&ssl=1","contentUrl":"https:\/\/i1.wp.com\/www.proyectum.com\/cr\/wp-content\/uploads\/proyectum-logo-snippet.png?fit=600%2C315&ssl=1","width":600,"height":315,"caption":"Proyectum Costa Rica"},"image":{"@id":"https:\/\/proyectum.com\/cr\/#\/schema\/logo\/image\/"},"sameAs":["https:\/\/www.facebook.com\/proyectumcr\/","https:\/\/www.instagram.com\/proyectumcostarica\/","https:\/\/www.linkedin.com\/company\/proyectum-costarica\/","https:\/\/www.youtube.com\/channel\/UCljouWimyhK_cNcC2jniUgw"]}]}},"jetpack_sharing_enabled":true,"_links":{"self":[{"href":"https:\/\/proyectum.com\/cr\/wp-json\/wp\/v2\/pages\/10553","targetHints":{"allow":["GET"]}}],"collection":[{"href":"https:\/\/proyectum.com\/cr\/wp-json\/wp\/v2\/pages"}],"about":[{"href":"https:\/\/proyectum.com\/cr\/wp-json\/wp\/v2\/types\/page"}],"author":[{"embeddable":true,"href":"https:\/\/proyectum.com\/cr\/wp-json\/wp\/v2\/users\/10"}],"replies":[{"embeddable":true,"href":"https:\/\/proyectum.com\/cr\/wp-json\/wp\/v2\/comments?post=10553"}],"version-history":[{"count":21,"href":"https:\/\/proyectum.com\/cr\/wp-json\/wp\/v2\/pages\/10553\/revisions"}],"predecessor-version":[{"id":13197,"href":"https:\/\/proyectum.com\/cr\/wp-json\/wp\/v2\/pages\/10553\/revisions\/13197"}],"up":[{"embeddable":true,"href":"https:\/\/proyectum.com\/cr\/wp-json\/wp\/v2\/pages\/7466"}],"wp:attachment":[{"href":"https:\/\/proyectum.com\/cr\/wp-json\/wp\/v2\/media?parent=10553"}],"curies":[{"name":"wp","href":"https:\/\/api.w.org\/{rel}","templated":true}]}}