{"id":11510,"date":"2022-02-21T10:15:37","date_gmt":"2022-02-21T16:15:37","guid":{"rendered":"https:\/\/www.proyectum.com\/cr\/?page_id=11510"},"modified":"2022-03-07T12:06:49","modified_gmt":"2022-03-07T18:06:49","slug":"libros_simuladores","status":"publish","type":"page","link":"https:\/\/proyectum.com\/cr\/capacitacion\/libros_simuladores\/","title":{"rendered":"Libros y Simuladores"},"content":{"rendered":"<div class=\"wpb-content-wrapper\"><p>[vc_row full_width=\u00bbstretch_row\u00bb css=\u00bb.vc_custom_1613598183843{padding-top: 50px !important;padding-bottom: 50px !important;background-color: #125896 !important;}\u00bb][vc_column][vc_custom_heading text=\u00bbLIBROS Y SIMULADORES EN GESTI\u00d3N DE PROYECTOS\u00bb font_container=\u00bbtag:h1|font_size:40|text_align:center|color:%23ffffff\u00bb use_theme_fonts=\u00bbyes\u00bb][\/vc_column][\/vc_row][vc_row][vc_column][vc_column_text]<span style=\"font-size: 18px;\"><strong><span style=\"color: #000000;\">LIBROS<\/span><\/strong><\/span>[\/vc_column_text][vc_column_text css=\u00bb.vc_custom_1645463463637{padding-bottom: 20px !important;}\u00bb]<span style=\"color: #000000;\">La gesti\u00f3n exitosa de proyectos requiere de la asistencia de material did\u00e1ctico el cual le ofrecemos a la venta. Este material le dar\u00e1 valor a su conocimiento y a su organizaci\u00f3n como tal.<\/span><\/p>\n<p><span style=\"color: #000000;\">Este es un material provisto por el PMI, el cual evoluciona constantemente.\u00a0 Proyectum lo mantiene en stock permanente a fin de apoyar el desarrollo de esta importante \u00e1rea de gesti\u00f3n de las empresas y hacer que la estrategia se implemente exitosamente.<\/span>[\/vc_column_text][\/vc_column][\/vc_row][vc_row gap=\u00bb15&#8243;][vc_column width=\u00bb1\/2&#8243;][vc_column_text css=\u00bb.vc_custom_1645462597315{padding-top: 10px !important;}\u00bb]<\/p>\n<p style=\"text-align: center;\"><span style=\"font-size: 17px; color: #000000;\"><strong>PMBOK 7ma ed (Ingl\u00e9s)<\/strong><\/span><\/p>\n<p>[\/vc_column_text][vc_single_image image=\u00bb11513&#8243; img_size=\u00bbmedium\u00bb alignment=\u00bbcenter\u00bb][vc_tta_tour][vc_tta_section title=\u00bbDescripci\u00f3n\u00bb tab_id=\u00bb1645461766655-1ca9e0bd-9285&#8243;][vc_column_text]<span style=\"font-size: 14px; color: #000000;\">La Gu\u00eda de los Fundamentos para la Direcci\u00f3n de Proyectos (Gu\u00eda\u00a0<strong>PMBOK<\/strong><sup>\u00ae<\/sup>) es la publicaci\u00f3n insignia de PMI y es un recurso fundamental para la direcci\u00f3n de proyectos efectiva en cualquier industria. El libro incluye el Est\u00e1ndar para la Direcci\u00f3n de Proyectos. La 7ma edici\u00f3n fue publicada en el a\u00f1o 2021<\/span><\/p>\n<p><span style=\"font-size: 14px; color: #000000;\">Se trata de un cuerpo de conocimiento que brinda a las organizaciones un conjunto de principios, dominios, conocimientos, modelos de administraci\u00f3n, criterios y m\u00e1s aspectos favorables\u00a0para\u00a0la direcci\u00f3n de proyectos.\u00a0Para\u00a0ello, otorga una serie de herramientas que permiten identificar procesos generales y dar resultados \u00f3ptimos.<\/span>[\/vc_column_text][\/vc_tta_section][vc_tta_section title=\u00bbContenido\u00bb tab_id=\u00bb1645461766656-f21453b3-7627&#8243;][vc_column_text]<\/p>\n<ul>\n<li><span style=\"font-size: 14px; color: #000000;\">La gama completa de enfoques de desarrollo (predictivo, tradicional, adaptativo, \u00e1gil e h\u00edbrido)\u00a0<\/span><\/li>\n<li><span style=\"font-size: 14px; color: #000000;\">Una secci\u00f3n entera dedicada a la adaptaci\u00f3n de los enfoques y procesos de desarrollo\u00a0<\/span><\/li>\n<li><span style=\"font-size: 14px; color: #000000;\">Lista de herramientas y t\u00e9cnicas en una nueva secci\u00f3n, \u201cModelos, M\u00e9todos, y Artefactos\u201d\u00a0<\/span><\/li>\n<li><span style=\"font-size: 14px; color: #000000;\">Enfoque en los resultados de los proyectos, adem\u00e1s de los entregables\u00a0<\/span><\/li>\n<li><span style=\"font-size: 14px; color: #000000;\">Desarrollo del concepto del equipo de proyecto, sus responsabilidades y forma de trabajar.<\/span><\/li>\n<li><span style=\"font-size: 14px; color: #000000;\">La integraci\u00f3n con\u00a0<a style=\"color: #000000;\" href=\"https:\/\/www.pmi.org\/pmbok-guide-standards\/standards-plus\">PMIstandards+\u2122<\/a>para el acceso a contenido que ayuda al usuario a aplicar la\u00a0<em>Gu\u00eda PMBOK\u00ae<\/em>\u00a0en el trabajo<\/span><\/li>\n<\/ul>\n<p>[\/vc_column_text][\/vc_tta_section][vc_tta_section title=\u00bbPasos de Compra\u00bb tab_id=\u00bb1645461965740-17d74084-51a5&#8243;][vc_btn title=\u00bbPaso 1: Consulta por la disponibilidad del producto\u00bb color=\u00bbprimary\u00bb size=\u00bbsm\u00bb i_icon_fontawesome=\u00bbfa fa-envelope-open\u00bb add_icon=\u00bbtrue\u00bb link=\u00bburl:https%3A%2F%2Fwww.proyectum.com%2Fcr%2Fwp-content%2Fuploads%2F2022%2F03%2FDisponibilidad-libros.png||target:%20_blank|\u00bb][vc_btn title=\u00bbPaso 2: Pago del producto\u00bb color=\u00bbprimary\u00bb size=\u00bbsm\u00bb i_icon_fontawesome=\u00bbfa fa-credit-card\u00bb add_icon=\u00bbtrue\u00bb link=\u00bburl:https%3A%2F%2Fcheckout.baccredomatic.com%2FNjhhMWExZWE2MDQzNTI2YzMyZTI2Mi4xNjQ1NDYyMTI2||target:%20_blank|\u00bb][vc_btn title=\u00bbPaso 3: Formulario facturaci\u00f3n\u00bb color=\u00bbprimary\u00bb size=\u00bbsm\u00bb i_icon_fontawesome=\u00bbfa fa-wpforms\u00bb add_icon=\u00bbtrue\u00bb link=\u00bburl:https%3A%2F%2Fforms.gle%2F8aWYtKu7JxrMP29PA||target:%20_blank|\u00bb][\/vc_tta_section][\/vc_tta_tour][\/vc_column][vc_column width=\u00bb1\/2&#8243;][vc_column_text css=\u00bb.vc_custom_1645462831642{padding-top: 10px !important;}\u00bb]<\/p>\n<p style=\"text-align: center;\"><span style=\"color: #000000; font-size: 17px;\"><strong>Agile Practice Guide (Espa\u00f1ol e Ingl\u00e9s )<\/strong><\/span><\/p>\n<p>[\/vc_column_text][vc_gallery type=\u00bbimage_grid\u00bb images=\u00bb11520,11519&#8243; img_size=\u00bbmedium\u00bb onclick=\u00bb\u00bb css=\u00bb.vc_custom_1645462908378{padding-left: 50px !important;}\u00bb][vc_tta_tour][vc_tta_section title=\u00bbDescripci\u00f3n\u00bb tab_id=\u00bb1645464534097-d09d3adf-799f\u00bb][vc_column_text]<span style=\"font-size: 14px; color: #000000;\">El Project Managemente Institute y Agile Alliance crearon este documento \u00a0para posibilitar mayor entendimiento de los enfoques agiles para la comunidad en general. El objetivo de esta gu\u00eda es proveerles de mayor entendimiento de enfoques, t\u00e9cnicas y conceptos que ayuden a la comunidad internacional a lograr mejores resultados con sus proyectos.\u00a0<\/span><\/p>\n<p><span style=\"font-size: 14px; color: #000000;\">Los enfoque expuestos aplican para gran cantidad de proyectos, de todo tipo sin enfoque en ning\u00fan tipo de proyecto en particular.<\/span>[\/vc_column_text][\/vc_tta_section][vc_tta_section title=\u00bbContenido\u00bb tab_id=\u00bb1645464534098-d6e9eff3-4a8a\u00bb][vc_column_text]<\/p>\n<ul>\n<li><span style=\"font-size: 14px; color: #000000;\">Introducci\u00f3n a \u00c1gil<\/span><\/li>\n<li><span style=\"font-size: 14px; color: #000000;\">Selecci\u00f3n del Ciclo de Vida<\/span><\/li>\n<li><span style=\"font-size: 14px; color: #000000;\">Implementaci\u00f3n de \u00c1gil; Creaci\u00f3n de un entorno \u00e1gil<\/span><\/li>\n<li><span style=\"font-size: 14px; color: #000000;\">Implementaci\u00f3n de \u00c1gil; Entregas en un entorno \u00e1gil<\/span><\/li>\n<li><span style=\"font-size: 14px; color: #000000;\">Consideraciones organizacionales para la agilidad del proyecto<\/span><\/li>\n<\/ul>\n<p>[\/vc_column_text][\/vc_tta_section][vc_tta_section title=\u00bbPasos de Compra\u00bb tab_id=\u00bb1645464534099-88949bc6-fa9a\u00bb][vc_btn title=\u00bbPaso 1: Consulta por la disponibilidad del producto\u00bb color=\u00bbprimary\u00bb size=\u00bbsm\u00bb i_icon_fontawesome=\u00bbfa fa-envelope-open\u00bb add_icon=\u00bbtrue\u00bb link=\u00bburl:https%3A%2F%2Fwww.proyectum.com%2Fcr%2Fwp-content%2Fuploads%2F2022%2F03%2FDisponibilidad-libros.png||target:%20_blank|\u00bb][vc_btn title=\u00bbPaso 2: Pago del producto\u00bb color=\u00bbprimary\u00bb size=\u00bbsm\u00bb i_icon_fontawesome=\u00bbfa fa-credit-card\u00bb add_icon=\u00bbtrue\u00bb link=\u00bburl:https%3A%2F%2Fcheckout.baccredomatic.com%2FNzdmNTg0LjNjMmUzNjE5NGQzOTE3NTIxNjQ1NDY2MDYy||target:%20_blank|\u00bb][vc_btn title=\u00bbPaso 3: Formulario facturaci\u00f3n\u00bb color=\u00bbprimary\u00bb size=\u00bbsm\u00bb i_icon_fontawesome=\u00bbfa fa-wpforms\u00bb add_icon=\u00bbtrue\u00bb link=\u00bburl:https%3A%2F%2Fforms.gle%2F8aWYtKu7JxrMP29PA||target:%20_blank|\u00bb][\/vc_tta_section][\/vc_tta_tour][\/vc_column][\/vc_row][vc_row][vc_column][vc_column_text]<strong><span style=\"font-size: 18px; color: #000000;\">SIMULADORES<\/span><\/strong>[\/vc_column_text][vc_column_text]<span style=\"color: #000000;\">Proyectum ha ayudado a m\u00e1s de 1,500 profesionales a lograr su certificaci\u00f3n PMP en toda Latinoam\u00e9rica.\u00a0 Para ello, se utilizan varias t\u00e9cnicas y herramientas.\u00a0 Una herramienta que puede ser adquirida, tanto por nuestros profesionales, como por cualquier persona que lo desee, es este Simulador de preguntas, uno de los mejores disponibles a nivel mundial.<\/span>[\/vc_column_text][\/vc_column][\/vc_row][vc_row][vc_column width=\u00bb1\/4&#8243;][\/vc_column][vc_column width=\u00bb1\/2&#8243;][vc_column_text css=\u00bb.vc_custom_1646672453598{padding-top: 10px !important;}\u00bb]<\/p>\n<p style=\"text-align: center;\"><span style=\"font-size: 17px; color: #000000;\"><strong>Simulador PMP<\/strong><\/span><\/p>\n<p>[\/vc_column_text][vc_single_image image=\u00bb11625&#8243; img_size=\u00bbmedium\u00bb alignment=\u00bbcenter\u00bb][vc_tta_tour alignment=\u00bbcenter\u00bb active_section=\u00bb1&#8243;][vc_tta_section title=\u00bbDescripci\u00f3n\u00bb tab_id=\u00bb1646672309747-81196c34-ec21&#8243;][vc_column_text]<span style=\"font-size: 14px; color: #000000;\">Este simulador para el examen de certificaci\u00f3n Project Management Professional (PMP) \u00ae permite a los candidatos a la certificaci\u00f3n prepararse para el examen del Project Management Institute (PMI) \u00ae de una manera f\u00e1cil y eficiente. Los candidatos se acostumbran a los tipos de preguntas que se hacen durante el examen mientras practican.<\/span><\/p>\n<p><span style=\"font-size: 14px; color: #000000;\">Incluye m\u00e1s de mil preguntas, con comentarios sobre cada pregunta. Un sistema de seguimiento demuestra el progreso en el transcurso de la fase de aprendizaje.<\/span><\/p>\n<p><span style=\"font-size: 14px; color: #000000;\">Este simulador est\u00e1 actualizado de acuerdo con los cambios que el Project Management Institute anunci\u00f3 que aplicar\u00edan a partir del 2 de enero del a\u00f1o 2021.<\/span>[\/vc_column_text][\/vc_tta_section][vc_tta_section title=\u00bbCaracter\u00edsticas\u00bb tab_id=\u00bb1646672309748-d76972dd-6d3e\u00bb][vc_column_text]<\/p>\n<ul>\n<li><span style=\"font-size: 14px; color: #000000;\">Un m\u00e9todo de aprendizaje muy motivador y eficaz<\/span><\/li>\n<li><span style=\"font-size: 14px; color: #000000;\">Los candidatos pueden acceder a \u00e9l desde cualquier computadora o tableta cuando lo deseen<\/span><\/li>\n<li><span style=\"font-size: 14px; color: #000000;\">Interfaz intuitiva y f\u00e1cil de usar<\/span><\/li>\n<li><span style=\"font-size: 14px; color: #000000;\">Disponible en Espa\u00f1ol, Ingl\u00e9s, Alem\u00e1n, Franc\u00e9s e Italiano<\/span><\/li>\n<\/ul>\n<p>[\/vc_column_text][\/vc_tta_section][vc_tta_section title=\u00bbPasos de Compra\u00bb tab_id=\u00bb1646672309749-35fad6c9-a4db\u00bb][vc_btn title=\u00bbPaso 1: Pago del producto\u00bb color=\u00bbprimary\u00bb size=\u00bbsm\u00bb i_icon_fontawesome=\u00bbfa fa-credit-card\u00bb add_icon=\u00bbtrue\u00bb link=\u00bburl:https%3A%2F%2Fcheckout.baccredomatic.com%2FMjY4OTQyNzc2ODQ5NDY5OTQ3MGQwLjQxNjQ2Njc1ODYy||target:%20_blank|\u00bb][vc_btn title=\u00bbPaso 2: Formulario facturaci\u00f3n\u00bb color=\u00bbprimary\u00bb size=\u00bbsm\u00bb i_icon_fontawesome=\u00bbfa fa-wpforms\u00bb add_icon=\u00bbtrue\u00bb link=\u00bburl:https%3A%2F%2Fforms.gle%2F8aWYtKu7JxrMP29PA||target:%20_blank|\u00bb][\/vc_tta_section][\/vc_tta_tour][\/vc_column][vc_column width=\u00bb1\/4&#8243;][\/vc_column][\/vc_row]<\/p>\n<\/div>","protected":false},"excerpt":{"rendered":"<p>[vc_row full_width=\u00bbstretch_row\u00bb css=\u00bb.vc_custom_1613598183843{padding-top: 50px !important;padding-bottom: 50px !important;background-color: #125896 !important;}\u00bb][vc_column][vc_custom_heading text=\u00bbLIBROS Y SIMULADORES EN GESTI\u00d3N DE PROYECTOS\u00bb font_container=\u00bbtag:h1|font_size:40|text_align:center|color:%23ffffff\u00bb use_theme_fonts=\u00bbyes\u00bb][\/vc_column][\/vc_row][vc_row][vc_column][vc_column_text]LIBROS[\/vc_column_text][vc_column_text css=\u00bb.vc_custom_1645463463637{padding-bottom: 20px !important;}\u00bb]La gesti\u00f3n exitosa de proyectos requiere de la asistencia de material did\u00e1ctico el cual le ofrecemos a la venta. Este material le dar\u00e1 valor a su conocimiento y a su organizaci\u00f3n como tal. Este es [&hellip;]<\/p>\n","protected":false},"author":15,"featured_media":0,"parent":7466,"menu_order":0,"comment_status":"closed","ping_status":"closed","template":"","meta":{"content-type":"","footnotes":""},"class_list":["post-11510","page","type-page","status-publish","hentry"],"acf":[],"yoast_head":"<!-- This site is optimized with the Yoast SEO plugin v27.3 - https:\/\/yoast.com\/product\/yoast-seo-wordpress\/ -->\n<title>Libros y Simuladores - Proyectum Costa Rica<\/title>\n<meta name=\"robots\" content=\"index, follow, max-snippet:-1, max-image-preview:large, max-video-preview:-1\" \/>\n<link rel=\"canonical\" href=\"https:\/\/proyectum.com\/cr\/capacitacion\/libros_simuladores\/\" \/>\n<meta property=\"og:locale\" content=\"es_ES\" \/>\n<meta property=\"og:type\" content=\"article\" \/>\n<meta property=\"og:title\" content=\"Libros y Simuladores - Proyectum Costa Rica\" \/>\n<meta property=\"og:description\" content=\"[vc_row full_width=\u00bbstretch_row\u00bb css=\u00bb.vc_custom_1613598183843{padding-top: 50px !important;padding-bottom: 50px !important;background-color: #125896 !important;}\u00bb][vc_column][vc_custom_heading text=\u00bbLIBROS Y SIMULADORES EN GESTI\u00d3N DE PROYECTOS\u00bb font_container=\u00bbtag:h1|font_size:40|text_align:center|color:%23ffffff\u00bb use_theme_fonts=\u00bbyes\u00bb][\/vc_column][\/vc_row][vc_row][vc_column][vc_column_text]LIBROS[\/vc_column_text][vc_column_text css=\u00bb.vc_custom_1645463463637{padding-bottom: 20px !important;}\u00bb]La gesti\u00f3n exitosa de proyectos requiere de la asistencia de material did\u00e1ctico el cual le ofrecemos a la venta. Este material le dar\u00e1 valor a su conocimiento y a su organizaci\u00f3n como tal. Este es [&hellip;]\" \/>\n<meta property=\"og:url\" content=\"https:\/\/proyectum.com\/cr\/capacitacion\/libros_simuladores\/\" \/>\n<meta property=\"og:site_name\" content=\"Proyectum Costa Rica\" \/>\n<meta property=\"article:publisher\" content=\"https:\/\/www.facebook.com\/proyectumcr\/\" \/>\n<meta property=\"article:modified_time\" content=\"2022-03-07T18:06:49+00:00\" \/>\n<meta name=\"twitter:card\" content=\"summary_large_image\" \/>\n<meta name=\"twitter:label1\" content=\"Tiempo de lectura\" \/>\n\t<meta name=\"twitter:data1\" content=\"4 minutos\" \/>\n<script type=\"application\/ld+json\" class=\"yoast-schema-graph\">{\"@context\":\"https:\\\/\\\/schema.org\",\"@graph\":[{\"@type\":\"WebPage\",\"@id\":\"https:\\\/\\\/proyectum.com\\\/cr\\\/capacitacion\\\/libros_simuladores\\\/\",\"url\":\"https:\\\/\\\/proyectum.com\\\/cr\\\/capacitacion\\\/libros_simuladores\\\/\",\"name\":\"Libros y Simuladores - Proyectum Costa Rica\",\"isPartOf\":{\"@id\":\"https:\\\/\\\/proyectum.com\\\/cr\\\/#website\"},\"datePublished\":\"2022-02-21T16:15:37+00:00\",\"dateModified\":\"2022-03-07T18:06:49+00:00\",\"breadcrumb\":{\"@id\":\"https:\\\/\\\/proyectum.com\\\/cr\\\/capacitacion\\\/libros_simuladores\\\/#breadcrumb\"},\"inLanguage\":\"es\",\"potentialAction\":[{\"@type\":\"ReadAction\",\"target\":[\"https:\\\/\\\/proyectum.com\\\/cr\\\/capacitacion\\\/libros_simuladores\\\/\"]}]},{\"@type\":\"BreadcrumbList\",\"@id\":\"https:\\\/\\\/proyectum.com\\\/cr\\\/capacitacion\\\/libros_simuladores\\\/#breadcrumb\",\"itemListElement\":[{\"@type\":\"ListItem\",\"position\":1,\"name\":\"Home\",\"item\":\"https:\\\/\\\/proyectum.com\\\/cr\\\/\"},{\"@type\":\"ListItem\",\"position\":2,\"name\":\"Capacitaciones\",\"item\":\"https:\\\/\\\/proyectum.com\\\/cr\\\/capacitacion\\\/\"},{\"@type\":\"ListItem\",\"position\":3,\"name\":\"Libros y Simuladores\"}]},{\"@type\":\"WebSite\",\"@id\":\"https:\\\/\\\/proyectum.com\\\/cr\\\/#website\",\"url\":\"https:\\\/\\\/proyectum.com\\\/cr\\\/\",\"name\":\"Proyectum Costa Rica\",\"description\":\"La Agilidad Empresarial es una obligaci\u00f3n\",\"publisher\":{\"@id\":\"https:\\\/\\\/proyectum.com\\\/cr\\\/#organization\"},\"potentialAction\":[{\"@type\":\"SearchAction\",\"target\":{\"@type\":\"EntryPoint\",\"urlTemplate\":\"https:\\\/\\\/proyectum.com\\\/cr\\\/?s={search_term_string}\"},\"query-input\":{\"@type\":\"PropertyValueSpecification\",\"valueRequired\":true,\"valueName\":\"search_term_string\"}}],\"inLanguage\":\"es\"},{\"@type\":\"Organization\",\"@id\":\"https:\\\/\\\/proyectum.com\\\/cr\\\/#organization\",\"name\":\"Proyectum Costa Rica\",\"url\":\"https:\\\/\\\/proyectum.com\\\/cr\\\/\",\"logo\":{\"@type\":\"ImageObject\",\"inLanguage\":\"es\",\"@id\":\"https:\\\/\\\/proyectum.com\\\/cr\\\/#\\\/schema\\\/logo\\\/image\\\/\",\"url\":\"https:\\\/\\\/i1.wp.com\\\/www.proyectum.com\\\/cr\\\/wp-content\\\/uploads\\\/proyectum-logo-snippet.png?fit=600%2C315&ssl=1\",\"contentUrl\":\"https:\\\/\\\/i1.wp.com\\\/www.proyectum.com\\\/cr\\\/wp-content\\\/uploads\\\/proyectum-logo-snippet.png?fit=600%2C315&ssl=1\",\"width\":600,\"height\":315,\"caption\":\"Proyectum Costa Rica\"},\"image\":{\"@id\":\"https:\\\/\\\/proyectum.com\\\/cr\\\/#\\\/schema\\\/logo\\\/image\\\/\"},\"sameAs\":[\"https:\\\/\\\/www.facebook.com\\\/proyectumcr\\\/\",\"https:\\\/\\\/www.instagram.com\\\/proyectumcostarica\\\/\",\"https:\\\/\\\/www.linkedin.com\\\/company\\\/proyectum-costarica\\\/\",\"https:\\\/\\\/www.youtube.com\\\/channel\\\/UCljouWimyhK_cNcC2jniUgw\"]}]}<\/script>\n<!-- \/ Yoast SEO plugin. -->","yoast_head_json":{"title":"Libros y Simuladores - Proyectum Costa Rica","robots":{"index":"index","follow":"follow","max-snippet":"max-snippet:-1","max-image-preview":"max-image-preview:large","max-video-preview":"max-video-preview:-1"},"canonical":"https:\/\/proyectum.com\/cr\/capacitacion\/libros_simuladores\/","og_locale":"es_ES","og_type":"article","og_title":"Libros y Simuladores - Proyectum Costa Rica","og_description":"[vc_row full_width=\u00bbstretch_row\u00bb css=\u00bb.vc_custom_1613598183843{padding-top: 50px !important;padding-bottom: 50px !important;background-color: #125896 !important;}\u00bb][vc_column][vc_custom_heading text=\u00bbLIBROS Y SIMULADORES EN GESTI\u00d3N DE PROYECTOS\u00bb font_container=\u00bbtag:h1|font_size:40|text_align:center|color:%23ffffff\u00bb use_theme_fonts=\u00bbyes\u00bb][\/vc_column][\/vc_row][vc_row][vc_column][vc_column_text]LIBROS[\/vc_column_text][vc_column_text css=\u00bb.vc_custom_1645463463637{padding-bottom: 20px !important;}\u00bb]La gesti\u00f3n exitosa de proyectos requiere de la asistencia de material did\u00e1ctico el cual le ofrecemos a la venta. Este material le dar\u00e1 valor a su conocimiento y a su organizaci\u00f3n como tal. Este es [&hellip;]","og_url":"https:\/\/proyectum.com\/cr\/capacitacion\/libros_simuladores\/","og_site_name":"Proyectum Costa Rica","article_publisher":"https:\/\/www.facebook.com\/proyectumcr\/","article_modified_time":"2022-03-07T18:06:49+00:00","twitter_card":"summary_large_image","twitter_misc":{"Tiempo de lectura":"4 minutos"},"schema":{"@context":"https:\/\/schema.org","@graph":[{"@type":"WebPage","@id":"https:\/\/proyectum.com\/cr\/capacitacion\/libros_simuladores\/","url":"https:\/\/proyectum.com\/cr\/capacitacion\/libros_simuladores\/","name":"Libros y Simuladores - Proyectum Costa Rica","isPartOf":{"@id":"https:\/\/proyectum.com\/cr\/#website"},"datePublished":"2022-02-21T16:15:37+00:00","dateModified":"2022-03-07T18:06:49+00:00","breadcrumb":{"@id":"https:\/\/proyectum.com\/cr\/capacitacion\/libros_simuladores\/#breadcrumb"},"inLanguage":"es","potentialAction":[{"@type":"ReadAction","target":["https:\/\/proyectum.com\/cr\/capacitacion\/libros_simuladores\/"]}]},{"@type":"BreadcrumbList","@id":"https:\/\/proyectum.com\/cr\/capacitacion\/libros_simuladores\/#breadcrumb","itemListElement":[{"@type":"ListItem","position":1,"name":"Home","item":"https:\/\/proyectum.com\/cr\/"},{"@type":"ListItem","position":2,"name":"Capacitaciones","item":"https:\/\/proyectum.com\/cr\/capacitacion\/"},{"@type":"ListItem","position":3,"name":"Libros y Simuladores"}]},{"@type":"WebSite","@id":"https:\/\/proyectum.com\/cr\/#website","url":"https:\/\/proyectum.com\/cr\/","name":"Proyectum Costa Rica","description":"La Agilidad Empresarial es una obligaci\u00f3n","publisher":{"@id":"https:\/\/proyectum.com\/cr\/#organization"},"potentialAction":[{"@type":"SearchAction","target":{"@type":"EntryPoint","urlTemplate":"https:\/\/proyectum.com\/cr\/?s={search_term_string}"},"query-input":{"@type":"PropertyValueSpecification","valueRequired":true,"valueName":"search_term_string"}}],"inLanguage":"es"},{"@type":"Organization","@id":"https:\/\/proyectum.com\/cr\/#organization","name":"Proyectum Costa Rica","url":"https:\/\/proyectum.com\/cr\/","logo":{"@type":"ImageObject","inLanguage":"es","@id":"https:\/\/proyectum.com\/cr\/#\/schema\/logo\/image\/","url":"https:\/\/i1.wp.com\/www.proyectum.com\/cr\/wp-content\/uploads\/proyectum-logo-snippet.png?fit=600%2C315&ssl=1","contentUrl":"https:\/\/i1.wp.com\/www.proyectum.com\/cr\/wp-content\/uploads\/proyectum-logo-snippet.png?fit=600%2C315&ssl=1","width":600,"height":315,"caption":"Proyectum Costa Rica"},"image":{"@id":"https:\/\/proyectum.com\/cr\/#\/schema\/logo\/image\/"},"sameAs":["https:\/\/www.facebook.com\/proyectumcr\/","https:\/\/www.instagram.com\/proyectumcostarica\/","https:\/\/www.linkedin.com\/company\/proyectum-costarica\/","https:\/\/www.youtube.com\/channel\/UCljouWimyhK_cNcC2jniUgw"]}]}},"jetpack_sharing_enabled":true,"_links":{"self":[{"href":"https:\/\/proyectum.com\/cr\/wp-json\/wp\/v2\/pages\/11510","targetHints":{"allow":["GET"]}}],"collection":[{"href":"https:\/\/proyectum.com\/cr\/wp-json\/wp\/v2\/pages"}],"about":[{"href":"https:\/\/proyectum.com\/cr\/wp-json\/wp\/v2\/types\/page"}],"author":[{"embeddable":true,"href":"https:\/\/proyectum.com\/cr\/wp-json\/wp\/v2\/users\/15"}],"replies":[{"embeddable":true,"href":"https:\/\/proyectum.com\/cr\/wp-json\/wp\/v2\/comments?post=11510"}],"version-history":[{"count":25,"href":"https:\/\/proyectum.com\/cr\/wp-json\/wp\/v2\/pages\/11510\/revisions"}],"predecessor-version":[{"id":11633,"href":"https:\/\/proyectum.com\/cr\/wp-json\/wp\/v2\/pages\/11510\/revisions\/11633"}],"up":[{"embeddable":true,"href":"https:\/\/proyectum.com\/cr\/wp-json\/wp\/v2\/pages\/7466"}],"wp:attachment":[{"href":"https:\/\/proyectum.com\/cr\/wp-json\/wp\/v2\/media?parent=11510"}],"curies":[{"name":"wp","href":"https:\/\/api.w.org\/{rel}","templated":true}]}}