{"id":12720,"date":"2024-04-18T15:57:37","date_gmt":"2024-04-18T21:57:37","guid":{"rendered":"https:\/\/proyectum.com\/cr\/?page_id=12720"},"modified":"2025-07-23T12:20:24","modified_gmt":"2025-07-23T18:20:24","slug":"safe","status":"publish","type":"page","link":"https:\/\/proyectum.com\/cr\/capacitacion\/safe\/","title":{"rendered":"Scaled Agile Framework (SAFe\u00ae)"},"content":{"rendered":"<div class=\"wpb-content-wrapper\"><p>[vc_row full_width=\u00bbstretch_row_content\u00bb css=\u00bb.vc_custom_1581010883325{padding-top: 58px !important;padding-bottom: 58px !important;background-image: url(https:\/\/www.proyectum.com\/cr\/wp-content\/uploads\/2018\/09\/curso-tipo.png?id=6990) !important;background-position: center !important;background-repeat: no-repeat !important;background-size: cover !important;}\u00bb][vc_column width=\u00bb1\/2&#8243;][vc_custom_heading text=\u00bbLeading SAFe\u00ae\u00bb font_container=\u00bbtag:h1|font_size:50|text_align:center|color:%23ffffff|line_height:5&#8243; use_theme_fonts=\u00bbyes\u00bb css=\u00bb.vc_custom_1715360982334{padding-top: 25px !important;padding-left: 150px !important;}\u00bb][\/vc_column][vc_column width=\u00bb1\/2&#8243;][vc_single_image image=\u00bb9634&#8243; img_size=\u00bb200&#215;170&#8243; css=\u00bb.vc_custom_1715360169074{padding-left: 250px !important;}\u00bb][\/vc_column][\/vc_row][vc_row][vc_column width=\u00bb2\/3&#8243;][vc_separator color=\u00bbwhite\u00bb][vc_column_text css=\u00bb\u00bb]<span style=\"color: #000000; font-size: 17px;\">\u00a1Prosperando en la era digital con agilidad empresarial!<\/span><\/p>\n<p id=\"tw-target-text\" class=\"tw-data-text tw-text-large tw-ta\" dir=\"ltr\" data-placeholder=\"Traducci\u00f3n\" aria-label=\"Texto traducido\" data-ved=\"2ahUKEwiov8Htl7uFAxV-SjABHW4rBbkQ3ewLegQIBRAU\"><span class=\"Y2IQFc\" lang=\"es\" style=\"color: #000000;\">Este curso ofrece una introducci\u00f3n a los fundamentos de SAFe y proporciona los principios y pr\u00e1cticas para impulsar con confianza su transformaci\u00f3n Lean-Agile. El curso y la certificaci\u00f3n le brindan la orientaci\u00f3n y las herramientas para construir una cultura de resiliencia y un lenguaje compartido que involucre a los empleados y se centre en los clientes para que las organizaciones puedan trabajar con agilidad a escala.<\/span><\/p>\n<p id=\"tw-target-text\" class=\"tw-data-text tw-text-large tw-ta\" dir=\"ltr\" data-placeholder=\"Traducci\u00f3n\" aria-label=\"Texto traducido\" data-ved=\"2ahUKEwiov8Htl7uFAxV-SjABHW4rBbkQ3ewLegQIBRAU\"><span class=\"Y2IQFc\" lang=\"es\" style=\"color: #000000;\">Llevar este curso podr\u00e1 descubrir c\u00f3mo las empresas pueden desarrollar agilidad empresarial y c\u00f3mo hacer que SAFe funcione dentro de su organizaci\u00f3n. Saldr\u00e1 con una comprensi\u00f3n de c\u00f3mo alinear toda su organizaci\u00f3n en torno a los mismos objetivos claros y c\u00f3mo mejorar el flujo de valor y trabajar desde la estrategia hasta la entrega. Aprender\u00e1 qu\u00e9 hace que las empresas se centren m\u00e1s en el cliente y c\u00f3mo ejecutar eventos clave de alineaci\u00f3n y planificaci\u00f3n de SAFe, como la planificaci\u00f3n de PI.\u00a0<\/span><\/p>\n<p dir=\"ltr\" data-placeholder=\"Traducci\u00f3n\" aria-label=\"Texto traducido\" data-ved=\"2ahUKEwiov8Htl7uFAxV-SjABHW4rBbkQ3ewLegQIBRAU\"><span style=\"font-size: 17px; color: #000000;\"><strong>Con este curso puedes obtener la certificaci\u00f3n SAFe Agilist!!<\/strong><\/span><\/p>\n<ul>\n<li><span style=\"color: #000000;\"><strong><span style=\"color: #000000;\">D<\/span>uraci\u00f3n<span style=\"color: #000000;\">:<\/span><\/strong> 16 horas de capacitaci\u00f3n: 5 sesiones<\/span><\/li>\n<li><strong><span style=\"color: #000000;\">Con material en ESPA\u00d1OL<\/span><\/strong><\/li>\n<li><span style=\"color: #000000;\"><strong>Moda<span style=\"color: #000000;\">lidad:<\/span><\/strong> Online<\/span><\/li>\n<li><span style=\"color: #000000;\"><strong>Requisitos:<\/strong> No tiene requisitos<\/span><\/li>\n<\/ul>\n<p><span style=\"color: #000000;\"><em>Si ya tomaste un curso con nosotros, tienes un <strong>10% de descuento<\/strong>\u00a0en\u00a0<strong>todos<\/strong> nuestros cursos.\u00a0<\/em><\/span><span style=\"color: #000000;\"><em>\u00a1<strong>Solic\u00edtalo<\/strong>! <span style=\"font-size: 14px;\">(Aplican restricciones)<\/span><\/em><\/span><\/p>\n<p><span style=\"color: #000000;\"><strong>\u00a1Consulta por el financiamiento con Tasa 0 a 3 o 6 meses del BAC!\u00a0<em>(Aplican restricciones)<\/em><\/strong><\/span><\/p>\n<p><span style=\"color: #000000;\"><strong>\u00a1Aprovecha nuestros descuentos por grupos en TODOS nuestros cursos!<\/strong><\/span><\/p>\n<p>[\/vc_column_text][vc_tta_tabs active_section=\u00bb1&#8243;][vc_tta_section title=\u00bbPerfil\u00bb tab_id=\u00bb1581010191122-a5dde3dc-bdd6&#8243;][vc_column_text]<span style=\"color: #000000;\"><strong>En este taller podr\u00e1n participar:\u00a0<\/strong><\/span><\/p>\n<ul>\n<li><span style=\"color: #000000;\">Agentes de cambio que conciben un mejor entorno de trabajo, con una vida m\u00e1s productiva y con menos conflicto<\/span><\/li>\n<li><span style=\"color: #000000;\">Directores de proyectos\u00a0<\/span><\/li>\n<li data-leveltext=\"\u00b7\" data-font=\"Symbol\" data-listid=\"10\" aria-setsize=\"-1\" data-aria-posinset=\"1\" data-aria-level=\"1\"><span style=\"color: #000000;\">Ejecutivos a cargo de iniciativas que transforman a sus organizaciones\u00a0<\/span><\/li>\n<li data-leveltext=\"\u00b7\" data-font=\"Symbol\" data-listid=\"10\" aria-setsize=\"-1\" data-aria-posinset=\"2\" data-aria-level=\"1\"><span style=\"color: #000000;\">Consultores que ayudan a las organizaciones a alcanzar sus objetivos organizacionales\u00a0<\/span><\/li>\n<li data-leveltext=\"\u00b7\" data-font=\"Symbol\" data-listid=\"10\" aria-setsize=\"-1\" data-aria-posinset=\"3\" data-aria-level=\"1\"><span style=\"color: #000000;\">Profesionales de la gesti\u00f3n del cambio\u00a0<\/span><\/li>\n<li data-leveltext=\"\u00b7\" data-font=\"Symbol\" data-listid=\"10\" aria-setsize=\"-1\" data-aria-posinset=\"4\" data-aria-level=\"1\"><span style=\"color: #000000;\">Agile Coaches\u00a0<\/span><\/li>\n<li data-leveltext=\"\u00b7\" data-font=\"Symbol\" data-listid=\"10\" aria-setsize=\"-1\" data-aria-posinset=\"5\" data-aria-level=\"1\"><span style=\"color: #000000;\">Cualquier profesional que desea efectuar un cambio significativo en su organizaci\u00f3n y que est\u00e1n dispuestos a ser una parte activa de la construcci\u00f3n de un mejor futuro\u00a0\u00a0<\/span><\/li>\n<li style=\"list-style-type: none;\"><\/li>\n<\/ul>\n<p>[\/vc_column_text][\/vc_tta_section][vc_tta_section title=\u00bbContenido\u00bb tab_id=\u00bb1585603174729-7af39534-c70a\u00bb][vc_column_text]<span style=\"color: #000000;\"><strong>En este taller usted aprender\u00e1 sobre:<\/strong><\/span><\/p>\n<ol>\n<li><span class=\"Y2IQFc\" lang=\"es\" style=\"color: #000000;\">C\u00f3mo establecer equipo y agilidad t\u00e9cnica y organizarse en torno al flujo de valor <\/span><\/li>\n<li><span class=\"Y2IQFc\" lang=\"es\" style=\"color: #000000;\">C\u00f3mo alinear organizaciones masivas en torno a objetivos claros y comunes <\/span><\/li>\n<li><span class=\"Y2IQFc\" lang=\"es\" style=\"color: #000000;\">C\u00f3mo participar con \u00e9xito en eventos cr\u00edticos de SAFe, como PI Planning <\/span><\/li>\n<li><span class=\"Y2IQFc\" lang=\"es\" style=\"color: #000000;\">C\u00f3mo adoptar una mentalidad centrada en el cliente<\/span><\/li>\n<\/ol>\n<p>[\/vc_column_text][\/vc_tta_section][vc_tta_section title=\u00bbIncluye\u00bb tab_id=\u00bb1581010237165-b2d3469a-6971&#8243;][vc_column_text]<span style=\"color: #000000;\"><strong>Al matricular este taller usted contar\u00e1 con:<\/strong><\/span><\/p>\n<ol>\n<li>\n<p id=\"tw-target-text\" class=\"tw-data-text tw-text-large tw-ta\" dir=\"ltr\" data-placeholder=\"Traducci\u00f3n\" aria-label=\"Texto traducido\" data-ved=\"2ahUKEwiov8Htl7uFAxV-SjABHW4rBbkQ3ewLegQIBRAU\"><span class=\"Y2IQFc\" lang=\"es\" style=\"color: #000000;\">Libro de trabajo del curso y acceso a SAFe Studio para ayudarle a prepararse para realizar el examen de certificaci\u00f3n, reclamar su insignia digital y herramientas para comenzar en su funci\u00f3n SAFe. <\/span><\/p>\n<\/li>\n<li>\n<p id=\"tw-target-text\" class=\"tw-data-text tw-text-large tw-ta\" dir=\"ltr\" data-placeholder=\"Traducci\u00f3n\" aria-label=\"Texto traducido\" data-ved=\"2ahUKEwiov8Htl7uFAxV-SjABHW4rBbkQ3ewLegQIBRAU\"><span class=\"Y2IQFc\" lang=\"es\" style=\"color: #000000;\">Aprendizaje remoto a trav\u00e9s de Aulas Virtuales SAFe\u00ae <\/span><\/p>\n<\/li>\n<li>\n<p id=\"tw-target-text\" class=\"tw-data-text tw-text-large tw-ta\" dir=\"ltr\" data-placeholder=\"Traducci\u00f3n\" aria-label=\"Texto traducido\" data-ved=\"2ahUKEwiov8Htl7uFAxV-SjABHW4rBbkQ3ewLegQIBRAU\"><span class=\"Y2IQFc\" lang=\"es\" style=\"color: #000000;\">Acceso por un a\u00f1o a SAFe\u00ae Studio con tu primera asistencia a clase <\/span><\/p>\n<\/li>\n<li>\n<p id=\"tw-target-text\" class=\"tw-data-text tw-text-large tw-ta\" dir=\"ltr\" data-placeholder=\"Traducci\u00f3n\" aria-label=\"Texto traducido\" data-ved=\"2ahUKEwiov8Htl7uFAxV-SjABHW4rBbkQ3ewLegQIBRAU\"><span class=\"Y2IQFc\" lang=\"es\" style=\"color: #000000;\">Acceso a la plataforma a m\u00f3dulos de aprendizaje electr\u00f3nico y contenido seleccionado solo para miembros para respaldar su transformaci\u00f3n SAFe <\/span><\/p>\n<\/li>\n<li>\n<p id=\"tw-target-text\" class=\"tw-data-text tw-text-large tw-ta\" dir=\"ltr\" data-placeholder=\"Traducci\u00f3n\" aria-label=\"Texto traducido\" data-ved=\"2ahUKEwiov8Htl7uFAxV-SjABHW4rBbkQ3ewLegQIBRAU\"><span class=\"Y2IQFc\" lang=\"es\" style=\"color: #000000;\">Formularios de discusi\u00f3n de miembros para participar en conversaciones continuas sobre el marco SAFe o c\u00f3mo desempe\u00f1arse mejor como parte de un equipo \u00e1gil <\/span><\/p>\n<\/li>\n<li>\n<p id=\"tw-target-text\" class=\"tw-data-text tw-text-large tw-ta\" dir=\"ltr\" data-placeholder=\"Traducci\u00f3n\" aria-label=\"Texto traducido\" data-ved=\"2ahUKEwiov8Htl7uFAxV-SjABHW4rBbkQ3ewLegQIBRAU\"><span class=\"Y2IQFc\" lang=\"es\" style=\"color: #000000;\">Listas de reproducci\u00f3n de contenido seleccionadas seg\u00fan sus intereses y roles, incluidos recursos con plantillas y gu\u00edas de facilitaci\u00f3n para comenzar<\/span><\/p>\n<\/li>\n<\/ol>\n<p>[\/vc_column_text][\/vc_tta_section][vc_tta_section title=\u00bbObjetivos\u00bb tab_id=\u00bb1581010221887-f7fcd374-7016&#8243;][vc_column_text]<span style=\"color: #000000;\"><strong>Al finalizar este taller usted ser\u00e1 capaz de:<\/strong><\/span><\/p>\n<ol>\n<li><span style=\"color: #000000;\"><span style=\"color: #000000;\">Conocer profundamente los conceptos, conocimientos, herramientas, procesos y terminolog\u00eda acerca de SAFe<\/span><\/span>\u00ae.<\/li>\n<li><span style=\"color: #000000;\">Lograr que su organizaci\u00f3n se centre m\u00e1s en el cliente para obtener mejores resultados.<\/span><\/li>\n<\/ol>\n<p>[\/vc_column_text][\/vc_tta_section][\/vc_tta_tabs][\/vc_column][vc_column width=\u00bb1\/3&#8243;][vc_gallery interval=\u00bb5&#8243; images=\u00bb12793,12722&#8243; img_size=\u00bbmedium\u00bb]<div class=\"porto-u-heading  wpb_custom_95aa9a11c17ad45cfabaf210d84ee7cc porto-u-1002\"><div class=\"porto-u-main-heading\"><h2  >CAPACITACI\u00d3N<\/h2><\/div><style>.porto-u-1002.porto-u-heading{text-align:center}<\/style><\/div>[vc_tta_accordion][vc_tta_section title=\u00bbAGILIDAD\u00bb tab_id=\u00bb1606149104773-2e9350df-f9bd\u00bb][vc_wp_custommenu nav_menu=\u00bb73&#8243;][\/vc_tta_section][vc_tta_section title=\u00bbCERTIFICACIONES\u00bb tab_id=\u00bb1606149104773-e60301ba-dee6&#8243;][vc_wp_custommenu nav_menu=\u00bb75&#8243;][\/vc_tta_section][vc_tta_section title=\u00bbM\u00c1S PROGRAMAS&#8230;\u00bb tab_id=\u00bb1606149183575-05fedd3f-a7ea\u00bb][vc_wp_custommenu nav_menu=\u00bb74&#8243;][\/vc_tta_section][\/vc_tta_accordion][vc_images_carousel images=\u00bb7267&#8243; img_size=\u00bbmedium\u00bb onclick=\u00bbcustom_link\u00bb custom_links_target=\u00bb_blank\u00bb speed=\u00bb2500&#8243; autoplay=\u00bbyes\u00bb hide_pagination_control=\u00bbyes\u00bb hide_prev_next_buttons=\u00bbyes\u00bb wrap=\u00bbyes\u00bb css=\u00bb.vc_custom_1603230254637{padding-left: 80px !important;}\u00bb][\/vc_column][\/vc_row][vc_row full_width=\u00bbstretch_row_content_no_spaces\u00bb equal_height=\u00bbyes\u00bb][vc_column el_class=\u00bbbackground-color-primary\u00bb css=\u00bb.vc_custom_1528971916644{padding-top: 60px !important;padding-bottom: 55px !important;padding-left: 15px !important;}\u00bb]<div class=\"col-half-section half-container col-fullwidth-md\">[vc_custom_heading text=\u00bbLlene el siguiente formulario, pronto un asesor experto en el taller se pondr\u00e1 en contacto con usted\u00bb font_container=\u00bbtag:h2|text_align:left|color:%23ffffff\u00bb use_theme_fonts=\u00bbyes\u00bb css=\u00bb.vc_custom_1752458267480{margin-bottom: 0px !important;}\u00bb text_transform=\u00bbtext-uppercase\u00bb][vc_raw_html css=\u00bb\u00bb]JTNDc2NyaXB0JTIwY2hhcnNldCUzRCUyMnV0Zi04JTIyJTIwdHlwZSUzRCUyMnRleHQlMkZqYXZhc2NyaXB0JTIyJTIwc3JjJTNEJTIyJTJGJTJGanMuaHNmb3Jtcy5uZXQlMkZmb3JtcyUyRmVtYmVkJTJGdjIuanMlMjIlM0UlM0MlMkZzY3JpcHQlM0UlMEElM0NzY3JpcHQlM0UlMEElMjAlMjBoYnNwdC5mb3Jtcy5jcmVhdGUlMjglN0IlMEElMjAlMjAlMjAlMjBwb3J0YWxJZCUzQSUyMCUyMjQ5NjQ1MTg5JTIyJTJDJTBBJTIwJTIwJTIwJTIwZm9ybUlkJTNBJTIwJTIyZDVkZjhmNTAtMWE1Ni00ZDVkLTgzMGUtMjU3NDg0MjMzZmQ4JTIyJTJDJTBBJTIwJTIwJTIwJTIwcmVnaW9uJTNBJTIwJTIybmExJTIyJTBBJTIwJTIwJTdEJTI5JTNCJTBBJTNDJTJGc2NyaXB0JTNF[\/vc_raw_html]<\/div>[\/vc_column][\/vc_row]<\/p>\n<\/div>","protected":false},"excerpt":{"rendered":"<p>[vc_row full_width=\u00bbstretch_row_content\u00bb css=\u00bb.vc_custom_1581010883325{padding-top: 58px !important;padding-bottom: 58px !important;background-image: url(https:\/\/www.proyectum.com\/cr\/wp-content\/uploads\/2018\/09\/curso-tipo.png?id=6990) !important;background-position: center !important;background-repeat: no-repeat !important;background-size: cover !important;}\u00bb][vc_column width=\u00bb1\/2&#8243;][vc_custom_heading text=\u00bbLeading SAFe\u00ae\u00bb font_container=\u00bbtag:h1|font_size:50|text_align:center|color:%23ffffff|line_height:5&#8243; use_theme_fonts=\u00bbyes\u00bb css=\u00bb.vc_custom_1715360982334{padding-top: 25px !important;padding-left: 150px !important;}\u00bb][\/vc_column][vc_column width=\u00bb1\/2&#8243;][vc_single_image image=\u00bb9634&#8243; img_size=\u00bb200&#215;170&#8243; css=\u00bb.vc_custom_1715360169074{padding-left: 250px !important;}\u00bb][\/vc_column][\/vc_row][vc_row][vc_column width=\u00bb2\/3&#8243;][vc_separator color=\u00bbwhite\u00bb][vc_column_text css=\u00bb\u00bb]\u00a1Prosperando en la era digital con agilidad empresarial! Este curso ofrece una introducci\u00f3n a los fundamentos de SAFe y proporciona los principios [&hellip;]<\/p>\n","protected":false},"author":47,"featured_media":0,"parent":7466,"menu_order":0,"comment_status":"closed","ping_status":"closed","template":"","meta":{"content-type":"","footnotes":""},"class_list":["post-12720","page","type-page","status-publish","hentry"],"acf":[],"yoast_head":"<!-- This site is optimized with the Yoast SEO plugin v27.6 - https:\/\/yoast.com\/product\/yoast-seo-wordpress\/ -->\n<title>Scaled Agile Framework (SAFe\u00ae) - Proyectum Costa Rica<\/title>\n<meta name=\"robots\" content=\"index, follow, max-snippet:-1, max-image-preview:large, max-video-preview:-1\" \/>\n<link rel=\"canonical\" href=\"https:\/\/proyectum.com\/cr\/capacitacion\/safe\/\" \/>\n<meta property=\"og:locale\" content=\"es_ES\" \/>\n<meta property=\"og:type\" content=\"article\" \/>\n<meta property=\"og:title\" content=\"Scaled Agile Framework (SAFe\u00ae) - Proyectum Costa Rica\" \/>\n<meta property=\"og:description\" content=\"[vc_row full_width=\u00bbstretch_row_content\u00bb css=\u00bb.vc_custom_1581010883325{padding-top: 58px !important;padding-bottom: 58px !important;background-image: url(https:\/\/www.proyectum.com\/cr\/wp-content\/uploads\/2018\/09\/curso-tipo.png?id=6990) !important;background-position: center !important;background-repeat: no-repeat !important;background-size: cover !important;}\u00bb][vc_column width=\u00bb1\/2&#8243;][vc_custom_heading text=\u00bbLeading SAFe\u00ae\u00bb font_container=\u00bbtag:h1|font_size:50|text_align:center|color:%23ffffff|line_height:5&#8243; use_theme_fonts=\u00bbyes\u00bb css=\u00bb.vc_custom_1715360982334{padding-top: 25px !important;padding-left: 150px !important;}\u00bb][\/vc_column][vc_column width=\u00bb1\/2&#8243;][vc_single_image image=\u00bb9634&#8243; img_size=\u00bb200&#215;170&#8243; css=\u00bb.vc_custom_1715360169074{padding-left: 250px !important;}\u00bb][\/vc_column][\/vc_row][vc_row][vc_column width=\u00bb2\/3&#8243;][vc_separator color=\u00bbwhite\u00bb][vc_column_text css=\u00bb\u00bb]\u00a1Prosperando en la era digital con agilidad empresarial! Este curso ofrece una introducci\u00f3n a los fundamentos de SAFe y proporciona los principios [&hellip;]\" \/>\n<meta property=\"og:url\" content=\"https:\/\/proyectum.com\/cr\/capacitacion\/safe\/\" \/>\n<meta property=\"og:site_name\" content=\"Proyectum Costa Rica\" \/>\n<meta property=\"article:publisher\" content=\"https:\/\/www.facebook.com\/proyectumcr\/\" \/>\n<meta property=\"article:modified_time\" content=\"2025-07-23T18:20:24+00:00\" \/>\n<meta name=\"twitter:card\" content=\"summary_large_image\" \/>\n<meta name=\"twitter:label1\" content=\"Tiempo de lectura\" \/>\n\t<meta name=\"twitter:data1\" content=\"3 minutos\" \/>\n<script type=\"application\/ld+json\" class=\"yoast-schema-graph\">{\"@context\":\"https:\\\/\\\/schema.org\",\"@graph\":[{\"@type\":\"WebPage\",\"@id\":\"https:\\\/\\\/proyectum.com\\\/cr\\\/capacitacion\\\/safe\\\/\",\"url\":\"https:\\\/\\\/proyectum.com\\\/cr\\\/capacitacion\\\/safe\\\/\",\"name\":\"Scaled Agile Framework (SAFe\u00ae) - Proyectum Costa Rica\",\"isPartOf\":{\"@id\":\"https:\\\/\\\/proyectum.com\\\/cr\\\/#website\"},\"datePublished\":\"2024-04-18T21:57:37+00:00\",\"dateModified\":\"2025-07-23T18:20:24+00:00\",\"breadcrumb\":{\"@id\":\"https:\\\/\\\/proyectum.com\\\/cr\\\/capacitacion\\\/safe\\\/#breadcrumb\"},\"inLanguage\":\"es\",\"potentialAction\":[{\"@type\":\"ReadAction\",\"target\":[\"https:\\\/\\\/proyectum.com\\\/cr\\\/capacitacion\\\/safe\\\/\"]}]},{\"@type\":\"BreadcrumbList\",\"@id\":\"https:\\\/\\\/proyectum.com\\\/cr\\\/capacitacion\\\/safe\\\/#breadcrumb\",\"itemListElement\":[{\"@type\":\"ListItem\",\"position\":1,\"name\":\"Home\",\"item\":\"https:\\\/\\\/proyectum.com\\\/cr\\\/\"},{\"@type\":\"ListItem\",\"position\":2,\"name\":\"Capacitaciones\",\"item\":\"https:\\\/\\\/proyectum.com\\\/cr\\\/capacitacion\\\/\"},{\"@type\":\"ListItem\",\"position\":3,\"name\":\"Scaled Agile Framework (SAFe\u00ae)\"}]},{\"@type\":\"WebSite\",\"@id\":\"https:\\\/\\\/proyectum.com\\\/cr\\\/#website\",\"url\":\"https:\\\/\\\/proyectum.com\\\/cr\\\/\",\"name\":\"Proyectum Costa Rica\",\"description\":\"La Agilidad Empresarial es una obligaci\u00f3n\",\"publisher\":{\"@id\":\"https:\\\/\\\/proyectum.com\\\/cr\\\/#organization\"},\"potentialAction\":[{\"@type\":\"SearchAction\",\"target\":{\"@type\":\"EntryPoint\",\"urlTemplate\":\"https:\\\/\\\/proyectum.com\\\/cr\\\/?s={search_term_string}\"},\"query-input\":{\"@type\":\"PropertyValueSpecification\",\"valueRequired\":true,\"valueName\":\"search_term_string\"}}],\"inLanguage\":\"es\"},{\"@type\":\"Organization\",\"@id\":\"https:\\\/\\\/proyectum.com\\\/cr\\\/#organization\",\"name\":\"Proyectum Costa Rica\",\"url\":\"https:\\\/\\\/proyectum.com\\\/cr\\\/\",\"logo\":{\"@type\":\"ImageObject\",\"inLanguage\":\"es\",\"@id\":\"https:\\\/\\\/proyectum.com\\\/cr\\\/#\\\/schema\\\/logo\\\/image\\\/\",\"url\":\"https:\\\/\\\/i1.wp.com\\\/www.proyectum.com\\\/cr\\\/wp-content\\\/uploads\\\/proyectum-logo-snippet.png?fit=600%2C315&ssl=1\",\"contentUrl\":\"https:\\\/\\\/i1.wp.com\\\/www.proyectum.com\\\/cr\\\/wp-content\\\/uploads\\\/proyectum-logo-snippet.png?fit=600%2C315&ssl=1\",\"width\":600,\"height\":315,\"caption\":\"Proyectum Costa Rica\"},\"image\":{\"@id\":\"https:\\\/\\\/proyectum.com\\\/cr\\\/#\\\/schema\\\/logo\\\/image\\\/\"},\"sameAs\":[\"https:\\\/\\\/www.facebook.com\\\/proyectumcr\\\/\",\"https:\\\/\\\/www.instagram.com\\\/proyectumcostarica\\\/\",\"https:\\\/\\\/www.linkedin.com\\\/company\\\/proyectum-costarica\\\/\",\"https:\\\/\\\/www.youtube.com\\\/channel\\\/UCljouWimyhK_cNcC2jniUgw\"]}]}<\/script>\n<!-- \/ Yoast SEO plugin. -->","yoast_head_json":{"title":"Scaled Agile Framework (SAFe\u00ae) - Proyectum Costa Rica","robots":{"index":"index","follow":"follow","max-snippet":"max-snippet:-1","max-image-preview":"max-image-preview:large","max-video-preview":"max-video-preview:-1"},"canonical":"https:\/\/proyectum.com\/cr\/capacitacion\/safe\/","og_locale":"es_ES","og_type":"article","og_title":"Scaled Agile Framework (SAFe\u00ae) - Proyectum Costa Rica","og_description":"[vc_row full_width=\u00bbstretch_row_content\u00bb css=\u00bb.vc_custom_1581010883325{padding-top: 58px !important;padding-bottom: 58px !important;background-image: url(https:\/\/www.proyectum.com\/cr\/wp-content\/uploads\/2018\/09\/curso-tipo.png?id=6990) !important;background-position: center !important;background-repeat: no-repeat !important;background-size: cover !important;}\u00bb][vc_column width=\u00bb1\/2&#8243;][vc_custom_heading text=\u00bbLeading SAFe\u00ae\u00bb font_container=\u00bbtag:h1|font_size:50|text_align:center|color:%23ffffff|line_height:5&#8243; use_theme_fonts=\u00bbyes\u00bb css=\u00bb.vc_custom_1715360982334{padding-top: 25px !important;padding-left: 150px !important;}\u00bb][\/vc_column][vc_column width=\u00bb1\/2&#8243;][vc_single_image image=\u00bb9634&#8243; img_size=\u00bb200&#215;170&#8243; css=\u00bb.vc_custom_1715360169074{padding-left: 250px !important;}\u00bb][\/vc_column][\/vc_row][vc_row][vc_column width=\u00bb2\/3&#8243;][vc_separator color=\u00bbwhite\u00bb][vc_column_text css=\u00bb\u00bb]\u00a1Prosperando en la era digital con agilidad empresarial! Este curso ofrece una introducci\u00f3n a los fundamentos de SAFe y proporciona los principios [&hellip;]","og_url":"https:\/\/proyectum.com\/cr\/capacitacion\/safe\/","og_site_name":"Proyectum Costa Rica","article_publisher":"https:\/\/www.facebook.com\/proyectumcr\/","article_modified_time":"2025-07-23T18:20:24+00:00","twitter_card":"summary_large_image","twitter_misc":{"Tiempo de lectura":"3 minutos"},"schema":{"@context":"https:\/\/schema.org","@graph":[{"@type":"WebPage","@id":"https:\/\/proyectum.com\/cr\/capacitacion\/safe\/","url":"https:\/\/proyectum.com\/cr\/capacitacion\/safe\/","name":"Scaled Agile Framework (SAFe\u00ae) - Proyectum Costa Rica","isPartOf":{"@id":"https:\/\/proyectum.com\/cr\/#website"},"datePublished":"2024-04-18T21:57:37+00:00","dateModified":"2025-07-23T18:20:24+00:00","breadcrumb":{"@id":"https:\/\/proyectum.com\/cr\/capacitacion\/safe\/#breadcrumb"},"inLanguage":"es","potentialAction":[{"@type":"ReadAction","target":["https:\/\/proyectum.com\/cr\/capacitacion\/safe\/"]}]},{"@type":"BreadcrumbList","@id":"https:\/\/proyectum.com\/cr\/capacitacion\/safe\/#breadcrumb","itemListElement":[{"@type":"ListItem","position":1,"name":"Home","item":"https:\/\/proyectum.com\/cr\/"},{"@type":"ListItem","position":2,"name":"Capacitaciones","item":"https:\/\/proyectum.com\/cr\/capacitacion\/"},{"@type":"ListItem","position":3,"name":"Scaled Agile Framework (SAFe\u00ae)"}]},{"@type":"WebSite","@id":"https:\/\/proyectum.com\/cr\/#website","url":"https:\/\/proyectum.com\/cr\/","name":"Proyectum Costa Rica","description":"La Agilidad Empresarial es una obligaci\u00f3n","publisher":{"@id":"https:\/\/proyectum.com\/cr\/#organization"},"potentialAction":[{"@type":"SearchAction","target":{"@type":"EntryPoint","urlTemplate":"https:\/\/proyectum.com\/cr\/?s={search_term_string}"},"query-input":{"@type":"PropertyValueSpecification","valueRequired":true,"valueName":"search_term_string"}}],"inLanguage":"es"},{"@type":"Organization","@id":"https:\/\/proyectum.com\/cr\/#organization","name":"Proyectum Costa Rica","url":"https:\/\/proyectum.com\/cr\/","logo":{"@type":"ImageObject","inLanguage":"es","@id":"https:\/\/proyectum.com\/cr\/#\/schema\/logo\/image\/","url":"https:\/\/i1.wp.com\/www.proyectum.com\/cr\/wp-content\/uploads\/proyectum-logo-snippet.png?fit=600%2C315&ssl=1","contentUrl":"https:\/\/i1.wp.com\/www.proyectum.com\/cr\/wp-content\/uploads\/proyectum-logo-snippet.png?fit=600%2C315&ssl=1","width":600,"height":315,"caption":"Proyectum Costa Rica"},"image":{"@id":"https:\/\/proyectum.com\/cr\/#\/schema\/logo\/image\/"},"sameAs":["https:\/\/www.facebook.com\/proyectumcr\/","https:\/\/www.instagram.com\/proyectumcostarica\/","https:\/\/www.linkedin.com\/company\/proyectum-costarica\/","https:\/\/www.youtube.com\/channel\/UCljouWimyhK_cNcC2jniUgw"]}]}},"jetpack_sharing_enabled":true,"_links":{"self":[{"href":"https:\/\/proyectum.com\/cr\/wp-json\/wp\/v2\/pages\/12720","targetHints":{"allow":["GET"]}}],"collection":[{"href":"https:\/\/proyectum.com\/cr\/wp-json\/wp\/v2\/pages"}],"about":[{"href":"https:\/\/proyectum.com\/cr\/wp-json\/wp\/v2\/types\/page"}],"author":[{"embeddable":true,"href":"https:\/\/proyectum.com\/cr\/wp-json\/wp\/v2\/users\/47"}],"replies":[{"embeddable":true,"href":"https:\/\/proyectum.com\/cr\/wp-json\/wp\/v2\/comments?post=12720"}],"version-history":[{"count":11,"href":"https:\/\/proyectum.com\/cr\/wp-json\/wp\/v2\/pages\/12720\/revisions"}],"predecessor-version":[{"id":13170,"href":"https:\/\/proyectum.com\/cr\/wp-json\/wp\/v2\/pages\/12720\/revisions\/13170"}],"up":[{"embeddable":true,"href":"https:\/\/proyectum.com\/cr\/wp-json\/wp\/v2\/pages\/7466"}],"wp:attachment":[{"href":"https:\/\/proyectum.com\/cr\/wp-json\/wp\/v2\/media?parent=12720"}],"curies":[{"name":"wp","href":"https:\/\/api.w.org\/{rel}","templated":true}]}}