{"id":12739,"date":"2024-05-08T12:26:09","date_gmt":"2024-05-08T18:26:09","guid":{"rendered":"https:\/\/proyectum.com\/cr\/?page_id=12739"},"modified":"2025-08-05T09:28:00","modified_gmt":"2025-08-05T15:28:00","slug":"riesgospep","status":"publish","type":"page","link":"https:\/\/proyectum.com\/cr\/capacitacion\/riesgospep\/","title":{"rendered":"Gesti\u00f3n de Riesgos y Crisis en Proyectos desde otra perspectiva. \u2013 Basado en Proyectos Reales de m\u00e1s de $30M"},"content":{"rendered":"<div class=\"wpb-content-wrapper\"><p>[vc_row full_width=\u00bbstretch_row_content\u00bb gap=\u00bb5&#8243; equal_height=\u00bbyes\u00bb content_placement=\u00bbmiddle\u00bb css=\u00bb.vc_custom_1628172484983{padding-top: 58px !important;padding-bottom: 58px !important;background-image: url(https:\/\/www.proyectum.com\/cr\/wp-content\/uploads\/2018\/09\/curso-tipo.png?id=6990) !important;background-position: center !important;background-repeat: no-repeat !important;background-size: cover !important;}\u00bb][vc_column][vc_custom_heading text=\u00bbGesti\u00f3n de Riesgos y Crisis en Proyectos desde otra perspectiva\u00bb font_container=\u00bbtag:h5|font_size:40|text_align:center|color:%23ffffff|line_height:1&#8243; use_theme_fonts=\u00bbyes\u00bb css=\u00bb.vc_custom_1715362956808{margin-bottom: 0px !important;padding-right: 50px !important;padding-left: 50px !important;}\u00bb][vc_separator color=\u00bbcustom\u00bb css=\u00bb.vc_custom_1692647496520{background-color: rgba(255,255,255,0.01) !important;*background-color: rgb(255,255,255) !important;}\u00bb accent_color=\u00bbrgba(255,255,255,0.01)\u00bb][\/vc_column][\/vc_row][vc_row gap=\u00bb5&#8243;][vc_column width=\u00bb2\/3&#8243;][vc_separator color=\u00bbcustom\u00bb border_width=\u00bb5&#8243; style=\u00bbsolid\u00bb accent_color=\u00bbrgba(0,0,0,0)\u00bb][vc_column_text]<span style=\"color: #000000; font-size: 17px;\">Este curso de 9 horas est\u00e1 dise\u00f1ado para Directores Senior con amplia experiencia en proyectos, ofreciendo un enfoque pr\u00e1ctico y basado en la realidad en la gesti\u00f3n de riesgos y crisis. <\/span><\/p>\n<p><span style=\"color: #000000; font-size: 17px;\">Cada m\u00f3dulo proporciona estrategias y conocimientos esenciales para enfrentar los desaf\u00edos m\u00e1s exigentes del liderazgo de \u00e9lite<\/span>[\/vc_column_text][vc_single_image image=\u00bb12761&#8243; img_size=\u00bblarge\u00bb alignment=\u00bbcenter\u00bb][vc_btn title=\u00bb\u00a1Adquiere tu cupo aqu\u00ed!\u00bb color=\u00bbgreen\u00bb align=\u00bbcenter\u00bb link=\u00bburl:https%3A%2F%2Fcheckout.baccredomatic.com%2FNzYyLjk2Njg2MzA4ODNlMmQ1MzY2NGIxNzE1MTk5NjI1|target:_blank\u00bb][vc_column_text]&nbsp;<\/p>\n<ul>\n<li><span style=\"color: #000000;\"><strong><span style=\"font-size: 17px;\">Objetivos:\u00a0<\/span><\/strong><\/span>\n<ul>\n<li><span style=\"color: #000000;\">Proporcionar una comprensi\u00f3n profunda de la importancia de la gesti\u00f3n de riesgos y de crisis en el \u00e9xito de los proyectos.<\/span><\/li>\n<li><span style=\"color: #000000;\">Destacar las habilidades y destrezas necesarias para ser un director de proyecto de \u00e9lite en t\u00e9rminos de gesti\u00f3n de riesgos y de crisis.<\/span><\/li>\n<li><span style=\"color: #000000;\">Compartir lecciones clave y mejores pr\u00e1cticas en la identificaci\u00f3n, evaluaci\u00f3n, mitigaci\u00f3n y seguimiento de riesgos y de crisis en proyectos.<\/span><\/li>\n<li><span style=\"color: #000000;\">Presentar casos de estudio y ejemplos reales que ilustren la aplicaci\u00f3n exitosa de t\u00e9cnicas de gesti\u00f3n de riesgos y de crisis en diferentes industrias y contextos.<\/span><\/li>\n<li><span style=\"color: #000000;\">Ofrecer consejos pr\u00e1cticos y herramientas \u00fatiles que los directores de proyecto puedan aplicar de inmediato en sus proyectos para mejorar la gesti\u00f3n de riesgos y de crisis.<\/span><\/li>\n<li><span style=\"color: #000000;\">Inspirar a los asistentes a aspirar a la excelencia en la gesti\u00f3n de proyectos a trav\u00e9s de la mejora continua y el desarrollo de habilidades en estas \u00e1reas cr\u00edticas<\/span><\/li>\n<\/ul>\n<\/li>\n<li><span style=\"font-size: 17px; color: #000000;\"><strong>Duraci\u00f3n: <\/strong><span style=\"font-size: 16px;\">9 horas de capacitaci\u00f3n efectiva.<\/span><\/span><\/li>\n<li><span style=\"font-size: 17px; color: #000000;\"><strong>Sesiones: <\/strong><span style=\"font-size: 16px;\">3 sesiones totales de 3 horas cada uno.<\/span><\/span><\/li>\n<li><span style=\"font-size: 17px; color: #000000;\"><strong>Modalidad:<\/strong> <span style=\"font-size: 16px;\">Online con instructor en vivo.<\/span><\/span><\/li>\n<li><span style=\"font-size: 17px; color: #000000;\"><strong>Inversi\u00f3n del taller: <\/strong><span style=\"font-size: 16px;\">$<\/span><span style=\"font-size: 16px;\">199 (+2%iva)<\/span><\/span>\n<ul>\n<li><span style=\"color: #000000;\"><strong>\u00a1APROVECHA EARLY BIRD!<\/strong> $163 (+2%iva) hasta el 24 de mayo 2024<\/span><\/li>\n<\/ul>\n<\/li>\n<li><span style=\"font-size: 17px; color: #000000;\"><strong>Pr\u00f3ximo curso: <\/strong><span style=\"font-size: 16px;\">10<\/span> <span style=\"font-size: 16px;\">de junio 2024<\/span><\/span><\/li>\n<li><span style=\"font-size: 17px; color: #000000;\"><strong>Horario:\u00a0<\/strong><span style=\"font-size: 16px;\">5:30pm a 8:30pm UTC-6<\/span><\/span><\/li>\n<li><span style=\"color: #000000;\"><strong><span style=\"font-size: 17px;\">Fechas del curso:<\/span> <\/strong>Lunes 10, 17 y 24 de junio<\/span><\/li>\n<\/ul>\n<p><span style=\"color: #000000; font-size: 17px;\">No desaproveches esta oportunidad&#8230; es CUPO limitado y solo se dar\u00e1 1 vez al a\u00f1o<\/span><\/p>\n<p><span style=\"color: #000000; font-size: 17px;\"><em>Si ya tomaste un curso con nosotros, tienes un\u00a0<strong>20% de descuento<\/strong>\u00a0en\u00a0<strong>todos<\/strong>\u00a0nuestros cursos\u00a0<\/em><em>\u00a1<strong>Solic\u00edtalo<\/strong>! (Aplican restricciones)<\/em><\/span><\/p>\n<p><span style=\"color: #000000; font-size: 17px;\"><strong>\u00a1Consulta por el financiamiento con mini-cuotas BAC!\u00a0<\/strong><em>(Aplican restricciones)<\/em><\/span><\/p>\n<p><span style=\"color: #000000; font-size: 17px;\"><strong>\u00a1Aprovecha nuestros descuentos por grupos en todos nuestros cursos!<\/strong><\/span>[\/vc_column_text][vc_btn title=\u00bb\u00a1Adquiere tu cupo aqu\u00ed!\u00bb color=\u00bbgreen\u00bb align=\u00bbcenter\u00bb link=\u00bburl:https%3A%2F%2Fcheckout.baccredomatic.com%2FNzYyLjk2Njg2MzA4ODNlMmQ1MzY2NGIxNzE1MTk5NjI1|target:_blank\u00bb][vc_column_text css=\u00bb.vc_custom_1672687498367{padding-right: 50px !important;padding-left: 10px !important;}\u00bb]<\/p>\n<p style=\"text-align: center;\"><span style=\"color: #000000; font-size: 35px;\"><strong>MAKING STRATEGY WORK<\/strong><\/span><\/p>\n<p>[\/vc_column_text][vc_separator color=\u00bbwhite\u00bb border_width=\u00bb3&#8243;][\/vc_column][vc_column width=\u00bb1\/3&#8243;][vc_separator color=\u00bbcustom\u00bb border_width=\u00bb4&#8243; style=\u00bbsolid\u00bb accent_color=\u00bbrgba(0,0,0,0)\u00bb][vc_btn title=\u00bb\u00a1Adquiere tu cupo aqu\u00ed!\u00bb color=\u00bbgreen\u00bb align=\u00bbcenter\u00bb link=\u00bburl:https%3A%2F%2Fcheckout.baccredomatic.com%2FNzYyLjk2Njg2MzA4ODNlMmQ1MzY2NGIxNzE1MTk5NjI1|target:_blank\u00bb]<div class=\"porto-u-heading  wpb_custom_95aa9a11c17ad45cfabaf210d84ee7cc porto-u-6982\"><div class=\"porto-u-main-heading\"><h2  >Informaci\u00f3n Importante<\/h2><\/div><style>.porto-u-6982.porto-u-heading{text-align:center}<\/style><\/div>[vc_tta_accordion][vc_tta_section title=\u00bb\u00bfQui\u00e9n debe participar?\u00bb tab_id=\u00bb1672696918892-76cd49c7-2eef\u00bb][vc_column_text]<span style=\"color: #000000;\">Directores de Proyectos Senior en el \u00e1rea de gesti\u00f3n de proyectos que tengan a su cargo la toma de decisiones donde este involucrada la gesti\u00f3n de riesgos y de crisis.<\/span>[\/vc_column_text][\/vc_tta_section][vc_tta_section title=\u00bbTemario\u00bb tab_id=\u00bb1672697089471-cfb1595b-d8d8&#8243;][vc_column_text]<\/p>\n<ul>\n<li><span style=\"color: #000000;\"><strong>M\u00f3dulo 1 \u2013 <\/strong>Presentaci\u00f3n del curso <\/span><\/li>\n<li><span style=\"color: #000000;\"><strong>M\u00f3dulo 02<\/strong> \u2013 Contexto y Marco Conceptual del curso\u00a0<\/span>\n<ul>\n<li><span style=\"color: #000000;\">Introducci\u00f3n al curso y visi\u00f3n general del marco conceptual.<\/span><\/li>\n<li><span style=\"color: #000000;\">Importancia de la gesti\u00f3n de riesgos y crisis en proyectos.<\/span><\/li>\n<li><span style=\"color: #000000;\">Ejemplo pr\u00e1ctico sobre el cual se desarrollar\u00e1 el curso.<\/span><\/li>\n<\/ul>\n<\/li>\n<li><span style=\"color: #000000;\"><strong>M\u00f3dulo 03<\/strong> \u2013 Los Riesgos M\u00e1s Complejos<\/span>\n<ul>\n<li><span style=\"color: #000000;\">Gesti\u00f3n de los riesgos desde otra perspectiva.<\/span><\/li>\n<li><span style=\"color: #000000;\">Exploraci\u00f3n de los riesgos m\u00e1s significativos en los proyectos.<\/span><\/li>\n<\/ul>\n<\/li>\n<li><span style=\"color: #000000;\"><strong>M\u00f3dulo 04<\/strong> \u2013 Gestionando Crisis: identificaci\u00f3n temprana y estrategias<\/span>\n<ul>\n<li><span style=\"color: #000000;\">Definici\u00f3n de crisis y su diferencia con el riesgo ordinario Identificaci\u00f3n temprana y manejo de crisis en entornos desafiantes.<\/span><\/li>\n<li><span style=\"color: #000000;\">Importancia de la cultura organizacional en la gesti\u00f3n de crisis.<\/span><\/li>\n<li><span style=\"color: #000000;\">Ciclo de vida de las crisis.<\/span><\/li>\n<li><span style=\"color: #000000;\">Importancia de la preparaci\u00f3n para la crisis: planes de contingencia y comunicaci\u00f3n.<\/span><\/li>\n<li><span style=\"color: #000000;\">Planificaci\u00f3n y ejecuci\u00f3n de estrategias de respuesta efectivas.<\/span><\/li>\n<\/ul>\n<\/li>\n<li><strong><span style=\"color: #000000;\">M\u00f3dulo 05 \u2013 <\/span><\/strong><span style=\"color: #000000;\">Comunicaci\u00f3n: Eje Transversal de la Gesti\u00f3n<\/span>\n<ul>\n<li><span style=\"color: #000000;\">El papel cr\u00edtico de la comunicaci\u00f3n en la gesti\u00f3n de riesgos y crisis.<\/span><\/li>\n<li><span style=\"color: #000000;\">Desarrollo de habilidades de comunicaci\u00f3n efectiva para l\u00edderes de \u00e9lite.<\/span><\/li>\n<\/ul>\n<\/li>\n<li><span style=\"color: #000000;\"><strong>M\u00f3dulo 06<\/strong> \u2013 Herramientas de vanguardia para la gesti\u00f3n de los riesgos y de las crisis\u00a0<\/span>\n<ul>\n<li><span style=\"color: #000000;\">Presentaci\u00f3n de herramientas clave para la gesti\u00f3n de riesgos y crisis.<\/span><\/li>\n<\/ul>\n<\/li>\n<li><span style=\"color: #000000;\"><strong>M\u00f3dulo 07 \u2013<\/strong>Habilidades y Destrezas\u00a0<\/span>\n<ul>\n<li><span style=\"color: #000000;\">Desarrollo de habilidades blandas y competencias necesarias para enfrentar estos desaf\u00edos.<\/span><\/li>\n<li><span style=\"color: #000000;\">Enfoque en la resiliencia, el liderazgo y la toma de decisiones en situaciones cr\u00edticas.<\/span><\/li>\n<\/ul>\n<\/li>\n<\/ul>\n<p>[\/vc_column_text][\/vc_tta_section][vc_tta_section title=\u00bbModalidad\u00bb tab_id=\u00bb1672697748106-f149c9b2-3133&#8243;][vc_column_text]<span style=\"color: #000000;\">Modalidad 100% virtual<\/span>[\/vc_column_text][\/vc_tta_section][\/vc_tta_accordion][vc_column_text css=\u00bb.vc_custom_1715363000123{padding-right: 50px !important;padding-left: 10px !important;}\u00bb]<span style=\"font-size: 20px; color: #000000;\"><b>Este taller te acredita 12 PDUs tipo Power Skills v\u00e1lidos ante el PMI<strong>\u00ae <\/strong><\/b><\/span>[\/vc_column_text][vc_separator color=\u00bbcustom\u00bb border_width=\u00bb7&#8243; style=\u00bbsolid\u00bb accent_color=\u00bbrgba(0,0,0,0.01)\u00bb]<div class=\"porto-u-heading  wpb_custom_95aa9a11c17ad45cfabaf210d84ee7cc porto-u-5573\"><div class=\"porto-u-main-heading\"><h2  >Programa de Especializaci\u00f3n Profesional<\/h2><\/div><div class=\"porto-u-sub-heading\" style=\"\"><span style=\"color: #000000;\">Conozca los talleres que tenemos a su disposici\u00f3n para completar su especializaci\u00f3n profesional en proyectos\u00a0<\/span><\/div><style>.porto-u-5573.porto-u-heading{text-align:center}<\/style><\/div>[vc_tta_accordion][vc_tta_section title=\u00bbTalleres\u00bb tab_id=\u00bb1692650853621-f686dfd9-5deb\u00bb][vc_wp_custommenu nav_menu=\u00bb80&#8243;][\/vc_tta_section][\/vc_tta_accordion][vc_btn title=\u00bb\u00a1Adquiere tu cupo aqu\u00ed!\u00bb color=\u00bbgreen\u00bb align=\u00bbcenter\u00bb link=\u00bburl:https%3A%2F%2Fcheckout.baccredomatic.com%2FNzYyLjk2Njg2MzA4ODNlMmQ1MzY2NGIxNzE1MTk5NjI1|target:_blank\u00bb][\/vc_column][\/vc_row][vc_row full_width=\u00bbstretch_row_content\u00bb equal_height=\u00bbyes\u00bb][vc_column el_class=\u00bbbackground-color-primary\u00bb css=\u00bb.vc_custom_1528971916644{padding-top: 60px !important;padding-bottom: 55px !important;padding-left: 15px !important;}\u00bb]<div class=\"col-half-section half-container col-fullwidth-md\">[vc_separator color=\u00bbcustom\u00bb border_width=\u00bb10&#8243; accent_color=\u00bbrgba(0,0,0,0.01)\u00bb][vc_custom_heading text=\u00bbLlene el siguiente formulario, pronto un asesor experto se pondr\u00e1 en contacto con usted\u00bb font_container=\u00bbtag:h2|text_align:center|color:%23ffffff\u00bb use_theme_fonts=\u00bbyes\u00bb css=\u00bb\u00bb][vc_raw_html css=\u00bb\u00bb]JTNDc2NyaXB0JTIwY2hhcnNldCUzRCUyMnV0Zi04JTIyJTIwdHlwZSUzRCUyMnRleHQlMkZqYXZhc2NyaXB0JTIyJTIwc3JjJTNEJTIyJTJGJTJGanMuaHNmb3Jtcy5uZXQlMkZmb3JtcyUyRmVtYmVkJTJGdjIuanMlMjIlM0UlM0MlMkZzY3JpcHQlM0UlMEElM0NzY3JpcHQlM0UlMEElMjAlMjBoYnNwdC5mb3Jtcy5jcmVhdGUlMjglN0IlMEElMjAlMjAlMjAlMjBwb3J0YWxJZCUzQSUyMCUyMjQ5NjQ1MTg5JTIyJTJDJTBBJTIwJTIwJTIwJTIwZm9ybUlkJTNBJTIwJTIyOTNmMjA5OTEtMTllOS00MGRjLTgyMDgtYTlmNDFkMTlkZmJiJTIyJTJDJTBBJTIwJTIwJTIwJTIwcmVnaW9uJTNBJTIwJTIybmExJTIyJTBBJTIwJTIwJTdEJTI5JTNCJTBBJTNDJTJGc2NyaXB0JTNF[\/vc_raw_html]<\/div>[\/vc_column][vc_column][\/vc_column][\/vc_row]<\/p>\n<\/div>","protected":false},"excerpt":{"rendered":"<p>[vc_row full_width=\u00bbstretch_row_content\u00bb gap=\u00bb5&#8243; equal_height=\u00bbyes\u00bb content_placement=\u00bbmiddle\u00bb css=\u00bb.vc_custom_1628172484983{padding-top: 58px !important;padding-bottom: 58px !important;background-image: url(https:\/\/www.proyectum.com\/cr\/wp-content\/uploads\/2018\/09\/curso-tipo.png?id=6990) !important;background-position: center !important;background-repeat: no-repeat !important;background-size: cover !important;}\u00bb][vc_column][vc_custom_heading text=\u00bbGesti\u00f3n de Riesgos y Crisis en Proyectos desde otra perspectiva\u00bb font_container=\u00bbtag:h5|font_size:40|text_align:center|color:%23ffffff|line_height:1&#8243; use_theme_fonts=\u00bbyes\u00bb css=\u00bb.vc_custom_1715362956808{margin-bottom: 0px !important;padding-right: 50px !important;padding-left: 50px !important;}\u00bb][vc_separator color=\u00bbcustom\u00bb css=\u00bb.vc_custom_1692647496520{background-color: rgba(255,255,255,0.01) !important;*background-color: rgb(255,255,255) !important;}\u00bb accent_color=\u00bbrgba(255,255,255,0.01)\u00bb][\/vc_column][\/vc_row][vc_row gap=\u00bb5&#8243;][vc_column width=\u00bb2\/3&#8243;][vc_separator color=\u00bbcustom\u00bb border_width=\u00bb5&#8243; style=\u00bbsolid\u00bb accent_color=\u00bbrgba(0,0,0,0)\u00bb][vc_column_text]Este curso de 9 horas est\u00e1 [&hellip;]<\/p>\n","protected":false},"author":47,"featured_media":0,"parent":7466,"menu_order":1,"comment_status":"closed","ping_status":"closed","template":"","meta":{"content-type":"","footnotes":""},"class_list":["post-12739","page","type-page","status-publish","hentry"],"acf":[],"yoast_head":"<!-- This site is optimized with the Yoast SEO plugin v27.4 - https:\/\/yoast.com\/product\/yoast-seo-wordpress\/ -->\n<title>Gesti\u00f3n de Riesgos y Crisis en Proyectos desde otra perspectiva. \u2013 Basado en Proyectos Reales de m\u00e1s de $30M - Proyectum Costa Rica<\/title>\n<meta name=\"robots\" content=\"index, follow, max-snippet:-1, max-image-preview:large, max-video-preview:-1\" \/>\n<link rel=\"canonical\" href=\"https:\/\/proyectum.com\/cr\/capacitacion\/riesgospep\/\" \/>\n<meta property=\"og:locale\" content=\"es_ES\" \/>\n<meta property=\"og:type\" content=\"article\" \/>\n<meta property=\"og:title\" content=\"Gesti\u00f3n de Riesgos y Crisis en Proyectos desde otra perspectiva. \u2013 Basado en Proyectos Reales de m\u00e1s de $30M - Proyectum Costa Rica\" \/>\n<meta property=\"og:description\" content=\"[vc_row full_width=\u00bbstretch_row_content\u00bb gap=\u00bb5&#8243; equal_height=\u00bbyes\u00bb content_placement=\u00bbmiddle\u00bb css=\u00bb.vc_custom_1628172484983{padding-top: 58px !important;padding-bottom: 58px !important;background-image: url(https:\/\/www.proyectum.com\/cr\/wp-content\/uploads\/2018\/09\/curso-tipo.png?id=6990) !important;background-position: center !important;background-repeat: no-repeat !important;background-size: cover !important;}\u00bb][vc_column][vc_custom_heading text=\u00bbGesti\u00f3n de Riesgos y Crisis en Proyectos desde otra perspectiva\u00bb font_container=\u00bbtag:h5|font_size:40|text_align:center|color:%23ffffff|line_height:1&#8243; use_theme_fonts=\u00bbyes\u00bb css=\u00bb.vc_custom_1715362956808{margin-bottom: 0px !important;padding-right: 50px !important;padding-left: 50px !important;}\u00bb][vc_separator color=\u00bbcustom\u00bb css=\u00bb.vc_custom_1692647496520{background-color: rgba(255,255,255,0.01) !important;*background-color: rgb(255,255,255) !important;}\u00bb accent_color=\u00bbrgba(255,255,255,0.01)\u00bb][\/vc_column][\/vc_row][vc_row gap=\u00bb5&#8243;][vc_column width=\u00bb2\/3&#8243;][vc_separator color=\u00bbcustom\u00bb border_width=\u00bb5&#8243; style=\u00bbsolid\u00bb accent_color=\u00bbrgba(0,0,0,0)\u00bb][vc_column_text]Este curso de 9 horas est\u00e1 [&hellip;]\" \/>\n<meta property=\"og:url\" content=\"https:\/\/proyectum.com\/cr\/capacitacion\/riesgospep\/\" \/>\n<meta property=\"og:site_name\" content=\"Proyectum Costa Rica\" \/>\n<meta property=\"article:publisher\" content=\"https:\/\/www.facebook.com\/proyectumcr\/\" \/>\n<meta property=\"article:modified_time\" content=\"2025-08-05T15:28:00+00:00\" \/>\n<meta name=\"twitter:card\" content=\"summary_large_image\" \/>\n<meta name=\"twitter:label1\" content=\"Tiempo de lectura\" \/>\n\t<meta name=\"twitter:data1\" content=\"4 minutos\" \/>\n<script type=\"application\/ld+json\" class=\"yoast-schema-graph\">{\"@context\":\"https:\\\/\\\/schema.org\",\"@graph\":[{\"@type\":\"WebPage\",\"@id\":\"https:\\\/\\\/proyectum.com\\\/cr\\\/capacitacion\\\/riesgospep\\\/\",\"url\":\"https:\\\/\\\/proyectum.com\\\/cr\\\/capacitacion\\\/riesgospep\\\/\",\"name\":\"Gesti\u00f3n de Riesgos y Crisis en Proyectos desde otra perspectiva. \u2013 Basado en Proyectos Reales de m\u00e1s de $30M - Proyectum Costa Rica\",\"isPartOf\":{\"@id\":\"https:\\\/\\\/proyectum.com\\\/cr\\\/#website\"},\"datePublished\":\"2024-05-08T18:26:09+00:00\",\"dateModified\":\"2025-08-05T15:28:00+00:00\",\"breadcrumb\":{\"@id\":\"https:\\\/\\\/proyectum.com\\\/cr\\\/capacitacion\\\/riesgospep\\\/#breadcrumb\"},\"inLanguage\":\"es\",\"potentialAction\":[{\"@type\":\"ReadAction\",\"target\":[\"https:\\\/\\\/proyectum.com\\\/cr\\\/capacitacion\\\/riesgospep\\\/\"]}]},{\"@type\":\"BreadcrumbList\",\"@id\":\"https:\\\/\\\/proyectum.com\\\/cr\\\/capacitacion\\\/riesgospep\\\/#breadcrumb\",\"itemListElement\":[{\"@type\":\"ListItem\",\"position\":1,\"name\":\"Home\",\"item\":\"https:\\\/\\\/proyectum.com\\\/cr\\\/\"},{\"@type\":\"ListItem\",\"position\":2,\"name\":\"Capacitaciones\",\"item\":\"https:\\\/\\\/proyectum.com\\\/cr\\\/capacitacion\\\/\"},{\"@type\":\"ListItem\",\"position\":3,\"name\":\"Gesti\u00f3n de Riesgos y Crisis en Proyectos desde otra perspectiva. \u2013 Basado en Proyectos Reales de m\u00e1s de $30M\"}]},{\"@type\":\"WebSite\",\"@id\":\"https:\\\/\\\/proyectum.com\\\/cr\\\/#website\",\"url\":\"https:\\\/\\\/proyectum.com\\\/cr\\\/\",\"name\":\"Proyectum Costa Rica\",\"description\":\"La Agilidad Empresarial es una obligaci\u00f3n\",\"publisher\":{\"@id\":\"https:\\\/\\\/proyectum.com\\\/cr\\\/#organization\"},\"potentialAction\":[{\"@type\":\"SearchAction\",\"target\":{\"@type\":\"EntryPoint\",\"urlTemplate\":\"https:\\\/\\\/proyectum.com\\\/cr\\\/?s={search_term_string}\"},\"query-input\":{\"@type\":\"PropertyValueSpecification\",\"valueRequired\":true,\"valueName\":\"search_term_string\"}}],\"inLanguage\":\"es\"},{\"@type\":\"Organization\",\"@id\":\"https:\\\/\\\/proyectum.com\\\/cr\\\/#organization\",\"name\":\"Proyectum Costa Rica\",\"url\":\"https:\\\/\\\/proyectum.com\\\/cr\\\/\",\"logo\":{\"@type\":\"ImageObject\",\"inLanguage\":\"es\",\"@id\":\"https:\\\/\\\/proyectum.com\\\/cr\\\/#\\\/schema\\\/logo\\\/image\\\/\",\"url\":\"https:\\\/\\\/i1.wp.com\\\/www.proyectum.com\\\/cr\\\/wp-content\\\/uploads\\\/proyectum-logo-snippet.png?fit=600%2C315&ssl=1\",\"contentUrl\":\"https:\\\/\\\/i1.wp.com\\\/www.proyectum.com\\\/cr\\\/wp-content\\\/uploads\\\/proyectum-logo-snippet.png?fit=600%2C315&ssl=1\",\"width\":600,\"height\":315,\"caption\":\"Proyectum Costa Rica\"},\"image\":{\"@id\":\"https:\\\/\\\/proyectum.com\\\/cr\\\/#\\\/schema\\\/logo\\\/image\\\/\"},\"sameAs\":[\"https:\\\/\\\/www.facebook.com\\\/proyectumcr\\\/\",\"https:\\\/\\\/www.instagram.com\\\/proyectumcostarica\\\/\",\"https:\\\/\\\/www.linkedin.com\\\/company\\\/proyectum-costarica\\\/\",\"https:\\\/\\\/www.youtube.com\\\/channel\\\/UCljouWimyhK_cNcC2jniUgw\"]}]}<\/script>\n<!-- \/ Yoast SEO plugin. -->","yoast_head_json":{"title":"Gesti\u00f3n de Riesgos y Crisis en Proyectos desde otra perspectiva. \u2013 Basado en Proyectos Reales de m\u00e1s de $30M - Proyectum Costa Rica","robots":{"index":"index","follow":"follow","max-snippet":"max-snippet:-1","max-image-preview":"max-image-preview:large","max-video-preview":"max-video-preview:-1"},"canonical":"https:\/\/proyectum.com\/cr\/capacitacion\/riesgospep\/","og_locale":"es_ES","og_type":"article","og_title":"Gesti\u00f3n de Riesgos y Crisis en Proyectos desde otra perspectiva. \u2013 Basado en Proyectos Reales de m\u00e1s de $30M - Proyectum Costa Rica","og_description":"[vc_row full_width=\u00bbstretch_row_content\u00bb gap=\u00bb5&#8243; equal_height=\u00bbyes\u00bb content_placement=\u00bbmiddle\u00bb css=\u00bb.vc_custom_1628172484983{padding-top: 58px !important;padding-bottom: 58px !important;background-image: url(https:\/\/www.proyectum.com\/cr\/wp-content\/uploads\/2018\/09\/curso-tipo.png?id=6990) !important;background-position: center !important;background-repeat: no-repeat !important;background-size: cover !important;}\u00bb][vc_column][vc_custom_heading text=\u00bbGesti\u00f3n de Riesgos y Crisis en Proyectos desde otra perspectiva\u00bb font_container=\u00bbtag:h5|font_size:40|text_align:center|color:%23ffffff|line_height:1&#8243; use_theme_fonts=\u00bbyes\u00bb css=\u00bb.vc_custom_1715362956808{margin-bottom: 0px !important;padding-right: 50px !important;padding-left: 50px !important;}\u00bb][vc_separator color=\u00bbcustom\u00bb css=\u00bb.vc_custom_1692647496520{background-color: rgba(255,255,255,0.01) !important;*background-color: rgb(255,255,255) !important;}\u00bb accent_color=\u00bbrgba(255,255,255,0.01)\u00bb][\/vc_column][\/vc_row][vc_row gap=\u00bb5&#8243;][vc_column width=\u00bb2\/3&#8243;][vc_separator color=\u00bbcustom\u00bb border_width=\u00bb5&#8243; style=\u00bbsolid\u00bb accent_color=\u00bbrgba(0,0,0,0)\u00bb][vc_column_text]Este curso de 9 horas est\u00e1 [&hellip;]","og_url":"https:\/\/proyectum.com\/cr\/capacitacion\/riesgospep\/","og_site_name":"Proyectum Costa Rica","article_publisher":"https:\/\/www.facebook.com\/proyectumcr\/","article_modified_time":"2025-08-05T15:28:00+00:00","twitter_card":"summary_large_image","twitter_misc":{"Tiempo de lectura":"4 minutos"},"schema":{"@context":"https:\/\/schema.org","@graph":[{"@type":"WebPage","@id":"https:\/\/proyectum.com\/cr\/capacitacion\/riesgospep\/","url":"https:\/\/proyectum.com\/cr\/capacitacion\/riesgospep\/","name":"Gesti\u00f3n de Riesgos y Crisis en Proyectos desde otra perspectiva. \u2013 Basado en Proyectos Reales de m\u00e1s de $30M - Proyectum Costa Rica","isPartOf":{"@id":"https:\/\/proyectum.com\/cr\/#website"},"datePublished":"2024-05-08T18:26:09+00:00","dateModified":"2025-08-05T15:28:00+00:00","breadcrumb":{"@id":"https:\/\/proyectum.com\/cr\/capacitacion\/riesgospep\/#breadcrumb"},"inLanguage":"es","potentialAction":[{"@type":"ReadAction","target":["https:\/\/proyectum.com\/cr\/capacitacion\/riesgospep\/"]}]},{"@type":"BreadcrumbList","@id":"https:\/\/proyectum.com\/cr\/capacitacion\/riesgospep\/#breadcrumb","itemListElement":[{"@type":"ListItem","position":1,"name":"Home","item":"https:\/\/proyectum.com\/cr\/"},{"@type":"ListItem","position":2,"name":"Capacitaciones","item":"https:\/\/proyectum.com\/cr\/capacitacion\/"},{"@type":"ListItem","position":3,"name":"Gesti\u00f3n de Riesgos y Crisis en Proyectos desde otra perspectiva. \u2013 Basado en Proyectos Reales de m\u00e1s de $30M"}]},{"@type":"WebSite","@id":"https:\/\/proyectum.com\/cr\/#website","url":"https:\/\/proyectum.com\/cr\/","name":"Proyectum Costa Rica","description":"La Agilidad Empresarial es una obligaci\u00f3n","publisher":{"@id":"https:\/\/proyectum.com\/cr\/#organization"},"potentialAction":[{"@type":"SearchAction","target":{"@type":"EntryPoint","urlTemplate":"https:\/\/proyectum.com\/cr\/?s={search_term_string}"},"query-input":{"@type":"PropertyValueSpecification","valueRequired":true,"valueName":"search_term_string"}}],"inLanguage":"es"},{"@type":"Organization","@id":"https:\/\/proyectum.com\/cr\/#organization","name":"Proyectum Costa Rica","url":"https:\/\/proyectum.com\/cr\/","logo":{"@type":"ImageObject","inLanguage":"es","@id":"https:\/\/proyectum.com\/cr\/#\/schema\/logo\/image\/","url":"https:\/\/i1.wp.com\/www.proyectum.com\/cr\/wp-content\/uploads\/proyectum-logo-snippet.png?fit=600%2C315&ssl=1","contentUrl":"https:\/\/i1.wp.com\/www.proyectum.com\/cr\/wp-content\/uploads\/proyectum-logo-snippet.png?fit=600%2C315&ssl=1","width":600,"height":315,"caption":"Proyectum Costa Rica"},"image":{"@id":"https:\/\/proyectum.com\/cr\/#\/schema\/logo\/image\/"},"sameAs":["https:\/\/www.facebook.com\/proyectumcr\/","https:\/\/www.instagram.com\/proyectumcostarica\/","https:\/\/www.linkedin.com\/company\/proyectum-costarica\/","https:\/\/www.youtube.com\/channel\/UCljouWimyhK_cNcC2jniUgw"]}]}},"jetpack_sharing_enabled":true,"_links":{"self":[{"href":"https:\/\/proyectum.com\/cr\/wp-json\/wp\/v2\/pages\/12739","targetHints":{"allow":["GET"]}}],"collection":[{"href":"https:\/\/proyectum.com\/cr\/wp-json\/wp\/v2\/pages"}],"about":[{"href":"https:\/\/proyectum.com\/cr\/wp-json\/wp\/v2\/types\/page"}],"author":[{"embeddable":true,"href":"https:\/\/proyectum.com\/cr\/wp-json\/wp\/v2\/users\/47"}],"replies":[{"embeddable":true,"href":"https:\/\/proyectum.com\/cr\/wp-json\/wp\/v2\/comments?post=12739"}],"version-history":[{"count":17,"href":"https:\/\/proyectum.com\/cr\/wp-json\/wp\/v2\/pages\/12739\/revisions"}],"predecessor-version":[{"id":13269,"href":"https:\/\/proyectum.com\/cr\/wp-json\/wp\/v2\/pages\/12739\/revisions\/13269"}],"up":[{"embeddable":true,"href":"https:\/\/proyectum.com\/cr\/wp-json\/wp\/v2\/pages\/7466"}],"wp:attachment":[{"href":"https:\/\/proyectum.com\/cr\/wp-json\/wp\/v2\/media?parent=12739"}],"curies":[{"name":"wp","href":"https:\/\/api.w.org\/{rel}","templated":true}]}}