{"id":12973,"date":"2025-03-11T10:40:55","date_gmt":"2025-03-11T16:40:55","guid":{"rendered":"https:\/\/proyectum.com\/cr\/?page_id=12973"},"modified":"2026-02-04T11:57:53","modified_gmt":"2026-02-04T17:57:53","slug":"pm4r-professional","status":"publish","type":"page","link":"https:\/\/proyectum.com\/cr\/pm4r-professional\/","title":{"rendered":"PM4R Professional"},"content":{"rendered":"<div class=\"wpb-content-wrapper\"><p>[vc_row full_width=\u00bbstretch_row\u00bb css=\u00bb.vc_custom_1538081762258{padding-top: 58px !important;padding-bottom: 58px !important;background-image: url(https:\/\/www.proyectum.com\/cl\/wp-content\/uploads\/2018\/09\/curso-tipo.png?id=6990) !important;background-position: center !important;background-repeat: no-repeat !important;background-size: cover !important;}\u00bb][vc_column][vc_custom_heading text=\u00bbPM4R PROFESSIONAL\u00bb font_container=\u00bbtag:h1|font_size:44|text_align:center|color:%23ffffff\u00bb use_theme_fonts=\u00bbyes\u00bb css=\u00bb.vc_custom_1668190546002{margin-bottom: 0px !important;padding-top: 20px !important;padding-bottom: 20px !important;}\u00bb text_transform=\u00bbtext-uppercase\u00bb animation_type=\u00bbpulse\u00bb][vc_custom_heading text=\u00bbS\u00c9 RECONOCIDO | APRENDE M\u00c1S | LOGRA M\u00c1S\u00bb font_container=\u00bbtag:h2|font_size:22|text_align:center|color:%23dd9e40&#8243; use_theme_fonts=\u00bbyes\u00bb css=\u00bb.vc_custom_1668189842652{margin-bottom: 0px !important;}\u00bb][vc_custom_heading text=\u00bbDise\u00f1ada por el BID &#8211; Banco Interamericano de Desarrollo &#8211; para la direcci\u00f3n de proyectos de desarrollo y cualquier \u00edndole.\u00bb font_container=\u00bbtag:h3|font_size:17|text_align:center|color:%23ededed\u00bb use_theme_fonts=\u00bbyes\u00bb css=\u00bb.vc_custom_1707511401039{margin-bottom: 0px !important;}\u00bb][\/vc_column][\/vc_row][vc_row css=\u00bb.vc_custom_1488777218947{padding-top: 25px !important;padding-bottom: 60px !important;}\u00bb][vc_column css=\u00bb.vc_custom_1538081880375{padding-right: 40px !important;}\u00bb]<div class=\"porto-u-heading  wpb_custom_95aa9a11c17ad45cfabaf210d84ee7cc porto-u-9272\"><div class=\"porto-u-main-heading\"><h1   style=\"color:#dd9933;\">Certif\u00edcate - PM4R Professional<\/h1><\/div><style>.porto-u-9272.porto-u-heading{text-align:center}<\/style><\/div>[vc_column_text css=\u00bb\u00bb]<\/p>\n<h2 class=\"vc_custom_heading align-left\"><span style=\"color: #084fa0;\">LOS PROYECTOS REQUIEREN DE UNA METODOLOG\u00cdA <\/span><span style=\"color: #084fa0;\">DE GESTI\u00d3N PARA SER EXITOSOS<\/span><\/h2>\n<div class=\"wpb_text_column wpb_content_element \">\n<div class=\"wpb_wrapper\">\n<ul>\n<li><span style=\"color: #084fa0; font-size: 17px;\">Las organizaciones valoran m\u00e1s a los profesionales que est\u00e1n certificados<\/span><\/li>\n<li><span style=\"color: #084fa0; font-size: 17px;\">Ser PM4R Professional te brinda las herramientas para gestionar proyectos de desarrollo social y proyectos de cualquier tipo<\/span><\/li>\n<li><span style=\"color: #084fa0; font-size: 17px;\">Es el momento de dar el siguiente paso en tu carrera profesional para gestionar proyectos<\/span><\/li>\n<\/ul>\n<\/div>\n<\/div>\n<p>[\/vc_column_text][vc_column_text css=\u00bb\u00bb]<\/p>\n<h2><\/h2>\n<h2 class=\"vc_custom_heading align-left\"><span style=\"color: #084fa0;\">EL CURSO PM4R PROFESSIONAL<\/span><\/h2>\n<p><img decoding=\"async\" class=\" wp-image-7769 alignleft\" role=\"img\" src=\"https:\/\/www.proyectum.com\/gt\/wp-content\/uploads\/2022\/11\/Certificacion-Taller-PMP.svg\" alt=\"\" width=\"207\" height=\"150\" \/><\/p>\n<ul>\n<li class=\"vc_custom_heading align-left\"><span style=\"color: #084fa0; font-size: 17px;\">El curso de Certificaci\u00f3n PM4R Professional ha sido dise\u00f1ado y organizado por el Banco Interamericano de Desarrollo (BID) como parte de la iniciativa de Direcci\u00f3n de Proyectos para Resultados (PM4R)<\/span><\/li>\n<li class=\"vc_custom_heading align-left\"><span style=\"color: #084fa0; font-size: 17px;\">El curso est\u00e1 orientado a mejorar las competencias en gesti\u00f3n de proyectos de los profesionales en cualquier organizaci\u00f3n<\/span><\/li>\n<li><span style=\"color: #084fa0; font-size: 17px;\">Este curso ha sido desarrollado con base en t\u00e9cnicas y herramientas de est\u00e1ndares internacionales como PRINCE2 y\u00a0 PMI\u00ae<\/span><\/li>\n<\/ul>\n<p>[\/vc_column_text][vc_column_text css=\u00bb\u00bb]<\/p>\n<h2><\/h2>\n<h2 class=\"vc_custom_heading align-left\"><span style=\"color: #000000;\">\u00bfPOR QU\u00c9 CERTIFICARTE PM4R PROFESSIONAL CON PROYECTUM?<\/span><\/h2>\n<h2 class=\"vc_custom_heading align-left\"><span style=\"color: #000000; font-size: 20px;\">SOMOS EDUCATION PROVIDER DE PM4R<\/span><\/h2>\n<p>[\/vc_column_text][vc_column_text css=\u00bb\u00bb]<\/p>\n<h2><\/h2>\n<h3 class=\"vc_custom_heading align-left\"><span style=\"color: #084fa0;\">LO QUE APRENDER\u00c1S<\/span><\/h3>\n<p><img data-recalc-dims=\"1\" decoding=\"async\" class=\" wp-image-7763 alignleft\" src=\"https:\/\/i0.wp.com\/www.proyectum.com\/gt\/wp-content\/uploads\/2022\/10\/undraw-team-working-300x170.png?resize=277%2C157&#038;ssl=1\" alt=\"\" width=\"277\" height=\"157\" \/><\/p>\n<ol>\n<li><span style=\"color: #084fa0; font-size: 17px;\">M\u00f3dulo 1. Acta De Constituci\u00f3n Del Proyecto y EDT<\/span><\/li>\n<li><span style=\"color: #084fa0; font-size: 17px;\">M\u00f3dulo 2. Cronograma\u00a0<\/span><\/li>\n<li><span style=\"color: #084fa0; font-size: 17px;\">M\u00f3dulo 3. Curva S y Matriz De Adquisiciones\u00a0<\/span><\/li>\n<li><span style=\"color: #084fa0; font-size: 17px;\">M\u00f3dulo 4. Matriz De Riesgos y Matriz De Comunicaciones\u00a0<\/span><\/li>\n<li><span style=\"color: #084fa0; font-size: 17px;\">M\u00f3dulo 5. Matriz De Asignaci\u00f3n De Responsabilidades y Gesti\u00f3n Del Valor Ganado<\/span><\/li>\n<li><span style=\"color: #084fa0; font-size: 17px;\">Sesi\u00f3n final. Presentaci\u00f3n del proyecto a la clase.\u00a0<\/span><\/li>\n<\/ol>\n<h3><span style=\"color: #084fa0;\"><strong><span style=\"font-size: 18px;\">AL FINAL DE ESTE CURSO, LOS PARTICIPANTES DEBER\u00c1N SER CAPACES DE<\/span><\/strong><\/span><\/h3>\n<ul>\n<li><span style=\"color: #084fa0; font-size: 17px;\">Identificar los pasos de la Metodolog\u00eda PM4R.<\/span><\/li>\n<li><span style=\"color: #084fa0; font-size: 17px;\">Explicar los diferentes procesos para el desarrollo de los pasos de la metodolog\u00eda PM4R.<\/span><\/li>\n<li><span style=\"color: #084fa0; font-size: 17px;\">Aplicar los pasos de la metodolog\u00eda PM4Ren la gesti\u00f3n de sus proyectos.<\/span><\/li>\n<li><span style=\"color: #084fa0; font-size: 17px;\">Demostrar un compromiso personal para lograr los objetivos del equipo.<\/span><\/li>\n<\/ul>\n<p>[\/vc_column_text][vc_column_text css=\u00bb\u00bb]<\/p>\n<h3><\/h3>\n<h3 class=\"vc_custom_heading align-left\"><span style=\"color: #084fa0;\">LO QUE DEBES SABER DEL CURSO PM4R\u00a0 PROFESSIONAL<\/span><\/h3>\n<ul>\n<li><span style=\"color: #084fa0; font-size: 17px;\">El curso tiene una duraci\u00f3n total de\u00a0 8 semanas virtuales, de las cuales\u00a0 7 semanas son integradas por 5 m\u00f3dulos de aprendizaje y la semana 8 consiste en la presentaci\u00f3n final del proyecto de cada equipo de trabajo<\/span><\/li>\n<li><span style=\"color: #084fa0; font-size: 17px;\">El participante tendr\u00e1 una sesi\u00f3n de 2 horas por semana con el instructor<\/span><\/li>\n<li><span style=\"color: #084fa0; font-size: 17px;\">Requiere al menos 55 horas de esfuerzo en modo s\u00edncrono y as\u00edncrono para los ejercicios de aplicaci\u00f3n de los conceptos y los procesos aprendidos en el curso, incluyendo las sesiones de clase<\/span><\/li>\n<li><span style=\"color: #084fa0; font-size: 17px;\">El estudiante aplicar\u00e1 los conceptos aprendidos en un proyecto propio<\/span><\/li>\n<\/ul>\n<h3><strong><span style=\"color: #084fa0;\">EL CURSO INCLUYE<\/span><\/strong><\/h3>\n<ul>\n<li><span style=\"color: #084fa0; font-size: 17px;\">El examen de certificaci\u00f3n emitida por el BID &#8211; PM4R<\/span><\/li>\n<li><span style=\"color: #084fa0; font-size: 17px;\">Instructor Certificado PM4R Trainer<\/span><\/li>\n<li><span style=\"color: #084fa0; font-size: 17px;\">Material del participante<\/span><\/li>\n<li><span style=\"color: #084fa0; font-size: 17px;\">Acceso temporal a plataforma de aprendizaje y realizaci\u00f3n de ejercicios<\/span><\/li>\n<li><span style=\"color: #084fa0; font-size: 17px;\">Al aprobar el examen el participante recibe un certificado con el logo del BID similar al que se muestra a continuaci\u00f3n<\/span><\/li>\n<\/ul>\n<p><span style=\"font-size: 17px;\"><strong><span style=\"color: #084fa0;\">Inversi\u00f3n: $530 + 2% de IVA<\/span><\/strong><\/span><\/p>\n<p><span style=\"font-size: 17px;\"><strong><span style=\"color: #084fa0;\">Pr\u00f3ximas fechas de inicio:\u00a0 <\/span><\/strong><\/span><span style=\"font-size: 17px;\"><strong><span style=\"color: #084fa0;\">17 de marzo 2026 y <\/span><\/strong><\/span><span style=\"font-size: 17px;\"><strong><span style=\"color: #084fa0;\">6 de abril 2026<\/span><\/strong><\/span><\/p>\n<p><span style=\"font-size: 17px;\"><a href=\"https:\/\/i0.wp.com\/www.proyectum.com\/gt\/wp-content\/uploads\/2022\/09\/EJEMPLO-DIPLOMA-CERTIFICACION-PM4R-PROFESSIONAL.png?ssl=1\"><img data-recalc-dims=\"1\" decoding=\"async\" class=\"wp-image-7738 alignright\" src=\"https:\/\/i0.wp.com\/www.proyectum.com\/gt\/wp-content\/uploads\/2022\/09\/EJEMPLO-DIPLOMA-CERTIFICACION-PM4R-PROFESSIONAL-213x300.png?resize=172%2C242&#038;ssl=1\" alt=\"\" width=\"172\" height=\"242\" \/><\/a><\/span><\/p>\n<h3><span style=\"font-size: 17px;\"><strong><span style=\"color: #084fa0;\">VENTAJAS DE ESTE CURSO<\/span><\/strong><\/span><\/h3>\n<p><span style=\"font-size: 17px;\"><em><span style=\"color: #084fa0;\">Flexibilidad:<\/span><\/em><\/span><\/p>\n<div class=\"cu-comment-viewer-content\" data-test=\"comment-viewer-content\">\n<p><span style=\"color: #084fa0; font-size: 17px;\">Flexibilidad: el participante puede estudiar el material y realizar sus actividades en su propio tiempo, no requiere que las personas coincidan en tiempo ya que las asignaciones se realizan de forma as\u00edncrona, para tu mejor conveniencia.<\/span><\/p>\n<\/div>\n<p><span style=\"font-size: 17px;\"><em><span style=\"color: #084fa0;\">Facilidad:<\/span><\/em><\/span><\/p>\n<div class=\"cu-comment-viewer-content\" data-test=\"comment-viewer-content\">\n<p><span style=\"color: #084fa0; font-size: 17px;\">Facilidad: puedes acceder al contenido del curso desde cualquier lugar, en cualquier momento, y desde tus dispositivos<\/span><\/p>\n<h3><span style=\"color: #084fa0; font-size: 17px;\"><strong>ORIENTADO A<\/strong><\/span><\/h3>\n<ul>\n<li><span style=\"color: #084fa0; font-size: 17px;\">Orientado a profesionales interesados y vinculados al estudio, dise\u00f1o y desarrollo de Estrategias en Gesti\u00f3n de Proyectos.<\/span><\/li>\n<li><span style=\"color: #084fa0; font-size: 17px;\">Profesionales de cualquier sector, en particular del sector p\u00fablico involucrados en el desarrollo de proyectos y programas con impacto social.<\/span><\/li>\n<li><span style=\"color: #084fa0; font-size: 17px;\">Profesionales en el \u00e1mbito privado que desarrollan proyectos o programas con impacto social.<\/span><\/li>\n<\/ul>\n<\/div>\n<p>[\/vc_column_text][vc_separator color=\u00bbcustom\u00bb accent_color=\u00bb#ffffff\u00bb][vc_custom_heading text=\u00bbTestimoniales\u00bb font_container=\u00bbtag:h2|font_size:30|text_align:center|color:%23dd9933&#8243; google_fonts=\u00bbfont_family:Fira%20Sans%3A300%2C300italic%2C400%2C400italic%2C500%2C500italic%2C700%2C700italic|font_style:400%20regular%3A400%3Anormal\u00bb][vc_video link=\u00bbhttps:\/\/vimeo.com\/911674192\/1d924926f8?share=copy\u00bb align=\u00bbcenter\u00bb][vc_separator color=\u00bbcustom\u00bb accent_color=\u00bb#ffffff\u00bb][vc_custom_heading text=\u00bbPr\u00f3ximamente\u00bb font_container=\u00bbtag:h2|font_size:30|text_align:center|color:%23dd9933&#8243; google_fonts=\u00bbfont_family:Fira%20Sans%3A300%2C300italic%2C400%2C400italic%2C500%2C500italic%2C700%2C700italic|font_style:400%20regular%3A400%3Anormal\u00bb][vc_row_inner css=\u00bb.vc_custom_1662489829249{padding-top: 30px !important;background-color: #1e73be !important;}\u00bb][vc_column_inner width=\u00bb1\/2&#8243;][vc_custom_heading text=\u00bbCurso<br \/>\nPM4R Leadership\u00bb font_container=\u00bbtag:h2|text_align:center|color:%23ffffff\u00bb google_fonts=\u00bbfont_family:Fira%20Sans%3A300%2C300italic%2C400%2C400italic%2C500%2C500italic%2C700%2C700italic|font_style:400%20regular%3A400%3Anormal\u00bb][\/vc_column_inner][vc_column_inner width=\u00bb1\/2&#8243;][vc_custom_heading text=\u00bbCurso<br \/>\nPM4R Agile\u00bb font_container=\u00bbtag:h2|text_align:center|color:%23ffffff\u00bb google_fonts=\u00bbfont_family:Fira%20Sans%3A300%2C300italic%2C400%2C400italic%2C500%2C500italic%2C700%2C700italic|font_style:400%20regular%3A400%3Anormal\u00bb][\/vc_column_inner][\/vc_row_inner][\/vc_column][\/vc_row][vc_row full_width=\u00bbstretch_row_content_no_spaces\u00bb equal_height=\u00bbyes\u00bb][vc_column el_class=\u00bbbackground-color-primary\u00bb conditional_render=\u00bb%5B%7B%22value_role%22%3A%22administrator%22%7D%5D\u00bb css=\u00bb.vc_custom_1741714522995{padding-top: 100px !important;}\u00bb]<div class=\"col-half-section half-container col-fullwidth-md\">[vc_custom_heading text=\u00bbLlene el siguiente formulario, pronto un asesor experto en el taller se pondr\u00e1 en contacto con usted\u00bb font_container=\u00bbtag:h2|text_align:left|color:%23ffffff\u00bb use_theme_fonts=\u00bbyes\u00bb css=\u00bb.vc_custom_1752457983556{margin-bottom: 0px !important;}\u00bb text_transform=\u00bbtext-uppercase\u00bb][vc_raw_html css=\u00bb\u00bb]JTNDc2NyaXB0JTIwY2hhcnNldCUzRCUyMnV0Zi04JTIyJTIwdHlwZSUzRCUyMnRleHQlMkZqYXZhc2NyaXB0JTIyJTIwc3JjJTNEJTIyJTJGJTJGanMuaHNmb3Jtcy5uZXQlMkZmb3JtcyUyRmVtYmVkJTJGdjIuanMlMjIlM0UlM0MlMkZzY3JpcHQlM0UlMEElM0NzY3JpcHQlM0UlMEElMjAlMjBoYnNwdC5mb3Jtcy5jcmVhdGUlMjglN0IlMEElMjAlMjAlMjAlMjBwb3J0YWxJZCUzQSUyMCUyMjQ5NjQ1MTg5JTIyJTJDJTBBJTIwJTIwJTIwJTIwZm9ybUlkJTNBJTIwJTIyOTRjNDk1NzctNjhhMy00M2E0LTliYzUtNjFkZmJlNzRkOGM1JTIyJTJDJTBBJTIwJTIwJTIwJTIwcmVnaW9uJTNBJTIwJTIybmExJTIyJTBBJTIwJTIwJTdEJTI5JTNCJTBBJTNDJTJGc2NyaXB0JTNF[\/vc_raw_html]<\/div>[\/vc_column][\/vc_row]<\/p>\n<\/div>","protected":false},"excerpt":{"rendered":"<p>[vc_row full_width=\u00bbstretch_row\u00bb css=\u00bb.vc_custom_1538081762258{padding-top: 58px !important;padding-bottom: 58px !important;background-image: url(https:\/\/www.proyectum.com\/cl\/wp-content\/uploads\/2018\/09\/curso-tipo.png?id=6990) !important;background-position: center !important;background-repeat: no-repeat !important;background-size: cover !important;}\u00bb][vc_column][vc_custom_heading text=\u00bbPM4R PROFESSIONAL\u00bb font_container=\u00bbtag:h1|font_size:44|text_align:center|color:%23ffffff\u00bb use_theme_fonts=\u00bbyes\u00bb css=\u00bb.vc_custom_1668190546002{margin-bottom: 0px !important;padding-top: 20px !important;padding-bottom: 20px !important;}\u00bb text_transform=\u00bbtext-uppercase\u00bb animation_type=\u00bbpulse\u00bb][vc_custom_heading text=\u00bbS\u00c9 RECONOCIDO | APRENDE M\u00c1S | LOGRA M\u00c1S\u00bb font_container=\u00bbtag:h2|font_size:22|text_align:center|color:%23dd9e40&#8243; use_theme_fonts=\u00bbyes\u00bb css=\u00bb.vc_custom_1668189842652{margin-bottom: 0px !important;}\u00bb][vc_custom_heading text=\u00bbDise\u00f1ada por el BID &#8211; Banco Interamericano de Desarrollo &#8211; para la direcci\u00f3n de [&hellip;]<\/p>\n","protected":false},"author":49,"featured_media":0,"parent":0,"menu_order":0,"comment_status":"closed","ping_status":"closed","template":"","meta":{"content-type":"","footnotes":""},"class_list":["post-12973","page","type-page","status-publish","hentry"],"acf":[],"yoast_head":"<!-- This site is optimized with the Yoast SEO plugin v27.6 - https:\/\/yoast.com\/product\/yoast-seo-wordpress\/ -->\n<title>PM4R Professional - Proyectum Costa Rica<\/title>\n<meta name=\"robots\" content=\"index, follow, max-snippet:-1, max-image-preview:large, max-video-preview:-1\" \/>\n<link rel=\"canonical\" href=\"https:\/\/proyectum.com\/cr\/pm4r-professional\/\" \/>\n<meta property=\"og:locale\" content=\"es_ES\" \/>\n<meta property=\"og:type\" content=\"article\" \/>\n<meta property=\"og:title\" content=\"PM4R Professional - Proyectum Costa Rica\" \/>\n<meta property=\"og:description\" content=\"[vc_row full_width=\u00bbstretch_row\u00bb css=\u00bb.vc_custom_1538081762258{padding-top: 58px !important;padding-bottom: 58px !important;background-image: url(https:\/\/www.proyectum.com\/cl\/wp-content\/uploads\/2018\/09\/curso-tipo.png?id=6990) !important;background-position: center !important;background-repeat: no-repeat !important;background-size: cover !important;}\u00bb][vc_column][vc_custom_heading text=\u00bbPM4R PROFESSIONAL\u00bb font_container=\u00bbtag:h1|font_size:44|text_align:center|color:%23ffffff\u00bb use_theme_fonts=\u00bbyes\u00bb css=\u00bb.vc_custom_1668190546002{margin-bottom: 0px !important;padding-top: 20px !important;padding-bottom: 20px !important;}\u00bb text_transform=\u00bbtext-uppercase\u00bb animation_type=\u00bbpulse\u00bb][vc_custom_heading text=\u00bbS\u00c9 RECONOCIDO | APRENDE M\u00c1S | LOGRA M\u00c1S\u00bb font_container=\u00bbtag:h2|font_size:22|text_align:center|color:%23dd9e40&#8243; use_theme_fonts=\u00bbyes\u00bb css=\u00bb.vc_custom_1668189842652{margin-bottom: 0px !important;}\u00bb][vc_custom_heading text=\u00bbDise\u00f1ada por el BID &#8211; Banco Interamericano de Desarrollo &#8211; para la direcci\u00f3n de [&hellip;]\" \/>\n<meta property=\"og:url\" content=\"https:\/\/proyectum.com\/cr\/pm4r-professional\/\" \/>\n<meta property=\"og:site_name\" content=\"Proyectum Costa Rica\" \/>\n<meta property=\"article:publisher\" content=\"https:\/\/www.facebook.com\/proyectumcr\/\" \/>\n<meta property=\"article:modified_time\" content=\"2026-02-04T17:57:53+00:00\" \/>\n<meta name=\"twitter:card\" content=\"summary_large_image\" \/>\n<meta name=\"twitter:label1\" content=\"Tiempo de lectura\" \/>\n\t<meta name=\"twitter:data1\" content=\"4 minutos\" \/>\n<script type=\"application\/ld+json\" class=\"yoast-schema-graph\">{\"@context\":\"https:\\\/\\\/schema.org\",\"@graph\":[{\"@type\":\"WebPage\",\"@id\":\"https:\\\/\\\/proyectum.com\\\/cr\\\/pm4r-professional\\\/\",\"url\":\"https:\\\/\\\/proyectum.com\\\/cr\\\/pm4r-professional\\\/\",\"name\":\"PM4R Professional - Proyectum Costa Rica\",\"isPartOf\":{\"@id\":\"https:\\\/\\\/proyectum.com\\\/cr\\\/#website\"},\"primaryImageOfPage\":{\"@id\":\"https:\\\/\\\/proyectum.com\\\/cr\\\/pm4r-professional\\\/#primaryimage\"},\"image\":{\"@id\":\"https:\\\/\\\/proyectum.com\\\/cr\\\/pm4r-professional\\\/#primaryimage\"},\"thumbnailUrl\":\"https:\\\/\\\/www.proyectum.com\\\/gt\\\/wp-content\\\/uploads\\\/2022\\\/11\\\/Certificacion-Taller-PMP.svg\",\"datePublished\":\"2025-03-11T16:40:55+00:00\",\"dateModified\":\"2026-02-04T17:57:53+00:00\",\"breadcrumb\":{\"@id\":\"https:\\\/\\\/proyectum.com\\\/cr\\\/pm4r-professional\\\/#breadcrumb\"},\"inLanguage\":\"es\",\"potentialAction\":[{\"@type\":\"ReadAction\",\"target\":[\"https:\\\/\\\/proyectum.com\\\/cr\\\/pm4r-professional\\\/\"]}]},{\"@type\":\"ImageObject\",\"inLanguage\":\"es\",\"@id\":\"https:\\\/\\\/proyectum.com\\\/cr\\\/pm4r-professional\\\/#primaryimage\",\"url\":\"https:\\\/\\\/www.proyectum.com\\\/gt\\\/wp-content\\\/uploads\\\/2022\\\/11\\\/Certificacion-Taller-PMP.svg\",\"contentUrl\":\"https:\\\/\\\/www.proyectum.com\\\/gt\\\/wp-content\\\/uploads\\\/2022\\\/11\\\/Certificacion-Taller-PMP.svg\"},{\"@type\":\"BreadcrumbList\",\"@id\":\"https:\\\/\\\/proyectum.com\\\/cr\\\/pm4r-professional\\\/#breadcrumb\",\"itemListElement\":[{\"@type\":\"ListItem\",\"position\":1,\"name\":\"Home\",\"item\":\"https:\\\/\\\/proyectum.com\\\/cr\\\/\"},{\"@type\":\"ListItem\",\"position\":2,\"name\":\"PM4R Professional\"}]},{\"@type\":\"WebSite\",\"@id\":\"https:\\\/\\\/proyectum.com\\\/cr\\\/#website\",\"url\":\"https:\\\/\\\/proyectum.com\\\/cr\\\/\",\"name\":\"Proyectum Costa Rica\",\"description\":\"La Agilidad Empresarial es una obligaci\u00f3n\",\"publisher\":{\"@id\":\"https:\\\/\\\/proyectum.com\\\/cr\\\/#organization\"},\"potentialAction\":[{\"@type\":\"SearchAction\",\"target\":{\"@type\":\"EntryPoint\",\"urlTemplate\":\"https:\\\/\\\/proyectum.com\\\/cr\\\/?s={search_term_string}\"},\"query-input\":{\"@type\":\"PropertyValueSpecification\",\"valueRequired\":true,\"valueName\":\"search_term_string\"}}],\"inLanguage\":\"es\"},{\"@type\":\"Organization\",\"@id\":\"https:\\\/\\\/proyectum.com\\\/cr\\\/#organization\",\"name\":\"Proyectum Costa Rica\",\"url\":\"https:\\\/\\\/proyectum.com\\\/cr\\\/\",\"logo\":{\"@type\":\"ImageObject\",\"inLanguage\":\"es\",\"@id\":\"https:\\\/\\\/proyectum.com\\\/cr\\\/#\\\/schema\\\/logo\\\/image\\\/\",\"url\":\"https:\\\/\\\/i1.wp.com\\\/www.proyectum.com\\\/cr\\\/wp-content\\\/uploads\\\/proyectum-logo-snippet.png?fit=600%2C315&ssl=1\",\"contentUrl\":\"https:\\\/\\\/i1.wp.com\\\/www.proyectum.com\\\/cr\\\/wp-content\\\/uploads\\\/proyectum-logo-snippet.png?fit=600%2C315&ssl=1\",\"width\":600,\"height\":315,\"caption\":\"Proyectum Costa Rica\"},\"image\":{\"@id\":\"https:\\\/\\\/proyectum.com\\\/cr\\\/#\\\/schema\\\/logo\\\/image\\\/\"},\"sameAs\":[\"https:\\\/\\\/www.facebook.com\\\/proyectumcr\\\/\",\"https:\\\/\\\/www.instagram.com\\\/proyectumcostarica\\\/\",\"https:\\\/\\\/www.linkedin.com\\\/company\\\/proyectum-costarica\\\/\",\"https:\\\/\\\/www.youtube.com\\\/channel\\\/UCljouWimyhK_cNcC2jniUgw\"]}]}<\/script>\n<!-- \/ Yoast SEO plugin. -->","yoast_head_json":{"title":"PM4R Professional - Proyectum Costa Rica","robots":{"index":"index","follow":"follow","max-snippet":"max-snippet:-1","max-image-preview":"max-image-preview:large","max-video-preview":"max-video-preview:-1"},"canonical":"https:\/\/proyectum.com\/cr\/pm4r-professional\/","og_locale":"es_ES","og_type":"article","og_title":"PM4R Professional - Proyectum Costa Rica","og_description":"[vc_row full_width=\u00bbstretch_row\u00bb css=\u00bb.vc_custom_1538081762258{padding-top: 58px !important;padding-bottom: 58px !important;background-image: url(https:\/\/www.proyectum.com\/cl\/wp-content\/uploads\/2018\/09\/curso-tipo.png?id=6990) !important;background-position: center !important;background-repeat: no-repeat !important;background-size: cover !important;}\u00bb][vc_column][vc_custom_heading text=\u00bbPM4R PROFESSIONAL\u00bb font_container=\u00bbtag:h1|font_size:44|text_align:center|color:%23ffffff\u00bb use_theme_fonts=\u00bbyes\u00bb css=\u00bb.vc_custom_1668190546002{margin-bottom: 0px !important;padding-top: 20px !important;padding-bottom: 20px !important;}\u00bb text_transform=\u00bbtext-uppercase\u00bb animation_type=\u00bbpulse\u00bb][vc_custom_heading text=\u00bbS\u00c9 RECONOCIDO | APRENDE M\u00c1S | LOGRA M\u00c1S\u00bb font_container=\u00bbtag:h2|font_size:22|text_align:center|color:%23dd9e40&#8243; use_theme_fonts=\u00bbyes\u00bb css=\u00bb.vc_custom_1668189842652{margin-bottom: 0px !important;}\u00bb][vc_custom_heading text=\u00bbDise\u00f1ada por el BID &#8211; Banco Interamericano de Desarrollo &#8211; para la direcci\u00f3n de [&hellip;]","og_url":"https:\/\/proyectum.com\/cr\/pm4r-professional\/","og_site_name":"Proyectum Costa Rica","article_publisher":"https:\/\/www.facebook.com\/proyectumcr\/","article_modified_time":"2026-02-04T17:57:53+00:00","twitter_card":"summary_large_image","twitter_misc":{"Tiempo de lectura":"4 minutos"},"schema":{"@context":"https:\/\/schema.org","@graph":[{"@type":"WebPage","@id":"https:\/\/proyectum.com\/cr\/pm4r-professional\/","url":"https:\/\/proyectum.com\/cr\/pm4r-professional\/","name":"PM4R Professional - Proyectum Costa Rica","isPartOf":{"@id":"https:\/\/proyectum.com\/cr\/#website"},"primaryImageOfPage":{"@id":"https:\/\/proyectum.com\/cr\/pm4r-professional\/#primaryimage"},"image":{"@id":"https:\/\/proyectum.com\/cr\/pm4r-professional\/#primaryimage"},"thumbnailUrl":"https:\/\/www.proyectum.com\/gt\/wp-content\/uploads\/2022\/11\/Certificacion-Taller-PMP.svg","datePublished":"2025-03-11T16:40:55+00:00","dateModified":"2026-02-04T17:57:53+00:00","breadcrumb":{"@id":"https:\/\/proyectum.com\/cr\/pm4r-professional\/#breadcrumb"},"inLanguage":"es","potentialAction":[{"@type":"ReadAction","target":["https:\/\/proyectum.com\/cr\/pm4r-professional\/"]}]},{"@type":"ImageObject","inLanguage":"es","@id":"https:\/\/proyectum.com\/cr\/pm4r-professional\/#primaryimage","url":"https:\/\/www.proyectum.com\/gt\/wp-content\/uploads\/2022\/11\/Certificacion-Taller-PMP.svg","contentUrl":"https:\/\/www.proyectum.com\/gt\/wp-content\/uploads\/2022\/11\/Certificacion-Taller-PMP.svg"},{"@type":"BreadcrumbList","@id":"https:\/\/proyectum.com\/cr\/pm4r-professional\/#breadcrumb","itemListElement":[{"@type":"ListItem","position":1,"name":"Home","item":"https:\/\/proyectum.com\/cr\/"},{"@type":"ListItem","position":2,"name":"PM4R Professional"}]},{"@type":"WebSite","@id":"https:\/\/proyectum.com\/cr\/#website","url":"https:\/\/proyectum.com\/cr\/","name":"Proyectum Costa Rica","description":"La Agilidad Empresarial es una obligaci\u00f3n","publisher":{"@id":"https:\/\/proyectum.com\/cr\/#organization"},"potentialAction":[{"@type":"SearchAction","target":{"@type":"EntryPoint","urlTemplate":"https:\/\/proyectum.com\/cr\/?s={search_term_string}"},"query-input":{"@type":"PropertyValueSpecification","valueRequired":true,"valueName":"search_term_string"}}],"inLanguage":"es"},{"@type":"Organization","@id":"https:\/\/proyectum.com\/cr\/#organization","name":"Proyectum Costa Rica","url":"https:\/\/proyectum.com\/cr\/","logo":{"@type":"ImageObject","inLanguage":"es","@id":"https:\/\/proyectum.com\/cr\/#\/schema\/logo\/image\/","url":"https:\/\/i1.wp.com\/www.proyectum.com\/cr\/wp-content\/uploads\/proyectum-logo-snippet.png?fit=600%2C315&ssl=1","contentUrl":"https:\/\/i1.wp.com\/www.proyectum.com\/cr\/wp-content\/uploads\/proyectum-logo-snippet.png?fit=600%2C315&ssl=1","width":600,"height":315,"caption":"Proyectum Costa Rica"},"image":{"@id":"https:\/\/proyectum.com\/cr\/#\/schema\/logo\/image\/"},"sameAs":["https:\/\/www.facebook.com\/proyectumcr\/","https:\/\/www.instagram.com\/proyectumcostarica\/","https:\/\/www.linkedin.com\/company\/proyectum-costarica\/","https:\/\/www.youtube.com\/channel\/UCljouWimyhK_cNcC2jniUgw"]}]}},"jetpack_sharing_enabled":true,"_links":{"self":[{"href":"https:\/\/proyectum.com\/cr\/wp-json\/wp\/v2\/pages\/12973","targetHints":{"allow":["GET"]}}],"collection":[{"href":"https:\/\/proyectum.com\/cr\/wp-json\/wp\/v2\/pages"}],"about":[{"href":"https:\/\/proyectum.com\/cr\/wp-json\/wp\/v2\/types\/page"}],"author":[{"embeddable":true,"href":"https:\/\/proyectum.com\/cr\/wp-json\/wp\/v2\/users\/49"}],"replies":[{"embeddable":true,"href":"https:\/\/proyectum.com\/cr\/wp-json\/wp\/v2\/comments?post=12973"}],"version-history":[{"count":31,"href":"https:\/\/proyectum.com\/cr\/wp-json\/wp\/v2\/pages\/12973\/revisions"}],"predecessor-version":[{"id":13450,"href":"https:\/\/proyectum.com\/cr\/wp-json\/wp\/v2\/pages\/12973\/revisions\/13450"}],"wp:attachment":[{"href":"https:\/\/proyectum.com\/cr\/wp-json\/wp\/v2\/media?parent=12973"}],"curies":[{"name":"wp","href":"https:\/\/api.w.org\/{rel}","templated":true}]}}