{"id":12976,"date":"2025-03-11T10:53:43","date_gmt":"2025-03-11T16:53:43","guid":{"rendered":"https:\/\/proyectum.com\/cr\/?page_id=12976"},"modified":"2025-07-13T20:22:01","modified_gmt":"2025-07-14T02:22:01","slug":"taller-de-gestion-de-portafolios-de-proyectos","status":"publish","type":"page","link":"https:\/\/proyectum.com\/cr\/taller-de-gestion-de-portafolios-de-proyectos\/","title":{"rendered":"Taller de Gesti\u00f3n de Portafolios de Proyectos"},"content":{"rendered":"<div class=\"wpb-content-wrapper\"><p>[vc_row full_width=\u00bbstretch_row\u00bb css=\u00bb.vc_custom_1538081762258{padding-top: 58px !important;padding-bottom: 58px !important;background-image: url(https:\/\/www.proyectum.com\/cl\/wp-content\/uploads\/2018\/09\/curso-tipo.png?id=6990) !important;background-position: center !important;background-repeat: no-repeat !important;background-size: cover !important;}\u00bb][vc_column width=\u00bb2\/3&#8243;][vc_custom_heading text=\u00bbTALLER DE GESTI\u00d3N DE PORTAFOLIOS DE PROYECTOS\u00bb font_container=\u00bbtag:h1|font_size:30|text_align:center|color:%23ffffff\u00bb use_theme_fonts=\u00bbyes\u00bb css=\u00bb.vc_custom_1699915318057{margin-bottom: 0px !important;}\u00bb][vc_column_text]<\/p>\n<p style=\"text-align: center;\"><span style=\"color: #ff9900; font-size: 20px;\">PROJECT PORTFOLIO MANAGEMENT WORKSHOP\u00a0<\/span><\/p>\n<p>[\/vc_column_text][\/vc_column][vc_column width=\u00bb1\/3&#8243;][vc_single_image image=\u00bb7565&#8243; img_size=\u00bb125&#215;125&#8243; alignment=\u00bbcenter\u00bb animation_duration=\u00bb2000&#8243; animation_delay=\u00bb50&#8243; animation_type=\u00bbpulse\u00bb][\/vc_column][\/vc_row][vc_row css=\u00bb.vc_custom_1488777218947{padding-top: 25px !important;padding-bottom: 60px !important;}\u00bb][vc_column width=\u00bb2\/3&#8243; css=\u00bb.vc_custom_1538081880375{padding-right: 40px !important;}\u00bb][vc_column_text css=\u00bb\u00bb]<span style=\"color: #ff9900; font-size: 17px;\">\u00bfSabes cu\u00e1les son los proyectos correctos que debe realizar tu organizaci\u00f3n ?<\/span><\/p>\n<p>La gesti\u00f3n de portafolios de proyectos te ayuda a responder esta pregunta. Los proyectos y programas que mayor valor agregan a tu estrategia, son aquellos que debes realizar. Ninguna organizaci\u00f3n cuenta recursos infinitos para realizar todo lo que se le ocurre. La selecci\u00f3n y evaluaci\u00f3n de proyectos son elementos que forman parte de un proceso que asegura que tu organizaci\u00f3n invierta los escasos recursos que tiene en aquellos proyectos y actividades que de verdad le aportan mayor valor a los clientes y a apoya los objetivos estrat\u00e9gicos.<\/p>\n<p>En este taller se muestra a los participantes los conceptos m\u00e1s relevantes de la gesti\u00f3n de portafolios o carteras de proyectos, que deben ser comprendidos antes de considerar iniciar una implementaci\u00f3n. El taller provee una visi\u00f3n sobre c\u00f3mo el trabajo se gestiona en un portafolio para evaluar y priorizar las iniciativas e inversiones en proyectos y programas, y establecer el trabajo que se realizar\u00e1 y el trabajo que no ser\u00e1 realizado.<\/p>\n<p>La gesti\u00f3n de portafolios es una herramienta cuyos procesos ayudan a una organizaci\u00f3n a asegurar que los recursos disponibles se invierten en las iniciativas que mayor valor y beneficios producen, al mismo tiempo que las iniciativas responden a los objetivos estrat\u00e9gicos de la organizaci\u00f3n.<\/p>\n<ul>\n<li><strong>Duraci\u00f3n: <\/strong>16 horas de capacitaci\u00f3n efectiva &#8211; 6 T\u00e9cnicos &#8211; 6 Estrategia &#8211; 4 Liderazgo<\/li>\n<li><strong>Sesiones: <\/strong>4 sesiones de 4 horas<\/li>\n<li><strong>Modalidad:<\/strong> Online con instructor 100% en vivo.<\/li>\n<li><strong>Inversi\u00f3n del taller: <\/strong>$750 (+2% IVA)<\/li>\n<li><strong>Pr\u00f3ximo curso: <\/strong>13, 20, 27, 3 y 10 junio<\/li>\n<li><strong>Horario:\u00a0<\/strong>5:30pm a 8:45pm UTC-6 (Hora Costa Rica)<\/li>\n<\/ul>\n<p><strong>\u00a1Consulta por el financiamiento con Tasa 0 a 3 o 6 meses del BAC!\u00a0<\/strong><em>(Aplican restricciones)<\/em>[\/vc_column_text][vc_tta_tabs active_section=\u00bb1&#8243; css=\u00bb.vc_custom_1538062059766{margin-top: 20px !important;}\u00bb][vc_tta_section title=\u00bbObjetivos\u00bb tab_id=\u00bb1541455357238-d8636f7d-26cc\u00bb][vc_column_text css=\u00bb\u00bb]<\/p>\n<h3><span style=\"color: #00416b;\">Al final del curso, los participantes ser\u00e1n capaces de:<\/span><\/h3>\n<ul>\n<li class=\"p1\">Conocer los conceptos b\u00e1sicos de la gesti\u00f3n de portafolios<\/li>\n<li class=\"p1\">Reconocer los ciclos de gesti\u00f3n de portafolios y sus procesos<\/li>\n<li class=\"p1\">Identificar los procesos que componen los ciclos de planificaci\u00f3n y de entrega de un portafolio<\/li>\n<li class=\"p1\">Reconocer un modelo general de priorizaci\u00f3n del trabajo<\/li>\n<li class=\"p1\">Reconocer los roles involucrados en la gesti\u00f3n de portafolios<\/li>\n<\/ul>\n<p>[\/vc_column_text][\/vc_tta_section][vc_tta_section title=\u00bbContenidos\u00bb tab_id=\u00bb1541598043271-e94dca70-1909&#8243;][vc_column_text css=\u00bb\u00bb]<\/p>\n<h3><span style=\"color: #00416b;\">Contenido del taller:<\/span><\/h3>\n<ul>\n<li>Fundamentos de la gesti\u00f3n de portafolios<\/li>\n<li>Definir el portafolio<\/li>\n<li>Ciclo de planificaci\u00f3n del portafolio<\/li>\n<li>Ciclo de delivery o ejecuci\u00f3n del portafolio<\/li>\n<li>Consideraciones de implementaci\u00f3n<\/li>\n<\/ul>\n<p>[\/vc_column_text][\/vc_tta_section][vc_tta_section title=\u00bbQuienes deben asistir\u00bb tab_id=\u00bb1541444757751-389b2c58-e32c\u00bb][vc_column_text css=\u00bb\u00bb]<\/p>\n<h3><span style=\"color: #00416b;\">\u00bfQui\u00e9nes deben asistir?<\/span><\/h3>\n<ul>\n<li>L\u00edderes ejecutivos que gestionan la estrategia de su unidad o su organizaci\u00f3n.<\/li>\n<li>L\u00edderes ejecutivos que deseen establecer un proceso de gesti\u00f3n del portafolio de inversiones en proyectos.<\/li>\n<li>L\u00edderes de oficinas de proyectos y portafolios PMO, Oficinas de Transformaci\u00f3n, Oficinas de Estrategia.<\/li>\n<li>Profesionales responsables de apoyar el delivery de valor a la estrategia de la organizaci\u00f3n.<\/li>\n<\/ul>\n<h3><span style=\"color: #00416b;\">Pre-requisitos<\/span><\/h3>\n<ul>\n<li>Entendimiento b\u00e1sico de la disciplina de direcci\u00f3n de proyectos.<\/li>\n<\/ul>\n<p>[\/vc_column_text][\/vc_tta_section][\/vc_tta_tabs][vc_row_inner][vc_column_inner width=\u00bb1\/2&#8243;][\/vc_column_inner][vc_column_inner width=\u00bb1\/2&#8243;][\/vc_column_inner][\/vc_row_inner][\/vc_column][vc_column width=\u00bb1\/3&#8243; text_align=\u00bbleft\u00bb css=\u00bb.vc_custom_1538081853323{padding-left: 0px !important;}\u00bb]<div class=\"porto-u-heading  wpb_custom_95aa9a11c17ad45cfabaf210d84ee7cc porto-u-3612\"><div class=\"porto-u-main-heading\"><h2   style=\"font-weight:bold;line-height:27px;\">CURSOS PROYECTUM<\/h2><\/div><style>.porto-u-3612.porto-u-heading{text-align:left}<\/style><\/div>[vc_tta_accordion active_section=\u00bb4&#8243;][vc_tta_section title=\u00bbCERTIFICACIONES\u00bb tab_id=\u00bb1537992268425-9e4a4cbc-6b0c\u00bb][vc_wp_custommenu nav_menu=\u00bb47&#8243;][\/vc_tta_section][vc_tta_section title=\u00bbDIRECCION DE PROYECTOS\u00bb tab_id=\u00bb1537992268460-618971a0-346c\u00bb][vc_wp_custommenu nav_menu=\u00bb48&#8243;][\/vc_tta_section][vc_tta_section title=\u00bbFUNDAMENTOS AGILES &amp; DEVOPS\u00bb tab_id=\u00bb1537992323741-129d2b9f-2fec\u00bb][vc_wp_custommenu nav_menu=\u00bb49&#8243;][\/vc_tta_section][vc_tta_section title=\u00bbOTROS PROGRAMAS Y CURSOS\u00bb tab_id=\u00bb1537992349441-86ffaea1-7c3c\u00bb][vc_wp_custommenu nav_menu=\u00bb50&#8243;][\/vc_tta_section][\/vc_tta_accordion][\/vc_column][\/vc_row][vc_row full_width=\u00bbstretch_row_content_no_spaces\u00bb equal_height=\u00bbyes\u00bb][vc_column el_class=\u00bbbackground-color-primary\u00bb conditional_render=\u00bb%5B%7B%22value_role%22%3A%22administrator%22%7D%5D\u00bb css=\u00bb.vc_custom_1741714505139{padding-top: 100px !important;}\u00bb]<div class=\"col-half-section half-container col-fullwidth-md\">[vc_custom_heading text=\u00bbLlene el siguiente formulario, pronto un asesor experto en el taller se pondr\u00e1 en contacto con usted\u00bb font_container=\u00bbtag:h2|text_align:left|color:%23ffffff\u00bb use_theme_fonts=\u00bbyes\u00bb css=\u00bb.vc_custom_1752459708790{margin-bottom: 0px !important;}\u00bb text_transform=\u00bbtext-uppercase\u00bb][vc_raw_html css=\u00bb\u00bb]JTNDc2NyaXB0JTIwY2hhcnNldCUzRCUyMnV0Zi04JTIyJTIwdHlwZSUzRCUyMnRleHQlMkZqYXZhc2NyaXB0JTIyJTIwc3JjJTNEJTIyJTJGJTJGanMuaHNmb3Jtcy5uZXQlMkZmb3JtcyUyRmVtYmVkJTJGdjIuanMlMjIlM0UlM0MlMkZzY3JpcHQlM0UlMEElM0NzY3JpcHQlM0UlMEElMjAlMjBoYnNwdC5mb3Jtcy5jcmVhdGUlMjglN0IlMEElMjAlMjAlMjAlMjBwb3J0YWxJZCUzQSUyMCUyMjQ5NjQ1MTg5JTIyJTJDJTBBJTIwJTIwJTIwJTIwZm9ybUlkJTNBJTIwJTIyMzhiOTA5ODktMWQ5My00N2I2LWI1YWItMzg0NmYwNDc1YmM2JTIyJTJDJTBBJTIwJTIwJTIwJTIwcmVnaW9uJTNBJTIwJTIybmExJTIyJTBBJTIwJTIwJTdEJTI5JTNCJTBBJTNDJTJGc2NyaXB0JTNF[\/vc_raw_html]<\/div>[\/vc_column][\/vc_row]<\/p>\n<\/div>","protected":false},"excerpt":{"rendered":"<p>[vc_row full_width=\u00bbstretch_row\u00bb css=\u00bb.vc_custom_1538081762258{padding-top: 58px !important;padding-bottom: 58px !important;background-image: url(https:\/\/www.proyectum.com\/cl\/wp-content\/uploads\/2018\/09\/curso-tipo.png?id=6990) !important;background-position: center !important;background-repeat: no-repeat !important;background-size: cover !important;}\u00bb][vc_column width=\u00bb2\/3&#8243;][vc_custom_heading text=\u00bbTALLER DE GESTI\u00d3N DE PORTAFOLIOS DE PROYECTOS\u00bb font_container=\u00bbtag:h1|font_size:30|text_align:center|color:%23ffffff\u00bb use_theme_fonts=\u00bbyes\u00bb css=\u00bb.vc_custom_1699915318057{margin-bottom: 0px !important;}\u00bb][vc_column_text] PROJECT PORTFOLIO MANAGEMENT WORKSHOP\u00a0 [\/vc_column_text][\/vc_column][vc_column width=\u00bb1\/3&#8243;][vc_single_image image=\u00bb7565&#8243; img_size=\u00bb125&#215;125&#8243; alignment=\u00bbcenter\u00bb animation_duration=\u00bb2000&#8243; animation_delay=\u00bb50&#8243; animation_type=\u00bbpulse\u00bb][\/vc_column][\/vc_row][vc_row css=\u00bb.vc_custom_1488777218947{padding-top: 25px !important;padding-bottom: 60px !important;}\u00bb][vc_column width=\u00bb2\/3&#8243; css=\u00bb.vc_custom_1538081880375{padding-right: 40px !important;}\u00bb][vc_column_text css=\u00bb\u00bb]\u00bfSabes cu\u00e1les son los proyectos correctos [&hellip;]<\/p>\n","protected":false},"author":49,"featured_media":0,"parent":0,"menu_order":0,"comment_status":"closed","ping_status":"closed","template":"","meta":{"content-type":"","footnotes":""},"class_list":["post-12976","page","type-page","status-publish","hentry"],"acf":[],"yoast_head":"<!-- This site is optimized with the Yoast SEO plugin v27.6 - https:\/\/yoast.com\/product\/yoast-seo-wordpress\/ -->\n<title>Taller de Gesti\u00f3n de Portafolios de Proyectos - Proyectum Costa Rica<\/title>\n<meta name=\"robots\" content=\"index, follow, max-snippet:-1, max-image-preview:large, max-video-preview:-1\" \/>\n<link rel=\"canonical\" href=\"https:\/\/proyectum.com\/cr\/taller-de-gestion-de-portafolios-de-proyectos\/\" \/>\n<meta property=\"og:locale\" content=\"es_ES\" \/>\n<meta property=\"og:type\" content=\"article\" \/>\n<meta property=\"og:title\" content=\"Taller de Gesti\u00f3n de Portafolios de Proyectos - Proyectum Costa Rica\" \/>\n<meta property=\"og:description\" content=\"[vc_row full_width=\u00bbstretch_row\u00bb css=\u00bb.vc_custom_1538081762258{padding-top: 58px !important;padding-bottom: 58px !important;background-image: url(https:\/\/www.proyectum.com\/cl\/wp-content\/uploads\/2018\/09\/curso-tipo.png?id=6990) !important;background-position: center !important;background-repeat: no-repeat !important;background-size: cover !important;}\u00bb][vc_column width=\u00bb2\/3&#8243;][vc_custom_heading text=\u00bbTALLER DE GESTI\u00d3N DE PORTAFOLIOS DE PROYECTOS\u00bb font_container=\u00bbtag:h1|font_size:30|text_align:center|color:%23ffffff\u00bb use_theme_fonts=\u00bbyes\u00bb css=\u00bb.vc_custom_1699915318057{margin-bottom: 0px !important;}\u00bb][vc_column_text] PROJECT PORTFOLIO MANAGEMENT WORKSHOP\u00a0 [\/vc_column_text][\/vc_column][vc_column width=\u00bb1\/3&#8243;][vc_single_image image=\u00bb7565&#8243; img_size=\u00bb125&#215;125&#8243; alignment=\u00bbcenter\u00bb animation_duration=\u00bb2000&#8243; animation_delay=\u00bb50&#8243; animation_type=\u00bbpulse\u00bb][\/vc_column][\/vc_row][vc_row css=\u00bb.vc_custom_1488777218947{padding-top: 25px !important;padding-bottom: 60px !important;}\u00bb][vc_column width=\u00bb2\/3&#8243; css=\u00bb.vc_custom_1538081880375{padding-right: 40px !important;}\u00bb][vc_column_text css=\u00bb\u00bb]\u00bfSabes cu\u00e1les son los proyectos correctos [&hellip;]\" \/>\n<meta property=\"og:url\" content=\"https:\/\/proyectum.com\/cr\/taller-de-gestion-de-portafolios-de-proyectos\/\" \/>\n<meta property=\"og:site_name\" content=\"Proyectum Costa Rica\" \/>\n<meta property=\"article:publisher\" content=\"https:\/\/www.facebook.com\/proyectumcr\/\" \/>\n<meta property=\"article:modified_time\" content=\"2025-07-14T02:22:01+00:00\" \/>\n<meta name=\"twitter:card\" content=\"summary_large_image\" \/>\n<meta name=\"twitter:label1\" content=\"Tiempo de lectura\" \/>\n\t<meta name=\"twitter:data1\" content=\"3 minutos\" \/>\n<script type=\"application\/ld+json\" class=\"yoast-schema-graph\">{\"@context\":\"https:\\\/\\\/schema.org\",\"@graph\":[{\"@type\":\"WebPage\",\"@id\":\"https:\\\/\\\/proyectum.com\\\/cr\\\/taller-de-gestion-de-portafolios-de-proyectos\\\/\",\"url\":\"https:\\\/\\\/proyectum.com\\\/cr\\\/taller-de-gestion-de-portafolios-de-proyectos\\\/\",\"name\":\"Taller de Gesti\u00f3n de Portafolios de Proyectos - Proyectum Costa Rica\",\"isPartOf\":{\"@id\":\"https:\\\/\\\/proyectum.com\\\/cr\\\/#website\"},\"datePublished\":\"2025-03-11T16:53:43+00:00\",\"dateModified\":\"2025-07-14T02:22:01+00:00\",\"breadcrumb\":{\"@id\":\"https:\\\/\\\/proyectum.com\\\/cr\\\/taller-de-gestion-de-portafolios-de-proyectos\\\/#breadcrumb\"},\"inLanguage\":\"es\",\"potentialAction\":[{\"@type\":\"ReadAction\",\"target\":[\"https:\\\/\\\/proyectum.com\\\/cr\\\/taller-de-gestion-de-portafolios-de-proyectos\\\/\"]}]},{\"@type\":\"BreadcrumbList\",\"@id\":\"https:\\\/\\\/proyectum.com\\\/cr\\\/taller-de-gestion-de-portafolios-de-proyectos\\\/#breadcrumb\",\"itemListElement\":[{\"@type\":\"ListItem\",\"position\":1,\"name\":\"Home\",\"item\":\"https:\\\/\\\/proyectum.com\\\/cr\\\/\"},{\"@type\":\"ListItem\",\"position\":2,\"name\":\"Taller de Gesti\u00f3n de Portafolios de Proyectos\"}]},{\"@type\":\"WebSite\",\"@id\":\"https:\\\/\\\/proyectum.com\\\/cr\\\/#website\",\"url\":\"https:\\\/\\\/proyectum.com\\\/cr\\\/\",\"name\":\"Proyectum Costa Rica\",\"description\":\"La Agilidad Empresarial es una obligaci\u00f3n\",\"publisher\":{\"@id\":\"https:\\\/\\\/proyectum.com\\\/cr\\\/#organization\"},\"potentialAction\":[{\"@type\":\"SearchAction\",\"target\":{\"@type\":\"EntryPoint\",\"urlTemplate\":\"https:\\\/\\\/proyectum.com\\\/cr\\\/?s={search_term_string}\"},\"query-input\":{\"@type\":\"PropertyValueSpecification\",\"valueRequired\":true,\"valueName\":\"search_term_string\"}}],\"inLanguage\":\"es\"},{\"@type\":\"Organization\",\"@id\":\"https:\\\/\\\/proyectum.com\\\/cr\\\/#organization\",\"name\":\"Proyectum Costa Rica\",\"url\":\"https:\\\/\\\/proyectum.com\\\/cr\\\/\",\"logo\":{\"@type\":\"ImageObject\",\"inLanguage\":\"es\",\"@id\":\"https:\\\/\\\/proyectum.com\\\/cr\\\/#\\\/schema\\\/logo\\\/image\\\/\",\"url\":\"https:\\\/\\\/i1.wp.com\\\/www.proyectum.com\\\/cr\\\/wp-content\\\/uploads\\\/proyectum-logo-snippet.png?fit=600%2C315&ssl=1\",\"contentUrl\":\"https:\\\/\\\/i1.wp.com\\\/www.proyectum.com\\\/cr\\\/wp-content\\\/uploads\\\/proyectum-logo-snippet.png?fit=600%2C315&ssl=1\",\"width\":600,\"height\":315,\"caption\":\"Proyectum Costa Rica\"},\"image\":{\"@id\":\"https:\\\/\\\/proyectum.com\\\/cr\\\/#\\\/schema\\\/logo\\\/image\\\/\"},\"sameAs\":[\"https:\\\/\\\/www.facebook.com\\\/proyectumcr\\\/\",\"https:\\\/\\\/www.instagram.com\\\/proyectumcostarica\\\/\",\"https:\\\/\\\/www.linkedin.com\\\/company\\\/proyectum-costarica\\\/\",\"https:\\\/\\\/www.youtube.com\\\/channel\\\/UCljouWimyhK_cNcC2jniUgw\"]}]}<\/script>\n<!-- \/ Yoast SEO plugin. -->","yoast_head_json":{"title":"Taller de Gesti\u00f3n de Portafolios de Proyectos - Proyectum Costa Rica","robots":{"index":"index","follow":"follow","max-snippet":"max-snippet:-1","max-image-preview":"max-image-preview:large","max-video-preview":"max-video-preview:-1"},"canonical":"https:\/\/proyectum.com\/cr\/taller-de-gestion-de-portafolios-de-proyectos\/","og_locale":"es_ES","og_type":"article","og_title":"Taller de Gesti\u00f3n de Portafolios de Proyectos - Proyectum Costa Rica","og_description":"[vc_row full_width=\u00bbstretch_row\u00bb css=\u00bb.vc_custom_1538081762258{padding-top: 58px !important;padding-bottom: 58px !important;background-image: url(https:\/\/www.proyectum.com\/cl\/wp-content\/uploads\/2018\/09\/curso-tipo.png?id=6990) !important;background-position: center !important;background-repeat: no-repeat !important;background-size: cover !important;}\u00bb][vc_column width=\u00bb2\/3&#8243;][vc_custom_heading text=\u00bbTALLER DE GESTI\u00d3N DE PORTAFOLIOS DE PROYECTOS\u00bb font_container=\u00bbtag:h1|font_size:30|text_align:center|color:%23ffffff\u00bb use_theme_fonts=\u00bbyes\u00bb css=\u00bb.vc_custom_1699915318057{margin-bottom: 0px !important;}\u00bb][vc_column_text] PROJECT PORTFOLIO MANAGEMENT WORKSHOP\u00a0 [\/vc_column_text][\/vc_column][vc_column width=\u00bb1\/3&#8243;][vc_single_image image=\u00bb7565&#8243; img_size=\u00bb125&#215;125&#8243; alignment=\u00bbcenter\u00bb animation_duration=\u00bb2000&#8243; animation_delay=\u00bb50&#8243; animation_type=\u00bbpulse\u00bb][\/vc_column][\/vc_row][vc_row css=\u00bb.vc_custom_1488777218947{padding-top: 25px !important;padding-bottom: 60px !important;}\u00bb][vc_column width=\u00bb2\/3&#8243; css=\u00bb.vc_custom_1538081880375{padding-right: 40px !important;}\u00bb][vc_column_text css=\u00bb\u00bb]\u00bfSabes cu\u00e1les son los proyectos correctos [&hellip;]","og_url":"https:\/\/proyectum.com\/cr\/taller-de-gestion-de-portafolios-de-proyectos\/","og_site_name":"Proyectum Costa Rica","article_publisher":"https:\/\/www.facebook.com\/proyectumcr\/","article_modified_time":"2025-07-14T02:22:01+00:00","twitter_card":"summary_large_image","twitter_misc":{"Tiempo de lectura":"3 minutos"},"schema":{"@context":"https:\/\/schema.org","@graph":[{"@type":"WebPage","@id":"https:\/\/proyectum.com\/cr\/taller-de-gestion-de-portafolios-de-proyectos\/","url":"https:\/\/proyectum.com\/cr\/taller-de-gestion-de-portafolios-de-proyectos\/","name":"Taller de Gesti\u00f3n de Portafolios de Proyectos - Proyectum Costa Rica","isPartOf":{"@id":"https:\/\/proyectum.com\/cr\/#website"},"datePublished":"2025-03-11T16:53:43+00:00","dateModified":"2025-07-14T02:22:01+00:00","breadcrumb":{"@id":"https:\/\/proyectum.com\/cr\/taller-de-gestion-de-portafolios-de-proyectos\/#breadcrumb"},"inLanguage":"es","potentialAction":[{"@type":"ReadAction","target":["https:\/\/proyectum.com\/cr\/taller-de-gestion-de-portafolios-de-proyectos\/"]}]},{"@type":"BreadcrumbList","@id":"https:\/\/proyectum.com\/cr\/taller-de-gestion-de-portafolios-de-proyectos\/#breadcrumb","itemListElement":[{"@type":"ListItem","position":1,"name":"Home","item":"https:\/\/proyectum.com\/cr\/"},{"@type":"ListItem","position":2,"name":"Taller de Gesti\u00f3n de Portafolios de Proyectos"}]},{"@type":"WebSite","@id":"https:\/\/proyectum.com\/cr\/#website","url":"https:\/\/proyectum.com\/cr\/","name":"Proyectum Costa Rica","description":"La Agilidad Empresarial es una obligaci\u00f3n","publisher":{"@id":"https:\/\/proyectum.com\/cr\/#organization"},"potentialAction":[{"@type":"SearchAction","target":{"@type":"EntryPoint","urlTemplate":"https:\/\/proyectum.com\/cr\/?s={search_term_string}"},"query-input":{"@type":"PropertyValueSpecification","valueRequired":true,"valueName":"search_term_string"}}],"inLanguage":"es"},{"@type":"Organization","@id":"https:\/\/proyectum.com\/cr\/#organization","name":"Proyectum Costa Rica","url":"https:\/\/proyectum.com\/cr\/","logo":{"@type":"ImageObject","inLanguage":"es","@id":"https:\/\/proyectum.com\/cr\/#\/schema\/logo\/image\/","url":"https:\/\/i1.wp.com\/www.proyectum.com\/cr\/wp-content\/uploads\/proyectum-logo-snippet.png?fit=600%2C315&ssl=1","contentUrl":"https:\/\/i1.wp.com\/www.proyectum.com\/cr\/wp-content\/uploads\/proyectum-logo-snippet.png?fit=600%2C315&ssl=1","width":600,"height":315,"caption":"Proyectum Costa Rica"},"image":{"@id":"https:\/\/proyectum.com\/cr\/#\/schema\/logo\/image\/"},"sameAs":["https:\/\/www.facebook.com\/proyectumcr\/","https:\/\/www.instagram.com\/proyectumcostarica\/","https:\/\/www.linkedin.com\/company\/proyectum-costarica\/","https:\/\/www.youtube.com\/channel\/UCljouWimyhK_cNcC2jniUgw"]}]}},"jetpack_sharing_enabled":true,"_links":{"self":[{"href":"https:\/\/proyectum.com\/cr\/wp-json\/wp\/v2\/pages\/12976","targetHints":{"allow":["GET"]}}],"collection":[{"href":"https:\/\/proyectum.com\/cr\/wp-json\/wp\/v2\/pages"}],"about":[{"href":"https:\/\/proyectum.com\/cr\/wp-json\/wp\/v2\/types\/page"}],"author":[{"embeddable":true,"href":"https:\/\/proyectum.com\/cr\/wp-json\/wp\/v2\/users\/49"}],"replies":[{"embeddable":true,"href":"https:\/\/proyectum.com\/cr\/wp-json\/wp\/v2\/comments?post=12976"}],"version-history":[{"count":12,"href":"https:\/\/proyectum.com\/cr\/wp-json\/wp\/v2\/pages\/12976\/revisions"}],"predecessor-version":[{"id":13179,"href":"https:\/\/proyectum.com\/cr\/wp-json\/wp\/v2\/pages\/12976\/revisions\/13179"}],"wp:attachment":[{"href":"https:\/\/proyectum.com\/cr\/wp-json\/wp\/v2\/media?parent=12976"}],"curies":[{"name":"wp","href":"https:\/\/api.w.org\/{rel}","templated":true}]}}