{"id":13000,"date":"2025-03-25T11:09:56","date_gmt":"2025-03-25T17:09:56","guid":{"rendered":"https:\/\/proyectum.com\/cr\/?page_id=13000"},"modified":"2025-12-10T13:53:32","modified_gmt":"2025-12-10T19:53:32","slug":"taller-de-inteligencia-artificial-para-project-managers","status":"publish","type":"page","link":"https:\/\/proyectum.com\/cr\/capacitacion\/taller-de-inteligencia-artificial-para-project-managers\/","title":{"rendered":"Inteligencia Artificial para Project Managers"},"content":{"rendered":"<div class=\"wpb-content-wrapper\"><p>[vc_row full_width=\u00bbstretch_row_content\u00bb css=\u00bb.vc_custom_1581010883325{padding-top: 58px !important;padding-bottom: 58px !important;background-image: url(https:\/\/www.proyectum.com\/cr\/wp-content\/uploads\/2018\/09\/curso-tipo.png?id=6990) !important;background-position: center !important;background-repeat: no-repeat !important;background-size: cover !important;}\u00bb][vc_column width=\u00bb1\/2&#8243;][vc_custom_heading text=\u00bbInteligencia Artificial para Project Managers\u00bb font_container=\u00bbtag:h1|font_size:40|text_align:center|color:%23ffffff|line_height:1&#8243; use_theme_fonts=\u00bbyes\u00bb css=\u00bb.vc_custom_1742919769797{padding-top: 25px !important;padding-left: 150px !important;}\u00bb][\/vc_column][vc_column width=\u00bb1\/2&#8243;][vc_single_image image=\u00bb9634&#8243; img_size=\u00bb200&#215;170&#8243; css=\u00bb.vc_custom_1715360169074{padding-left: 250px !important;}\u00bb][\/vc_column][\/vc_row][vc_row][vc_column width=\u00bb2\/3&#8243;][vc_separator color=\u00bbwhite\u00bb][vc_column_text css=\u00bb\u00bb]<span style=\"color: #000000; font-size: 18px;\">\u00a1Proyectum te ayuda a mantenerte actualizado con las novedades de la industria!<\/span><\/p>\n<p><span style=\"font-size: 18px;\">Este curso intensivo\u00a0 est\u00e1 dise\u00f1ado para proporcionar a los profesionales de la gesti\u00f3n de proyectos una comprensi\u00f3n pr\u00e1ctica y profunda de c\u00f3mo la inteligencia artificial, y en particular la IA generativa, puede transformar sus pr\u00e1cticas y mejorar los resultados de los proyectos. <\/span><\/p>\n<p><span style=\"font-size: 18px;\">A trav\u00e9s de m\u00f3dulos te\u00f3ricos y pr\u00e1cticos, los participantes aprender\u00e1n a aplicar herramientas y t\u00e9cnicas de IA, formular prompts efectivos y liderar la implementaci\u00f3n de soluciones de GenAI en sus organizaciones.<\/span><\/p>\n<p><span style=\"font-size: 18px;\">El curso incluye una introducci\u00f3n a los conceptos b\u00e1sicos de IA, un an\u00e1lisis del paisaje de datos de GenAI, t\u00e9cnicas avanzadas de ingenier\u00eda de prompts, y aplicaciones pr\u00e1cticas de GenAI en proyectos.<\/span><\/p>\n<p><span style=\"font-size: 18px;\">Adem\u00e1s, se realizar\u00e1n talleres pr\u00e1cticos y discusiones para consolidar los conocimientos adquiridos.<\/span><\/p>\n<ul>\n<li><span style=\"color: #000000; font-size: 18px;\"><strong><span style=\"color: #000000;\">D<\/span>uraci\u00f3n<span style=\"color: #000000;\">:<\/span><\/strong> 9 horas de capacitaci\u00f3n<\/span><\/li>\n<li><span style=\"font-size: 18px;\"><strong><span style=\"color: #000000;\">Con material en ESPA\u00d1OL<\/span><\/strong><\/span><\/li>\n<li><span style=\"color: #000000; font-size: 18px;\"><strong>Moda<span style=\"color: #000000;\">lidad:<\/span><\/strong> Online<\/span><\/li>\n<li><span style=\"color: #000000;\"><strong><span style=\"font-size: 18px;\">Costo:<\/span><\/strong><\/span> <span style=\"color: #000000; font-size: 18px;\">$129 + 2% de IVA<\/span><\/li>\n<li><span style=\"color: #000000; font-size: 18px;\"><strong>Requisitos:<\/strong> No tiene requisitos<\/span><\/li>\n<li><span style=\"font-size: 18px;\">Al tomar este curso obtendr\u00e1s 8 PDUs:<\/span>\n<ul>\n<li><span style=\"font-size: 18px;\">Ways of Working: 2.75<\/span><\/li>\n<li><span style=\"font-size: 18px;\">Power Skills: 2.5<\/span><\/li>\n<li><span style=\"font-size: 18px;\">Bussines Acumen: 2.75<\/span><\/li>\n<\/ul>\n<\/li>\n<\/ul>\n<p><span style=\"font-size: 18px;\"><span style=\"color: #000000;\"><em>Si ya tomaste un curso con nosotros, tienes un <strong>10% de descuento<\/strong>\u00a0en\u00a0<strong>todos<\/strong> nuestros cursos.\u00a0<\/em><\/span><span style=\"color: #000000;\"><em>\u00a1<strong>Solic\u00edtalo<\/strong>! (Aplican restricciones)<\/em><\/span><\/span><\/p>\n<p><span style=\"color: #000000; font-size: 18px;\"><strong>\u00a1Consulta por el financiamiento con Tasa 0 a 3 o 6 meses del BAC!\u00a0<em>(Aplican restricciones)<\/em><\/strong><\/span><\/p>\n<p><span style=\"color: #000000; font-size: 18px;\"><strong>\u00a1Aprovecha nuestros descuentos por grupos en TODOS nuestros cursos!<\/strong><\/span>[\/vc_column_text][vc_separator color=\u00bbwhite\u00bb][vc_tta_tabs title_tag=\u00bbh1&#8243; section_title_tag=\u00bbh1&#8243; active_section=\u00bb0&#8243;][vc_tta_section title=\u00bbPERFIL\u00bb tab_id=\u00bb1581010191122-a5dde3dc-bdd6&#8243;][vc_column_text css=\u00bb\u00bb]<span style=\"color: #000000; font-size: 17px;\"><strong>En este taller podr\u00e1n participar:\u00a0<\/strong><\/span><\/p>\n<ul>\n<li><span style=\"font-size: 17px;\"><strong>Project Managers<\/strong>: Profesionales responsables de la planificaci\u00f3n, ejecuci\u00f3n y cierre de proyectos que buscan mejorar sus habilidades y conocimientos en el uso de IA y GenAI.<\/span><\/li>\n<li><span style=\"font-size: 17px;\"><strong>Team Leaders<\/strong>: L\u00edderes de equipos de proyectos que desean integrar tecnolog\u00edas avanzadas de IA en sus procesos de trabajo.<\/span><\/li>\n<li><span style=\"font-size: 17px;\"><strong>Data Analysts<\/strong>: Analistas de datos interesados en aplicar t\u00e9cnicas de GenAI para mejorar la gesti\u00f3n de proyectos.<\/span><\/li>\n<li><span style=\"font-size: 17px;\"><strong>IT Professionals<\/strong>: Profesionales de TI que buscan comprender c\u00f3mo la IA puede ser utilizada para optimizar la gesti\u00f3n de proyectos.<\/span><\/li>\n<li><span style=\"font-size: 17px;\"><strong>Business Analysts<\/strong>: Analistas de negocios que desean explorar el impacto de la IA en la toma de decisiones y la eficiencia de los proyectos.<\/span><\/li>\n<\/ul>\n<p>[\/vc_column_text][\/vc_tta_section][vc_tta_section title=\u00bbTEMARIO\u00bb tab_id=\u00bb1585603174729-7af39534-c70a\u00bb][vc_column_text css=\u00bb\u00bb]<\/p>\n<ul>\n<li><span style=\"font-size: 17px;\"><strong>Inteligencia ArtificiaI Generativa para Project Managers<\/strong><\/span><\/li>\n<li><span style=\"font-size: 17px;\"><strong>Fundamentos del Paisaje de Datos<\/strong><\/span><\/li>\n<li><span style=\"font-size: 17px;\"><strong>Paisaje de Datos de GenAI para Project Managers<\/strong><\/span><\/li>\n<li><span style=\"font-size: 17px;\"><strong>Fundamentos de la Ingenier\u00eda de Prompts<\/strong><\/span><\/li>\n<li><span style=\"font-size: 17px;\"><strong>Ingenier\u00eda de Prompts para Project Managers<\/strong><\/span><\/li>\n<li><span style=\"font-size: 17px;\"><strong>Herramientas y Tecnolog\u00edas de GenAI<\/strong><\/span><\/li>\n<li><span style=\"font-size: 17px;\"><strong>Aplicaciones pr\u00e1cticas de GenAI para Project Managers<\/strong><\/span><\/li>\n<li><span style=\"font-size: 17px;\"><strong>Taller Pr\u00e1ctico<\/strong><\/span><\/li>\n<li><span style=\"font-size: 17px;\"><strong>Discusi\u00f3n y Conclusiones<\/strong><\/span><\/li>\n<\/ul>\n<p>[\/vc_column_text][\/vc_tta_section][vc_tta_section title=\u00bbOBJETIVOS\u00bb tab_id=\u00bb1581010237165-b2d3469a-6971&#8243;][vc_column_text css=\u00bb\u00bb]<\/p>\n<ul>\n<li><span style=\"font-size: 17px;\">Proporcionar una comprensi\u00f3n profunda de los conceptos b\u00e1sicos y avanzados de la inteligencia artificial (IA) y la IA generativa (GenAI).<\/span><\/li>\n<li><span style=\"font-size: 17px;\">Ense\u00f1ar a los participantes c\u00f3mo aplicar herramientas y t\u00e9cnicas de GenAI en la gesti\u00f3n de proyectos.<\/span><\/li>\n<li><span style=\"font-size: 17px;\">Desarrollar habilidades en la ingenier\u00eda de prompts para interactuar eficazmente con sistemas de IA.<\/span><\/li>\n<li><span style=\"font-size: 17px;\">Facilitar la integraci\u00f3n de GenAI en los procesos de gesti\u00f3n de proyectos para mejorar la toma de decisiones y los resultados.<\/span><\/li>\n<li><span style=\"font-size: 17px;\">Ofrecer experiencias pr\u00e1cticas y estudios de caso para implementar GenAI en proyectos reales.<\/span><\/li>\n<\/ul>\n<p>[\/vc_column_text][\/vc_tta_section][\/vc_tta_tabs][\/vc_column][vc_column width=\u00bb1\/3&#8243;][vc_separator color=\u00bbwhite\u00bb]<div class=\"porto-u-heading  wpb_custom_95aa9a11c17ad45cfabaf210d84ee7cc porto-u-9488\"><div class=\"porto-u-main-heading\"><h2  >CAPACITACI\u00d3N<\/h2><\/div><style>.porto-u-9488.porto-u-heading{text-align:center}<\/style><\/div>[vc_single_image image=\u00bb13004&#8243; img_size=\u00bbfull\u00bb css=\u00bb\u00bb][vc_tta_accordion color=\u00bbblue\u00bb active_section=\u00bb1&#8243; css=\u00bb.vc_custom_1742922546249{background-color: #1c4875 !important;border-color: #1c4875 !important;}\u00bb][vc_tta_section title=\u00bbAGILIDAD\u00bb tab_id=\u00bb1606149104773-2e9350df-f9bd\u00bb][vc_wp_custommenu nav_menu=\u00bb73&#8243;][\/vc_tta_section][vc_tta_section title=\u00bbCERTIFICACIONES\u00bb tab_id=\u00bb1606149104773-e60301ba-dee6&#8243;][vc_wp_custommenu nav_menu=\u00bb75&#8243;][\/vc_tta_section][vc_tta_section title=\u00bbM\u00c1S PROGRAMAS&#8230;\u00bb tab_id=\u00bb1606149183575-05fedd3f-a7ea\u00bb][vc_wp_custommenu nav_menu=\u00bb74&#8243;][\/vc_tta_section][\/vc_tta_accordion][vc_single_image image=\u00bb8779&#8243; img_size=\u00bbfull\u00bb css=\u00bb\u00bb][\/vc_column][\/vc_row][vc_row full_width=\u00bbstretch_row_content_no_spaces\u00bb equal_height=\u00bbyes\u00bb][vc_column el_class=\u00bbbackground-color-primary\u00bb css=\u00bb.vc_custom_1528971916644{padding-top: 60px !important;padding-bottom: 55px !important;padding-left: 15px !important;}\u00bb]<div class=\"col-half-section half-container col-fullwidth-md\">[vc_custom_heading text=\u00bbLlene el siguiente formulario, pronto un asesor experto en el taller se pondr\u00e1 en contacto con usted\u00bb font_container=\u00bbtag:h2|text_align:left|color:%23ffffff\u00bb use_theme_fonts=\u00bbyes\u00bb css=\u00bb.vc_custom_1752459575404{margin-bottom: 0px !important;}\u00bb text_transform=\u00bbtext-uppercase\u00bb][vc_raw_html css=\u00bb\u00bb]JTNDc2NyaXB0JTIwY2hhcnNldCUzRCUyMnV0Zi04JTIyJTIwdHlwZSUzRCUyMnRleHQlMkZqYXZhc2NyaXB0JTIyJTIwc3JjJTNEJTIyJTJGJTJGanMuaHNmb3Jtcy5uZXQlMkZmb3JtcyUyRmVtYmVkJTJGdjIuanMlMjIlM0UlM0MlMkZzY3JpcHQlM0UlMEElM0NzY3JpcHQlM0UlMEElMjAlMjBoYnNwdC5mb3Jtcy5jcmVhdGUlMjglN0IlMEElMjAlMjAlMjAlMjBwb3J0YWxJZCUzQSUyMCUyMjQ5NjQ1MTg5JTIyJTJDJTBBJTIwJTIwJTIwJTIwZm9ybUlkJTNBJTIwJTIyOGI5MDNhZTktYTkyNS00YmM4LTgzOTktNDA0YjRiODAwNmZlJTIyJTJDJTBBJTIwJTIwJTIwJTIwcmVnaW9uJTNBJTIwJTIybmExJTIyJTBBJTIwJTIwJTdEJTI5JTNCJTBBJTNDJTJGc2NyaXB0JTNF[\/vc_raw_html]<\/div>[\/vc_column][\/vc_row]<\/p>\n<\/div>","protected":false},"excerpt":{"rendered":"<p>[vc_row full_width=\u00bbstretch_row_content\u00bb css=\u00bb.vc_custom_1581010883325{padding-top: 58px !important;padding-bottom: 58px !important;background-image: url(https:\/\/www.proyectum.com\/cr\/wp-content\/uploads\/2018\/09\/curso-tipo.png?id=6990) !important;background-position: center !important;background-repeat: no-repeat !important;background-size: cover !important;}\u00bb][vc_column width=\u00bb1\/2&#8243;][vc_custom_heading text=\u00bbInteligencia Artificial para Project Managers\u00bb font_container=\u00bbtag:h1|font_size:40|text_align:center|color:%23ffffff|line_height:1&#8243; use_theme_fonts=\u00bbyes\u00bb css=\u00bb.vc_custom_1742919769797{padding-top: 25px !important;padding-left: 150px !important;}\u00bb][\/vc_column][vc_column width=\u00bb1\/2&#8243;][vc_single_image image=\u00bb9634&#8243; img_size=\u00bb200&#215;170&#8243; css=\u00bb.vc_custom_1715360169074{padding-left: 250px !important;}\u00bb][\/vc_column][\/vc_row][vc_row][vc_column width=\u00bb2\/3&#8243;][vc_separator color=\u00bbwhite\u00bb][vc_column_text css=\u00bb\u00bb]\u00a1Proyectum te ayuda a mantenerte actualizado con las novedades de la industria! Este curso intensivo\u00a0 est\u00e1 dise\u00f1ado para proporcionar [&hellip;]<\/p>\n","protected":false},"author":47,"featured_media":0,"parent":7466,"menu_order":0,"comment_status":"closed","ping_status":"closed","template":"","meta":{"content-type":"","footnotes":""},"class_list":["post-13000","page","type-page","status-publish","hentry"],"acf":[],"yoast_head":"<!-- This site is optimized with the Yoast SEO plugin v27.6 - https:\/\/yoast.com\/product\/yoast-seo-wordpress\/ -->\n<title>Taller de Inteligencia Artificial para Project Managers<\/title>\n<meta name=\"description\" content=\"Aprenda a aplicar Inteligencia Artificial en la gesti\u00f3n de proyectos. Mejore decisiones y optimice procesos con Proyectum Training Center.\" \/>\n<meta name=\"robots\" content=\"index, follow, max-snippet:-1, max-image-preview:large, max-video-preview:-1\" \/>\n<link rel=\"canonical\" href=\"https:\/\/proyectum.com\/cr\/capacitacion\/taller-de-inteligencia-artificial-para-project-managers\/\" \/>\n<meta property=\"og:locale\" content=\"es_ES\" \/>\n<meta property=\"og:type\" content=\"article\" \/>\n<meta property=\"og:title\" content=\"Taller de Inteligencia Artificial para Project Managers\" \/>\n<meta property=\"og:description\" content=\"Aprenda a aplicar Inteligencia Artificial en la gesti\u00f3n de proyectos. Mejore decisiones y optimice procesos con Proyectum Training Center.\" \/>\n<meta property=\"og:url\" content=\"https:\/\/proyectum.com\/cr\/capacitacion\/taller-de-inteligencia-artificial-para-project-managers\/\" \/>\n<meta property=\"og:site_name\" content=\"Proyectum Costa Rica\" \/>\n<meta property=\"article:publisher\" content=\"https:\/\/www.facebook.com\/proyectumcr\/\" \/>\n<meta property=\"article:modified_time\" content=\"2025-12-10T19:53:32+00:00\" \/>\n<meta name=\"twitter:card\" content=\"summary_large_image\" \/>\n<meta name=\"twitter:label1\" content=\"Tiempo de lectura\" \/>\n\t<meta name=\"twitter:data1\" content=\"3 minutos\" \/>\n<script type=\"application\/ld+json\" class=\"yoast-schema-graph\">{\"@context\":\"https:\\\/\\\/schema.org\",\"@graph\":[{\"@type\":\"WebPage\",\"@id\":\"https:\\\/\\\/proyectum.com\\\/cr\\\/capacitacion\\\/taller-de-inteligencia-artificial-para-project-managers\\\/\",\"url\":\"https:\\\/\\\/proyectum.com\\\/cr\\\/capacitacion\\\/taller-de-inteligencia-artificial-para-project-managers\\\/\",\"name\":\"Taller de Inteligencia Artificial para Project Managers\",\"isPartOf\":{\"@id\":\"https:\\\/\\\/proyectum.com\\\/cr\\\/#website\"},\"datePublished\":\"2025-03-25T17:09:56+00:00\",\"dateModified\":\"2025-12-10T19:53:32+00:00\",\"description\":\"Aprenda a aplicar Inteligencia Artificial en la gesti\u00f3n de proyectos. Mejore decisiones y optimice procesos con Proyectum Training Center.\",\"breadcrumb\":{\"@id\":\"https:\\\/\\\/proyectum.com\\\/cr\\\/capacitacion\\\/taller-de-inteligencia-artificial-para-project-managers\\\/#breadcrumb\"},\"inLanguage\":\"es\",\"potentialAction\":[{\"@type\":\"ReadAction\",\"target\":[\"https:\\\/\\\/proyectum.com\\\/cr\\\/capacitacion\\\/taller-de-inteligencia-artificial-para-project-managers\\\/\"]}]},{\"@type\":\"BreadcrumbList\",\"@id\":\"https:\\\/\\\/proyectum.com\\\/cr\\\/capacitacion\\\/taller-de-inteligencia-artificial-para-project-managers\\\/#breadcrumb\",\"itemListElement\":[{\"@type\":\"ListItem\",\"position\":1,\"name\":\"Home\",\"item\":\"https:\\\/\\\/proyectum.com\\\/cr\\\/\"},{\"@type\":\"ListItem\",\"position\":2,\"name\":\"Capacitaciones\",\"item\":\"https:\\\/\\\/proyectum.com\\\/cr\\\/capacitacion\\\/\"},{\"@type\":\"ListItem\",\"position\":3,\"name\":\"Inteligencia Artificial para Project Managers\"}]},{\"@type\":\"WebSite\",\"@id\":\"https:\\\/\\\/proyectum.com\\\/cr\\\/#website\",\"url\":\"https:\\\/\\\/proyectum.com\\\/cr\\\/\",\"name\":\"Proyectum Costa Rica\",\"description\":\"La Agilidad Empresarial es una obligaci\u00f3n\",\"publisher\":{\"@id\":\"https:\\\/\\\/proyectum.com\\\/cr\\\/#organization\"},\"potentialAction\":[{\"@type\":\"SearchAction\",\"target\":{\"@type\":\"EntryPoint\",\"urlTemplate\":\"https:\\\/\\\/proyectum.com\\\/cr\\\/?s={search_term_string}\"},\"query-input\":{\"@type\":\"PropertyValueSpecification\",\"valueRequired\":true,\"valueName\":\"search_term_string\"}}],\"inLanguage\":\"es\"},{\"@type\":\"Organization\",\"@id\":\"https:\\\/\\\/proyectum.com\\\/cr\\\/#organization\",\"name\":\"Proyectum Costa Rica\",\"url\":\"https:\\\/\\\/proyectum.com\\\/cr\\\/\",\"logo\":{\"@type\":\"ImageObject\",\"inLanguage\":\"es\",\"@id\":\"https:\\\/\\\/proyectum.com\\\/cr\\\/#\\\/schema\\\/logo\\\/image\\\/\",\"url\":\"https:\\\/\\\/i1.wp.com\\\/www.proyectum.com\\\/cr\\\/wp-content\\\/uploads\\\/proyectum-logo-snippet.png?fit=600%2C315&ssl=1\",\"contentUrl\":\"https:\\\/\\\/i1.wp.com\\\/www.proyectum.com\\\/cr\\\/wp-content\\\/uploads\\\/proyectum-logo-snippet.png?fit=600%2C315&ssl=1\",\"width\":600,\"height\":315,\"caption\":\"Proyectum Costa Rica\"},\"image\":{\"@id\":\"https:\\\/\\\/proyectum.com\\\/cr\\\/#\\\/schema\\\/logo\\\/image\\\/\"},\"sameAs\":[\"https:\\\/\\\/www.facebook.com\\\/proyectumcr\\\/\",\"https:\\\/\\\/www.instagram.com\\\/proyectumcostarica\\\/\",\"https:\\\/\\\/www.linkedin.com\\\/company\\\/proyectum-costarica\\\/\",\"https:\\\/\\\/www.youtube.com\\\/channel\\\/UCljouWimyhK_cNcC2jniUgw\"]}]}<\/script>\n<!-- \/ Yoast SEO plugin. -->","yoast_head_json":{"title":"Taller de Inteligencia Artificial para Project Managers","description":"Aprenda a aplicar Inteligencia Artificial en la gesti\u00f3n de proyectos. Mejore decisiones y optimice procesos con Proyectum Training Center.","robots":{"index":"index","follow":"follow","max-snippet":"max-snippet:-1","max-image-preview":"max-image-preview:large","max-video-preview":"max-video-preview:-1"},"canonical":"https:\/\/proyectum.com\/cr\/capacitacion\/taller-de-inteligencia-artificial-para-project-managers\/","og_locale":"es_ES","og_type":"article","og_title":"Taller de Inteligencia Artificial para Project Managers","og_description":"Aprenda a aplicar Inteligencia Artificial en la gesti\u00f3n de proyectos. Mejore decisiones y optimice procesos con Proyectum Training Center.","og_url":"https:\/\/proyectum.com\/cr\/capacitacion\/taller-de-inteligencia-artificial-para-project-managers\/","og_site_name":"Proyectum Costa Rica","article_publisher":"https:\/\/www.facebook.com\/proyectumcr\/","article_modified_time":"2025-12-10T19:53:32+00:00","twitter_card":"summary_large_image","twitter_misc":{"Tiempo de lectura":"3 minutos"},"schema":{"@context":"https:\/\/schema.org","@graph":[{"@type":"WebPage","@id":"https:\/\/proyectum.com\/cr\/capacitacion\/taller-de-inteligencia-artificial-para-project-managers\/","url":"https:\/\/proyectum.com\/cr\/capacitacion\/taller-de-inteligencia-artificial-para-project-managers\/","name":"Taller de Inteligencia Artificial para Project Managers","isPartOf":{"@id":"https:\/\/proyectum.com\/cr\/#website"},"datePublished":"2025-03-25T17:09:56+00:00","dateModified":"2025-12-10T19:53:32+00:00","description":"Aprenda a aplicar Inteligencia Artificial en la gesti\u00f3n de proyectos. Mejore decisiones y optimice procesos con Proyectum Training Center.","breadcrumb":{"@id":"https:\/\/proyectum.com\/cr\/capacitacion\/taller-de-inteligencia-artificial-para-project-managers\/#breadcrumb"},"inLanguage":"es","potentialAction":[{"@type":"ReadAction","target":["https:\/\/proyectum.com\/cr\/capacitacion\/taller-de-inteligencia-artificial-para-project-managers\/"]}]},{"@type":"BreadcrumbList","@id":"https:\/\/proyectum.com\/cr\/capacitacion\/taller-de-inteligencia-artificial-para-project-managers\/#breadcrumb","itemListElement":[{"@type":"ListItem","position":1,"name":"Home","item":"https:\/\/proyectum.com\/cr\/"},{"@type":"ListItem","position":2,"name":"Capacitaciones","item":"https:\/\/proyectum.com\/cr\/capacitacion\/"},{"@type":"ListItem","position":3,"name":"Inteligencia Artificial para Project Managers"}]},{"@type":"WebSite","@id":"https:\/\/proyectum.com\/cr\/#website","url":"https:\/\/proyectum.com\/cr\/","name":"Proyectum Costa Rica","description":"La Agilidad Empresarial es una obligaci\u00f3n","publisher":{"@id":"https:\/\/proyectum.com\/cr\/#organization"},"potentialAction":[{"@type":"SearchAction","target":{"@type":"EntryPoint","urlTemplate":"https:\/\/proyectum.com\/cr\/?s={search_term_string}"},"query-input":{"@type":"PropertyValueSpecification","valueRequired":true,"valueName":"search_term_string"}}],"inLanguage":"es"},{"@type":"Organization","@id":"https:\/\/proyectum.com\/cr\/#organization","name":"Proyectum Costa Rica","url":"https:\/\/proyectum.com\/cr\/","logo":{"@type":"ImageObject","inLanguage":"es","@id":"https:\/\/proyectum.com\/cr\/#\/schema\/logo\/image\/","url":"https:\/\/i1.wp.com\/www.proyectum.com\/cr\/wp-content\/uploads\/proyectum-logo-snippet.png?fit=600%2C315&ssl=1","contentUrl":"https:\/\/i1.wp.com\/www.proyectum.com\/cr\/wp-content\/uploads\/proyectum-logo-snippet.png?fit=600%2C315&ssl=1","width":600,"height":315,"caption":"Proyectum Costa Rica"},"image":{"@id":"https:\/\/proyectum.com\/cr\/#\/schema\/logo\/image\/"},"sameAs":["https:\/\/www.facebook.com\/proyectumcr\/","https:\/\/www.instagram.com\/proyectumcostarica\/","https:\/\/www.linkedin.com\/company\/proyectum-costarica\/","https:\/\/www.youtube.com\/channel\/UCljouWimyhK_cNcC2jniUgw"]}]}},"jetpack_sharing_enabled":true,"_links":{"self":[{"href":"https:\/\/proyectum.com\/cr\/wp-json\/wp\/v2\/pages\/13000","targetHints":{"allow":["GET"]}}],"collection":[{"href":"https:\/\/proyectum.com\/cr\/wp-json\/wp\/v2\/pages"}],"about":[{"href":"https:\/\/proyectum.com\/cr\/wp-json\/wp\/v2\/types\/page"}],"author":[{"embeddable":true,"href":"https:\/\/proyectum.com\/cr\/wp-json\/wp\/v2\/users\/47"}],"replies":[{"embeddable":true,"href":"https:\/\/proyectum.com\/cr\/wp-json\/wp\/v2\/comments?post=13000"}],"version-history":[{"count":10,"href":"https:\/\/proyectum.com\/cr\/wp-json\/wp\/v2\/pages\/13000\/revisions"}],"predecessor-version":[{"id":13397,"href":"https:\/\/proyectum.com\/cr\/wp-json\/wp\/v2\/pages\/13000\/revisions\/13397"}],"up":[{"embeddable":true,"href":"https:\/\/proyectum.com\/cr\/wp-json\/wp\/v2\/pages\/7466"}],"wp:attachment":[{"href":"https:\/\/proyectum.com\/cr\/wp-json\/wp\/v2\/media?parent=13000"}],"curies":[{"name":"wp","href":"https:\/\/api.w.org\/{rel}","templated":true}]}}