{"id":7042,"date":"2019-02-08T14:23:03","date_gmt":"2019-02-08T20:23:03","guid":{"rendered":"https:\/\/www.proyectum.com\/cr\/?page_id=7042"},"modified":"2025-11-14T14:30:52","modified_gmt":"2025-11-14T20:30:52","slug":"consultoria-empresarial-proyectum-costa-rica","status":"publish","type":"page","link":"https:\/\/proyectum.com\/cr\/consultoria-empresarial-proyectum-costa-rica\/","title":{"rendered":"Consultoria"},"content":{"rendered":"<div class=\"wpb-content-wrapper\"><p>[vc_row full_width=\u00bbstretch_row\u00bb css=\u00bb.vc_custom_1613492219223{padding-top: 50px !important;padding-bottom: 50px !important;background-image: url(https:\/\/www.proyectum.com\/cr\/wp-content\/uploads\/2018\/09\/comunicate.png?id=6954) !important;}\u00bb][vc_column][vc_custom_heading text=\u00bbConsultor\u00eda en Gesti\u00f3n Estrat\u00e9gica de Proyectos\u00bb font_container=\u00bbtag:h1|font_size:50|text_align:left|color:%23ffffff\u00bb use_theme_fonts=\u00bbyes\u00bb][\/vc_column][\/vc_row][vc_row][vc_column width=\u00bb2\/3&#8243;][vc_separator color=\u00bbwhite\u00bb css=\u00bb.vc_custom_1732220716666{background-color: rgba(255,255,255,0.01) !important;*background-color: rgb(255,255,255) !important;border-color: #ffffff !important;}\u00bb][vc_column_text css=\u00bb\u00bb]<\/p>\n<h1><span style=\"font-size: 23px;\"><span style=\"color: #003366;\">Tu mejor aliado\u00a0para la<\/span> <span style=\"color: #ffcc00;\">direcci\u00f3n exitosa de proyectos<\/span><\/span><\/h1>\n<p>[\/vc_column_text][vc_column_text css=\u00bb\u00bb]<span class=\"OYPEnA font-feature-liga-off font-feature-clig-off font-feature-calt-off text-decoration-none text-strikethrough-none\" style=\"color: #003366; font-size: 19px;\">Nuestra misi\u00f3n es brindar valor continuo a nuestros clientes, trabajando en equipo, colaborando de manera \u00e1gil y siempre enfocados en comprender las necesidades de su entorno.<\/span>[\/vc_column_text][vc_separator color=\u00bbwhite\u00bb css=\u00bb.vc_custom_1732220716666{background-color: rgba(255,255,255,0.01) !important;*background-color: rgb(255,255,255) !important;border-color: #ffffff !important;}\u00bb][vc_separator color=\u00bbwhite\u00bb css=\u00bb.vc_custom_1732220716666{background-color: rgba(255,255,255,0.01) !important;*background-color: rgb(255,255,255) !important;border-color: #ffffff !important;}\u00bb][vc_column_text css=\u00bb\u00bb]<\/p>\n<h3><span style=\"color: #003366;\"><strong><span style=\"font-size: 20px;\">\u00bfQui\u00e9nes Somos?\u00a0<\/span><\/strong><\/span><\/h3>\n<p>[\/vc_column_text][vc_column_text css=\u00bb.vc_custom_1732221401049{padding-right: 100px !important;}\u00bb]<span style=\"font-size: 19px; color: #003366;\">Somos una firma multinacional de consultor\u00eda, capacitaci\u00f3n y formaci\u00f3n continua.\u00a0 Apoyamos a nuestros clientes a implementar su estrategia, mejorar sus resultados, procesos y pr\u00e1cticas de negocio, utilizando como base la direcci\u00f3n profesional de proyectos. Creemos en la entrega de valor continua al cliente, en el trabajo en equipo, la colaboraci\u00f3n, en la agilidad de negocios, en entender las necesidades de nuestro entorno y ponemos todo nuestro esfuerzo y conocimiento en la implementaci\u00f3n de soluciones pr\u00e1cticas para nuestros clientes. Ayudamos a nuestros clientes a ser exitosos.<\/span><\/p>\n<p>[\/vc_column_text][vc_column_text css=\u00bb\u00bb]<\/p>\n<h2 style=\"text-align: left;\"><span style=\"font-size: 20px;\"><span style=\"color: #003366;\">Nuestra Consultor\u00eda Estrat\u00e9gica<\/span><\/span><\/h2>\n<p>[\/vc_column_text][vc_column_text css=\u00bb.vc_custom_1732222091342{padding-right: 100px !important;}\u00bb]<\/p>\n<p class=\"cvGsUA direction-ltr align-center para-style-body\" style=\"text-align: left;\"><span class=\"OYPEnA font-feature-liga-off font-feature-clig-off font-feature-calt-off text-decoration-none text-strikethrough-none\" style=\"font-size: 19px; color: #003366;\">Se basa en un an\u00e1lisis profundo de empresas o departamentos para identificar oportunidades de mejora, recomendaciones personalizadas y planos de acci\u00f3n enfocados en resultados sostenibles, implementaci\u00f3n efectiva de las estrategias acordadas con los ejecutivos, asegurando el \u00e9xito a largo plazo.<\/span><\/p>\n<p class=\"cvGsUA direction-ltr align-center para-style-body\" style=\"text-align: left;\"><span class=\"OYPEnA font-feature-liga-off font-feature-clig-off font-feature-calt-off text-decoration-none text-strikethrough-none\" style=\"font-size: 19px; color: #003366;\">En Proyectum, creemos firmemente que una correcta administraci\u00f3n de proyectos es crucial para implementar cambios importantes en la organizaci\u00f3n. Utilizamos las mejores pr\u00e1cticas de gesti\u00f3n de proyectos seg\u00fan el PMI y metodolog\u00edas \u00e1giles.<\/span><\/p>\n<p>\u00a0[\/vc_column_text][\/vc_column][vc_column width=\u00bb1\/3&#8243;][vc_separator color=\u00bbwhite\u00bb css=\u00bb.vc_custom_1732220748440{background-color: #ffffff !important;border-color: #ffffff !important;}\u00bb][vc_column_text css=\u00bb\u00bb]<\/p>\n<p class=\"av-special-heading-tag\"><span style=\"color: #003366; font-size: 18px;\"><strong>Conoce nuestras soluciones de consultor\u00eda<\/strong><\/span><\/p>\n<ul>\n<li><span style=\"color: #003366; font-size: 17px;\">Coaching a ejecutivos y directores de proyectos.<\/span><\/li>\n<li><span style=\"color: #003366; font-size: 17px;\">Coaching a Oficinas de Proyectos (PMO).<\/span><\/li>\n<li><strong><span style=\"color: #0000ff;\"><a style=\"color: #0000ff;\" href=\"https:\/\/www.proyectum.cr\/consultoria-diagnostico-madurez-empresarial\/\"><span style=\"font-size: 17px;\">Diagn\u00f3stico en madurez empresarial en gesti\u00f3n de proyectos.<\/span><\/a><\/span><\/strong><\/li>\n<li><span style=\"color: #003366; font-size: 17px;\">Diagn\u00f3stico de gesti\u00f3n de Oficinas de Proyectos (PMO).<\/span><\/li>\n<li><span style=\"color: #003366; font-size: 17px;\">Implementaci\u00f3n de Oficinas de Proyectos (PMO).<\/span><\/li>\n<li><span style=\"color: #003366; font-size: 17px;\">Gesti\u00f3n de Proyectos Estrat\u00e9gicos.<\/span><\/li>\n<li><strong><span style=\"color: #0000ff;\"><a style=\"color: #0000ff;\" href=\"https:\/\/www.proyectum.cr\/consultoria-empresarial-transformacion-agil\/\"><span style=\"font-size: 17px;\">Gesti\u00f3n en Agilidad Empresarial.<\/span><\/a><\/span><\/strong><\/li>\n<li><span style=\"color: #003366; font-size: 17px;\">Gesti\u00f3n de Proyectos \u00c1giles.<\/span><\/li>\n<li><strong><span style=\"color: #0000ff;\"><a style=\"color: #0000ff;\" href=\"https:\/\/www.proyectum.cr\/consultoria-gestion-de-cambio-de-cultura-organizacional\/\"><span style=\"font-size: 17px;\">Gesti\u00f3n de cambio de cultura organizacional.<\/span><\/a><\/span><\/strong><\/li>\n<li><span style=\"color: #003366; font-size: 17px;\">Rescate de Proyectos.<\/span><\/li>\n<li><span style=\"color: #003366; font-size: 17px;\">Capacitaci\u00f3n en gesti\u00f3n de proyectos.<\/span><\/li>\n<\/ul>\n<p>[\/vc_column_text][\/vc_column][vc_column][vc_column_text css=\u00bb\u00bb]<\/p>\n<h1><span style=\"color: #003366; font-size: 21px;\"><strong><span style=\"font-size: 23px;\">Algunos de nuestros clientes:<\/span>\u00a0<\/strong><\/span><\/h1>\n<p>[\/vc_column_text][vc_row_inner][vc_column_inner width=\u00bb1\/3&#8243;][vc_images_carousel images=\u00bb9326,9325&#8243; img_size=\u00bbmedium\u00bb onclick=\u00bblink_no\u00bb speed=\u00bb1000&#8243; autoplay=\u00bbyes\u00bb hide_pagination_control=\u00bbyes\u00bb hide_prev_next_buttons=\u00bbyes\u00bb css=\u00bb\u00bb][\/vc_column_inner][vc_column_inner width=\u00bb1\/3&#8243;][vc_images_carousel images=\u00bb9323,9317&#8243; img_size=\u00bbmedium\u00bb onclick=\u00bblink_no\u00bb speed=\u00bb1000&#8243; autoplay=\u00bbyes\u00bb hide_pagination_control=\u00bbyes\u00bb hide_prev_next_buttons=\u00bbyes\u00bb css=\u00bb\u00bb][\/vc_column_inner][vc_column_inner width=\u00bb1\/3&#8243;][vc_images_carousel images=\u00bb9316,9315&#8243; img_size=\u00bbmedium\u00bb onclick=\u00bblink_no\u00bb speed=\u00bb1000&#8243; autoplay=\u00bbyes\u00bb hide_pagination_control=\u00bbyes\u00bb hide_prev_next_buttons=\u00bbyes\u00bb css=\u00bb\u00bb][\/vc_column_inner][\/vc_row_inner][vc_row_inner][vc_column_inner width=\u00bb1\/3&#8243;][vc_images_carousel images=\u00bb9313,9311&#8243; img_size=\u00bbmedium\u00bb onclick=\u00bblink_no\u00bb speed=\u00bb1000&#8243; autoplay=\u00bbyes\u00bb hide_pagination_control=\u00bbyes\u00bb hide_prev_next_buttons=\u00bbyes\u00bb css=\u00bb\u00bb][\/vc_column_inner][vc_column_inner width=\u00bb1\/3&#8243;][vc_images_carousel images=\u00bb9310,9309&#8243; img_size=\u00bbmedium\u00bb onclick=\u00bblink_no\u00bb speed=\u00bb1000&#8243; autoplay=\u00bbyes\u00bb hide_pagination_control=\u00bbyes\u00bb hide_prev_next_buttons=\u00bbyes\u00bb css=\u00bb\u00bb][\/vc_column_inner][vc_column_inner width=\u00bb1\/3&#8243;][vc_images_carousel images=\u00bb12905,12906&#8243; img_size=\u00bbmedium\u00bb onclick=\u00bblink_no\u00bb speed=\u00bb1000&#8243; autoplay=\u00bbyes\u00bb hide_pagination_control=\u00bbyes\u00bb hide_prev_next_buttons=\u00bbyes\u00bb css=\u00bb\u00bb][\/vc_column_inner][\/vc_row_inner][vc_row_inner][vc_column_inner width=\u00bb1\/3&#8243;][vc_images_carousel images=\u00bb12907,12908&#8243; img_size=\u00bbmedium\u00bb onclick=\u00bblink_no\u00bb speed=\u00bb1000&#8243; autoplay=\u00bbyes\u00bb hide_pagination_control=\u00bbyes\u00bb hide_prev_next_buttons=\u00bbyes\u00bb css=\u00bb\u00bb][\/vc_column_inner][vc_column_inner width=\u00bb1\/3&#8243;][vc_images_carousel images=\u00bb12911,12912&#8243; img_size=\u00bbmedium\u00bb onclick=\u00bblink_no\u00bb speed=\u00bb1000&#8243; autoplay=\u00bbyes\u00bb hide_pagination_control=\u00bbyes\u00bb hide_prev_next_buttons=\u00bbyes\u00bb css=\u00bb\u00bb][\/vc_column_inner][vc_column_inner width=\u00bb1\/3&#8243;][vc_images_carousel images=\u00bb12909,12910&#8243; img_size=\u00bbmedium\u00bb onclick=\u00bblink_no\u00bb speed=\u00bb1000&#8243; autoplay=\u00bbyes\u00bb hide_pagination_control=\u00bbyes\u00bb hide_prev_next_buttons=\u00bbyes\u00bb css=\u00bb\u00bb][\/vc_column_inner][\/vc_row_inner][vc_row_inner disable_element=\u00bbyes\u00bb][vc_column_inner width=\u00bb1\/3&#8243;][\/vc_column_inner][vc_images_carousel images=\u00bb12914,12915&#8243; img_size=\u00bbmedium\u00bb onclick=\u00bblink_no\u00bb speed=\u00bb1000&#8243; autoplay=\u00bbyes\u00bb hide_pagination_control=\u00bbyes\u00bb hide_prev_next_buttons=\u00bbyes\u00bb css=\u00bb\u00bb][vc_separator color=\u00bbwhite\u00bb css=\u00bb\u00bb][vc_row_inner][\/vc_row_inner][\/vc_row_inner][vc_column_inner width=\u00bb1\/3&#8243;][\/vc_column_inner][vc_column_inner width=\u00bb1\/3&#8243;][\/vc_column_inner][vc_column_inner width=\u00bb1\/3&#8243;][\/vc_column_inner][vc_column_inner width=\u00bb1\/3&#8243;][vc_separator color=\u00bbwhite\u00bb css=\u00bb\u00bb][vc_images_carousel images=\u00bb12916&#8243; img_size=\u00bbmedium\u00bb onclick=\u00bblink_no\u00bb speed=\u00bb1000&#8243; autoplay=\u00bbyes\u00bb hide_pagination_control=\u00bbyes\u00bb hide_prev_next_buttons=\u00bbyes\u00bb css=\u00bb\u00bb][\/vc_column_inner][vc_column_inner width=\u00bb1\/3&#8243;][\/vc_column_inner][vc_row_inner disable_element=\u00bbyes\u00bb][vc_column_inner width=\u00bb1\/3&#8243;][\/vc_column_inner][vc_column_inner width=\u00bb1\/3&#8243;][\/vc_column_inner][vc_column_inner width=\u00bb1\/3&#8243;][\/vc_column_inner][\/vc_row_inner][\/vc_column][\/vc_row][vc_row full_width=\u00bbstretch_row_content_no_spaces\u00bb equal_height=\u00bbyes\u00bb][vc_column el_class=\u00bbbackground-color-primary\u00bb css=\u00bb.vc_custom_1528971916644{padding-top: 60px !important;padding-bottom: 55px !important;padding-left: 15px !important;}\u00bb]<div class=\"col-half-section half-container col-fullwidth-md\">[vc_custom_heading text=\u00bbLlene el siguiente formulario, pronto un asesor experto en consultor\u00edas se pondr\u00e1 en contacto con usted\u00bb font_container=\u00bbtag:h2|text_align:left|color:%23ffffff\u00bb use_theme_fonts=\u00bbyes\u00bb css=\u00bb.vc_custom_1752461487281{margin-bottom: 0px !important;}\u00bb text_transform=\u00bbtext-uppercase\u00bb][vc_raw_html css=\u00bb\u00bb]JTNDc2NyaXB0JTIwY2hhcnNldCUzRCUyMnV0Zi04JTIyJTIwdHlwZSUzRCUyMnRleHQlMkZqYXZhc2NyaXB0JTIyJTIwc3JjJTNEJTIyJTJGJTJGanMuaHNmb3Jtcy5uZXQlMkZmb3JtcyUyRmVtYmVkJTJGdjIuanMlMjIlM0UlM0MlMkZzY3JpcHQlM0UlMEElM0NzY3JpcHQlM0UlMEElMjAlMjBoYnNwdC5mb3Jtcy5jcmVhdGUlMjglN0IlMEElMjAlMjAlMjAlMjBwb3J0YWxJZCUzQSUyMCUyMjQ5NjQ1MTg5JTIyJTJDJTBBJTIwJTIwJTIwJTIwZm9ybUlkJTNBJTIwJTIyMTUwOGU1MGYtMzI0MS00Yzc2LTkwNzctZTdiZjY3N2UyMDcwJTIyJTJDJTBBJTIwJTIwJTIwJTIwcmVnaW9uJTNBJTIwJTIybmExJTIyJTBBJTIwJTIwJTdEJTI5JTNCJTBBJTNDJTJGc2NyaXB0JTNF[\/vc_raw_html]<\/div>[\/vc_column][\/vc_row]<\/p>\n<\/div>","protected":false},"excerpt":{"rendered":"<p>[vc_row full_width=\u00bbstretch_row\u00bb css=\u00bb.vc_custom_1613492219223{padding-top: 50px !important;padding-bottom: 50px !important;background-image: url(https:\/\/www.proyectum.com\/cr\/wp-content\/uploads\/2018\/09\/comunicate.png?id=6954) !important;}\u00bb][vc_column][vc_custom_heading text=\u00bbConsultor\u00eda en Gesti\u00f3n Estrat\u00e9gica de Proyectos\u00bb font_container=\u00bbtag:h1|font_size:50|text_align:left|color:%23ffffff\u00bb use_theme_fonts=\u00bbyes\u00bb][\/vc_column][\/vc_row][vc_row][vc_column width=\u00bb2\/3&#8243;][vc_separator color=\u00bbwhite\u00bb css=\u00bb.vc_custom_1732220716666{background-color: rgba(255,255,255,0.01) !important;*background-color: rgb(255,255,255) !important;border-color: #ffffff !important;}\u00bb][vc_column_text css=\u00bb\u00bb] Tu mejor aliado\u00a0para la direcci\u00f3n exitosa de proyectos [\/vc_column_text][vc_column_text css=\u00bb\u00bb]Nuestra misi\u00f3n es brindar valor continuo a nuestros clientes, trabajando en equipo, colaborando de manera \u00e1gil y siempre enfocados [&hellip;]<\/p>\n","protected":false},"author":15,"featured_media":0,"parent":0,"menu_order":0,"comment_status":"closed","ping_status":"closed","template":"","meta":{"content-type":"","footnotes":""},"class_list":["post-7042","page","type-page","status-publish","hentry"],"acf":[],"yoast_head":"<!-- This site is optimized with the Yoast SEO plugin v27.6 - https:\/\/yoast.com\/product\/yoast-seo-wordpress\/ -->\n<title>Consultoria - Proyectum Costa Rica<\/title>\n<meta name=\"robots\" content=\"index, follow, max-snippet:-1, max-image-preview:large, max-video-preview:-1\" \/>\n<link rel=\"canonical\" href=\"https:\/\/proyectum.com\/cr\/consultoria-empresarial-proyectum-costa-rica\/\" \/>\n<meta property=\"og:locale\" content=\"es_ES\" \/>\n<meta property=\"og:type\" content=\"article\" \/>\n<meta property=\"og:title\" content=\"Consultoria - Proyectum Costa Rica\" \/>\n<meta property=\"og:description\" content=\"[vc_row full_width=\u00bbstretch_row\u00bb css=\u00bb.vc_custom_1613492219223{padding-top: 50px !important;padding-bottom: 50px !important;background-image: url(https:\/\/www.proyectum.com\/cr\/wp-content\/uploads\/2018\/09\/comunicate.png?id=6954) !important;}\u00bb][vc_column][vc_custom_heading text=\u00bbConsultor\u00eda en Gesti\u00f3n Estrat\u00e9gica de Proyectos\u00bb font_container=\u00bbtag:h1|font_size:50|text_align:left|color:%23ffffff\u00bb use_theme_fonts=\u00bbyes\u00bb][\/vc_column][\/vc_row][vc_row][vc_column width=\u00bb2\/3&#8243;][vc_separator color=\u00bbwhite\u00bb css=\u00bb.vc_custom_1732220716666{background-color: rgba(255,255,255,0.01) !important;*background-color: rgb(255,255,255) !important;border-color: #ffffff !important;}\u00bb][vc_column_text css=\u00bb\u00bb] Tu mejor aliado\u00a0para la direcci\u00f3n exitosa de proyectos [\/vc_column_text][vc_column_text css=\u00bb\u00bb]Nuestra misi\u00f3n es brindar valor continuo a nuestros clientes, trabajando en equipo, colaborando de manera \u00e1gil y siempre enfocados [&hellip;]\" \/>\n<meta property=\"og:url\" content=\"https:\/\/proyectum.com\/cr\/consultoria-empresarial-proyectum-costa-rica\/\" \/>\n<meta property=\"og:site_name\" content=\"Proyectum Costa Rica\" \/>\n<meta property=\"article:publisher\" content=\"https:\/\/www.facebook.com\/proyectumcr\/\" \/>\n<meta property=\"article:modified_time\" content=\"2025-11-14T20:30:52+00:00\" \/>\n<meta name=\"twitter:card\" content=\"summary_large_image\" \/>\n<meta name=\"twitter:label1\" content=\"Tiempo de lectura\" \/>\n\t<meta name=\"twitter:data1\" content=\"3 minutos\" \/>\n<script type=\"application\/ld+json\" class=\"yoast-schema-graph\">{\"@context\":\"https:\\\/\\\/schema.org\",\"@graph\":[{\"@type\":\"WebPage\",\"@id\":\"https:\\\/\\\/proyectum.com\\\/cr\\\/consultoria-empresarial-proyectum-costa-rica\\\/\",\"url\":\"https:\\\/\\\/proyectum.com\\\/cr\\\/consultoria-empresarial-proyectum-costa-rica\\\/\",\"name\":\"Consultoria - Proyectum Costa Rica\",\"isPartOf\":{\"@id\":\"https:\\\/\\\/proyectum.com\\\/cr\\\/#website\"},\"datePublished\":\"2019-02-08T20:23:03+00:00\",\"dateModified\":\"2025-11-14T20:30:52+00:00\",\"breadcrumb\":{\"@id\":\"https:\\\/\\\/proyectum.com\\\/cr\\\/consultoria-empresarial-proyectum-costa-rica\\\/#breadcrumb\"},\"inLanguage\":\"es\",\"potentialAction\":[{\"@type\":\"ReadAction\",\"target\":[\"https:\\\/\\\/proyectum.com\\\/cr\\\/consultoria-empresarial-proyectum-costa-rica\\\/\"]}]},{\"@type\":\"BreadcrumbList\",\"@id\":\"https:\\\/\\\/proyectum.com\\\/cr\\\/consultoria-empresarial-proyectum-costa-rica\\\/#breadcrumb\",\"itemListElement\":[{\"@type\":\"ListItem\",\"position\":1,\"name\":\"Home\",\"item\":\"https:\\\/\\\/proyectum.com\\\/cr\\\/\"},{\"@type\":\"ListItem\",\"position\":2,\"name\":\"Consultoria\"}]},{\"@type\":\"WebSite\",\"@id\":\"https:\\\/\\\/proyectum.com\\\/cr\\\/#website\",\"url\":\"https:\\\/\\\/proyectum.com\\\/cr\\\/\",\"name\":\"Proyectum Costa Rica\",\"description\":\"La Agilidad Empresarial es una obligaci\u00f3n\",\"publisher\":{\"@id\":\"https:\\\/\\\/proyectum.com\\\/cr\\\/#organization\"},\"potentialAction\":[{\"@type\":\"SearchAction\",\"target\":{\"@type\":\"EntryPoint\",\"urlTemplate\":\"https:\\\/\\\/proyectum.com\\\/cr\\\/?s={search_term_string}\"},\"query-input\":{\"@type\":\"PropertyValueSpecification\",\"valueRequired\":true,\"valueName\":\"search_term_string\"}}],\"inLanguage\":\"es\"},{\"@type\":\"Organization\",\"@id\":\"https:\\\/\\\/proyectum.com\\\/cr\\\/#organization\",\"name\":\"Proyectum Costa Rica\",\"url\":\"https:\\\/\\\/proyectum.com\\\/cr\\\/\",\"logo\":{\"@type\":\"ImageObject\",\"inLanguage\":\"es\",\"@id\":\"https:\\\/\\\/proyectum.com\\\/cr\\\/#\\\/schema\\\/logo\\\/image\\\/\",\"url\":\"https:\\\/\\\/i1.wp.com\\\/www.proyectum.com\\\/cr\\\/wp-content\\\/uploads\\\/proyectum-logo-snippet.png?fit=600%2C315&ssl=1\",\"contentUrl\":\"https:\\\/\\\/i1.wp.com\\\/www.proyectum.com\\\/cr\\\/wp-content\\\/uploads\\\/proyectum-logo-snippet.png?fit=600%2C315&ssl=1\",\"width\":600,\"height\":315,\"caption\":\"Proyectum Costa Rica\"},\"image\":{\"@id\":\"https:\\\/\\\/proyectum.com\\\/cr\\\/#\\\/schema\\\/logo\\\/image\\\/\"},\"sameAs\":[\"https:\\\/\\\/www.facebook.com\\\/proyectumcr\\\/\",\"https:\\\/\\\/www.instagram.com\\\/proyectumcostarica\\\/\",\"https:\\\/\\\/www.linkedin.com\\\/company\\\/proyectum-costarica\\\/\",\"https:\\\/\\\/www.youtube.com\\\/channel\\\/UCljouWimyhK_cNcC2jniUgw\"]}]}<\/script>\n<!-- \/ Yoast SEO plugin. -->","yoast_head_json":{"title":"Consultoria - Proyectum Costa Rica","robots":{"index":"index","follow":"follow","max-snippet":"max-snippet:-1","max-image-preview":"max-image-preview:large","max-video-preview":"max-video-preview:-1"},"canonical":"https:\/\/proyectum.com\/cr\/consultoria-empresarial-proyectum-costa-rica\/","og_locale":"es_ES","og_type":"article","og_title":"Consultoria - Proyectum Costa Rica","og_description":"[vc_row full_width=\u00bbstretch_row\u00bb css=\u00bb.vc_custom_1613492219223{padding-top: 50px !important;padding-bottom: 50px !important;background-image: url(https:\/\/www.proyectum.com\/cr\/wp-content\/uploads\/2018\/09\/comunicate.png?id=6954) !important;}\u00bb][vc_column][vc_custom_heading text=\u00bbConsultor\u00eda en Gesti\u00f3n Estrat\u00e9gica de Proyectos\u00bb font_container=\u00bbtag:h1|font_size:50|text_align:left|color:%23ffffff\u00bb use_theme_fonts=\u00bbyes\u00bb][\/vc_column][\/vc_row][vc_row][vc_column width=\u00bb2\/3&#8243;][vc_separator color=\u00bbwhite\u00bb css=\u00bb.vc_custom_1732220716666{background-color: rgba(255,255,255,0.01) !important;*background-color: rgb(255,255,255) !important;border-color: #ffffff !important;}\u00bb][vc_column_text css=\u00bb\u00bb] Tu mejor aliado\u00a0para la direcci\u00f3n exitosa de proyectos [\/vc_column_text][vc_column_text css=\u00bb\u00bb]Nuestra misi\u00f3n es brindar valor continuo a nuestros clientes, trabajando en equipo, colaborando de manera \u00e1gil y siempre enfocados [&hellip;]","og_url":"https:\/\/proyectum.com\/cr\/consultoria-empresarial-proyectum-costa-rica\/","og_site_name":"Proyectum Costa Rica","article_publisher":"https:\/\/www.facebook.com\/proyectumcr\/","article_modified_time":"2025-11-14T20:30:52+00:00","twitter_card":"summary_large_image","twitter_misc":{"Tiempo de lectura":"3 minutos"},"schema":{"@context":"https:\/\/schema.org","@graph":[{"@type":"WebPage","@id":"https:\/\/proyectum.com\/cr\/consultoria-empresarial-proyectum-costa-rica\/","url":"https:\/\/proyectum.com\/cr\/consultoria-empresarial-proyectum-costa-rica\/","name":"Consultoria - Proyectum Costa Rica","isPartOf":{"@id":"https:\/\/proyectum.com\/cr\/#website"},"datePublished":"2019-02-08T20:23:03+00:00","dateModified":"2025-11-14T20:30:52+00:00","breadcrumb":{"@id":"https:\/\/proyectum.com\/cr\/consultoria-empresarial-proyectum-costa-rica\/#breadcrumb"},"inLanguage":"es","potentialAction":[{"@type":"ReadAction","target":["https:\/\/proyectum.com\/cr\/consultoria-empresarial-proyectum-costa-rica\/"]}]},{"@type":"BreadcrumbList","@id":"https:\/\/proyectum.com\/cr\/consultoria-empresarial-proyectum-costa-rica\/#breadcrumb","itemListElement":[{"@type":"ListItem","position":1,"name":"Home","item":"https:\/\/proyectum.com\/cr\/"},{"@type":"ListItem","position":2,"name":"Consultoria"}]},{"@type":"WebSite","@id":"https:\/\/proyectum.com\/cr\/#website","url":"https:\/\/proyectum.com\/cr\/","name":"Proyectum Costa Rica","description":"La Agilidad Empresarial es una obligaci\u00f3n","publisher":{"@id":"https:\/\/proyectum.com\/cr\/#organization"},"potentialAction":[{"@type":"SearchAction","target":{"@type":"EntryPoint","urlTemplate":"https:\/\/proyectum.com\/cr\/?s={search_term_string}"},"query-input":{"@type":"PropertyValueSpecification","valueRequired":true,"valueName":"search_term_string"}}],"inLanguage":"es"},{"@type":"Organization","@id":"https:\/\/proyectum.com\/cr\/#organization","name":"Proyectum Costa Rica","url":"https:\/\/proyectum.com\/cr\/","logo":{"@type":"ImageObject","inLanguage":"es","@id":"https:\/\/proyectum.com\/cr\/#\/schema\/logo\/image\/","url":"https:\/\/i1.wp.com\/www.proyectum.com\/cr\/wp-content\/uploads\/proyectum-logo-snippet.png?fit=600%2C315&ssl=1","contentUrl":"https:\/\/i1.wp.com\/www.proyectum.com\/cr\/wp-content\/uploads\/proyectum-logo-snippet.png?fit=600%2C315&ssl=1","width":600,"height":315,"caption":"Proyectum Costa Rica"},"image":{"@id":"https:\/\/proyectum.com\/cr\/#\/schema\/logo\/image\/"},"sameAs":["https:\/\/www.facebook.com\/proyectumcr\/","https:\/\/www.instagram.com\/proyectumcostarica\/","https:\/\/www.linkedin.com\/company\/proyectum-costarica\/","https:\/\/www.youtube.com\/channel\/UCljouWimyhK_cNcC2jniUgw"]}]}},"jetpack_sharing_enabled":true,"_links":{"self":[{"href":"https:\/\/proyectum.com\/cr\/wp-json\/wp\/v2\/pages\/7042","targetHints":{"allow":["GET"]}}],"collection":[{"href":"https:\/\/proyectum.com\/cr\/wp-json\/wp\/v2\/pages"}],"about":[{"href":"https:\/\/proyectum.com\/cr\/wp-json\/wp\/v2\/types\/page"}],"author":[{"embeddable":true,"href":"https:\/\/proyectum.com\/cr\/wp-json\/wp\/v2\/users\/15"}],"replies":[{"embeddable":true,"href":"https:\/\/proyectum.com\/cr\/wp-json\/wp\/v2\/comments?post=7042"}],"version-history":[{"count":36,"href":"https:\/\/proyectum.com\/cr\/wp-json\/wp\/v2\/pages\/7042\/revisions"}],"predecessor-version":[{"id":13355,"href":"https:\/\/proyectum.com\/cr\/wp-json\/wp\/v2\/pages\/7042\/revisions\/13355"}],"wp:attachment":[{"href":"https:\/\/proyectum.com\/cr\/wp-json\/wp\/v2\/media?parent=7042"}],"curies":[{"name":"wp","href":"https:\/\/api.w.org\/{rel}","templated":true}]}}