{"id":7046,"date":"2019-02-08T15:07:12","date_gmt":"2019-02-08T21:07:12","guid":{"rendered":"https:\/\/www.proyectum.com\/do\/?page_id=7046"},"modified":"2020-11-24T15:36:18","modified_gmt":"2020-11-24T21:36:18","slug":"certificados","status":"publish","type":"page","link":"https:\/\/proyectum.com\/do\/certificados\/","title":{"rendered":"+800 certificados PMP y CAPM"},"content":{"rendered":"<div class=\"wpb-content-wrapper\"><p>[vc_row][vc_column][vc_custom_heading text=\u00bbSomos la empresa que a m\u00e1s personas ha ayudado a certificarse como CAPM y PMP en todo Centroam\u00e9rica y el Caribe, a continuaci\u00f3n podr\u00e1 ver algunos de estos certificados.\u00bb font_container=\u00bbtag:h2|text_align:center\u00bb use_theme_fonts=\u00bbyes\u00bb skin=\u00bbprimary\u00bb show_border=\u00bbyes\u00bb border_skin=\u00bbsecondary\u00bb][vc_custom_heading text=\u00bbYA SON MAS DE 800 CERTIFICADOS PMP Y CAPM!\u00bb font_container=\u00bbtag:h2|text_align:center|color:%23dd3333&#8243; use_theme_fonts=\u00bbyes\u00bb css_animation=\u00bbbounceIn\u00bb show_border=\u00bbyes\u00bb][\/vc_column][\/vc_row][vc_row][vc_column width=\u00bb1\/2&#8243;][vc_custom_heading text=\u00bbCERTIFICADOS\u00bb][\/vc_column][vc_column width=\u00bb1\/2&#8243;][\/vc_column][\/vc_row][vc_row][vc_column][vc_images_carousel images=\u00bb7260,7261,7262&#8243; img_size=\u00bb1200&#215;1200&#8243; slides_per_view=\u00bb3&#8243; hide_pagination_control=\u00bbyes\u00bb hide_prev_next_buttons=\u00bbyes\u00bb][\/vc_column][\/vc_row][vc_row][vc_column text_align=\u00bbcenter\u00bb][vc_images_carousel images=\u00bb7211,7212,7222&#8243; img_size=\u00bb1200&#215;1200&#8243; slides_per_view=\u00bb3&#8243; hide_pagination_control=\u00bbyes\u00bb hide_prev_next_buttons=\u00bbyes\u00bb][vc_images_carousel images=\u00bb7225,7224,7223&#8243; img_size=\u00bb1200&#215;1200&#8243; slides_per_view=\u00bb3&#8243; hide_pagination_control=\u00bbyes\u00bb hide_prev_next_buttons=\u00bbyes\u00bb][vc_images_carousel images=\u00bb7208,7209,7210&#8243; img_size=\u00bb1200&#215;1200&#8243; slides_per_view=\u00bb3&#8243; hide_pagination_control=\u00bbyes\u00bb hide_prev_next_buttons=\u00bbyes\u00bb][vc_images_carousel images=\u00bb7181,7180,7179&#8243; img_size=\u00bb1200&#215;1200&#8243; slides_per_view=\u00bb3&#8243;][vc_images_carousel images=\u00bb7169,7170,7171&#8243; img_size=\u00bb1200&#215;1200&#8243; slides_per_view=\u00bb3&#8243; hide_pagination_control=\u00bbyes\u00bb hide_prev_next_buttons=\u00bbyes\u00bb][vc_images_carousel images=\u00bb7109,7108,7107&#8243; img_size=\u00bb1200&#215;1200&#8243; slides_per_view=\u00bb3&#8243; hide_pagination_control=\u00bbyes\u00bb hide_prev_next_buttons=\u00bbyes\u00bb css_animation=\u00bbnone\u00bb][vc_images_carousel images=\u00bb7112,7111,7110&#8243; img_size=\u00bb1200&#215;1200&#8243; slides_per_view=\u00bb3&#8243; hide_pagination_control=\u00bbyes\u00bb hide_prev_next_buttons=\u00bbyes\u00bb][vc_images_carousel images=\u00bb7113,7114,7117&#8243; img_size=\u00bb1200&#215;1200&#8243; slides_per_view=\u00bb3&#8243; hide_pagination_control=\u00bbyes\u00bb hide_prev_next_buttons=\u00bbyes\u00bb][vc_images_carousel images=\u00bb7136,7137,7138&#8243; img_size=\u00bb1200&#215;1200&#8243; slides_per_view=\u00bb3&#8243; hide_pagination_control=\u00bbyes\u00bb hide_prev_next_buttons=\u00bbyes\u00bb][vc_images_carousel images=\u00bb7150,7151,7135&#8243; img_size=\u00bb1200&#215;1200&#8243; slides_per_view=\u00bb3&#8243; hide_pagination_control=\u00bbyes\u00bb hide_prev_next_buttons=\u00bbyes\u00bb][vc_images_carousel images=\u00bb7147,7148,7168&#8243; img_size=\u00bb1200&#215;1200&#8243; slides_per_view=\u00bb3&#8243; hide_pagination_control=\u00bbyes\u00bb hide_prev_next_buttons=\u00bbyes\u00bb][vc_images_carousel images=\u00bb7144,7145,7146&#8243; img_size=\u00bb1200&#215;1200&#8243; slides_per_view=\u00bb3&#8243; hide_pagination_control=\u00bbyes\u00bb hide_prev_next_buttons=\u00bbyes\u00bb][vc_images_carousel images=\u00bb7141,7143,7147,7167&#8243; img_size=\u00bb1200&#215;1200&#8243; slides_per_view=\u00bb3&#8243; hide_pagination_control=\u00bbyes\u00bb hide_prev_next_buttons=\u00bbyes\u00bb][vc_images_carousel images=\u00bb7131,7132,7134&#8243; img_size=\u00bb1200&#215;1200&#8243; slides_per_view=\u00bb3&#8243; hide_pagination_control=\u00bbyes\u00bb hide_prev_next_buttons=\u00bbyes\u00bb][vc_images_carousel images=\u00bb7128,7129,7130&#8243; img_size=\u00bb1200&#215;1200&#8243; slides_per_view=\u00bb3&#8243; hide_pagination_control=\u00bbyes\u00bb][vc_images_carousel images=\u00bb7124,7125,7126&#8243; img_size=\u00bb1200&#215;1200&#8243; slides_per_view=\u00bb3&#8243; hide_pagination_control=\u00bbyes\u00bb hide_prev_next_buttons=\u00bbyes\u00bb][vc_images_carousel images=\u00bb7121,7122,7123&#8243; img_size=\u00bb1200&#215;1200&#8243; slides_per_view=\u00bb3&#8243; hide_pagination_control=\u00bbyes\u00bb hide_prev_next_buttons=\u00bbyes\u00bb][vc_images_carousel images=\u00bb7118,7119,7120&#8243; img_size=\u00bb1200&#215;1200&#8243; slides_per_view=\u00bb3&#8243; hide_pagination_control=\u00bbyes\u00bb hide_prev_next_buttons=\u00bbyes\u00bb][\/vc_column][\/vc_row][vc_row full_width=\u00bbstretch_row_content_no_spaces\u00bb equal_height=\u00bbyes\u00bb][vc_column el_class=\u00bbbackground-color-primary\u00bb css=\u00bb.vc_custom_1528971916644{padding-top: 60px !important;padding-bottom: 55px !important;padding-left: 15px !important;}\u00bb]<div class=\"porto-container container\">[vc_custom_heading text=\u00bb\u00bfQuieres m\u00e1s informaci\u00f3n sobre el taller de Certificados?\u00bb font_container=\u00bbtag:h2|text_align:left|color:%23ffffff\u00bb use_theme_fonts=\u00bbyes\u00bb text_transform=\u00bbtext-uppercase\u00bb css=\u00bb.vc_custom_1581085398004{margin-bottom: 0px !important;}\u00bb][vc_column_text el_class=\u00bbtext-color-dark m-b-md\u00bb]<span style=\"font-size: 16px; color: #c6d4ee;\">D\u00e9janos tus datos para que te llamemos<\/span>[\/vc_column_text]\n<div class=\"wpcf7 no-js\" id=\"wpcf7-f7483-o1\" lang=\"es-ES\" dir=\"ltr\">\n<div class=\"screen-reader-response\"><p role=\"status\" aria-live=\"polite\" aria-atomic=\"true\"><\/p> <ul><\/ul><\/div>\n<form action=\"\/do\/wp-json\/wp\/v2\/pages\/7046#wpcf7-f7483-o1\" method=\"post\" class=\"wpcf7-form init\" aria-label=\"Formulario de contacto\" novalidate=\"novalidate\" data-status=\"init\">\n<div style=\"display: none;\">\n<input type=\"hidden\" name=\"_wpcf7\" value=\"7483\" \/>\n<input type=\"hidden\" name=\"_wpcf7_version\" value=\"5.9.8\" \/>\n<input type=\"hidden\" name=\"_wpcf7_locale\" value=\"es_ES\" \/>\n<input type=\"hidden\" name=\"_wpcf7_unit_tag\" value=\"wpcf7-f7483-o1\" \/>\n<input type=\"hidden\" name=\"_wpcf7_container_post\" value=\"0\" \/>\n<input type=\"hidden\" name=\"_wpcf7_posted_data_hash\" value=\"\" \/>\n<\/div>\n<div style=\"display:none\"><span class=\"wpcf7-form-control-wrap\" data-name=\"donde\"><input size=\"40\" maxlength=\"400\" class=\"wpcf7-form-control wpcf7-text custom-contact-input donde\" aria-invalid=\"false\" value=\"\" type=\"text\" name=\"donde\" \/><\/span><\/div>\n<div class=\"row\">\n    <div class=\"col-lg-6\">\n        <i class=\"Simple-Line-Icons-user text-color-light\"><\/i><span class=\"wpcf7-form-control-wrap\" data-name=\"your-name\"><input size=\"40\" maxlength=\"400\" class=\"wpcf7-form-control wpcf7-text wpcf7-validates-as-required custom-contact-input\" aria-required=\"true\" aria-invalid=\"false\" placeholder=\"Nombre *\" value=\"\" type=\"text\" name=\"your-name\" \/><\/span>\n    <\/div>\n    <div class=\"col-lg-6\">\n        <i class=\"Simple-Line-Icons-envelope text-color-light\"><\/i><span class=\"wpcf7-form-control-wrap\" data-name=\"your-email\"><input size=\"40\" maxlength=\"400\" class=\"wpcf7-form-control wpcf7-email wpcf7-validates-as-required wpcf7-text wpcf7-validates-as-email custom-contact-input\" aria-required=\"true\" aria-invalid=\"false\" placeholder=\"Email *\" value=\"\" type=\"email\" name=\"your-email\" \/><\/span>\n    <\/div>\n<\/div>\n<div class=\"row\">\n    <div class=\"col-lg-6\">\n        <i class=\"Simple-Line-Icons-call-out icons text-color-light\"><\/i><span class=\"wpcf7-form-control-wrap\" data-name=\"your-phone\"><input size=\"40\" maxlength=\"400\" class=\"wpcf7-form-control wpcf7-text custom-contact-input\" aria-invalid=\"false\" placeholder=\"Tel\u00e9fono\" value=\"\" type=\"text\" name=\"your-phone\" \/><\/span>\n    <\/div>\n<\/div>\n<div class=\"row\">\n    <div class=\"col-md-12\">\n        <div class=\"row\">\n            <div class=\"text-left text-checkbox\"><span class=\"wpcf7-form-control-wrap\" data-name=\"resumen\"><span class=\"wpcf7-form-control wpcf7-acceptance optional\"><span class=\"wpcf7-list-item\"><label><input type=\"checkbox\" name=\"resumen\" value=\"1\" aria-invalid=\"false\" \/><span class=\"wpcf7-list-item-label\">Deseo recibir los res\u00famenes de libros<\/span><\/label><\/span><\/span><\/span><\/div>\n            <div class=\"text-left text-checkbox\"><span class=\"wpcf7-form-control-wrap\" data-name=\"webinars\"><span class=\"wpcf7-form-control wpcf7-acceptance optional\"><span class=\"wpcf7-list-item\"><label><input type=\"checkbox\" name=\"webinars\" value=\"1\" aria-invalid=\"false\" \/><span class=\"wpcf7-list-item-label\">Deseo recibir invitaciones a webinars<\/span><\/label><\/span><\/span><\/span><\/div>\n            <div class=\"text-left text-checkbox\"><span class=\"wpcf7-form-control-wrap\" data-name=\"boletin\"><span class=\"wpcf7-form-control wpcf7-acceptance optional\"><span class=\"wpcf7-list-item\"><label><input type=\"checkbox\" name=\"boletin\" value=\"1\" aria-invalid=\"false\" \/><span class=\"wpcf7-list-item-label\">Deseo recibir el bolet\u00edn quincenal<\/span><\/label><\/span><\/span><\/span><\/div>\n        <\/div>\n    <\/div>\n<\/div>\n<div class=\"row center\">\n    <div class=\"col-lg-12\"><input class=\"wpcf7-form-control wpcf7-submit has-spinner custom-btn-style-4\" type=\"submit\" value=\"ENVIAR\" \/><\/div>\n<\/div>\n\n<style>\n.text-checkbox{\ndisplay:block !important;\nwidth: 100%;\ncolor: #fff;\n}\n.wpcf7-form > .row > *{ margin-bottom: 25px; }\n.wpcf7-form i{ position: absolute; top: 10px; }\n.wpcf7-form-control.custom-contact-input {\n    width: 100%;\n    background: none;\n    border: 0px;\n    border-bottom: 1px solid rgba(255, 255, 255, 0.2);\n    box-shadow: none;\n    padding: 10px 10px 10px 30px;\n    color: #fff;\n    -webkit-appearance: none;\n    -moz-appearance: none;\n    -ms-appearance: none;\n    -o-appearance: none;\n    appearance: none;\n}\n.custom-select-style:after {\n    content: '';\n    display: block;\n    position: absolute;\n    top: 50%;\n    right: 25px;\n    width: 10px;\n    height: 10px;\n    border-right: 1px solid #c8d4ea;\n    border-bottom: 1px solid #c8d4ea;\n    z-index: 0;\n    -webkit-transform: translateY(-50%) rotate(45deg);\n    -moz-transform: translateY(-50%) rotate(45deg);\n    -ms-transform: translateY(-50%) rotate(45deg);\n    -o-transform: translateY(-50%) rotate(45deg);\n    transform: translateY(-50%) rotate(45deg);\n}\nselect.custom-contact-input option { color: #818898; }\n.wpcf7-submit.custom-btn-style-4 {\n    background: transparent !important;\n    color: #FFF;\n    font-weight: 900 !important;\n    border: 2px solid #fff !important;\n    padding: 10px 20px !important;\n    font-size: 14px;\n    border-radius: 0px !important;\n}\n.wpcf7-submit.custom-btn-style-4:hover {\n    background: #FFF !important;\n    color: #6a80a9 !important;\n}\n::-webkit-input-placeholder { color: #c8d4ea; }\n::-moz-placeholder { color: #c8d4ea; }\n:-ms-input-placeholder { color: #c8d4ea; }\n:-moz-placeholder{ color: #c8d4ea; }\n@media(max-width: 991px){\n\t.wpcf7-form > .row > *{ margin-bottom: 15px; }\n\t.wpcf7-form .row.center{ margin-top: 10px; }\n}\n<\/style><div class=\"wpcf7-response-output\" aria-hidden=\"true\"><\/div>\n<\/form>\n<\/div>\n<\/div>[\/vc_column][\/vc_row]<\/p>\n<\/div>","protected":false},"excerpt":{"rendered":"<p>[vc_row][vc_column][vc_custom_heading text=\u00bbSomos la empresa que a m\u00e1s personas ha ayudado a certificarse como CAPM y PMP en todo Centroam\u00e9rica y el Caribe, a continuaci\u00f3n podr\u00e1 ver algunos de estos certificados.\u00bb font_container=\u00bbtag:h2|text_align:center\u00bb use_theme_fonts=\u00bbyes\u00bb skin=\u00bbprimary\u00bb show_border=\u00bbyes\u00bb border_skin=\u00bbsecondary\u00bb][vc_custom_heading text=\u00bbYA SON MAS DE 800 CERTIFICADOS PMP Y CAPM!\u00bb font_container=\u00bbtag:h2|text_align:center|color:%23dd3333&#8243; use_theme_fonts=\u00bbyes\u00bb css_animation=\u00bbbounceIn\u00bb show_border=\u00bbyes\u00bb][\/vc_column][\/vc_row][vc_row][vc_column width=\u00bb1\/2&#8243;][vc_custom_heading text=\u00bbCERTIFICADOS\u00bb][\/vc_column][vc_column width=\u00bb1\/2&#8243;][\/vc_column][\/vc_row][vc_row][vc_column][vc_images_carousel images=\u00bb7260,7261,7262&#8243; img_size=\u00bb1200&#215;1200&#8243; slides_per_view=\u00bb3&#8243; hide_pagination_control=\u00bbyes\u00bb [&hellip;]<\/p>\n","protected":false},"author":15,"featured_media":0,"parent":0,"menu_order":0,"comment_status":"closed","ping_status":"closed","template":"","meta":{"content-type":"","footnotes":""},"acf":[],"yoast_head":"<!-- This site is optimized with the Yoast SEO plugin v24.5 - https:\/\/yoast.com\/wordpress\/plugins\/seo\/ -->\n<title>+800 certificados PMP y CAPM - Proyectum Dominicana<\/title>\n<meta name=\"robots\" content=\"index, follow, max-snippet:-1, max-image-preview:large, max-video-preview:-1\" \/>\n<link rel=\"canonical\" href=\"https:\/\/proyectum.com\/do\/certificados\/\" \/>\n<meta property=\"og:locale\" content=\"es_ES\" \/>\n<meta property=\"og:type\" content=\"article\" \/>\n<meta property=\"og:title\" content=\"+800 certificados PMP y CAPM - Proyectum Dominicana\" \/>\n<meta property=\"og:description\" content=\"[vc_row][vc_column][vc_custom_heading text=\u00bbSomos la empresa que a m\u00e1s personas ha ayudado a certificarse como CAPM y PMP en todo Centroam\u00e9rica y el Caribe, a continuaci\u00f3n podr\u00e1 ver algunos de estos certificados.\u00bb font_container=\u00bbtag:h2|text_align:center\u00bb use_theme_fonts=\u00bbyes\u00bb skin=\u00bbprimary\u00bb show_border=\u00bbyes\u00bb border_skin=\u00bbsecondary\u00bb][vc_custom_heading text=\u00bbYA SON MAS DE 800 CERTIFICADOS PMP Y CAPM!\u00bb font_container=\u00bbtag:h2|text_align:center|color:%23dd3333&#8243; use_theme_fonts=\u00bbyes\u00bb css_animation=\u00bbbounceIn\u00bb show_border=\u00bbyes\u00bb][\/vc_column][\/vc_row][vc_row][vc_column width=\u00bb1\/2&#8243;][vc_custom_heading text=\u00bbCERTIFICADOS\u00bb][\/vc_column][vc_column width=\u00bb1\/2&#8243;][\/vc_column][\/vc_row][vc_row][vc_column][vc_images_carousel images=\u00bb7260,7261,7262&#8243; img_size=\u00bb1200&#215;1200&#8243; slides_per_view=\u00bb3&#8243; hide_pagination_control=\u00bbyes\u00bb [&hellip;]\" \/>\n<meta property=\"og:url\" content=\"https:\/\/proyectum.com\/do\/certificados\/\" \/>\n<meta property=\"og:site_name\" content=\"Proyectum Dominicana\" \/>\n<meta property=\"article:publisher\" content=\"https:\/\/www.facebook.com\/proyectumcr\/\" \/>\n<meta property=\"article:modified_time\" content=\"2020-11-24T21:36:18+00:00\" \/>\n<meta name=\"twitter:card\" content=\"summary_large_image\" \/>\n<meta name=\"twitter:label1\" content=\"Tiempo de lectura\" \/>\n\t<meta name=\"twitter:data1\" content=\"3 minutos\" \/>\n<script type=\"application\/ld+json\" class=\"yoast-schema-graph\">{\"@context\":\"https:\/\/schema.org\",\"@graph\":[{\"@type\":\"WebPage\",\"@id\":\"https:\/\/proyectum.com\/do\/certificados\/\",\"url\":\"https:\/\/proyectum.com\/do\/certificados\/\",\"name\":\"+800 certificados PMP y CAPM - Proyectum Dominicana\",\"isPartOf\":{\"@id\":\"\/#website\"},\"datePublished\":\"2019-02-08T21:07:12+00:00\",\"dateModified\":\"2020-11-24T21:36:18+00:00\",\"breadcrumb\":{\"@id\":\"https:\/\/proyectum.com\/do\/certificados\/#breadcrumb\"},\"inLanguage\":\"es\",\"potentialAction\":[{\"@type\":\"ReadAction\",\"target\":[\"https:\/\/proyectum.com\/do\/certificados\/\"]}]},{\"@type\":\"BreadcrumbList\",\"@id\":\"https:\/\/proyectum.com\/do\/certificados\/#breadcrumb\",\"itemListElement\":[{\"@type\":\"ListItem\",\"position\":1,\"name\":\"Home\",\"item\":\"https:\/\/proyectum.com\/do\/\"},{\"@type\":\"ListItem\",\"position\":2,\"name\":\"+800 certificados PMP y CAPM\"}]},{\"@type\":\"WebSite\",\"@id\":\"\/#website\",\"url\":\"\/\",\"name\":\"Proyectum Dominicana\",\"description\":\"La Agilidad Empresarial es una obligaci\u00f3n\",\"publisher\":{\"@id\":\"\/#organization\"},\"potentialAction\":[{\"@type\":\"SearchAction\",\"target\":{\"@type\":\"EntryPoint\",\"urlTemplate\":\"\/?s={search_term_string}\"},\"query-input\":{\"@type\":\"PropertyValueSpecification\",\"valueRequired\":true,\"valueName\":\"search_term_string\"}}],\"inLanguage\":\"es\"},{\"@type\":\"Organization\",\"@id\":\"\/#organization\",\"name\":\"Proyectum Dominicana\",\"url\":\"\/\",\"logo\":{\"@type\":\"ImageObject\",\"inLanguage\":\"es\",\"@id\":\"\/#\/schema\/logo\/image\/\",\"url\":\"https:\/\/i1.wp.com\/www.proyectum.com\/cr\/wp-content\/uploads\/proyectum-logo-snippet.png?fit=600%2C315&ssl=1\",\"contentUrl\":\"https:\/\/i1.wp.com\/www.proyectum.com\/cr\/wp-content\/uploads\/proyectum-logo-snippet.png?fit=600%2C315&ssl=1\",\"width\":600,\"height\":315,\"caption\":\"Proyectum Dominicana\"},\"image\":{\"@id\":\"\/#\/schema\/logo\/image\/\"},\"sameAs\":[\"https:\/\/www.facebook.com\/proyectumcr\/\",\"https:\/\/www.instagram.com\/proyectumcostarica\/\",\"https:\/\/www.linkedin.com\/company\/proyectum-costarica\/\",\"https:\/\/www.youtube.com\/channel\/UCljouWimyhK_cNcC2jniUgw\"]}]}<\/script>\n<!-- \/ Yoast SEO plugin. -->","yoast_head_json":{"title":"+800 certificados PMP y CAPM - Proyectum Dominicana","robots":{"index":"index","follow":"follow","max-snippet":"max-snippet:-1","max-image-preview":"max-image-preview:large","max-video-preview":"max-video-preview:-1"},"canonical":"https:\/\/proyectum.com\/do\/certificados\/","og_locale":"es_ES","og_type":"article","og_title":"+800 certificados PMP y CAPM - Proyectum Dominicana","og_description":"[vc_row][vc_column][vc_custom_heading text=\u00bbSomos la empresa que a m\u00e1s personas ha ayudado a certificarse como CAPM y PMP en todo Centroam\u00e9rica y el Caribe, a continuaci\u00f3n podr\u00e1 ver algunos de estos certificados.\u00bb font_container=\u00bbtag:h2|text_align:center\u00bb use_theme_fonts=\u00bbyes\u00bb skin=\u00bbprimary\u00bb show_border=\u00bbyes\u00bb border_skin=\u00bbsecondary\u00bb][vc_custom_heading text=\u00bbYA SON MAS DE 800 CERTIFICADOS PMP Y CAPM!\u00bb font_container=\u00bbtag:h2|text_align:center|color:%23dd3333&#8243; use_theme_fonts=\u00bbyes\u00bb css_animation=\u00bbbounceIn\u00bb show_border=\u00bbyes\u00bb][\/vc_column][\/vc_row][vc_row][vc_column width=\u00bb1\/2&#8243;][vc_custom_heading text=\u00bbCERTIFICADOS\u00bb][\/vc_column][vc_column width=\u00bb1\/2&#8243;][\/vc_column][\/vc_row][vc_row][vc_column][vc_images_carousel images=\u00bb7260,7261,7262&#8243; img_size=\u00bb1200&#215;1200&#8243; slides_per_view=\u00bb3&#8243; hide_pagination_control=\u00bbyes\u00bb [&hellip;]","og_url":"https:\/\/proyectum.com\/do\/certificados\/","og_site_name":"Proyectum Dominicana","article_publisher":"https:\/\/www.facebook.com\/proyectumcr\/","article_modified_time":"2020-11-24T21:36:18+00:00","twitter_card":"summary_large_image","twitter_misc":{"Tiempo de lectura":"3 minutos"},"schema":{"@context":"https:\/\/schema.org","@graph":[{"@type":"WebPage","@id":"https:\/\/proyectum.com\/do\/certificados\/","url":"https:\/\/proyectum.com\/do\/certificados\/","name":"+800 certificados PMP y CAPM - Proyectum Dominicana","isPartOf":{"@id":"\/#website"},"datePublished":"2019-02-08T21:07:12+00:00","dateModified":"2020-11-24T21:36:18+00:00","breadcrumb":{"@id":"https:\/\/proyectum.com\/do\/certificados\/#breadcrumb"},"inLanguage":"es","potentialAction":[{"@type":"ReadAction","target":["https:\/\/proyectum.com\/do\/certificados\/"]}]},{"@type":"BreadcrumbList","@id":"https:\/\/proyectum.com\/do\/certificados\/#breadcrumb","itemListElement":[{"@type":"ListItem","position":1,"name":"Home","item":"https:\/\/proyectum.com\/do\/"},{"@type":"ListItem","position":2,"name":"+800 certificados PMP y CAPM"}]},{"@type":"WebSite","@id":"\/#website","url":"\/","name":"Proyectum Dominicana","description":"La Agilidad Empresarial es una obligaci\u00f3n","publisher":{"@id":"\/#organization"},"potentialAction":[{"@type":"SearchAction","target":{"@type":"EntryPoint","urlTemplate":"\/?s={search_term_string}"},"query-input":{"@type":"PropertyValueSpecification","valueRequired":true,"valueName":"search_term_string"}}],"inLanguage":"es"},{"@type":"Organization","@id":"\/#organization","name":"Proyectum Dominicana","url":"\/","logo":{"@type":"ImageObject","inLanguage":"es","@id":"\/#\/schema\/logo\/image\/","url":"https:\/\/i1.wp.com\/www.proyectum.com\/cr\/wp-content\/uploads\/proyectum-logo-snippet.png?fit=600%2C315&ssl=1","contentUrl":"https:\/\/i1.wp.com\/www.proyectum.com\/cr\/wp-content\/uploads\/proyectum-logo-snippet.png?fit=600%2C315&ssl=1","width":600,"height":315,"caption":"Proyectum Dominicana"},"image":{"@id":"\/#\/schema\/logo\/image\/"},"sameAs":["https:\/\/www.facebook.com\/proyectumcr\/","https:\/\/www.instagram.com\/proyectumcostarica\/","https:\/\/www.linkedin.com\/company\/proyectum-costarica\/","https:\/\/www.youtube.com\/channel\/UCljouWimyhK_cNcC2jniUgw"]}]}},"jetpack_sharing_enabled":true,"_links":{"self":[{"href":"https:\/\/proyectum.com\/do\/wp-json\/wp\/v2\/pages\/7046"}],"collection":[{"href":"https:\/\/proyectum.com\/do\/wp-json\/wp\/v2\/pages"}],"about":[{"href":"https:\/\/proyectum.com\/do\/wp-json\/wp\/v2\/types\/page"}],"author":[{"embeddable":true,"href":"https:\/\/proyectum.com\/do\/wp-json\/wp\/v2\/users\/15"}],"replies":[{"embeddable":true,"href":"https:\/\/proyectum.com\/do\/wp-json\/wp\/v2\/comments?post=7046"}],"version-history":[{"count":7,"href":"https:\/\/proyectum.com\/do\/wp-json\/wp\/v2\/pages\/7046\/revisions"}],"predecessor-version":[{"id":9962,"href":"https:\/\/proyectum.com\/do\/wp-json\/wp\/v2\/pages\/7046\/revisions\/9962"}],"wp:attachment":[{"href":"https:\/\/proyectum.com\/do\/wp-json\/wp\/v2\/media?parent=7046"}],"curies":[{"name":"wp","href":"https:\/\/api.w.org\/{rel}","templated":true}]}}