{"id":6889,"date":"2018-09-12T18:13:08","date_gmt":"2018-09-12T21:13:08","guid":{"rendered":"https:\/\/www.proyectumglobal.cl\/?page_id=6889"},"modified":"2021-05-01T20:37:17","modified_gmt":"2021-05-02T01:37:17","slug":"capacitacion","status":"publish","type":"page","link":"https:\/\/proyectum.com\/ec\/capacitacion\/","title":{"rendered":"Capacitaci\u00f3n"},"content":{"rendered":"<div class=\"wpb-content-wrapper\"><p>[vc_row full_width=\u00bbstretch_row\u00bb css=\u00bb.vc_custom_1538087693828{padding-top: 128px !important;padding-bottom: 128px !important;background-image: url(https:\/\/www.proyectum.com\/cl\/wp-content\/uploads\/2018\/09\/capacitacion-banner.png?id=6991) !important;background-position: center !important;background-repeat: no-repeat !important;background-size: cover !important;}\u00bb el_class=\u00bbbg-degrade-header-alt\u00bb][vc_column][vc_custom_heading text=\u00bbCAPACITACI\u00d3N\u00bb font_container=\u00bbtag:h1|text_align:center|color:%23ffffff\u00bb use_theme_fonts=\u00bbyes\u00bb css=\u00bb.vc_custom_1538061448110{margin-bottom: 0px !important;}\u00bb][\/vc_column][\/vc_row][vc_row css=\u00bb.vc_custom_1488777218947{padding-top: 25px !important;padding-bottom: 60px !important;}\u00bb][vc_column width=\u00bb2\/3&#8243;][vc_column_text]<strong>Proyectum<\/strong> ha desarrollado un amplio portafolio de cursos, que nos permite satisfacer una amplia gama de necesidades, desde cursos introductorios hasta cursos avanzados y especializados. Todos nuestros cursos complementan las exposiciones conceptuales con ejercicios y casos de estudio que permiten poner en pr\u00e1ctica los conocimientos<\/p>\n<p>Gracias a la presencia global de Proyectum, nuestro cursos son impartidos varias veces alrededor del mundo, lo que nos permite enriquecerlos con la experiencia de nuestros instructores y con los comentarios de nuestros participantes, que provienen de pr\u00e1cticamente todas las industrias y de todos los sectores productivos.<\/p>\n<p>Nuestros instructores cuentan con una vasta experiencia de campo, adem\u00e1s de excelentes habilidades de ense\u00f1anza, lo que hace de todos nuestros talleres una verdadera experiencia de aprendizaje.<\/p>\n<p>Somos un orgulloso Authorized Training Partner ATP por el Project Management Institute, por lo que todos nuestros programas de capacitaci\u00f3n otorgan Unidades de Desarrollo Profesional (PDUs\u00ae por sus siglas en ingl\u00e9s).<\/p>\n<p>Podemos armar muy r\u00e1pidamente soluciones a la medida de sus necesidades, combinando nuestros talleres de manera que generen el mayor valor para su organizaci\u00f3n.[\/vc_column_text][\/vc_column][vc_column width=\u00bb1\/3&#8243; text_align=\u00bbleft\u00bb]<div class=\"porto-u-heading  wpb_custom_95aa9a11c17ad45cfabaf210d84ee7cc porto-u-3895\"><div class=\"porto-u-main-heading\"><h2   style=\"font-weight:bold;line-height:27px;\">CURSOS PROYECTUM<\/h2><\/div><style>.porto-u-3895.porto-u-heading{text-align:center}<\/style><\/div><div class=\"woocommerce columns-2 \"><ul class=\"products products-container grid pcols-lg-2 pcols-md-2 pcols-xs-2 pcols-ls-2 pwidth-lg-2 pwidth-md-2 pwidth-xs-1 pwidth-ls-1 is-shortcode\"\r\n\t data-product_layout=\"product-outimage\">\r\n\r\n<li class=\"product-col product-outimage product type-product post-7559 status-publish first instock product_cat-pmi product_tag-virtual-en-vivo has-post-thumbnail sale virtual taxable purchasable product-type-simple\">\r\n<div class=\"product-inner\">\r\n\t\r\n\t<div class=\"product-image\">\r\n\r\n\t\t<a  href=\"https:\/\/proyectum.com\/ec\/product\/preparacion-para-la-certificacion-agil-pmi-acp\/\" aria-label=\"product\">\r\n\t\t\t<div class=\"labels\"><div class=\"onsale\">-12%<\/div><\/div><div data-link=\"https:\/\/proyectum.com\/ec\/cart\/\" class=\"viewcart viewcart-7559\" title=\"Ver carrito\"><\/div><div class=\"inner\"><img loading=\"lazy\" decoding=\"async\" width=\"300\" height=\"150\" src=\"https:\/\/proyectum.com\/ec\/wp-content\/uploads\/2020\/09\/PMI-ACP-300x150.png\" class=\" wp-post-image\" alt=\"\" \/><\/div>\t\t<\/a>\r\n\t\t\t<\/div>\r\n\r\n\t<div class=\"product-content\">\r\n\t\t<span class=\"category-list\"><a href=\"https:\/\/proyectum.com\/ec\/product-category\/pmi\/\" rel=\"tag\">PMI\u00ae<\/a><\/span>\r\n\t\t\t<a class=\"product-loop-title\"  href=\"https:\/\/proyectum.com\/ec\/product\/preparacion-para-la-certificacion-agil-pmi-acp\/\">\r\n\t<h3 class=\"woocommerce-loop-product__title\">Preparaci\u00f3n para la Certificaci\u00f3n \u00c1gil PMI-ACP\u00ae Virtual en Vivo<\/h3>\t<\/a>\r\n\t\r\n\t\t\n\t<span class=\"price\"><del aria-hidden=\"true\"><span class=\"woocommerce-Price-amount amount\"><bdi><span class=\"woocommerce-Price-currencySymbol\">&#36;<\/span>850.00<\/bdi><\/span><\/del> <span class=\"screen-reader-text\">El precio original era: &#036;850.00.<\/span><ins aria-hidden=\"true\"><span class=\"woocommerce-Price-amount amount\"><bdi><span class=\"woocommerce-Price-currencySymbol\">&#36;<\/span>749.00<\/bdi><\/span><\/ins><span class=\"screen-reader-text\">El precio actual es: &#036;749.00.<\/span><\/span>\n\r\n\t\t<div class=\"add-links-wrap\">\r\n\t<div class=\"add-links clearfix\">\r\n\t\t<a href=\"?add-to-cart=7559\" data-quantity=\"1\" class=\"viewcart-style-1 button product_type_simple add_to_cart_button ajax_add_to_cart\" data-product_id=\"7559\" data-product_sku=\"\" aria-label=\"A\u00f1adir al carrito: &ldquo;Preparaci\u00f3n para la Certificaci\u00f3n \u00c1gil PMI-ACP\u00ae Virtual en Vivo&rdquo;\" rel=\"nofollow\" data-success_message=\"\u00abPreparaci\u00f3n para la Certificaci\u00f3n \u00c1gil PMI-ACP\u00ae Virtual en Vivo\u00bb se ha a\u00f1adido a tu carrito\">A\u00f1adir al carrito<\/a><div class=\"quickview\" data-id=\"7559\" title=\"Quick View\">Quick View<\/div>\t<\/div>\r\n\t<\/div>\r\n<span class=\"gtm4wp_productdata\" style=\"display:none; visibility:hidden;\" data-gtm4wp_product_data=\"{&quot;internal_id&quot;:7559,&quot;item_id&quot;:7559,&quot;item_name&quot;:&quot;Preparaci\\u00f3n para la Certificaci\\u00f3n \\u00c1gil PMI-ACP\\u00ae Virtual en Vivo&quot;,&quot;sku&quot;:7559,&quot;price&quot;:749,&quot;stocklevel&quot;:null,&quot;stockstatus&quot;:&quot;instock&quot;,&quot;google_business_vertical&quot;:&quot;retail&quot;,&quot;item_category&quot;:&quot;PMI\\u00ae&quot;,&quot;id&quot;:7559,&quot;productlink&quot;:&quot;https:\\\/\\\/proyectum.com\\\/ec\\\/product\\\/preparacion-para-la-certificacion-agil-pmi-acp\\\/&quot;,&quot;item_list_name&quot;:&quot;Lista general de productos&quot;,&quot;index&quot;:1,&quot;product_type&quot;:&quot;simple&quot;,&quot;item_brand&quot;:&quot;&quot;}\"><\/span>\t<\/div>\r\n<\/div>\r\n<\/li>\r\n<\/ul>\r\n<\/div>[\/vc_column][\/vc_row]<\/p>\n<\/div>","protected":false},"excerpt":{"rendered":"<p>[vc_row full_width=\u00bbstretch_row\u00bb css=\u00bb.vc_custom_1538087693828{padding-top: 128px !important;padding-bottom: 128px !important;background-image: url(https:\/\/www.proyectum.com\/cl\/wp-content\/uploads\/2018\/09\/capacitacion-banner.png?id=6991) !important;background-position: center !important;background-repeat: no-repeat !important;background-size: cover !important;}\u00bb el_class=\u00bbbg-degrade-header-alt\u00bb][vc_column][vc_custom_heading text=\u00bbCAPACITACI\u00d3N\u00bb font_container=\u00bbtag:h1|text_align:center|color:%23ffffff\u00bb use_theme_fonts=\u00bbyes\u00bb css=\u00bb.vc_custom_1538061448110{margin-bottom: 0px !important;}\u00bb][\/vc_column][\/vc_row][vc_row css=\u00bb.vc_custom_1488777218947{padding-top: 25px !important;padding-bottom: 60px !important;}\u00bb][vc_column width=\u00bb2\/3&#8243;][vc_column_text]Proyectum ha desarrollado un amplio portafolio de cursos, que nos permite satisfacer una amplia gama de necesidades, desde cursos introductorios hasta cursos avanzados y especializados. Todos nuestros cursos [&hellip;]<\/p>\n","protected":false},"author":2,"featured_media":0,"parent":0,"menu_order":96,"comment_status":"closed","ping_status":"closed","template":"","meta":{"footnotes":""},"class_list":["post-6889","page","type-page","status-publish","hentry"],"_links":{"self":[{"href":"https:\/\/proyectum.com\/ec\/wp-json\/wp\/v2\/pages\/6889"}],"collection":[{"href":"https:\/\/proyectum.com\/ec\/wp-json\/wp\/v2\/pages"}],"about":[{"href":"https:\/\/proyectum.com\/ec\/wp-json\/wp\/v2\/types\/page"}],"author":[{"embeddable":true,"href":"https:\/\/proyectum.com\/ec\/wp-json\/wp\/v2\/users\/2"}],"replies":[{"embeddable":true,"href":"https:\/\/proyectum.com\/ec\/wp-json\/wp\/v2\/comments?post=6889"}],"version-history":[{"count":0,"href":"https:\/\/proyectum.com\/ec\/wp-json\/wp\/v2\/pages\/6889\/revisions"}],"wp:attachment":[{"href":"https:\/\/proyectum.com\/ec\/wp-json\/wp\/v2\/media?parent=6889"}],"curies":[{"name":"wp","href":"https:\/\/api.w.org\/{rel}","templated":true}]}}