{"id":6894,"date":"2018-09-12T22:58:34","date_gmt":"2018-09-13T01:58:34","guid":{"rendered":"https:\/\/www.proyectumglobal.cl\/?page_id=6894"},"modified":"2020-02-21T13:00:32","modified_gmt":"2020-02-21T16:00:32","slug":"consultoria","status":"publish","type":"page","link":"https:\/\/proyectum.com\/ec\/consultoria\/","title":{"rendered":"Consultor\u00eda"},"content":{"rendered":"<div class=\"wpb-content-wrapper\"><p>[vc_row full_width=\u00bbstretch_row\u00bb parallax=\u00bbcontent-moving\u00bb parallax_image=\u00bb6992&#8243; css=\u00bb.vc_custom_1538087893297{padding-top: 128px !important;padding-bottom: 128px !important;}\u00bb el_class=\u00bbbg-degrade-header\u00bb][vc_column][vc_custom_heading text=\u00bbCONSULTOR\u00cdA\u00bb font_container=\u00bbtag:h1|text_align:center|color:%23ffffff\u00bb use_theme_fonts=\u00bbyes\u00bb css=\u00bb.vc_custom_1538086041492{margin-bottom: 0px !important;}\u00bb][\/vc_column][\/vc_row][vc_row css=\u00bb.vc_custom_1488777218947{padding-top: 25px !important;padding-bottom: 60px !important;}\u00bb][vc_column width=\u00bb1\/2&#8243;][vc_column_text]<strong><span style=\"color: #00416b;\">Nuestros servicios de Consultor\u00eda tienen por finalidad permitir a nuestros clientes transformar su organizaci\u00f3n hacia la Agilidad de Negocios, creando el entorno necesario para habilitar a las Personas, optimizar el Flujo de Valor y establecer las Pr\u00e1cticas que creen las condiciones para la Entrega de Valor y que deleiten a sus\u00a0<span style=\"caret-color: #00416b;\">Interesados<\/span>.<\/span><\/strong><\/p>\n<p>Nuestro equipo profesional combina experiencia pr\u00e1ctica con s\u00f3lidos fundamentos conceptuales, lo que nos permite abarcar todos los \u00e1mbitos de la Entrega de Valor.<\/p>\n<ul>\n<li>Nuestros socios consultores son personas de vasta experiencia ejecutiva y de consultor\u00eda, con una orientaci\u00f3n natural hacia resultados.<\/li>\n<li>Nuestra base de conocimiento es enriquecida con experiencias y pr\u00e1cticas probadas a nivel mundial.<\/li>\n<li>Con la implantaci\u00f3n de nuestras metodolog\u00edas y procesos de negocio, facilitamos la transferencia del conocimiento a nuestros clientes y ellos se pueden despreocupar de su mantenimiento y actualizaci\u00f3n.<\/li>\n<li>Nuestro modelo de negocio nos permite gran flexibilidad en la estructuraci\u00f3n del servicio.<\/li>\n<\/ul>\n<p>[\/vc_column_text][\/vc_column][vc_column width=\u00bb1\/2&#8243; text_align=\u00bbleft\u00bb css=\u00bb.vc_custom_1536801436117{padding-left: 200px !important;}\u00bb]<div class=\"porto-u-heading  wpb_custom_95aa9a11c17ad45cfabaf210d84ee7cc porto-u-6996\"><div class=\"porto-u-main-heading\"><h2   style=\"font-weight:bold;line-height:27px;\">CONSULTOR\u00cdA PROYECTUM<\/h2><\/div><style>.porto-u-6996.porto-u-heading{text-align:left}<\/style><\/div>[vc_wp_custommenu nav_menu=\u00bb54&#8243;][\/vc_column][\/vc_row]<\/p>\n<\/div>","protected":false},"excerpt":{"rendered":"<p>[vc_row full_width=\u00bbstretch_row\u00bb parallax=\u00bbcontent-moving\u00bb parallax_image=\u00bb6992&#8243; css=\u00bb.vc_custom_1538087893297{padding-top: 128px !important;padding-bottom: 128px !important;}\u00bb el_class=\u00bbbg-degrade-header\u00bb][vc_column][vc_custom_heading text=\u00bbCONSULTOR\u00cdA\u00bb font_container=\u00bbtag:h1|text_align:center|color:%23ffffff\u00bb use_theme_fonts=\u00bbyes\u00bb css=\u00bb.vc_custom_1538086041492{margin-bottom: 0px !important;}\u00bb][\/vc_column][\/vc_row][vc_row css=\u00bb.vc_custom_1488777218947{padding-top: 25px !important;padding-bottom: 60px !important;}\u00bb][vc_column width=\u00bb1\/2&#8243;][vc_column_text]Nuestros servicios de Consultor\u00eda tienen por finalidad permitir a nuestros clientes transformar su organizaci\u00f3n hacia la Agilidad de Negocios, creando el entorno necesario para habilitar a las Personas, optimizar el Flujo de Valor y [&hellip;]<\/p>\n","protected":false},"author":2,"featured_media":0,"parent":0,"menu_order":95,"comment_status":"closed","ping_status":"closed","template":"","meta":{"footnotes":""},"class_list":["post-6894","page","type-page","status-publish","hentry"],"_links":{"self":[{"href":"https:\/\/proyectum.com\/ec\/wp-json\/wp\/v2\/pages\/6894"}],"collection":[{"href":"https:\/\/proyectum.com\/ec\/wp-json\/wp\/v2\/pages"}],"about":[{"href":"https:\/\/proyectum.com\/ec\/wp-json\/wp\/v2\/types\/page"}],"author":[{"embeddable":true,"href":"https:\/\/proyectum.com\/ec\/wp-json\/wp\/v2\/users\/2"}],"replies":[{"embeddable":true,"href":"https:\/\/proyectum.com\/ec\/wp-json\/wp\/v2\/comments?post=6894"}],"version-history":[{"count":0,"href":"https:\/\/proyectum.com\/ec\/wp-json\/wp\/v2\/pages\/6894\/revisions"}],"wp:attachment":[{"href":"https:\/\/proyectum.com\/ec\/wp-json\/wp\/v2\/media?parent=6894"}],"curies":[{"name":"wp","href":"https:\/\/api.w.org\/{rel}","templated":true}]}}