{"id":7002,"date":"2018-09-27T22:15:36","date_gmt":"2018-09-28T01:15:36","guid":{"rendered":"https:\/\/www.proyectumglobal.com\/mx\/?page_id=7002"},"modified":"2024-11-14T10:52:31","modified_gmt":"2024-11-14T15:52:31","slug":"calendario","status":"publish","type":"page","link":"https:\/\/proyectum.com\/ec\/calendario\/","title":{"rendered":"Calendario"},"content":{"rendered":"<div class=\"wpb-content-wrapper\"><p>[vc_row full_width=\u00bbstretch_row\u00bb css=\u00bb.vc_custom_1538087693828{padding-top: 128px !important;padding-bottom: 128px !important;background-image: url(https:\/\/www.proyectum.com\/cl\/wp-content\/uploads\/2018\/09\/capacitacion-banner.png?id=6991) !important;background-position: center !important;background-repeat: no-repeat !important;background-size: cover !important;}\u00bb el_class=\u00bbbg-degrade-header-alt\u00bb][vc_column][vc_custom_heading text=\u00bbPR\u00d3XIMOS EVENTOS\u00bb font_container=\u00bbtag:h1|text_align:center|color:%23ffffff\u00bb use_theme_fonts=\u00bbyes\u00bb css=\u00bb.vc_custom_1579487483607{margin-bottom: 0px !important;}\u00bb][\/vc_column][\/vc_row][vc_row css=\u00bb.vc_custom_1488777218947{padding-top: 25px !important;padding-bottom: 60px !important;}\u00bb][vc_column width=\u00bb2\/3&#8243;]<div class=\"  wpb_custom_c8b1584ca8467693c621f8c6ee509682\">\r\n\r\n<article class=\"custom-post-event post-event-list custom-sm-margin-bottom-2\">\r\n\t\t\t<div class=\"post-event-date background-color-primary center\"> \r\n\t\t\t<span class=\"month text-uppercase custom-secondary-font text-color-light\">Mar<\/span> \r\n\t\t\t<span class=\"day font-weight-bold text-color-light\">02<\/span> \r\n\t\t\t<span class=\"year text-color-light\">2026<\/span> \r\n\t\t<\/div>\r\n\t\t<div class=\"post-event-content custom-margin-1\">\r\n\t\t\t<span class=\"event-date d-none\">2 marzo, 2026<time datetime=\"2026-03-02 18:00\">2026\/03\/02 06:00 PM<\/time><\/span>\r\n\t\t\t<div class=\"custom-event-infos\">\r\n\t\t\t<ul>\r\n\t\t\t\t\t\t\t\t<li> <i class=\"far fa-clock\"><\/i> 06:00 PM <\/li>\r\n\t\t\t\t\t\t\t\t\t\t\t\t\t<li class=\"text-uppercase\"> <i class=\"fas fa-map-marker-alt\"><\/i> Virtual en Vivo<\/li>\r\n\t\t\t\t\t\t\t<\/ul>\r\n\t\t<\/div>\r\n\t\t<h4 class=\"font-weight-bold text-color-dark\"> <a href=\"https:\/\/proyectum.com\/ec\/event\/programa-de-preparacion-para-la-certificacion-pmp-2-2\/\" class=\"text-decoration-none custom-secondary-font text-color-dark\"> Curso de Preparaci\u00f3n para la Certificaci\u00f3n PMP\u00ae (Material del Project Management Institute) Intensivo <\/a> <\/h4>\r\n\t\t<p class=\"post-excerpt\">[vc_row][vc_column][vc_column_text]\r\n\r\nLa certificaci\u00f3n \u00abProject Management Professional\u00bb (PMP\u00ae), es la primera de las ocho certificaciones de la asociaci\u00f3n de directores de proyectos m\u00e1s grande del mundo, el \u00abProject Management Institute\u00bb (PMI\u00ae), y es la credencial m\u00e1s importante de la industria en direcci\u00f3n de proyectos de todo el mundo.\u00a0 Esta demuestra que el profesional certificado tiene la experiencia, la educaci\u00f3n y las competencias necesarias para liderar y dirigir proyectos, tanto a nivel social, civil, en ingenier\u00eda, computaci\u00f3n, o cualquier otra rama en que...<\/p>\t\t\t<\/div>\r\n\t<hr class=\"solid\">\r\n<\/article>\r\n\r\n\r\n<article class=\"custom-post-event post-event-list custom-sm-margin-bottom-2\">\r\n\t\t\t<div class=\"post-event-date background-color-primary center\"> \r\n\t\t\t<span class=\"month text-uppercase custom-secondary-font text-color-light\">Mar<\/span> \r\n\t\t\t<span class=\"day font-weight-bold text-color-light\">16<\/span> \r\n\t\t\t<span class=\"year text-color-light\">2026<\/span> \r\n\t\t<\/div>\r\n\t\t<div class=\"post-event-content custom-margin-1\">\r\n\t\t\t<span class=\"event-date d-none\">16 marzo, 2026<time datetime=\"2026-03-16 18:00\">2026\/03\/16 06:00 PM<\/time><\/span>\r\n\t\t\t<div class=\"custom-event-infos\">\r\n\t\t\t<ul>\r\n\t\t\t\t\t\t\t\t<li> <i class=\"far fa-clock\"><\/i> 06:00 PM <\/li>\r\n\t\t\t\t\t\t\t\t\t\t\t\t\t<li class=\"text-uppercase\"> <i class=\"fas fa-map-marker-alt\"><\/i> Virtual en Vivo<\/li>\r\n\t\t\t\t\t\t\t<\/ul>\r\n\t\t<\/div>\r\n\t\t<h4 class=\"font-weight-bold text-color-dark\"> <a href=\"https:\/\/proyectum.com\/ec\/event\/programa-de-preparacion-para-la-certificacion-pmp-2-2-2\/\" class=\"text-decoration-none custom-secondary-font text-color-dark\"> Curso de Preparaci\u00f3n para la Certificaci\u00f3n PMP\u00ae (Material del Project Management Institute) Intensivo <\/a> <\/h4>\r\n\t\t<p class=\"post-excerpt\">[vc_row][vc_column][vc_column_text]\r\n\r\nLa certificaci\u00f3n \u00abProject Management Professional\u00bb (PMP\u00ae), es la primera de las ocho certificaciones de la asociaci\u00f3n de directores de proyectos m\u00e1s grande del mundo, el \u00abProject Management Institute\u00bb (PMI\u00ae), y es la credencial m\u00e1s importante de la industria en direcci\u00f3n de proyectos de todo el mundo.\u00a0 Esta demuestra que el profesional certificado tiene la experiencia, la educaci\u00f3n y las competencias necesarias para liderar y dirigir proyectos, tanto a nivel social, civil, en ingenier\u00eda, computaci\u00f3n, o cualquier otra rama en que...<\/p>\t\t\t<\/div>\r\n\t<hr class=\"solid\">\r\n<\/article>\r\n<\/div>[\/vc_column][vc_column width=\u00bb1\/3&#8243;][vc_column_text]<\/p>\n<h2 style=\"text-align: center;\"><strong>Tienda Cursos<\/strong><\/h2>\n<p>[\/vc_column_text]<div class=\"woocommerce columns-2 \"><ul class=\"products products-container grid pcols-lg-2 pcols-md-2 pcols-xs-2 pcols-ls-2 pwidth-lg-2 pwidth-md-2 pwidth-xs-1 pwidth-ls-1 is-shortcode\"\r\n\t data-product_layout=\"product-outimage\">\r\n\r\n<li class=\"product-col product-outimage product type-product post-7553 status-publish first instock product_cat-scrumstudy product_tag-asincrono has-post-thumbnail sale taxable shipping-taxable purchasable product-type-simple\">\r\n<div class=\"product-inner\">\r\n\t\r\n\t<div class=\"product-image\">\r\n\r\n\t\t<a  href=\"https:\/\/proyectum.com\/ec\/product\/scrum-master-certificado-smc\/\" aria-label=\"product\">\r\n\t\t\t<div class=\"labels\"><div class=\"onsale\">-8%<\/div><\/div><div data-link=\"https:\/\/proyectum.com\/ec\/cart\/\" class=\"viewcart viewcart-7553\" title=\"Ver carrito\"><\/div><div class=\"inner\"><img loading=\"lazy\" decoding=\"async\" width=\"300\" height=\"150\" src=\"https:\/\/proyectum.com\/ec\/wp-content\/uploads\/2020\/09\/SMCPT-300x150.png\" class=\" wp-post-image\" alt=\"\" \/><\/div>\t\t<\/a>\r\n\t\t\t<\/div>\r\n\r\n\t<div class=\"product-content\">\r\n\t\t<span class=\"category-list\"><a href=\"https:\/\/proyectum.com\/ec\/product-category\/scrumstudy\/\" rel=\"tag\">SCRUMstudy<\/a><\/span>\r\n\t\t\t<a class=\"product-loop-title\"  href=\"https:\/\/proyectum.com\/ec\/product\/scrum-master-certificado-smc\/\">\r\n\t<h3 class=\"woocommerce-loop-product__title\">Scrum Master Certificado SMC\u2122 Bajo Demanda<\/h3>\t<\/a>\r\n\t\r\n\t\t\n\t<span class=\"price\"><del aria-hidden=\"true\"><span class=\"woocommerce-Price-amount amount\"><bdi><span class=\"woocommerce-Price-currencySymbol\">&#36;<\/span>450.00<\/bdi><\/span><\/del> <span class=\"screen-reader-text\">El precio original era: &#036;450.00.<\/span><ins aria-hidden=\"true\"><span class=\"woocommerce-Price-amount amount\"><bdi><span class=\"woocommerce-Price-currencySymbol\">&#36;<\/span>415.00<\/bdi><\/span><\/ins><span class=\"screen-reader-text\">El precio actual es: &#036;415.00.<\/span><\/span>\n\r\n\t\t<div class=\"add-links-wrap\">\r\n\t<div class=\"add-links clearfix\">\r\n\t\t<a href=\"?add-to-cart=7553\" data-quantity=\"1\" class=\"viewcart-style-1 button product_type_simple add_to_cart_button ajax_add_to_cart\" data-product_id=\"7553\" data-product_sku=\"\" aria-label=\"A\u00f1adir al carrito: &ldquo;Scrum Master Certificado SMC\u2122 Bajo Demanda&rdquo;\" rel=\"nofollow\" data-success_message=\"\u00abScrum Master Certificado SMC\u2122 Bajo Demanda\u00bb se ha a\u00f1adido a tu carrito\">A\u00f1adir al carrito<\/a><div class=\"quickview\" data-id=\"7553\" title=\"Quick View\">Quick View<\/div>\t<\/div>\r\n\t<\/div>\r\n<span class=\"gtm4wp_productdata\" style=\"display:none; visibility:hidden;\" data-gtm4wp_product_data=\"{&quot;internal_id&quot;:7553,&quot;item_id&quot;:7553,&quot;item_name&quot;:&quot;Scrum Master Certificado SMC\\u2122 Bajo Demanda&quot;,&quot;sku&quot;:7553,&quot;price&quot;:415,&quot;stocklevel&quot;:null,&quot;stockstatus&quot;:&quot;instock&quot;,&quot;google_business_vertical&quot;:&quot;retail&quot;,&quot;item_category&quot;:&quot;SCRUMstudy&quot;,&quot;id&quot;:7553,&quot;productlink&quot;:&quot;https:\\\/\\\/proyectum.com\\\/ec\\\/product\\\/scrum-master-certificado-smc\\\/&quot;,&quot;item_list_name&quot;:&quot;Lista general de productos&quot;,&quot;index&quot;:1,&quot;product_type&quot;:&quot;simple&quot;,&quot;item_brand&quot;:&quot;&quot;}\"><\/span>\t<\/div>\r\n<\/div>\r\n<\/li>\r\n\r\n<li class=\"product-col product-outimage product type-product post-7559 status-publish last instock product_cat-pmi product_tag-virtual-en-vivo has-post-thumbnail sale virtual taxable purchasable product-type-simple\">\r\n<div class=\"product-inner\">\r\n\t\r\n\t<div class=\"product-image\">\r\n\r\n\t\t<a  href=\"https:\/\/proyectum.com\/ec\/product\/preparacion-para-la-certificacion-agil-pmi-acp\/\" aria-label=\"product\">\r\n\t\t\t<div class=\"labels\"><div class=\"onsale\">-12%<\/div><\/div><div data-link=\"https:\/\/proyectum.com\/ec\/cart\/\" class=\"viewcart viewcart-7559\" title=\"Ver carrito\"><\/div><div class=\"inner\"><img loading=\"lazy\" decoding=\"async\" width=\"300\" height=\"150\" src=\"https:\/\/proyectum.com\/ec\/wp-content\/uploads\/2020\/09\/PMI-ACP-300x150.png\" class=\" wp-post-image\" alt=\"\" \/><\/div>\t\t<\/a>\r\n\t\t\t<\/div>\r\n\r\n\t<div class=\"product-content\">\r\n\t\t<span class=\"category-list\"><a href=\"https:\/\/proyectum.com\/ec\/product-category\/pmi\/\" rel=\"tag\">PMI\u00ae<\/a><\/span>\r\n\t\t\t<a class=\"product-loop-title\"  href=\"https:\/\/proyectum.com\/ec\/product\/preparacion-para-la-certificacion-agil-pmi-acp\/\">\r\n\t<h3 class=\"woocommerce-loop-product__title\">Preparaci\u00f3n para la Certificaci\u00f3n \u00c1gil PMI-ACP\u00ae Virtual en Vivo<\/h3>\t<\/a>\r\n\t\r\n\t\t\n\t<span class=\"price\"><del aria-hidden=\"true\"><span class=\"woocommerce-Price-amount amount\"><bdi><span class=\"woocommerce-Price-currencySymbol\">&#36;<\/span>850.00<\/bdi><\/span><\/del> <span class=\"screen-reader-text\">El precio original era: &#036;850.00.<\/span><ins aria-hidden=\"true\"><span class=\"woocommerce-Price-amount amount\"><bdi><span class=\"woocommerce-Price-currencySymbol\">&#36;<\/span>749.00<\/bdi><\/span><\/ins><span class=\"screen-reader-text\">El precio actual es: &#036;749.00.<\/span><\/span>\n\r\n\t\t<div class=\"add-links-wrap\">\r\n\t<div class=\"add-links clearfix\">\r\n\t\t<a href=\"?add-to-cart=7559\" data-quantity=\"1\" class=\"viewcart-style-1 button product_type_simple add_to_cart_button ajax_add_to_cart\" data-product_id=\"7559\" data-product_sku=\"\" aria-label=\"A\u00f1adir al carrito: &ldquo;Preparaci\u00f3n para la Certificaci\u00f3n \u00c1gil PMI-ACP\u00ae Virtual en Vivo&rdquo;\" rel=\"nofollow\" data-success_message=\"\u00abPreparaci\u00f3n para la Certificaci\u00f3n \u00c1gil PMI-ACP\u00ae Virtual en Vivo\u00bb se ha a\u00f1adido a tu carrito\">A\u00f1adir al carrito<\/a><div class=\"quickview\" data-id=\"7559\" title=\"Quick View\">Quick View<\/div>\t<\/div>\r\n\t<\/div>\r\n<span class=\"gtm4wp_productdata\" style=\"display:none; visibility:hidden;\" data-gtm4wp_product_data=\"{&quot;internal_id&quot;:7559,&quot;item_id&quot;:7559,&quot;item_name&quot;:&quot;Preparaci\\u00f3n para la Certificaci\\u00f3n \\u00c1gil PMI-ACP\\u00ae Virtual en Vivo&quot;,&quot;sku&quot;:7559,&quot;price&quot;:749,&quot;stocklevel&quot;:null,&quot;stockstatus&quot;:&quot;instock&quot;,&quot;google_business_vertical&quot;:&quot;retail&quot;,&quot;item_category&quot;:&quot;PMI\\u00ae&quot;,&quot;id&quot;:7559,&quot;productlink&quot;:&quot;https:\\\/\\\/proyectum.com\\\/ec\\\/product\\\/preparacion-para-la-certificacion-agil-pmi-acp\\\/&quot;,&quot;item_list_name&quot;:&quot;Lista general de productos&quot;,&quot;index&quot;:2,&quot;product_type&quot;:&quot;simple&quot;,&quot;item_brand&quot;:&quot;&quot;}\"><\/span>\t<\/div>\r\n<\/div>\r\n<\/li>\r\n\r\n<li class=\"product-col product-outimage product type-product post-7531 status-publish first instock product_cat-scrumstudy product_tag-asincrono has-post-thumbnail sale taxable shipping-taxable purchasable product-type-simple\">\r\n<div class=\"product-inner\">\r\n\t\r\n\t<div class=\"product-image\">\r\n\r\n\t\t<a  href=\"https:\/\/proyectum.com\/ec\/product\/curso-online-y-certificacion-sfc\/\" aria-label=\"product\">\r\n\t\t\t<div class=\"labels\"><div class=\"onsale\">-100%<\/div><\/div><div data-link=\"https:\/\/proyectum.com\/ec\/cart\/\" class=\"viewcart viewcart-7531\" title=\"Ver carrito\"><\/div><div class=\"inner\"><img loading=\"lazy\" decoding=\"async\" width=\"300\" height=\"150\" src=\"https:\/\/proyectum.com\/ec\/wp-content\/uploads\/2020\/09\/SFC-300x150.png\" class=\" wp-post-image\" alt=\"\" \/><\/div>\t\t<\/a>\r\n\t\t\t<\/div>\r\n\r\n\t<div class=\"product-content\">\r\n\t\t<span class=\"category-list\"><a href=\"https:\/\/proyectum.com\/ec\/product-category\/scrumstudy\/\" rel=\"tag\">SCRUMstudy<\/a><\/span>\r\n\t\t\t<a class=\"product-loop-title\"  href=\"https:\/\/proyectum.com\/ec\/product\/curso-online-y-certificacion-sfc\/\">\r\n\t<h3 class=\"woocommerce-loop-product__title\">\u00a0Curso Online y Certificaci\u00f3n SFC\u2122<\/h3>\t<\/a>\r\n\t\r\n\t\t\n\t<span class=\"price\"><del aria-hidden=\"true\"><span class=\"woocommerce-Price-amount amount\"><bdi><span class=\"woocommerce-Price-currencySymbol\">&#36;<\/span>49.00<\/bdi><\/span><\/del> <span class=\"screen-reader-text\">El precio original era: &#036;49.00.<\/span><ins aria-hidden=\"true\"><span class=\"woocommerce-Price-amount amount\"><bdi><span class=\"woocommerce-Price-currencySymbol\">&#36;<\/span>0.00<\/bdi><\/span><\/ins><span class=\"screen-reader-text\">El precio actual es: &#036;0.00.<\/span><\/span>\n\r\n\t\t<div class=\"add-links-wrap\">\r\n\t<div class=\"add-links clearfix\">\r\n\t\t<a href=\"?add-to-cart=7531\" data-quantity=\"1\" class=\"viewcart-style-1 button product_type_simple add_to_cart_button ajax_add_to_cart\" data-product_id=\"7531\" data-product_sku=\"SFC\" aria-label=\"A\u00f1adir al carrito: &ldquo;\u00a0Curso Online y Certificaci\u00f3n SFC\u2122&rdquo;\" rel=\"nofollow\" data-success_message=\"\u00ab\u00a0Curso Online y Certificaci\u00f3n SFC\u2122\u00bb se ha a\u00f1adido a tu carrito\">A\u00f1adir al carrito<\/a><div class=\"quickview\" data-id=\"7531\" title=\"Quick View\">Quick View<\/div>\t<\/div>\r\n\t<\/div>\r\n<span class=\"gtm4wp_productdata\" style=\"display:none; visibility:hidden;\" data-gtm4wp_product_data=\"{&quot;internal_id&quot;:7531,&quot;item_id&quot;:7531,&quot;item_name&quot;:&quot;\\u00a0Curso Online y Certificaci\\u00f3n SFC\\u2122&quot;,&quot;sku&quot;:&quot;SFC&quot;,&quot;price&quot;:0,&quot;stocklevel&quot;:null,&quot;stockstatus&quot;:&quot;instock&quot;,&quot;google_business_vertical&quot;:&quot;retail&quot;,&quot;item_category&quot;:&quot;SCRUMstudy&quot;,&quot;id&quot;:7531,&quot;productlink&quot;:&quot;https:\\\/\\\/proyectum.com\\\/ec\\\/product\\\/curso-online-y-certificacion-sfc\\\/&quot;,&quot;item_list_name&quot;:&quot;Lista general de productos&quot;,&quot;index&quot;:3,&quot;product_type&quot;:&quot;simple&quot;,&quot;item_brand&quot;:&quot;&quot;}\"><\/span>\t<\/div>\r\n<\/div>\r\n<\/li>\r\n<\/ul>\r\n<\/div>[\/vc_column][\/vc_row][vc_row][vc_column][\/vc_column][\/vc_row][vc_row][vc_column][\/vc_column][\/vc_row][vc_row][vc_column][\/vc_column][\/vc_row][vc_row][vc_column][\/vc_column][\/vc_row]<\/p>\n<\/div>","protected":false},"excerpt":{"rendered":"<p>[vc_row full_width=\u00bbstretch_row\u00bb css=\u00bb.vc_custom_1538087693828{padding-top: 128px !important;padding-bottom: 128px !important;background-image: url(https:\/\/www.proyectum.com\/cl\/wp-content\/uploads\/2018\/09\/capacitacion-banner.png?id=6991) !important;background-position: center !important;background-repeat: no-repeat !important;background-size: cover !important;}\u00bb el_class=\u00bbbg-degrade-header-alt\u00bb][vc_column][vc_custom_heading text=\u00bbPR\u00d3XIMOS EVENTOS\u00bb font_container=\u00bbtag:h1|text_align:center|color:%23ffffff\u00bb use_theme_fonts=\u00bbyes\u00bb css=\u00bb.vc_custom_1579487483607{margin-bottom: 0px !important;}\u00bb][\/vc_column][\/vc_row][vc_row css=\u00bb.vc_custom_1488777218947{padding-top: 25px !important;padding-bottom: 60px !important;}\u00bb][vc_column width=\u00bb2\/3&#8243;][\/vc_column][vc_column width=\u00bb1\/3&#8243;][vc_column_text] Tienda Cursos [\/vc_column_text][\/vc_column][\/vc_row][vc_row][vc_column][\/vc_column][\/vc_row][vc_row][vc_column][\/vc_column][\/vc_row][vc_row][vc_column][\/vc_column][\/vc_row][vc_row][vc_column][\/vc_column][\/vc_row]<\/p>\n","protected":false},"author":8,"featured_media":0,"parent":0,"menu_order":93,"comment_status":"closed","ping_status":"closed","template":"","meta":{"footnotes":""},"class_list":["post-7002","page","type-page","status-publish","hentry"],"_links":{"self":[{"href":"https:\/\/proyectum.com\/ec\/wp-json\/wp\/v2\/pages\/7002"}],"collection":[{"href":"https:\/\/proyectum.com\/ec\/wp-json\/wp\/v2\/pages"}],"about":[{"href":"https:\/\/proyectum.com\/ec\/wp-json\/wp\/v2\/types\/page"}],"author":[{"embeddable":true,"href":"https:\/\/proyectum.com\/ec\/wp-json\/wp\/v2\/users\/8"}],"replies":[{"embeddable":true,"href":"https:\/\/proyectum.com\/ec\/wp-json\/wp\/v2\/comments?post=7002"}],"version-history":[{"count":0,"href":"https:\/\/proyectum.com\/ec\/wp-json\/wp\/v2\/pages\/7002\/revisions"}],"wp:attachment":[{"href":"https:\/\/proyectum.com\/ec\/wp-json\/wp\/v2\/media?parent=7002"}],"curies":[{"name":"wp","href":"https:\/\/api.w.org\/{rel}","templated":true}]}}