{"id":7009,"date":"2018-11-05T15:57:12","date_gmt":"2018-11-05T18:57:12","guid":{"rendered":"https:\/\/www.proyectum.com\/cl\/?page_id=7009"},"modified":"2023-01-27T22:01:20","modified_gmt":"2023-01-28T03:01:20","slug":"programa-de-preparacion-para-la-certificacion-pmp","status":"publish","type":"page","link":"https:\/\/proyectum.com\/ec\/capacitacion\/programa-de-preparacion-para-la-certificacion-pmp\/","title":{"rendered":"Taller de Preparaci\u00f3n para la Certificaci\u00f3n PMP\u00ae"},"content":{"rendered":"<div class=\"wpb-content-wrapper\"><p>[vc_row full_width=\u00bbstretch_row\u00bb css=\u00bb.vc_custom_1538081762258{padding-top: 58px !important;padding-bottom: 58px !important;background-image: url(https:\/\/www.proyectum.com\/cl\/wp-content\/uploads\/2018\/09\/curso-tipo.png?id=6990) !important;background-position: center !important;background-repeat: no-repeat !important;background-size: cover !important;}\u00bb][vc_column width=\u00bb2\/3&#8243;][vc_custom_heading text=\u00bbTaller de Preparaci\u00f3n para la Certificaci\u00f3n PMP\u00ae (Material del Project Management Institute)\u00bb font_container=\u00bbtag:h1|font_size:35|text_align:center|color:%23ffffff\u00bb use_theme_fonts=\u00bbyes\u00bb css=\u00bb.vc_custom_1634052845206{margin-bottom: 0px !important;}\u00bb][\/vc_column][vc_column width=\u00bb1\/3&#8243;][\/vc_column][\/vc_row][vc_row css=\u00bb.vc_custom_1488777218947{padding-top: 25px !important;padding-bottom: 60px !important;}\u00bb][vc_column width=\u00bb2\/3&#8243; css=\u00bb.vc_custom_1538081880375{padding-right: 40px !important;}\u00bb][vc_column_text]La certificaci\u00f3n <strong><em>\u00abProject Management Professional\u00bb (PMP\u00ae)<\/em><\/strong>, es la segunda de las ocho certificaciones de la asociaci\u00f3n de directores de proyectos m\u00e1s grande del mundo, el \u00abProject Management Institute\u00bb (PMI\u00ae), y es la credencial m\u00e1s importante de la industria en direcci\u00f3n de proyectos de todo el mundo.\u00a0 Esta demuestra que el profesional certificado tiene la experiencia, la educaci\u00f3n y las competencias necesarias para liderar y dirigir proyectos, tanto a nivel social, civil, en ingenier\u00eda, computaci\u00f3n, o cualquier otra rama en que se requiera desarrollar proyectos exitosamente.<\/p>\n<ul>\n<li><strong>Duraci\u00f3n:<\/strong> 59 horas de capacitaci\u00f3n + 4 horas de examen de simulaci\u00f3n<\/li>\n<li><strong>Modalidad:<\/strong> Online con instructor en vivo certificado por el PMI.<\/li>\n<li><strong>Requisitos del PMI: <\/strong>Contar con t\u00edtulo universitario y tres a\u00f1os de experiencia dirigiendo proyectos.<\/li>\n<li><strong>Inversi\u00f3n del taller: <\/strong>$990 (+ IVA)<\/li>\n<li><em><strong>Si ya tomaste un curso con nosotros, tienes un 10% de descuento en TODOS nuestros cursos. Solic\u00edtalo! (Aplican restricciones)<\/strong><\/em><\/li>\n<\/ul>\n<p>Tambi\u00e9n te recomendamos adquirir:<\/p>\n<ul>\n<li><strong>Membres\u00eda del PMI: <\/strong>$139(+2% IVA)<\/li>\n<li><strong>Precio examen sin membres\u00eda del PMI:<\/strong> $555(+2% IVA)<\/li>\n<li><strong>Precio examen con membres\u00eda del PMI:<\/strong> $405(+2% IVA)<\/li>\n<\/ul>\n<p><strong>NOTA: <\/strong>Este es un curso con material provisto por el PMI, e impartido por instructores certificados por el PMI, as\u00ed como brindados bajo los est\u00e1ndares de calidad exigidos a todos los ATP (Autorized Training Partner) del PMI.<\/p>\n<p><strong>COMPROMISO PROYECTUM<\/strong><\/p>\n<p>En caso de no aprobar el examen del PMI el participante podr\u00e1 repetir el cupo del curso y taller de certificaci\u00f3n PMP hasta 2 veces sin costo adicional, siempre que cumpla con todos los siguientes requisitos (sin excepci\u00f3n alguno):<\/p>\n<ul>\n<li>Debe haber cumplido con los requisitos definidos por el PMI para ser candidato para tomar el examen de certificaci\u00f3n <strong>PMP\u00ae<\/strong>.<\/li>\n<li>Debe haber hecho el examen ante el PMI m\u00e1ximo 60 d\u00edas despu\u00e9s de finalizar el programa.<\/li>\n<li>Debe haber asistido a todas las sesiones del taller, cumpliendo el horario definido.<\/li>\n<li>Debe haber realizado todas las pr\u00e1cticas y actividades en las sesiones del taller.<\/li>\n<li>Debe aprobar el examen de simulaci\u00f3n oficial del PMI\u00ae de 180 preguntas del taller con una nota m\u00ednima de 85% antes del examen de certificaci\u00f3n.<\/li>\n<li>Debe volver a realizar el intento en el periodo de seis meses despu\u00e9s de realizar la elegibilidad.<\/li>\n<\/ul>\n<p><b>LUGAR\u00a0<\/b><\/p>\n<ul>\n<li>Entrega virtual con Instructores en vivo<\/li>\n<\/ul>\n<p><b>CONDICIONES<\/b><\/p>\n<ul>\n<li>El costo del curso debe estar cubierto antes de iniciar.<\/li>\n<\/ul>\n<p><b>PRE-REQUISITOS<\/b><\/p>\n<ul>\n<li>Se recomienda que las personas que tomen este curso tengan programado postular para la certificaci\u00f3n en un periodo no mayor a 90 d\u00edas.<\/li>\n<li>Con t\u00edtulo universitario y tres a\u00f1os de experiencia dirigiendo proyectos.<\/li>\n<li>Cumplir con los requisitos de educaci\u00f3n y experiencia en Direcci\u00f3n de Proyectos establecidos por el PMI\u00ae y estar de acuerdo con regirse por su c\u00f3digo de \u00e9tica y conducta profesional.<\/li>\n<li>Enfatizamos la necesidad de ser miembro activo del PMI. Siendo miembro, el examen tiene un costo menor; tienes acceso al PMBOK\u00ae digital, seminarios en l\u00ednea y mucho m\u00e1s material.<\/li>\n<\/ul>\n<p><b>CONTENIDO<\/b><\/p>\n<p>La certificaci\u00f3n Project Management Professional PMP\u00ae, es la m\u00e1s importante de la industria de Direcci\u00f3n de Proyectos. Demuestra que el profesional certificado tiene la experiencia, la educaci\u00f3n y las competencias necesarias para liderar y dirigir proyectos, tanto a nivel social, civil, en ingenier\u00eda, computaci\u00f3n, o cualquier otra rama en que se requiera desarrollar proyectos exitosamente.<\/p>\n<p><b>Objetivos de aprendizaje <\/b><\/p>\n<p>Al final del programa, los participantes ser\u00e1n capaces de:<\/p>\n<ul>\n<li>Conocer, comprender y dominar las mejores pr\u00e1cticas de Direcci\u00f3n de Proyectos del Project Management Institute PMI.<\/li>\n<li>Contar con los conocimientos y los recursos necesarios para realizar el examen de Certificaci\u00f3n PMP\u00ae del PMI \u00ae.<\/li>\n<li>Aplicar estos conocimientos en su trabajo diario en Direcci\u00f3n de Proyectos.<\/li>\n<li>Influenciar a sus organizaciones para que estas pr\u00e1cticas mejoren la direcci\u00f3n de sus proyectos y as\u00ed, los resultados estrat\u00e9gicos de la empresa.<\/li>\n<li>Reconocer, aplicar y adecuar el uso de las metodolog\u00edas \u00e1giles en la direcci\u00f3n de proyectos.<\/li>\n<\/ul>\n<p><b>Quienes deben Participar <\/b><\/p>\n<ul>\n<li>Directores de proyectos y miembros de equipos de proyectos.<\/li>\n<li>Personal que dirija o participe en proyectos.<\/li>\n<li>Directivos a cargo del seguimiento de los proyectos de la organizaci\u00f3n.<\/li>\n<li>Todos los profesionales en carreras de Ingenier\u00eda, Construcci\u00f3n, Computaci\u00f3n y cualquier otra profesi\u00f3n que deseen realizar proyectos, tanto personales como empresariales de manera exitosa.<\/li>\n<li>Profesionales que deseen complementar sus carreras con excelentes conocimientos en direcci\u00f3n de proyectos y que quieran tener un certificado reconocido en todo el mundo, como lo es el PMP\u00ae.<\/li>\n<\/ul>\n<p><b>Contenido del Curso de Preparaci\u00f3n PMP\u00ae<\/b><\/p>\n<ul>\n<li><b>Creando un Equipo de Alto desempe\u00f1o.<\/b><\/li>\n<\/ul>\n<p>Aprenda a definir reglas b\u00e1sicas del equipo, construya un entendimiento com\u00fan, lidere equipos virtuales y m\u00e1s.<\/p>\n<ul>\n<li><b>Iniciando su Proyecto<\/b><\/li>\n<\/ul>\n<p>Aprende a involucrar a los interesados, planificar y gestionar el alcance, evaluar y gestionar el riesgo y m\u00e1s.<\/p>\n<ul>\n<li><b>Haciendo el Trabajo.<\/b><\/li>\n<\/ul>\n<p>Aprenda a gestionar los cambios, identificar m\u00e9todos y pr\u00e1cticas, establecer el Gobierno del proyecto y m\u00e1s.<\/p>\n<ul>\n<li><b>Manteniendo a su equipo enfocado. <\/b><\/li>\n<\/ul>\n<p>Aprende a colaborar con interesados, liderar el equipo, gestionar el conflicto y m\u00e1s.<\/p>\n<ul>\n<li><b>Manteniendo el Negocio en Mente.<\/b><\/li>\n<\/ul>\n<p>Aprende a evaluar cambios en el entorno y el negocio, potenciar el cambio organizacional, mejore los procesos y m\u00e1s.<\/p>\n<p><b>Instructores<\/b><\/p>\n<p><b>Acerca de Proyectum<\/b><\/p>\n<p>Somos una organizaci\u00f3n multinacional de consultor\u00eda, capacitaci\u00f3n y formaci\u00f3n continua con presencia en 7 pa\u00edses.<\/p>\n<p>Apoyamos a nuestros clientes a implementar su estrategia,\u00a0mejorar sus resultados, procesos y pr\u00e1cticas de negocio, utilizando como base la direcci\u00f3n profesional de proyectos.<\/p>\n<p>Creemos en la entrega de valor continuo al cliente, en el trabajo en equipo, la colaboraci\u00f3n, en la agilidad de negocios, en entender las necesidades de nuestro entorno y ponemos todos nuestro esfuerzos y conocimientos en la implementaci\u00f3n de soluciones pr\u00e1cticas para nuestros clientes.<\/p>\n<p>Contamos con la denominaci\u00f3n <strong>Premier Authorized Training Partner\u00a0<\/strong>por parte del PMI\u00ae.<\/p>\n<p>&nbsp;<\/p>\n<p>&lt;script&gt;!function(a,m,o,c,r,m){a[o+c]=a[o+c]||{setMeta:function(p){this.params=(this.params||[]).concat([p])}},a[o+r]=a[o+r]||function(f){a[o+r].f=(a[o+r].f||[]).concat([f])},a[o+r]({id:\u00bb1040551&#8243;,hash:\u00bb26017d6204e87454e03280f5afa7aea5&#8243;,locale:\u00bbes\u00bb}),a[o+m]=a[o+m]||function(f,k){a[o+m].f=(a[o+m].f||[]).concat([[f,k]])}}(window,0,\u00bbamo_forms_\u00bb,\u00bbparams\u00bb,\u00bbload\u00bb,\u00bbloaded\u00bb);&lt;\/script&gt;&lt;script id=\u00bbamoforms_script_1040551&#8243; async=\u00bbasync\u00bb charset=\u00bbutf-8&#8243; src=\u00bbhttps:\/\/forms.kommo.com\/forms\/assets\/js\/amoforms.js?1674873797&#8243;&gt;&lt;\/script&gt;[\/vc_column_text][vc_tta_tabs active_section=\u00bb1&#8243; css=\u00bb.vc_custom_1538062059766{margin-top: 20px !important;}\u00bb][vc_tta_section title=\u00bbAntecedentes\u00bb tab_id=\u00bb1541444757751-389b2c58-e32c\u00bb][vc_column_text]<\/p>\n<h3><span style=\"color: #00416b;\">\u00bfQui\u00e9nes deben participar?<\/span><\/h3>\n<ul>\n<li>Profesionales que lideren proyectos ejerciendo el rol de Director de Proyecto (Project Manager) y miembros del equipo que participen en la Direcci\u00f3n de los proyectos.<\/li>\n<li>Directivos a cargo del seguimiento de proyectos.<\/li>\n<\/ul>\n<h3><span style=\"color: #00416b;\">Pre-requisitos<\/span><\/h3>\n<p>Ser elegible para obtener la certificaci\u00f3n PMP\u00ae, lo que implica:<\/p>\n<ul>\n<li>Tres o m\u00e1s a\u00f1os efectivos de experiencia profesional en Direcci\u00f3n de Proyectos si se tiene un t\u00edtulo universitario de una carrera de 4 o m\u00e1s a\u00f1os.<\/li>\n<li>Cinco o m\u00e1s a\u00f1os efectivos de experiencia profesional en Direcci\u00f3n de Proyectos en caso contrario.<\/li>\n<\/ul>\n<p>[\/vc_column_text][\/vc_tta_section][vc_tta_section title=\u00bbObjetivos\u00bb tab_id=\u00bb1541444757839-058727a5-b556&#8243;][vc_column_text]<strong>Al finalizar este curso usted ser\u00e1 capaz de:<\/strong><\/p>\n<ul>\n<li>Conocer, comprender y dominar las mejores pr\u00e1cticas de Direcci\u00f3n de Proyectos del Project Management Institute.<\/li>\n<li>Aplicar estos conocimientos en su trabajo diario en Direcci\u00f3n de Proyectos.<\/li>\n<li>Influenciar a sus organizaciones para que estas pr\u00e1cticas mejoren la gesti\u00f3n de sus proyectos y as\u00ed, los resultados estrat\u00e9gicos de la empresa.<\/li>\n<li>Realizar el examen de PMP\u00ae del PMI \u00ae para optar por la certificaci\u00f3n.<\/li>\n<\/ul>\n<p>[\/vc_column_text][\/vc_tta_section][vc_tta_section title=\u00bbContenido\u00bb tab_id=\u00bb1541455357238-d8636f7d-26cc\u00bb][vc_column_text]<strong>En este curso usted aprender\u00e1 sobre:<\/strong><\/p>\n<ul>\n<li><strong>Creando un Equipo de Alto desempe\u00f1o<br \/>\n<\/strong>Aprenda a definir reglas b\u00e1sicas del equipo, construya un entendimiento com\u00fan, lidere equipos virtuales y m\u00e1s.<\/li>\n<\/ul>\n<ul>\n<li><strong>Manteniendo a su equipo enfocado<br \/>\n<\/strong>Aprende a colaborar con interesados, liderar el equipo, gestionar el conflicto y m\u00e1s.<\/li>\n<\/ul>\n<ul>\n<li><strong>Iniciando su Proyecto<br \/>\n<\/strong>Aprende a involucrar a los interesados, planificar y gestionar el alcance, evaluar y gestionar el riesgo y m\u00e1s.<\/li>\n<\/ul>\n<ul>\n<li><strong>Haciendo el Trabajo<br \/>\n<\/strong>Aprenda a gestionar los cambios, identificar m\u00e9todos y pr\u00e1cticas, establecer el Gobierno del proyecto y m\u00e1s.<\/li>\n<\/ul>\n<ul>\n<li><strong>Manteniendo el Negocio en Mente.<br \/>\n<\/strong>Aprende a evaluar cambios en el entorno y el negocio, potenciar el cambio organizacional, mejore los procesos y m\u00e1s.<\/li>\n<\/ul>\n<p>[\/vc_column_text][\/vc_tta_section][vc_tta_section title=\u00bbIncluye\u00bb tab_id=\u00bb1541455369971-f2c4148a-d49e\u00bb][vc_column_text]<strong>Al matricular este taller usted contar\u00e1 con:<\/strong><\/p>\n<ul>\n<li>Material digital del PMI utilizado en el curso (En ingl\u00e9s o espa\u00f1ol).<\/li>\n<li>Simulador: Luego del curso el estudiante realizar\u00e1 un examen de simulaci\u00f3n completo de 180 preguntas y se le entregar\u00e1 el resultado.<\/li>\n<li>Capacitaci\u00f3n v\u00e1lida ante el PMI\u00ae para optar por la certificaci\u00f3n PMP\u00ae.<\/li>\n<li>Al finalizar el curso se otorga un diploma de participaci\u00f3n en el que se avala 44 horas de capacitaci\u00f3n formal, lo que cumple con el requisito m\u00ednimo de 35 horas de formaci\u00f3n en Direcci\u00f3n de Proyectos, exigido por el PMI\u00ae<\/li>\n<li>Curso online Scrum Fundamentals Certified y examen de certificaci\u00f3n.<\/li>\n<\/ul>\n<p>[\/vc_column_text][\/vc_tta_section][\/vc_tta_tabs][vc_column_text]<span style=\"font-size: 18px;\"><strong>Compra en nuestra Tienda Online<\/strong><\/span>[\/vc_column_text][\/vc_column][vc_column width=\u00bb1\/3&#8243; text_align=\u00bbleft\u00bb css=\u00bb.vc_custom_1538081853323{padding-left: 0px !important;}\u00bb]<div class=\"porto-u-heading  wpb_custom_95aa9a11c17ad45cfabaf210d84ee7cc porto-u-6746\"><div class=\"porto-u-main-heading\"><h2   style=\"font-weight:bold;line-height:27px;\">CURSOS PROYECTUM<\/h2><\/div><style>.porto-u-6746.porto-u-heading{text-align:left}<\/style><\/div>[vc_tta_accordion][vc_tta_section title=\u00bbCERTIFICACIONES\u00bb tab_id=\u00bb1537992268425-9e4a4cbc-6b0c\u00bb][vc_wp_custommenu nav_menu=\u00bb47&#8243;][\/vc_tta_section][vc_tta_section title=\u00bbDIRECCION DE PROYECTOS\u00bb tab_id=\u00bb1537992268460-618971a0-346c\u00bb][vc_wp_custommenu nav_menu=\u00bb48&#8243;][\/vc_tta_section][vc_tta_section title=\u00bbFUNDAMENTOS AGILES &amp; DEVOPS\u00bb tab_id=\u00bb1537992323741-129d2b9f-2fec\u00bb][vc_wp_custommenu nav_menu=\u00bb49&#8243;][\/vc_tta_section][vc_tta_section title=\u00bbOTROS PROGRAMAS Y CURSOS\u00bb tab_id=\u00bb1537992349441-86ffaea1-7c3c\u00bb][vc_wp_custommenu nav_menu=\u00bb50&#8243;][\/vc_tta_section][\/vc_tta_accordion][\/vc_column][\/vc_row][vc_row][vc_column]<div class=\"woocommerce columns-2 \"><\/div>[\/vc_column][\/vc_row][vc_row css=\u00bb.vc_custom_1567568197298{margin-top: 30px !important;margin-bottom: 30px !important;}\u00bb][vc_column][vc_raw_html]JTNDaWZyYW1lJTIwc3R5bGUlM0QlMjJib3JkZXIlM0ElMjAwcHglMjFpbXBvcnRhbnQlM0IlMjIlMjBzcmMlM0QlMjJodHRwcyUzQSUyRiUyRnd3dy5wcm95ZWN0dW0uY29tJTJGc2lzdGVtYSUyRmZvcm11bGFyaW8tamV0cGFjay1wbXAlMkYlMjIlMjB3aWR0aCUzRCUyMjEwMDBweCUyMiUyMGhlaWdodCUzRCUyMjcwMHB4JTIyJTNFJTNDJTJGaWZyYW1lJTNF[\/vc_raw_html][\/vc_column][\/vc_row]<\/p>\n<\/div>","protected":false},"excerpt":{"rendered":"<p>[vc_row full_width=\u00bbstretch_row\u00bb css=\u00bb.vc_custom_1538081762258{padding-top: 58px !important;padding-bottom: 58px !important;background-image: url(https:\/\/www.proyectum.com\/cl\/wp-content\/uploads\/2018\/09\/curso-tipo.png?id=6990) !important;background-position: center !important;background-repeat: no-repeat !important;background-size: cover !important;}\u00bb][vc_column width=\u00bb2\/3&#8243;][vc_custom_heading text=\u00bbTaller de Preparaci\u00f3n para la Certificaci\u00f3n PMP\u00ae (Material del Project Management Institute)\u00bb font_container=\u00bbtag:h1|font_size:35|text_align:center|color:%23ffffff\u00bb use_theme_fonts=\u00bbyes\u00bb css=\u00bb.vc_custom_1634052845206{margin-bottom: 0px !important;}\u00bb][\/vc_column][vc_column width=\u00bb1\/3&#8243;][\/vc_column][\/vc_row][vc_row css=\u00bb.vc_custom_1488777218947{padding-top: 25px !important;padding-bottom: 60px !important;}\u00bb][vc_column width=\u00bb2\/3&#8243; css=\u00bb.vc_custom_1538081880375{padding-right: 40px !important;}\u00bb][vc_column_text]La certificaci\u00f3n \u00abProject Management Professional\u00bb (PMP\u00ae), es la segunda de las ocho certificaciones [&hellip;]<\/p>\n","protected":false},"author":2,"featured_media":0,"parent":6889,"menu_order":92,"comment_status":"closed","ping_status":"closed","template":"","meta":{"footnotes":""},"class_list":["post-7009","page","type-page","status-publish","hentry"],"_links":{"self":[{"href":"https:\/\/proyectum.com\/ec\/wp-json\/wp\/v2\/pages\/7009"}],"collection":[{"href":"https:\/\/proyectum.com\/ec\/wp-json\/wp\/v2\/pages"}],"about":[{"href":"https:\/\/proyectum.com\/ec\/wp-json\/wp\/v2\/types\/page"}],"author":[{"embeddable":true,"href":"https:\/\/proyectum.com\/ec\/wp-json\/wp\/v2\/users\/2"}],"replies":[{"embeddable":true,"href":"https:\/\/proyectum.com\/ec\/wp-json\/wp\/v2\/comments?post=7009"}],"version-history":[{"count":0,"href":"https:\/\/proyectum.com\/ec\/wp-json\/wp\/v2\/pages\/7009\/revisions"}],"up":[{"embeddable":true,"href":"https:\/\/proyectum.com\/ec\/wp-json\/wp\/v2\/pages\/6889"}],"wp:attachment":[{"href":"https:\/\/proyectum.com\/ec\/wp-json\/wp\/v2\/media?parent=7009"}],"curies":[{"name":"wp","href":"https:\/\/api.w.org\/{rel}","templated":true}]}}