{"id":7031,"date":"2018-11-05T22:03:17","date_gmt":"2018-11-06T01:03:17","guid":{"rendered":"https:\/\/www.proyectum.com\/cl\/?page_id=7031"},"modified":"2021-03-31T17:35:45","modified_gmt":"2021-03-31T22:35:45","slug":"scrum-master-certified","status":"publish","type":"page","link":"https:\/\/proyectum.com\/ec\/capacitacion\/scrum-master-certified\/","title":{"rendered":"Curso de Preparaci\u00f3n Scrum Master Certified (SMC\u2122)"},"content":{"rendered":"<div class=\"wpb-content-wrapper\"><p>[vc_row full_width=\u00bbstretch_row\u00bb css=\u00bb.vc_custom_1538081762258{padding-top: 58px !important;padding-bottom: 58px !important;background-image: url(https:\/\/www.proyectum.com\/cl\/wp-content\/uploads\/2018\/09\/curso-tipo.png?id=6990) !important;background-position: center !important;background-repeat: no-repeat !important;background-size: cover !important;}\u00bb][vc_column width=\u00bb2\/3&#8243;][vc_custom_heading text=\u00bbCURSO DE PREPARACI\u00d3N SCRUM MASTER CERTIFIED (SMC\u2122)\u00bb font_container=\u00bbtag:h1|font_size:35|text_align:center|color:%23ffffff\u00bb use_theme_fonts=\u00bbyes\u00bb css=\u00bb.vc_custom_1541465879755{margin-bottom: 0px !important;}\u00bb][\/vc_column][vc_column width=\u00bb1\/3&#8243;][\/vc_column][\/vc_row][vc_row css=\u00bb.vc_custom_1488777218947{padding-top: 25px !important;padding-bottom: 60px !important;}\u00bb][vc_column width=\u00bb2\/3&#8243; css=\u00bb.vc_custom_1538081880375{padding-right: 40px !important;}\u00bb][vc_column_text]<span style=\"font-size: 18px;\">Este curso tiene por finalidad comprender los fundamentos de los m\u00e9todos \u00e1giles y el rol del Scrum Master como facilitador del proceso, profundizando en temas de comunicaci\u00f3n, liderazgo y desarrollo de equipos colaborativos.<\/span><\/p>\n<p><span style=\"font-size: 18px;\">Los participantes en este curso podr\u00e1n optar a la certificaci\u00f3n\u00a0<strong>Scrum Master Certified<\/strong>\u00a0otorgada por SCRUMstudy.<\/span>[\/vc_column_text][vc_tta_tabs active_section=\u00bb1&#8243; css=\u00bb.vc_custom_1538062059766{margin-top: 20px !important;}\u00bb][vc_tta_section title=\u00bbAntecedentes\u00bb tab_id=\u00bb1541444757751-389b2c58-e32c\u00bb][vc_column_text]<\/p>\n<h3><span style=\"color: #00416b; font-size: 16px;\">\u00bfQui\u00e9nes deben participar?<\/span><\/h3>\n<p><span style=\"font-size: 16px;\">Este curso ha sido pensado para todas aquellas personas que ejercer\u00e1n o ejercen el rol de Scrum Master en su organizaci\u00f3n, con el prop\u00f3sito de mejorar la productividad de los equipos de proyecto, reducir los tiempos de entrega y garantizar la satisfacci\u00f3n del cliente.<\/span>[\/vc_column_text][\/vc_tta_section][vc_tta_section title=\u00bbObjetivos\u00bb tab_id=\u00bb1541455357238-d8636f7d-26cc\u00bb][vc_column_text]<span style=\"font-size: 16px;\">Al finalizar el curso, los participantes ser\u00e1n capaces de:<\/span><\/p>\n<ul>\n<li><span style=\"font-size: 16px;\">Entender los valores y principios \u00e1giles.<\/span><\/li>\n<li><span style=\"font-size: 16px;\">Entender las bases del marco de trabajo de SCRUM: Historia, Valores, Principios, Aspectos y elementos dentro del control emp\u00edrico del proceso.<\/span><\/li>\n<li><span style=\"font-size: 16px;\">Entender y aplicar el ciclo de Scrum, los procesos, eventos y principales herramientas para la estimaci\u00f3n de actividades.<\/span><\/li>\n<li><span style=\"font-size: 16px;\">Apreciar el valor de cada uno de los roles principales dentro de un equipo SCRUM, estableciendo las diferencias entre ellos y sus niveles de responsabilidad.<\/span><\/li>\n<li><span style=\"font-size: 16px;\">Identificar c\u00f3mo el rol del Scrum Master incide en el desarrollo del equipo facilitando y sirviendo al equipo como punto de apoyo en el \u00e9xito de sus objetivos.<\/span><\/li>\n<li><span style=\"font-size: 16px;\">Apoyar la r\u00e1pida identificaci\u00f3n, resoluci\u00f3n o escalamiento de los impedimentos a los resultados del trabajo del Equipo Scrum.<\/span><\/li>\n<li><span style=\"font-size: 16px;\">Ense\u00f1ar t\u00e9cnicas y herramientas que promueven la colaboraci\u00f3n entre el equipo de desarrollo y el due\u00f1o del producto.<\/span><\/li>\n<li><span style=\"font-size: 16px;\">Entender cu\u00e1n escalable es Scrum dentro de la organizaci\u00f3n y los aspectos a considerar en su adopci\u00f3n.<\/span><\/li>\n<\/ul>\n<p>[\/vc_column_text][\/vc_tta_section][vc_tta_section title=\u00bbContenido\u00bb tab_id=\u00bb1579558941460-e7ab53cf-415e\u00bb][vc_column_text]<\/p>\n<h2><strong>Plan de estudios<\/strong><\/h2>\n<p>1.\u00a0 <strong>Descripci\u00f3n de \u00c1gil<\/strong><\/p>\n<p>\u2022 \u00a0 El surgimiento de \u00c1gil<\/p>\n<p>\u2022 \u00a0 El manifiesto \u00c1gil<\/p>\n<p>\u2022 \u00a0 Principios del manifiesto \u00c1gil<\/p>\n<p>\u2022 \u00a0 Declaraci\u00f3n de\u00a0interdependencia<\/p>\n<p>\u2022 \u00a0 M\u00e9todos \u00c1giles<\/p>\n<p>\u2022 \u00a0 Agile vs. Direcci\u00f3n de Proyecto tradicional<\/p>\n<p><strong>2.\u00a0 Descripci\u00f3n de Scrum<\/strong><\/p>\n<p>\u2022 \u00a0 Principios de Scrum<\/p>\n<p>\u2022 \u00a0 Aspectos de Scrum<\/p>\n<p>\u2022 \u00a0 Procesos de Scrum<\/p>\n<p>\u2022 \u00a0 Ventajas de Scrum<\/p>\n<p><strong>3. \u00a0Roles en Scrum<\/strong><\/p>\n<p>\u2022 \u00a0 Funciones de Scrum<\/p>\n<p>i.\u00a0 Propietario del producto<\/p>\n<p>ii. Scrum Master<\/p>\n<p>iii.Equipo de Scrum<\/p>\n<p>\u2022 \u00a0 Funciones no centrales<\/p>\n<p><strong>4.\u00a0 Fases de Scrum<\/strong><\/p>\n<p>\u2022 \u00a0 Inicio<\/p>\n<p>\u2022 \u00a0 Plan y estimaci\u00f3n<\/p>\n<p>\u2022 \u00a0 Implementaci\u00f3n<\/p>\n<p>\u2022 \u00a0 Revisi\u00f3n y retrospectiva<\/p>\n<p>\u2022 \u00a0 Lanzamiento<\/p>\n<p><strong>5.\u00a0 Escalando Scrum<\/strong><\/p>\n<p>\u2022 \u00a0 Escalabilidad de Scrum<\/p>\n<p>\u2022 \u00a0 Scrum en programas y\u00a0portfolios<\/p>\n<p>\u2022 \u00a0 Reuniones de Scrum de<\/p>\n<p>Scrums (SoS)<\/p>\n<p>\u2022 \u00a0 Transici\u00f3n a Scrum<\/p>\n<p>\u2022 \u00a0 Trazo de las funciones\u00a0tradicionales de Scrum<\/p>\n<p>\u2022 \u00a0 Mantener involucrados a los\u00a0interesados<\/p>\n<p>\u2022 \u00a0 Importancia del apoyo\u00a0ejecutivo[\/vc_column_text][\/vc_tta_section][vc_tta_section title=\u00bbDuraci\u00f3n\u00bb tab_id=\u00bb1541455369971-f2c4148a-d49e\u00bb][vc_column_text]<\/p>\n<h3><span style=\"color: #00416b; font-size: 16px;\">Duraci\u00f3n del curso:<\/span><\/h3>\n<p><span style=\"font-size: 16px;\">16 horas<\/span><\/p>\n<h3><span style=\"color: #00416b; font-size: 16px;\">Acreditaci\u00f3n PDU:<\/span><\/h3>\n<p><span style=\"font-size: 16px;\">16 PDUs<\/span>[\/vc_column_text][\/vc_tta_section][\/vc_tta_tabs][\/vc_column][vc_column width=\u00bb1\/3&#8243; text_align=\u00bbleft\u00bb css=\u00bb.vc_custom_1538081853323{padding-left: 0px !important;}\u00bb]<div class=\"porto-u-heading  wpb_custom_95aa9a11c17ad45cfabaf210d84ee7cc porto-u-9083\"><div class=\"porto-u-main-heading\"><h2   style=\"font-weight:bold;line-height:27px;\">CURSOS PROYECTUM<\/h2><\/div><style>.porto-u-9083.porto-u-heading{text-align:left}<\/style><\/div>[vc_tta_accordion][vc_tta_section title=\u00bbCERTIFICACIONES\u00bb tab_id=\u00bb1537992268425-9e4a4cbc-6b0c\u00bb][vc_wp_custommenu nav_menu=\u00bb47&#8243;][\/vc_tta_section][vc_tta_section title=\u00bbDIRECCION DE PROYECTOS\u00bb tab_id=\u00bb1537992268460-618971a0-346c\u00bb][vc_wp_custommenu nav_menu=\u00bb48&#8243;][\/vc_tta_section][vc_tta_section title=\u00bbLEAN Y AGILE ESSENTIALS\u00bb tab_id=\u00bb1537992323741-129d2b9f-2fec\u00bb][vc_wp_custommenu nav_menu=\u00bb49&#8243;][\/vc_tta_section][vc_tta_section title=\u00bbOTROS PROGRAMAS Y CURSOS\u00bb tab_id=\u00bb1537992349441-86ffaea1-7c3c\u00bb][vc_wp_custommenu nav_menu=\u00bb50&#8243;][\/vc_tta_section][\/vc_tta_accordion][vc_btn title=\u00bbQUIERO INSCRIBIRME\u00bb align=\u00bbcenter\u00bb i_icon_fontawesome=\u00bbfa fa-question-circle\u00bb add_icon=\u00bbtrue\u00bb el_class=\u00bbbtn-saber-mas\u00bb link=\u00bburl:https%3A%2F%2Fproyectum.com%2Fec%2Finscripcion-cursos%2F|||\u00bb][\/vc_column][\/vc_row][vc_row css=\u00bb.vc_custom_1567568394835{margin-top: 30px !important;margin-bottom: 30px !important;}\u00bb][vc_column][vc_raw_html]JTNDaWZyYW1lJTIwc3R5bGUlM0QlMjJib3JkZXIlM0ElMjAwcHglMjFpbXBvcnRhbnQlM0IlMjIlMjBzcmMlM0QlMjJodHRwcyUzQSUyRiUyRnd3dy5wcm95ZWN0dW0uY29tJTJGc2lzdGVtYSUyRmZvcm11bGFyaW8tamV0cGFjayUyRiUyMiUyMHdpZHRoJTNEJTIyMTAwMHB4JTIyJTIwaGVpZ2h0JTNEJTIyMTAwMHB4JTIyJTNFJTNDJTJGaWZyYW1lJTNF[\/vc_raw_html][\/vc_column][\/vc_row]<\/p>\n<\/div>","protected":false},"excerpt":{"rendered":"<p>[vc_row full_width=\u00bbstretch_row\u00bb css=\u00bb.vc_custom_1538081762258{padding-top: 58px !important;padding-bottom: 58px !important;background-image: url(https:\/\/www.proyectum.com\/cl\/wp-content\/uploads\/2018\/09\/curso-tipo.png?id=6990) !important;background-position: center !important;background-repeat: no-repeat !important;background-size: cover !important;}\u00bb][vc_column width=\u00bb2\/3&#8243;][vc_custom_heading text=\u00bbCURSO DE PREPARACI\u00d3N SCRUM MASTER CERTIFIED (SMC\u2122)\u00bb font_container=\u00bbtag:h1|font_size:35|text_align:center|color:%23ffffff\u00bb use_theme_fonts=\u00bbyes\u00bb css=\u00bb.vc_custom_1541465879755{margin-bottom: 0px !important;}\u00bb][\/vc_column][vc_column width=\u00bb1\/3&#8243;][\/vc_column][\/vc_row][vc_row css=\u00bb.vc_custom_1488777218947{padding-top: 25px !important;padding-bottom: 60px !important;}\u00bb][vc_column width=\u00bb2\/3&#8243; css=\u00bb.vc_custom_1538081880375{padding-right: 40px !important;}\u00bb][vc_column_text]Este curso tiene por finalidad comprender los fundamentos de los m\u00e9todos \u00e1giles y el rol del Scrum Master [&hellip;]<\/p>\n","protected":false},"author":2,"featured_media":0,"parent":6889,"menu_order":90,"comment_status":"closed","ping_status":"closed","template":"","meta":{"footnotes":""},"class_list":["post-7031","page","type-page","status-publish","hentry"],"_links":{"self":[{"href":"https:\/\/proyectum.com\/ec\/wp-json\/wp\/v2\/pages\/7031"}],"collection":[{"href":"https:\/\/proyectum.com\/ec\/wp-json\/wp\/v2\/pages"}],"about":[{"href":"https:\/\/proyectum.com\/ec\/wp-json\/wp\/v2\/types\/page"}],"author":[{"embeddable":true,"href":"https:\/\/proyectum.com\/ec\/wp-json\/wp\/v2\/users\/2"}],"replies":[{"embeddable":true,"href":"https:\/\/proyectum.com\/ec\/wp-json\/wp\/v2\/comments?post=7031"}],"version-history":[{"count":0,"href":"https:\/\/proyectum.com\/ec\/wp-json\/wp\/v2\/pages\/7031\/revisions"}],"up":[{"embeddable":true,"href":"https:\/\/proyectum.com\/ec\/wp-json\/wp\/v2\/pages\/6889"}],"wp:attachment":[{"href":"https:\/\/proyectum.com\/ec\/wp-json\/wp\/v2\/media?parent=7031"}],"curies":[{"name":"wp","href":"https:\/\/api.w.org\/{rel}","templated":true}]}}