{"id":7035,"date":"2018-11-07T10:25:40","date_gmt":"2018-11-07T13:25:40","guid":{"rendered":"https:\/\/www.proyectum.com\/cl\/?page_id=7035"},"modified":"2021-03-31T17:39:16","modified_gmt":"2021-03-31T22:39:16","slug":"preparacion-certificacion-product-owner","status":"publish","type":"page","link":"https:\/\/proyectum.com\/ec\/capacitacion\/preparacion-certificacion-product-owner\/","title":{"rendered":"Preparaci\u00f3n Certificaci\u00f3n Product Owner (SPOC\u2122)"},"content":{"rendered":"<div class=\"wpb-content-wrapper\"><p>[vc_row full_width=\u00bbstretch_row\u00bb css=\u00bb.vc_custom_1538081762258{padding-top: 58px !important;padding-bottom: 58px !important;background-image: url(https:\/\/www.proyectum.com\/cl\/wp-content\/uploads\/2018\/09\/curso-tipo.png?id=6990) !important;background-position: center !important;background-repeat: no-repeat !important;background-size: cover !important;}\u00bb][vc_column width=\u00bb2\/3&#8243;][vc_custom_heading text=\u00bbPREPARACI\u00d3N CERTIFICACI\u00d3N PRODUCT OWNER (SPOC\u2122)\u00bb font_container=\u00bbtag:h1|font_size:35|text_align:center|color:%23ffffff\u00bb use_theme_fonts=\u00bbyes\u00bb css=\u00bb.vc_custom_1579145650141{margin-bottom: 0px !important;}\u00bb][\/vc_column][vc_column width=\u00bb1\/3&#8243;][\/vc_column][\/vc_row][vc_row css=\u00bb.vc_custom_1488777218947{padding-top: 25px !important;padding-bottom: 60px !important;}\u00bb][vc_column width=\u00bb2\/3&#8243; css=\u00bb.vc_custom_1538081880375{padding-right: 40px !important;}\u00bb][vc_column_text]El curso para la certificaci\u00f3n como Product Owner brinda a los participantes una experiencia vivencial sobre la aplicaci\u00f3n de Scrum como m\u00e9todo para la gesti\u00f3n de proyectos \u00e1giles. \u00a0Busca entender las principales responsabilidades del rol durante el ciclo y su impacto en la gesti\u00f3n de las expectativas del cliente como factor clave en el \u00e9xito del proyecto.<\/p>\n<p>Los participantes en este curso podr\u00e1n optar por la certificaci\u00f3n\u00a0<strong>Scrum Product Owner Certified <\/strong>otorgada por SCRUMStudy.[\/vc_column_text][vc_tta_tabs active_section=\u00bb1&#8243; css=\u00bb.vc_custom_1538062059766{margin-top: 20px !important;}\u00bb][vc_tta_section title=\u00bbAntecedentes\u00bb tab_id=\u00bb1541444757751-389b2c58-e32c\u00bb][vc_column_text]<\/p>\n<h3><span style=\"color: #00416b; font-size: 16px;\">\u00bfQui\u00e9nes deben participar?<\/span><\/h3>\n<ul>\n<li><span style=\"font-size: 16px;\">Este curso ha sido dise\u00f1ado para quienes desean iniciarse en la pr\u00e1ctica de m\u00e9todos \u00e1giles o que participan de manera directa en la toma de requerimientos con el cliente.<\/span><\/li>\n<li><span style=\"font-size: 16px;\">Es ideal para las personas del \u00e1rea de negocio, ventas o comercial que interact\u00faan con equipos de desarrollo o de entrega de soluciones.<\/span><\/li>\n<\/ul>\n<p>[\/vc_column_text][\/vc_tta_section][vc_tta_section title=\u00bbObjetivos\u00bb tab_id=\u00bb1541455357238-d8636f7d-26cc\u00bb][vc_column_text]<strong>Al finalizar el curso, los participantes ser\u00e1n capaces de:<\/strong><\/p>\n<ul>\n<li>Valorar la importancia del rol de PO como representante de la voz del cliente y de qu\u00e9 manera Scrum ayuda a maximizar el retorno de la inversi\u00f3n.<\/li>\n<li>Desarrollar habilidades de comunicaci\u00f3n y negociaci\u00f3n que les permitir\u00e1n mejorar las interacciones entre los distintos interesados del proyecto.<\/li>\n<li>Aplicar t\u00e9cnicas y herramientas de priorizaci\u00f3n en el levantamiento de requerimientos a trav\u00e9s del uso del product backlog.<\/li>\n<li>Comunicar las necesidades del negocio a trav\u00e9s del uso de historias de usuarios y definici\u00f3n de criterios de aceptaci\u00f3n.<\/li>\n<li>Monitorear el progreso en la entrega de valor al cliente realizando ajustes en sus requerimientos con base en los objetivos estrat\u00e9gicos.<\/li>\n<\/ul>\n<p>[\/vc_column_text][\/vc_tta_section][vc_tta_section title=\u00bbDuraci\u00f3n\u00bb tab_id=\u00bb1541455369971-f2c4148a-d49e\u00bb][vc_column_text]<\/p>\n<h3><span style=\"color: #00416b; font-size: 16px;\">Duraci\u00f3n del curso:<\/span><\/h3>\n<p><span style=\"font-size: 16px;\">8 horas<\/span>[\/vc_column_text][\/vc_tta_section][vc_tta_section title=\u00bbPrerrequisito\u00bb tab_id=\u00bb1578839481197-b78daa4e-673e\u00bb][vc_column_text]Haber tomado el curso Preparaci\u00f3n para la Certificaci\u00f3n Scrum Master SMC\u00ae o similar[\/vc_column_text][\/vc_tta_section][\/vc_tta_tabs][\/vc_column][vc_column width=\u00bb1\/3&#8243; text_align=\u00bbleft\u00bb css=\u00bb.vc_custom_1538081853323{padding-left: 0px !important;}\u00bb]<div class=\"porto-u-heading  wpb_custom_95aa9a11c17ad45cfabaf210d84ee7cc porto-u-5001\"><div class=\"porto-u-main-heading\"><h2   style=\"font-weight:bold;line-height:27px;\">CURSOS PROYECTUM<\/h2><\/div><style>.porto-u-5001.porto-u-heading{text-align:left}<\/style><\/div>[vc_tta_accordion][vc_tta_section title=\u00bbCERTIFICACIONES\u00bb tab_id=\u00bb1537992268425-9e4a4cbc-6b0c\u00bb][vc_wp_custommenu nav_menu=\u00bb47&#8243;][\/vc_tta_section][vc_tta_section title=\u00bbDIRECCION DE PROYECTOS\u00bb tab_id=\u00bb1537992268460-618971a0-346c\u00bb][vc_wp_custommenu nav_menu=\u00bb48&#8243;][\/vc_tta_section][vc_tta_section title=\u00bbFUNDAMENTOS AGILES &amp; DEVOPS\u00bb tab_id=\u00bb1537992323741-129d2b9f-2fec\u00bb][vc_wp_custommenu nav_menu=\u00bb49&#8243;][\/vc_tta_section][vc_tta_section title=\u00bbOTROS PROGRAMAS Y CURSOS\u00bb tab_id=\u00bb1537992349441-86ffaea1-7c3c\u00bb][vc_wp_custommenu nav_menu=\u00bb50&#8243;][\/vc_tta_section][\/vc_tta_accordion][vc_btn title=\u00bbQUIERO INSCRIBIRME\u00bb align=\u00bbcenter\u00bb i_icon_fontawesome=\u00bbfa fa-question-circle\u00bb add_icon=\u00bbtrue\u00bb el_class=\u00bbbtn-saber-mas\u00bb link=\u00bburl:https%3A%2F%2Fproyectum.com%2Fec%2Finscripcion-cursos%2F|||\u00bb][\/vc_column][\/vc_row][vc_row css=\u00bb.vc_custom_1567568420768{margin-top: 30px !important;margin-bottom: 30px !important;}\u00bb][vc_column][vc_raw_html]JTNDaWZyYW1lJTIwc3R5bGUlM0QlMjJib3JkZXIlM0ElMjAwcHglMjFpbXBvcnRhbnQlM0IlMjIlMjBzcmMlM0QlMjJodHRwcyUzQSUyRiUyRnd3dy5wcm95ZWN0dW0uY29tJTJGc2lzdGVtYSUyRmZvcm11bGFyaW8tamV0cGFjayUyRiUyMiUyMHdpZHRoJTNEJTIyMTAwMHB4JTIyJTIwaGVpZ2h0JTNEJTIyMTAwMHB4JTIyJTNFJTNDJTJGaWZyYW1lJTNF[\/vc_raw_html][\/vc_column][\/vc_row]<\/p>\n<\/div>","protected":false},"excerpt":{"rendered":"<p>[vc_row full_width=\u00bbstretch_row\u00bb css=\u00bb.vc_custom_1538081762258{padding-top: 58px !important;padding-bottom: 58px !important;background-image: url(https:\/\/www.proyectum.com\/cl\/wp-content\/uploads\/2018\/09\/curso-tipo.png?id=6990) !important;background-position: center !important;background-repeat: no-repeat !important;background-size: cover !important;}\u00bb][vc_column width=\u00bb2\/3&#8243;][vc_custom_heading text=\u00bbPREPARACI\u00d3N CERTIFICACI\u00d3N PRODUCT OWNER (SPOC\u2122)\u00bb font_container=\u00bbtag:h1|font_size:35|text_align:center|color:%23ffffff\u00bb use_theme_fonts=\u00bbyes\u00bb css=\u00bb.vc_custom_1579145650141{margin-bottom: 0px !important;}\u00bb][\/vc_column][vc_column width=\u00bb1\/3&#8243;][\/vc_column][\/vc_row][vc_row css=\u00bb.vc_custom_1488777218947{padding-top: 25px !important;padding-bottom: 60px !important;}\u00bb][vc_column width=\u00bb2\/3&#8243; css=\u00bb.vc_custom_1538081880375{padding-right: 40px !important;}\u00bb][vc_column_text]El curso para la certificaci\u00f3n como Product Owner brinda a los participantes una experiencia vivencial sobre la aplicaci\u00f3n de Scrum [&hellip;]<\/p>\n","protected":false},"author":2,"featured_media":0,"parent":6889,"menu_order":89,"comment_status":"closed","ping_status":"closed","template":"","meta":{"footnotes":""},"class_list":["post-7035","page","type-page","status-publish","hentry"],"_links":{"self":[{"href":"https:\/\/proyectum.com\/ec\/wp-json\/wp\/v2\/pages\/7035"}],"collection":[{"href":"https:\/\/proyectum.com\/ec\/wp-json\/wp\/v2\/pages"}],"about":[{"href":"https:\/\/proyectum.com\/ec\/wp-json\/wp\/v2\/types\/page"}],"author":[{"embeddable":true,"href":"https:\/\/proyectum.com\/ec\/wp-json\/wp\/v2\/users\/2"}],"replies":[{"embeddable":true,"href":"https:\/\/proyectum.com\/ec\/wp-json\/wp\/v2\/comments?post=7035"}],"version-history":[{"count":0,"href":"https:\/\/proyectum.com\/ec\/wp-json\/wp\/v2\/pages\/7035\/revisions"}],"up":[{"embeddable":true,"href":"https:\/\/proyectum.com\/ec\/wp-json\/wp\/v2\/pages\/6889"}],"wp:attachment":[{"href":"https:\/\/proyectum.com\/ec\/wp-json\/wp\/v2\/media?parent=7035"}],"curies":[{"name":"wp","href":"https:\/\/api.w.org\/{rel}","templated":true}]}}