{"id":7056,"date":"2018-11-07T14:45:59","date_gmt":"2018-11-07T17:45:59","guid":{"rendered":"https:\/\/www.proyectum.com\/cl\/?page_id=7056"},"modified":"2020-08-21T00:59:58","modified_gmt":"2020-08-21T03:59:58","slug":"lean-essentials-2","status":"publish","type":"page","link":"https:\/\/proyectum.com\/ec\/capacitacion\/lean-essentials-2\/","title":{"rendered":"Fundamentals of Lean"},"content":{"rendered":"<div class=\"wpb-content-wrapper\"><p>[vc_row full_width=\u00bbstretch_row\u00bb css=\u00bb.vc_custom_1538081762258{padding-top: 58px !important;padding-bottom: 58px !important;background-image: url(https:\/\/www.proyectum.com\/cl\/wp-content\/uploads\/2018\/09\/curso-tipo.png?id=6990) !important;background-position: center !important;background-repeat: no-repeat !important;background-size: cover !important;}\u00bb][vc_column width=\u00bb2\/3&#8243;][vc_custom_heading text=\u00bbFundamentals of Lean\u00bb font_container=\u00bbtag:h1|font_size:35|text_align:center|color:%23ffffff\u00bb use_theme_fonts=\u00bbyes\u00bb css=\u00bb.vc_custom_1597982149527{margin-bottom: 0px !important;}\u00bb][\/vc_column][vc_column width=\u00bb1\/3&#8243;][\/vc_column][\/vc_row][vc_row css=\u00bb.vc_custom_1488777218947{padding-top: 25px !important;padding-bottom: 60px !important;}\u00bb][vc_column width=\u00bb2\/3&#8243; css=\u00bb.vc_custom_1538081880375{padding-right: 40px !important;}\u00bb][vc_column_text]Lean le ayudar\u00e1 a centrarse en el flujo de valor para el cliente de forma r\u00e1pida, sostenible, confiable y con alta calidad. Lean no es una soluci\u00f3n empaquetada; m\u00e1s bien utilizamos el pensamiento lean para guiar la transformaci\u00f3n de una organizaci\u00f3n hacia la agilidad empresarial. El pensamiento Lean examina todo el sistema y todos los flujos de valor. Para lograr esto, Lean emplea conceptos como eliminaci\u00f3n de desperdicio, costo de demora, calidad, retroalimentaci\u00f3n y respuesta r\u00e1pidas y el rol de la gerencia.<\/p>\n<p>&nbsp;<\/p>\n<p>Este taller le ense\u00f1ar\u00e1 c\u00f3mo crear un entorno que promueva lograr la agilidad dentro de su equipo mientras trabaja hacia la realizaci\u00f3n r\u00e1pida de valor utilizando el pensamiento Lean. Se utilizan juegos, simulaciones y discusiones grupales para reforzar las pr\u00e1cticas aprendidas durante este taller.<\/p>\n<p>&nbsp;<\/p>\n<p>Este taller es un m\u00f3dulo pre-requisito para el <a href=\"https:\/\/proyectum.com\/ec\/product\/preparacion-y-certificacion-disciplined-agile-lean-scrum-master\/?v=3fd6b696867d\" target=\"_blank\" rel=\"noopener noreferrer\">curso y certificaci\u00f3n<\/a>\u00a0<strong>Disciplined Agile Lean Scrum Master DALSM \u2013 PMI\u00ae<\/strong>.[\/vc_column_text][vc_tta_tabs active_section=\u00bb1&#8243; css=\u00bb.vc_custom_1538062059766{margin-top: 20px !important;}\u00bb][vc_tta_section title=\u00bbAntecedentes\u00bb tab_id=\u00bb1541444757751-389b2c58-e32c\u00bb][vc_column_text]<\/p>\n<h3><span style=\"color: #00416b;\">Incluye el M\u00f3dulo:<\/span><\/h3>\n<div><\/div>\n<div><span style=\"color: #000000;\">\u2022 Fundamentals of Lean (8 horas)<\/span><\/div>\n<div><\/div>\n<h3><span style=\"color: #00416b;\">\u00bfQui\u00e9nes deben participar?<\/span><\/h3>\n<ul>\n<li>Ejecutivos, L\u00edderes o Gerentes de \u00e1rea.<\/li>\n<li>Gerentes de Desarrollo, QA e Infraestructura.<\/li>\n<li>Directores de Proyecto y de Programa.<\/li>\n<li>Gerentes de Producto.<\/li>\n<li>Gerentes de Portafolio, L\u00edderes de PMO y de Proceso.<\/li>\n<li>Arquitectos empresariales, de sistema y de soluci\u00f3n.<\/li>\n<\/ul>\n<p>[\/vc_column_text][\/vc_tta_section][vc_tta_section title=\u00bbObjetivos\u00bb tab_id=\u00bb1541455357238-d8636f7d-26cc\u00bb][vc_column_text]Al final de la clase, los participantes ser\u00e1n capaces de:<\/p>\n<ul>\n<li>Conocer\u00e1n los fundamentos de Lean: la atenci\u00f3n a la estructura, el tiempo y la educaci\u00f3n<\/li>\n<li>Conocer\u00e1n los principios de Lean<\/li>\n<li>Conocer\u00e1n el aspecto del tiempo de Lean<\/li>\n<li>Conducir el ejercicio de mapa de flujo de valor<\/li>\n<li>Conocer\u00e1n c\u00f3mo es un flujo de valor eficaz en una organizaci\u00f3n<\/li>\n<li>Discutir el papel de la administraci\u00f3n y su efecto en la cultura<\/li>\n<li>Describir c\u00f3mo utilizar el Planificar-Hacer-Estudiar-Actuar (PDSA) para la mejora continua<\/li>\n<\/ul>\n<p>[\/vc_column_text][\/vc_tta_section][vc_tta_section title=\u00bbPlan de Estudio\u00bb tab_id=\u00bb1579884516883-8820be9b-8437&#8243;][vc_column_text]<\/p>\n<h3 class=\"vc_custom_heading align-left\">Como l\u00edder de equipo y l\u00edder organizacional, te esfuerzas por ser m\u00e1s \u00e1gil y ayudar a tu equipo y a la organizaci\u00f3n a ser m\u00e1s productivos. Para tener \u00e9xito, necesitas una mentalidad Lean y \u00c1gil.<\/h3>\n<div class=\"wpb_text_column wpb_content_element box-contenido\">\n<div class=\"wpb_wrapper\">\n<p>1. \u00bfQu\u00e9 es Lean y qu\u00e9 no es?<\/p>\n<\/div>\n<\/div>\n<div class=\"wpb_text_column wpb_content_element box-contenido\">\n<div class=\"wpb_wrapper\">\n<p>2. Valor: comprender el valor de los productos y servicios que ofrecemos<\/p>\n<\/div>\n<\/div>\n<div class=\"wpb_text_column wpb_content_element box-contenido\">\n<div class=\"wpb_wrapper\">\n<p>3. El flujo de valor: comprender c\u00f3mo proporcionamos este valor<\/p>\n<\/div>\n<\/div>\n<div class=\"wpb_text_column wpb_content_element box-contenido\">\n<div class=\"wpb_wrapper\">\n<p>4. Flujo de valor y Value Stream Mapping<\/p>\n<\/div>\n<\/div>\n<div class=\"wpb_text_column wpb_content_element box-contenido\">\n<div class=\"wpb_wrapper\">\n<p>5. Flujo: comprender c\u00f3mo hacer nuestro trabajo m\u00e1s eficazmente<\/p>\n<\/div>\n<\/div>\n<div class=\"wpb_text_column wpb_content_element box-contenido\">\n<div class=\"wpb_wrapper\">\n<p>6. Flujo (Flow)<\/p>\n<\/div>\n<\/div>\n<div class=\"wpb_text_column wpb_content_element box-contenido\">\n<div class=\"wpb_wrapper\">\n<p>7. Pull: entender una forma diferente de gestionar el trabajo<\/p>\n<\/div>\n<\/div>\n<div class=\"wpb_text_column wpb_content_element box-contenido\">\n<div class=\"wpb_wrapper\">\n<p>8. Perfecci\u00f3n: buscamos la perfecci\u00f3n, no tanto por lograrla sino por mejorar continuamente<\/p>\n<\/div>\n<\/div>\n<p>[\/vc_column_text][\/vc_tta_section][vc_tta_section title=\u00bbDuraci\u00f3n\u00bb tab_id=\u00bb1541455369971-f2c4148a-d49e\u00bb][vc_column_text]<\/p>\n<h3><span style=\"color: #00416b;\">Duraci\u00f3n del curso:<\/span><\/h3>\n<p>8 horas<\/p>\n<h3><span style=\"color: #00416b;\">Acreditaci\u00f3n PDU:<\/span><\/h3>\n<p>7 PDUs<\/p>\n<h3><span style=\"color: #00416b;\">Pre-requisitos:<\/span><\/h3>\n<ul>\n<li>Ninguno<\/li>\n<\/ul>\n<p>[\/vc_column_text][\/vc_tta_section][\/vc_tta_tabs][\/vc_column][vc_column width=\u00bb1\/3&#8243; text_align=\u00bbleft\u00bb css=\u00bb.vc_custom_1538081853323{padding-left: 0px !important;}\u00bb]<div class=\"porto-u-heading  wpb_custom_95aa9a11c17ad45cfabaf210d84ee7cc porto-u-4943\"><div class=\"porto-u-main-heading\"><h2   style=\"font-weight:bold;line-height:27px;\">CURSOS PROYECTUM<\/h2><\/div><style>.porto-u-4943.porto-u-heading{text-align:left}<\/style><\/div>[vc_tta_accordion active_section=\u00bb3&#8243;][vc_tta_section title=\u00bbCERTIFICACIONES\u00bb tab_id=\u00bb1537992268425-9e4a4cbc-6b0c\u00bb][vc_wp_custommenu nav_menu=\u00bb47&#8243;][\/vc_tta_section][vc_tta_section title=\u00bbDIRECCION DE PROYECTOS\u00bb tab_id=\u00bb1537992268460-618971a0-346c\u00bb][vc_wp_custommenu nav_menu=\u00bb48&#8243;][\/vc_tta_section][vc_tta_section title=\u00bbFUNDAMENTOS AGILES &amp; DEVOPS\u00bb tab_id=\u00bb1537992323741-129d2b9f-2fec\u00bb][vc_wp_custommenu nav_menu=\u00bb49&#8243;][\/vc_tta_section][vc_tta_section title=\u00bbOTROS PROGRAMAS Y CURSOS\u00bb tab_id=\u00bb1537992349441-86ffaea1-7c3c\u00bb][vc_wp_custommenu nav_menu=\u00bb50&#8243;][\/vc_tta_section][\/vc_tta_accordion][vc_btn title=\u00bbQUIERO INSCRIBIRME\u00bb align=\u00bbcenter\u00bb i_icon_fontawesome=\u00bbfa fa-question-circle\u00bb add_icon=\u00bbtrue\u00bb el_class=\u00bbbtn-saber-mas\u00bb link=\u00bburl:https%3A%2F%2Fproyectum.com%2Fec%2Finscripcion-cursos%2F|||\u00bb][\/vc_column][\/vc_row][vc_row css=\u00bb.vc_custom_1567568615286{margin-top: 30px !important;margin-bottom: 30px !important;}\u00bb][vc_column][vc_btn title=\u00bbQUIERO INSCRIBIRME\u00bb align=\u00bbcenter\u00bb i_icon_fontawesome=\u00bbfa fa-question-circle\u00bb add_icon=\u00bbtrue\u00bb el_class=\u00bbbtn-saber-mas\u00bb link=\u00bburl:https%3A%2F%2Fproyectum.com%2Fec%2Finscripcion-cursos%2F|||\u00bb][\/vc_column][\/vc_row]<\/p>\n<\/div>","protected":false},"excerpt":{"rendered":"<p>[vc_row full_width=\u00bbstretch_row\u00bb css=\u00bb.vc_custom_1538081762258{padding-top: 58px !important;padding-bottom: 58px !important;background-image: url(https:\/\/www.proyectum.com\/cl\/wp-content\/uploads\/2018\/09\/curso-tipo.png?id=6990) !important;background-position: center !important;background-repeat: no-repeat !important;background-size: cover !important;}\u00bb][vc_column width=\u00bb2\/3&#8243;][vc_custom_heading text=\u00bbFundamentals of Lean\u00bb font_container=\u00bbtag:h1|font_size:35|text_align:center|color:%23ffffff\u00bb use_theme_fonts=\u00bbyes\u00bb css=\u00bb.vc_custom_1597982149527{margin-bottom: 0px !important;}\u00bb][\/vc_column][vc_column width=\u00bb1\/3&#8243;][\/vc_column][\/vc_row][vc_row css=\u00bb.vc_custom_1488777218947{padding-top: 25px !important;padding-bottom: 60px !important;}\u00bb][vc_column width=\u00bb2\/3&#8243; css=\u00bb.vc_custom_1538081880375{padding-right: 40px !important;}\u00bb][vc_column_text]Lean le ayudar\u00e1 a centrarse en el flujo de valor para el cliente de forma r\u00e1pida, sostenible, confiable y con alta calidad. [&hellip;]<\/p>\n","protected":false},"author":2,"featured_media":0,"parent":6889,"menu_order":79,"comment_status":"closed","ping_status":"closed","template":"","meta":{"footnotes":""},"class_list":["post-7056","page","type-page","status-publish","hentry"],"_links":{"self":[{"href":"https:\/\/proyectum.com\/ec\/wp-json\/wp\/v2\/pages\/7056"}],"collection":[{"href":"https:\/\/proyectum.com\/ec\/wp-json\/wp\/v2\/pages"}],"about":[{"href":"https:\/\/proyectum.com\/ec\/wp-json\/wp\/v2\/types\/page"}],"author":[{"embeddable":true,"href":"https:\/\/proyectum.com\/ec\/wp-json\/wp\/v2\/users\/2"}],"replies":[{"embeddable":true,"href":"https:\/\/proyectum.com\/ec\/wp-json\/wp\/v2\/comments?post=7056"}],"version-history":[{"count":0,"href":"https:\/\/proyectum.com\/ec\/wp-json\/wp\/v2\/pages\/7056\/revisions"}],"up":[{"embeddable":true,"href":"https:\/\/proyectum.com\/ec\/wp-json\/wp\/v2\/pages\/6889"}],"wp:attachment":[{"href":"https:\/\/proyectum.com\/ec\/wp-json\/wp\/v2\/media?parent=7056"}],"curies":[{"name":"wp","href":"https:\/\/api.w.org\/{rel}","templated":true}]}}