{"id":7117,"date":"2018-11-07T18:51:32","date_gmt":"2018-11-07T21:51:32","guid":{"rendered":"https:\/\/www.proyectum.com\/cl\/?page_id=7117"},"modified":"2019-09-03T18:09:02","modified_gmt":"2019-09-03T21:09:02","slug":"pmo-de-cartera-de-proyectos","status":"publish","type":"page","link":"https:\/\/proyectum.com\/ec\/servicios\/pmo-de-cartera-de-proyectos\/","title":{"rendered":"PMO de Cartera de Proyectos"},"content":{"rendered":"<div class=\"wpb-content-wrapper\"><p>[vc_row full_width=\u00bbstretch_row\u00bb css=\u00bb.vc_custom_1538081762258{padding-top: 58px !important;padding-bottom: 58px !important;background-image: url(https:\/\/www.proyectum.com\/cl\/wp-content\/uploads\/2018\/09\/curso-tipo.png?id=6990) !important;background-position: center !important;background-repeat: no-repeat !important;background-size: cover !important;}\u00bb][vc_column width=\u00bb2\/3&#8243;][vc_custom_heading text=\u00bbPMO DE CARTERA DE PROYECTOS\u00bb font_container=\u00bbtag:h1|font_size:35|text_align:center|color:%23ffffff\u00bb use_theme_fonts=\u00bbyes\u00bb css=\u00bb.vc_custom_1541627284262{margin-bottom: 0px !important;}\u00bb][\/vc_column][vc_column width=\u00bb1\/3&#8243;][\/vc_column][\/vc_row][vc_row css=\u00bb.vc_custom_1488777218947{padding-top: 25px !important;padding-bottom: 60px !important;}\u00bb][vc_column width=\u00bb2\/3&#8243; css=\u00bb.vc_custom_1538081880375{padding-right: 40px !important;}\u00bb][vc_column_text]Este servicio entrega una visi\u00f3n global del estado de una cartera de proyectos, y proporciona alertas oportunas en caso de desviaciones, a partir de la informaci\u00f3n de cada uno de los proyectos que la conforman.<\/p>\n<p>Se adapta a las necesidades de cada cliente, con funciones determinantes como:<\/p>\n<ul>\n<li>Recolecci\u00f3n, publicaci\u00f3n y difusi\u00f3n del estado de los proyectos.<\/li>\n<li>Definici\u00f3n de lineamientos generales de Direcci\u00f3n de Proyectos.<\/li>\n<li>An\u00e1lisis consolidado de riesgos.<\/li>\n<li>Coaching.<\/li>\n<li>Gesti\u00f3n presupuestaria de la cartera.<\/li>\n<li>Identificaci\u00f3n de necesidades de capacitaci\u00f3n en Direcci\u00f3n de Proyectos.<\/li>\n<li>Auditor\u00edas de Proyectos.<\/li>\n<\/ul>\n<p>[\/vc_column_text][\/vc_column][vc_column width=\u00bb1\/3&#8243; text_align=\u00bbleft\u00bb css=\u00bb.vc_custom_1538081853323{padding-left: 0px !important;}\u00bb]<div class=\"porto-u-heading  wpb_custom_95aa9a11c17ad45cfabaf210d84ee7cc porto-u-5447\"><div class=\"porto-u-main-heading\"><h2   style=\"font-weight:bold;line-height:27px;\">SERVICIOS PROYECTUM<\/h2><\/div><style>.porto-u-5447.porto-u-heading{text-align:left}<\/style><\/div>[vc_wp_custommenu nav_menu=\u00bb52&#8243;][\/vc_column][\/vc_row][vc_row css=\u00bb.vc_custom_1567544897838{margin-top: 30px !important;margin-bottom: 30px !important;}\u00bb][vc_column][vc_custom_heading text=\u00bb\u00bfQuieres saber m\u00e1s sobre nuestros Servicios Profesionales?\u00bb font_container=\u00bbtag:h2|text_align:center|color:%2300416b\u00bb use_theme_fonts=\u00bbyes\u00bb][contact-form-7 id=\u00bb7134&#8243;][\/vc_column][\/vc_row]<\/p>\n<\/div>","protected":false},"excerpt":{"rendered":"<p>[vc_row full_width=\u00bbstretch_row\u00bb css=\u00bb.vc_custom_1538081762258{padding-top: 58px !important;padding-bottom: 58px !important;background-image: url(https:\/\/www.proyectum.com\/cl\/wp-content\/uploads\/2018\/09\/curso-tipo.png?id=6990) !important;background-position: center !important;background-repeat: no-repeat !important;background-size: cover !important;}\u00bb][vc_column width=\u00bb2\/3&#8243;][vc_custom_heading text=\u00bbPMO DE CARTERA DE PROYECTOS\u00bb font_container=\u00bbtag:h1|font_size:35|text_align:center|color:%23ffffff\u00bb use_theme_fonts=\u00bbyes\u00bb css=\u00bb.vc_custom_1541627284262{margin-bottom: 0px !important;}\u00bb][\/vc_column][vc_column width=\u00bb1\/3&#8243;][\/vc_column][\/vc_row][vc_row css=\u00bb.vc_custom_1488777218947{padding-top: 25px !important;padding-bottom: 60px !important;}\u00bb][vc_column width=\u00bb2\/3&#8243; css=\u00bb.vc_custom_1538081880375{padding-right: 40px !important;}\u00bb][vc_column_text]Este servicio entrega una visi\u00f3n global del estado de una cartera de proyectos, y proporciona alertas oportunas en caso de [&hellip;]<\/p>\n","protected":false},"author":2,"featured_media":0,"parent":7115,"menu_order":67,"comment_status":"closed","ping_status":"closed","template":"","meta":{"footnotes":""},"class_list":["post-7117","page","type-page","status-publish","hentry"],"_links":{"self":[{"href":"https:\/\/proyectum.com\/ec\/wp-json\/wp\/v2\/pages\/7117"}],"collection":[{"href":"https:\/\/proyectum.com\/ec\/wp-json\/wp\/v2\/pages"}],"about":[{"href":"https:\/\/proyectum.com\/ec\/wp-json\/wp\/v2\/types\/page"}],"author":[{"embeddable":true,"href":"https:\/\/proyectum.com\/ec\/wp-json\/wp\/v2\/users\/2"}],"replies":[{"embeddable":true,"href":"https:\/\/proyectum.com\/ec\/wp-json\/wp\/v2\/comments?post=7117"}],"version-history":[{"count":0,"href":"https:\/\/proyectum.com\/ec\/wp-json\/wp\/v2\/pages\/7117\/revisions"}],"up":[{"embeddable":true,"href":"https:\/\/proyectum.com\/ec\/wp-json\/wp\/v2\/pages\/7115"}],"wp:attachment":[{"href":"https:\/\/proyectum.com\/ec\/wp-json\/wp\/v2\/media?parent=7117"}],"curies":[{"name":"wp","href":"https:\/\/api.w.org\/{rel}","templated":true}]}}