{"id":7119,"date":"2018-11-07T19:52:56","date_gmt":"2018-11-07T22:52:56","guid":{"rendered":"https:\/\/www.proyectum.com\/cl\/?page_id=7119"},"modified":"2019-09-03T18:07:06","modified_gmt":"2019-09-03T21:07:06","slug":"pmo-oficina-de-programa-proyecto","status":"publish","type":"page","link":"https:\/\/proyectum.com\/ec\/servicios\/pmo-oficina-de-programa-proyecto\/","title":{"rendered":"PMO Oficina de Programa\/Proyecto"},"content":{"rendered":"<div class=\"wpb-content-wrapper\"><p>[vc_row full_width=\u00bbstretch_row\u00bb css=\u00bb.vc_custom_1538081762258{padding-top: 58px !important;padding-bottom: 58px !important;background-image: url(https:\/\/www.proyectum.com\/cl\/wp-content\/uploads\/2018\/09\/curso-tipo.png?id=6990) !important;background-position: center !important;background-repeat: no-repeat !important;background-size: cover !important;}\u00bb][vc_column width=\u00bb2\/3&#8243;][vc_custom_heading text=\u00bbPMO OFICINA DE PROGRAMA\/PROYECTO\u00bb font_container=\u00bbtag:h1|font_size:35|text_align:center|color:%23ffffff\u00bb use_theme_fonts=\u00bbyes\u00bb css=\u00bb.vc_custom_1541631007686{margin-bottom: 0px !important;}\u00bb][\/vc_column][vc_column width=\u00bb1\/3&#8243;][\/vc_column][\/vc_row][vc_row css=\u00bb.vc_custom_1488777218947{padding-top: 25px !important;padding-bottom: 60px !important;}\u00bb][vc_column width=\u00bb2\/3&#8243; css=\u00bb.vc_custom_1538081880375{padding-right: 40px !important;}\u00bb][vc_column_text]Este servicio est\u00e1 orientado al seguimiento y control de los proyectos y a la generaci\u00f3n de una visi\u00f3n global e independiente para apoyar la toma de decisiones de los niveles directivos. Puede asumir total o parcialmente las tareas de generaci\u00f3n y actualizaci\u00f3n de los artefactos de Gesti\u00f3n de Proyectos.<\/p>\n<p>Independiente de esta colaboraci\u00f3n, la responsabilidad sobre la gesti\u00f3n del proyecto sigue siendo del Director de Proyecto.<\/p>\n<p>Este servicio se ofrece en tres niveles:<\/p>\n<ul>\n<li><strong>Control:<\/strong>\u00a0Entregar una visi\u00f3n independiente del estado de los proyectos, permitiendo a la administraci\u00f3n tener alertas oportunas en caso de desviaciones y\/o riesgos.<\/li>\n<li><strong>Control + Acompa\u00f1amiento:<\/strong>\u00a0Adem\u00e1s de dar visibilidad sobre el estado de los proyectos, incluye acompa\u00f1amiento al Director de Proyecto en su labor de seguimiento y control para velar por la aplicaci\u00f3n de las mejores pr\u00e1cticas en Gesti\u00f3n de Proyectos.<\/li>\n<li><strong>Oficina Integral:<\/strong>\u00a0Para programas o proyectos estrat\u00e9gicos, el servicio toma el control de la gesti\u00f3n y la consecuente generaci\u00f3n de artefactos (Cartas Gantt, Minutas, Registro de Compromisos y Riesgos, etc.), constituy\u00e9ndose en el centro oficial de informaci\u00f3n del proyecto tanto para el director como para el resto de interesados.<\/li>\n<\/ul>\n<p>[\/vc_column_text][\/vc_column][vc_column width=\u00bb1\/3&#8243; text_align=\u00bbleft\u00bb css=\u00bb.vc_custom_1538081853323{padding-left: 0px !important;}\u00bb]<div class=\"porto-u-heading  wpb_custom_95aa9a11c17ad45cfabaf210d84ee7cc porto-u-7005\"><div class=\"porto-u-main-heading\"><h2   style=\"font-weight:bold;line-height:27px;\">SERVICIOS PROYECTUM<\/h2><\/div><style>.porto-u-7005.porto-u-heading{text-align:left}<\/style><\/div>[vc_wp_custommenu nav_menu=\u00bb52&#8243;][\/vc_column][\/vc_row][vc_row css=\u00bb.vc_custom_1567544796795{margin-top: 30px !important;margin-bottom: 30px !important;}\u00bb][vc_column][vc_custom_heading text=\u00bb\u00bfQuieres saber m\u00e1s sobre nuestros Servicios Profesionales?\u00bb font_container=\u00bbtag:h2|text_align:center|color:%2300416b\u00bb use_theme_fonts=\u00bbyes\u00bb][contact-form-7 id=\u00bb7134&#8243;][\/vc_column][\/vc_row]<\/p>\n<\/div>","protected":false},"excerpt":{"rendered":"<p>[vc_row full_width=\u00bbstretch_row\u00bb css=\u00bb.vc_custom_1538081762258{padding-top: 58px !important;padding-bottom: 58px !important;background-image: url(https:\/\/www.proyectum.com\/cl\/wp-content\/uploads\/2018\/09\/curso-tipo.png?id=6990) !important;background-position: center !important;background-repeat: no-repeat !important;background-size: cover !important;}\u00bb][vc_column width=\u00bb2\/3&#8243;][vc_custom_heading text=\u00bbPMO OFICINA DE PROGRAMA\/PROYECTO\u00bb font_container=\u00bbtag:h1|font_size:35|text_align:center|color:%23ffffff\u00bb use_theme_fonts=\u00bbyes\u00bb css=\u00bb.vc_custom_1541631007686{margin-bottom: 0px !important;}\u00bb][\/vc_column][vc_column width=\u00bb1\/3&#8243;][\/vc_column][\/vc_row][vc_row css=\u00bb.vc_custom_1488777218947{padding-top: 25px !important;padding-bottom: 60px !important;}\u00bb][vc_column width=\u00bb2\/3&#8243; css=\u00bb.vc_custom_1538081880375{padding-right: 40px !important;}\u00bb][vc_column_text]Este servicio est\u00e1 orientado al seguimiento y control de los proyectos y a la generaci\u00f3n de una visi\u00f3n global e independiente [&hellip;]<\/p>\n","protected":false},"author":2,"featured_media":0,"parent":7115,"menu_order":66,"comment_status":"closed","ping_status":"closed","template":"","meta":{"footnotes":""},"class_list":["post-7119","page","type-page","status-publish","hentry"],"_links":{"self":[{"href":"https:\/\/proyectum.com\/ec\/wp-json\/wp\/v2\/pages\/7119"}],"collection":[{"href":"https:\/\/proyectum.com\/ec\/wp-json\/wp\/v2\/pages"}],"about":[{"href":"https:\/\/proyectum.com\/ec\/wp-json\/wp\/v2\/types\/page"}],"author":[{"embeddable":true,"href":"https:\/\/proyectum.com\/ec\/wp-json\/wp\/v2\/users\/2"}],"replies":[{"embeddable":true,"href":"https:\/\/proyectum.com\/ec\/wp-json\/wp\/v2\/comments?post=7119"}],"version-history":[{"count":0,"href":"https:\/\/proyectum.com\/ec\/wp-json\/wp\/v2\/pages\/7119\/revisions"}],"up":[{"embeddable":true,"href":"https:\/\/proyectum.com\/ec\/wp-json\/wp\/v2\/pages\/7115"}],"wp:attachment":[{"href":"https:\/\/proyectum.com\/ec\/wp-json\/wp\/v2\/media?parent=7119"}],"curies":[{"name":"wp","href":"https:\/\/api.w.org\/{rel}","templated":true}]}}