{"id":7123,"date":"2018-11-07T20:02:02","date_gmt":"2018-11-07T23:02:02","guid":{"rendered":"https:\/\/www.proyectum.com\/cl\/?page_id=7123"},"modified":"2019-09-03T18:11:50","modified_gmt":"2019-09-03T21:11:50","slug":"coaching-y-mentoring","status":"publish","type":"page","link":"https:\/\/proyectum.com\/ec\/servicios\/coaching-y-mentoring\/","title":{"rendered":"Coaching y Mentoring"},"content":{"rendered":"<div class=\"wpb-content-wrapper\"><p>[vc_row full_width=\u00bbstretch_row\u00bb css=\u00bb.vc_custom_1538081762258{padding-top: 58px !important;padding-bottom: 58px !important;background-image: url(https:\/\/www.proyectum.com\/cl\/wp-content\/uploads\/2018\/09\/curso-tipo.png?id=6990) !important;background-position: center !important;background-repeat: no-repeat !important;background-size: cover !important;}\u00bb][vc_column width=\u00bb2\/3&#8243;][vc_custom_heading text=\u00bbCOACHING Y MENTORING\u00bb font_container=\u00bbtag:h1|font_size:35|text_align:center|color:%23ffffff\u00bb use_theme_fonts=\u00bbyes\u00bb css=\u00bb.vc_custom_1541631676291{margin-bottom: 0px !important;}\u00bb][\/vc_column][vc_column width=\u00bb1\/3&#8243;][\/vc_column][\/vc_row][vc_row css=\u00bb.vc_custom_1488777218947{padding-top: 25px !important;padding-bottom: 60px !important;}\u00bb][vc_column width=\u00bb2\/3&#8243; css=\u00bb.vc_custom_1538081880375{padding-right: 40px !important;}\u00bb][vc_column_text]\u00bfLos Directores de Proyecto de su organizaci\u00f3n no tienen suficiente experiencia en Direcci\u00f3n de Proyectos, pero son altamente valiosos por su conocimiento del negocio y de aspectos t\u00e9cnicos?<\/p>\n<p>\u00bfLa complejidad de los proyectos exige la aplicaci\u00f3n de mejores pr\u00e1cticas pero no hay tiempo para absorber el cambio?<\/p>\n<p>Nuestros especialistas trabajar\u00e1n con sus Directores de Proyecto, ayud\u00e1ndolos a aplicar las mejores pr\u00e1cticas, sirviendo esta fase de acompa\u00f1amiento como programa de capacitaci\u00f3n, contribuyendo al cambio organizacional con el menor impacto posible durante la gesti\u00f3n.[\/vc_column_text][\/vc_column][vc_column width=\u00bb1\/3&#8243; text_align=\u00bbleft\u00bb css=\u00bb.vc_custom_1538081853323{padding-left: 0px !important;}\u00bb]<div class=\"porto-u-heading  wpb_custom_95aa9a11c17ad45cfabaf210d84ee7cc porto-u-5697\"><div class=\"porto-u-main-heading\"><h2   style=\"font-weight:bold;line-height:27px;\">SERVICIOS PROYECTUM<\/h2><\/div><style>.porto-u-5697.porto-u-heading{text-align:left}<\/style><\/div>[vc_wp_custommenu nav_menu=\u00bb52&#8243;][\/vc_column][\/vc_row][vc_row css=\u00bb.vc_custom_1567545102190{margin-top: 30px !important;margin-bottom: 30px !important;}\u00bb][vc_column][vc_custom_heading text=\u00bb\u00bfQuieres saber m\u00e1s sobre nuestros Servicios Profesionales?\u00bb font_container=\u00bbtag:h2|text_align:center|color:%2300416b\u00bb use_theme_fonts=\u00bbyes\u00bb][contact-form-7 id=\u00bb7134&#8243;][\/vc_column][\/vc_row]<\/p>\n<\/div>","protected":false},"excerpt":{"rendered":"<p>[vc_row full_width=\u00bbstretch_row\u00bb css=\u00bb.vc_custom_1538081762258{padding-top: 58px !important;padding-bottom: 58px !important;background-image: url(https:\/\/www.proyectum.com\/cl\/wp-content\/uploads\/2018\/09\/curso-tipo.png?id=6990) !important;background-position: center !important;background-repeat: no-repeat !important;background-size: cover !important;}\u00bb][vc_column width=\u00bb2\/3&#8243;][vc_custom_heading text=\u00bbCOACHING Y MENTORING\u00bb font_container=\u00bbtag:h1|font_size:35|text_align:center|color:%23ffffff\u00bb use_theme_fonts=\u00bbyes\u00bb css=\u00bb.vc_custom_1541631676291{margin-bottom: 0px !important;}\u00bb][\/vc_column][vc_column width=\u00bb1\/3&#8243;][\/vc_column][\/vc_row][vc_row css=\u00bb.vc_custom_1488777218947{padding-top: 25px !important;padding-bottom: 60px !important;}\u00bb][vc_column width=\u00bb2\/3&#8243; css=\u00bb.vc_custom_1538081880375{padding-right: 40px !important;}\u00bb][vc_column_text]\u00bfLos Directores de Proyecto de su organizaci\u00f3n no tienen suficiente experiencia en Direcci\u00f3n de Proyectos, pero son altamente valiosos por su conocimiento [&hellip;]<\/p>\n","protected":false},"author":2,"featured_media":0,"parent":7115,"menu_order":62,"comment_status":"closed","ping_status":"closed","template":"","meta":{"footnotes":""},"class_list":["post-7123","page","type-page","status-publish","hentry"],"_links":{"self":[{"href":"https:\/\/proyectum.com\/ec\/wp-json\/wp\/v2\/pages\/7123"}],"collection":[{"href":"https:\/\/proyectum.com\/ec\/wp-json\/wp\/v2\/pages"}],"about":[{"href":"https:\/\/proyectum.com\/ec\/wp-json\/wp\/v2\/types\/page"}],"author":[{"embeddable":true,"href":"https:\/\/proyectum.com\/ec\/wp-json\/wp\/v2\/users\/2"}],"replies":[{"embeddable":true,"href":"https:\/\/proyectum.com\/ec\/wp-json\/wp\/v2\/comments?post=7123"}],"version-history":[{"count":0,"href":"https:\/\/proyectum.com\/ec\/wp-json\/wp\/v2\/pages\/7123\/revisions"}],"up":[{"embeddable":true,"href":"https:\/\/proyectum.com\/ec\/wp-json\/wp\/v2\/pages\/7115"}],"wp:attachment":[{"href":"https:\/\/proyectum.com\/ec\/wp-json\/wp\/v2\/media?parent=7123"}],"curies":[{"name":"wp","href":"https:\/\/api.w.org\/{rel}","templated":true}]}}