{"id":7197,"date":"2019-01-16T10:22:54","date_gmt":"2019-01-16T13:22:54","guid":{"rendered":"https:\/\/www.proyectum.com\/cl\/?page_id=7197"},"modified":"2021-04-28T22:05:42","modified_gmt":"2021-04-29T03:05:42","slug":"disciplined-agile-lean-scrum-master-dalsm-pmi-preparacion-y-certificacion-2","status":"publish","type":"page","link":"https:\/\/proyectum.com\/ec\/capacitacion\/disciplined-agile-lean-scrum-master-dalsm-pmi-preparacion-y-certificacion-2\/","title":{"rendered":"Disciplined Agile Senior Scrum Master DASSM &#8211; PMI\u00ae Preparaci\u00f3n y Certificaci\u00f3n Virtual en Vivo"},"content":{"rendered":"<div class=\"wpb-content-wrapper\"><p>[vc_row full_width=\u00bbstretch_row\u00bb css=\u00bb.vc_custom_1538081762258{padding-top: 58px !important;padding-bottom: 58px !important;background-image: url(https:\/\/www.proyectum.com\/cl\/wp-content\/uploads\/2018\/09\/curso-tipo.png?id=6990) !important;background-position: center !important;background-repeat: no-repeat !important;background-size: cover !important;}\u00bb][vc_column width=\u00bb2\/3&#8243;][vc_custom_heading text=\u00bbPreparaci\u00f3n y Certificaci\u00f3n Disciplined Agile Senior Scrum Master DASSM &#8211; PMI\u00ae Virtual En Vivo\u00bb font_container=\u00bbtag:h1|font_size:35|text_align:center|color:%23ffffff\u00bb use_theme_fonts=\u00bbyes\u00bb css=\u00bb.vc_custom_1612387134747{margin-bottom: 0px !important;}\u00bb][\/vc_column][vc_column width=\u00bb1\/3&#8243;][\/vc_column][\/vc_row][vc_row css=\u00bb.vc_custom_1488777218947{padding-top: 25px !important;padding-bottom: 60px !important;}\u00bb][vc_column width=\u00bb2\/3&#8243; css=\u00bb.vc_custom_1538081880375{padding-right: 40px !important;}\u00bb][vc_column_text]<\/p>\n<div>Como l\u00edder de equipo, te esfuerzas por ser m\u00e1s \u00e1gil y ayudar a tu equipo a ser m\u00e1s productivo. \u00a0Para tener \u00e9xito, necesitas una mentalidad \u00e1gil, combinada con liderazgo y habilidades de Gesti\u00f3n del Equipo. \u00a0Al mismo tiempo, requieres hacer lo propio en el contexto de tu organizaci\u00f3n y su cultura.<\/div>\n<div><\/div>\n<div><\/div>\n<div><\/div>\n<div>La nueva capacitaci\u00f3n y certificaci\u00f3n <em><strong>Disciplined Agile Senior Scrum Master<\/strong> (<strong>DASSM<\/strong>) del Project Management Institute,<\/em>\u00a0proporciona herramientas y estrategias para ayudarte a liderar un equipo \u00e1gil, influir en las personas y eliminar los impedimentos. \u00a0Utilizando estrategias \u00e1giles del mundo real, aprender\u00e1s c\u00f3mo adaptar la Manera de Trabajar de tu equipo (Way of Working, WoW) para optimizar la productividad y mejorar continuamente. Al terminar este taller, estar\u00e1s listo para certificarte <strong>DASSM<\/strong>.<\/div>\n<div><\/div>\n<div><\/div>\n<div><\/div>\n<div><\/div>\n<div>\n<ul>\n<li><strong>Duraci\u00f3n:<\/strong> 16 horas (4h el lunes, y 3h los M, M, J, V)<\/li>\n<li><strong>Modalidad:<\/strong> Online, con instructor en vivo.<\/li>\n<li><strong>Requisitos para la certificaci\u00f3n DASSM:<\/strong> 2 a\u00f1os de experiencia en Proyectos \u00c1giles (esta experiencia ser\u00e1 evaluada por el PMI)<\/li>\n<li><strong>Acreditaci\u00f3n:\u00a0<\/strong>10.5 PDUs T\u00e9cnicos y 3.5 PDUs Liderazgo<\/li>\n<li><strong>Precio: <\/strong>$750 (+ IVA)<\/li>\n<li><strong>Pr\u00f3ximo taller: <\/strong>haga click aqu\u00ed.<\/li>\n<\/ul>\n<p><strong>NOTA: <\/strong>Este es un curso con material provisto por el PMI, e impartido por instructores certificados por el PMI, as\u00ed como brindados bajo los est\u00e1ndares de calidad exigidos a todos los ATP (Autorized Training Partner) del PMI.<\/div>\n<p>[\/vc_column_text][vc_tta_tabs active_section=\u00bb1&#8243; css=\u00bb.vc_custom_1538062059766{margin-top: 20px !important;}\u00bb][vc_tta_section title=\u00bbObjetivos\u00bb tab_id=\u00bb1541455357238-d8636f7d-26cc\u00bb][vc_column_text]Al t\u00e9rmino de este curso, los participantes ser\u00e1n capaces de:<\/p>\n<ul>\n<li>Explicar la importancia de la agilidad empresarial para una organizaci\u00f3n.<\/li>\n<li>Identificar y analizar factores de escala t\u00e1cticos para m\u00e1s de un equipo.<\/li>\n<li>Utilizar el kit de herramientas de DA para resolver los desaf\u00edos encontrados en los equipos de desarrollo y operaci\u00f3n, el flujo de valor y a nivel empresarial.<\/li>\n<li>Utilizar el kit de herramientas de DA para resolver desaf\u00edos relacionados con la coordinaci\u00f3n de varios equipos o un equipo de equipos.<\/li>\n<li>Expresar los beneficios de coordinar equipos en una organizaci\u00f3n y utilizar el kit de herramientas de DA para resolver los desaf\u00edos relacionados.<\/li>\n<li>Utilizar la planificaci\u00f3n, los informes, el conocimiento de las m\u00e9tricas y las herramientas para hacer frente a los problemas inesperados que sus equipos pueden encontrar en el camino hacia la agilidad disciplinada.<\/li>\n<li>Explicar el papel de los propietarios de productos, c\u00f3mo gestionar el trabajo en grandes programas \u00e1giles \/ Lean y c\u00f3mo utilizar el kit de herramientas de DA para resolver los desaf\u00edos en su \u00e1mbito.<\/li>\n<li>Describir varios modelos y c\u00f3mo lograr cada componente de la inteligencia emocional.<\/li>\n<li>Explicar la naturaleza del conflicto dentro de un grupo y c\u00f3mo usar el lenguaje para resolver un conflicto.<\/li>\n<li>Describir el papel del entrenador en el logro de la inteligencia emocional y la resoluci\u00f3n de conflictos.<\/li>\n<li>Describir el modelo de desarrollo de equipo de Tuckman y practicar el uso de actividades de desarrollo de equipo en cada etapa.<\/li>\n<li>Resolver problemas identificando equipos en varias etapas de desarrollo y creando planes para abordar los problemas del equipo, incluidas las actividades y tareas del l\u00edder apropiadas para la etapa del equipo.<\/li>\n<\/ul>\n<p>[\/vc_column_text][\/vc_tta_section][vc_tta_section title=\u00bbContenidos\u00bb tab_id=\u00bb1541598043271-e94dca70-1909&#8243;][vc_column_text]<b style=\"font-size: 18px;\">Contenido:<\/b><\/p>\n<h2 class=\"vc_custom_heading align-left\">Contenidos<\/h2>\n<h3 class=\"vc_custom_heading align-left\">Roles y responsabilidades de DASSM<\/h3>\n<div class=\"wpb_text_column wpb_content_element box-contenido\">\n<div class=\"wpb_wrapper\">\n<ul>\n<li>El modelo de desarrollo del equipo de Tuckman (Tuckman, 1965)<\/li>\n<li>Los tres problemas que afectan el desempe\u00f1o del equipo<\/li>\n<li>Las cuatro etapas del desarrollo del equipo y describir c\u00f3mo se relaciona cada una con los problemas de contenido, proceso y sentimientos<\/li>\n<li>Las observaciones de Tuckman sobre el desarrollo de equipos<\/li>\n<li>Los factores que afectan el tiempo que tarda un equipo en evolucionar<\/li>\n<li>Adaptar el modelo de Tuckman a las realidades del mundo moderno.<\/li>\n<\/ul>\n<\/div>\n<\/div>\n<h3 class=\"vc_custom_heading align-left\">Definir la inteligencia emocional y explicar por qu\u00e9 es fundamental para el desempe\u00f1o del equipo<\/h3>\n<div class=\"wpb_text_column wpb_content_element box-contenido\">\n<div class=\"wpb_wrapper\">\n<ul>\n<li>Modelo de inteligencia emocional y sus componentes<\/li>\n<li>Pr\u00e1cticas para desarrollar perspectivas y resiliencia<\/li>\n<li>Pr\u00e1cticas para mejorar su dimensi\u00f3n de Inteligencia Emocional \u201ccon uno mismo\u201d<\/li>\n<li>Pr\u00e1cticas para mejorar su dimensi\u00f3n de Inteligencia Emocional \u201ccon los dem\u00e1s\u201d<\/li>\n<li>Seguridad psicol\u00f3gica y abrazar la diversidad<\/li>\n<\/ul>\n<\/div>\n<\/div>\n<h3 class=\"vc_custom_heading align-left\">Agilidad empresarial para la viabilidad de una empresa<\/h3>\n<div class=\"wpb_text_column wpb_content_element box-contenido\">\n<div class=\"wpb_wrapper\">\n<ul>\n<li>Agilidad empresarial para la viabilidad de una empresa<\/li>\n<li>\u00bfC\u00f3mo otras \u00e1reas de la organizaci\u00f3n, como finanzas, pueden contribuir a la agilidad empresarial?<\/li>\n<\/ul>\n<\/div>\n<\/div>\n<h3 class=\"vc_custom_heading align-left\">El gr\u00e1fico de ara\u00f1a para identificar y analizar factores de escala t\u00e1cticos en situaciones m\u00e1s complejas<\/h3>\n<div class=\"wpb_text_column wpb_content_element box-contenido\">\n<div class=\"wpb_wrapper\">\n<ul>\n<li>\u00bfC\u00f3mo escalar la agilidad?<\/li>\n<li>Definici\u00f3n de \u201cagilidad t\u00e1ctica a escala\u201d y \u201cagilidad estrat\u00e9gica a escala\u201d<\/li>\n<li>Los puntos entre las dimensiones del gr\u00e1fico de ara\u00f1a<\/li>\n<\/ul>\n<\/div>\n<\/div>\n<h3 class=\"vc_custom_heading align-left\">Disciplined DevOps<\/h3>\n<h3 class=\"vc_custom_heading align-left\">Value Stream<\/h3>\n<h3 class=\"vc_custom_heading align-left\">Planificaci\u00f3n en Disciplined Agile<\/h3>\n<div class=\"wpb_text_column wpb_content_element box-contenido\">\n<div class=\"wpb_wrapper\">\n<ul>\n<li>El rol de DA responsable de la planificaci\u00f3n.<\/li>\n<li>Definici\u00f3n de Planificaci\u00f3n Suficiente<\/li>\n<li>Los 5 niveles de alcance y qui\u00e9n se centra en cada uno<\/li>\n<li>Diagrama de metas de planificaci\u00f3n de lanzamientos<\/li>\n<li>Planificaci\u00f3n \u201cJust in time\u201d<\/li>\n<li>C\u00f3mo pronosticar con precisi\u00f3n las fechas de lanzamiento y los costos<\/li>\n<li>MBIs para planear<\/li>\n<\/ul>\n<\/div>\n<\/div>\n<h3 class=\"vc_custom_heading align-left\">Las m\u00e9tricas<\/h3>\n<div class=\"wpb_text_column wpb_content_element box-contenido\">\n<div class=\"wpb_wrapper\">\n<ul>\n<li>C\u00f3mo los equipos abordan las m\u00e9tricas<\/li>\n<li>Los principios de las m\u00e9tricas<\/li>\n<li>Estrategias de medici\u00f3n efectivas para equipos<\/li>\n<li>Los problemas relacionados con la medici\u00f3n de la calidad<\/li>\n<li>C\u00f3mo las organizaciones abordan las m\u00e9tricas<\/li>\n<li>Las mediciones que funcionan y las que no<\/li>\n<li>Elegir y dise\u00f1ar m\u00e9tricas espec\u00edficas para medir las mejoras en las \u00e1reas relacionadas con el desempe\u00f1o del equipo que necesitan mejorar (GQM, OKR).<\/li>\n<\/ul>\n<\/div>\n<\/div>\n<p>[\/vc_column_text][\/vc_tta_section][vc_tta_section title=\u00bbPrerrequisitos\u00bb tab_id=\u00bb1541455369971-f2c4148a-d49e\u00bb][vc_column_text]<\/p>\n<ul>\n<li>Para la Certificaci\u00f3n DASSM PMI requiere dos a\u00f1os de experiencia trabajando en un equipo \u00e1gil en un rol de liderazgo, como DA Scrum Master, Scrum Master, Product Owner, Architecture Owner, etc.<\/li>\n<\/ul>\n<p>&nbsp;<\/p>\n<ul>\n<li>Comprar el libro \u201c<strong>Choose your WoW! A Disciplined Agile Delivery Handbook for Optimizing Your Way o Working<\/strong>\u201d Scott W. Ambler &amp; Mark Lines. Miembros de PMI\u00ae lo pueden descargar gratuitamente.<\/li>\n<\/ul>\n<p>[\/vc_column_text][\/vc_tta_section][vc_tta_section title=\u00bbDuraci\u00f3n\u00bb tab_id=\u00bb1579545856640-d388b141-30e4&#8243;][vc_column_text]<span style=\"font-size: 18px;\"><b>Duraci\u00f3n del Programa<\/b><\/span><\/p>\n<ul>\n<li><span style=\"font-size: 18px;\">El programa tiene una duraci\u00f3n de 16 horas.<\/span><\/li>\n<\/ul>\n<p>[\/vc_column_text][\/vc_tta_section][vc_tta_section title=\u00bbInstructor\u00bb tab_id=\u00bb1580773595460-c51cb150-0c98&#8243;][vc_column_text]<\/p>\n<table border=\"0\">\n<tbody>\n<tr>\n<td>\n<p><a href=\"https:\/\/proyectum.com\/ec\/wp-content\/uploads\/2019\/09\/IMG_1691.jpg\"><img loading=\"lazy\" decoding=\"async\" class=\"alignnone wp-image-7463 size-medium\" src=\"https:\/\/proyectum.com\/ec\/wp-content\/uploads\/2019\/09\/IMG_1691-198x300.jpg\" alt=\"\" width=\"198\" height=\"300\" \/><\/a><\/p>\n<p><span style=\"font-size: 18px;\">Disciplined Agile Senior Scrum Master\/Certified Disciplined Agile Instructor <strong>DASSM\/CDAI<\/strong>, SCRUMstudy Certified Trainer SCT\u2122,\u00a0Scrum Product Owner Certified SPOC\u2122,\u00a0Scrum Master Certified SMC\u2122,\u00a0Scrum Developer Certified SDC\u2122, Director de Proyectos Profesional (PMP\u00ae).<\/span><\/p>\n<p>&nbsp;<\/p>\n<p><span style=\"font-size: 18px;\">Community Formation Liasson, Chief Executive Officer y Presidente Fundador del PMI Cap\u00edtulo Ecuador (2006-2014). M.Sc. en Direcci\u00f3n de Proyectos de Construcci\u00f3n en la Universidad de Reading, Inglaterra. Bachelor Degree en Ingenier\u00eda Civil en Louisiana State University. \u00a0Campe\u00f3n Sud Americano de 100 metros mariposa, 1978 &#8211; 1980 \u2013 1982.<\/span><\/p>\n<p>&nbsp;<\/p>\n<p><span style=\"font-size: 18px;\">Con m\u00e1s de 30 a\u00f1os de experiencia como Director de proyectos en la industria de la construcci\u00f3n, ha liderado proyectos complejos para clientes del sector privado como representante del cliente. En 1995 fund\u00f3 Ledific S.A., dirigi\u00e9ndola desde entonces. Su empresa ha dirigido proyectos de construcci\u00f3n para colegio, universidad, hoteles, urbanizaciones, centros comerciales, edificios de departamentos, sala de conciertos, y un club campestre.<\/span><\/p>\n<p>&nbsp;<\/p>\n<p><span style=\"font-size: 18px;\">Tiene experiencia como Profesor de Direcci\u00f3n de Proyectos \u00a0para el Masterado en Direcci\u00f3n de Empresas Inmobiliarias y Constructoras (MDI) en la Universidad San Francisco de Quito 2000 &#8211; 2018, Profesor de Direcci\u00f3n de Proyectos de la Maestr\u00eda en Gesti\u00f3n Inmobiliaria para la Regeneraci\u00f3n Urbana en la Pontificia Universidad Cat\u00f3lica del Ecuador desde 2016 &#8211; 2018, Profesor de Direcci\u00f3n de Proyectos en la Maestr\u00eda en Dise\u00f1o Urbano y Territorial en la Pontificia Universidad Cat\u00f3lica del Ecuador desde 2016 &#8211; 2018,\u00a0Instructor de Direcci\u00f3n de Proyectos en TenStep y Proyectum Training Center desde el 2009, y expositor en conferencias locales de Direcci\u00f3n de Proyectos. \u00a0Instructor en Scrum desde mayo 2016. \u00a0 Disciplined Agile Instructor desde febrero 2020.\u00a0<\/span><\/td>\n<\/tr>\n<\/tbody>\n<\/table>\n<p>[\/vc_column_text][\/vc_tta_section][vc_tta_section title=\u00bbPerfil\u00bb tab_id=\u00bb1612389389907-5eda892b-3294&#8243;][vc_column_text]<\/p>\n<h2 class=\"vc_custom_heading align-left\">\u00bfQui\u00e9nes deben participar?<\/h2>\n<div class=\"wpb_text_column wpb_content_element \">\n<div class=\"wpb_wrapper\">\n<p>Directores de PMO<\/p>\n<p>Gerentes funcionales<\/p>\n<p>L\u00edderes de proyectos<\/p>\n<p>L\u00edderes de equipos \u00e1giles<\/p>\n<p>Equipo de desarrollo de software<\/p>\n<p>Analistas de negocio o sistema<\/p>\n<p>Todos los interesados en mejorar su desempe\u00f1o y conocer metodolog\u00edas innovadoras que permitan gestionar activamente los cambios del entorno.<\/p><\/div>\n<\/div>\n<p>[\/vc_column_text][\/vc_tta_section][\/vc_tta_tabs][\/vc_column][vc_column width=\u00bb1\/3&#8243; text_align=\u00bbleft\u00bb css=\u00bb.vc_custom_1538081853323{padding-left: 0px !important;}\u00bb]<div class=\"porto-u-heading  wpb_custom_95aa9a11c17ad45cfabaf210d84ee7cc porto-u-3931\"><div class=\"porto-u-main-heading\"><h2   style=\"font-weight:bold;line-height:27px;\">CURSOS PROYECTUM<\/h2><\/div><style>.porto-u-3931.porto-u-heading{text-align:left}<\/style><\/div>[vc_tta_accordion active_section=\u00bb2&#8243;][vc_tta_section title=\u00bbCERTIFICACIONES\u00bb tab_id=\u00bb1537992268425-9e4a4cbc-6b0c\u00bb][vc_wp_custommenu nav_menu=\u00bb47&#8243;][\/vc_tta_section][vc_tta_section title=\u00bbDIRECCION DE PROYECTOS\u00bb tab_id=\u00bb1537992268460-618971a0-346c\u00bb][vc_wp_custommenu nav_menu=\u00bb48&#8243;][\/vc_tta_section][vc_tta_section title=\u00bbFUNDAMENTOS AGILES &amp; DEVOPS\u00bb tab_id=\u00bb1537992323741-129d2b9f-2fec\u00bb][vc_wp_custommenu nav_menu=\u00bb49&#8243;][\/vc_tta_section][vc_tta_section title=\u00bbOTROS PROGRAMAS Y CURSOS\u00bb tab_id=\u00bb1537992349441-86ffaea1-7c3c\u00bb][vc_wp_custommenu nav_menu=\u00bb50&#8243;][\/vc_tta_section][\/vc_tta_accordion][vc_btn title=\u00bbQUIERO INSCRIBIRME\u00bb align=\u00bbcenter\u00bb i_icon_fontawesome=\u00bbfa fa-question-circle\u00bb add_icon=\u00bbtrue\u00bb el_class=\u00bbbtn-saber-mas\u00bb link=\u00bburl:https%3A%2F%2Fproyectum.com%2Fec%2Finscripcion-cursos%2F|||\u00bb][\/vc_column][\/vc_row][vc_row css=\u00bb.vc_custom_1567568478346{margin-top: 30px !important;margin-bottom: 30px !important;}\u00bb][vc_column][vc_column_text]<\/p>\n<h3><strong>Compra el curso en nuestra tienda Online<\/strong><\/h3>\n<p>[\/vc_column_text]<div class=\"woocommerce columns-2 \"><\/div>[vc_column_text]<\/p>\n<h3><strong>Si tienes dudas o preguntas escr\u00edbenos abajo y estaremos en contacto en las pr\u00f3ximas 24 horas<\/strong><\/h3>\n<p>[\/vc_column_text][\/vc_column][\/vc_row][vc_row][vc_column][vc_raw_html]JTNDaWZyYW1lJTIwc3R5bGUlM0QlMjJib3JkZXIlM0ElMjAwcHglMjFpbXBvcnRhbnQlM0IlMjIlMjBzcmMlM0QlMjJodHRwcyUzQSUyRiUyRnd3dy5wcm95ZWN0dW0uY29tJTJGc2lzdGVtYSUyRmZvcm11bGFyaW8tamV0cGFjay1kYXNzbSUyRiUyMiUyMHdpZHRoJTNEJTIyMTAwMHB4JTIyJTIwaGVpZ2h0JTNEJTIyNzAwcHglMjIlM0UlM0MlMkZpZnJhbWUlM0U=[\/vc_raw_html][\/vc_column][\/vc_row][vc_row][vc_column][\/vc_column][\/vc_row]<\/p>\n<\/div>","protected":false},"excerpt":{"rendered":"<p>[vc_row full_width=\u00bbstretch_row\u00bb css=\u00bb.vc_custom_1538081762258{padding-top: 58px !important;padding-bottom: 58px !important;background-image: url(https:\/\/www.proyectum.com\/cl\/wp-content\/uploads\/2018\/09\/curso-tipo.png?id=6990) !important;background-position: center !important;background-repeat: no-repeat !important;background-size: cover !important;}\u00bb][vc_column width=\u00bb2\/3&#8243;][vc_custom_heading text=\u00bbPreparaci\u00f3n y Certificaci\u00f3n Disciplined Agile Senior Scrum Master DASSM &#8211; PMI\u00ae Virtual En Vivo\u00bb font_container=\u00bbtag:h1|font_size:35|text_align:center|color:%23ffffff\u00bb use_theme_fonts=\u00bbyes\u00bb css=\u00bb.vc_custom_1612387134747{margin-bottom: 0px !important;}\u00bb][\/vc_column][vc_column width=\u00bb1\/3&#8243;][\/vc_column][\/vc_row][vc_row css=\u00bb.vc_custom_1488777218947{padding-top: 25px !important;padding-bottom: 60px !important;}\u00bb][vc_column width=\u00bb2\/3&#8243; css=\u00bb.vc_custom_1538081880375{padding-right: 40px !important;}\u00bb][vc_column_text] Como l\u00edder de equipo, te esfuerzas por ser m\u00e1s \u00e1gil [&hellip;]<\/p>\n","protected":false},"author":16,"featured_media":0,"parent":6889,"menu_order":57,"comment_status":"closed","ping_status":"closed","template":"","meta":{"footnotes":""},"class_list":["post-7197","page","type-page","status-publish","hentry"],"_links":{"self":[{"href":"https:\/\/proyectum.com\/ec\/wp-json\/wp\/v2\/pages\/7197"}],"collection":[{"href":"https:\/\/proyectum.com\/ec\/wp-json\/wp\/v2\/pages"}],"about":[{"href":"https:\/\/proyectum.com\/ec\/wp-json\/wp\/v2\/types\/page"}],"author":[{"embeddable":true,"href":"https:\/\/proyectum.com\/ec\/wp-json\/wp\/v2\/users\/16"}],"replies":[{"embeddable":true,"href":"https:\/\/proyectum.com\/ec\/wp-json\/wp\/v2\/comments?post=7197"}],"version-history":[{"count":0,"href":"https:\/\/proyectum.com\/ec\/wp-json\/wp\/v2\/pages\/7197\/revisions"}],"up":[{"embeddable":true,"href":"https:\/\/proyectum.com\/ec\/wp-json\/wp\/v2\/pages\/6889"}],"wp:attachment":[{"href":"https:\/\/proyectum.com\/ec\/wp-json\/wp\/v2\/media?parent=7197"}],"curies":[{"name":"wp","href":"https:\/\/api.w.org\/{rel}","templated":true}]}}