{"id":7199,"date":"2019-01-16T10:33:46","date_gmt":"2019-01-16T13:33:46","guid":{"rendered":"https:\/\/www.proyectum.com\/cl\/?page_id=7199"},"modified":"2021-03-31T17:34:24","modified_gmt":"2021-03-31T22:34:24","slug":"preparacion-certificacion-agil-pmi-acp","status":"publish","type":"page","link":"https:\/\/proyectum.com\/ec\/capacitacion\/preparacion-certificacion-agil-pmi-acp\/","title":{"rendered":"Preparaci\u00f3n para la Certificaci\u00f3n \u00c1gil PMI-ACP"},"content":{"rendered":"<div class=\"wpb-content-wrapper\"><p>[vc_row full_width=\u00bbstretch_row\u00bb css=\u00bb.vc_custom_1538081762258{padding-top: 58px !important;padding-bottom: 58px !important;background-image: url(https:\/\/www.proyectum.com\/cl\/wp-content\/uploads\/2018\/09\/curso-tipo.png?id=6990) !important;background-position: center !important;background-repeat: no-repeat !important;background-size: cover !important;}\u00bb][vc_column width=\u00bb2\/3&#8243;][vc_custom_heading text=\u00bbPREPARACI\u00d3N PARA LA CERTIFICACI\u00d3N \u00c1GIL PMI-ACP\u00bb font_container=\u00bbtag:h1|font_size:35|text_align:center|color:%23ffffff\u00bb use_theme_fonts=\u00bbyes\u00bb css=\u00bb.vc_custom_1578841550912{margin-bottom: 0px !important;}\u00bb][\/vc_column][vc_column width=\u00bb1\/3&#8243;][\/vc_column][\/vc_row][vc_row css=\u00bb.vc_custom_1488777218947{padding-top: 25px !important;padding-bottom: 60px !important;}\u00bb][vc_column width=\u00bb2\/3&#8243; css=\u00bb.vc_custom_1538081880375{padding-right: 40px !important;}\u00bb][vc_column_text]Si busca ser verdaderamente reconocido como un profesional que conoce el mundo de la agilidad, entonces usted apreciar\u00e1 las ventajas derivadas de obtener la certificaci\u00f3n como Agile Certified Professional (PMI-ACP\u00ae), la certificaci\u00f3n \u00e1gil con mayor reconocimiento y m\u00e1s respetada en el mundo. La designaci\u00f3n PMI-ACP\u00ae al final de su certificaci\u00f3n, le dice a la empresa para la que trabaja y a empleadores potenciales, que usted ha demostrado contar con bases s\u00f3lidas de conocimiento, habilidades y experiencia, que pueden ser usadas competentemente en proyectos \u00e1giles.<\/p>\n<p>El paso final para convertirse en PMI-ACP\u00ae es pasar el riguroso examen de opci\u00f3n m\u00faltiple, dise\u00f1ado para evaluar y medir objetivamente sus habilidades para aplicar sus conocimientos en sus 7 dominios.<\/p>\n<p>Este examen, realizado en computadora, es administrado globalmente con ayuda traducida en 10 lenguajes, incluido el espa\u00f1ol.[\/vc_column_text][vc_tta_tabs active_section=\u00bb1&#8243; css=\u00bb.vc_custom_1538062059766{margin-top: 20px !important;}\u00bb][vc_tta_section title=\u00bbAntecedentes\u00bb tab_id=\u00bb1541444757751-389b2c58-e32c\u00bb][vc_column_text]<\/p>\n<h3><span style=\"color: #00416b;\">\u00bfQui\u00e9nes deben participar?<\/span><\/h3>\n<ul>\n<li>Profesionales que participen en proyectos y que quieran entender los principios de la agilidad, ya sea l\u00edderes de equipo, directivos o miembros de los equipos.<\/li>\n<\/ul>\n<h3><span style=\"color: #00416b;\">Pre-requisitos<\/span><\/h3>\n<ul>\n<li>Para ser elegible para obtener la certificaci\u00f3n PMI-ACP, primero se debe cumplir con los requisitos de educaci\u00f3n y experiencia en Direcci\u00f3n de Proyectos establecidos por el PMI y estar de acuerdo en apegarse al c\u00f3digo de conducta profesional establecido para la profesi\u00f3n.<\/li>\n<\/ul>\n<p>[\/vc_column_text][\/vc_tta_section][vc_tta_section title=\u00bbObjetivos\u00bb tab_id=\u00bb1541455357238-d8636f7d-26cc\u00bb][vc_column_text]<\/p>\n<h3><span style=\"color: #00416b;\">Al finalizar el curso, los participantes ser\u00e1n capaces de:<\/span><\/h3>\n<ul>\n<li>Incrementar sus probabilidades de acreditar el examen de certificaci\u00f3n PMI-ACP\u00ae.<\/li>\n<li>Entender el enfoque del PMI\u00ae respecto de la agilidad.<\/li>\n<li>Saber interpretar los conceptos \u00e1giles y ampliar su gama de herramientas para enfrentar proyectos innovadores.<\/li>\n<\/ul>\n<p>[\/vc_column_text][\/vc_tta_section][vc_tta_section title=\u00bbContenido\u00bb tab_id=\u00bb1541598043271-e94dca70-1909&#8243;][vc_column_text]<strong>M\u00f3dulo 1:<\/strong>\u00a0Mentalidad y principios \u00e1giles.<br \/>\n<strong>M\u00f3dulo 2:<\/strong>\u00a0Entrega orientada al valor.<br \/>\n<strong>M\u00f3dulo 3:<\/strong>\u00a0Involucramiento de los interesados.<br \/>\n<strong>M\u00f3dulo 4:<\/strong>\u00a0Desempe\u00f1o del equipo.<br \/>\n<strong>M\u00f3dulo 5:<\/strong>\u00a0Planificaci\u00f3n adaptativa.<br \/>\n<strong>M\u00f3dulo 6:<\/strong>\u00a0Detecci\u00f3n y resoluci\u00f3n de problemas.<br \/>\n<strong>M\u00f3dulo 7:<\/strong>\u00a0Mejora continua (Producto, Procesos, Personas).[\/vc_column_text][\/vc_tta_section][vc_tta_section title=\u00bbOtros\u00bb tab_id=\u00bb1541455369971-f2c4148a-d49e\u00bb][vc_column_text]<\/p>\n<h3><span style=\"color: #00416b;\">Duraci\u00f3n del curso:<\/span><\/h3>\n<p>24 horas<\/p>\n<h3><span style=\"color: #00416b;\">Incluye:<\/span><\/h3>\n<p>1. Material del Participante en espa\u00f1ol.<br \/>\n2. Plantillas de los productos de trabajo utilizados en el curso.<br \/>\n3.\u00a0Libro \u201cThe PMI-ACP Exam: How to pass on your first try\u201d de Andy Crowe PMP, PgMP, con el contenido del examen y estrategias para pasar el examen, incluyendo acceso a dos ex\u00e1menes simulados, por internet.<\/p>\n<p>.<\/p>\n<h3><span style=\"color: #00416b;\">Certificado:<\/span><\/h3>\n<p>Se entrega certificado de asistencia reconocido por el PMI valido como requisito para la certificaci\u00f3n.[\/vc_column_text][\/vc_tta_section][\/vc_tta_tabs][\/vc_column][vc_column width=\u00bb1\/3&#8243; text_align=\u00bbleft\u00bb css=\u00bb.vc_custom_1538081853323{padding-left: 0px !important;}\u00bb]<div class=\"porto-u-heading  wpb_custom_95aa9a11c17ad45cfabaf210d84ee7cc porto-u-3596\"><div class=\"porto-u-main-heading\"><h2   style=\"font-weight:bold;line-height:27px;\">CURSOS PROYECTUM<\/h2><\/div><style>.porto-u-3596.porto-u-heading{text-align:left}<\/style><\/div>[vc_tta_accordion active_section=\u00bb2&#8243;][vc_tta_section title=\u00bbCERTIFICACIONES\u00bb tab_id=\u00bb1537992268425-9e4a4cbc-6b0c\u00bb][vc_wp_custommenu nav_menu=\u00bb47&#8243;][\/vc_tta_section][vc_tta_section title=\u00bbDIRECCION DE PROYECTOS\u00bb tab_id=\u00bb1537992268460-618971a0-346c\u00bb][vc_wp_custommenu nav_menu=\u00bb48&#8243;][\/vc_tta_section][vc_tta_section title=\u00bbFUNDAMENTOS AGILES &amp; DEVOPS\u00bb tab_id=\u00bb1537992323741-129d2b9f-2fec\u00bb][vc_wp_custommenu nav_menu=\u00bb49&#8243;][\/vc_tta_section][vc_tta_section title=\u00bbOTROS PROGRAMAS Y CURSOS\u00bb tab_id=\u00bb1537992349441-86ffaea1-7c3c\u00bb][vc_wp_custommenu nav_menu=\u00bb50&#8243;][\/vc_tta_section][\/vc_tta_accordion][vc_btn title=\u00bbQUIERO INSCRIBIRME\u00bb align=\u00bbcenter\u00bb i_icon_fontawesome=\u00bbfa fa-question-circle\u00bb add_icon=\u00bbtrue\u00bb el_class=\u00bbbtn-saber-mas\u00bb link=\u00bburl:https%3A%2F%2Fproyectum.com%2Fec%2Finscripcion-cursos%2F|||\u00bb][\/vc_column][\/vc_row][vc_row][vc_column][vc_raw_html]JTNDaWZyYW1lJTIwc3R5bGUlM0QlMjJib3JkZXIlM0ElMjAwcHglMjFpbXBvcnRhbnQlM0IlMjIlMjBzcmMlM0QlMjJodHRwcyUzQSUyRiUyRnd3dy5wcm95ZWN0dW0uY29tJTJGc2lzdGVtYSUyRmZvcm11bGFyaW8tamV0cGFjayUyRiUyMiUyMHdpZHRoJTNEJTIyMTAwMHB4JTIyJTIwaGVpZ2h0JTNEJTIyMTAwMHB4JTIyJTNFJTNDJTJGaWZyYW1lJTNF[\/vc_raw_html][\/vc_column][\/vc_row]<\/p>\n<\/div>","protected":false},"excerpt":{"rendered":"<p>[vc_row full_width=\u00bbstretch_row\u00bb css=\u00bb.vc_custom_1538081762258{padding-top: 58px !important;padding-bottom: 58px !important;background-image: url(https:\/\/www.proyectum.com\/cl\/wp-content\/uploads\/2018\/09\/curso-tipo.png?id=6990) !important;background-position: center !important;background-repeat: no-repeat !important;background-size: cover !important;}\u00bb][vc_column width=\u00bb2\/3&#8243;][vc_custom_heading text=\u00bbPREPARACI\u00d3N PARA LA CERTIFICACI\u00d3N \u00c1GIL PMI-ACP\u00bb font_container=\u00bbtag:h1|font_size:35|text_align:center|color:%23ffffff\u00bb use_theme_fonts=\u00bbyes\u00bb css=\u00bb.vc_custom_1578841550912{margin-bottom: 0px !important;}\u00bb][\/vc_column][vc_column width=\u00bb1\/3&#8243;][\/vc_column][\/vc_row][vc_row css=\u00bb.vc_custom_1488777218947{padding-top: 25px !important;padding-bottom: 60px !important;}\u00bb][vc_column width=\u00bb2\/3&#8243; css=\u00bb.vc_custom_1538081880375{padding-right: 40px !important;}\u00bb][vc_column_text]Si busca ser verdaderamente reconocido como un profesional que conoce el mundo de la agilidad, entonces usted apreciar\u00e1 las [&hellip;]<\/p>\n","protected":false},"author":16,"featured_media":0,"parent":6889,"menu_order":55,"comment_status":"closed","ping_status":"closed","template":"","meta":{"footnotes":""},"class_list":["post-7199","page","type-page","status-publish","hentry"],"_links":{"self":[{"href":"https:\/\/proyectum.com\/ec\/wp-json\/wp\/v2\/pages\/7199"}],"collection":[{"href":"https:\/\/proyectum.com\/ec\/wp-json\/wp\/v2\/pages"}],"about":[{"href":"https:\/\/proyectum.com\/ec\/wp-json\/wp\/v2\/types\/page"}],"author":[{"embeddable":true,"href":"https:\/\/proyectum.com\/ec\/wp-json\/wp\/v2\/users\/16"}],"replies":[{"embeddable":true,"href":"https:\/\/proyectum.com\/ec\/wp-json\/wp\/v2\/comments?post=7199"}],"version-history":[{"count":0,"href":"https:\/\/proyectum.com\/ec\/wp-json\/wp\/v2\/pages\/7199\/revisions"}],"up":[{"embeddable":true,"href":"https:\/\/proyectum.com\/ec\/wp-json\/wp\/v2\/pages\/6889"}],"wp:attachment":[{"href":"https:\/\/proyectum.com\/ec\/wp-json\/wp\/v2\/media?parent=7199"}],"curies":[{"name":"wp","href":"https:\/\/api.w.org\/{rel}","templated":true}]}}