{"id":7490,"date":"2020-08-10T00:37:33","date_gmt":"2020-08-10T03:37:33","guid":{"rendered":"https:\/\/proyectum.com\/ec\/homepage-2\/"},"modified":"2020-09-14T12:58:07","modified_gmt":"2020-09-14T17:58:07","slug":"homepage-2","status":"publish","type":"page","link":"https:\/\/proyectum.com\/ec\/homepage-2\/","title":{"rendered":"Homepage"},"content":{"rendered":"<div class=\"wpb-content-wrapper\"><p>[vc_row][vc_column][vc_column_text]<\/p>\n<div class=\"wp-block-cover\" style=\"background-image: url('https:\/\/proyectum.com\/ec\/wp-content\/uploads\/2020\/09\/Tienda-PTC-1.png');\">\n<div class=\"wp-block-cover__inner-container is-layout-flow wp-block-cover-is-layout-flow\"><p class=\"has-text-align-center has-large-font-size\"><br \/>\n<\/p>\n<p class=\"has-text-color has-text-align-center\"><br \/>\n<\/p>\n<\/div>\n<\/div>\n<h2 class=\"wp-block-heading\" style=\"text-align: center;\"><\/h2>\n<div data-block-name=\"woocommerce\/product-new\" class=\"wc-block-grid wp-block-product-new wp-block-woocommerce-product-new wc-block-product-new has-3-columns has-multiple-rows\"><ul class=\"wc-block-grid__products\"><li class=\"wc-block-grid__product\"><span class=\"gtm4wp_productdata\" style=\"display:none; visibility:hidden;\" data-gtm4wp_product_data=\"{&quot;internal_id&quot;:8085,&quot;item_id&quot;:8085,&quot;item_name&quot;:&quot;Curso de Preparaci\\u00f3n Certificaci\\u00f3n CAPM&quot;,&quot;sku&quot;:8085,&quot;price&quot;:699,&quot;stocklevel&quot;:null,&quot;stockstatus&quot;:&quot;instock&quot;,&quot;google_business_vertical&quot;:&quot;retail&quot;,&quot;item_category&quot;:&quot;Uncategorized&quot;,&quot;id&quot;:8085,&quot;productlink&quot;:&quot;https:\\\/\\\/proyectum.com\\\/ec\\\/product\\\/curso-de-preparacion-certificacion-capm\\\/&quot;,&quot;item_list_name&quot;:&quot;Lista general de productos&quot;,&quot;index&quot;:0,&quot;product_type&quot;:&quot;simple&quot;,&quot;item_brand&quot;:&quot;&quot;}\"><\/span>\n\t\t\t\t<a href=\"https:\/\/proyectum.com\/ec\/product\/curso-de-preparacion-certificacion-capm\/\" class=\"wc-block-grid__product-link\">\n\t\t\t\t\t<div class=\"wc-block-grid__product-onsale\">\n\t\t\t<span aria-hidden=\"true\">Oferta<\/span>\n\t\t\t<span class=\"screen-reader-text\">Producto en oferta<\/span>\n\t\t<\/div>\n\t\t\t\t\t<div class=\"wc-block-grid__product-image\"><img loading=\"lazy\" decoding=\"async\" width=\"300\" height=\"150\" src=\"https:\/\/proyectum.com\/ec\/wp-content\/uploads\/2023\/07\/CAPM-imagen-tienda-300x150.jpeg\" class=\"attachment-woocommerce_thumbnail size-woocommerce_thumbnail\" alt=\"Curso de Preparaci\u00f3n Certificaci\u00f3n CAPM\" \/><\/div>\n\t\t\t\t\t<div class=\"wc-block-grid__product-title\">Curso de Preparaci\u00f3n Certificaci\u00f3n CAPM<\/div>\n\t\t\t\t<\/a>\n\t\t\t\t<div class=\"wc-block-grid__product-price price\"><del aria-hidden=\"true\"><span class=\"woocommerce-Price-amount amount\"><span class=\"woocommerce-Price-currencySymbol\">&#036;<\/span>790.00<\/span><\/del> <span class=\"screen-reader-text\">El precio original era: &#036;790.00.<\/span><ins aria-hidden=\"true\"><span class=\"woocommerce-Price-amount amount\"><span class=\"woocommerce-Price-currencySymbol\">&#036;<\/span>699.00<\/span><\/ins><span class=\"screen-reader-text\">El precio actual es: &#036;699.00.<\/span><\/div>\n\t\t\t\t\n\t\t\t\t<div class=\"wp-block-button wc-block-grid__product-add-to-cart\"><a href=\"?add-to-cart=8085\" aria-label=\"A\u00f1adir al carrito: &ldquo;Curso de Preparaci\u00f3n Certificaci\u00f3n CAPM&rdquo;\" data-quantity=\"1\" data-product_id=\"8085\" data-product_sku=\"\" data-price=\"699\" rel=\"nofollow\" class=\"wp-block-button__link  add_to_cart_button ajax_add_to_cart\">A\u00f1adir al carrito<\/a><\/div>\n\t\t\t<\/li><li class=\"wc-block-grid__product\"><span class=\"gtm4wp_productdata\" style=\"display:none; visibility:hidden;\" data-gtm4wp_product_data=\"{&quot;internal_id&quot;:8082,&quot;item_id&quot;:8082,&quot;item_name&quot;:&quot;Direcci\\u00f3n de Proyectos con Enfoques H\\u00edbridos&quot;,&quot;sku&quot;:8082,&quot;price&quot;:399,&quot;stocklevel&quot;:null,&quot;stockstatus&quot;:&quot;instock&quot;,&quot;google_business_vertical&quot;:&quot;retail&quot;,&quot;item_category&quot;:&quot;Uncategorized&quot;,&quot;id&quot;:8082,&quot;productlink&quot;:&quot;https:\\\/\\\/proyectum.com\\\/ec\\\/product\\\/direccion-de-proyectos-hibridos\\\/&quot;,&quot;item_list_name&quot;:&quot;Lista general de productos&quot;,&quot;index&quot;:0,&quot;product_type&quot;:&quot;simple&quot;,&quot;item_brand&quot;:&quot;&quot;}\"><\/span>\n\t\t\t\t<a href=\"https:\/\/proyectum.com\/ec\/product\/direccion-de-proyectos-hibridos\/\" class=\"wc-block-grid__product-link\">\n\t\t\t\t\t<div class=\"wc-block-grid__product-onsale\">\n\t\t\t<span aria-hidden=\"true\">Oferta<\/span>\n\t\t\t<span class=\"screen-reader-text\">Producto en oferta<\/span>\n\t\t<\/div>\n\t\t\t\t\t<div class=\"wc-block-grid__product-image\"><img loading=\"lazy\" decoding=\"async\" width=\"300\" height=\"150\" src=\"https:\/\/proyectum.com\/ec\/wp-content\/uploads\/2023\/07\/Captura-de-pantalla-2023-07-16-a-las-20.11.24-300x150.png\" class=\"attachment-woocommerce_thumbnail size-woocommerce_thumbnail\" alt=\"Direcci\u00f3n de Proyectos con Enfoques H\u00edbridos\" \/><\/div>\n\t\t\t\t\t<div class=\"wc-block-grid__product-title\">Direcci\u00f3n de Proyectos con Enfoques H\u00edbridos<\/div>\n\t\t\t\t<\/a>\n\t\t\t\t<div class=\"wc-block-grid__product-price price\"><del aria-hidden=\"true\"><span class=\"woocommerce-Price-amount amount\"><span class=\"woocommerce-Price-currencySymbol\">&#036;<\/span>549.00<\/span><\/del> <span class=\"screen-reader-text\">El precio original era: &#036;549.00.<\/span><ins aria-hidden=\"true\"><span class=\"woocommerce-Price-amount amount\"><span class=\"woocommerce-Price-currencySymbol\">&#036;<\/span>399.00<\/span><\/ins><span class=\"screen-reader-text\">El precio actual es: &#036;399.00.<\/span><\/div>\n\t\t\t\t\n\t\t\t\t<div class=\"wp-block-button wc-block-grid__product-add-to-cart\"><a href=\"?add-to-cart=8082\" aria-label=\"A\u00f1adir al carrito: &ldquo;Direcci\u00f3n de Proyectos con Enfoques H\u00edbridos&rdquo;\" data-quantity=\"1\" data-product_id=\"8082\" data-product_sku=\"\" data-price=\"399\" rel=\"nofollow\" class=\"wp-block-button__link  add_to_cart_button ajax_add_to_cart\">A\u00f1adir al carrito<\/a><\/div>\n\t\t\t<\/li><li class=\"wc-block-grid__product\"><span class=\"gtm4wp_productdata\" style=\"display:none; visibility:hidden;\" data-gtm4wp_product_data=\"{&quot;internal_id&quot;:8075,&quot;item_id&quot;:8075,&quot;item_name&quot;:&quot;Microsoft Project\\u00ae Para Dirigir Proyectos&quot;,&quot;sku&quot;:8075,&quot;price&quot;:275,&quot;stocklevel&quot;:null,&quot;stockstatus&quot;:&quot;instock&quot;,&quot;google_business_vertical&quot;:&quot;retail&quot;,&quot;item_category&quot;:&quot;PMI\\u00ae&quot;,&quot;id&quot;:8075,&quot;productlink&quot;:&quot;https:\\\/\\\/proyectum.com\\\/ec\\\/product\\\/microsoft-project-para-dirigir-proyectos\\\/&quot;,&quot;item_list_name&quot;:&quot;Lista general de productos&quot;,&quot;index&quot;:0,&quot;product_type&quot;:&quot;simple&quot;,&quot;item_brand&quot;:&quot;&quot;}\"><\/span>\n\t\t\t\t<a href=\"https:\/\/proyectum.com\/ec\/product\/microsoft-project-para-dirigir-proyectos\/\" class=\"wc-block-grid__product-link\">\n\t\t\t\t\t<div class=\"wc-block-grid__product-onsale\">\n\t\t\t<span aria-hidden=\"true\">Oferta<\/span>\n\t\t\t<span class=\"screen-reader-text\">Producto en oferta<\/span>\n\t\t<\/div>\n\t\t\t\t\t<div class=\"wc-block-grid__product-image\"><img loading=\"lazy\" decoding=\"async\" width=\"300\" height=\"150\" src=\"https:\/\/proyectum.com\/ec\/wp-content\/uploads\/2023\/07\/Project-imagen-tienda-300x150.jpeg\" class=\"attachment-woocommerce_thumbnail size-woocommerce_thumbnail\" alt=\"Microsoft Project\u00ae Para Dirigir Proyectos\" \/><\/div>\n\t\t\t\t\t<div class=\"wc-block-grid__product-title\">Microsoft Project\u00ae Para Dirigir Proyectos<\/div>\n\t\t\t\t<\/a>\n\t\t\t\t<div class=\"wc-block-grid__product-price price\"><del aria-hidden=\"true\"><span class=\"woocommerce-Price-amount amount\"><span class=\"woocommerce-Price-currencySymbol\">&#036;<\/span>290.00<\/span><\/del> <span class=\"screen-reader-text\">El precio original era: &#036;290.00.<\/span><ins aria-hidden=\"true\"><span class=\"woocommerce-Price-amount amount\"><span class=\"woocommerce-Price-currencySymbol\">&#036;<\/span>275.00<\/span><\/ins><span class=\"screen-reader-text\">El precio actual es: &#036;275.00.<\/span><\/div>\n\t\t\t\t\n\t\t\t\t<div class=\"wp-block-button wc-block-grid__product-add-to-cart\"><a href=\"?add-to-cart=8075\" aria-label=\"A\u00f1adir al carrito: &ldquo;Microsoft Project\u00ae Para Dirigir Proyectos&rdquo;\" data-quantity=\"1\" data-product_id=\"8075\" data-product_sku=\"\" data-price=\"275\" rel=\"nofollow\" class=\"wp-block-button__link  add_to_cart_button ajax_add_to_cart\">A\u00f1adir al carrito<\/a><\/div>\n\t\t\t<\/li><li class=\"wc-block-grid__product\"><span class=\"gtm4wp_productdata\" style=\"display:none; visibility:hidden;\" data-gtm4wp_product_data=\"{&quot;internal_id&quot;:7958,&quot;item_id&quot;:7958,&quot;item_name&quot;:&quot;Re-certificaci\\u00f3n Scrum Master Certificado SMC\\u2122 Bajo Demanda&quot;,&quot;sku&quot;:7958,&quot;price&quot;:50,&quot;stocklevel&quot;:null,&quot;stockstatus&quot;:&quot;instock&quot;,&quot;google_business_vertical&quot;:&quot;retail&quot;,&quot;item_category&quot;:&quot;SCRUMstudy&quot;,&quot;id&quot;:7958,&quot;productlink&quot;:&quot;https:\\\/\\\/proyectum.com\\\/ec\\\/product\\\/re-certificacion-scrum-master-certificado-smc-bajo-demanda\\\/&quot;,&quot;item_list_name&quot;:&quot;Lista general de productos&quot;,&quot;index&quot;:0,&quot;product_type&quot;:&quot;simple&quot;,&quot;item_brand&quot;:&quot;&quot;}\"><\/span>\n\t\t\t\t<a href=\"https:\/\/proyectum.com\/ec\/product\/re-certificacion-scrum-master-certificado-smc-bajo-demanda\/\" class=\"wc-block-grid__product-link\">\n\t\t\t\t\t<div class=\"wc-block-grid__product-onsale\">\n\t\t\t<span aria-hidden=\"true\">Oferta<\/span>\n\t\t\t<span class=\"screen-reader-text\">Producto en oferta<\/span>\n\t\t<\/div>\n\t\t\t\t\t<div class=\"wc-block-grid__product-image\"><img loading=\"lazy\" decoding=\"async\" width=\"300\" height=\"150\" src=\"https:\/\/proyectum.com\/ec\/wp-content\/uploads\/2020\/09\/SMCPT-300x150.png\" class=\"attachment-woocommerce_thumbnail size-woocommerce_thumbnail\" alt=\"Re-certificaci\u00f3n Scrum Master Certificado SMC\u2122 Bajo Demanda\" \/><\/div>\n\t\t\t\t\t<div class=\"wc-block-grid__product-title\">Re-certificaci\u00f3n Scrum Master Certificado SMC\u2122 Bajo Demanda<\/div>\n\t\t\t\t<\/a>\n\t\t\t\t<div class=\"wc-block-grid__product-price price\"><del aria-hidden=\"true\"><span class=\"woocommerce-Price-amount amount\"><span class=\"woocommerce-Price-currencySymbol\">&#036;<\/span>120.00<\/span><\/del> <span class=\"screen-reader-text\">El precio original era: &#036;120.00.<\/span><ins aria-hidden=\"true\"><span class=\"woocommerce-Price-amount amount\"><span class=\"woocommerce-Price-currencySymbol\">&#036;<\/span>50.00<\/span><\/ins><span class=\"screen-reader-text\">El precio actual es: &#036;50.00.<\/span><\/div>\n\t\t\t\t\n\t\t\t\t<div class=\"wp-block-button wc-block-grid__product-add-to-cart\"><a href=\"?add-to-cart=7958\" aria-label=\"A\u00f1adir al carrito: &ldquo;Re-certificaci\u00f3n Scrum Master Certificado SMC\u2122 Bajo Demanda&rdquo;\" data-quantity=\"1\" data-product_id=\"7958\" data-product_sku=\"\" data-price=\"50\" rel=\"nofollow\" class=\"wp-block-button__link  add_to_cart_button ajax_add_to_cart\">A\u00f1adir al carrito<\/a><\/div>\n\t\t\t<\/li><li class=\"wc-block-grid__product\"><span class=\"gtm4wp_productdata\" style=\"display:none; visibility:hidden;\" data-gtm4wp_product_data=\"{&quot;internal_id&quot;:8091,&quot;item_id&quot;:8091,&quot;item_name&quot;:&quot;Scrum Developer Certificado SDC\\u2122 Bajo Demanda&quot;,&quot;sku&quot;:8091,&quot;price&quot;:185,&quot;stocklevel&quot;:null,&quot;stockstatus&quot;:&quot;instock&quot;,&quot;google_business_vertical&quot;:&quot;retail&quot;,&quot;item_category&quot;:&quot;SCRUMstudy&quot;,&quot;id&quot;:8091,&quot;productlink&quot;:&quot;https:\\\/\\\/proyectum.com\\\/ec\\\/product\\\/scrum-master-certificado-smc-bajo-demanda-inc-en-taller-copy\\\/&quot;,&quot;item_list_name&quot;:&quot;Lista general de productos&quot;,&quot;index&quot;:0,&quot;product_type&quot;:&quot;simple&quot;,&quot;item_brand&quot;:&quot;&quot;}\"><\/span>\n\t\t\t\t<a href=\"https:\/\/proyectum.com\/ec\/product\/scrum-master-certificado-smc-bajo-demanda-inc-en-taller-copy\/\" class=\"wc-block-grid__product-link\">\n\t\t\t\t\t<div class=\"wc-block-grid__product-onsale\">\n\t\t\t<span aria-hidden=\"true\">Oferta<\/span>\n\t\t\t<span class=\"screen-reader-text\">Producto en oferta<\/span>\n\t\t<\/div>\n\t\t\t\t\t<div class=\"wc-block-grid__product-image\"><img loading=\"lazy\" decoding=\"async\" width=\"300\" height=\"150\" src=\"https:\/\/proyectum.com\/ec\/wp-content\/uploads\/2023\/08\/SDC-imagen-tienda-300x150.jpeg\" class=\"attachment-woocommerce_thumbnail size-woocommerce_thumbnail\" alt=\"Scrum Developer Certificado SDC\u2122 Bajo Demanda\" \/><\/div>\n\t\t\t\t\t<div class=\"wc-block-grid__product-title\">Scrum Developer Certificado SDC\u2122 Bajo Demanda<\/div>\n\t\t\t\t<\/a>\n\t\t\t\t<div class=\"wc-block-grid__product-price price\"><del aria-hidden=\"true\"><span class=\"woocommerce-Price-amount amount\"><span class=\"woocommerce-Price-currencySymbol\">&#036;<\/span>199.00<\/span><\/del> <span class=\"screen-reader-text\">El precio original era: &#036;199.00.<\/span><ins aria-hidden=\"true\"><span class=\"woocommerce-Price-amount amount\"><span class=\"woocommerce-Price-currencySymbol\">&#036;<\/span>185.00<\/span><\/ins><span class=\"screen-reader-text\">El precio actual es: &#036;185.00.<\/span><\/div>\n\t\t\t\t\n\t\t\t\t<div class=\"wp-block-button wc-block-grid__product-add-to-cart\"><a href=\"?add-to-cart=8091\" aria-label=\"A\u00f1adir al carrito: &ldquo;Scrum Developer Certificado SDC\u2122 Bajo Demanda&rdquo;\" data-quantity=\"1\" data-product_id=\"8091\" data-product_sku=\"\" data-price=\"185\" rel=\"nofollow\" class=\"wp-block-button__link  add_to_cart_button ajax_add_to_cart\">A\u00f1adir al carrito<\/a><\/div>\n\t\t\t<\/li><li class=\"wc-block-grid__product\"><span class=\"gtm4wp_productdata\" style=\"display:none; visibility:hidden;\" data-gtm4wp_product_data=\"{&quot;internal_id&quot;:7957,&quot;item_id&quot;:7957,&quot;item_name&quot;:&quot;Scrum Master Certificado SMC\\u2122 Bajo Demanda inc en taller&quot;,&quot;sku&quot;:7957,&quot;price&quot;:200,&quot;stocklevel&quot;:null,&quot;stockstatus&quot;:&quot;instock&quot;,&quot;google_business_vertical&quot;:&quot;retail&quot;,&quot;item_category&quot;:&quot;SCRUMstudy&quot;,&quot;id&quot;:7957,&quot;productlink&quot;:&quot;https:\\\/\\\/proyectum.com\\\/ec\\\/product\\\/scrum-master-certificado-smc-bajo-demanda-inc-en-taller\\\/&quot;,&quot;item_list_name&quot;:&quot;Lista general de productos&quot;,&quot;index&quot;:0,&quot;product_type&quot;:&quot;simple&quot;,&quot;item_brand&quot;:&quot;&quot;}\"><\/span>\n\t\t\t\t<a href=\"https:\/\/proyectum.com\/ec\/product\/scrum-master-certificado-smc-bajo-demanda-inc-en-taller\/\" class=\"wc-block-grid__product-link\">\n\t\t\t\t\t\n\t\t\t\t\t<div class=\"wc-block-grid__product-image\"><img loading=\"lazy\" decoding=\"async\" width=\"300\" height=\"150\" src=\"https:\/\/proyectum.com\/ec\/wp-content\/uploads\/2020\/09\/SMCPT-300x150.png\" class=\"attachment-woocommerce_thumbnail size-woocommerce_thumbnail\" alt=\"Scrum Master Certificado SMC\u2122 Bajo Demanda inc en taller\" \/><\/div>\n\t\t\t\t\t<div class=\"wc-block-grid__product-title\">Scrum Master Certificado SMC\u2122 Bajo Demanda inc en taller<\/div>\n\t\t\t\t<\/a>\n\t\t\t\t<div class=\"wc-block-grid__product-price price\"><span class=\"woocommerce-Price-amount amount\"><span class=\"woocommerce-Price-currencySymbol\">&#036;<\/span>200.00<\/span><\/div>\n\t\t\t\t\n\t\t\t\t<div class=\"wp-block-button wc-block-grid__product-add-to-cart\"><a href=\"?add-to-cart=7957\" aria-label=\"A\u00f1adir al carrito: &ldquo;Scrum Master Certificado SMC\u2122 Bajo Demanda inc en taller&rdquo;\" data-quantity=\"1\" data-product_id=\"7957\" data-product_sku=\"\" data-price=\"200\" rel=\"nofollow\" class=\"wp-block-button__link  add_to_cart_button ajax_add_to_cart\">A\u00f1adir al carrito<\/a><\/div>\n\t\t\t<\/li><li class=\"wc-block-grid__product\"><span class=\"gtm4wp_productdata\" style=\"display:none; visibility:hidden;\" data-gtm4wp_product_data=\"{&quot;internal_id&quot;:7941,&quot;item_id&quot;:7941,&quot;item_name&quot;:&quot;Curso Preparaci\\u00f3n Certificaci\\u00f3n Scrum Master Certificado SMC\\u2122 Virtual en Vivo&quot;,&quot;sku&quot;:7941,&quot;price&quot;:351,&quot;stocklevel&quot;:null,&quot;stockstatus&quot;:&quot;instock&quot;,&quot;google_business_vertical&quot;:&quot;retail&quot;,&quot;item_category&quot;:&quot;SCRUMstudy&quot;,&quot;id&quot;:7941,&quot;productlink&quot;:&quot;https:\\\/\\\/proyectum.com\\\/ec\\\/product\\\/scrum-master-certificado-smc-2\\\/&quot;,&quot;item_list_name&quot;:&quot;Lista general de productos&quot;,&quot;index&quot;:0,&quot;product_type&quot;:&quot;simple&quot;,&quot;item_brand&quot;:&quot;&quot;}\"><\/span>\n\t\t\t\t<a href=\"https:\/\/proyectum.com\/ec\/product\/scrum-master-certificado-smc-2\/\" class=\"wc-block-grid__product-link\">\n\t\t\t\t\t<div class=\"wc-block-grid__product-onsale\">\n\t\t\t<span aria-hidden=\"true\">Oferta<\/span>\n\t\t\t<span class=\"screen-reader-text\">Producto en oferta<\/span>\n\t\t<\/div>\n\t\t\t\t\t<div class=\"wc-block-grid__product-image\"><img loading=\"lazy\" decoding=\"async\" width=\"300\" height=\"150\" src=\"https:\/\/proyectum.com\/ec\/wp-content\/uploads\/2020\/09\/SMCPT-300x150.png\" class=\"attachment-woocommerce_thumbnail size-woocommerce_thumbnail\" alt=\"Curso Preparaci\u00f3n Certificaci\u00f3n Scrum Master Certificado SMC\u2122 Virtual en Vivo\" \/><\/div>\n\t\t\t\t\t<div class=\"wc-block-grid__product-title\">Curso Preparaci\u00f3n Certificaci\u00f3n Scrum Master Certificado SMC\u2122 Virtual en Vivo<\/div>\n\t\t\t\t<\/a>\n\t\t\t\t<div class=\"wc-block-grid__product-price price\"><del aria-hidden=\"true\"><span class=\"woocommerce-Price-amount amount\"><span class=\"woocommerce-Price-currencySymbol\">&#036;<\/span>551.00<\/span><\/del> <span class=\"screen-reader-text\">El precio original era: &#036;551.00.<\/span><ins aria-hidden=\"true\"><span class=\"woocommerce-Price-amount amount\"><span class=\"woocommerce-Price-currencySymbol\">&#036;<\/span>351.00<\/span><\/ins><span class=\"screen-reader-text\">El precio actual es: &#036;351.00.<\/span><\/div>\n\t\t\t\t\n\t\t\t\t<div class=\"wp-block-button wc-block-grid__product-add-to-cart\"><a href=\"?add-to-cart=7941\" aria-label=\"A\u00f1adir al carrito: &ldquo;Curso Preparaci\u00f3n Certificaci\u00f3n Scrum Master Certificado SMC\u2122 Virtual en Vivo&rdquo;\" data-quantity=\"1\" data-product_id=\"7941\" data-product_sku=\"\" data-price=\"351\" rel=\"nofollow\" class=\"wp-block-button__link  add_to_cart_button ajax_add_to_cart\">A\u00f1adir al carrito<\/a><\/div>\n\t\t\t<\/li><li class=\"wc-block-grid__product\"><span class=\"gtm4wp_productdata\" style=\"display:none; visibility:hidden;\" data-gtm4wp_product_data=\"{&quot;internal_id&quot;:7635,&quot;item_id&quot;:7635,&quot;item_name&quot;:&quot;Six Sigma Green Belt&quot;,&quot;sku&quot;:7635,&quot;price&quot;:199,&quot;stocklevel&quot;:null,&quot;stockstatus&quot;:&quot;instock&quot;,&quot;google_business_vertical&quot;:&quot;retail&quot;,&quot;item_category&quot;:&quot;Uncategorized&quot;,&quot;id&quot;:7635,&quot;productlink&quot;:&quot;https:\\\/\\\/proyectum.com\\\/ec\\\/product\\\/six-sigma-green-belt\\\/&quot;,&quot;item_list_name&quot;:&quot;Lista general de productos&quot;,&quot;index&quot;:0,&quot;product_type&quot;:&quot;simple&quot;,&quot;item_brand&quot;:&quot;&quot;}\"><\/span>\n\t\t\t\t<a href=\"https:\/\/proyectum.com\/ec\/product\/six-sigma-green-belt\/\" class=\"wc-block-grid__product-link\">\n\t\t\t\t\t\n\t\t\t\t\t<div class=\"wc-block-grid__product-image\"><img loading=\"lazy\" decoding=\"async\" width=\"300\" height=\"150\" src=\"https:\/\/proyectum.com\/ec\/wp-content\/uploads\/2023\/07\/Sixsigma-imagen-tienda-300x150.jpeg\" class=\"attachment-woocommerce_thumbnail size-woocommerce_thumbnail\" alt=\"Six Sigma Green Belt\" \/><\/div>\n\t\t\t\t\t<div class=\"wc-block-grid__product-title\">Six Sigma Green Belt<\/div>\n\t\t\t\t<\/a>\n\t\t\t\t<div class=\"wc-block-grid__product-price price\"><span class=\"woocommerce-Price-amount amount\"><span class=\"woocommerce-Price-currencySymbol\">&#036;<\/span>199.00<\/span><\/div>\n\t\t\t\t\n\t\t\t\t<div class=\"wp-block-button wc-block-grid__product-add-to-cart\"><a href=\"?add-to-cart=7635\" aria-label=\"A\u00f1adir al carrito: &ldquo;Six Sigma Green Belt&rdquo;\" data-quantity=\"1\" data-product_id=\"7635\" data-product_sku=\"\" data-price=\"199\" rel=\"nofollow\" class=\"wp-block-button__link  add_to_cart_button ajax_add_to_cart\">A\u00f1adir al carrito<\/a><\/div>\n\t\t\t<\/li><li class=\"wc-block-grid__product\"><span class=\"gtm4wp_productdata\" style=\"display:none; visibility:hidden;\" data-gtm4wp_product_data=\"{&quot;internal_id&quot;:7553,&quot;item_id&quot;:7553,&quot;item_name&quot;:&quot;Scrum Master Certificado SMC\\u2122 Bajo Demanda&quot;,&quot;sku&quot;:7553,&quot;price&quot;:415,&quot;stocklevel&quot;:null,&quot;stockstatus&quot;:&quot;instock&quot;,&quot;google_business_vertical&quot;:&quot;retail&quot;,&quot;item_category&quot;:&quot;SCRUMstudy&quot;,&quot;id&quot;:7553,&quot;productlink&quot;:&quot;https:\\\/\\\/proyectum.com\\\/ec\\\/product\\\/scrum-master-certificado-smc\\\/&quot;,&quot;item_list_name&quot;:&quot;Lista general de productos&quot;,&quot;index&quot;:0,&quot;product_type&quot;:&quot;simple&quot;,&quot;item_brand&quot;:&quot;&quot;}\"><\/span>\n\t\t\t\t<a href=\"https:\/\/proyectum.com\/ec\/product\/scrum-master-certificado-smc\/\" class=\"wc-block-grid__product-link\">\n\t\t\t\t\t<div class=\"wc-block-grid__product-onsale\">\n\t\t\t<span aria-hidden=\"true\">Oferta<\/span>\n\t\t\t<span class=\"screen-reader-text\">Producto en oferta<\/span>\n\t\t<\/div>\n\t\t\t\t\t<div class=\"wc-block-grid__product-image\"><img loading=\"lazy\" decoding=\"async\" width=\"300\" height=\"150\" src=\"https:\/\/proyectum.com\/ec\/wp-content\/uploads\/2020\/09\/SMCPT-300x150.png\" class=\"attachment-woocommerce_thumbnail size-woocommerce_thumbnail\" alt=\"Scrum Master Certificado SMC\u2122 Bajo Demanda\" \/><\/div>\n\t\t\t\t\t<div class=\"wc-block-grid__product-title\">Scrum Master Certificado SMC\u2122 Bajo Demanda<\/div>\n\t\t\t\t<\/a>\n\t\t\t\t<div class=\"wc-block-grid__product-price price\"><del aria-hidden=\"true\"><span class=\"woocommerce-Price-amount amount\"><span class=\"woocommerce-Price-currencySymbol\">&#036;<\/span>450.00<\/span><\/del> <span class=\"screen-reader-text\">El precio original era: &#036;450.00.<\/span><ins aria-hidden=\"true\"><span class=\"woocommerce-Price-amount amount\"><span class=\"woocommerce-Price-currencySymbol\">&#036;<\/span>415.00<\/span><\/ins><span class=\"screen-reader-text\">El precio actual es: &#036;415.00.<\/span><\/div>\n\t\t\t\t\n\t\t\t\t<div class=\"wp-block-button wc-block-grid__product-add-to-cart\"><a href=\"?add-to-cart=7553\" aria-label=\"A\u00f1adir al carrito: &ldquo;Scrum Master Certificado SMC\u2122 Bajo Demanda&rdquo;\" data-quantity=\"1\" data-product_id=\"7553\" data-product_sku=\"\" data-price=\"415\" rel=\"nofollow\" class=\"wp-block-button__link  add_to_cart_button ajax_add_to_cart\">A\u00f1adir al carrito<\/a><\/div>\n\t\t\t<\/li><\/ul><\/div>\n<div class=\"wp-block-media-text alignwide has-media-on-the-right\">\n<figure class=\"wp-block-media-text__media\"><\/figure>\n<div class=\"wp-block-media-text__content\"><br \/><\/div>\n<\/div>\n<div class=\"wp-block-media-text alignwide\">\n<figure class=\"wp-block-media-text__media\"><\/figure>\n<div class=\"wp-block-media-text__content\"><br \/><\/div>\n<\/div>\n<div class=\"wp-block-media-text alignwide has-media-on-the-right\">\n<figure class=\"wp-block-media-text__media\"><\/figure>\n<div class=\"wp-block-media-text__content\"><br \/><\/div>\n<\/div>\n<p>&nbsp;[\/vc_column_text][\/vc_column][vc_column][\/vc_column][\/vc_row]<\/p><\/div>","protected":false},"excerpt":{"rendered":"<p>[vc_row][vc_column][vc_column_text]<\/p>\n","protected":false},"author":18,"featured_media":0,"parent":0,"menu_order":39,"comment_status":"closed","ping_status":"closed","template":"","meta":{"footnotes":""},"class_list":["post-7490","page","type-page","status-publish","hentry"],"_links":{"self":[{"href":"https:\/\/proyectum.com\/ec\/wp-json\/wp\/v2\/pages\/7490"}],"collection":[{"href":"https:\/\/proyectum.com\/ec\/wp-json\/wp\/v2\/pages"}],"about":[{"href":"https:\/\/proyectum.com\/ec\/wp-json\/wp\/v2\/types\/page"}],"author":[{"embeddable":true,"href":"https:\/\/proyectum.com\/ec\/wp-json\/wp\/v2\/users\/18"}],"replies":[{"embeddable":true,"href":"https:\/\/proyectum.com\/ec\/wp-json\/wp\/v2\/comments?post=7490"}],"version-history":[{"count":0,"href":"https:\/\/proyectum.com\/ec\/wp-json\/wp\/v2\/pages\/7490\/revisions"}],"wp:attachment":[{"href":"https:\/\/proyectum.com\/ec\/wp-json\/wp\/v2\/media?parent=7490"}],"curies":[{"name":"wp","href":"https:\/\/api.w.org\/{rel}","templated":true}]}}