{"id":7792,"date":"2021-05-01T19:40:41","date_gmt":"2021-05-02T00:40:41","guid":{"rendered":"https:\/\/proyectum.com\/ec\/?page_id=7792"},"modified":"2021-05-01T19:46:04","modified_gmt":"2021-05-02T00:46:04","slug":"los-beneficios-de-usar-scrum","status":"publish","type":"page","link":"https:\/\/proyectum.com\/ec\/los-beneficios-de-usar-scrum\/","title":{"rendered":"Los beneficios de usar Scrum"},"content":{"rendered":"<div class=\"wpb-content-wrapper\"><p>[vc_row full_width=\u00bbstretch_row\u00bb css=\u00bb.vc_custom_1538081762258{padding-top: 58px !important;padding-bottom: 58px !important;background-image: url(https:\/\/www.proyectum.com\/cl\/wp-content\/uploads\/2018\/09\/curso-tipo.png?id=6990) !important;background-position: center !important;background-repeat: no-repeat !important;background-size: cover !important;}\u00bb][vc_column width=\u00bb2\/3&#8243;][vc_custom_heading text=\u00bbLos beneficios de usar Scrum\u00bb font_container=\u00bbtag:h1|font_size:35|text_align:center|color:%23ffffff\u00bb use_theme_fonts=\u00bbyes\u00bb css=\u00bb.vc_custom_1619916101303{margin-bottom: 0px !important;}\u00bb][\/vc_column][vc_column width=\u00bb1\/3&#8243;][\/vc_column][\/vc_row][vc_row css=\u00bb.vc_custom_1488777218947{padding-top: 25px !important;padding-bottom: 60px !important;}\u00bb][vc_column width=\u00bb2\/3&#8243; css=\u00bb.vc_custom_1538081880375{padding-right: 40px !important;}\u00bb][vc_column_text]<a href=\"https:\/\/proyectum.com\/ec\/wp-content\/uploads\/2021\/05\/Los-beneficios-de-usar-scrum.png\"><img loading=\"lazy\" decoding=\"async\" class=\"alignnone size-full wp-image-7793\" src=\"https:\/\/proyectum.com\/ec\/wp-content\/uploads\/2021\/05\/Los-beneficios-de-usar-scrum.png\" alt=\"\" width=\"844\" height=\"564\" srcset=\"https:\/\/proyectum.com\/ec\/wp-content\/uploads\/2021\/05\/Los-beneficios-de-usar-scrum.png 844w, https:\/\/proyectum.com\/ec\/wp-content\/uploads\/2021\/05\/Los-beneficios-de-usar-scrum-768x513.png 768w, https:\/\/proyectum.com\/ec\/wp-content\/uploads\/2021\/05\/Los-beneficios-de-usar-scrum-367x245.png 367w, https:\/\/proyectum.com\/ec\/wp-content\/uploads\/2021\/05\/Los-beneficios-de-usar-scrum-600x401.png 600w\" sizes=\"(max-width: 844px) 100vw, 844px\" \/><\/a><\/p>\n<p>En el \u00e1mbito de la Direcci\u00f3n de Proyectos, <strong>SCRUM<\/strong> es uno de los temas importantes y tambi\u00e9n una de las <strong>metodolog\u00edas \u00e1giles m\u00e1s populares<\/strong>. Empecemos por preguntarnos <strong>\u00bfPor qu\u00e9 necesito SCRUM?<\/strong>.<\/p>\n<p>Como metodolog\u00eda, SCRUM ofrece una buena manera de manejar proyectos \u00a0en todas las industrias. No solo es r\u00e1pida, adaptativa, iterativa y flexible, sino que tambi\u00e9n <strong>asegura transparencia en las comunicaciones<\/strong> y crea un ambiente de responsabilidad y progreso continuo. Para desarrollar los puntos mencionados arriba, revisemos algunos de los beneficios clave que uno puede cosechar por el hecho de usar la metodolog\u00eda SCRUM para la entrega de proyectos.<\/p>\n<p><strong>\u201cAdaptabilidad\u201d<\/strong>\u00a0es el primer beneficio que queremos recalcar aqu\u00ed. Los <strong>principios de Scrum de\u00a0<em>Control del Proceso Emp\u00edrico<\/em>\u00a0y\u00a0<em>Entrega Iterativa<\/em><\/strong>\u00a0hace que los proyectos se adapten y est\u00e9n abiertos a incorporar el cambio cuando \u00e9ste ocurre. Los procesos de Scrum est\u00e1n dise\u00f1ados para acoger los cambios. Por lo tanto, la <strong>metodolog\u00eda Scrum<\/strong> es m\u00e1s apropiada para entregar proyectos en un ambiente ca\u00f3tico y de cambio constante.<\/p>\n<p>Un beneficio clave para los interesados es que Scrum es una metodolog\u00eda\u00a0<strong>\u201cCentrada en el Cliente\u201d<\/strong>. El hecho de poner \u00e9nfasis en el\u00a0<em>valor del negocio<\/em>\u00a0y en tener un\u00a0<em>acercamiento colaborativo<\/em>\u00a0que incluye a los interesados, asegura un marco orientado al cliente en un proyecto controlado con Scrum.<\/p>\n<p><strong>\u201cEntrega Continua de Valor\u201d<\/strong>\u00a0es un beneficio adicional que resulta de estar centrado en el cliente. En Scrum, los procesos iterativos permiten la entrega continua de valor a trav\u00e9s del proceso del\u00a0<em>Env\u00edo de Entregables<\/em>. Cada Sprint produce un producto, servicio o resultado deseado potencialmente enviable. \u00abPSP Potentially Shippable Product\u00bb<\/p>\n<p><strong>\u201cEntrega Temprana de Gran Valor\u201d<\/strong>\u00a0es un beneficio de usar Scrum que est\u00e1 estrechamente relacionado con el negocio. No solamente se trata de la entrega continua de valor, el proceso de\u00a0<em>Crear la Lista Priorizada de Pendientes<\/em>\u00a0asegura que se realicen primero los requerimientos con el valor m\u00e1s alto para el cliente.<\/p>\n<p>Tanto el cliente como el equipo del proyecto se benefician de la\u00a0<strong>\u201cRetroalimentaci\u00f3n Continua\u201d<\/strong>. En Scrum, la retroalimentaci\u00f3n continua se realiza a trav\u00e9s de\u00a0<em>Efectuar las Reuniones Diarias de Pie<\/em>\u00a0y, de los procesos de\u00a0<em>Demostrar y Validar el Sprint<\/em>.<\/p>\n<p>La retroalimentaci\u00f3n continua contribuye con otro beneficio la\u00a0<strong>\u201cTransparencia\u201d<\/strong>. En un proyecto gestionado con Scrum, todos los radiadores de informaci\u00f3n tales como:\u00a0<em>Tablero Scrum<\/em>\u00a0y\u00a0<em>Trabajo Pendiente del Sprint<\/em>\u00a0se publican y actualizan continuamente, lo cual nos lleva a un ambiente de trabajo abierto.\u00a0<em>Las Reuniones de Revisi\u00f3n del Sprint<\/em>\u00a0demuestran los productos potencialmente entregables a los clientes, manteni\u00e9ndoles siempre informados sobre el estado actual y progreso del proyecto.<\/p>\n<p>La transparencia trae otro beneficio importante\u00a0<strong>\u201cAmbiente de Alta Confianza\u201d<\/strong>. Los procesos de\u00a0<em>Conducir la Reuni\u00f3n Diaria de Pie<\/em>\u00a0y\u00a0<em>Retrospectiva del Sprint<\/em>\u00a0promueven la transparencia y colaboraci\u00f3n. Esta situaci\u00f3n nos lleva a un ambiente de trabajo con gran confianza que asegura baja fricci\u00f3n en el equipo.<\/p>\n<p>La adaptabilidad y transparencia de Scrum crean un ambiente de\u00a0<strong>\u201cMejora Continua\u201d<\/strong>. Seg\u00fan avanza el proyecto, los entregables progresivamente\u00a0mejoran\u00a0de\u00a0<em>Sprint en Sprint<\/em>, debido a los cambios y perfeccionamientos que se incluye y gestiona a trav\u00e9s del proceso de\u00a0<em>Mantener la Lista Priorizada de Pendientes del Producto<\/em>.<\/p>\n<p>Otro importante beneficio es\u00a0<strong>\u201cRitmo Sostenible\u201d<\/strong>. Los procesos de Scrum est\u00e1n dise\u00f1ados de tal manera que la gente involucrada puede trabajar a un ritmo que puede sostener de manera indefinida.<\/p>\n<p>Otro beneficio es el\u00a0<strong>\u201cProceso de Desarrollo Eficiente\u201d<\/strong>. En Scrum, se ha observado que asignar bloques de tiempo y minimizar el trabajo no esencial te lleva a niveles de mayor eficiencia.<\/p>\n<p>El siguiente beneficio es la\u00a0<strong>\u201cMotivaci\u00f3n\u201d<\/strong>. Los procesos de\u00a0<em>Conducir la Reuni\u00f3n Diaria de Pie y la Retrospectiva del Sprint<\/em>\u00a0generan altos niveles de motivaci\u00f3n en el personal.<\/p>\n<p>La\u00a0<strong>\u201cResoluci\u00f3n R\u00e1pida de Problemas\u201d<\/strong>\u00a0es otro de los beneficios importantes de usar Scrum en los proyectos. La\u00a0<em>Colaboraci\u00f3n y Co-ubicaci\u00f3n de equipos multifuncionales<\/em>\u00a0conduce a identificar y resolver problemas m\u00e1s r\u00e1pidamente.<\/p>\n<p>Est\u00e1 tambi\u00e9n el beneficio de\u00a0<strong>\u201cEntregables Efectivos\u201d<\/strong>. El proceso de\u00a0<em>Demostrar y Validar el Sprint<\/em>\u00a0y revisiones regulares luego de la creaci\u00f3n de los entregables asegura la entrega de resultados efectivos al cliente.<\/p>\n<p>Luego tenemos el beneficio de formar un <strong>\u201cAmbiente Colectivo\u201d<\/strong>. Los procesos de\u00a0<em>Aprobar, Estimar y Comprometer las Historias de Usuario<\/em>\u00a0permite a los miembros del equipo desarrollar sentido de propiedad del proyecto y de su trabajo, lo que desemboca en mejor calidad dentro de Scrum.<\/p>\n<p><strong>\u201cAlta Velocidad\u201d<\/strong>\u00a0es otro beneficio importante. Un marco de trabajo colaborativo permite a\u00a0<em>equipos multifuncionales<\/em>\u00a0de gran capacidad, alcanzar todo su potencial y alta velocidad. Algunos de los autores del Manifiesto \u00c1gil llaman a este estado \u201chiperproducividad\u201d.<\/p>\n<p>Finalmente, el \u00faltimo beneficio de Scrum es su\u00a0<strong>\u201cAmbiente Innovador\u201d<\/strong>. Los procesos de\u00a0<em>Retrospectiva del Sprint y Retrospectiva del Proyecto<\/em>\u00a0crean un ambiente de introspecci\u00f3n, aprendizaje y adaptabilidad que desemboca en un ambiente de trabajo innovador y creativo.<\/p>\n<p>Autor: SCRUMstudy<\/p>\n<p>Traducci\u00f3n y Adaptaci\u00f3n: Enrique Ledesma M.Sc., PMP, CDAI\/DALSM, STC, SPOC, SMC, SDC<\/p>\n<p><img loading=\"lazy\" decoding=\"async\" class=\"aligncenter size-full wp-image-8876\" src=\"https:\/\/www.proyectum.com\/sistema\/wp-content\/uploads\/2020\/09\/Ciclo-de-Scrum.jpg\" sizes=\"(max-width: 2007px) 100vw, 2007px\" srcset=\"https:\/\/www.proyectum.com\/sistema\/wp-content\/uploads\/2020\/09\/Ciclo-de-Scrum.jpg 2007w, https:\/\/www.proyectum.com\/sistema\/wp-content\/uploads\/2020\/09\/Ciclo-de-Scrum-300x150.jpg 300w, https:\/\/www.proyectum.com\/sistema\/wp-content\/uploads\/2020\/09\/Ciclo-de-Scrum-1030x515.jpg 1030w, https:\/\/www.proyectum.com\/sistema\/wp-content\/uploads\/2020\/09\/Ciclo-de-Scrum-768x384.jpg 768w, https:\/\/www.proyectum.com\/sistema\/wp-content\/uploads\/2020\/09\/Ciclo-de-Scrum-1536x768.jpg 1536w, https:\/\/www.proyectum.com\/sistema\/wp-content\/uploads\/2020\/09\/Ciclo-de-Scrum-367x183.jpg 367w\" alt=\"Ciclo de Scrum\" width=\"2007\" height=\"1003\" \/>[\/vc_column_text][\/vc_column][vc_column width=\u00bb1\/3&#8243; text_align=\u00bbleft\u00bb css=\u00bb.vc_custom_1538081853323{padding-left: 0px !important;}\u00bb]<div class=\"porto-u-heading  wpb_custom_95aa9a11c17ad45cfabaf210d84ee7cc porto-u-5524\"><div class=\"porto-u-main-heading\"><h2   style=\"font-weight:bold;line-height:27px;\">Tienda Online<\/h2><\/div><style>.porto-u-5524.porto-u-heading{text-align:center}<\/style><\/div><div class=\"woocommerce columns-1 \"><ul class=\"products products-container grid pcols-lg-1 pcols-md-1 pcols-xs-1 pcols-ls-1 pwidth-lg-1 pwidth-md-1 pwidth-xs-1 pwidth-ls-1 is-shortcode\"\r\n\t data-product_layout=\"product-outimage\">\r\n\r\n<li class=\"product-col product-outimage product type-product post-7553 status-publish first instock product_cat-scrumstudy product_tag-asincrono has-post-thumbnail sale taxable shipping-taxable purchasable product-type-simple\">\r\n<div class=\"product-inner\">\r\n\t\r\n\t<div class=\"product-image\">\r\n\r\n\t\t<a  href=\"https:\/\/proyectum.com\/ec\/product\/scrum-master-certificado-smc\/\" aria-label=\"product\">\r\n\t\t\t<div class=\"labels\"><div class=\"onsale\">-8%<\/div><\/div><div data-link=\"https:\/\/proyectum.com\/ec\/cart\/\" class=\"viewcart viewcart-7553\" title=\"Ver carrito\"><\/div><div class=\"inner\"><img loading=\"lazy\" decoding=\"async\" width=\"300\" height=\"150\" src=\"https:\/\/proyectum.com\/ec\/wp-content\/uploads\/2020\/09\/SMCPT-300x150.png\" class=\" wp-post-image\" alt=\"\" \/><\/div>\t\t<\/a>\r\n\t\t\t<\/div>\r\n\r\n\t<div class=\"product-content\">\r\n\t\t<span class=\"category-list\"><a href=\"https:\/\/proyectum.com\/ec\/product-category\/scrumstudy\/\" rel=\"tag\">SCRUMstudy<\/a><\/span>\r\n\t\t\t<a class=\"product-loop-title\"  href=\"https:\/\/proyectum.com\/ec\/product\/scrum-master-certificado-smc\/\">\r\n\t<h3 class=\"woocommerce-loop-product__title\">Scrum Master Certificado SMC\u2122 Bajo Demanda<\/h3>\t<\/a>\r\n\t\r\n\t\t\n\t<span class=\"price\"><del aria-hidden=\"true\"><span class=\"woocommerce-Price-amount amount\"><bdi><span class=\"woocommerce-Price-currencySymbol\">&#36;<\/span>450.00<\/bdi><\/span><\/del> <span class=\"screen-reader-text\">El precio original era: &#036;450.00.<\/span><ins aria-hidden=\"true\"><span class=\"woocommerce-Price-amount amount\"><bdi><span class=\"woocommerce-Price-currencySymbol\">&#36;<\/span>415.00<\/bdi><\/span><\/ins><span class=\"screen-reader-text\">El precio actual es: &#036;415.00.<\/span><\/span>\n\r\n\t\t<div class=\"add-links-wrap\">\r\n\t<div class=\"add-links clearfix\">\r\n\t\t<a href=\"?add-to-cart=7553\" data-quantity=\"1\" class=\"viewcart-style-1 button product_type_simple add_to_cart_button ajax_add_to_cart\" data-product_id=\"7553\" data-product_sku=\"\" aria-label=\"A\u00f1adir al carrito: &ldquo;Scrum Master Certificado SMC\u2122 Bajo Demanda&rdquo;\" rel=\"nofollow\" data-success_message=\"\u00abScrum Master Certificado SMC\u2122 Bajo Demanda\u00bb se ha a\u00f1adido a tu carrito\">A\u00f1adir al carrito<\/a><div class=\"quickview\" data-id=\"7553\" title=\"Quick View\">Quick View<\/div>\t<\/div>\r\n\t<\/div>\r\n<span class=\"gtm4wp_productdata\" style=\"display:none; visibility:hidden;\" data-gtm4wp_product_data=\"{&quot;internal_id&quot;:7553,&quot;item_id&quot;:7553,&quot;item_name&quot;:&quot;Scrum Master Certificado SMC\\u2122 Bajo Demanda&quot;,&quot;sku&quot;:7553,&quot;price&quot;:415,&quot;stocklevel&quot;:null,&quot;stockstatus&quot;:&quot;instock&quot;,&quot;google_business_vertical&quot;:&quot;retail&quot;,&quot;item_category&quot;:&quot;SCRUMstudy&quot;,&quot;id&quot;:7553,&quot;productlink&quot;:&quot;https:\\\/\\\/proyectum.com\\\/ec\\\/product\\\/scrum-master-certificado-smc\\\/&quot;,&quot;item_list_name&quot;:&quot;Lista general de productos&quot;,&quot;index&quot;:1,&quot;product_type&quot;:&quot;simple&quot;,&quot;item_brand&quot;:&quot;&quot;}\"><\/span>\t<\/div>\r\n<\/div>\r\n<\/li>\r\n\r\n<li class=\"product-col product-outimage product type-product post-7559 status-publish first instock product_cat-pmi product_tag-virtual-en-vivo has-post-thumbnail sale virtual taxable purchasable product-type-simple\">\r\n<div class=\"product-inner\">\r\n\t\r\n\t<div class=\"product-image\">\r\n\r\n\t\t<a  href=\"https:\/\/proyectum.com\/ec\/product\/preparacion-para-la-certificacion-agil-pmi-acp\/\" aria-label=\"product\">\r\n\t\t\t<div class=\"labels\"><div class=\"onsale\">-12%<\/div><\/div><div data-link=\"https:\/\/proyectum.com\/ec\/cart\/\" class=\"viewcart viewcart-7559\" title=\"Ver carrito\"><\/div><div class=\"inner\"><img loading=\"lazy\" decoding=\"async\" width=\"300\" height=\"150\" src=\"https:\/\/proyectum.com\/ec\/wp-content\/uploads\/2020\/09\/PMI-ACP-300x150.png\" class=\" wp-post-image\" alt=\"\" \/><\/div>\t\t<\/a>\r\n\t\t\t<\/div>\r\n\r\n\t<div class=\"product-content\">\r\n\t\t<span class=\"category-list\"><a href=\"https:\/\/proyectum.com\/ec\/product-category\/pmi\/\" rel=\"tag\">PMI\u00ae<\/a><\/span>\r\n\t\t\t<a class=\"product-loop-title\"  href=\"https:\/\/proyectum.com\/ec\/product\/preparacion-para-la-certificacion-agil-pmi-acp\/\">\r\n\t<h3 class=\"woocommerce-loop-product__title\">Preparaci\u00f3n para la Certificaci\u00f3n \u00c1gil PMI-ACP\u00ae Virtual en Vivo<\/h3>\t<\/a>\r\n\t\r\n\t\t\n\t<span class=\"price\"><del aria-hidden=\"true\"><span class=\"woocommerce-Price-amount amount\"><bdi><span class=\"woocommerce-Price-currencySymbol\">&#36;<\/span>850.00<\/bdi><\/span><\/del> <span class=\"screen-reader-text\">El precio original era: &#036;850.00.<\/span><ins aria-hidden=\"true\"><span class=\"woocommerce-Price-amount amount\"><bdi><span class=\"woocommerce-Price-currencySymbol\">&#36;<\/span>749.00<\/bdi><\/span><\/ins><span class=\"screen-reader-text\">El precio actual es: &#036;749.00.<\/span><\/span>\n\r\n\t\t<div class=\"add-links-wrap\">\r\n\t<div class=\"add-links clearfix\">\r\n\t\t<a href=\"?add-to-cart=7559\" data-quantity=\"1\" class=\"viewcart-style-1 button product_type_simple add_to_cart_button ajax_add_to_cart\" data-product_id=\"7559\" data-product_sku=\"\" aria-label=\"A\u00f1adir al carrito: &ldquo;Preparaci\u00f3n para la Certificaci\u00f3n \u00c1gil PMI-ACP\u00ae Virtual en Vivo&rdquo;\" rel=\"nofollow\" data-success_message=\"\u00abPreparaci\u00f3n para la Certificaci\u00f3n \u00c1gil PMI-ACP\u00ae Virtual en Vivo\u00bb se ha a\u00f1adido a tu carrito\">A\u00f1adir al carrito<\/a><div class=\"quickview\" data-id=\"7559\" title=\"Quick View\">Quick View<\/div>\t<\/div>\r\n\t<\/div>\r\n<span class=\"gtm4wp_productdata\" style=\"display:none; visibility:hidden;\" data-gtm4wp_product_data=\"{&quot;internal_id&quot;:7559,&quot;item_id&quot;:7559,&quot;item_name&quot;:&quot;Preparaci\\u00f3n para la Certificaci\\u00f3n \\u00c1gil PMI-ACP\\u00ae Virtual en Vivo&quot;,&quot;sku&quot;:7559,&quot;price&quot;:749,&quot;stocklevel&quot;:null,&quot;stockstatus&quot;:&quot;instock&quot;,&quot;google_business_vertical&quot;:&quot;retail&quot;,&quot;item_category&quot;:&quot;PMI\\u00ae&quot;,&quot;id&quot;:7559,&quot;productlink&quot;:&quot;https:\\\/\\\/proyectum.com\\\/ec\\\/product\\\/preparacion-para-la-certificacion-agil-pmi-acp\\\/&quot;,&quot;item_list_name&quot;:&quot;Lista general de productos&quot;,&quot;index&quot;:2,&quot;product_type&quot;:&quot;simple&quot;,&quot;item_brand&quot;:&quot;&quot;}\"><\/span>\t<\/div>\r\n<\/div>\r\n<\/li>\r\n\r\n<li class=\"product-col product-outimage product type-product post-7531 status-publish first instock product_cat-scrumstudy product_tag-asincrono has-post-thumbnail sale taxable shipping-taxable purchasable product-type-simple\">\r\n<div class=\"product-inner\">\r\n\t\r\n\t<div class=\"product-image\">\r\n\r\n\t\t<a  href=\"https:\/\/proyectum.com\/ec\/product\/curso-online-y-certificacion-sfc\/\" aria-label=\"product\">\r\n\t\t\t<div class=\"labels\"><div class=\"onsale\">-100%<\/div><\/div><div data-link=\"https:\/\/proyectum.com\/ec\/cart\/\" class=\"viewcart viewcart-7531\" title=\"Ver carrito\"><\/div><div class=\"inner\"><img loading=\"lazy\" decoding=\"async\" width=\"300\" height=\"150\" src=\"https:\/\/proyectum.com\/ec\/wp-content\/uploads\/2020\/09\/SFC-300x150.png\" class=\" wp-post-image\" alt=\"\" \/><\/div>\t\t<\/a>\r\n\t\t\t<\/div>\r\n\r\n\t<div class=\"product-content\">\r\n\t\t<span class=\"category-list\"><a href=\"https:\/\/proyectum.com\/ec\/product-category\/scrumstudy\/\" rel=\"tag\">SCRUMstudy<\/a><\/span>\r\n\t\t\t<a class=\"product-loop-title\"  href=\"https:\/\/proyectum.com\/ec\/product\/curso-online-y-certificacion-sfc\/\">\r\n\t<h3 class=\"woocommerce-loop-product__title\">\u00a0Curso Online y Certificaci\u00f3n SFC\u2122<\/h3>\t<\/a>\r\n\t\r\n\t\t\n\t<span class=\"price\"><del aria-hidden=\"true\"><span class=\"woocommerce-Price-amount amount\"><bdi><span class=\"woocommerce-Price-currencySymbol\">&#36;<\/span>49.00<\/bdi><\/span><\/del> <span class=\"screen-reader-text\">El precio original era: &#036;49.00.<\/span><ins aria-hidden=\"true\"><span class=\"woocommerce-Price-amount amount\"><bdi><span class=\"woocommerce-Price-currencySymbol\">&#36;<\/span>0.00<\/bdi><\/span><\/ins><span class=\"screen-reader-text\">El precio actual es: &#036;0.00.<\/span><\/span>\n\r\n\t\t<div class=\"add-links-wrap\">\r\n\t<div class=\"add-links clearfix\">\r\n\t\t<a href=\"?add-to-cart=7531\" data-quantity=\"1\" class=\"viewcart-style-1 button product_type_simple add_to_cart_button ajax_add_to_cart\" data-product_id=\"7531\" data-product_sku=\"SFC\" aria-label=\"A\u00f1adir al carrito: &ldquo;\u00a0Curso Online y Certificaci\u00f3n SFC\u2122&rdquo;\" rel=\"nofollow\" data-success_message=\"\u00ab\u00a0Curso Online y Certificaci\u00f3n SFC\u2122\u00bb se ha a\u00f1adido a tu carrito\">A\u00f1adir al carrito<\/a><div class=\"quickview\" data-id=\"7531\" title=\"Quick View\">Quick View<\/div>\t<\/div>\r\n\t<\/div>\r\n<span class=\"gtm4wp_productdata\" style=\"display:none; visibility:hidden;\" data-gtm4wp_product_data=\"{&quot;internal_id&quot;:7531,&quot;item_id&quot;:7531,&quot;item_name&quot;:&quot;\\u00a0Curso Online y Certificaci\\u00f3n SFC\\u2122&quot;,&quot;sku&quot;:&quot;SFC&quot;,&quot;price&quot;:0,&quot;stocklevel&quot;:null,&quot;stockstatus&quot;:&quot;instock&quot;,&quot;google_business_vertical&quot;:&quot;retail&quot;,&quot;item_category&quot;:&quot;SCRUMstudy&quot;,&quot;id&quot;:7531,&quot;productlink&quot;:&quot;https:\\\/\\\/proyectum.com\\\/ec\\\/product\\\/curso-online-y-certificacion-sfc\\\/&quot;,&quot;item_list_name&quot;:&quot;Lista general de productos&quot;,&quot;index&quot;:3,&quot;product_type&quot;:&quot;simple&quot;,&quot;item_brand&quot;:&quot;&quot;}\"><\/span>\t<\/div>\r\n<\/div>\r\n<\/li>\r\n<\/ul>\r\n<\/div>[\/vc_column][\/vc_row][vc_row css=\u00bb.vc_custom_1567544796795{margin-top: 30px !important;margin-bottom: 30px !important;}\u00bb][vc_column][vc_column_text]<\/p>\n<h3>Obt\u00e9n la Certificaci\u00f3n Scrum Fundamentals Certified sin costo en nuestra Tienda Online<\/h3>\n<p>[\/vc_column_text]<div class=\"woocommerce columns-2 \"><ul class=\"products products-container grid pcols-lg-2 pcols-md-2 pcols-xs-2 pcols-ls-2 pwidth-lg-2 pwidth-md-2 pwidth-xs-1 pwidth-ls-1 is-shortcode\"\r\n\t data-product_layout=\"product-outimage\">\r\n\r\n<li class=\"product-col product-outimage product type-product post-7531 status-publish first instock product_cat-scrumstudy product_tag-asincrono has-post-thumbnail sale taxable shipping-taxable purchasable product-type-simple\">\r\n<div class=\"product-inner\">\r\n\t\r\n\t<div class=\"product-image\">\r\n\r\n\t\t<a  href=\"https:\/\/proyectum.com\/ec\/product\/curso-online-y-certificacion-sfc\/\" aria-label=\"product\">\r\n\t\t\t<div class=\"labels\"><div class=\"onsale\">-100%<\/div><\/div><div data-link=\"https:\/\/proyectum.com\/ec\/cart\/\" class=\"viewcart viewcart-7531\" title=\"Ver carrito\"><\/div><div class=\"inner\"><img loading=\"lazy\" decoding=\"async\" width=\"300\" height=\"150\" src=\"https:\/\/proyectum.com\/ec\/wp-content\/uploads\/2020\/09\/SFC-300x150.png\" class=\" wp-post-image\" alt=\"\" \/><\/div>\t\t<\/a>\r\n\t\t\t<\/div>\r\n\r\n\t<div class=\"product-content\">\r\n\t\t<span class=\"category-list\"><a href=\"https:\/\/proyectum.com\/ec\/product-category\/scrumstudy\/\" rel=\"tag\">SCRUMstudy<\/a><\/span>\r\n\t\t\t<a class=\"product-loop-title\"  href=\"https:\/\/proyectum.com\/ec\/product\/curso-online-y-certificacion-sfc\/\">\r\n\t<h3 class=\"woocommerce-loop-product__title\">\u00a0Curso Online y Certificaci\u00f3n SFC\u2122<\/h3>\t<\/a>\r\n\t\r\n\t\t\n\t<span class=\"price\"><del aria-hidden=\"true\"><span class=\"woocommerce-Price-amount amount\"><bdi><span class=\"woocommerce-Price-currencySymbol\">&#36;<\/span>49.00<\/bdi><\/span><\/del> <span class=\"screen-reader-text\">El precio original era: &#036;49.00.<\/span><ins aria-hidden=\"true\"><span class=\"woocommerce-Price-amount amount\"><bdi><span class=\"woocommerce-Price-currencySymbol\">&#36;<\/span>0.00<\/bdi><\/span><\/ins><span class=\"screen-reader-text\">El precio actual es: &#036;0.00.<\/span><\/span>\n\r\n\t\t<div class=\"add-links-wrap\">\r\n\t<div class=\"add-links clearfix\">\r\n\t\t<a href=\"?add-to-cart=7531\" data-quantity=\"1\" class=\"viewcart-style-1 button product_type_simple add_to_cart_button ajax_add_to_cart\" data-product_id=\"7531\" data-product_sku=\"SFC\" aria-label=\"A\u00f1adir al carrito: &ldquo;\u00a0Curso Online y Certificaci\u00f3n SFC\u2122&rdquo;\" rel=\"nofollow\" data-success_message=\"\u00ab\u00a0Curso Online y Certificaci\u00f3n SFC\u2122\u00bb se ha a\u00f1adido a tu carrito\">A\u00f1adir al carrito<\/a><div class=\"quickview\" data-id=\"7531\" title=\"Quick View\">Quick View<\/div>\t<\/div>\r\n\t<\/div>\r\n<span class=\"gtm4wp_productdata\" style=\"display:none; visibility:hidden;\" data-gtm4wp_product_data=\"{&quot;internal_id&quot;:7531,&quot;item_id&quot;:7531,&quot;item_name&quot;:&quot;\\u00a0Curso Online y Certificaci\\u00f3n SFC\\u2122&quot;,&quot;sku&quot;:&quot;SFC&quot;,&quot;price&quot;:0,&quot;stocklevel&quot;:null,&quot;stockstatus&quot;:&quot;instock&quot;,&quot;google_business_vertical&quot;:&quot;retail&quot;,&quot;item_category&quot;:&quot;SCRUMstudy&quot;,&quot;id&quot;:7531,&quot;productlink&quot;:&quot;https:\\\/\\\/proyectum.com\\\/ec\\\/product\\\/curso-online-y-certificacion-sfc\\\/&quot;,&quot;item_list_name&quot;:&quot;Lista general de productos&quot;,&quot;index&quot;:1,&quot;product_type&quot;:&quot;simple&quot;,&quot;item_brand&quot;:&quot;&quot;}\"><\/span>\t<\/div>\r\n<\/div>\r\n<\/li>\r\n<\/ul>\r\n<\/div>[vc_custom_heading text=\u00bb\u00bfQuieres saber m\u00e1s sobre nuestras capacitaciones?\u00bb font_container=\u00bbtag:h2|text_align:center|color:%2300416b\u00bb use_theme_fonts=\u00bbyes\u00bb][\/vc_column][\/vc_row][vc_row][vc_column][vc_raw_html]JTNDaWZyYW1lJTIwc3R5bGUlM0QlMjJib3JkZXIlM0ElMjAwcHglMjFpbXBvcnRhbnQlM0IlMjIlMjBzcmMlM0QlMjJodHRwcyUzQSUyRiUyRnd3dy5wcm95ZWN0dW0uY29tJTJGc2lzdGVtYSUyRmZvcm11bGFyaW8tamV0cGFjay1kYXNtJTJGJTIyJTIwd2lkdGglM0QlMjIxMDAwcHglMjIlMjBoZWlnaHQlM0QlMjI3MDBweCUyMiUzRSUzQyUyRmlmcmFtZSUzRQ==[\/vc_raw_html][\/vc_column][\/vc_row]<\/p>\n<\/div>","protected":false},"excerpt":{"rendered":"<p>[vc_row full_width=\u00bbstretch_row\u00bb css=\u00bb.vc_custom_1538081762258{padding-top: 58px !important;padding-bottom: 58px !important;background-image: url(https:\/\/www.proyectum.com\/cl\/wp-content\/uploads\/2018\/09\/curso-tipo.png?id=6990) !important;background-position: center !important;background-repeat: no-repeat !important;background-size: cover !important;}\u00bb][vc_column width=\u00bb2\/3&#8243;][vc_custom_heading text=\u00bbLos beneficios de usar Scrum\u00bb font_container=\u00bbtag:h1|font_size:35|text_align:center|color:%23ffffff\u00bb use_theme_fonts=\u00bbyes\u00bb css=\u00bb.vc_custom_1619916101303{margin-bottom: 0px !important;}\u00bb][\/vc_column][vc_column width=\u00bb1\/3&#8243;][\/vc_column][\/vc_row][vc_row css=\u00bb.vc_custom_1488777218947{padding-top: 25px !important;padding-bottom: 60px !important;}\u00bb][vc_column width=\u00bb2\/3&#8243; css=\u00bb.vc_custom_1538081880375{padding-right: 40px !important;}\u00bb][vc_column_text] En el \u00e1mbito de la Direcci\u00f3n de Proyectos, SCRUM es uno de los temas importantes y tambi\u00e9n una de [&hellip;]<\/p>\n","protected":false},"author":18,"featured_media":0,"parent":0,"menu_order":9,"comment_status":"closed","ping_status":"closed","template":"","meta":{"footnotes":""},"class_list":["post-7792","page","type-page","status-publish","hentry"],"_links":{"self":[{"href":"https:\/\/proyectum.com\/ec\/wp-json\/wp\/v2\/pages\/7792"}],"collection":[{"href":"https:\/\/proyectum.com\/ec\/wp-json\/wp\/v2\/pages"}],"about":[{"href":"https:\/\/proyectum.com\/ec\/wp-json\/wp\/v2\/types\/page"}],"author":[{"embeddable":true,"href":"https:\/\/proyectum.com\/ec\/wp-json\/wp\/v2\/users\/18"}],"replies":[{"embeddable":true,"href":"https:\/\/proyectum.com\/ec\/wp-json\/wp\/v2\/comments?post=7792"}],"version-history":[{"count":0,"href":"https:\/\/proyectum.com\/ec\/wp-json\/wp\/v2\/pages\/7792\/revisions"}],"wp:attachment":[{"href":"https:\/\/proyectum.com\/ec\/wp-json\/wp\/v2\/media?parent=7792"}],"curies":[{"name":"wp","href":"https:\/\/api.w.org\/{rel}","templated":true}]}}