{"id":7809,"date":"2021-05-02T23:13:39","date_gmt":"2021-05-03T04:13:39","guid":{"rendered":"https:\/\/proyectum.com\/ec\/?page_id=7809"},"modified":"2021-05-02T23:17:37","modified_gmt":"2021-05-03T04:17:37","slug":"scrum-diario-por-que-es-importante","status":"publish","type":"page","link":"https:\/\/proyectum.com\/ec\/scrum-diario-por-que-es-importante\/","title":{"rendered":"Scrum Diario: \u00bfPor qu\u00e9 es importante?"},"content":{"rendered":"<div class=\"wpb-content-wrapper\"><p>[vc_row full_width=\u00bbstretch_row\u00bb css=\u00bb.vc_custom_1538081762258{padding-top: 58px !important;padding-bottom: 58px !important;background-image: url(https:\/\/www.proyectum.com\/cl\/wp-content\/uploads\/2018\/09\/curso-tipo.png?id=6990) !important;background-position: center !important;background-repeat: no-repeat !important;background-size: cover !important;}\u00bb][vc_column width=\u00bb2\/3&#8243;][vc_custom_heading text=\u00bbScrum Diario: \u00bfPor qu\u00e9 es importante?\u00bb font_container=\u00bbtag:h1|font_size:35|text_align:center|color:%23ffffff\u00bb use_theme_fonts=\u00bbyes\u00bb css=\u00bb.vc_custom_1620015270437{margin-bottom: 0px !important;}\u00bb][\/vc_column][vc_column width=\u00bb1\/3&#8243;][\/vc_column][\/vc_row][vc_row css=\u00bb.vc_custom_1488777218947{padding-top: 25px !important;padding-bottom: 60px !important;}\u00bb][vc_column width=\u00bb2\/3&#8243; css=\u00bb.vc_custom_1538081880375{padding-right: 40px !important;}\u00bb][vc_column_text]<a href=\"https:\/\/proyectum.com\/ec\/wp-content\/uploads\/2021\/05\/Por-que-es-importante-el-scrum-diario.png\"><img loading=\"lazy\" decoding=\"async\" class=\"size-full wp-image-7810 aligncenter\" src=\"https:\/\/proyectum.com\/ec\/wp-content\/uploads\/2021\/05\/Por-que-es-importante-el-scrum-diario.png\" alt=\"\" width=\"844\" height=\"566\" srcset=\"https:\/\/proyectum.com\/ec\/wp-content\/uploads\/2021\/05\/Por-que-es-importante-el-scrum-diario.png 844w, https:\/\/proyectum.com\/ec\/wp-content\/uploads\/2021\/05\/Por-que-es-importante-el-scrum-diario-768x515.png 768w, https:\/\/proyectum.com\/ec\/wp-content\/uploads\/2021\/05\/Por-que-es-importante-el-scrum-diario-367x246.png 367w, https:\/\/proyectum.com\/ec\/wp-content\/uploads\/2021\/05\/Por-que-es-importante-el-scrum-diario-600x402.png 600w\" sizes=\"(max-width: 844px) 100vw, 844px\" \/><\/a><\/p>\n<p>El \u201cScrum Diario\u201d es una reuni\u00f3n que se efect\u00faa cada d\u00eda de un sprint en las organizaciones que han adoptado la metololog\u00eda Scrum. Normalmente, estas reuniones se hacen cada d\u00eda en el mismo sitio y a la misma hora. Habitualmente, las Reuniones Diarias de Scrum se conducen por la ma\u00f1ana con el fin de ayudar a establecer el contexto para el d\u00eda de trabajo. Sin embargo, cuando trabajas en una organizaci\u00f3n distribuida globalmente, la reuni\u00f3n puede ocurrir a una hora establecida de com\u00fan acuerdo entre los miembros del equipo. Las Reuniones Diarias de Scrum se limitan a 15 minutos de duraci\u00f3n para mantener la discusi\u00f3n r\u00e1pida e importante.<\/p>\n<p>El equipo se re\u00fane cada d\u00eda para ponerse al tanto r\u00e1pidamente. Esta reuni\u00f3n es considerada como una de las partes m\u00e1s sobresalientes del marco Scrum. Abajo consta una lista con algunos de los beneficios de mantener la Reuni\u00f3n Diaria de Scrum:<\/p>\n<p>\u2022 Permitir al equipo estar en sincron\u00eda con c\u00f3mo est\u00e1n ocurriendo las cosas.<br \/>\n\u2022 Permite hacer correcciones en el sprint.<br \/>\n\u2022 Construye confianza entre los miembros del equipo.<br \/>\n\u2022 Estimula la planificaci\u00f3n personal.<br \/>\n\u2022 Genera gran visibilidad del progreso.<br \/>\n\u2022 Permite que el equipo se auto-organice.<\/p>\n<p>Es obligatorio para todos los miembros del equipo participar en la Reuni\u00f3n Diaria de Scrum. Se espera que el Propietario del Producto y el Scrum Master tambi\u00e9n participen en estas reuniones. Se requiere que el Scrum Master solamente capte los impedimentos que se reconozcan en la reuni\u00f3n Diaria de Scrum, y que no trate de discutirlos o resolverlos en la reuni\u00f3n. Este evento se considera un c\u00edrculo de retroalimentaci\u00f3n \u201ccentrado en el trabajo\u201d, que los miembros del equipo utilizan para comunicar y evaluar el progreso e identificar impedimentos. No se intenta que la reuni\u00f3n sea una herramienta de reporte de gesti\u00f3n o de estatus.<\/p>\n<p>Dentro del equipo, diariamente se recalca el compromiso y la responsabilidad. Estas reuniones son dirigidas por el equipo y para el equipo. Las reuniones ayudan al grupo a estar enfocado en el objetivo y tambi\u00e9n ayuda a la auto-organizaci\u00f3n y colaboraci\u00f3n. El tiempo ocupado en estas reuniones puede considerarse como tiempo bien invertido cuando finalmente se realiza el entregable del proyecto.<\/p>\n<p>En la reuni\u00f3n diaria de Scrum no necesariamente se evita resolver problemas o inconvenientes. Sin embargo, esta reuni\u00f3n no tiene como objetivo resolver los problemas e inconvenientes.<\/p>\n<p>En esta reuni\u00f3n, cada miembro trata de contestar a estas tres preguntas:<\/p>\n<p>\u2022 \u00bfQu\u00e9 hizo ayer el miembro del equipo?<br \/>\n\u2022 \u00bfQu\u00e9 planea hacer hoy?<br \/>\n\u2022 \u00bfQu\u00e9 problemas ha enfrentado hasta ahora?<\/p>\n<p>Estas reuniones ayudan al equipo a darse cuenta de qu\u00e9 hizo cada persona ayer, y qu\u00e9 planea lograr hoy. El Scrum Diario ayuda a mejorar el compromiso de cada persona con el equipo. Crea un equipo auto-organizado con ambiente positivo.<\/p>\n<p>&nbsp;<\/p>\n<p>Autor: SCRUMstudy<\/p>\n<p>&nbsp;<\/p>\n<p>Traducci\u00f3n y adaptaci\u00f3n: Enrique Ledesma M.Sc., PMP, TSPM, STC, SPOC, SMC, SDC<\/p>\n<p>&nbsp;<\/p>\n<p>Director Ejecutivo de TenStep Ecuador[\/vc_column_text][\/vc_column][vc_column width=\u00bb1\/3&#8243; text_align=\u00bbleft\u00bb css=\u00bb.vc_custom_1538081853323{padding-left: 0px !important;}\u00bb]<div class=\"porto-u-heading  wpb_custom_95aa9a11c17ad45cfabaf210d84ee7cc porto-u-7962\"><div class=\"porto-u-main-heading\"><h2   style=\"font-weight:bold;line-height:27px;\">Tienda Online<\/h2><\/div><style>.porto-u-7962.porto-u-heading{text-align:center}<\/style><\/div><div class=\"woocommerce columns-1 \"><ul class=\"products products-container grid pcols-lg-1 pcols-md-1 pcols-xs-1 pcols-ls-1 pwidth-lg-1 pwidth-md-1 pwidth-xs-1 pwidth-ls-1 is-shortcode\"\r\n\t data-product_layout=\"product-outimage\">\r\n\r\n<li class=\"product-col product-outimage product type-product post-7553 status-publish first instock product_cat-scrumstudy product_tag-asincrono has-post-thumbnail sale taxable shipping-taxable purchasable product-type-simple\">\r\n<div class=\"product-inner\">\r\n\t\r\n\t<div class=\"product-image\">\r\n\r\n\t\t<a  href=\"https:\/\/proyectum.com\/ec\/product\/scrum-master-certificado-smc\/\" aria-label=\"product\">\r\n\t\t\t<div class=\"labels\"><div class=\"onsale\">-8%<\/div><\/div><div data-link=\"https:\/\/proyectum.com\/ec\/cart\/\" class=\"viewcart viewcart-7553\" title=\"Ver carrito\"><\/div><div class=\"inner\"><img loading=\"lazy\" decoding=\"async\" width=\"300\" height=\"150\" src=\"https:\/\/proyectum.com\/ec\/wp-content\/uploads\/2020\/09\/SMCPT-300x150.png\" class=\" wp-post-image\" alt=\"\" \/><\/div>\t\t<\/a>\r\n\t\t\t<\/div>\r\n\r\n\t<div class=\"product-content\">\r\n\t\t<span class=\"category-list\"><a href=\"https:\/\/proyectum.com\/ec\/product-category\/scrumstudy\/\" rel=\"tag\">SCRUMstudy<\/a><\/span>\r\n\t\t\t<a class=\"product-loop-title\"  href=\"https:\/\/proyectum.com\/ec\/product\/scrum-master-certificado-smc\/\">\r\n\t<h3 class=\"woocommerce-loop-product__title\">Scrum Master Certificado SMC\u2122 Bajo Demanda<\/h3>\t<\/a>\r\n\t\r\n\t\t\n\t<span class=\"price\"><del aria-hidden=\"true\"><span class=\"woocommerce-Price-amount amount\"><bdi><span class=\"woocommerce-Price-currencySymbol\">&#36;<\/span>450.00<\/bdi><\/span><\/del> <span class=\"screen-reader-text\">El precio original era: &#036;450.00.<\/span><ins aria-hidden=\"true\"><span class=\"woocommerce-Price-amount amount\"><bdi><span class=\"woocommerce-Price-currencySymbol\">&#36;<\/span>415.00<\/bdi><\/span><\/ins><span class=\"screen-reader-text\">El precio actual es: &#036;415.00.<\/span><\/span>\n\r\n\t\t<div class=\"add-links-wrap\">\r\n\t<div class=\"add-links clearfix\">\r\n\t\t<a href=\"?add-to-cart=7553\" data-quantity=\"1\" class=\"viewcart-style-1 button product_type_simple add_to_cart_button ajax_add_to_cart\" data-product_id=\"7553\" data-product_sku=\"\" aria-label=\"A\u00f1adir al carrito: &ldquo;Scrum Master Certificado SMC\u2122 Bajo Demanda&rdquo;\" rel=\"nofollow\" data-success_message=\"\u00abScrum Master Certificado SMC\u2122 Bajo Demanda\u00bb se ha a\u00f1adido a tu carrito\">A\u00f1adir al carrito<\/a><div class=\"quickview\" data-id=\"7553\" title=\"Quick View\">Quick View<\/div>\t<\/div>\r\n\t<\/div>\r\n<span class=\"gtm4wp_productdata\" style=\"display:none; visibility:hidden;\" data-gtm4wp_product_data=\"{&quot;internal_id&quot;:7553,&quot;item_id&quot;:7553,&quot;item_name&quot;:&quot;Scrum Master Certificado SMC\\u2122 Bajo Demanda&quot;,&quot;sku&quot;:7553,&quot;price&quot;:415,&quot;stocklevel&quot;:null,&quot;stockstatus&quot;:&quot;instock&quot;,&quot;google_business_vertical&quot;:&quot;retail&quot;,&quot;item_category&quot;:&quot;SCRUMstudy&quot;,&quot;id&quot;:7553,&quot;productlink&quot;:&quot;https:\\\/\\\/proyectum.com\\\/ec\\\/product\\\/scrum-master-certificado-smc\\\/&quot;,&quot;item_list_name&quot;:&quot;Lista general de productos&quot;,&quot;index&quot;:1,&quot;product_type&quot;:&quot;simple&quot;,&quot;item_brand&quot;:&quot;&quot;}\"><\/span>\t<\/div>\r\n<\/div>\r\n<\/li>\r\n\r\n<li class=\"product-col product-outimage product type-product post-7559 status-publish first instock product_cat-pmi product_tag-virtual-en-vivo has-post-thumbnail sale virtual taxable purchasable product-type-simple\">\r\n<div class=\"product-inner\">\r\n\t\r\n\t<div class=\"product-image\">\r\n\r\n\t\t<a  href=\"https:\/\/proyectum.com\/ec\/product\/preparacion-para-la-certificacion-agil-pmi-acp\/\" aria-label=\"product\">\r\n\t\t\t<div class=\"labels\"><div class=\"onsale\">-12%<\/div><\/div><div data-link=\"https:\/\/proyectum.com\/ec\/cart\/\" class=\"viewcart viewcart-7559\" title=\"Ver carrito\"><\/div><div class=\"inner\"><img loading=\"lazy\" decoding=\"async\" width=\"300\" height=\"150\" src=\"https:\/\/proyectum.com\/ec\/wp-content\/uploads\/2020\/09\/PMI-ACP-300x150.png\" class=\" wp-post-image\" alt=\"\" \/><\/div>\t\t<\/a>\r\n\t\t\t<\/div>\r\n\r\n\t<div class=\"product-content\">\r\n\t\t<span class=\"category-list\"><a href=\"https:\/\/proyectum.com\/ec\/product-category\/pmi\/\" rel=\"tag\">PMI\u00ae<\/a><\/span>\r\n\t\t\t<a class=\"product-loop-title\"  href=\"https:\/\/proyectum.com\/ec\/product\/preparacion-para-la-certificacion-agil-pmi-acp\/\">\r\n\t<h3 class=\"woocommerce-loop-product__title\">Preparaci\u00f3n para la Certificaci\u00f3n \u00c1gil PMI-ACP\u00ae Virtual en Vivo<\/h3>\t<\/a>\r\n\t\r\n\t\t\n\t<span class=\"price\"><del aria-hidden=\"true\"><span class=\"woocommerce-Price-amount amount\"><bdi><span class=\"woocommerce-Price-currencySymbol\">&#36;<\/span>850.00<\/bdi><\/span><\/del> <span class=\"screen-reader-text\">El precio original era: &#036;850.00.<\/span><ins aria-hidden=\"true\"><span class=\"woocommerce-Price-amount amount\"><bdi><span class=\"woocommerce-Price-currencySymbol\">&#36;<\/span>749.00<\/bdi><\/span><\/ins><span class=\"screen-reader-text\">El precio actual es: &#036;749.00.<\/span><\/span>\n\r\n\t\t<div class=\"add-links-wrap\">\r\n\t<div class=\"add-links clearfix\">\r\n\t\t<a href=\"?add-to-cart=7559\" data-quantity=\"1\" class=\"viewcart-style-1 button product_type_simple add_to_cart_button ajax_add_to_cart\" data-product_id=\"7559\" data-product_sku=\"\" aria-label=\"A\u00f1adir al carrito: &ldquo;Preparaci\u00f3n para la Certificaci\u00f3n \u00c1gil PMI-ACP\u00ae Virtual en Vivo&rdquo;\" rel=\"nofollow\" data-success_message=\"\u00abPreparaci\u00f3n para la Certificaci\u00f3n \u00c1gil PMI-ACP\u00ae Virtual en Vivo\u00bb se ha a\u00f1adido a tu carrito\">A\u00f1adir al carrito<\/a><div class=\"quickview\" data-id=\"7559\" title=\"Quick View\">Quick View<\/div>\t<\/div>\r\n\t<\/div>\r\n<span class=\"gtm4wp_productdata\" style=\"display:none; visibility:hidden;\" data-gtm4wp_product_data=\"{&quot;internal_id&quot;:7559,&quot;item_id&quot;:7559,&quot;item_name&quot;:&quot;Preparaci\\u00f3n para la Certificaci\\u00f3n \\u00c1gil PMI-ACP\\u00ae Virtual en Vivo&quot;,&quot;sku&quot;:7559,&quot;price&quot;:749,&quot;stocklevel&quot;:null,&quot;stockstatus&quot;:&quot;instock&quot;,&quot;google_business_vertical&quot;:&quot;retail&quot;,&quot;item_category&quot;:&quot;PMI\\u00ae&quot;,&quot;id&quot;:7559,&quot;productlink&quot;:&quot;https:\\\/\\\/proyectum.com\\\/ec\\\/product\\\/preparacion-para-la-certificacion-agil-pmi-acp\\\/&quot;,&quot;item_list_name&quot;:&quot;Lista general de productos&quot;,&quot;index&quot;:2,&quot;product_type&quot;:&quot;simple&quot;,&quot;item_brand&quot;:&quot;&quot;}\"><\/span>\t<\/div>\r\n<\/div>\r\n<\/li>\r\n\r\n<li class=\"product-col product-outimage product type-product post-7531 status-publish first instock product_cat-scrumstudy product_tag-asincrono has-post-thumbnail sale taxable shipping-taxable purchasable product-type-simple\">\r\n<div class=\"product-inner\">\r\n\t\r\n\t<div class=\"product-image\">\r\n\r\n\t\t<a  href=\"https:\/\/proyectum.com\/ec\/product\/curso-online-y-certificacion-sfc\/\" aria-label=\"product\">\r\n\t\t\t<div class=\"labels\"><div class=\"onsale\">-100%<\/div><\/div><div data-link=\"https:\/\/proyectum.com\/ec\/cart\/\" class=\"viewcart viewcart-7531\" title=\"Ver carrito\"><\/div><div class=\"inner\"><img loading=\"lazy\" decoding=\"async\" width=\"300\" height=\"150\" src=\"https:\/\/proyectum.com\/ec\/wp-content\/uploads\/2020\/09\/SFC-300x150.png\" class=\" wp-post-image\" alt=\"\" \/><\/div>\t\t<\/a>\r\n\t\t\t<\/div>\r\n\r\n\t<div class=\"product-content\">\r\n\t\t<span class=\"category-list\"><a href=\"https:\/\/proyectum.com\/ec\/product-category\/scrumstudy\/\" rel=\"tag\">SCRUMstudy<\/a><\/span>\r\n\t\t\t<a class=\"product-loop-title\"  href=\"https:\/\/proyectum.com\/ec\/product\/curso-online-y-certificacion-sfc\/\">\r\n\t<h3 class=\"woocommerce-loop-product__title\">\u00a0Curso Online y Certificaci\u00f3n SFC\u2122<\/h3>\t<\/a>\r\n\t\r\n\t\t\n\t<span class=\"price\"><del aria-hidden=\"true\"><span class=\"woocommerce-Price-amount amount\"><bdi><span class=\"woocommerce-Price-currencySymbol\">&#36;<\/span>49.00<\/bdi><\/span><\/del> <span class=\"screen-reader-text\">El precio original era: &#036;49.00.<\/span><ins aria-hidden=\"true\"><span class=\"woocommerce-Price-amount amount\"><bdi><span class=\"woocommerce-Price-currencySymbol\">&#36;<\/span>0.00<\/bdi><\/span><\/ins><span class=\"screen-reader-text\">El precio actual es: &#036;0.00.<\/span><\/span>\n\r\n\t\t<div class=\"add-links-wrap\">\r\n\t<div class=\"add-links clearfix\">\r\n\t\t<a href=\"?add-to-cart=7531\" data-quantity=\"1\" class=\"viewcart-style-1 button product_type_simple add_to_cart_button ajax_add_to_cart\" data-product_id=\"7531\" data-product_sku=\"SFC\" aria-label=\"A\u00f1adir al carrito: &ldquo;\u00a0Curso Online y Certificaci\u00f3n SFC\u2122&rdquo;\" rel=\"nofollow\" data-success_message=\"\u00ab\u00a0Curso Online y Certificaci\u00f3n SFC\u2122\u00bb se ha a\u00f1adido a tu carrito\">A\u00f1adir al carrito<\/a><div class=\"quickview\" data-id=\"7531\" title=\"Quick View\">Quick View<\/div>\t<\/div>\r\n\t<\/div>\r\n<span class=\"gtm4wp_productdata\" style=\"display:none; visibility:hidden;\" data-gtm4wp_product_data=\"{&quot;internal_id&quot;:7531,&quot;item_id&quot;:7531,&quot;item_name&quot;:&quot;\\u00a0Curso Online y Certificaci\\u00f3n SFC\\u2122&quot;,&quot;sku&quot;:&quot;SFC&quot;,&quot;price&quot;:0,&quot;stocklevel&quot;:null,&quot;stockstatus&quot;:&quot;instock&quot;,&quot;google_business_vertical&quot;:&quot;retail&quot;,&quot;item_category&quot;:&quot;SCRUMstudy&quot;,&quot;id&quot;:7531,&quot;productlink&quot;:&quot;https:\\\/\\\/proyectum.com\\\/ec\\\/product\\\/curso-online-y-certificacion-sfc\\\/&quot;,&quot;item_list_name&quot;:&quot;Lista general de productos&quot;,&quot;index&quot;:3,&quot;product_type&quot;:&quot;simple&quot;,&quot;item_brand&quot;:&quot;&quot;}\"><\/span>\t<\/div>\r\n<\/div>\r\n<\/li>\r\n<\/ul>\r\n<\/div>[\/vc_column][\/vc_row][vc_row css=\u00bb.vc_custom_1567544796795{margin-top: 30px !important;margin-bottom: 30px !important;}\u00bb][vc_column][vc_column_text]<\/p>\n<h3>Obt\u00e9n la Certificaci\u00f3n Scrum Fundamentals Certified sin costo en nuestra Tienda Online<\/h3>\n<p>[\/vc_column_text]<div class=\"woocommerce columns-2 \"><ul class=\"products products-container grid pcols-lg-2 pcols-md-2 pcols-xs-2 pcols-ls-2 pwidth-lg-2 pwidth-md-2 pwidth-xs-1 pwidth-ls-1 is-shortcode\"\r\n\t data-product_layout=\"product-outimage\">\r\n\r\n<li class=\"product-col product-outimage product type-product post-7531 status-publish first instock product_cat-scrumstudy product_tag-asincrono has-post-thumbnail sale taxable shipping-taxable purchasable product-type-simple\">\r\n<div class=\"product-inner\">\r\n\t\r\n\t<div class=\"product-image\">\r\n\r\n\t\t<a  href=\"https:\/\/proyectum.com\/ec\/product\/curso-online-y-certificacion-sfc\/\" aria-label=\"product\">\r\n\t\t\t<div class=\"labels\"><div class=\"onsale\">-100%<\/div><\/div><div data-link=\"https:\/\/proyectum.com\/ec\/cart\/\" class=\"viewcart viewcart-7531\" title=\"Ver carrito\"><\/div><div class=\"inner\"><img loading=\"lazy\" decoding=\"async\" width=\"300\" height=\"150\" src=\"https:\/\/proyectum.com\/ec\/wp-content\/uploads\/2020\/09\/SFC-300x150.png\" class=\" wp-post-image\" alt=\"\" \/><\/div>\t\t<\/a>\r\n\t\t\t<\/div>\r\n\r\n\t<div class=\"product-content\">\r\n\t\t<span class=\"category-list\"><a href=\"https:\/\/proyectum.com\/ec\/product-category\/scrumstudy\/\" rel=\"tag\">SCRUMstudy<\/a><\/span>\r\n\t\t\t<a class=\"product-loop-title\"  href=\"https:\/\/proyectum.com\/ec\/product\/curso-online-y-certificacion-sfc\/\">\r\n\t<h3 class=\"woocommerce-loop-product__title\">\u00a0Curso Online y Certificaci\u00f3n SFC\u2122<\/h3>\t<\/a>\r\n\t\r\n\t\t\n\t<span class=\"price\"><del aria-hidden=\"true\"><span class=\"woocommerce-Price-amount amount\"><bdi><span class=\"woocommerce-Price-currencySymbol\">&#36;<\/span>49.00<\/bdi><\/span><\/del> <span class=\"screen-reader-text\">El precio original era: &#036;49.00.<\/span><ins aria-hidden=\"true\"><span class=\"woocommerce-Price-amount amount\"><bdi><span class=\"woocommerce-Price-currencySymbol\">&#36;<\/span>0.00<\/bdi><\/span><\/ins><span class=\"screen-reader-text\">El precio actual es: &#036;0.00.<\/span><\/span>\n\r\n\t\t<div class=\"add-links-wrap\">\r\n\t<div class=\"add-links clearfix\">\r\n\t\t<a href=\"?add-to-cart=7531\" data-quantity=\"1\" class=\"viewcart-style-1 button product_type_simple add_to_cart_button ajax_add_to_cart\" data-product_id=\"7531\" data-product_sku=\"SFC\" aria-label=\"A\u00f1adir al carrito: &ldquo;\u00a0Curso Online y Certificaci\u00f3n SFC\u2122&rdquo;\" rel=\"nofollow\" data-success_message=\"\u00ab\u00a0Curso Online y Certificaci\u00f3n SFC\u2122\u00bb se ha a\u00f1adido a tu carrito\">A\u00f1adir al carrito<\/a><div class=\"quickview\" data-id=\"7531\" title=\"Quick View\">Quick View<\/div>\t<\/div>\r\n\t<\/div>\r\n<span class=\"gtm4wp_productdata\" style=\"display:none; visibility:hidden;\" data-gtm4wp_product_data=\"{&quot;internal_id&quot;:7531,&quot;item_id&quot;:7531,&quot;item_name&quot;:&quot;\\u00a0Curso Online y Certificaci\\u00f3n SFC\\u2122&quot;,&quot;sku&quot;:&quot;SFC&quot;,&quot;price&quot;:0,&quot;stocklevel&quot;:null,&quot;stockstatus&quot;:&quot;instock&quot;,&quot;google_business_vertical&quot;:&quot;retail&quot;,&quot;item_category&quot;:&quot;SCRUMstudy&quot;,&quot;id&quot;:7531,&quot;productlink&quot;:&quot;https:\\\/\\\/proyectum.com\\\/ec\\\/product\\\/curso-online-y-certificacion-sfc\\\/&quot;,&quot;item_list_name&quot;:&quot;Lista general de productos&quot;,&quot;index&quot;:1,&quot;product_type&quot;:&quot;simple&quot;,&quot;item_brand&quot;:&quot;&quot;}\"><\/span>\t<\/div>\r\n<\/div>\r\n<\/li>\r\n<\/ul>\r\n<\/div>[vc_custom_heading text=\u00bb\u00bfQuieres saber m\u00e1s sobre nuestras capacitaciones?\u00bb font_container=\u00bbtag:h2|text_align:center|color:%2300416b\u00bb use_theme_fonts=\u00bbyes\u00bb][\/vc_column][\/vc_row][vc_row][vc_column][vc_raw_html]JTNDaWZyYW1lJTIwc3R5bGUlM0QlMjJib3JkZXIlM0ElMjAwcHglMjFpbXBvcnRhbnQlM0IlMjIlMjBzcmMlM0QlMjJodHRwcyUzQSUyRiUyRnd3dy5wcm95ZWN0dW0uY29tJTJGc2lzdGVtYSUyRmZvcm11bGFyaW8tamV0cGFjay1kYXNtJTJGJTIyJTIwd2lkdGglM0QlMjIxMDAwcHglMjIlMjBoZWlnaHQlM0QlMjI3MDBweCUyMiUzRSUzQyUyRmlmcmFtZSUzRQ==[\/vc_raw_html][\/vc_column][\/vc_row]<\/p>\n<\/div>","protected":false},"excerpt":{"rendered":"<p>[vc_row full_width=\u00bbstretch_row\u00bb css=\u00bb.vc_custom_1538081762258{padding-top: 58px !important;padding-bottom: 58px !important;background-image: url(https:\/\/www.proyectum.com\/cl\/wp-content\/uploads\/2018\/09\/curso-tipo.png?id=6990) !important;background-position: center !important;background-repeat: no-repeat !important;background-size: cover !important;}\u00bb][vc_column width=\u00bb2\/3&#8243;][vc_custom_heading text=\u00bbScrum Diario: \u00bfPor qu\u00e9 es importante?\u00bb font_container=\u00bbtag:h1|font_size:35|text_align:center|color:%23ffffff\u00bb use_theme_fonts=\u00bbyes\u00bb css=\u00bb.vc_custom_1620015270437{margin-bottom: 0px !important;}\u00bb][\/vc_column][vc_column width=\u00bb1\/3&#8243;][\/vc_column][\/vc_row][vc_row css=\u00bb.vc_custom_1488777218947{padding-top: 25px !important;padding-bottom: 60px !important;}\u00bb][vc_column width=\u00bb2\/3&#8243; css=\u00bb.vc_custom_1538081880375{padding-right: 40px !important;}\u00bb][vc_column_text] El \u201cScrum Diario\u201d es una reuni\u00f3n que se efect\u00faa cada d\u00eda de un sprint en las organizaciones que [&hellip;]<\/p>\n","protected":false},"author":18,"featured_media":0,"parent":0,"menu_order":1,"comment_status":"closed","ping_status":"closed","template":"","meta":{"footnotes":""},"class_list":["post-7809","page","type-page","status-publish","hentry"],"_links":{"self":[{"href":"https:\/\/proyectum.com\/ec\/wp-json\/wp\/v2\/pages\/7809"}],"collection":[{"href":"https:\/\/proyectum.com\/ec\/wp-json\/wp\/v2\/pages"}],"about":[{"href":"https:\/\/proyectum.com\/ec\/wp-json\/wp\/v2\/types\/page"}],"author":[{"embeddable":true,"href":"https:\/\/proyectum.com\/ec\/wp-json\/wp\/v2\/users\/18"}],"replies":[{"embeddable":true,"href":"https:\/\/proyectum.com\/ec\/wp-json\/wp\/v2\/comments?post=7809"}],"version-history":[{"count":0,"href":"https:\/\/proyectum.com\/ec\/wp-json\/wp\/v2\/pages\/7809\/revisions"}],"wp:attachment":[{"href":"https:\/\/proyectum.com\/ec\/wp-json\/wp\/v2\/media?parent=7809"}],"curies":[{"name":"wp","href":"https:\/\/api.w.org\/{rel}","templated":true}]}}