{"id":8009,"date":"2022-11-02T17:10:03","date_gmt":"2022-11-02T22:10:03","guid":{"rendered":"https:\/\/proyectum.com\/ec\/?page_id=8009"},"modified":"2022-11-02T21:10:01","modified_gmt":"2022-11-03T02:10:01","slug":"proyectum-es-auspiciante-gold-del-capitulo-pmi-guayas","status":"publish","type":"page","link":"https:\/\/proyectum.com\/ec\/capacitacion\/proyectum-es-auspiciante-gold-del-capitulo-pmi-guayas\/","title":{"rendered":"Proyectum es Auspiciante Gold del Cap\u00edtulo PMI\u00ae Guayas"},"content":{"rendered":"<div class=\"wpb-content-wrapper\"><p>[vc_row full_width=\u00bbstretch_row\u00bb css=\u00bb.vc_custom_1538081762258{padding-top: 58px !important;padding-bottom: 58px !important;background-image: url(https:\/\/www.proyectum.com\/cl\/wp-content\/uploads\/2018\/09\/curso-tipo.png?id=6990) !important;background-position: center !important;background-repeat: no-repeat !important;background-size: cover !important;}\u00bb][vc_column width=\u00bb2\/3&#8243;][vc_custom_heading text=\u00bbProyectum es Auspiciante Gold del Cap\u00edtulo PMI\u00ae Guayas\u00bb font_container=\u00bbtag:h1|font_size:35|text_align:center|color:%23ffffff\u00bb use_theme_fonts=\u00bbyes\u00bb css=\u00bb.vc_custom_1667427145125{margin-bottom: 0px !important;}\u00bb][\/vc_column][vc_column width=\u00bb1\/3&#8243;][\/vc_column][\/vc_row][vc_row css=\u00bb.vc_custom_1488777218947{padding-top: 25px !important;padding-bottom: 60px !important;}\u00bb][vc_column width=\u00bb2\/3&#8243; css=\u00bb.vc_custom_1538081880375{padding-right: 40px !important;}\u00bb][vc_video link=\u00bbhttps:\/\/youtu.be\/W947iJae7ms\u00bb align=\u00bbcenter\u00bb css_animation=\u00bblightSpeedIn\u00bb][vc_column_text]<\/p>\n<h3><b>Acerca de Proyectum<\/b><\/h3>\n<p><span style=\"color: #000000;\">Somos una firma multinacional de consultor\u00eda y capacitaci\u00f3n \u00a0con presencia en 10 pa\u00edses en Latinoam\u00e9rica.<\/span><\/p>\n<p><span style=\"color: #000000;\">Apoyamos a nuestros clientes a implementar su estrategia,\u00a0mejorar sus resultados, procesos y pr\u00e1cticas de negocio, utilizando como base la direcci\u00f3n profesional de proyectos.<\/span><\/p>\n<p><span style=\"color: #000000;\">Creemos en la entrega de valor continuo al cliente, en el trabajo en equipo, la colaboraci\u00f3n, en la agilidad de negocios, en entender las necesidades de nuestro entorno y ponemos todos nuestro esfuerzos y conocimientos en la implementaci\u00f3n de soluciones pr\u00e1cticas para nuestros clientes.<\/span><\/p>\n<p><span style=\"color: #000000;\">Contamos con la denominaci\u00f3n <strong>Premier Authorized Training Partner\u00a0<\/strong>por parte del PMI\u00ae.<\/span>[\/vc_column_text][vc_tta_tabs active_section=\u00bb1&#8243; css=\u00bb.vc_custom_1538062059766{margin-top: 20px !important;}\u00bb][vc_tta_section title=\u00bbCapacitaci\u00f3n\u00bb tab_id=\u00bb1541444757751-389b2c58-e32c\u00bb][vc_column_text]<span style=\"font-size: 18px;\"><a href=\"https:\/\/proyectum.com\/ec\/wp-content\/uploads\/2022\/01\/authorized-training-partner.png\"><img loading=\"lazy\" decoding=\"async\" class=\"wp-image-7931 aligncenter\" src=\"https:\/\/proyectum.com\/ec\/wp-content\/uploads\/2022\/01\/authorized-training-partner.png\" alt=\"\" width=\"267\" height=\"267\" \/><\/a><\/span><\/p>\n<p><span style=\"font-size: 18px;\">Proyectum como <strong>Authorized Training Partner<\/strong> de PMI\u00ae ofrece capacitaci\u00f3n en el espectro completo de Value Delivery, tanto a personas como a empresas que desean elevar sus niveles de conocimiento y competencia en esta materia. \u00a0Nos adaptamos a las necesidades de los clientes, ofreciendo flexibilidad en los horarios y estudio de casos pr\u00e1cticos ajustados a sus realidades.<\/span>[\/vc_column_text][\/vc_tta_section][vc_tta_section title=\u00bbConsultor\u00eda\u00bb tab_id=\u00bb1541444757839-058727a5-b556&#8243;][vc_column_text]<span style=\"font-size: 18px;\">Nuestros servicios de Consultor\u00eda y Coaching tienen por finalidad permitir a nuestros clientes transitar exitosamente su Transformaci\u00f3n Digital, establecer un ambiente de trabajo con mentalidad de crecimiento, dotando a sus colaboradores de las competencias necesarias para aprovechar las oportunidades en este mundo VUCA de cambios exponenciales.<\/span>[\/vc_column_text][\/vc_tta_section][vc_tta_section title=\u00bbServicios Profesionales\u00bb tab_id=\u00bb1541455357238-d8636f7d-26cc\u00bb][vc_column_text]<span style=\"font-size: 18px;\">Ponemos a tu disposici\u00f3n, servicios profesionales de excelencia, en Direcci\u00f3n de Proyectos complejos.<\/span>[\/vc_column_text][\/vc_tta_section][vc_tta_section title=\u00bbOutsourcing\u00bb tab_id=\u00bb1541455369971-f2c4148a-d49e\u00bb][vc_column_text]<span style=\"font-size: 18px;\">Ponemos a tu disposici\u00f3n, servicios profesionales de excelencia, en Direcci\u00f3n de Proyectos complejos.<\/span>[\/vc_column_text][\/vc_tta_section][\/vc_tta_tabs][vc_column_text]<span style=\"font-size: 18px;\"><strong>Compra en nuestra Tienda Online<\/strong><\/span>[\/vc_column_text][\/vc_column][vc_column width=\u00bb1\/3&#8243; text_align=\u00bbleft\u00bb css=\u00bb.vc_custom_1538081853323{padding-left: 0px !important;}\u00bb]<div class=\"porto-u-heading  wpb_custom_95aa9a11c17ad45cfabaf210d84ee7cc porto-u-2259\"><div class=\"porto-u-main-heading\"><h2   style=\"font-weight:bold;line-height:27px;\">ALIANZAS PROYECTUM<\/h2><\/div><style>.porto-u-2259.porto-u-heading{text-align:left}<\/style><\/div>[vc_tta_accordion][vc_tta_section tab_id=\u00bb1537992268425-9e4a4cbc-6b0c\u00bb title=\u00bbAlianzas\u00bb][vc_single_image image=\u00bb8010&#8243; img_size=\u00bbmedium\u00bb alignment=\u00bbcenter\u00bb][vc_single_image image=\u00bb8011&#8243; img_size=\u00bbmedium\u00bb alignment=\u00bbcenter\u00bb][\/vc_tta_section][\/vc_tta_accordion]<div class=\"porto-u-heading  wpb_custom_95aa9a11c17ad45cfabaf210d84ee7cc porto-u-5718\"><div class=\"porto-u-main-heading\"><h2   style=\"font-weight:bold;line-height:27px;\">AUSPICIOS PROYECTUM<\/h2><\/div><style>.porto-u-5718.porto-u-heading{text-align:left}<\/style><\/div>[vc_single_image image=\u00bb8013&#8243; img_size=\u00bbmedium\u00bb alignment=\u00bbcenter\u00bb][\/vc_column][\/vc_row][vc_row][vc_column]<div class=\"woocommerce columns-2 \"><ul class=\"products products-container grid pcols-lg-2 pcols-md-2 pcols-xs-2 pcols-ls-2 pwidth-lg-2 pwidth-md-2 pwidth-xs-1 pwidth-ls-1 is-shortcode\"\r\n\t data-product_layout=\"product-outimage\">\r\n\r\n<li class=\"product-col product-outimage product type-product post-7941 status-publish first instock product_cat-scrumstudy product_tag-virtual-en-vivo has-post-thumbnail sale taxable shipping-taxable purchasable product-type-simple\">\r\n<div class=\"product-inner\">\r\n\t\r\n\t<div class=\"product-image\">\r\n\r\n\t\t<a  href=\"https:\/\/proyectum.com\/ec\/product\/scrum-master-certificado-smc-2\/\" aria-label=\"product\">\r\n\t\t\t<div class=\"labels\"><div class=\"onsale\">-36%<\/div><\/div><div data-link=\"https:\/\/proyectum.com\/ec\/cart\/\" class=\"viewcart viewcart-7941\" title=\"Ver carrito\"><\/div><div class=\"inner\"><img loading=\"lazy\" decoding=\"async\" width=\"300\" height=\"150\" src=\"https:\/\/proyectum.com\/ec\/wp-content\/uploads\/2020\/09\/SMCPT-300x150.png\" class=\" wp-post-image\" alt=\"\" \/><\/div>\t\t<\/a>\r\n\t\t\t<\/div>\r\n\r\n\t<div class=\"product-content\">\r\n\t\t<span class=\"category-list\"><a href=\"https:\/\/proyectum.com\/ec\/product-category\/scrumstudy\/\" rel=\"tag\">SCRUMstudy<\/a><\/span>\r\n\t\t\t<a class=\"product-loop-title\"  href=\"https:\/\/proyectum.com\/ec\/product\/scrum-master-certificado-smc-2\/\">\r\n\t<h3 class=\"woocommerce-loop-product__title\">Curso Preparaci\u00f3n Certificaci\u00f3n Scrum Master Certificado SMC\u2122 Virtual en Vivo<\/h3>\t<\/a>\r\n\t\r\n\t\t\n\t<span class=\"price\"><del aria-hidden=\"true\"><span class=\"woocommerce-Price-amount amount\"><bdi><span class=\"woocommerce-Price-currencySymbol\">&#36;<\/span>551.00<\/bdi><\/span><\/del> <span class=\"screen-reader-text\">El precio original era: &#036;551.00.<\/span><ins aria-hidden=\"true\"><span class=\"woocommerce-Price-amount amount\"><bdi><span class=\"woocommerce-Price-currencySymbol\">&#36;<\/span>351.00<\/bdi><\/span><\/ins><span class=\"screen-reader-text\">El precio actual es: &#036;351.00.<\/span><\/span>\n\r\n\t\t<div class=\"add-links-wrap\">\r\n\t<div class=\"add-links clearfix\">\r\n\t\t<a href=\"?add-to-cart=7941\" data-quantity=\"1\" class=\"viewcart-style-1 button product_type_simple add_to_cart_button ajax_add_to_cart\" data-product_id=\"7941\" data-product_sku=\"\" aria-label=\"A\u00f1adir al carrito: &ldquo;Curso Preparaci\u00f3n Certificaci\u00f3n Scrum Master Certificado SMC\u2122 Virtual en Vivo&rdquo;\" rel=\"nofollow\" data-success_message=\"\u00abCurso Preparaci\u00f3n Certificaci\u00f3n Scrum Master Certificado SMC\u2122 Virtual en Vivo\u00bb se ha a\u00f1adido a tu carrito\">A\u00f1adir al carrito<\/a><div class=\"quickview\" data-id=\"7941\" title=\"Quick View\">Quick View<\/div>\t<\/div>\r\n\t<\/div>\r\n<span class=\"gtm4wp_productdata\" style=\"display:none; visibility:hidden;\" data-gtm4wp_product_data=\"{&quot;internal_id&quot;:7941,&quot;item_id&quot;:7941,&quot;item_name&quot;:&quot;Curso Preparaci\\u00f3n Certificaci\\u00f3n Scrum Master Certificado SMC\\u2122 Virtual en Vivo&quot;,&quot;sku&quot;:7941,&quot;price&quot;:351,&quot;stocklevel&quot;:null,&quot;stockstatus&quot;:&quot;instock&quot;,&quot;google_business_vertical&quot;:&quot;retail&quot;,&quot;item_category&quot;:&quot;SCRUMstudy&quot;,&quot;id&quot;:7941,&quot;productlink&quot;:&quot;https:\\\/\\\/proyectum.com\\\/ec\\\/product\\\/scrum-master-certificado-smc-2\\\/&quot;,&quot;item_list_name&quot;:&quot;Lista general de productos&quot;,&quot;index&quot;:1,&quot;product_type&quot;:&quot;simple&quot;,&quot;item_brand&quot;:&quot;&quot;}\"><\/span>\t<\/div>\r\n<\/div>\r\n<\/li>\r\n<\/ul>\r\n<\/div>[\/vc_column][\/vc_row][vc_row css=\u00bb.vc_custom_1567568197298{margin-top: 30px !important;margin-bottom: 30px !important;}\u00bb][vc_column][vc_raw_html]JTNDaWZyYW1lJTIwc3R5bGUlM0QlMjJib3JkZXIlM0ElMjAwcHglMjFpbXBvcnRhbnQlM0IlMjIlMjBzcmMlM0QlMjJodHRwcyUzQSUyRiUyRnd3dy5wcm95ZWN0dW0uY29tJTJGc2lzdGVtYSUyRmZvcm11bGFyaW8tamV0cGFjay1wbXAlMkYlMjIlMjB3aWR0aCUzRCUyMjEwMDBweCUyMiUyMGhlaWdodCUzRCUyMjcwMHB4JTIyJTNFJTNDJTJGaWZyYW1lJTNF[\/vc_raw_html][\/vc_column][\/vc_row]<\/p>\n<\/div>","protected":false},"excerpt":{"rendered":"<p>[vc_row full_width=\u00bbstretch_row\u00bb css=\u00bb.vc_custom_1538081762258{padding-top: 58px !important;padding-bottom: 58px !important;background-image: url(https:\/\/www.proyectum.com\/cl\/wp-content\/uploads\/2018\/09\/curso-tipo.png?id=6990) !important;background-position: center !important;background-repeat: no-repeat !important;background-size: cover !important;}\u00bb][vc_column width=\u00bb2\/3&#8243;][vc_custom_heading text=\u00bbProyectum es Auspiciante Gold del Cap\u00edtulo PMI\u00ae Guayas\u00bb font_container=\u00bbtag:h1|font_size:35|text_align:center|color:%23ffffff\u00bb use_theme_fonts=\u00bbyes\u00bb css=\u00bb.vc_custom_1667427145125{margin-bottom: 0px !important;}\u00bb][\/vc_column][vc_column width=\u00bb1\/3&#8243;][\/vc_column][\/vc_row][vc_row css=\u00bb.vc_custom_1488777218947{padding-top: 25px !important;padding-bottom: 60px !important;}\u00bb][vc_column width=\u00bb2\/3&#8243; css=\u00bb.vc_custom_1538081880375{padding-right: 40px !important;}\u00bb][vc_video link=\u00bbhttps:\/\/youtu.be\/W947iJae7ms\u00bb align=\u00bbcenter\u00bb css_animation=\u00bblightSpeedIn\u00bb][vc_column_text] Acerca de Proyectum Somos una firma multinacional de consultor\u00eda y capacitaci\u00f3n \u00a0con presencia [&hellip;]<\/p>\n","protected":false},"author":18,"featured_media":0,"parent":6889,"menu_order":92,"comment_status":"closed","ping_status":"closed","template":"","meta":{"footnotes":""},"class_list":["post-8009","page","type-page","status-publish","hentry"],"_links":{"self":[{"href":"https:\/\/proyectum.com\/ec\/wp-json\/wp\/v2\/pages\/8009"}],"collection":[{"href":"https:\/\/proyectum.com\/ec\/wp-json\/wp\/v2\/pages"}],"about":[{"href":"https:\/\/proyectum.com\/ec\/wp-json\/wp\/v2\/types\/page"}],"author":[{"embeddable":true,"href":"https:\/\/proyectum.com\/ec\/wp-json\/wp\/v2\/users\/18"}],"replies":[{"embeddable":true,"href":"https:\/\/proyectum.com\/ec\/wp-json\/wp\/v2\/comments?post=8009"}],"version-history":[{"count":0,"href":"https:\/\/proyectum.com\/ec\/wp-json\/wp\/v2\/pages\/8009\/revisions"}],"up":[{"embeddable":true,"href":"https:\/\/proyectum.com\/ec\/wp-json\/wp\/v2\/pages\/6889"}],"wp:attachment":[{"href":"https:\/\/proyectum.com\/ec\/wp-json\/wp\/v2\/media?parent=8009"}],"curies":[{"name":"wp","href":"https:\/\/api.w.org\/{rel}","templated":true}]}}