{"id":89,"date":"2017-03-03T21:15:53","date_gmt":"2017-03-03T21:15:53","guid":{"rendered":"http:\/\/sw-themes.com\/porto_dummy\/?page_id=89"},"modified":"2024-11-14T10:50:45","modified_gmt":"2024-11-14T15:50:45","slug":"quienes-somos","status":"publish","type":"page","link":"https:\/\/proyectum.com\/ec\/quienes-somos\/","title":{"rendered":"Qui\u00e9nes somos"},"content":{"rendered":"<div class=\"wpb-content-wrapper\"><p>[vc_row full_width=\u00bbstretch_row\u00bb parallax=\u00bbcontent-moving\u00bb parallax_image=\u00bb6995&#8243; css=\u00bb.vc_custom_1538088125850{padding-top: 128px !important;padding-bottom: 128px !important;}\u00bb el_class=\u00bbbg-degrade-header\u00bb][vc_column][vc_custom_heading text=\u00bbQUI\u00c9NES SOMOS\u00bb font_container=\u00bbtag:h1|text_align:center|color:%23ffffff\u00bb use_theme_fonts=\u00bbyes\u00bb css=\u00bb.vc_custom_1538088134807{margin-bottom: 0px !important;}\u00bb][\/vc_column][\/vc_row][vc_row][vc_column][vc_video link=\u00bbhttps:\/\/youtu.be\/C3rX7EjWCqI\u00bb align=\u00bbcenter\u00bb css_animation=\u00bblightSpeedIn\u00bb][\/vc_column][\/vc_row][vc_row css=\u00bb.vc_custom_1488777218947{padding-top: 25px !important;padding-bottom: 60px !important;}\u00bb][vc_column width=\u00bb2\/3&#8243;]<div class=\"porto-u-heading  wpb_custom_95aa9a11c17ad45cfabaf210d84ee7cc porto-u-7780\"><div class=\"porto-u-main-heading\"><h2   style=\"font-weight:bold;color:#00416b;line-height:27px;\">SOBRE NOSOTROS<\/h2><\/div><style>.porto-u-7780.porto-u-heading{text-align:center}<\/style><\/div>[vc_empty_space][vc_column_text css=\u00bb.vc_custom_1620007570975{margin-top: 30px !important;}\u00bb]Somos una organizaci\u00f3n multinacional que comparte la vocaci\u00f3n de ayudar a nuestros clientes a hacer realidad sus estrategias. \u00a0Somos especialistas en Direcci\u00f3n de Proyectos, Innovaci\u00f3n, Agilismo, Gesti\u00f3n del Cambio y otras disciplinas afines.<\/p>\n<p>En este mundo global, creemos en la colaboraci\u00f3n y la complementaci\u00f3n. \u00a0As\u00ed, cada una de nuestras oficinas contribuye al desarrollo del conocimiento global, permitiendo a nuestros clientes gozar de un servicio de excelencia en todos los pa\u00edses.<\/p>\n<p>Hoy, capitalizamos la experiencia de m\u00e1s de 20 a\u00f1os en materia de servicios profesionales, en donde conjugamos experiencia y juventud, con el fin de ayudarte a alcanzar tus objetivos estrat\u00e9gicos. \u00a0Usamos la conexi\u00f3n personal, una f\u00e9rrea \u00e9tica de trabajo, la filosof\u00eda \u00e1gil y la direcci\u00f3n de proyectos como pilares para entregarte valor continuo.<\/p>\n<p>Para poder ofrecerte servicios de calidad, en Proyectum reunimos a un conjunto multidisciplinario de profesionales con un ADN com\u00fan: pasi\u00f3n por ayudar a mejorar tus pr\u00e1cticas de negocio a nivel personal y\/o corporativo, amor por la direcci\u00f3n de proyectos como el veh\u00edculo para materializar la estrategia personal y de las organizaciones, y una mentalidad \u00e1gil. \u00a0Todo esto ponemos cada d\u00eda a tu servicio, buscando contribuir a que te anticipes y respondas mejor a las necesidades del mundo actual.<\/p>\n<p>Esta nueva etapa requiere una identidad corporativa fresca, la cual buscamos capturar en un logo moderno que representa el progreso, el crecimiento personal y profesional, la entrega de valor continuo y recorrer mano a mano contigo el camino hacia el \u00e9xito.<\/p>\n<p>Estamos presentes en Ecuador, \u00a0Colombia, Costa Rica, Chile, Guatemala, El Salvador,\u00a0Panam\u00e1, M\u00e9xico y \u00a0Rep\u00fablica Dominicana.[\/vc_column_text][\/vc_column][vc_column width=\u00bb1\/3&#8243;][vc_empty_space height=\u00bb64px\u00bb][vc_single_image image=\u00bb7336&#8243; img_size=\u00bbfull\u00bb alignment=\u00bbcenter\u00bb][vc_single_image image=\u00bb7805&#8243; img_size=\u00bbmedium\u00bb alignment=\u00bbcenter\u00bb][vc_single_image image=\u00bb7764&#8243; img_size=\u00bbmedium\u00bb alignment=\u00bbcenter\u00bb][\/vc_column][\/vc_row][vc_row full_width=\u00bbstretch_row\u00bb css=\u00bb.vc_custom_1488887722850{padding-top: 60px !important;padding-bottom: 45px !important;background-color: #6a80a9 !important;}\u00bb][vc_column width=\u00bb1\/2&#8243;]<div class=\"porto-sicon-box  vc_custom_1536773333438  wpb_custom_74c312c6382c672d88415152636ca045 style_1 left-icon\"><div class=\"porto-sicon-left\"><div id=\"porto-icon-26467374869e4c30639d6e\" class=\"porto-just-icon-wrapper porto-sicon-img\" style=\"font-size: 45px;\"><img loading=\"lazy\" decoding=\"async\" class=\"img-icon\" alt=\"\" src=\"https:\/\/proyectum.com\/ec\/wp-content\/uploads\/2017\/03\/custom-icon-2-1.png\" width=\"45\" height=\"47\" \/><\/div><\/div><div class=\"porto-sicon-body\"><div class=\"porto-sicon-header\"><h3 class=\"porto-sicon-title\" style=\"font-weight:700;font-size:25px;line-height:27px;\">MISI\u00d3N<\/h3><\/div> <!-- header --><\/div><\/div><!-- porto-sicon-box -->[vc_column_text]<span style=\"color: #d9e0e5;\">Somos una empresa global que acompa\u00f1amos a nuestros clientes en la implementaci\u00f3n de sus iniciativas estrat\u00e9gicas.<\/span>[\/vc_column_text]<div class=\"porto-sicon-box  vc_custom_1536773306846  wpb_custom_74c312c6382c672d88415152636ca045 style_1 left-icon\"><div class=\"porto-sicon-left\"><div id=\"porto-icon-149528513269e4c3063a735\" class=\"porto-just-icon-wrapper porto-sicon-img\" style=\"font-size: 45px;\"><img loading=\"lazy\" decoding=\"async\" class=\"img-icon\" alt=\"\" src=\"https:\/\/proyectum.com\/ec\/wp-content\/uploads\/2017\/03\/custom-icon-1-1.png\" width=\"45\" height=\"47\" \/><\/div><\/div><div class=\"porto-sicon-body\"><div class=\"porto-sicon-header\"><h3 class=\"porto-sicon-title\" style=\"font-weight:700;font-size:25px;line-height:27px;\">VISI\u00d3N<\/h3><\/div> <!-- header --><\/div><\/div><!-- porto-sicon-box -->[vc_column_text]<span style=\"color: #d9e0e5;\">Ser una empresa l\u00edder y referente en la Regi\u00f3n como expertos en servicios de Direcci\u00f3n de Proyectos dentro de los pr\u00f3ximos tres a\u00f1os.<\/span>[\/vc_column_text][\/vc_column][vc_column width=\u00bb1\/2&#8243;]<div class=\"porto-sicon-box  vc_custom_1536773619284  wpb_custom_74c312c6382c672d88415152636ca045 style_1 left-icon\"><div class=\"porto-sicon-left\"><div id=\"porto-icon-177613904369e4c3063ac11\" class=\"porto-just-icon-wrapper porto-sicon-img\" style=\"font-size: 45px;\"><img loading=\"lazy\" decoding=\"async\" class=\"img-icon\" alt=\"\" src=\"https:\/\/proyectum.com\/ec\/wp-content\/uploads\/2017\/03\/custom-icon-1-1.png\" width=\"45\" height=\"47\" \/><\/div><\/div><div class=\"porto-sicon-body\"><div class=\"porto-sicon-header\"><h3 class=\"porto-sicon-title\" style=\"font-weight:700;font-size:25px;line-height:27px;\">VALORES<\/h3><\/div> <!-- header --><\/div><\/div><!-- porto-sicon-box -->[vc_column_text]<span style=\"color: #d9e0e5;\">Siendo considerados como aquellos principios \u00e9ticos sobre los que se asienta la cultura de la empresa y permiten crear las pautas de comportamiento:<\/span><\/p>\n<ul style=\"color: #d9e0e5;\">\n<li>Innovaci\u00f3n<\/li>\n<li>Pasi\u00f3n<\/li>\n<li>\u00c9tica<\/li>\n<li>Colaboraci\u00f3n<\/li>\n<li>Excelencia<\/li>\n<\/ul>\n<p>[\/vc_column_text][\/vc_column][\/vc_row][vc_row][vc_column][vc_column_text]<\/p>\n<h2 style=\"color: #00416b;\">Nuestros Servicios<\/h2>\n<h3 style=\"color: #00416b;\">Consultor\u00eda<\/h3>\n<p>A nivel de consultor\u00eda, trabajamos con un enfoque sist\u00e9mico bajo principios de Desarrollo Organizacional y podemos intervenir en dos niveles, dependiendo de tus necesidades y estrategia organizacional:<\/p>\n<ul>\n<li>Desarrollar buenas pr\u00e1cticas de direcci\u00f3n de proyectos y el ambiente que rodea a esta disciplina, para que puedas adaptar y adoptar un enfoque, que por definici\u00f3n sea \u00e1gil, y que mantenga balanceados el control con la autonom\u00eda de acci\u00f3n.<\/li>\n<li>Ayudarte a alcanzar los resultados que est\u00e1s buscando para el negocio, ya sea desarrollar y lanzar nuevos productos, implementar nuevos modelos operativos, evaluar alternativas de soluci\u00f3n o alcanzar nuevos estadios de pr\u00e1cticas de negocio; te ayudamos a alcanzar esos objetivos.<\/li>\n<\/ul>\n<h3 style=\"color: #00416b;\">Capacitaci\u00f3n<\/h3>\n<p>Desde el punto de vista de educaci\u00f3n continua, contamos con diversos programas de capacitaci\u00f3n, de los cuales, una parte est\u00e1 dirigida al mercado abierto, buscando ayudar a profesionales y practicantes a mejorar sus conocimientos, habilidades y actitudes en distintas disciplinas de negocio.<\/p>\n<p>Para las organizaciones, a trav\u00e9s de nuestros programas de capacitaci\u00f3n corporativos, ayudamos a tu empresa a generar un di\u00e1logo inteligente que trasciende los l\u00edmites del aula y que te ayuda a reforzar el tejido social. \u00a0As\u00ed, tu \u00e1mbito de trabajo alcanza una colaboraci\u00f3n consciente y el uso de la inteligencia colectiva en la obtenci\u00f3n de resultados.<\/p>\n<h2 style=\"color: #00416b;\">Arquitectura de Soluciones de Negocio<\/h2>\n<p>Todos nuestros servicios se apoyan en una metodolog\u00eda agn\u00f3stica de amplio espectro, que ponemos a tu servicio para agregar valor anticipado a nivel estrat\u00e9gico, t\u00e1ctico y operativo.<\/p>\n<p>A lo largo de m\u00e1s 23 a\u00f1os de trabajo, hemos desarrollado una serie de gu\u00edas metodol\u00f3gicas que conjugan buenas pr\u00e1cticas de negocio y que hemos podido aplicar con \u00e9xito en nuestras intervenciones, reduciendo el tiempo requerido para entregar beneficios a nuestros clientes. \u00a0Una de ellas es nuestra Metodolog\u00eda de Despliegue \u00c1gil, que contribuye a lograr resultados y beneficios en per\u00edodos de tiempo cortos y continuos.<\/p>\n<p>Por definici\u00f3n, nuestro enfoque de intervenci\u00f3n busca actuar de manera sist\u00e9mica, considerando por lo menos tres subsistemas fundamentales de la organizaci\u00f3n en donde, en conjunto con nuestros clientes, actuamos de manera equilibrada y con el mismo nivel de intensidad, esto contribuye a lograr resultados positivos y perdurables.<\/p>\n<h2 style=\"color: #00416b;\">Origen de la marca Proyectum<\/h2>\n<p>En 2006 decidimos compartir nuestros conocimientos, herramientas, t\u00e9cnicas y experiencias alrededor de conceptos de negocios con \u00e9nfasis en direcci\u00f3n de proyectos. \u00a0Nuestra visi\u00f3n fue, y sigue siendo, ayudarte en tu trabajo, ya sea como colaborador de una empresa o como profesional independiente, a ser mejor y a estar mejor preparado para enfrentar los desaf\u00edos que el mundo de negocios nos pone cada d\u00eda. \u00a0Ello se tradujo en un BLOG y un bolet\u00edn creados desde M\u00e9xico y con suscriptores en toda Am\u00e9rica Latina.<\/p>\n<p>A lo largo del tiempo y gracias a tu retroalimentaci\u00f3n continua, nos hemos transformado para darte lo mejor de nosotros. Hoy, a 12 a\u00f1os de nuestra fundaci\u00f3n, hemos publicado 265 n\u00fameros en el bolet\u00edn, contamos con m\u00e1s de 513 art\u00edculos y reportajes publicados en las distintas secciones del blog, m\u00e1s de 1 mill\u00f3n y medio de lectores acumulados, 40 webinars que cada mes se incrementan y m\u00e1s de 15 mil suscriptores. \u00a0Todo esto, teniendo en mente a profesionales que, como t\u00fa, quieren cada d\u00eda estar mejor preparados.<\/p>\n<p>&nbsp;[\/vc_column_text][\/vc_column][\/vc_row][vc_row][vc_column][vc_column_text css=\u00bb\u00bb]<\/p>\n<h2 class=\"vc_custom_heading vc_custom_1567539957516 align-left text-uppercase\">TE LLAMAMOS<\/h2>\n<div class=\"wpb_text_column wpb_content_element vc_custom_1567539966345 text-color-dark m-b-md\">\n<div class=\"wpb_wrapper\">\n<p><strong>D\u00e9janos tus datos en la ventana del chat a tu derecha para que te llamemos<\/strong><\/p>\n<\/div>\n<\/div>\n<p>[\/vc_column_text][\/vc_column][\/vc_row]<\/p>\n<\/div>","protected":false},"excerpt":{"rendered":"<p>[vc_row full_width=\u00bbstretch_row\u00bb parallax=\u00bbcontent-moving\u00bb parallax_image=\u00bb6995&#8243; css=\u00bb.vc_custom_1538088125850{padding-top: 128px !important;padding-bottom: 128px !important;}\u00bb el_class=\u00bbbg-degrade-header\u00bb][vc_column][vc_custom_heading text=\u00bbQUI\u00c9NES SOMOS\u00bb font_container=\u00bbtag:h1|text_align:center|color:%23ffffff\u00bb use_theme_fonts=\u00bbyes\u00bb css=\u00bb.vc_custom_1538088134807{margin-bottom: 0px !important;}\u00bb][\/vc_column][\/vc_row][vc_row][vc_column][vc_video link=\u00bbhttps:\/\/youtu.be\/C3rX7EjWCqI\u00bb align=\u00bbcenter\u00bb css_animation=\u00bblightSpeedIn\u00bb][\/vc_column][\/vc_row][vc_row css=\u00bb.vc_custom_1488777218947{padding-top: 25px !important;padding-bottom: 60px !important;}\u00bb][vc_column width=\u00bb2\/3&#8243;][vc_empty_space][vc_column_text css=\u00bb.vc_custom_1620007570975{margin-top: 30px !important;}\u00bb]Somos una organizaci\u00f3n multinacional que comparte la vocaci\u00f3n de ayudar a nuestros clientes a hacer realidad sus estrategias. \u00a0Somos especialistas en Direcci\u00f3n de Proyectos, Innovaci\u00f3n, Agilismo, Gesti\u00f3n [&hellip;]<\/p>\n","protected":false},"author":2,"featured_media":0,"parent":0,"menu_order":101,"comment_status":"closed","ping_status":"closed","template":"","meta":{"footnotes":""},"class_list":["post-89","page","type-page","status-publish","hentry"],"_links":{"self":[{"href":"https:\/\/proyectum.com\/ec\/wp-json\/wp\/v2\/pages\/89"}],"collection":[{"href":"https:\/\/proyectum.com\/ec\/wp-json\/wp\/v2\/pages"}],"about":[{"href":"https:\/\/proyectum.com\/ec\/wp-json\/wp\/v2\/types\/page"}],"author":[{"embeddable":true,"href":"https:\/\/proyectum.com\/ec\/wp-json\/wp\/v2\/users\/2"}],"replies":[{"embeddable":true,"href":"https:\/\/proyectum.com\/ec\/wp-json\/wp\/v2\/comments?post=89"}],"version-history":[{"count":0,"href":"https:\/\/proyectum.com\/ec\/wp-json\/wp\/v2\/pages\/89\/revisions"}],"wp:attachment":[{"href":"https:\/\/proyectum.com\/ec\/wp-json\/wp\/v2\/media?parent=89"}],"curies":[{"name":"wp","href":"https:\/\/api.w.org\/{rel}","templated":true}]}}