{"id":7559,"date":"2020-09-09T19:38:52","date_gmt":"2020-09-10T00:38:52","guid":{"rendered":"https:\/\/proyectum.com\/ec\/?post_type=product&#038;p=7559"},"modified":"2025-01-17T16:44:48","modified_gmt":"2025-01-17T21:44:48","slug":"preparacion-para-la-certificacion-agil-pmi-acp","status":"publish","type":"product","link":"https:\/\/proyectum.com\/ec\/product\/preparacion-para-la-certificacion-agil-pmi-acp\/","title":{"rendered":"Preparaci\u00f3n para la Certificaci\u00f3n \u00c1gil PMI-ACP\u00ae Virtual en Vivo"},"content":{"rendered":"<p>Los modelos de ciclos de vida \u00e1giles de proyectos han pasado de ser buscados solamente por los especialistas a ser buscados por la mayor\u00eda. Organizaciones grandes y peque\u00f1as en todo el mundo est\u00e1n usando estas nuevas metodolog\u00edas. Debido a que m\u00e1s personas est\u00e1n trabajando en proyectos \u00e1giles se ha hecho muy importante incrementar las capacidades y el profesionalismo del Equipo \u00c1gil.<\/p>\n<p>El Project Management Institute (PMI\u00ae) ha reconocido esta tendencia y ha creado la certificaci\u00f3n espec\u00edfica para \u00c1gil. La Certificaci\u00f3n \u00c1gil (PMI-ACP\u00ae) certifica a las personas en su conocimiento del modelo de desarrollo \u00c1gil.<\/p>\n<p>La certificaci\u00f3n \u00c1gil (PMI-ACP\u00ae) es una forma de diferenciar a los profesionales serios que conocen estas metodolog\u00edas y no compite contra los m\u00e9todos tradicionales de Direcci\u00f3n de Proyectos, ya que se pueden utilizar incluso de manera combinada para diferentes necesidades en los Proyectos.<\/p>\n<p>El material del curso ya est\u00e1 actualizado con la nueva publicaci\u00f3n del 6 de septiembre de PMI\u00ae, conjuntamente con el nuevo PMBOK\u00ae Versi\u00f3n 6.<\/p>\n<p><strong>Pre requisitos<\/strong><\/p>\n<p>Los estudiantes que se est\u00e1n preparando para el examen para la Certificaci\u00f3n PMI-ACP\u00aedeben cumplir los siguientes requerimientos de elegibilidad de PMI\u00ae:<\/p>\n<ul>\n<li>Experiencia general en proyectos:\n<ul>\n<li>2.000 horas trabajando en equipos de proyectos en los \u00faltimos 5 a\u00f1os.<\/li>\n<li>El PMI verifica que los titulares de la certificaci\u00f3n PMP\u00ae cumplen estos requisitos, por ello, un PMP ser\u00e1 aceptado sin necesidad de certificar sus 2.000 horas.<\/li>\n<\/ul>\n<\/li>\n<li>Experiencia en proyectos \u00e1giles:\u00a0Capacitaci\u00f3n en pr\u00e1cticas \u00e1giles: 21 horas de contacto en pr\u00e1cticas \u00e1giles.\n<ul>\n<li>1.500 horas trabajando en equipos de proyectos \u00e1giles en los tres \u00faltimos a\u00f1os. Durante el curso Ud conocer\u00e1 cuales son las habilidades, t\u00e9cnicas y m\u00e9todos de \u00c1gil, para entender c\u00f3mo cumplir este requisito.<\/li>\n<\/ul>\n<\/li>\n<li>Examen de conocimientos en los fundamentos \u00e1giles, previo registro y pago en la p\u00e1gina de PMI\u00ae.\u00a0<strong><br \/>\n<\/strong><\/li>\n<\/ul>\n<p><strong>Quienes debe asistir<\/strong><\/p>\n<p>Las personas que tengan experiencia trabajando en equipos de proyectos \u00e1giles pueden solicitar esta certificaci\u00f3n. No es necesario ser un director de proyecto o ser titular de la certificaci\u00f3n del Profesional en Direcci\u00f3n de Proyectos (PMP\u00ae).<\/p>\n<p>Es apropiada si Ud. busca:<\/p>\n<ul>\n<li>Demostrarle a sus superiores su nivel de profesionalismo en pr\u00e1cticas \u00e1giles en direcci\u00f3n de proyectos.<\/li>\n<li>Aumentar su versatilidad profesional tanto con t\u00e9cnicas de cascada como t\u00e9cnicas \u00e1giles<\/li>\n<li>Contar con una certificaci\u00f3n que sea m\u00e1s cre\u00edble que aquellas existentes de nivel introductorio, o basadas solamente en capacitaci\u00f3n o un examen.<\/li>\n<\/ul>\n<p><strong>Objetivos de Aprendizaje<\/strong><\/p>\n<p>Al final de este curso, los participantes ser\u00e1n capaces de:<\/p>\n<ul>\n<li>Entender los beneficios de la Direcci\u00f3n de Proyecto \u00c1gil<\/li>\n<li>Distinguir entre \u00c1gil y los m\u00e9todos tradicionales<\/li>\n<li>Entender y aplicar flujos de trabajo \u00c1giles, roles y artefactos<\/li>\n<li>Entender y aplicar varias t\u00e9cnicas y herramientas \u00c1giles<\/li>\n<li>Prepararse para contestar las preguntas del examen para certificar PMI-ACP\u00ae<\/li>\n<\/ul>\n<p>Se acreditan 24 horas mediante diploma.<\/p>\n<p><strong>Contenido del curso<\/strong><\/p>\n<ul>\n<li>Revisi\u00f3n del programa PMI-ACP\u00ae<\/li>\n<li>Introducci\u00f3n al agilismo<\/li>\n<li>Valores y principios \u00c1giles<\/li>\n<li>Revisi\u00f3n del proceso \u00c1gil<\/li>\n<li>La planificaci\u00f3n de un proyecto \u00c1gil<\/li>\n<li>Presupuestando un proyecto \u00c1gil<\/li>\n<li>Seguimiento y Control<\/li>\n<li>T\u00e9cnicas \u00c1giles<\/li>\n<\/ul>\n<p>El curso incluye varios ejercicios y preguntas de preparaci\u00f3n para el examen<\/p>\n<p><strong>Duraci\u00f3n<\/strong><\/p>\n<ul>\n<li>24 horas, divididas en seis sesiones de 4 horas diarias<\/li>\n<\/ul>\n<p>Nota: Para realizar un curso cerrado, se necesita m\u00ednimo un grupo de 10 participantes.<\/p>\n<p><strong>Forma de pago :<\/strong><\/p>\n<ul>\n<li>Aceptamos cualquiera de las siguientes formas de pago:\n<ul>\n<li>Efectivo<\/li>\n<li>Cheque<\/li>\n<\/ul>\n<\/li>\n<\/ul>\n<ul>\n<li>Transferencia Bancaria<\/li>\n<li>Dep\u00f3sito en cuenta bancaria<\/li>\n<li>Tarjetas de Cr\u00e9dito:\n<ul>\n<li>A 3 meses sin intereses o a 12 meses con intereses<\/li>\n<\/ul>\n<\/li>\n<\/ul>\n<p>Informaci\u00f3n importante relacionada con la Certificaci\u00f3n PMI Agile Certified Practitioner (PMI-ACP\u00ae) del Project Management Institute (PMI\u00ae)<\/p>\n<p>La participaci\u00f3n en este curso le permite acumular horas de contacto para cumplir con el requerimiento de 21 horas de educaci\u00f3n en temas de pr\u00e1cticas \u00e1giles de Direcci\u00f3n de Proyectos.\u00a0\u00a0Para m\u00e1s informaci\u00f3n relacionada con la certificaci\u00f3n PMI-ACP, visite\u00a0<a href=\"http:\/\/www.pmi.org\/certificaction\/new-pmi-agile-certification.aspx\">http:\/\/www.pmi.org\/certificaction\/new-pmi-agile-certification.aspx<\/a><\/p>\n<p>Participando en este curso podr\u00e1 evidenciar 24 horas de contacto.<\/p>\n<p>&nbsp;<\/p>\n<p>Informaci\u00f3n importante relacionada con la Certificaci\u00f3n PMI Agile Certified Practitioner (PMI-ACP\u00ae) del Project Management Institute (PMI\u00ae)<\/p>\n<p>La participaci\u00f3n en este curso le permite acumular horas de contacto para cumplir con el requerimiento de 21 horas de educaci\u00f3n en temas de pr\u00e1cticas \u00e1giles de Direcci\u00f3n de Proyectos.\u00a0\u00a0Para m\u00e1s informaci\u00f3n relacionada con la certificaci\u00f3n PMI-ACP, visite\u00a0<a href=\"http:\/\/www.pmi.org\/certificaction\/new-pmi-agile-certification.aspx\">http:\/\/www.pmi.org\/certificaction\/new-pmi-agile-certification.aspx<\/a><\/p>\n<p>Participando en este curso podr\u00e1 evidenciar 24 horas de contacto.<\/p>\n","protected":false},"excerpt":{"rendered":"<p>Los modelos de ciclos de vida \u00e1giles de proyectos han pasado de ser buscados solamente por los especialistas a ser buscados por la mayor\u00eda. Organizaciones grandes y peque\u00f1as en todo el mundo est\u00e1n usando estas nuevas metodolog\u00edas. Debido a que m\u00e1s personas est\u00e1n trabajando en proyectos \u00e1giles se ha hecho muy importante incrementar las capacidades [&hellip;]<\/p>\n","protected":false},"featured_media":7570,"template":"","meta":[],"product_brand":[],"product_cat":[71],"product_tag":[72],"class_list":{"0":"post-7559","1":"product","2":"type-product","3":"status-publish","4":"has-post-thumbnail","6":"product_cat-pmi","7":"product_tag-virtual-en-vivo","9":"first","10":"instock","11":"sale","12":"virtual","13":"taxable","14":"purchasable","15":"product-type-simple"},"_links":{"self":[{"href":"https:\/\/proyectum.com\/ec\/wp-json\/wp\/v2\/product\/7559"}],"collection":[{"href":"https:\/\/proyectum.com\/ec\/wp-json\/wp\/v2\/product"}],"about":[{"href":"https:\/\/proyectum.com\/ec\/wp-json\/wp\/v2\/types\/product"}],"wp:featuredmedia":[{"embeddable":true,"href":"https:\/\/proyectum.com\/ec\/wp-json\/wp\/v2\/media\/7570"}],"wp:attachment":[{"href":"https:\/\/proyectum.com\/ec\/wp-json\/wp\/v2\/media?parent=7559"}],"wp:term":[{"taxonomy":"product_brand","embeddable":true,"href":"https:\/\/proyectum.com\/ec\/wp-json\/wp\/v2\/product_brand?post=7559"},{"taxonomy":"product_cat","embeddable":true,"href":"https:\/\/proyectum.com\/ec\/wp-json\/wp\/v2\/product_cat?post=7559"},{"taxonomy":"product_tag","embeddable":true,"href":"https:\/\/proyectum.com\/ec\/wp-json\/wp\/v2\/product_tag?post=7559"}],"curies":[{"name":"wp","href":"https:\/\/api.w.org\/{rel}","templated":true}]}}